{"id":226109,"date":"2024-12-19T02:18:34","date_gmt":"2024-12-19T01:18:34","guid":{"rendered":"https:\/\/www.csj-emballages.com\/produit\/fluessiges-aroma-erdbeere-50-ml\/"},"modified":"2026-03-12T16:05:28","modified_gmt":"2026-03-12T15:05:28","slug":"fluessiges-aroma-erdbeere-50-ml","status":"publish","type":"product","link":"https:\/\/www.csj-emballages.com\/de\/produit\/fluessiges-aroma-erdbeere-50-ml\/","title":{"rendered":"Fl\u00fcssiges Aroma Erdbeere 50 ml"},"content":{"rendered":"<h2>Fl\u00fcssiges Aroma<\/h2>\n<hr>\n<h3>Beschreibung von unserem fl\u00fcssigen Aroma Erdbeere 50 ml<\/h3>\n<p><!--more--><\/p>\n<p>Entdecken Sie unser <strong>fl\u00fcssiges<\/strong> <strong>Erdbeeraroma<\/strong>, das entwickelt wurde, um Ihren kulinarischen Kreationen einen fruchtigen und authentischen Geschmack zu verleihen. Mit seinem milden und ausgewogenen Geschmack ist dieses Aroma ideal, um Ihre Desserts, Getr\u00e4nke und Backwaren zu verfeinern. Die Gr\u00f6\u00dfe von <strong>50 ml<\/strong> ist sowohl praktisch als auch sparsam, perfekt f\u00fcr den t\u00e4glichen Gebrauch zu Hause oder in der professionellen K\u00fcche. Die Verwendung dieses <strong>Erdbeeraromas<\/strong> ist verbl\u00fcffend einfach. Ein paar Tropfen gen\u00fcgen, um Ihre Gerichte zu aromatisieren und ihnen eine k\u00f6stliche Note zu verleihen. Geben Sie es zu Eiscreme, Milchshake oder Kuchen, um den Geschmack zu verst\u00e4rken. Er eignet sich sowohl f\u00fcr s\u00fc\u00dfe Rezepte als auch f\u00fcr ausgefallenere Kreationen, wie z. B. leicht ges\u00fc\u00dfte Saucen zu herzhaften Gerichten. Seine einfache und pr\u00e4zise Dosierung garantiert stets ein perfektes Ergebnis, ohne dass etwas verschwendet wird.       <\/p>\n<p>&nbsp;<\/p>\n<p><!--more--><\/p>\n<h4>Ein vielseitiges Aroma<\/h4>\n<p>Dar\u00fcber hinaus zeichnet sich dieses <strong>fl\u00fcssige<\/strong> <strong>Erdbeeraroma<\/strong> durch seine Vielseitigkeit aus. Sie k\u00f6nnen es in selbstgemachten Joghurts, Smoothies oder Mousses verwenden. Ob f\u00fcr besondere Anl\u00e4sse oder zur Verfeinerung Ihrer allt\u00e4glichen Gerichte, mit diesem Aroma k\u00f6nnen Sie ganz einfach eine fruchtig-frische Note hinzuf\u00fcgen. Es f\u00fcgt sich perfekt in die Zubereitungen ein, ohne deren Textur oder Farbe zu ver\u00e4ndern, und bietet dabei einen Geschmack, der an den Genuss frisch gepfl\u00fcckter Erdbeeren erinnert. Dank der luftdichten Flasche ist das <strong>Erdbeeraroma<\/strong> auch leicht zu lagern. Verschlie\u00dfen Sie ihn nach jedem Gebrauch, um seine Frische und Intensit\u00e4t f\u00fcr mehrere Monate zu erhalten. So k\u00f6nnen Sie es langfristig genie\u00dfen und haben immer ein gebrauchsfertiges Produkt zur Hand, mit dem Sie Ihre Lieblingsrezepte verfeinern k\u00f6nnen.      <\/p>\n<h3><\/h3>\n<p><!--more--><\/p>\n<h4>Ein Erdbeergeschmack f\u00fcr alle Ihre W\u00fcnsche<\/h4>\n<p>Das<strong>Erdbeeraroma<\/strong> harmoniert erstaunlich gut mit anderen Zutaten wie Schokolade, Vanille oder sogar einigen Gew\u00fcrzen, was es zu einem vielseitigen und originellen Produkt macht. Dieses <strong>fl\u00fcssige Aroma<\/strong> zeichnet sich auch durch sein hervorragendes Preis-Leistungs-Verh\u00e4ltnis aus. Eine kleine Menge reicht aus, um eine gro\u00dfe Menge an Zubereitungen zu aromatisieren, was es zu einer kosteng\u00fcnstigen Option f\u00fcr Hobby- und Profik\u00f6che macht. Die kompakte Flasche ist leicht zu handhaben und zu verstauen, sodass Sie es immer zur Hand haben, ohne Ihre Schr\u00e4nke zu verstopfen.   <\/p>\n<p>Zusammenfassend l\u00e4sst sich sagen, dass das<strong>fl\u00fcssige Erdbeeraroma<\/strong> ein einfaches, praktisches und \u00e4u\u00dferst vielseitiges Produkt ist. Mit ihm k\u00f6nnen Sie einer Vielzahl von Rezepten eine fruchtige und nat\u00fcrliche Note verleihen, egal ob Sie klassische Desserts oder kreativere Gerichte zubereiten. Mit seiner <strong>50-ml-Flasche<\/strong> ist es einfach zu verwenden und aufzubewahren und garantiert Ihnen bei jeder Verwendung einen frischen und delikaten Geschmack. Probieren Sie dieses <strong>Erdbeeraroma<\/strong> jetzt aus und lassen Sie Ihrer kulinarischen Fantasie freien Lauf.   <\/p>\n<p>&nbsp;<\/p>\n<p><!--more--><\/p>\n<p>Testen Sie dieses <strong>Erdbeeraroma<\/strong> noch heute und geben Sie Ihren allt\u00e4glichen Rezepten eine neue Dimension<\/p>\n<p>&nbsp;<\/p>\n<p><!--more--><\/p>\n<h4>Seine Vorteile :<\/h4>\n<ul>\n<li><strong>Authentischer Geschmack<\/strong>: Gibt den s\u00fc\u00dfen, duftenden Geschmack der Erdbeere originalgetreu wieder.<\/li>\n<li><strong>Einfach zu dosieren<\/strong>: Ein paar Tropfen reichen aus, um Ihre Zubereitungen nicht \u00fcberm\u00e4\u00dfig zu parf\u00fcmieren.<\/li>\n<li><strong>Vielseitig<\/strong>: Eignet sich sowohl f\u00fcr Desserts als auch f\u00fcr Getr\u00e4nke und gewagte herzhafte Rezepte.<\/li>\n<li><strong>Optimierte Haltbarkeit<\/strong>: Luftdichte Flasche, um die Frische und die Intensit\u00e4t des Aromas zu bewahren.<\/li>\n<\/ul>\n<p>&nbsp;<\/p>\n<p><!--more--><\/p>\n<h4>Weitere Informationen :<\/h4>\n<ul>\n<li><b>H\u00f6he: <\/b>115 mm<\/li>\n<li><strong>Verpackung<\/strong>: Einzeln<\/li>\n<li><strong>Volumen<\/strong>: 50 ml<\/li>\n<li><b>Geschmack: <\/b>Erdbeere<\/li>\n<li><strong>Dosierung<\/strong>: 4g\/kg<\/li>\n<\/ul>\n<p>&nbsp;<\/p>\n<p><!--more--><\/p>\n<h4>Zusammensetzung :<\/h4>\n<ul>\n<li><strong>Zuckersirup<\/strong> \/ <strong>Wasser<\/strong> \/ <strong>Erdbeeraroma<\/strong><\/li>\n<\/ul>\n<p>&nbsp;<\/p>\n<p><!--more--><\/p>\n<p>Produkt in verschiedenen Aromen erh\u00e4ltlich : <span style=\"color: #d12727;\"><a style=\"color: #d12727;\" href=\"https:\/\/www.csj-emballages.com\/es\/produit\/aroma-liquido-de-azahar-1-litro\/\">Orangenbl\u00fcte<\/a><\/span> \/ <span style=\"color: #d12727;\"><a style=\"color: #d12727;\" href=\"https:\/\/www.csj-emballages.com\/es\/produit\/pistacho-aroma-liquido-50-ml\/\">Pistazie<\/a><\/span> \/ <span style=\"color: #d12727;\"><a style=\"color: #d12727;\" href=\"https:\/\/www.csj-emballages.com\/es\/produit\/aroma-de-cacao-liquido-50-ml\/\">Kakao<\/a><\/span> \/ <span style=\"color: #d12727;\"><a style=\"color: #d12727;\" href=\"https:\/\/www.csj-emballages.com\/es\/produit\/liquido-sabor-limon-50-ml\/\">Zitrone<\/a><\/span> \/ <span style=\"color: #d12727;\"><a style=\"color: #d12727;\" href=\"https:\/\/www.csj-emballages.com\/es\/produit\/aroma-liquido-de-vainilla-50-ml\/\">Vanille<\/a><\/span> \/ <span style=\"color: #d12727;\"><a style=\"color: #d12727;\" href=\"https:\/\/www.csj-emballages.com\/es\/produit\/liquido-sabor-almendra-amarga-50-ml\/\">Bittere Mandel<\/a><\/span><\/p>\n<p>&nbsp;<\/p>\n<p><!--more--><\/p>\n<p><a href=\"https:\/\/www.csj-emballages.com\/de\/categorie-produit\/lebensmittel\/konditorei\/aromen\/\">Entdecken Sie den Rest unseres Sortiments an Aromen<\/a><\/p>\n","protected":false},"excerpt":{"rendered":"<p>Fl\u00fcssiges Aroma Beschreibung von unserem fl\u00fcssigen Aroma Erdbeere 50 ml<\/p>\n","protected":false},"featured_media":219204,"template":"","meta":{"_acf_changed":false},"product_brand":[],"product_cat":[1144,9215,9230],"product_tag":[],"class_list":{"0":"post-226109","1":"product","2":"type-product","3":"status-publish","4":"has-post-thumbnail","6":"product_cat-lebensmittel","7":"product_cat-konditorei","8":"product_cat-aromen","10":"first","11":"instock","12":"taxable","13":"shipping-taxable","14":"purchasable","15":"product-type-simple"},"acf":[],"yoast_head":"<!-- This site is optimized with the Yoast SEO Premium plugin v26.6 (Yoast SEO v26.6) - https:\/\/yoast.com\/wordpress\/plugins\/seo\/ -->\n<title>Fl\u00fcssiges Aroma Erdbeere - 50 ml<\/title>\n<meta name=\"description\" content=\"Entdecken Sie das fl\u00fcssige Aroma Erdbeere 50 ml: ein nat\u00fcrlicher und vielseitiger Geschmack, um Ihre s\u00fc\u00dfen oder herzhaften Rezepte zu verfeinern. Praktisches Format und einfach zu dosieren\" \/>\n<meta name=\"robots\" content=\"index, follow, max-snippet:-1, max-image-preview:large, max-video-preview:-1\" \/>\n<link rel=\"canonical\" href=\"https:\/\/www.csj-emballages.com\/de\/produit\/fluessiges-aroma-erdbeere-50-ml\/\" \/>\n<meta property=\"og:locale\" content=\"de_DE\" \/>\n<meta property=\"og:type\" content=\"article\" \/>\n<meta property=\"og:title\" content=\"Fl\u00fcssiges Aroma Erdbeere 50 ml\" \/>\n<meta property=\"og:description\" content=\"Entdecken Sie das fl\u00fcssige Aroma Erdbeere 50 ml: ein nat\u00fcrlicher und vielseitiger Geschmack, um Ihre s\u00fc\u00dfen oder herzhaften Rezepte zu verfeinern. Praktisches Format und einfach zu dosieren\" \/>\n<meta property=\"og:url\" content=\"https:\/\/www.csj-emballages.com\/de\/produit\/fluessiges-aroma-erdbeere-50-ml\/\" \/>\n<meta property=\"og:site_name\" content=\"CSJ Emballages\" \/>\n<meta property=\"article:publisher\" content=\"https:\/\/www.facebook.com\/csjemballages\" \/>\n<meta property=\"article:modified_time\" content=\"2026-03-12T15:05:28+00:00\" \/>\n<meta property=\"og:image\" content=\"https:\/\/www.csj-emballages.com\/wp-content\/uploads\/2024\/12\/Arome-fraise.webp\" \/>\n\t<meta property=\"og:image:width\" content=\"800\" \/>\n\t<meta property=\"og:image:height\" content=\"801\" \/>\n\t<meta property=\"og:image:type\" content=\"image\/webp\" \/>\n<meta name=\"twitter:card\" content=\"summary_large_image\" \/>\n<meta name=\"twitter:label1\" content=\"Gesch\u00e4tzte Lesezeit\" \/>\n\t<meta name=\"twitter:data1\" content=\"3 Minuten\" \/>\n<script type=\"application\/ld+json\" class=\"yoast-schema-graph\">{\"@context\":\"https:\/\/schema.org\",\"@graph\":[{\"@type\":\"WebPage\",\"@id\":\"https:\/\/www.csj-emballages.com\/de\/produit\/fluessiges-aroma-erdbeere-50-ml\/\",\"url\":\"https:\/\/www.csj-emballages.com\/de\/produit\/fluessiges-aroma-erdbeere-50-ml\/\",\"name\":\"Fl\u00fcssiges Aroma Erdbeere - 50 ml\",\"isPartOf\":{\"@id\":\"https:\/\/www.csj-emballages.com\/de\/#website\"},\"primaryImageOfPage\":{\"@id\":\"https:\/\/www.csj-emballages.com\/de\/produit\/fluessiges-aroma-erdbeere-50-ml\/#primaryimage\"},\"image\":{\"@id\":\"https:\/\/www.csj-emballages.com\/de\/produit\/fluessiges-aroma-erdbeere-50-ml\/#primaryimage\"},\"thumbnailUrl\":\"https:\/\/www.csj-emballages.com\/wp-content\/uploads\/2024\/12\/Arome-fraise.webp\",\"datePublished\":\"2024-12-19T01:18:34+00:00\",\"dateModified\":\"2026-03-12T15:05:28+00:00\",\"description\":\"Entdecken Sie das fl\u00fcssige Aroma Erdbeere 50 ml: ein nat\u00fcrlicher und vielseitiger Geschmack, um Ihre s\u00fc\u00dfen oder herzhaften Rezepte zu verfeinern. Praktisches Format und einfach zu dosieren\",\"breadcrumb\":{\"@id\":\"https:\/\/www.csj-emballages.com\/de\/produit\/fluessiges-aroma-erdbeere-50-ml\/#breadcrumb\"},\"inLanguage\":\"de\",\"potentialAction\":[{\"@type\":\"ReadAction\",\"target\":[\"https:\/\/www.csj-emballages.com\/de\/produit\/fluessiges-aroma-erdbeere-50-ml\/\"]}]},{\"@type\":\"ImageObject\",\"inLanguage\":\"de\",\"@id\":\"https:\/\/www.csj-emballages.com\/de\/produit\/fluessiges-aroma-erdbeere-50-ml\/#primaryimage\",\"url\":\"https:\/\/www.csj-emballages.com\/wp-content\/uploads\/2024\/12\/Arome-fraise.webp\",\"contentUrl\":\"https:\/\/www.csj-emballages.com\/wp-content\/uploads\/2024\/12\/Arome-fraise.webp\",\"width\":800,\"height\":801,\"caption\":\"Ar\u00f4me liquide fraise\"},{\"@type\":\"BreadcrumbList\",\"@id\":\"https:\/\/www.csj-emballages.com\/de\/produit\/fluessiges-aroma-erdbeere-50-ml\/#breadcrumb\",\"itemListElement\":[{\"@type\":\"ListItem\",\"position\":1,\"name\":\"Accueil\",\"item\":\"https:\/\/www.csj-emballages.com\/de\/universum-lebensmittelverpackungen\/\"},{\"@type\":\"ListItem\",\"position\":2,\"name\":\"Shop\",\"item\":\"https:\/\/www.csj-emballages.com\/shop\/\"},{\"@type\":\"ListItem\",\"position\":3,\"name\":\"Fl\u00fcssiges Aroma Erdbeere 50 ml\"}]},{\"@type\":\"WebSite\",\"@id\":\"https:\/\/www.csj-emballages.com\/de\/#website\",\"url\":\"https:\/\/www.csj-emballages.com\/de\/\",\"name\":\"CSJ Emballages\",\"description\":\"\",\"publisher\":{\"@id\":\"https:\/\/www.csj-emballages.com\/de\/#organization\"},\"potentialAction\":[{\"@type\":\"SearchAction\",\"target\":{\"@type\":\"EntryPoint\",\"urlTemplate\":\"https:\/\/www.csj-emballages.com\/de\/?s={search_term_string}\"},\"query-input\":{\"@type\":\"PropertyValueSpecification\",\"valueRequired\":true,\"valueName\":\"search_term_string\"}}],\"inLanguage\":\"de\"},{\"@type\":\"Organization\",\"@id\":\"https:\/\/www.csj-emballages.com\/de\/#Organization\/\",\"name\":\"CSJ Emballages\",\"url\":\"https:\/\/www.csj-emballages.com\/de\/\",\"logo\":{\"@type\":\"ImageObject\",\"inLanguage\":\"de\",\"@id\":\"https:\/\/www.csj-emballages.com\/de\/#\/schema\/logo\/image\/\",\"url\":\"https:\/\/www.csj-emballages.com\/wp-content\/uploads\/2023\/10\/logo_csj.webp\",\"contentUrl\":\"https:\/\/www.csj-emballages.com\/wp-content\/uploads\/2023\/10\/logo_csj.webp\",\"width\":250,\"height\":95,\"caption\":\"CSJ Emballages\"},\"image\":{\"@id\":\"https:\/\/www.csj-emballages.com\/de\/#\/schema\/logo\/image\/\"},\"sameAs\":[\"https:\/\/www.facebook.com\/csjemballages\"],\"address\":{\"@type\":\"PostalAddress\",\"streetAddress\":\"ZI La Lechere\",\"addressLocality\":\"Patornay\",\"postalCode\":\"39130\",\"addressCountry\":\"FR\"},\"contactPoint\":[{\"@type\":\"ContactPoint\",\"contactType\":\"Service client\",\"telephone\":\"0384254272\",\"email\":\"contact@csj-emballages.com\"}]}]}<\/script>\n<!-- \/ Yoast SEO Premium plugin. -->","yoast_head_json":{"title":"Fl\u00fcssiges Aroma Erdbeere - 50 ml","description":"Entdecken Sie das fl\u00fcssige Aroma Erdbeere 50 ml: ein nat\u00fcrlicher und vielseitiger Geschmack, um Ihre s\u00fc\u00dfen oder herzhaften Rezepte zu verfeinern. Praktisches Format und einfach zu dosieren","robots":{"index":"index","follow":"follow","max-snippet":"max-snippet:-1","max-image-preview":"max-image-preview:large","max-video-preview":"max-video-preview:-1"},"canonical":"https:\/\/www.csj-emballages.com\/de\/produit\/fluessiges-aroma-erdbeere-50-ml\/","og_locale":"de_DE","og_type":"article","og_title":"Fl\u00fcssiges Aroma Erdbeere 50 ml","og_description":"Entdecken Sie das fl\u00fcssige Aroma Erdbeere 50 ml: ein nat\u00fcrlicher und vielseitiger Geschmack, um Ihre s\u00fc\u00dfen oder herzhaften Rezepte zu verfeinern. Praktisches Format und einfach zu dosieren","og_url":"https:\/\/www.csj-emballages.com\/de\/produit\/fluessiges-aroma-erdbeere-50-ml\/","og_site_name":"CSJ Emballages","article_publisher":"https:\/\/www.facebook.com\/csjemballages","article_modified_time":"2026-03-12T15:05:28+00:00","og_image":[{"width":800,"height":801,"url":"https:\/\/www.csj-emballages.com\/wp-content\/uploads\/2024\/12\/Arome-fraise.webp","type":"image\/webp"}],"twitter_card":"summary_large_image","twitter_misc":{"Gesch\u00e4tzte Lesezeit":"3 Minuten"},"schema":{"@context":"https:\/\/schema.org","@graph":[{"@type":"WebPage","@id":"https:\/\/www.csj-emballages.com\/de\/produit\/fluessiges-aroma-erdbeere-50-ml\/","url":"https:\/\/www.csj-emballages.com\/de\/produit\/fluessiges-aroma-erdbeere-50-ml\/","name":"Fl\u00fcssiges Aroma Erdbeere - 50 ml","isPartOf":{"@id":"https:\/\/www.csj-emballages.com\/de\/#website"},"primaryImageOfPage":{"@id":"https:\/\/www.csj-emballages.com\/de\/produit\/fluessiges-aroma-erdbeere-50-ml\/#primaryimage"},"image":{"@id":"https:\/\/www.csj-emballages.com\/de\/produit\/fluessiges-aroma-erdbeere-50-ml\/#primaryimage"},"thumbnailUrl":"https:\/\/www.csj-emballages.com\/wp-content\/uploads\/2024\/12\/Arome-fraise.webp","datePublished":"2024-12-19T01:18:34+00:00","dateModified":"2026-03-12T15:05:28+00:00","description":"Entdecken Sie das fl\u00fcssige Aroma Erdbeere 50 ml: ein nat\u00fcrlicher und vielseitiger Geschmack, um Ihre s\u00fc\u00dfen oder herzhaften Rezepte zu verfeinern. Praktisches Format und einfach zu dosieren","breadcrumb":{"@id":"https:\/\/www.csj-emballages.com\/de\/produit\/fluessiges-aroma-erdbeere-50-ml\/#breadcrumb"},"inLanguage":"de","potentialAction":[{"@type":"ReadAction","target":["https:\/\/www.csj-emballages.com\/de\/produit\/fluessiges-aroma-erdbeere-50-ml\/"]}]},{"@type":"ImageObject","inLanguage":"de","@id":"https:\/\/www.csj-emballages.com\/de\/produit\/fluessiges-aroma-erdbeere-50-ml\/#primaryimage","url":"https:\/\/www.csj-emballages.com\/wp-content\/uploads\/2024\/12\/Arome-fraise.webp","contentUrl":"https:\/\/www.csj-emballages.com\/wp-content\/uploads\/2024\/12\/Arome-fraise.webp","width":800,"height":801,"caption":"Ar\u00f4me liquide fraise"},{"@type":"BreadcrumbList","@id":"https:\/\/www.csj-emballages.com\/de\/produit\/fluessiges-aroma-erdbeere-50-ml\/#breadcrumb","itemListElement":[{"@type":"ListItem","position":1,"name":"Accueil","item":"https:\/\/www.csj-emballages.com\/de\/universum-lebensmittelverpackungen\/"},{"@type":"ListItem","position":2,"name":"Shop","item":"https:\/\/www.csj-emballages.com\/shop\/"},{"@type":"ListItem","position":3,"name":"Fl\u00fcssiges Aroma Erdbeere 50 ml"}]},{"@type":"WebSite","@id":"https:\/\/www.csj-emballages.com\/de\/#website","url":"https:\/\/www.csj-emballages.com\/de\/","name":"CSJ Emballages","description":"","publisher":{"@id":"https:\/\/www.csj-emballages.com\/de\/#organization"},"potentialAction":[{"@type":"SearchAction","target":{"@type":"EntryPoint","urlTemplate":"https:\/\/www.csj-emballages.com\/de\/?s={search_term_string}"},"query-input":{"@type":"PropertyValueSpecification","valueRequired":true,"valueName":"search_term_string"}}],"inLanguage":"de"},{"@type":"Organization","@id":"https:\/\/www.csj-emballages.com\/de\/#Organization\/","name":"CSJ Emballages","url":"https:\/\/www.csj-emballages.com\/de\/","logo":{"@type":"ImageObject","inLanguage":"de","@id":"https:\/\/www.csj-emballages.com\/de\/#\/schema\/logo\/image\/","url":"https:\/\/www.csj-emballages.com\/wp-content\/uploads\/2023\/10\/logo_csj.webp","contentUrl":"https:\/\/www.csj-emballages.com\/wp-content\/uploads\/2023\/10\/logo_csj.webp","width":250,"height":95,"caption":"CSJ Emballages"},"image":{"@id":"https:\/\/www.csj-emballages.com\/de\/#\/schema\/logo\/image\/"},"sameAs":["https:\/\/www.facebook.com\/csjemballages"],"address":{"@type":"PostalAddress","streetAddress":"ZI La Lechere","addressLocality":"Patornay","postalCode":"39130","addressCountry":"FR"},"contactPoint":[{"@type":"ContactPoint","contactType":"Service client","telephone":"0384254272","email":"contact@csj-emballages.com"}]}]}},"df_price":2.43,"df_sale_price":"","df_regular_price":2.43,"df_image_link":"https:\/\/www.csj-emballages.com\/wp-content\/uploads\/2024\/12\/Arome-fraise-300x300.webp","tiered_pricing_type":"fixed","tiered_pricing_fixed_rules":[],"tiered_pricing_percentage_rules":[],"tiered_pricing_minimum":1,"tiered_pricing_roles_data":[],"_links":{"self":[{"href":"https:\/\/www.csj-emballages.com\/de\/wp-json\/wp\/v2\/product\/226109","targetHints":{"allow":["GET"]}}],"collection":[{"href":"https:\/\/www.csj-emballages.com\/de\/wp-json\/wp\/v2\/product"}],"about":[{"href":"https:\/\/www.csj-emballages.com\/de\/wp-json\/wp\/v2\/types\/product"}],"wp:featuredmedia":[{"embeddable":true,"href":"https:\/\/www.csj-emballages.com\/de\/wp-json\/wp\/v2\/media\/219204"}],"wp:attachment":[{"href":"https:\/\/www.csj-emballages.com\/de\/wp-json\/wp\/v2\/media?parent=226109"}],"wp:term":[{"taxonomy":"product_brand","embeddable":true,"href":"https:\/\/www.csj-emballages.com\/de\/wp-json\/wp\/v2\/product_brand?post=226109"},{"taxonomy":"product_cat","embeddable":true,"href":"https:\/\/www.csj-emballages.com\/de\/wp-json\/wp\/v2\/product_cat?post=226109"},{"taxonomy":"product_tag","embeddable":true,"href":"https:\/\/www.csj-emballages.com\/de\/wp-json\/wp\/v2\/product_tag?post=226109"}],"curies":[{"name":"wp","href":"https:\/\/api.w.org\/{rel}","templated":true}]}}