{"id":226102,"date":"2025-01-21T17:11:56","date_gmt":"2025-01-21T16:11:56","guid":{"rendered":"https:\/\/www.csj-emballages.com\/produit\/schale-petits-fours-gold-schwarz-120-x-190-x-35-mm-pro-50\/"},"modified":"2026-04-29T02:11:36","modified_gmt":"2026-04-29T00:11:36","slug":"schale-petits-fours-gold-schwarz-120-x-190-x-35-mm-pro-50","status":"publish","type":"product","link":"https:\/\/www.csj-emballages.com\/de\/produit\/schale-petits-fours-gold-schwarz-120-x-190-x-35-mm-pro-50\/","title":{"rendered":"Schale Petits Fours gold\/schwarz 120 x 190 x 35 mm pro 50"},"content":{"rendered":"<h2>Schale f\u00fcr Petit Fours<\/h2>\n<div style=\"text-align: center;\">\n<hr>\n<h3 style=\"text-align: left;\">Beschreibung der Schale Petits Fours gold\/schwarz 120 x 190 x 35 mm pro 50 St\u00fcck<\/h3>\n<p style=\"text-align: left;\"><!--more--><\/p>\n<p style=\"text-align: left;\" data-start=\"162\" data-end=\"543\">Die <strong data-start=\"165\" data-end=\"223\">Schale Petits Fours gold\/schwarz 120 x 190 x 35 mm \u00e0 50 St\u00fcck<\/strong> ist ein unverzichtbares Accessoire f\u00fcr Caterer, Konditoren, B\u00e4cker und Organisatoren von Empf\u00e4ngen, die ihre Kreationen aufwerten m\u00f6chten. Denn diese <strong>Schale<\/strong> r\u00fcckt Ihre s\u00fc\u00dfen und herzhaften Leckereien ins rechte Licht und sorgt gleichzeitig f\u00fcr eine gepflegte und professionelle Pr\u00e4sentation. Ihr Format von <strong>120 x 190 x 35 mm<\/strong> ist ideal, um einige St\u00fccke Petits Fours, Mignardises, Amuse-Bouches oder auch Pralinen anzuordnen. Die Farben <strong data-start=\"694\" data-end=\"702\">Gold und Schwarz<\/strong> veredeln Ihre Zubereitungen sofort, indem sie das Licht reflektieren und ihr raffiniertes Aussehen verst\u00e4rken.   <\/p>\n<p style=\"text-align: left;\" data-start=\"545\" data-end=\"947\">Diese <strong data-start=\"71\" data-end=\"105\">gold\/schwarze Petits Fours-Schale<\/strong> ist <strong data-start=\"110\" data-end=\"124\">beidseitig ver<\/strong>wendbar, sodass Sie je nach Wunsch und Pr\u00e4sentation zwischen einer eleganten schwarzen oder einer strahlend goldenen Seite w\u00e4hlen k\u00f6nnen.<\/p>\n<p style=\"text-align: left;\" data-start=\"545\" data-end=\"947\">Die <strong>Schale<\/strong> sieht nicht nur gut aus, sondern ist auch stabil und praktisch. Das hohe Fl\u00e4chengewicht sorgt daf\u00fcr, dass die Schalen auch bei festeren Zubereitungen gut halten, sodass sie sich sowohl f\u00fcr herzhafte als auch f\u00fcr s\u00fc\u00dfe Speisen eignen. In Packungen mit <strong data-start=\"1218\" data-end=\"1235\">50 Schalen<\/strong> verpackt, entspricht sie den Bed\u00fcrfnissen von Profis, die regelm\u00e4\u00dfig Veranstaltungen oder Take-away-Verk\u00e4ufe organisieren. Die leicht zu lagernden und zu handhabenden <strong>Schalen<\/strong> sind auch bei Privatpersonen beliebt, die ihren hausgemachten Buffets oder Familienfeiern einen hochwertigen Touch verleihen m\u00f6chten. Ihr schickes und vielseitiges Design l\u00e4sst Ihre Zubereitungen gut zur Geltung kommen und ist gleichzeitig zug\u00e4nglich und praktisch im Gebrauch.    <\/p>\n<p style=\"text-align: left;\" data-start=\"1677\" data-end=\"1864\">Zusammenfassend l\u00e4sst sich sagen, dass Sie mit der <strong data-start=\"1685\" data-end=\"1736\">Schale Petits Fours gold\/schwarz 120 x 190 x 35 mm<\/strong> sicher sein k\u00f6nnen, \u00c4sthetik, Funktionalit\u00e4t und Qualit\u00e4t zu kombinieren, um stets makellose und erfolgreiche Pr\u00e4sentationen zu gew\u00e4hrleisten.<\/p>\n<p>&nbsp;<\/p>\n<p style=\"text-align: left;\"><!--more--><\/p>\n<h4 style=\"text-align: left;\"><strong>Vorteile :<\/strong><\/h4>\n<ul>\n<li style=\"text-align: left;\" data-start=\"481\" data-end=\"578\"><strong data-start=\"1779\" data-end=\"1804\">Elegante Pr\u00e4sentation<\/strong> dank des Gold-\/Schwarzkontrasts.<\/li>\n<li style=\"text-align: left;\" data-start=\"579\" data-end=\"680\"><strong data-start=\"1837\" data-end=\"1856\">Praktisches Format<\/strong> (120 x 190 x 35 mm), ideal f\u00fcr Petit Fours und Mignardises.<\/li>\n<li style=\"text-align: left;\" data-start=\"681\" data-end=\"761\"><strong data-start=\"683\" data-end=\"705\">Sicherer Transport<\/strong>: Starre R\u00e4nder f\u00fcr einen guten Halt der Produkte.<\/li>\n<li style=\"text-align: left;\" data-start=\"762\" data-end=\"860\"><strong data-start=\"764\" data-end=\"784\">Vielseitiger Einsatz<\/strong>: Geeignet f\u00fcr Veranstaltungen, Buffets, Empf\u00e4nge und Vitrinen.<\/li>\n<li style=\"text-align: left;\" data-start=\"861\" data-end=\"960\"><strong data-start=\"863\" data-end=\"893\">Wirtschaftliche Verpackung: Packung<\/strong> mit 50 St\u00fcck f\u00fcr den professionellen oder pers\u00f6nlichen Gebrauch.<\/li>\n<\/ul>\n<\/div>\n<p>&nbsp;<\/p>\n<p><!--more--><\/p>\n<h4>Weitere Informationen :<\/h4>\n<ul>\n<li><strong>Verpackung<\/strong>: Packung mit 50 St\u00fcck<\/li>\n<li><strong>Ma\u00dfe<\/strong>: 120 x 190 x 35 mm<\/li>\n<li><strong>Material<\/strong>: Karton<\/li>\n<li><strong>Farbe<\/strong>: Gold \/ Schwarz<\/li>\n<\/ul>\n<p>&nbsp;<\/p>\n<p><!--more--><\/p>\n<p>Produkt in verschiedenen Gr\u00f6\u00dfen erh\u00e4ltlich : <span style=\"color: #d12727;\"><a style=\"color: #d12727;\" href=\"https:\/\/www.csj-emballages.com\/de\/produit\/schale-petit-fours-gold-schwarz-90-x-130-x-35-mm-pro-50-stueck\/\">90 x 130 x 35 mm<\/a><\/span> \/ <span style=\"color: #d12727;\"><a style=\"color: #d12727;\" href=\"https:\/\/www.csj-emballages.com\/de\/produit\/schale-petits-fours-gold-schwarz-100-x-160-x-35-mm-pro-50-stueck\/\">100 x 160 x 35 mm<\/a><\/span><\/p>\n<p>&nbsp;<\/p>\n<p><!--more--><\/p>\n<p><a href=\"https:\/\/www.csj-emballages.com\/de\/categorie-produit\/lebensmittelverpackungen\/metzgerei-und-feinkostgeschaft\/tabletts\/catering-tabletts\/\">Sehen Sie sich den Rest unseres Angebots an Feinkostplatten an.<\/a><\/p>\n","protected":false},"excerpt":{"rendered":"<p>Schale f\u00fcr Petit Fours Beschreibung der Schale Petits Fours gold\/schwarz 120 x 190 x 35 mm pro 50 St\u00fcck<\/p>\n","protected":false},"featured_media":224772,"template":"","meta":{"_acf_changed":false},"product_brand":[],"product_cat":[1137,1170,1344,2826,1134,1347,2827],"product_tag":[],"class_list":{"0":"post-226102","1":"product","2":"type-product","3":"status-publish","4":"has-post-thumbnail","6":"product_cat-lebensmittelverpackungen","7":"product_cat-metzgerei-und-feinkostgeschaft","8":"product_cat-tabletts","9":"product_cat-catering-tabletts","10":"product_cat-restauration-de","11":"product_cat-tabletts-de","12":"product_cat-catering-tabletts-de","14":"first","15":"instock","16":"taxable","17":"shipping-taxable","18":"purchasable","19":"product-type-simple"},"acf":[],"yoast_head":"<!-- This site is optimized with the Yoast SEO Premium plugin v26.6 (Yoast SEO v26.6) - https:\/\/yoast.com\/wordpress\/plugins\/seo\/ -->\n<title>Schale Petits Fours Gold\/Schwarz 120 x 190 x 35 mm pro 50<\/title>\n<meta name=\"description\" content=\"Schale Petits Fours gold\/schwarz 120 x 190 x 35 mm - Veredeln Sie Ihre Patisserie und H\u00e4ppchen mit dieser eleganten Schale, die sich ideal f\u00fcr Catering und Privatpersonen eignet.\" \/>\n<meta name=\"robots\" content=\"index, follow, max-snippet:-1, max-image-preview:large, max-video-preview:-1\" \/>\n<link rel=\"canonical\" href=\"https:\/\/www.csj-emballages.com\/de\/produit\/schale-petits-fours-gold-schwarz-120-x-190-x-35-mm-pro-50\/\" \/>\n<meta property=\"og:locale\" content=\"de_DE\" \/>\n<meta property=\"og:type\" content=\"article\" \/>\n<meta property=\"og:title\" content=\"Schale Petits Fours gold\/schwarz 120 x 190 x 35 mm pro 50\" \/>\n<meta property=\"og:description\" content=\"Schale Petits Fours gold\/schwarz 120 x 190 x 35 mm - Veredeln Sie Ihre Patisserie und H\u00e4ppchen mit dieser eleganten Schale, die sich ideal f\u00fcr Catering und Privatpersonen eignet.\" \/>\n<meta property=\"og:url\" content=\"https:\/\/www.csj-emballages.com\/de\/produit\/schale-petits-fours-gold-schwarz-120-x-190-x-35-mm-pro-50\/\" \/>\n<meta property=\"og:site_name\" content=\"CSJ Emballages\" \/>\n<meta property=\"article:publisher\" content=\"https:\/\/www.facebook.com\/csjemballages\" \/>\n<meta property=\"article:modified_time\" content=\"2026-04-29T00:11:36+00:00\" \/>\n<meta property=\"og:image\" content=\"https:\/\/www.csj-emballages.com\/wp-content\/uploads\/2025\/01\/BARQ12x19.webp\" \/>\n\t<meta property=\"og:image:width\" content=\"800\" \/>\n\t<meta property=\"og:image:height\" content=\"800\" \/>\n\t<meta property=\"og:image:type\" content=\"image\/webp\" \/>\n<meta name=\"twitter:card\" content=\"summary_large_image\" \/>\n<meta name=\"twitter:label1\" content=\"Gesch\u00e4tzte Lesezeit\" \/>\n\t<meta name=\"twitter:data1\" content=\"2 Minuten\" \/>\n<script type=\"application\/ld+json\" class=\"yoast-schema-graph\">{\"@context\":\"https:\/\/schema.org\",\"@graph\":[{\"@type\":\"WebPage\",\"@id\":\"https:\/\/www.csj-emballages.com\/de\/produit\/schale-petits-fours-gold-schwarz-120-x-190-x-35-mm-pro-50\/\",\"url\":\"https:\/\/www.csj-emballages.com\/de\/produit\/schale-petits-fours-gold-schwarz-120-x-190-x-35-mm-pro-50\/\",\"name\":\"Schale Petits Fours Gold\/Schwarz 120 x 190 x 35 mm pro 50\",\"isPartOf\":{\"@id\":\"https:\/\/www.csj-emballages.com\/de\/#website\"},\"primaryImageOfPage\":{\"@id\":\"https:\/\/www.csj-emballages.com\/de\/produit\/schale-petits-fours-gold-schwarz-120-x-190-x-35-mm-pro-50\/#primaryimage\"},\"image\":{\"@id\":\"https:\/\/www.csj-emballages.com\/de\/produit\/schale-petits-fours-gold-schwarz-120-x-190-x-35-mm-pro-50\/#primaryimage\"},\"thumbnailUrl\":\"https:\/\/www.csj-emballages.com\/wp-content\/uploads\/2025\/01\/BARQ12x19.webp\",\"datePublished\":\"2025-01-21T16:11:56+00:00\",\"dateModified\":\"2026-04-29T00:11:36+00:00\",\"description\":\"Schale Petits Fours gold\/schwarz 120 x 190 x 35 mm - Veredeln Sie Ihre Patisserie und H\u00e4ppchen mit dieser eleganten Schale, die sich ideal f\u00fcr Catering und Privatpersonen eignet.\",\"breadcrumb\":{\"@id\":\"https:\/\/www.csj-emballages.com\/de\/produit\/schale-petits-fours-gold-schwarz-120-x-190-x-35-mm-pro-50\/#breadcrumb\"},\"inLanguage\":\"de\",\"potentialAction\":[{\"@type\":\"ReadAction\",\"target\":[\"https:\/\/www.csj-emballages.com\/de\/produit\/schale-petits-fours-gold-schwarz-120-x-190-x-35-mm-pro-50\/\"]}]},{\"@type\":\"ImageObject\",\"inLanguage\":\"de\",\"@id\":\"https:\/\/www.csj-emballages.com\/de\/produit\/schale-petits-fours-gold-schwarz-120-x-190-x-35-mm-pro-50\/#primaryimage\",\"url\":\"https:\/\/www.csj-emballages.com\/wp-content\/uploads\/2025\/01\/BARQ12x19.webp\",\"contentUrl\":\"https:\/\/www.csj-emballages.com\/wp-content\/uploads\/2025\/01\/BARQ12x19.webp\",\"width\":800,\"height\":800,\"caption\":\"Barquette petits fours\"},{\"@type\":\"BreadcrumbList\",\"@id\":\"https:\/\/www.csj-emballages.com\/de\/produit\/schale-petits-fours-gold-schwarz-120-x-190-x-35-mm-pro-50\/#breadcrumb\",\"itemListElement\":[{\"@type\":\"ListItem\",\"position\":1,\"name\":\"Accueil\",\"item\":\"https:\/\/www.csj-emballages.com\/de\/universum-lebensmittelverpackungen\/\"},{\"@type\":\"ListItem\",\"position\":2,\"name\":\"Shop\",\"item\":\"https:\/\/www.csj-emballages.com\/shop\/\"},{\"@type\":\"ListItem\",\"position\":3,\"name\":\"Schale Petits Fours gold\/schwarz 120 x 190 x 35 mm pro 50\"}]},{\"@type\":\"WebSite\",\"@id\":\"https:\/\/www.csj-emballages.com\/de\/#website\",\"url\":\"https:\/\/www.csj-emballages.com\/de\/\",\"name\":\"CSJ Emballages\",\"description\":\"\",\"publisher\":{\"@id\":\"https:\/\/www.csj-emballages.com\/de\/#organization\"},\"potentialAction\":[{\"@type\":\"SearchAction\",\"target\":{\"@type\":\"EntryPoint\",\"urlTemplate\":\"https:\/\/www.csj-emballages.com\/de\/?s={search_term_string}\"},\"query-input\":{\"@type\":\"PropertyValueSpecification\",\"valueRequired\":true,\"valueName\":\"search_term_string\"}}],\"inLanguage\":\"de\"},{\"@type\":\"Organization\",\"@id\":\"https:\/\/www.csj-emballages.com\/de\/#Organization\/\",\"name\":\"CSJ Emballages\",\"url\":\"https:\/\/www.csj-emballages.com\/de\/\",\"logo\":{\"@type\":\"ImageObject\",\"inLanguage\":\"de\",\"@id\":\"https:\/\/www.csj-emballages.com\/de\/#\/schema\/logo\/image\/\",\"url\":\"https:\/\/www.csj-emballages.com\/wp-content\/uploads\/2023\/10\/logo_csj.webp\",\"contentUrl\":\"https:\/\/www.csj-emballages.com\/wp-content\/uploads\/2023\/10\/logo_csj.webp\",\"width\":250,\"height\":95,\"caption\":\"CSJ Emballages\"},\"image\":{\"@id\":\"https:\/\/www.csj-emballages.com\/de\/#\/schema\/logo\/image\/\"},\"sameAs\":[\"https:\/\/www.facebook.com\/csjemballages\"],\"address\":{\"@type\":\"PostalAddress\",\"streetAddress\":\"ZI La Lechere\",\"addressLocality\":\"Patornay\",\"postalCode\":\"39130\",\"addressCountry\":\"FR\"},\"contactPoint\":[{\"@type\":\"ContactPoint\",\"contactType\":\"Service client\",\"telephone\":\"0384254272\",\"email\":\"contact@csj-emballages.com\"}]}]}<\/script>\n<!-- \/ Yoast SEO Premium plugin. -->","yoast_head_json":{"title":"Schale Petits Fours Gold\/Schwarz 120 x 190 x 35 mm pro 50","description":"Schale Petits Fours gold\/schwarz 120 x 190 x 35 mm - Veredeln Sie Ihre Patisserie und H\u00e4ppchen mit dieser eleganten Schale, die sich ideal f\u00fcr Catering und Privatpersonen eignet.","robots":{"index":"index","follow":"follow","max-snippet":"max-snippet:-1","max-image-preview":"max-image-preview:large","max-video-preview":"max-video-preview:-1"},"canonical":"https:\/\/www.csj-emballages.com\/de\/produit\/schale-petits-fours-gold-schwarz-120-x-190-x-35-mm-pro-50\/","og_locale":"de_DE","og_type":"article","og_title":"Schale Petits Fours gold\/schwarz 120 x 190 x 35 mm pro 50","og_description":"Schale Petits Fours gold\/schwarz 120 x 190 x 35 mm - Veredeln Sie Ihre Patisserie und H\u00e4ppchen mit dieser eleganten Schale, die sich ideal f\u00fcr Catering und Privatpersonen eignet.","og_url":"https:\/\/www.csj-emballages.com\/de\/produit\/schale-petits-fours-gold-schwarz-120-x-190-x-35-mm-pro-50\/","og_site_name":"CSJ Emballages","article_publisher":"https:\/\/www.facebook.com\/csjemballages","article_modified_time":"2026-04-29T00:11:36+00:00","og_image":[{"width":800,"height":800,"url":"https:\/\/www.csj-emballages.com\/wp-content\/uploads\/2025\/01\/BARQ12x19.webp","type":"image\/webp"}],"twitter_card":"summary_large_image","twitter_misc":{"Gesch\u00e4tzte Lesezeit":"2 Minuten"},"schema":{"@context":"https:\/\/schema.org","@graph":[{"@type":"WebPage","@id":"https:\/\/www.csj-emballages.com\/de\/produit\/schale-petits-fours-gold-schwarz-120-x-190-x-35-mm-pro-50\/","url":"https:\/\/www.csj-emballages.com\/de\/produit\/schale-petits-fours-gold-schwarz-120-x-190-x-35-mm-pro-50\/","name":"Schale Petits Fours Gold\/Schwarz 120 x 190 x 35 mm pro 50","isPartOf":{"@id":"https:\/\/www.csj-emballages.com\/de\/#website"},"primaryImageOfPage":{"@id":"https:\/\/www.csj-emballages.com\/de\/produit\/schale-petits-fours-gold-schwarz-120-x-190-x-35-mm-pro-50\/#primaryimage"},"image":{"@id":"https:\/\/www.csj-emballages.com\/de\/produit\/schale-petits-fours-gold-schwarz-120-x-190-x-35-mm-pro-50\/#primaryimage"},"thumbnailUrl":"https:\/\/www.csj-emballages.com\/wp-content\/uploads\/2025\/01\/BARQ12x19.webp","datePublished":"2025-01-21T16:11:56+00:00","dateModified":"2026-04-29T00:11:36+00:00","description":"Schale Petits Fours gold\/schwarz 120 x 190 x 35 mm - Veredeln Sie Ihre Patisserie und H\u00e4ppchen mit dieser eleganten Schale, die sich ideal f\u00fcr Catering und Privatpersonen eignet.","breadcrumb":{"@id":"https:\/\/www.csj-emballages.com\/de\/produit\/schale-petits-fours-gold-schwarz-120-x-190-x-35-mm-pro-50\/#breadcrumb"},"inLanguage":"de","potentialAction":[{"@type":"ReadAction","target":["https:\/\/www.csj-emballages.com\/de\/produit\/schale-petits-fours-gold-schwarz-120-x-190-x-35-mm-pro-50\/"]}]},{"@type":"ImageObject","inLanguage":"de","@id":"https:\/\/www.csj-emballages.com\/de\/produit\/schale-petits-fours-gold-schwarz-120-x-190-x-35-mm-pro-50\/#primaryimage","url":"https:\/\/www.csj-emballages.com\/wp-content\/uploads\/2025\/01\/BARQ12x19.webp","contentUrl":"https:\/\/www.csj-emballages.com\/wp-content\/uploads\/2025\/01\/BARQ12x19.webp","width":800,"height":800,"caption":"Barquette petits fours"},{"@type":"BreadcrumbList","@id":"https:\/\/www.csj-emballages.com\/de\/produit\/schale-petits-fours-gold-schwarz-120-x-190-x-35-mm-pro-50\/#breadcrumb","itemListElement":[{"@type":"ListItem","position":1,"name":"Accueil","item":"https:\/\/www.csj-emballages.com\/de\/universum-lebensmittelverpackungen\/"},{"@type":"ListItem","position":2,"name":"Shop","item":"https:\/\/www.csj-emballages.com\/shop\/"},{"@type":"ListItem","position":3,"name":"Schale Petits Fours gold\/schwarz 120 x 190 x 35 mm pro 50"}]},{"@type":"WebSite","@id":"https:\/\/www.csj-emballages.com\/de\/#website","url":"https:\/\/www.csj-emballages.com\/de\/","name":"CSJ Emballages","description":"","publisher":{"@id":"https:\/\/www.csj-emballages.com\/de\/#organization"},"potentialAction":[{"@type":"SearchAction","target":{"@type":"EntryPoint","urlTemplate":"https:\/\/www.csj-emballages.com\/de\/?s={search_term_string}"},"query-input":{"@type":"PropertyValueSpecification","valueRequired":true,"valueName":"search_term_string"}}],"inLanguage":"de"},{"@type":"Organization","@id":"https:\/\/www.csj-emballages.com\/de\/#Organization\/","name":"CSJ Emballages","url":"https:\/\/www.csj-emballages.com\/de\/","logo":{"@type":"ImageObject","inLanguage":"de","@id":"https:\/\/www.csj-emballages.com\/de\/#\/schema\/logo\/image\/","url":"https:\/\/www.csj-emballages.com\/wp-content\/uploads\/2023\/10\/logo_csj.webp","contentUrl":"https:\/\/www.csj-emballages.com\/wp-content\/uploads\/2023\/10\/logo_csj.webp","width":250,"height":95,"caption":"CSJ Emballages"},"image":{"@id":"https:\/\/www.csj-emballages.com\/de\/#\/schema\/logo\/image\/"},"sameAs":["https:\/\/www.facebook.com\/csjemballages"],"address":{"@type":"PostalAddress","streetAddress":"ZI La Lechere","addressLocality":"Patornay","postalCode":"39130","addressCountry":"FR"},"contactPoint":[{"@type":"ContactPoint","contactType":"Service client","telephone":"0384254272","email":"contact@csj-emballages.com"}]}]}},"df_price":9.78,"df_sale_price":"","df_regular_price":9.78,"df_image_link":"https:\/\/www.csj-emballages.com\/wp-content\/uploads\/2025\/01\/BARQ12x19-300x300.webp","tiered_pricing_type":"fixed","tiered_pricing_fixed_rules":[],"tiered_pricing_percentage_rules":[],"tiered_pricing_minimum":1,"tiered_pricing_roles_data":[],"_links":{"self":[{"href":"https:\/\/www.csj-emballages.com\/de\/wp-json\/wp\/v2\/product\/226102","targetHints":{"allow":["GET"]}}],"collection":[{"href":"https:\/\/www.csj-emballages.com\/de\/wp-json\/wp\/v2\/product"}],"about":[{"href":"https:\/\/www.csj-emballages.com\/de\/wp-json\/wp\/v2\/types\/product"}],"wp:featuredmedia":[{"embeddable":true,"href":"https:\/\/www.csj-emballages.com\/de\/wp-json\/wp\/v2\/media\/224772"}],"wp:attachment":[{"href":"https:\/\/www.csj-emballages.com\/de\/wp-json\/wp\/v2\/media?parent=226102"}],"wp:term":[{"taxonomy":"product_brand","embeddable":true,"href":"https:\/\/www.csj-emballages.com\/de\/wp-json\/wp\/v2\/product_brand?post=226102"},{"taxonomy":"product_cat","embeddable":true,"href":"https:\/\/www.csj-emballages.com\/de\/wp-json\/wp\/v2\/product_cat?post=226102"},{"taxonomy":"product_tag","embeddable":true,"href":"https:\/\/www.csj-emballages.com\/de\/wp-json\/wp\/v2\/product_tag?post=226102"}],"curies":[{"name":"wp","href":"https:\/\/api.w.org\/{rel}","templated":true}]}}