{"id":226098,"date":"2024-12-19T02:19:17","date_gmt":"2024-12-19T01:19:17","guid":{"rendered":"https:\/\/www.csj-emballages.com\/produit\/bourbon-vanilleschote-in-der-tube-pro-2\/"},"modified":"2026-03-18T02:10:21","modified_gmt":"2026-03-18T01:10:21","slug":"bourbon-vanilleschote-in-der-tube-pro-2","status":"publish","type":"product","link":"https:\/\/www.csj-emballages.com\/de\/produit\/bourbon-vanilleschote-in-der-tube-pro-2\/","title":{"rendered":"Bourbon-Vanilleschote in der Tube pro 2"},"content":{"rendered":"<h2>Vanilleschote<\/h2>\n<hr>\n<h3>Beschreibung unserer Bourbon-Vanilleschote in der Tube zu 2 St\u00fcck<\/h3>\n<p><!--more--><\/p>\n<p data-start=\"254\" data-end=\"639\">Wenn man von <strong>Vanille<\/strong> spricht, spricht man vor allem von Duft, Geduld und Genuss. Diese <strong data-start=\"343\" data-end=\"373\">Bourbon-Vanilleschoten<\/strong>, sorgf\u00e4ltig ausgew\u00e4hlt und <strong data-start=\"420\" data-end=\"442\">zu zweit in einem R\u00f6hrchen<\/strong> verpackt, verk\u00f6rpern genau das. Schon beim \u00d6ffnen verstr\u00f6men sie einen warmen und tiefen Duft, der Ihre Zubereitungen sofort verwandelt. Man merkt sofort, dass dies keine gew\u00f6hnliche Vanille ist.   <\/p>\n<p data-start=\"641\" data-end=\"983\">Geschmeidig, tiefschwarz und gl\u00e4nzend lassen sich diese Schoten leicht verarbeiten. Sie spalten sie, kratzen das Mark heraus, und schon entfaltet sich die Magie. Sie passen sowohl in eine <strong>Dessertcreme<\/strong>, ein <strong>hausgemachtes Geb\u00e4ck<\/strong>, ein <strong>handwerklich hergestelltes Eis<\/strong> als auch in ein etwas gewagtes <strong>herzhaftes Gericht<\/strong>. So gewinnt jedes Gericht an Charakter, ohne jemals aufdringlich zu wirken.   <\/p>\n<p data-start=\"985\" data-end=\"1280\">Das <strong>R\u00f6hrchen<\/strong> spielt eine wesentliche Rolle. Es <strong>sch\u00fctzt die Schoten<\/strong>, bewahrt ihre Frische und verhindert, dass sie austrocknen. Ebenso erm\u00f6glicht es eine saubere und praktische Lagerung, sowohl in einer professionellen K\u00fcche als auch zu Hause. Sie verwenden, was Sie brauchen, und verschlie\u00dfen es dann einfach wieder.   <\/p>\n<p data-start=\"1282\" data-end=\"1597\">Dieses <strong>2er-Format<\/strong> ist ideal: nicht zu viel, nicht zu wenig. Es eignet sich perfekt f\u00fcr Gastronomen, Konditoren, Handwerker oder Kochbegeisterte, die ein authentisches Produkt ohne Verschwendung suchen. Indem Sie diese <strong>Bourbon-Vanilleschoten<\/strong> w\u00e4hlen, entscheiden Sie sich f\u00fcr eine ausdrucksstarke, nat\u00fcrliche und nuancenreiche Vanille.  <\/p>\n<p data-start=\"1599\" data-end=\"1735\">Zusammenfassend ist es eine Zutat, die den Unterschied macht, die man bemerkt, ohne unbedingt zu wissen, warum\u2026 bis zum ersten Bissen.<\/p>\n<p data-start=\"1599\" data-end=\"1735\"><!--more--><\/p>\n<div class=\"min-h-8 text-message flex w-full flex-col items-end gap-2 whitespace-normal break-words text-start [.text-message+&amp;]:mt-5\" dir=\"auto\" data-message-author-role=\"assistant\" data-message-id=\"d5505132-ccae-4219-a1f8-f62fd3361021\" data-message-model-slug=\"gpt-4o-mini\">\n<div class=\"flex w-full flex-col gap-1 empty:hidden first:pt-[3px]\">\n<div class=\"markdown prose w-full break-words dark:prose-invert dark\">\n<p><span style=\"color: #ff0000;\"><strong>MHD \u00fcberschritten 10.2025<\/strong><\/span><\/p>\n<\/div>\n<\/div>\n<\/div>\n<p>&nbsp;<\/p>\n<p><!--more--><\/p>\n<h4>Vorteile :<\/h4>\n<ul>\n<li data-start=\"1763\" data-end=\"1790\"><strong>Intensives<\/strong> und nat\u00fcrliches Aroma.<\/li>\n<li data-start=\"1793\" data-end=\"1831\"><strong>Vanilleschoten<\/strong>, geschmeidig und reich an Mark.<\/li>\n<li data-start=\"1834\" data-end=\"1882\">Praktisches <strong>R\u00f6hrchen<\/strong> f\u00fcr bessere Haltbarkeit.<\/li>\n<li data-start=\"1885\" data-end=\"1923\">Ideales Format f\u00fcr den regelm\u00e4\u00dfigen Gebrauch.<\/li>\n<li data-start=\"1926\" data-end=\"1969\">Geeignet f\u00fcr s\u00fc\u00dfe und herzhafte Rezepte.<\/li>\n<\/ul>\n<p>&nbsp;<\/p>\n<p><!--more--><\/p>\n<h4>Weitere Informationen :<\/h4>\n<ul>\n<li><strong>Verpackung<\/strong>: R\u00f6hrchen mit 2 Schoten<\/li>\n<li><b>H\u00f6he<\/b>: 15 cm<\/li>\n<li><b>Farbe<\/b>: Braun<\/li>\n<li><strong>Typ<\/strong>: Bourbon-Vanille<\/li>\n<\/ul>\n<p>&nbsp;<\/p>\n<p><!--more--><\/p>\n<p><a href=\"\/?product_cat=aromes-liquides\">Entdecken Sie den Rest unseres Sortiments an Aromen<\/a><\/p>\n","protected":false},"excerpt":{"rendered":"<p>Vanilleschote Beschreibung unserer Bourbon-Vanilleschote in der Tube zu 2 St\u00fcck<\/p>\n","protected":false},"featured_media":219437,"template":"","meta":{"_acf_changed":false},"product_brand":[],"product_cat":[1137,10243,1144,9215,9230,1441,1442],"product_tag":[],"class_list":{"0":"post-226098","1":"product","2":"type-product","3":"status-publish","4":"has-post-thumbnail","6":"product_cat-lebensmittelverpackungen","7":"product_cat-anti-verschwendung","8":"product_cat-lebensmittel","9":"product_cat-konditorei","10":"product_cat-aromen","11":"product_cat-gewurze","12":"product_cat-einfache-gewurze","14":"first","15":"instock","16":"sale","17":"taxable","18":"shipping-taxable","19":"purchasable","20":"product-type-simple"},"acf":[],"yoast_head":"<!-- This site is optimized with the Yoast SEO Premium plugin v26.6 (Yoast SEO v26.6) - https:\/\/yoast.com\/wordpress\/plugins\/seo\/ -->\n<title>Bourbon Vanille Schote in Tube pro 2<\/title>\n<meta name=\"description\" content=\"Entdecken Sie unsere Bourbon-Vanilleschoten im R\u00f6hrchen: intensive Aromen und optimale Haltbarkeit. Perfekt, um alle Ihre s\u00fc\u00dfen oder herzhaften Rezepte zu veredeln!\" \/>\n<meta name=\"robots\" content=\"index, follow, max-snippet:-1, max-image-preview:large, max-video-preview:-1\" \/>\n<link rel=\"canonical\" href=\"https:\/\/www.csj-emballages.com\/de\/produit\/bourbon-vanilleschote-in-der-tube-pro-2\/\" \/>\n<meta property=\"og:locale\" content=\"de_DE\" \/>\n<meta property=\"og:type\" content=\"article\" \/>\n<meta property=\"og:title\" content=\"Bourbon-Vanilleschote in der Tube pro 2\" \/>\n<meta property=\"og:description\" content=\"Entdecken Sie unsere Bourbon-Vanilleschoten im R\u00f6hrchen: intensive Aromen und optimale Haltbarkeit. Perfekt, um alle Ihre s\u00fc\u00dfen oder herzhaften Rezepte zu veredeln!\" \/>\n<meta property=\"og:url\" content=\"https:\/\/www.csj-emballages.com\/de\/produit\/bourbon-vanilleschote-in-der-tube-pro-2\/\" \/>\n<meta property=\"og:site_name\" content=\"CSJ Emballages\" \/>\n<meta property=\"article:publisher\" content=\"https:\/\/www.facebook.com\/csjemballages\" \/>\n<meta property=\"article:modified_time\" content=\"2026-03-18T01:10:21+00:00\" \/>\n<meta property=\"og:image\" content=\"https:\/\/www.csj-emballages.com\/wp-content\/uploads\/2024\/12\/Gousse-de-vanille.webp\" \/>\n\t<meta property=\"og:image:width\" content=\"800\" \/>\n\t<meta property=\"og:image:height\" content=\"800\" \/>\n\t<meta property=\"og:image:type\" content=\"image\/webp\" \/>\n<meta name=\"twitter:card\" content=\"summary_large_image\" \/>\n<meta name=\"twitter:label1\" content=\"Gesch\u00e4tzte Lesezeit\" \/>\n\t<meta name=\"twitter:data1\" content=\"2 Minuten\" \/>\n<script type=\"application\/ld+json\" class=\"yoast-schema-graph\">{\"@context\":\"https:\/\/schema.org\",\"@graph\":[{\"@type\":\"WebPage\",\"@id\":\"https:\/\/www.csj-emballages.com\/de\/produit\/bourbon-vanilleschote-in-der-tube-pro-2\/\",\"url\":\"https:\/\/www.csj-emballages.com\/de\/produit\/bourbon-vanilleschote-in-der-tube-pro-2\/\",\"name\":\"Bourbon Vanille Schote in Tube pro 2\",\"isPartOf\":{\"@id\":\"https:\/\/www.csj-emballages.com\/de\/#website\"},\"primaryImageOfPage\":{\"@id\":\"https:\/\/www.csj-emballages.com\/de\/produit\/bourbon-vanilleschote-in-der-tube-pro-2\/#primaryimage\"},\"image\":{\"@id\":\"https:\/\/www.csj-emballages.com\/de\/produit\/bourbon-vanilleschote-in-der-tube-pro-2\/#primaryimage\"},\"thumbnailUrl\":\"https:\/\/www.csj-emballages.com\/wp-content\/uploads\/2024\/12\/Gousse-de-vanille.webp\",\"datePublished\":\"2024-12-19T01:19:17+00:00\",\"dateModified\":\"2026-03-18T01:10:21+00:00\",\"description\":\"Entdecken Sie unsere Bourbon-Vanilleschoten im R\u00f6hrchen: intensive Aromen und optimale Haltbarkeit. Perfekt, um alle Ihre s\u00fc\u00dfen oder herzhaften Rezepte zu veredeln!\",\"breadcrumb\":{\"@id\":\"https:\/\/www.csj-emballages.com\/de\/produit\/bourbon-vanilleschote-in-der-tube-pro-2\/#breadcrumb\"},\"inLanguage\":\"de\",\"potentialAction\":[{\"@type\":\"ReadAction\",\"target\":[\"https:\/\/www.csj-emballages.com\/de\/produit\/bourbon-vanilleschote-in-der-tube-pro-2\/\"]}]},{\"@type\":\"ImageObject\",\"inLanguage\":\"de\",\"@id\":\"https:\/\/www.csj-emballages.com\/de\/produit\/bourbon-vanilleschote-in-der-tube-pro-2\/#primaryimage\",\"url\":\"https:\/\/www.csj-emballages.com\/wp-content\/uploads\/2024\/12\/Gousse-de-vanille.webp\",\"contentUrl\":\"https:\/\/www.csj-emballages.com\/wp-content\/uploads\/2024\/12\/Gousse-de-vanille.webp\",\"width\":800,\"height\":800,\"caption\":\"gousse de vanille\"},{\"@type\":\"BreadcrumbList\",\"@id\":\"https:\/\/www.csj-emballages.com\/de\/produit\/bourbon-vanilleschote-in-der-tube-pro-2\/#breadcrumb\",\"itemListElement\":[{\"@type\":\"ListItem\",\"position\":1,\"name\":\"Accueil\",\"item\":\"https:\/\/www.csj-emballages.com\/de\/universum-lebensmittelverpackungen\/\"},{\"@type\":\"ListItem\",\"position\":2,\"name\":\"Shop\",\"item\":\"https:\/\/www.csj-emballages.com\/shop\/\"},{\"@type\":\"ListItem\",\"position\":3,\"name\":\"Bourbon-Vanilleschote in der Tube pro 2\"}]},{\"@type\":\"WebSite\",\"@id\":\"https:\/\/www.csj-emballages.com\/de\/#website\",\"url\":\"https:\/\/www.csj-emballages.com\/de\/\",\"name\":\"CSJ Emballages\",\"description\":\"\",\"publisher\":{\"@id\":\"https:\/\/www.csj-emballages.com\/de\/#organization\"},\"potentialAction\":[{\"@type\":\"SearchAction\",\"target\":{\"@type\":\"EntryPoint\",\"urlTemplate\":\"https:\/\/www.csj-emballages.com\/de\/?s={search_term_string}\"},\"query-input\":{\"@type\":\"PropertyValueSpecification\",\"valueRequired\":true,\"valueName\":\"search_term_string\"}}],\"inLanguage\":\"de\"},{\"@type\":\"Organization\",\"@id\":\"https:\/\/www.csj-emballages.com\/de\/#Organization\/\",\"name\":\"CSJ Emballages\",\"url\":\"https:\/\/www.csj-emballages.com\/de\/\",\"logo\":{\"@type\":\"ImageObject\",\"inLanguage\":\"de\",\"@id\":\"https:\/\/www.csj-emballages.com\/de\/#\/schema\/logo\/image\/\",\"url\":\"https:\/\/www.csj-emballages.com\/wp-content\/uploads\/2023\/10\/logo_csj.webp\",\"contentUrl\":\"https:\/\/www.csj-emballages.com\/wp-content\/uploads\/2023\/10\/logo_csj.webp\",\"width\":250,\"height\":95,\"caption\":\"CSJ Emballages\"},\"image\":{\"@id\":\"https:\/\/www.csj-emballages.com\/de\/#\/schema\/logo\/image\/\"},\"sameAs\":[\"https:\/\/www.facebook.com\/csjemballages\"],\"address\":{\"@type\":\"PostalAddress\",\"streetAddress\":\"ZI La Lechere\",\"addressLocality\":\"Patornay\",\"postalCode\":\"39130\",\"addressCountry\":\"FR\"},\"contactPoint\":[{\"@type\":\"ContactPoint\",\"contactType\":\"Service client\",\"telephone\":\"0384254272\",\"email\":\"contact@csj-emballages.com\"}]}]}<\/script>\n<!-- \/ Yoast SEO Premium plugin. -->","yoast_head_json":{"title":"Bourbon Vanille Schote in Tube pro 2","description":"Entdecken Sie unsere Bourbon-Vanilleschoten im R\u00f6hrchen: intensive Aromen und optimale Haltbarkeit. Perfekt, um alle Ihre s\u00fc\u00dfen oder herzhaften Rezepte zu veredeln!","robots":{"index":"index","follow":"follow","max-snippet":"max-snippet:-1","max-image-preview":"max-image-preview:large","max-video-preview":"max-video-preview:-1"},"canonical":"https:\/\/www.csj-emballages.com\/de\/produit\/bourbon-vanilleschote-in-der-tube-pro-2\/","og_locale":"de_DE","og_type":"article","og_title":"Bourbon-Vanilleschote in der Tube pro 2","og_description":"Entdecken Sie unsere Bourbon-Vanilleschoten im R\u00f6hrchen: intensive Aromen und optimale Haltbarkeit. Perfekt, um alle Ihre s\u00fc\u00dfen oder herzhaften Rezepte zu veredeln!","og_url":"https:\/\/www.csj-emballages.com\/de\/produit\/bourbon-vanilleschote-in-der-tube-pro-2\/","og_site_name":"CSJ Emballages","article_publisher":"https:\/\/www.facebook.com\/csjemballages","article_modified_time":"2026-03-18T01:10:21+00:00","og_image":[{"width":800,"height":800,"url":"https:\/\/www.csj-emballages.com\/wp-content\/uploads\/2024\/12\/Gousse-de-vanille.webp","type":"image\/webp"}],"twitter_card":"summary_large_image","twitter_misc":{"Gesch\u00e4tzte Lesezeit":"2 Minuten"},"schema":{"@context":"https:\/\/schema.org","@graph":[{"@type":"WebPage","@id":"https:\/\/www.csj-emballages.com\/de\/produit\/bourbon-vanilleschote-in-der-tube-pro-2\/","url":"https:\/\/www.csj-emballages.com\/de\/produit\/bourbon-vanilleschote-in-der-tube-pro-2\/","name":"Bourbon Vanille Schote in Tube pro 2","isPartOf":{"@id":"https:\/\/www.csj-emballages.com\/de\/#website"},"primaryImageOfPage":{"@id":"https:\/\/www.csj-emballages.com\/de\/produit\/bourbon-vanilleschote-in-der-tube-pro-2\/#primaryimage"},"image":{"@id":"https:\/\/www.csj-emballages.com\/de\/produit\/bourbon-vanilleschote-in-der-tube-pro-2\/#primaryimage"},"thumbnailUrl":"https:\/\/www.csj-emballages.com\/wp-content\/uploads\/2024\/12\/Gousse-de-vanille.webp","datePublished":"2024-12-19T01:19:17+00:00","dateModified":"2026-03-18T01:10:21+00:00","description":"Entdecken Sie unsere Bourbon-Vanilleschoten im R\u00f6hrchen: intensive Aromen und optimale Haltbarkeit. Perfekt, um alle Ihre s\u00fc\u00dfen oder herzhaften Rezepte zu veredeln!","breadcrumb":{"@id":"https:\/\/www.csj-emballages.com\/de\/produit\/bourbon-vanilleschote-in-der-tube-pro-2\/#breadcrumb"},"inLanguage":"de","potentialAction":[{"@type":"ReadAction","target":["https:\/\/www.csj-emballages.com\/de\/produit\/bourbon-vanilleschote-in-der-tube-pro-2\/"]}]},{"@type":"ImageObject","inLanguage":"de","@id":"https:\/\/www.csj-emballages.com\/de\/produit\/bourbon-vanilleschote-in-der-tube-pro-2\/#primaryimage","url":"https:\/\/www.csj-emballages.com\/wp-content\/uploads\/2024\/12\/Gousse-de-vanille.webp","contentUrl":"https:\/\/www.csj-emballages.com\/wp-content\/uploads\/2024\/12\/Gousse-de-vanille.webp","width":800,"height":800,"caption":"gousse de vanille"},{"@type":"BreadcrumbList","@id":"https:\/\/www.csj-emballages.com\/de\/produit\/bourbon-vanilleschote-in-der-tube-pro-2\/#breadcrumb","itemListElement":[{"@type":"ListItem","position":1,"name":"Accueil","item":"https:\/\/www.csj-emballages.com\/de\/universum-lebensmittelverpackungen\/"},{"@type":"ListItem","position":2,"name":"Shop","item":"https:\/\/www.csj-emballages.com\/shop\/"},{"@type":"ListItem","position":3,"name":"Bourbon-Vanilleschote in der Tube pro 2"}]},{"@type":"WebSite","@id":"https:\/\/www.csj-emballages.com\/de\/#website","url":"https:\/\/www.csj-emballages.com\/de\/","name":"CSJ Emballages","description":"","publisher":{"@id":"https:\/\/www.csj-emballages.com\/de\/#organization"},"potentialAction":[{"@type":"SearchAction","target":{"@type":"EntryPoint","urlTemplate":"https:\/\/www.csj-emballages.com\/de\/?s={search_term_string}"},"query-input":{"@type":"PropertyValueSpecification","valueRequired":true,"valueName":"search_term_string"}}],"inLanguage":"de"},{"@type":"Organization","@id":"https:\/\/www.csj-emballages.com\/de\/#Organization\/","name":"CSJ Emballages","url":"https:\/\/www.csj-emballages.com\/de\/","logo":{"@type":"ImageObject","inLanguage":"de","@id":"https:\/\/www.csj-emballages.com\/de\/#\/schema\/logo\/image\/","url":"https:\/\/www.csj-emballages.com\/wp-content\/uploads\/2023\/10\/logo_csj.webp","contentUrl":"https:\/\/www.csj-emballages.com\/wp-content\/uploads\/2023\/10\/logo_csj.webp","width":250,"height":95,"caption":"CSJ Emballages"},"image":{"@id":"https:\/\/www.csj-emballages.com\/de\/#\/schema\/logo\/image\/"},"sameAs":["https:\/\/www.facebook.com\/csjemballages"],"address":{"@type":"PostalAddress","streetAddress":"ZI La Lechere","addressLocality":"Patornay","postalCode":"39130","addressCountry":"FR"},"contactPoint":[{"@type":"ContactPoint","contactType":"Service client","telephone":"0384254272","email":"contact@csj-emballages.com"}]}]}},"df_price":6.24,"df_sale_price":6.24,"df_regular_price":8.91,"df_image_link":"https:\/\/www.csj-emballages.com\/wp-content\/uploads\/2024\/12\/Gousse-de-vanille-300x300.webp","tiered_pricing_type":"fixed","tiered_pricing_fixed_rules":[],"tiered_pricing_percentage_rules":[],"tiered_pricing_minimum":1,"tiered_pricing_roles_data":[],"_links":{"self":[{"href":"https:\/\/www.csj-emballages.com\/de\/wp-json\/wp\/v2\/product\/226098","targetHints":{"allow":["GET"]}}],"collection":[{"href":"https:\/\/www.csj-emballages.com\/de\/wp-json\/wp\/v2\/product"}],"about":[{"href":"https:\/\/www.csj-emballages.com\/de\/wp-json\/wp\/v2\/types\/product"}],"wp:featuredmedia":[{"embeddable":true,"href":"https:\/\/www.csj-emballages.com\/de\/wp-json\/wp\/v2\/media\/219437"}],"wp:attachment":[{"href":"https:\/\/www.csj-emballages.com\/de\/wp-json\/wp\/v2\/media?parent=226098"}],"wp:term":[{"taxonomy":"product_brand","embeddable":true,"href":"https:\/\/www.csj-emballages.com\/de\/wp-json\/wp\/v2\/product_brand?post=226098"},{"taxonomy":"product_cat","embeddable":true,"href":"https:\/\/www.csj-emballages.com\/de\/wp-json\/wp\/v2\/product_cat?post=226098"},{"taxonomy":"product_tag","embeddable":true,"href":"https:\/\/www.csj-emballages.com\/de\/wp-json\/wp\/v2\/product_tag?post=226098"}],"curies":[{"name":"wp","href":"https:\/\/api.w.org\/{rel}","templated":true}]}}