{"id":226090,"date":"2024-12-19T02:19:04","date_gmt":"2024-12-19T01:19:04","guid":{"rendered":"https:\/\/www.csj-emballages.com\/produit\/essbare-perlen-mehrfarbig-100-gr\/"},"modified":"2026-04-09T02:11:08","modified_gmt":"2026-04-09T00:11:08","slug":"essbare-perlen-mehrfarbig-100-gr","status":"publish","type":"product","link":"https:\/\/www.csj-emballages.com\/de\/produit\/essbare-perlen-mehrfarbig-100-gr\/","title":{"rendered":"Essbare Perlen mehrfarbig 100 gr"},"content":{"rendered":"<h2>Essbare Perlen<\/h2>\n<hr>\n<h3>Beschreibung von unsere essbare Perlen silber 100 gr<\/h3>\n<p><!--more--><\/p>\n<div class=\"flex-1 overflow-hidden @container\/thread\">\n<div class=\"h-full\">\n<div class=\"react-scroll-to-bottom--css-xispg-79elbk h-full\">\n<div class=\"react-scroll-to-bottom--css-xispg-1n7m0yu\">\n<div class=\"flex flex-col text-sm md:pb-9\">\n<article class=\"w-full scroll-mb-[var(--thread-trailing-height,150px)] text-token-text-primary focus-visible:outline-2 focus-visible:outline-offset-[-4px]\" dir=\"auto\" data-testid=\"conversation-turn-7\" data-scroll-anchor=\"true\">\n<div class=\"m-auto text-base py-[18px] px-3 md:px-4 w-full md:px-5 lg:px-4 xl:px-5\">\n<div class=\"mx-auto flex flex-1 gap-4 text-base md:gap-5 lg:gap-6 md:max-w-3xl lg:max-w-[40rem] xl:max-w-[48rem]\">\n<div class=\"group\/conversation-turn relative flex w-full min-w-0 flex-col agent-turn\">\n<div class=\"flex-col gap-1 md:gap-3\">\n<div class=\"flex max-w-full flex-col flex-grow\">\n<div class=\"min-h-8 text-message flex w-full flex-col items-end gap-2 whitespace-normal break-words text-start [.text-message+&amp;]:mt-5\" dir=\"auto\" data-message-author-role=\"assistant\" data-message-id=\"a28f3604-d7ef-4075-bc3e-b555b5315550\" data-message-model-slug=\"gpt-4o-mini\">\n<div class=\"flex w-full flex-col gap-1 empty:hidden first:pt-[3px]\">\n<div class=\"markdown prose w-full break-words dark:prose-invert dark\">\n<p>Die <strong>mehrfarbigen essbaren Perlen<\/strong> ( <strong>100 g<\/strong> ) sind eine perfekte Option, um Ihren Kreationen einen Hauch von Farbe zu verleihen. Mit diesen <strong>kleinen Perlen<\/strong> in verschiedenen Farbt\u00f6nen k\u00f6nnen Sie Ihren Desserts auf lustige und fr\u00f6hliche Weise eine pers\u00f6nliche Note verleihen. Ob Sie nun Kuchen, Cupcakes oder Kekse backen, diese <strong>bunten Perlen<\/strong> werden Ihre Gerichte mit einer sch\u00f6nen Farbvielfalt versch\u00f6nern, ohne zu dominant zu wirken. Sie lassen sich leicht mit anderen Dekorationen mischen und verleihen Ihren Kreationen einen festlichen Glanz. Diese <strong>essbaren Perlen<\/strong> werden vollst\u00e4ndig aus sicheren und essbaren Zutaten hergestellt, sodass sie ohne Risiko verzehrt werden k\u00f6nnen. Sie k\u00f6nnen sie also getrost zum Verzieren Ihrer Backwaren verwenden und dabei sicher sein, dass sie f\u00fcr den Verzehr geeignet sind. Dank ihrer geringen Gr\u00f6\u00dfe lassen sie sich leicht auf Ihren Speisen anordnen, egal ob Sie sie in kleinen Portionen oder in gro\u00dfen Mengen verwenden, je nachdem, was Sie bevorzugen.      <\/p>\n<p><strong>Mehrfarbige essbare Perlen<\/strong> sind ideal f\u00fcr alle, die ihren Kreationen ein wenig Fantasie verleihen m\u00f6chten. Sie bringen eine Vielfalt an Farben mit sich, sodass Sie Ihre Dekorationen je nach Anlass individuell gestalten k\u00f6nnen. <\/p>\n<h3><\/h3>\n<h3><!--more--><\/h3>\n<h3>Benutzerfreundlichkeit und Anpassungsf\u00e4higkeit<\/h3>\n<p>Einer der gr\u00f6\u00dften Vorteile von <strong>bunten essbaren Perlen<\/strong> ist ihre einfache Anwendung. Sie lassen sich n\u00e4mlich leicht auftragen und k\u00f6nnen auf verschiedene Arten in Ihre Kreationen integriert werden. Sie k\u00f6nnen sie sanft \u00fcber Ihre Desserts streuen oder sie zum Verzieren von Keksen oder Kuchen verwenden. Ebenso sind sie aufgrund ihrer geringen Gr\u00f6\u00dfe leicht zu handhaben, sodass Sie bei der Gestaltung Ihrer Dekorationen flexibel sind. <strong>Bunte essbare Perlen<\/strong> lassen sich gut mit verschiedenen Arten von Zuckerguss, Cremes oder Schokolade kombinieren. Sie erm\u00f6glichen es Ihnen, mit Farben zu spielen und originelle Designs f\u00fcr jeden Anlass zu kreieren.     <\/p>\n<p><strong>Mehrfarbige essbare Perlen<\/strong> sind auch ideal f\u00fcr Menschen, die es gerne einfach m\u00f6gen, ihren Gerichten aber dennoch ein attraktives und festliches Aussehen verleihen m\u00f6chten. Mit einer kleinen Menge Perlen k\u00f6nnen Sie einen auff\u00e4lligen visuellen Effekt erzielen. Sie sind leicht und einfach zu handhaben, sodass Sie Ihre Desserts schnell und mit professionellem Ergebnis dekorieren k\u00f6nnen. Diese Perlen sind perfekt f\u00fcr alle, die nach einer schnellen, aber effektiven Dekoration suchen, die gleichzeitig einen verspielten und lebendigen Touch vermittelt.   <\/p>\n<p>Zusammenfassend l\u00e4sst sich sagen, dass die <strong>mehrfarbigen essbaren Perlen<\/strong> ( <strong>100 g<\/strong> ) eine hervorragende M\u00f6glichkeit sind, Ihren Desserts Farbe und Fr\u00f6hlichkeit zu verleihen. Durch ihre einfache und schnelle Anwendung k\u00f6nnen Sie m\u00fchelos attraktive Dekorationen herstellen. Ob Sie sie f\u00fcr einen besonderen Anlass verwenden oder Ihre Kreationen aufpeppen, diese <strong>essbaren Perlen<\/strong> bieten Ihnen eine ideale L\u00f6sung, um Ihren Desserts eine pers\u00f6nliche Note zu verleihen. Dank ihrer gro\u00dfen Anpassungsf\u00e4higkeit eignen sich diese <strong>Perlen<\/strong> f\u00fcr alle Arten von Desserts und erm\u00f6glichen es Ihnen, einen Farbtupfer zu setzen.   <\/p>\n<\/div>\n<\/div>\n<p>&nbsp;<\/p>\n<\/div>\n<\/div>\n<\/div>\n<\/div>\n<\/div>\n<\/div>\n<\/article>\n<\/div>\n<\/div>\n<\/div>\n<\/div>\n<\/div>\n<p><!--more--><\/p>\n<div class=\"md:pt-0 dark:border-white\/20 md:border-transparent md:dark:border-transparent w-full\">\n<div>\n<div class=\"m-auto text-base px-3 md:px-4 w-full md:px-5 lg:px-4 xl:px-5\">\n<div class=\"mx-auto flex flex-1 gap-4 text-base md:gap-5 lg:gap-6 md:max-w-3xl lg:max-w-[40rem] xl:max-w-[48rem]\">\n<div class=\"flex justify-center\"><strong><span style=\"color: #ff0000;\">Mindesthaltbarkeitsdatum (MHD) \u00fcberschritten 06\/2025<\/span><\/strong><\/div>\n<div><\/div>\n<\/div>\n<\/div>\n<\/div>\n<\/div>\n<p><!--more--><\/p>\n<h4>Vorteile :<\/h4>\n<ul>\n<li>Die mehrfarbigen <strong>essbaren Perlen<\/strong> verleihen einen dezenten Glanz.<\/li>\n<li>Diese <strong>mehrfarbigen essbaren Perlen<\/strong> sind einfach auf Kuchen, Cupcakes und anderen Desserts aufzutragen.<\/li>\n<li>Sie werden aus sicheren, verzehrbaren Zutaten hergestellt.<\/li>\n<li>Diese Perlen verleihen eine leichte Textur und ein angenehmes Finish, ohne den Geschmack Ihrer Speisen zu ver\u00e4ndern.<\/li>\n<\/ul>\n<p>&nbsp;<\/p>\n<p><!--more--><\/p>\n<h4>Weitere Informationen :<\/h4>\n<ul>\n<li><b>Durchmesser: <\/b>5 mm<\/li>\n<li><strong>Verpackung<\/strong>: Packung mit 100 g<\/li>\n<li><b>Farbe: <\/b>Mehrfarbig<\/li>\n<\/ul>\n<p>&nbsp;<\/p>\n<p><!--more--><\/p>\n<p>Produkt in einer anderen Farbe erh\u00e4ltlich : <span style=\"color: #d12727;\"><a style=\"color: #d12727;\" href=\"https:\/\/www.csj-emballages.com\/de\/produit\/essbare-perlen-versilbert-100-gr\/\">Silberne Perlen<\/a><\/span><\/p>\n<p>&nbsp;<\/p>\n<p><!--more--><\/p>\n<p><a href=\"\/?product_cat=aromes-liquides\">Entdecken Sie den Rest unseres Sortiments an essbaren Dekorationen<\/a><\/p>\n","protected":false},"excerpt":{"rendered":"<p>Essbare Perlen Beschreibung von unsere essbare Perlen silber 100 gr<\/p>\n","protected":false},"featured_media":219464,"template":"","meta":{"_acf_changed":false},"product_brand":[],"product_cat":[1137,10243,1144,9215,9233],"product_tag":[],"class_list":{"0":"post-226090","1":"product","2":"type-product","3":"status-publish","4":"has-post-thumbnail","6":"product_cat-lebensmittelverpackungen","7":"product_cat-anti-verschwendung","8":"product_cat-lebensmittel","9":"product_cat-konditorei","10":"product_cat-essbare-dekorationen","12":"first","13":"instock","14":"sale","15":"taxable","16":"shipping-taxable","17":"purchasable","18":"product-type-simple"},"acf":[],"yoast_head":"<!-- This site is optimized with the Yoast SEO Premium plugin v26.6 (Yoast SEO v26.6) - https:\/\/yoast.com\/wordpress\/plugins\/seo\/ -->\n<title>Essbare Perlen Mehrfarbig 100 gr<\/title>\n<meta name=\"description\" content=\"Verleihen Sie Ihren Desserts eine elegante Note mit den mehrfarbigen essbaren Perlen. Sie verleihen Ihren Kreationen Glanz und Raffinesse.\" \/>\n<meta name=\"robots\" content=\"index, follow, max-snippet:-1, max-image-preview:large, max-video-preview:-1\" \/>\n<link rel=\"canonical\" href=\"https:\/\/www.csj-emballages.com\/de\/produit\/essbare-perlen-mehrfarbig-100-gr\/\" \/>\n<meta property=\"og:locale\" content=\"de_DE\" \/>\n<meta property=\"og:type\" content=\"article\" \/>\n<meta property=\"og:title\" content=\"Essbare Perlen mehrfarbig 100 gr\" \/>\n<meta property=\"og:description\" content=\"Verleihen Sie Ihren Desserts eine elegante Note mit den mehrfarbigen essbaren Perlen. Sie verleihen Ihren Kreationen Glanz und Raffinesse.\" \/>\n<meta property=\"og:url\" content=\"https:\/\/www.csj-emballages.com\/de\/produit\/essbare-perlen-mehrfarbig-100-gr\/\" \/>\n<meta property=\"og:site_name\" content=\"CSJ Emballages\" \/>\n<meta property=\"article:publisher\" content=\"https:\/\/www.facebook.com\/csjemballages\" \/>\n<meta property=\"article:modified_time\" content=\"2026-04-09T00:11:08+00:00\" \/>\n<meta property=\"og:image\" content=\"https:\/\/www.csj-emballages.com\/wp-content\/uploads\/2024\/12\/Perles-multicolores.webp\" \/>\n\t<meta property=\"og:image:width\" content=\"800\" \/>\n\t<meta property=\"og:image:height\" content=\"800\" \/>\n\t<meta property=\"og:image:type\" content=\"image\/webp\" \/>\n<meta name=\"twitter:card\" content=\"summary_large_image\" \/>\n<meta name=\"twitter:label1\" content=\"Gesch\u00e4tzte Lesezeit\" \/>\n\t<meta name=\"twitter:data1\" content=\"3 Minuten\" \/>\n<script type=\"application\/ld+json\" class=\"yoast-schema-graph\">{\"@context\":\"https:\/\/schema.org\",\"@graph\":[{\"@type\":\"WebPage\",\"@id\":\"https:\/\/www.csj-emballages.com\/de\/produit\/essbare-perlen-mehrfarbig-100-gr\/\",\"url\":\"https:\/\/www.csj-emballages.com\/de\/produit\/essbare-perlen-mehrfarbig-100-gr\/\",\"name\":\"Essbare Perlen Mehrfarbig 100 gr\",\"isPartOf\":{\"@id\":\"https:\/\/www.csj-emballages.com\/de\/#website\"},\"primaryImageOfPage\":{\"@id\":\"https:\/\/www.csj-emballages.com\/de\/produit\/essbare-perlen-mehrfarbig-100-gr\/#primaryimage\"},\"image\":{\"@id\":\"https:\/\/www.csj-emballages.com\/de\/produit\/essbare-perlen-mehrfarbig-100-gr\/#primaryimage\"},\"thumbnailUrl\":\"https:\/\/www.csj-emballages.com\/wp-content\/uploads\/2024\/12\/Perles-multicolores.webp\",\"datePublished\":\"2024-12-19T01:19:04+00:00\",\"dateModified\":\"2026-04-09T00:11:08+00:00\",\"description\":\"Verleihen Sie Ihren Desserts eine elegante Note mit den mehrfarbigen essbaren Perlen. Sie verleihen Ihren Kreationen Glanz und Raffinesse.\",\"breadcrumb\":{\"@id\":\"https:\/\/www.csj-emballages.com\/de\/produit\/essbare-perlen-mehrfarbig-100-gr\/#breadcrumb\"},\"inLanguage\":\"de\",\"potentialAction\":[{\"@type\":\"ReadAction\",\"target\":[\"https:\/\/www.csj-emballages.com\/de\/produit\/essbare-perlen-mehrfarbig-100-gr\/\"]}]},{\"@type\":\"ImageObject\",\"inLanguage\":\"de\",\"@id\":\"https:\/\/www.csj-emballages.com\/de\/produit\/essbare-perlen-mehrfarbig-100-gr\/#primaryimage\",\"url\":\"https:\/\/www.csj-emballages.com\/wp-content\/uploads\/2024\/12\/Perles-multicolores.webp\",\"contentUrl\":\"https:\/\/www.csj-emballages.com\/wp-content\/uploads\/2024\/12\/Perles-multicolores.webp\",\"width\":800,\"height\":800,\"caption\":\"Perles comestibles multicolores\"},{\"@type\":\"BreadcrumbList\",\"@id\":\"https:\/\/www.csj-emballages.com\/de\/produit\/essbare-perlen-mehrfarbig-100-gr\/#breadcrumb\",\"itemListElement\":[{\"@type\":\"ListItem\",\"position\":1,\"name\":\"Accueil\",\"item\":\"https:\/\/www.csj-emballages.com\/de\/universum-lebensmittelverpackungen\/\"},{\"@type\":\"ListItem\",\"position\":2,\"name\":\"Shop\",\"item\":\"https:\/\/www.csj-emballages.com\/shop\/\"},{\"@type\":\"ListItem\",\"position\":3,\"name\":\"Essbare Perlen mehrfarbig 100 gr\"}]},{\"@type\":\"WebSite\",\"@id\":\"https:\/\/www.csj-emballages.com\/de\/#website\",\"url\":\"https:\/\/www.csj-emballages.com\/de\/\",\"name\":\"CSJ Emballages\",\"description\":\"\",\"publisher\":{\"@id\":\"https:\/\/www.csj-emballages.com\/de\/#organization\"},\"potentialAction\":[{\"@type\":\"SearchAction\",\"target\":{\"@type\":\"EntryPoint\",\"urlTemplate\":\"https:\/\/www.csj-emballages.com\/de\/?s={search_term_string}\"},\"query-input\":{\"@type\":\"PropertyValueSpecification\",\"valueRequired\":true,\"valueName\":\"search_term_string\"}}],\"inLanguage\":\"de\"},{\"@type\":\"Organization\",\"@id\":\"https:\/\/www.csj-emballages.com\/de\/#Organization\/\",\"name\":\"CSJ Emballages\",\"url\":\"https:\/\/www.csj-emballages.com\/de\/\",\"logo\":{\"@type\":\"ImageObject\",\"inLanguage\":\"de\",\"@id\":\"https:\/\/www.csj-emballages.com\/de\/#\/schema\/logo\/image\/\",\"url\":\"https:\/\/www.csj-emballages.com\/wp-content\/uploads\/2023\/10\/logo_csj.webp\",\"contentUrl\":\"https:\/\/www.csj-emballages.com\/wp-content\/uploads\/2023\/10\/logo_csj.webp\",\"width\":250,\"height\":95,\"caption\":\"CSJ Emballages\"},\"image\":{\"@id\":\"https:\/\/www.csj-emballages.com\/de\/#\/schema\/logo\/image\/\"},\"sameAs\":[\"https:\/\/www.facebook.com\/csjemballages\"],\"address\":{\"@type\":\"PostalAddress\",\"streetAddress\":\"ZI La Lechere\",\"addressLocality\":\"Patornay\",\"postalCode\":\"39130\",\"addressCountry\":\"FR\"},\"contactPoint\":[{\"@type\":\"ContactPoint\",\"contactType\":\"Service client\",\"telephone\":\"0384254272\",\"email\":\"contact@csj-emballages.com\"}]}]}<\/script>\n<!-- \/ Yoast SEO Premium plugin. -->","yoast_head_json":{"title":"Essbare Perlen Mehrfarbig 100 gr","description":"Verleihen Sie Ihren Desserts eine elegante Note mit den mehrfarbigen essbaren Perlen. Sie verleihen Ihren Kreationen Glanz und Raffinesse.","robots":{"index":"index","follow":"follow","max-snippet":"max-snippet:-1","max-image-preview":"max-image-preview:large","max-video-preview":"max-video-preview:-1"},"canonical":"https:\/\/www.csj-emballages.com\/de\/produit\/essbare-perlen-mehrfarbig-100-gr\/","og_locale":"de_DE","og_type":"article","og_title":"Essbare Perlen mehrfarbig 100 gr","og_description":"Verleihen Sie Ihren Desserts eine elegante Note mit den mehrfarbigen essbaren Perlen. Sie verleihen Ihren Kreationen Glanz und Raffinesse.","og_url":"https:\/\/www.csj-emballages.com\/de\/produit\/essbare-perlen-mehrfarbig-100-gr\/","og_site_name":"CSJ Emballages","article_publisher":"https:\/\/www.facebook.com\/csjemballages","article_modified_time":"2026-04-09T00:11:08+00:00","og_image":[{"width":800,"height":800,"url":"https:\/\/www.csj-emballages.com\/wp-content\/uploads\/2024\/12\/Perles-multicolores.webp","type":"image\/webp"}],"twitter_card":"summary_large_image","twitter_misc":{"Gesch\u00e4tzte Lesezeit":"3 Minuten"},"schema":{"@context":"https:\/\/schema.org","@graph":[{"@type":"WebPage","@id":"https:\/\/www.csj-emballages.com\/de\/produit\/essbare-perlen-mehrfarbig-100-gr\/","url":"https:\/\/www.csj-emballages.com\/de\/produit\/essbare-perlen-mehrfarbig-100-gr\/","name":"Essbare Perlen Mehrfarbig 100 gr","isPartOf":{"@id":"https:\/\/www.csj-emballages.com\/de\/#website"},"primaryImageOfPage":{"@id":"https:\/\/www.csj-emballages.com\/de\/produit\/essbare-perlen-mehrfarbig-100-gr\/#primaryimage"},"image":{"@id":"https:\/\/www.csj-emballages.com\/de\/produit\/essbare-perlen-mehrfarbig-100-gr\/#primaryimage"},"thumbnailUrl":"https:\/\/www.csj-emballages.com\/wp-content\/uploads\/2024\/12\/Perles-multicolores.webp","datePublished":"2024-12-19T01:19:04+00:00","dateModified":"2026-04-09T00:11:08+00:00","description":"Verleihen Sie Ihren Desserts eine elegante Note mit den mehrfarbigen essbaren Perlen. Sie verleihen Ihren Kreationen Glanz und Raffinesse.","breadcrumb":{"@id":"https:\/\/www.csj-emballages.com\/de\/produit\/essbare-perlen-mehrfarbig-100-gr\/#breadcrumb"},"inLanguage":"de","potentialAction":[{"@type":"ReadAction","target":["https:\/\/www.csj-emballages.com\/de\/produit\/essbare-perlen-mehrfarbig-100-gr\/"]}]},{"@type":"ImageObject","inLanguage":"de","@id":"https:\/\/www.csj-emballages.com\/de\/produit\/essbare-perlen-mehrfarbig-100-gr\/#primaryimage","url":"https:\/\/www.csj-emballages.com\/wp-content\/uploads\/2024\/12\/Perles-multicolores.webp","contentUrl":"https:\/\/www.csj-emballages.com\/wp-content\/uploads\/2024\/12\/Perles-multicolores.webp","width":800,"height":800,"caption":"Perles comestibles multicolores"},{"@type":"BreadcrumbList","@id":"https:\/\/www.csj-emballages.com\/de\/produit\/essbare-perlen-mehrfarbig-100-gr\/#breadcrumb","itemListElement":[{"@type":"ListItem","position":1,"name":"Accueil","item":"https:\/\/www.csj-emballages.com\/de\/universum-lebensmittelverpackungen\/"},{"@type":"ListItem","position":2,"name":"Shop","item":"https:\/\/www.csj-emballages.com\/shop\/"},{"@type":"ListItem","position":3,"name":"Essbare Perlen mehrfarbig 100 gr"}]},{"@type":"WebSite","@id":"https:\/\/www.csj-emballages.com\/de\/#website","url":"https:\/\/www.csj-emballages.com\/de\/","name":"CSJ Emballages","description":"","publisher":{"@id":"https:\/\/www.csj-emballages.com\/de\/#organization"},"potentialAction":[{"@type":"SearchAction","target":{"@type":"EntryPoint","urlTemplate":"https:\/\/www.csj-emballages.com\/de\/?s={search_term_string}"},"query-input":{"@type":"PropertyValueSpecification","valueRequired":true,"valueName":"search_term_string"}}],"inLanguage":"de"},{"@type":"Organization","@id":"https:\/\/www.csj-emballages.com\/de\/#Organization\/","name":"CSJ Emballages","url":"https:\/\/www.csj-emballages.com\/de\/","logo":{"@type":"ImageObject","inLanguage":"de","@id":"https:\/\/www.csj-emballages.com\/de\/#\/schema\/logo\/image\/","url":"https:\/\/www.csj-emballages.com\/wp-content\/uploads\/2023\/10\/logo_csj.webp","contentUrl":"https:\/\/www.csj-emballages.com\/wp-content\/uploads\/2023\/10\/logo_csj.webp","width":250,"height":95,"caption":"CSJ Emballages"},"image":{"@id":"https:\/\/www.csj-emballages.com\/de\/#\/schema\/logo\/image\/"},"sameAs":["https:\/\/www.facebook.com\/csjemballages"],"address":{"@type":"PostalAddress","streetAddress":"ZI La Lechere","addressLocality":"Patornay","postalCode":"39130","addressCountry":"FR"},"contactPoint":[{"@type":"ContactPoint","contactType":"Service client","telephone":"0384254272","email":"contact@csj-emballages.com"}]}]}},"df_price":3.15,"df_sale_price":3.15,"df_regular_price":4.49,"df_image_link":"https:\/\/www.csj-emballages.com\/wp-content\/uploads\/2024\/12\/Perles-multicolores-300x300.webp","tiered_pricing_type":"fixed","tiered_pricing_fixed_rules":[],"tiered_pricing_percentage_rules":[],"tiered_pricing_minimum":1,"tiered_pricing_roles_data":[],"_links":{"self":[{"href":"https:\/\/www.csj-emballages.com\/de\/wp-json\/wp\/v2\/product\/226090","targetHints":{"allow":["GET"]}}],"collection":[{"href":"https:\/\/www.csj-emballages.com\/de\/wp-json\/wp\/v2\/product"}],"about":[{"href":"https:\/\/www.csj-emballages.com\/de\/wp-json\/wp\/v2\/types\/product"}],"wp:featuredmedia":[{"embeddable":true,"href":"https:\/\/www.csj-emballages.com\/de\/wp-json\/wp\/v2\/media\/219464"}],"wp:attachment":[{"href":"https:\/\/www.csj-emballages.com\/de\/wp-json\/wp\/v2\/media?parent=226090"}],"wp:term":[{"taxonomy":"product_brand","embeddable":true,"href":"https:\/\/www.csj-emballages.com\/de\/wp-json\/wp\/v2\/product_brand?post=226090"},{"taxonomy":"product_cat","embeddable":true,"href":"https:\/\/www.csj-emballages.com\/de\/wp-json\/wp\/v2\/product_cat?post=226090"},{"taxonomy":"product_tag","embeddable":true,"href":"https:\/\/www.csj-emballages.com\/de\/wp-json\/wp\/v2\/product_tag?post=226090"}],"curies":[{"name":"wp","href":"https:\/\/api.w.org\/{rel}","templated":true}]}}