{"id":226083,"date":"2024-12-19T02:18:46","date_gmt":"2024-12-19T01:18:46","guid":{"rendered":"https:\/\/www.csj-emballages.com\/produit\/fluessiges-aroma-orangenbluete-1-liter\/"},"modified":"2026-04-17T02:10:44","modified_gmt":"2026-04-17T00:10:44","slug":"fluessiges-aroma-orangenbluete-1-liter","status":"publish","type":"product","link":"https:\/\/www.csj-emballages.com\/de\/produit\/fluessiges-aroma-orangenbluete-1-liter\/","title":{"rendered":"Fl\u00fcssiges Aroma Orangenbl\u00fcte 1 Liter"},"content":{"rendered":"<h2>Fl\u00fcssiges Aroma<\/h2>\n<hr>\n<h3>Beschreibung unseres fl\u00fcssigen Aromas Orangenbl\u00fcte 1000 ml<\/h3>\n<p><!--more--><\/p>\n<div class=\"flex-1 overflow-hidden @container\/thread\">\n<div class=\"h-full\">\n<div class=\"react-scroll-to-bottom--css-xispg-79elbk h-full\">\n<div class=\"react-scroll-to-bottom--css-xispg-1n7m0yu\">\n<div class=\"flex flex-col text-sm md:pb-9\">\n<article class=\"w-full scroll-mb-[var(--thread-trailing-height,150px)] text-token-text-primary focus-visible:outline-2 focus-visible:outline-offset-[-4px]\" dir=\"auto\" data-testid=\"conversation-turn-15\" data-scroll-anchor=\"true\">\n<div class=\"m-auto text-base py-[18px] px-3 md:px-4 w-full md:px-5 lg:px-4 xl:px-5\">\n<div class=\"mx-auto flex flex-1 gap-4 text-base md:gap-5 lg:gap-6 md:max-w-3xl lg:max-w-[40rem] xl:max-w-[48rem]\">\n<div class=\"group\/conversation-turn relative flex w-full min-w-0 flex-col agent-turn\">\n<div class=\"flex-col gap-1 md:gap-3\">\n<div class=\"flex max-w-full flex-col flex-grow\">\n<div class=\"min-h-8 text-message flex w-full flex-col items-end gap-2 whitespace-normal break-words text-start [.text-message+&amp;]:mt-5\" dir=\"auto\" data-message-author-role=\"assistant\" data-message-id=\"d5505132-ccae-4219-a1f8-f62fd3361021\" data-message-model-slug=\"gpt-4o-mini\">\n<div class=\"flex w-full flex-col gap-1 empty:hidden first:pt-[3px]\">\n<div class=\"markdown prose w-full break-words dark:prose-invert dark\">\n<p>Entdecken Sie unser <strong>fl\u00fcssiges Aroma<\/strong> mit dem s\u00fc\u00dfen und zarten Duft von <strong>Orangenbl\u00fcte<\/strong>. Dieses Produkt wurde entwickelt, um Ihren Rezepten eine leichte und subtile florale Note zu verleihen, w\u00e4hrend es der nat\u00fcrlichen Essenz dieser Blume treu bleibt. Mit seinem gro\u00dfz\u00fcgigen Format von 1000 ml ist es perfekt f\u00fcr K\u00fcchenprofis, Konditoren oder Hobbyk\u00f6che. Dank seiner einfachen Anwendung k\u00f6nnen Sie Ihren Kreationen m\u00fchelos eine raffinierte Note hinzuf\u00fcgen. Dieses <strong>fl\u00fcssige Aroma<\/strong> <strong>Orangenbl\u00fcte<\/strong> ist \u00e4u\u00dferst vielseitig. Es kann zum Aromatisieren einer Vielzahl von Gerichten, Desserts und Getr\u00e4nken verwendet werden. Wenige Tropfen gen\u00fcgen, um eine angenehme und beruhigende florale Note zu erzielen. Sein leichter und subtiler Duft verfeinert jedes Rezept, ohne andere Geschmacksrichtungen zu \u00fcberdecken. In der Patisserie ist es ideal zum Aromatisieren von Brioches, Madeleines oder Financiers.        <\/p>\n<\/div>\n<\/div>\n<\/div>\n<p>&nbsp;<\/p>\n<div class=\"min-h-8 text-message flex w-full flex-col items-end gap-2 whitespace-normal break-words text-start [.text-message+&amp;]:mt-5\" dir=\"auto\" data-message-author-role=\"assistant\" data-message-id=\"d5505132-ccae-4219-a1f8-f62fd3361021\" data-message-model-slug=\"gpt-4o-mini\">\n<div class=\"flex w-full flex-col gap-1 empty:hidden first:pt-[3px]\">\n<div class=\"markdown prose w-full break-words dark:prose-invert dark\">\n<p><!--more--><\/p>\n<h4>Praktische und kosteng\u00fcnstige Nutzung<\/h4>\n<p>Einer der gro\u00dfen Vorteile dieses <strong>Orangenbl\u00fctenaromas<\/strong> ist seine einfache Anwendung. Dank seiner Gr\u00f6\u00dfe von <strong>1000 ml<\/strong> kann es in gro\u00dfen Mengen verwendet werden, ideal f\u00fcr Berufst\u00e4tige, die regelm\u00e4\u00dfig Rezepte zubereiten, f\u00fcr die diese Zutat ben\u00f6tigt wird. Die Flasche ist mit einem praktischen Verschluss versehen, mit dem Sie genau dosieren k\u00f6nnen und so Verschwendung vermeiden. Eine kleine Menge reicht in der Regel aus, um den gew\u00fcnschten Duft zu erzielen, so dass Sie dieses Produkt das ganze Jahr \u00fcber verwenden k\u00f6nnen.   <\/p>\n<p>Dieses <strong>fl\u00fcssige Aroma<\/strong> wird auch f\u00fcr seine Vielseitigkeit gesch\u00e4tzt. Sie k\u00f6nnen es in s\u00fc\u00dfen oder herzhaften Rezepten verwenden. Zum Beispiel kann es Saucen f\u00fcr mediterrane oder orientalische Gerichte beigef\u00fcgt werden. Sein zarter Duft harmoniert perfekt mit Zutaten wie Zitrusfr\u00fcchten, Honig, Mandeln oder Trockenfr\u00fcchten. In der Patisserie verleiht es einfachen Rezepten wie Madeleines, Kuchen oder Biskuitb\u00f6den eine zus\u00e4tzliche Dimension. Zusammenfassend ist dieses Produkt eine echte Bereicherung, um Ihre gewohnten Rezepte mit neuen Geschmacksrichtungen zu verfeinern.     <\/p>\n<h3><\/h3>\n<\/div>\n<\/div>\n<\/div>\n<\/div>\n<\/div>\n<\/div>\n<\/div>\n<\/div>\n<\/article>\n<\/div>\n<\/div>\n<\/div>\n<\/div>\n<\/div>\n<p><!--more--><\/p>\n<p><span style=\"color: #ff0000;\"><strong>Mindesthaltbarkeitsdatum (MHD) \u00fcberschritten 06\/2025<\/strong><\/span><\/p>\n<p>&nbsp;<\/p>\n<p><!--more--><\/p>\n<h4>Vorteile :<\/h4>\n<ul>\n<li>Das <strong>fl\u00fcssige Orangenbl\u00fctenaroma<\/strong> bietet einen subtilen und angenehmen Duft, ideal zum Aromatisieren Ihrer Rezepte.<\/li>\n<li>Perfekt f\u00fcr eine Vielzahl s\u00fc\u00dfer und herzhafter Zubereitungen, einschlie\u00dflich Geb\u00e4ck, Saucen und Getr\u00e4nken.<\/li>\n<li>Die 1000-ml-Flasche ist f\u00fcr Profis oder Hobbyk\u00f6che geeignet.<\/li>\n<li>Der luftdichte Verschluss garantiert optimale Konservierung und l\u00e4ngere Frische.<\/li>\n<\/ul>\n<p>&nbsp;<\/p>\n<p><!--more--><\/p>\n<h4>Weitere Informationen :<\/h4>\n<ul>\n<li><b>H\u00f6he: <\/b>300 mm<\/li>\n<li><strong>Verpackung<\/strong>: Einzeln<\/li>\n<li><strong>Volumen<\/strong>: 1000 ml<\/li>\n<li><b>Geschmack: <\/b>Orangenbl\u00fcte<\/li>\n<li><strong>Dosierung<\/strong>: 20g\/kg<\/li>\n<\/ul>\n<p>&nbsp;<\/p>\n<p><!--more--><\/p>\n<h4>Zusammensetzung :<\/h4>\n<ul>\n<li><strong>Wasser<\/strong> \/ <strong>Nat\u00fcrliches Aroma Orangenbl\u00fcte \/ Aroma Orangenbl\u00fcte<\/strong><\/li>\n<\/ul>\n<p>&nbsp;<\/p>\n<p><!--more--><\/p>\n<p>Produkt in verschiedenen Geschmacksrichtungen erh\u00e4ltlich : <span style=\"color: #d12727;\"><a style=\"color: #d12727;\" href=\"https:\/\/www.csj-emballages.com\/es\/produit\/liquido-sabor-cafe-50-ml\/\">Kaffee<\/a><\/span> \/ <span style=\"color: #d12727;\"><a style=\"color: #d12727;\" href=\"https:\/\/www.csj-emballages.com\/es\/produit\/aroma-liquido-de-vainilla-50-ml\/\">Vanille<\/a><\/span> \/ <span style=\"color: #d12727;\"><a style=\"color: #d12727;\" href=\"https:\/\/www.csj-emballages.com\/es\/produit\/aroma-de-cacao-liquido-50-ml\/\">Kakao<\/a><\/span> \/ <span style=\"color: #d12727;\"><a style=\"color: #d12727;\" href=\"https:\/\/www.csj-emballages.com\/es\/produit\/liquido-sabor-limon-50-ml\/\">Zitrone<\/a><\/span> \/ <span style=\"color: #d12727;\"><a style=\"color: #d12727;\" href=\"https:\/\/www.csj-emballages.com\/es\/produit\/fresa-sabor-liquido-50-ml\/\">Erdbeere<\/a><\/span> \/ <span style=\"color: #d12727;\"><a style=\"color: #d12727;\" href=\"https:\/\/www.csj-emballages.com\/es\/produit\/liquido-sabor-almendra-amarga-50-ml\/\">Bittere Mandel<\/a><\/span><\/p>\n<p>&nbsp;<\/p>\n<p><!--more--><\/p>\n<p><a href=\"https:\/\/www.csj-emballages.com\/de\/categorie-produit\/lebensmittel\/konditorei\/aromen\/\">Entdecken Sie den Rest unseres Sortiments an Aromen<\/a><\/p>\n","protected":false},"excerpt":{"rendered":"<p>Fl\u00fcssiges Aroma Beschreibung unseres fl\u00fcssigen Aromas Orangenbl\u00fcte 1000 ml<\/p>\n","protected":false},"featured_media":219254,"template":"","meta":{"_acf_changed":false},"product_brand":[],"product_cat":[1137,10243,1144,9215,9230,11576],"product_tag":[],"class_list":{"0":"post-226083","1":"product","2":"type-product","3":"status-publish","4":"has-post-thumbnail","6":"product_cat-lebensmittelverpackungen","7":"product_cat-anti-verschwendung","8":"product_cat-lebensmittel","9":"product_cat-konditorei","10":"product_cat-aromen","11":"product_cat-lagerbestand","13":"first","14":"instock","15":"sale","16":"taxable","17":"shipping-taxable","18":"purchasable","19":"product-type-simple"},"acf":[],"yoast_head":"<!-- This site is optimized with the Yoast SEO Premium plugin v26.6 (Yoast SEO v26.6) - https:\/\/yoast.com\/wordpress\/plugins\/seo\/ -->\n<title>Fl\u00fcssiges Aroma Orangenbl\u00fcte - 50 ml<\/title>\n<meta name=\"description\" content=\"Fl\u00fcssiges Aroma Orangenbl\u00fcte 50 ml: Ein nat\u00fcrlicher und vielseitiger Geschmack, um Ihre s\u00fc\u00dfen oder herzhaften Rezepte zu verfeinern. Praktisches Format und einfach zu dosieren\" \/>\n<meta name=\"robots\" content=\"index, follow, max-snippet:-1, max-image-preview:large, max-video-preview:-1\" \/>\n<link rel=\"canonical\" href=\"https:\/\/www.csj-emballages.com\/de\/produit\/fluessiges-aroma-orangenbluete-1-liter\/\" \/>\n<meta property=\"og:locale\" content=\"de_DE\" \/>\n<meta property=\"og:type\" content=\"article\" \/>\n<meta property=\"og:title\" content=\"Fl\u00fcssiges Aroma Orangenbl\u00fcte 1 Liter\" \/>\n<meta property=\"og:description\" content=\"Fl\u00fcssiges Aroma Orangenbl\u00fcte 50 ml: Ein nat\u00fcrlicher und vielseitiger Geschmack, um Ihre s\u00fc\u00dfen oder herzhaften Rezepte zu verfeinern. Praktisches Format und einfach zu dosieren\" \/>\n<meta property=\"og:url\" content=\"https:\/\/www.csj-emballages.com\/de\/produit\/fluessiges-aroma-orangenbluete-1-liter\/\" \/>\n<meta property=\"og:site_name\" content=\"CSJ Emballages\" \/>\n<meta property=\"article:publisher\" content=\"https:\/\/www.facebook.com\/csjemballages\" \/>\n<meta property=\"article:modified_time\" content=\"2026-04-17T00:10:44+00:00\" \/>\n<meta property=\"og:image\" content=\"https:\/\/www.csj-emballages.com\/wp-content\/uploads\/2024\/12\/Arome-fleur-doranger.webp\" \/>\n\t<meta property=\"og:image:width\" content=\"800\" \/>\n\t<meta property=\"og:image:height\" content=\"800\" \/>\n\t<meta property=\"og:image:type\" content=\"image\/webp\" \/>\n<meta name=\"twitter:card\" content=\"summary_large_image\" \/>\n<meta name=\"twitter:label1\" content=\"Gesch\u00e4tzte Lesezeit\" \/>\n\t<meta name=\"twitter:data1\" content=\"2 Minuten\" \/>\n<script type=\"application\/ld+json\" class=\"yoast-schema-graph\">{\"@context\":\"https:\/\/schema.org\",\"@graph\":[{\"@type\":\"WebPage\",\"@id\":\"https:\/\/www.csj-emballages.com\/de\/produit\/fluessiges-aroma-orangenbluete-1-liter\/\",\"url\":\"https:\/\/www.csj-emballages.com\/de\/produit\/fluessiges-aroma-orangenbluete-1-liter\/\",\"name\":\"Fl\u00fcssiges Aroma Orangenbl\u00fcte - 50 ml\",\"isPartOf\":{\"@id\":\"https:\/\/www.csj-emballages.com\/de\/#website\"},\"primaryImageOfPage\":{\"@id\":\"https:\/\/www.csj-emballages.com\/de\/produit\/fluessiges-aroma-orangenbluete-1-liter\/#primaryimage\"},\"image\":{\"@id\":\"https:\/\/www.csj-emballages.com\/de\/produit\/fluessiges-aroma-orangenbluete-1-liter\/#primaryimage\"},\"thumbnailUrl\":\"https:\/\/www.csj-emballages.com\/wp-content\/uploads\/2024\/12\/Arome-fleur-doranger.webp\",\"datePublished\":\"2024-12-19T01:18:46+00:00\",\"dateModified\":\"2026-04-17T00:10:44+00:00\",\"description\":\"Fl\u00fcssiges Aroma Orangenbl\u00fcte 50 ml: Ein nat\u00fcrlicher und vielseitiger Geschmack, um Ihre s\u00fc\u00dfen oder herzhaften Rezepte zu verfeinern. Praktisches Format und einfach zu dosieren\",\"breadcrumb\":{\"@id\":\"https:\/\/www.csj-emballages.com\/de\/produit\/fluessiges-aroma-orangenbluete-1-liter\/#breadcrumb\"},\"inLanguage\":\"de\",\"potentialAction\":[{\"@type\":\"ReadAction\",\"target\":[\"https:\/\/www.csj-emballages.com\/de\/produit\/fluessiges-aroma-orangenbluete-1-liter\/\"]}]},{\"@type\":\"ImageObject\",\"inLanguage\":\"de\",\"@id\":\"https:\/\/www.csj-emballages.com\/de\/produit\/fluessiges-aroma-orangenbluete-1-liter\/#primaryimage\",\"url\":\"https:\/\/www.csj-emballages.com\/wp-content\/uploads\/2024\/12\/Arome-fleur-doranger.webp\",\"contentUrl\":\"https:\/\/www.csj-emballages.com\/wp-content\/uploads\/2024\/12\/Arome-fleur-doranger.webp\",\"width\":800,\"height\":800,\"caption\":\"Ar\u00f4me liquide fleur d'oranger\"},{\"@type\":\"BreadcrumbList\",\"@id\":\"https:\/\/www.csj-emballages.com\/de\/produit\/fluessiges-aroma-orangenbluete-1-liter\/#breadcrumb\",\"itemListElement\":[{\"@type\":\"ListItem\",\"position\":1,\"name\":\"Accueil\",\"item\":\"https:\/\/www.csj-emballages.com\/de\/universum-lebensmittelverpackungen\/\"},{\"@type\":\"ListItem\",\"position\":2,\"name\":\"Shop\",\"item\":\"https:\/\/www.csj-emballages.com\/shop\/\"},{\"@type\":\"ListItem\",\"position\":3,\"name\":\"Fl\u00fcssiges Aroma Orangenbl\u00fcte 1 Liter\"}]},{\"@type\":\"WebSite\",\"@id\":\"https:\/\/www.csj-emballages.com\/de\/#website\",\"url\":\"https:\/\/www.csj-emballages.com\/de\/\",\"name\":\"CSJ Emballages\",\"description\":\"\",\"publisher\":{\"@id\":\"https:\/\/www.csj-emballages.com\/de\/#organization\"},\"potentialAction\":[{\"@type\":\"SearchAction\",\"target\":{\"@type\":\"EntryPoint\",\"urlTemplate\":\"https:\/\/www.csj-emballages.com\/de\/?s={search_term_string}\"},\"query-input\":{\"@type\":\"PropertyValueSpecification\",\"valueRequired\":true,\"valueName\":\"search_term_string\"}}],\"inLanguage\":\"de\"},{\"@type\":\"Organization\",\"@id\":\"https:\/\/www.csj-emballages.com\/de\/#Organization\/\",\"name\":\"CSJ Emballages\",\"url\":\"https:\/\/www.csj-emballages.com\/de\/\",\"logo\":{\"@type\":\"ImageObject\",\"inLanguage\":\"de\",\"@id\":\"https:\/\/www.csj-emballages.com\/de\/#\/schema\/logo\/image\/\",\"url\":\"https:\/\/www.csj-emballages.com\/wp-content\/uploads\/2023\/10\/logo_csj.webp\",\"contentUrl\":\"https:\/\/www.csj-emballages.com\/wp-content\/uploads\/2023\/10\/logo_csj.webp\",\"width\":250,\"height\":95,\"caption\":\"CSJ Emballages\"},\"image\":{\"@id\":\"https:\/\/www.csj-emballages.com\/de\/#\/schema\/logo\/image\/\"},\"sameAs\":[\"https:\/\/www.facebook.com\/csjemballages\"],\"address\":{\"@type\":\"PostalAddress\",\"streetAddress\":\"ZI La Lechere\",\"addressLocality\":\"Patornay\",\"postalCode\":\"39130\",\"addressCountry\":\"FR\"},\"contactPoint\":[{\"@type\":\"ContactPoint\",\"contactType\":\"Service client\",\"telephone\":\"0384254272\",\"email\":\"contact@csj-emballages.com\"}]}]}<\/script>\n<!-- \/ Yoast SEO Premium plugin. -->","yoast_head_json":{"title":"Fl\u00fcssiges Aroma Orangenbl\u00fcte - 50 ml","description":"Fl\u00fcssiges Aroma Orangenbl\u00fcte 50 ml: Ein nat\u00fcrlicher und vielseitiger Geschmack, um Ihre s\u00fc\u00dfen oder herzhaften Rezepte zu verfeinern. Praktisches Format und einfach zu dosieren","robots":{"index":"index","follow":"follow","max-snippet":"max-snippet:-1","max-image-preview":"max-image-preview:large","max-video-preview":"max-video-preview:-1"},"canonical":"https:\/\/www.csj-emballages.com\/de\/produit\/fluessiges-aroma-orangenbluete-1-liter\/","og_locale":"de_DE","og_type":"article","og_title":"Fl\u00fcssiges Aroma Orangenbl\u00fcte 1 Liter","og_description":"Fl\u00fcssiges Aroma Orangenbl\u00fcte 50 ml: Ein nat\u00fcrlicher und vielseitiger Geschmack, um Ihre s\u00fc\u00dfen oder herzhaften Rezepte zu verfeinern. Praktisches Format und einfach zu dosieren","og_url":"https:\/\/www.csj-emballages.com\/de\/produit\/fluessiges-aroma-orangenbluete-1-liter\/","og_site_name":"CSJ Emballages","article_publisher":"https:\/\/www.facebook.com\/csjemballages","article_modified_time":"2026-04-17T00:10:44+00:00","og_image":[{"width":800,"height":800,"url":"https:\/\/www.csj-emballages.com\/wp-content\/uploads\/2024\/12\/Arome-fleur-doranger.webp","type":"image\/webp"}],"twitter_card":"summary_large_image","twitter_misc":{"Gesch\u00e4tzte Lesezeit":"2 Minuten"},"schema":{"@context":"https:\/\/schema.org","@graph":[{"@type":"WebPage","@id":"https:\/\/www.csj-emballages.com\/de\/produit\/fluessiges-aroma-orangenbluete-1-liter\/","url":"https:\/\/www.csj-emballages.com\/de\/produit\/fluessiges-aroma-orangenbluete-1-liter\/","name":"Fl\u00fcssiges Aroma Orangenbl\u00fcte - 50 ml","isPartOf":{"@id":"https:\/\/www.csj-emballages.com\/de\/#website"},"primaryImageOfPage":{"@id":"https:\/\/www.csj-emballages.com\/de\/produit\/fluessiges-aroma-orangenbluete-1-liter\/#primaryimage"},"image":{"@id":"https:\/\/www.csj-emballages.com\/de\/produit\/fluessiges-aroma-orangenbluete-1-liter\/#primaryimage"},"thumbnailUrl":"https:\/\/www.csj-emballages.com\/wp-content\/uploads\/2024\/12\/Arome-fleur-doranger.webp","datePublished":"2024-12-19T01:18:46+00:00","dateModified":"2026-04-17T00:10:44+00:00","description":"Fl\u00fcssiges Aroma Orangenbl\u00fcte 50 ml: Ein nat\u00fcrlicher und vielseitiger Geschmack, um Ihre s\u00fc\u00dfen oder herzhaften Rezepte zu verfeinern. Praktisches Format und einfach zu dosieren","breadcrumb":{"@id":"https:\/\/www.csj-emballages.com\/de\/produit\/fluessiges-aroma-orangenbluete-1-liter\/#breadcrumb"},"inLanguage":"de","potentialAction":[{"@type":"ReadAction","target":["https:\/\/www.csj-emballages.com\/de\/produit\/fluessiges-aroma-orangenbluete-1-liter\/"]}]},{"@type":"ImageObject","inLanguage":"de","@id":"https:\/\/www.csj-emballages.com\/de\/produit\/fluessiges-aroma-orangenbluete-1-liter\/#primaryimage","url":"https:\/\/www.csj-emballages.com\/wp-content\/uploads\/2024\/12\/Arome-fleur-doranger.webp","contentUrl":"https:\/\/www.csj-emballages.com\/wp-content\/uploads\/2024\/12\/Arome-fleur-doranger.webp","width":800,"height":800,"caption":"Ar\u00f4me liquide fleur d'oranger"},{"@type":"BreadcrumbList","@id":"https:\/\/www.csj-emballages.com\/de\/produit\/fluessiges-aroma-orangenbluete-1-liter\/#breadcrumb","itemListElement":[{"@type":"ListItem","position":1,"name":"Accueil","item":"https:\/\/www.csj-emballages.com\/de\/universum-lebensmittelverpackungen\/"},{"@type":"ListItem","position":2,"name":"Shop","item":"https:\/\/www.csj-emballages.com\/shop\/"},{"@type":"ListItem","position":3,"name":"Fl\u00fcssiges Aroma Orangenbl\u00fcte 1 Liter"}]},{"@type":"WebSite","@id":"https:\/\/www.csj-emballages.com\/de\/#website","url":"https:\/\/www.csj-emballages.com\/de\/","name":"CSJ Emballages","description":"","publisher":{"@id":"https:\/\/www.csj-emballages.com\/de\/#organization"},"potentialAction":[{"@type":"SearchAction","target":{"@type":"EntryPoint","urlTemplate":"https:\/\/www.csj-emballages.com\/de\/?s={search_term_string}"},"query-input":{"@type":"PropertyValueSpecification","valueRequired":true,"valueName":"search_term_string"}}],"inLanguage":"de"},{"@type":"Organization","@id":"https:\/\/www.csj-emballages.com\/de\/#Organization\/","name":"CSJ Emballages","url":"https:\/\/www.csj-emballages.com\/de\/","logo":{"@type":"ImageObject","inLanguage":"de","@id":"https:\/\/www.csj-emballages.com\/de\/#\/schema\/logo\/image\/","url":"https:\/\/www.csj-emballages.com\/wp-content\/uploads\/2023\/10\/logo_csj.webp","contentUrl":"https:\/\/www.csj-emballages.com\/wp-content\/uploads\/2023\/10\/logo_csj.webp","width":250,"height":95,"caption":"CSJ Emballages"},"image":{"@id":"https:\/\/www.csj-emballages.com\/de\/#\/schema\/logo\/image\/"},"sameAs":["https:\/\/www.facebook.com\/csjemballages"],"address":{"@type":"PostalAddress","streetAddress":"ZI La Lechere","addressLocality":"Patornay","postalCode":"39130","addressCountry":"FR"},"contactPoint":[{"@type":"ContactPoint","contactType":"Service client","telephone":"0384254272","email":"contact@csj-emballages.com"}]}]}},"df_price":3.27,"df_sale_price":3.27,"df_regular_price":4.67,"df_image_link":"https:\/\/www.csj-emballages.com\/wp-content\/uploads\/2024\/12\/Arome-fleur-doranger-300x300.webp","tiered_pricing_type":"fixed","tiered_pricing_fixed_rules":[],"tiered_pricing_percentage_rules":[],"tiered_pricing_minimum":1,"tiered_pricing_roles_data":[],"_links":{"self":[{"href":"https:\/\/www.csj-emballages.com\/de\/wp-json\/wp\/v2\/product\/226083","targetHints":{"allow":["GET"]}}],"collection":[{"href":"https:\/\/www.csj-emballages.com\/de\/wp-json\/wp\/v2\/product"}],"about":[{"href":"https:\/\/www.csj-emballages.com\/de\/wp-json\/wp\/v2\/types\/product"}],"wp:featuredmedia":[{"embeddable":true,"href":"https:\/\/www.csj-emballages.com\/de\/wp-json\/wp\/v2\/media\/219254"}],"wp:attachment":[{"href":"https:\/\/www.csj-emballages.com\/de\/wp-json\/wp\/v2\/media?parent=226083"}],"wp:term":[{"taxonomy":"product_brand","embeddable":true,"href":"https:\/\/www.csj-emballages.com\/de\/wp-json\/wp\/v2\/product_brand?post=226083"},{"taxonomy":"product_cat","embeddable":true,"href":"https:\/\/www.csj-emballages.com\/de\/wp-json\/wp\/v2\/product_cat?post=226083"},{"taxonomy":"product_tag","embeddable":true,"href":"https:\/\/www.csj-emballages.com\/de\/wp-json\/wp\/v2\/product_tag?post=226083"}],"curies":[{"name":"wp","href":"https:\/\/api.w.org\/{rel}","templated":true}]}}