{"id":226079,"date":"2024-12-19T02:18:40","date_gmt":"2024-12-19T01:18:40","guid":{"rendered":"https:\/\/www.csj-emballages.com\/produit\/fluessiges-aroma-pistazie-50-ml\/"},"modified":"2026-03-12T16:05:30","modified_gmt":"2026-03-12T15:05:30","slug":"fluessiges-aroma-pistazie-50-ml","status":"publish","type":"product","link":"https:\/\/www.csj-emballages.com\/de\/produit\/fluessiges-aroma-pistazie-50-ml\/","title":{"rendered":"Fl\u00fcssiges Aroma Pistazie 50 ml"},"content":{"rendered":"<h2>Fl\u00fcssiges Aroma<\/h2>\n<hr>\n<h3>Beschreibung unseres fl\u00fcssigen Aromas Pistazie 50 ml<\/h3>\n<p><!--more--><\/p>\n<p>Entdecken Sie unser <strong>fl\u00fcssiges Aroma<\/strong> mit dem zarten und authentischen Geschmack von <strong>Pistazien<\/strong>. Dieses Produkt wurde sorgf\u00e4ltig entwickelt, um Ihren kulinarischen Zubereitungen eine s\u00fc\u00dfe und raffinierte Note zu verleihen. Ob f\u00fcr ein Getr\u00e4nk, ein Dessert oder ein Geb\u00e4ck, dieses <strong>Pistazienaroma<\/strong> passt perfekt zu Ihren Rezepten. Dank seiner praktischen Gr\u00f6\u00dfe von <strong>50 ml<\/strong> erf\u00fcllt es die Bed\u00fcrfnisse von Amateuren und Profis und l\u00e4sst sich f\u00fcr ein optimales Ergebnis leicht dosieren. Die Verwendung dieses <strong>fl\u00fcssigen<\/strong> <strong>Pistazienaromas<\/strong> ist einfach und flexibel. Einige Tropfen gen\u00fcgen, um Ihre Kreationen zu parf\u00fcmieren, und sein subtiler Geschmack verbreitet sich harmonisch in Ihren Rezepten. Sie k\u00f6nnen es f\u00fcr Cremes, Eiscreme, Geb\u00e4ck oder sogar f\u00fcr hei\u00dfe und kalte Getr\u00e4nke verwenden. Beispielsweise verleiht er einem Cappuccino oder Latte Macchiato eine k\u00f6stliche Note oder verleiht einem Kuchen oder einer Mousse au Chocolat Tiefe.       <\/p>\n<p>&nbsp;<\/p>\n<p><!--more--><\/p>\n<h4>Ein vielseitiges Aroma<\/h4>\n<p>Dieses <strong>Pistazienaroma<\/strong> ist auch eine sehr vielseitige Zutat. Neben traditionellen Desserts eignet es sich auch hervorragend f\u00fcr kreative Rezepte. Beispielsweise k\u00f6nnen Sie es in Cremes oder So\u00dfen f\u00fcr herzhafte Gerichte geben und damit eine s\u00fc\u00dfe und originelle Note verleihen. Besonders interessant kann dies in Gerichten mit Gefl\u00fcgel oder in Mischungen mit N\u00fcssen und Trockenfr\u00fcchten sein. So k\u00f6nnen Sie mit diesem <strong>fl\u00fcssigen Aroma<\/strong> gewagte Rezepte kreieren, sei es beim Kochen oder Backen.    <\/p>\n<p>Neben seiner einfachen Anwendung l\u00e4sst sich dieses <strong>fl\u00fcssige Pistazienaroma<\/strong> dank der luftdichten Flasche auch gut aufbewahren. Achten Sie nach jedem Gebrauch darauf, die Flasche gut zu verschlie\u00dfen, um die Qualit\u00e4t des Produkts zu erhalten. So k\u00f6nnen Sie seinen reichen und nat\u00fcrlichen Geschmack lange Zeit genie\u00dfen. Au\u00dferdem ist die Flasche praktisch und l\u00e4sst sich leicht verstauen, was ein gro\u00dfer Vorteil f\u00fcr die Alltagsk\u00fcche ist.   <\/p>\n<p>&nbsp;<\/p>\n<p><!--more--><\/p>\n<h4>Eine raffinierte Note f\u00fcr all Ihre Rezepte<\/h4>\n<p>Das<strong>fl\u00fcssige Aroma<\/strong> Pistazie ist die perfekte Zutat, um Ihren Gerichten eine raffinierte Note zu verleihen. Sein s\u00fc\u00dfer, subtiler Geschmack l\u00e4sst sich mit vielen anderen Geschmacksrichtungen wie Fr\u00fcchten, Schokolade oder Vanille kombinieren. Tats\u00e4chlich ist dieses <strong>Pistazienaroma<\/strong> ideal, um Geb\u00e4ck, Eis und anderen Desserts eine feine Nuance zu verleihen, indem es ihnen einen raffinierten und ausgewogenen Geschmack verleiht. Sie k\u00f6nnen es zum Parf\u00fcmieren von Ganaches, Mousses oder sogar zum Anreichern von s\u00fc\u00dfen Saucen verwenden.   <\/p>\n<p>Dieses Produkt ist auch bei professionellen Konditoren sehr beliebt, die damit einzigartige und kreative Rezepte kreieren. Wenn Sie es in Kuchen, Makronen oder Eclairs einr\u00fchren, f\u00fcgen Sie einen subtilen, aber markanten Geschmack hinzu, der selbst den feinsten Gaumen begeistert. Dar\u00fcber hinaus kann dieses <strong>fl\u00fcssige Pistazienaroma<\/strong> auch in Getr\u00e4nken wie Smoothies, Milchshakes oder Cocktails verwendet werden. Es wird Ihren Kreationen einen Hauch von Raffinesse und Originalit\u00e4t verleihen.   <\/p>\n<p>Zusammenfassend l\u00e4sst sich sagen, dass das<strong>fl\u00fcssige Pistazienaroma<\/strong> ein unverzichtbares Produkt f\u00fcr jeden ist, der seinen kulinarischen Kreationen eine raffinierte Note verleihen m\u00f6chte. Es ist einfach zu verwenden, vielseitig einsetzbar und bietet einen authentischen Geschmack, der sich perfekt mit vielen Rezepten kombinieren l\u00e4sst. Warten Sie nicht l\u00e4nger, sondern probieren Sie dieses <strong>Pistazienaroma<\/strong> aus und lassen Sie Ihrer kulinarischen Kreativit\u00e4t freien Lauf.  <\/p>\n<p>&nbsp;<\/p>\n<p><!--more--><\/p>\n<h4>Seine Vorteile :<\/h4>\n<ul>\n<li><strong>Subtiler und raffinierter Geschmack<\/strong>: Das<strong>Pistazienaroma<\/strong> sorgt f\u00fcr einen s\u00fc\u00dfen und authentischen Geschmack, der ideal ist, um Ihre Rezepte zu diversifizieren.<\/li>\n<li><strong>Einfach zu dosieren<\/strong>: Dank der 50-ml-Flasche ist es einfach, die perfekte Menge f\u00fcr jede Zubereitung hinzuzuf\u00fcgen.<\/li>\n<li><strong>Vielseitig<\/strong>: Geeignet f\u00fcr eine Vielzahl von Rezepten, sowohl s\u00fc\u00df als auch herzhaft, f\u00fcr eine kreative K\u00fcche.<\/li>\n<li><strong>Optimierte Haltbarkeit<\/strong>: Der luftdichte Verschluss garantiert die Frische und Qualit\u00e4t des<strong>fl\u00fcssigen Aromas<\/strong> f\u00fcr mehrere Monate.<\/li>\n<\/ul>\n<p>&nbsp;<\/p>\n<p><!--more--><\/p>\n<h4>Weitere Informationen :<\/h4>\n<ul>\n<li><b>H\u00f6he: <\/b>115 mm<\/li>\n<li><strong>Verpackung<\/strong>: Einzeln<\/li>\n<li><strong>Volumen<\/strong>: 50 ml<\/li>\n<li><b>Geschmack: <\/b>Pistazie<\/li>\n<li><strong>Dosierung<\/strong>: 4g\/kg<\/li>\n<\/ul>\n<p>&nbsp;<\/p>\n<p><!--more--><\/p>\n<h4>Zusammensetzung :<\/h4>\n<ul>\n<li><strong>Zuckersirup<\/strong> \/ <strong>Wasser<\/strong> \/ <strong>Pistazienaroma<\/strong><\/li>\n<\/ul>\n<p>&nbsp;<\/p>\n<p><!--more--><\/p>\n<p>Produkt in verschiedenen Geschmacksrichtungen erh\u00e4ltlich : <span style=\"color: #d12727;\"><a style=\"color: #d12727;\" href=\"https:\/\/www.csj-emballages.com\/produit\/arome-liquide-rose-50-ml\/\">Rose<\/a><\/span> \/ <span style=\"color: #d12727;\"><a style=\"color: #d12727;\" href=\"https:\/\/www.csj-emballages.com\/produit\/arome-liquide-vanille-50-ml\/\">Vanille<\/a><\/span> \/ <span style=\"color: #d12727;\"><a style=\"color: #d12727;\" href=\"https:\/\/www.csj-emballages.com\/de\/produit\/fluessiges-aroma-kakao-50-ml\/\">Kakao<\/a><\/span> \/ <span style=\"color: #d12727;\"><a style=\"color: #d12727;\" href=\"https:\/\/www.csj-emballages.com\/es\/produit\/platano-sabor-liquido-50-ml\/\">Banane<\/a><\/span> \/ <span style=\"color: #d12727;\"><a style=\"color: #d12727;\" href=\"https:\/\/www.csj-emballages.com\/produit\/arome-liquide-fraise-50-ml\/\">Erdbeere<\/a><\/span> \/ <span style=\"color: #d12727;\"><a style=\"color: #d12727;\" href=\"https:\/\/www.csj-emballages.com\/de\/produit\/fluessiges-aroma-bittermandel-50-ml\/\">Bittere Mandel<\/a><\/span><\/p>\n<p>&nbsp;<\/p>\n<p><!--more--><\/p>\n<p><a href=\"https:\/\/www.csj-emballages.com\/de\/categorie-produit\/lebensmittel\/konditorei\/aromen\/\">Entdecken Sie den Rest unseres Sortiments an Aromen<\/a><\/p>\n","protected":false},"excerpt":{"rendered":"<p>Fl\u00fcssiges Aroma Beschreibung unseres fl\u00fcssigen Aromas Pistazie 50 ml<\/p>\n","protected":false},"featured_media":219240,"template":"","meta":{"_acf_changed":false},"product_brand":[],"product_cat":[1144,9215,9230],"product_tag":[],"class_list":{"0":"post-226079","1":"product","2":"type-product","3":"status-publish","4":"has-post-thumbnail","6":"product_cat-lebensmittel","7":"product_cat-konditorei","8":"product_cat-aromen","10":"first","11":"instock","12":"taxable","13":"shipping-taxable","14":"purchasable","15":"product-type-simple"},"acf":[],"yoast_head":"<!-- This site is optimized with the Yoast SEO Premium plugin v26.6 (Yoast SEO v26.6) - https:\/\/yoast.com\/wordpress\/plugins\/seo\/ -->\n<title>Fl\u00fcssiges Aroma Pistazie - 50 ml<\/title>\n<meta name=\"description\" content=\"Fl\u00fcssiges Aroma Pistazie 50 ml: Ein nat\u00fcrlicher und vielseitiger Geschmack, um Ihre s\u00fc\u00dfen oder herzhaften Rezepte zu verfeinern. Praktisches Format und einfach zu dosieren\" \/>\n<meta name=\"robots\" content=\"index, follow, max-snippet:-1, max-image-preview:large, max-video-preview:-1\" \/>\n<link rel=\"canonical\" href=\"https:\/\/www.csj-emballages.com\/de\/produit\/fluessiges-aroma-pistazie-50-ml\/\" \/>\n<meta property=\"og:locale\" content=\"de_DE\" \/>\n<meta property=\"og:type\" content=\"article\" \/>\n<meta property=\"og:title\" content=\"Fl\u00fcssiges Aroma Pistazie 50 ml\" \/>\n<meta property=\"og:description\" content=\"Fl\u00fcssiges Aroma Pistazie 50 ml: Ein nat\u00fcrlicher und vielseitiger Geschmack, um Ihre s\u00fc\u00dfen oder herzhaften Rezepte zu verfeinern. Praktisches Format und einfach zu dosieren\" \/>\n<meta property=\"og:url\" content=\"https:\/\/www.csj-emballages.com\/de\/produit\/fluessiges-aroma-pistazie-50-ml\/\" \/>\n<meta property=\"og:site_name\" content=\"CSJ Emballages\" \/>\n<meta property=\"article:publisher\" content=\"https:\/\/www.facebook.com\/csjemballages\" \/>\n<meta property=\"article:modified_time\" content=\"2026-03-12T15:05:30+00:00\" \/>\n<meta property=\"og:image\" content=\"https:\/\/www.csj-emballages.com\/wp-content\/uploads\/2024\/12\/Arome-pistache.webp\" \/>\n\t<meta property=\"og:image:width\" content=\"800\" \/>\n\t<meta property=\"og:image:height\" content=\"800\" \/>\n\t<meta property=\"og:image:type\" content=\"image\/webp\" \/>\n<meta name=\"twitter:card\" content=\"summary_large_image\" \/>\n<meta name=\"twitter:label1\" content=\"Gesch\u00e4tzte Lesezeit\" \/>\n\t<meta name=\"twitter:data1\" content=\"3 Minuten\" \/>\n<script type=\"application\/ld+json\" class=\"yoast-schema-graph\">{\"@context\":\"https:\/\/schema.org\",\"@graph\":[{\"@type\":\"WebPage\",\"@id\":\"https:\/\/www.csj-emballages.com\/de\/produit\/fluessiges-aroma-pistazie-50-ml\/\",\"url\":\"https:\/\/www.csj-emballages.com\/de\/produit\/fluessiges-aroma-pistazie-50-ml\/\",\"name\":\"Fl\u00fcssiges Aroma Pistazie - 50 ml\",\"isPartOf\":{\"@id\":\"https:\/\/www.csj-emballages.com\/de\/#website\"},\"primaryImageOfPage\":{\"@id\":\"https:\/\/www.csj-emballages.com\/de\/produit\/fluessiges-aroma-pistazie-50-ml\/#primaryimage\"},\"image\":{\"@id\":\"https:\/\/www.csj-emballages.com\/de\/produit\/fluessiges-aroma-pistazie-50-ml\/#primaryimage\"},\"thumbnailUrl\":\"https:\/\/www.csj-emballages.com\/wp-content\/uploads\/2024\/12\/Arome-pistache.webp\",\"datePublished\":\"2024-12-19T01:18:40+00:00\",\"dateModified\":\"2026-03-12T15:05:30+00:00\",\"description\":\"Fl\u00fcssiges Aroma Pistazie 50 ml: Ein nat\u00fcrlicher und vielseitiger Geschmack, um Ihre s\u00fc\u00dfen oder herzhaften Rezepte zu verfeinern. Praktisches Format und einfach zu dosieren\",\"breadcrumb\":{\"@id\":\"https:\/\/www.csj-emballages.com\/de\/produit\/fluessiges-aroma-pistazie-50-ml\/#breadcrumb\"},\"inLanguage\":\"de\",\"potentialAction\":[{\"@type\":\"ReadAction\",\"target\":[\"https:\/\/www.csj-emballages.com\/de\/produit\/fluessiges-aroma-pistazie-50-ml\/\"]}]},{\"@type\":\"ImageObject\",\"inLanguage\":\"de\",\"@id\":\"https:\/\/www.csj-emballages.com\/de\/produit\/fluessiges-aroma-pistazie-50-ml\/#primaryimage\",\"url\":\"https:\/\/www.csj-emballages.com\/wp-content\/uploads\/2024\/12\/Arome-pistache.webp\",\"contentUrl\":\"https:\/\/www.csj-emballages.com\/wp-content\/uploads\/2024\/12\/Arome-pistache.webp\",\"width\":800,\"height\":800,\"caption\":\"Ar\u00f4me liquide pistache\"},{\"@type\":\"BreadcrumbList\",\"@id\":\"https:\/\/www.csj-emballages.com\/de\/produit\/fluessiges-aroma-pistazie-50-ml\/#breadcrumb\",\"itemListElement\":[{\"@type\":\"ListItem\",\"position\":1,\"name\":\"Accueil\",\"item\":\"https:\/\/www.csj-emballages.com\/de\/universum-lebensmittelverpackungen\/\"},{\"@type\":\"ListItem\",\"position\":2,\"name\":\"Shop\",\"item\":\"https:\/\/www.csj-emballages.com\/shop\/\"},{\"@type\":\"ListItem\",\"position\":3,\"name\":\"Fl\u00fcssiges Aroma Pistazie 50 ml\"}]},{\"@type\":\"WebSite\",\"@id\":\"https:\/\/www.csj-emballages.com\/de\/#website\",\"url\":\"https:\/\/www.csj-emballages.com\/de\/\",\"name\":\"CSJ Emballages\",\"description\":\"\",\"publisher\":{\"@id\":\"https:\/\/www.csj-emballages.com\/de\/#organization\"},\"potentialAction\":[{\"@type\":\"SearchAction\",\"target\":{\"@type\":\"EntryPoint\",\"urlTemplate\":\"https:\/\/www.csj-emballages.com\/de\/?s={search_term_string}\"},\"query-input\":{\"@type\":\"PropertyValueSpecification\",\"valueRequired\":true,\"valueName\":\"search_term_string\"}}],\"inLanguage\":\"de\"},{\"@type\":\"Organization\",\"@id\":\"https:\/\/www.csj-emballages.com\/de\/#Organization\/\",\"name\":\"CSJ Emballages\",\"url\":\"https:\/\/www.csj-emballages.com\/de\/\",\"logo\":{\"@type\":\"ImageObject\",\"inLanguage\":\"de\",\"@id\":\"https:\/\/www.csj-emballages.com\/de\/#\/schema\/logo\/image\/\",\"url\":\"https:\/\/www.csj-emballages.com\/wp-content\/uploads\/2023\/10\/logo_csj.webp\",\"contentUrl\":\"https:\/\/www.csj-emballages.com\/wp-content\/uploads\/2023\/10\/logo_csj.webp\",\"width\":250,\"height\":95,\"caption\":\"CSJ Emballages\"},\"image\":{\"@id\":\"https:\/\/www.csj-emballages.com\/de\/#\/schema\/logo\/image\/\"},\"sameAs\":[\"https:\/\/www.facebook.com\/csjemballages\"],\"address\":{\"@type\":\"PostalAddress\",\"streetAddress\":\"ZI La Lechere\",\"addressLocality\":\"Patornay\",\"postalCode\":\"39130\",\"addressCountry\":\"FR\"},\"contactPoint\":[{\"@type\":\"ContactPoint\",\"contactType\":\"Service client\",\"telephone\":\"0384254272\",\"email\":\"contact@csj-emballages.com\"}]}]}<\/script>\n<!-- \/ Yoast SEO Premium plugin. -->","yoast_head_json":{"title":"Fl\u00fcssiges Aroma Pistazie - 50 ml","description":"Fl\u00fcssiges Aroma Pistazie 50 ml: Ein nat\u00fcrlicher und vielseitiger Geschmack, um Ihre s\u00fc\u00dfen oder herzhaften Rezepte zu verfeinern. Praktisches Format und einfach zu dosieren","robots":{"index":"index","follow":"follow","max-snippet":"max-snippet:-1","max-image-preview":"max-image-preview:large","max-video-preview":"max-video-preview:-1"},"canonical":"https:\/\/www.csj-emballages.com\/de\/produit\/fluessiges-aroma-pistazie-50-ml\/","og_locale":"de_DE","og_type":"article","og_title":"Fl\u00fcssiges Aroma Pistazie 50 ml","og_description":"Fl\u00fcssiges Aroma Pistazie 50 ml: Ein nat\u00fcrlicher und vielseitiger Geschmack, um Ihre s\u00fc\u00dfen oder herzhaften Rezepte zu verfeinern. Praktisches Format und einfach zu dosieren","og_url":"https:\/\/www.csj-emballages.com\/de\/produit\/fluessiges-aroma-pistazie-50-ml\/","og_site_name":"CSJ Emballages","article_publisher":"https:\/\/www.facebook.com\/csjemballages","article_modified_time":"2026-03-12T15:05:30+00:00","og_image":[{"width":800,"height":800,"url":"https:\/\/www.csj-emballages.com\/wp-content\/uploads\/2024\/12\/Arome-pistache.webp","type":"image\/webp"}],"twitter_card":"summary_large_image","twitter_misc":{"Gesch\u00e4tzte Lesezeit":"3 Minuten"},"schema":{"@context":"https:\/\/schema.org","@graph":[{"@type":"WebPage","@id":"https:\/\/www.csj-emballages.com\/de\/produit\/fluessiges-aroma-pistazie-50-ml\/","url":"https:\/\/www.csj-emballages.com\/de\/produit\/fluessiges-aroma-pistazie-50-ml\/","name":"Fl\u00fcssiges Aroma Pistazie - 50 ml","isPartOf":{"@id":"https:\/\/www.csj-emballages.com\/de\/#website"},"primaryImageOfPage":{"@id":"https:\/\/www.csj-emballages.com\/de\/produit\/fluessiges-aroma-pistazie-50-ml\/#primaryimage"},"image":{"@id":"https:\/\/www.csj-emballages.com\/de\/produit\/fluessiges-aroma-pistazie-50-ml\/#primaryimage"},"thumbnailUrl":"https:\/\/www.csj-emballages.com\/wp-content\/uploads\/2024\/12\/Arome-pistache.webp","datePublished":"2024-12-19T01:18:40+00:00","dateModified":"2026-03-12T15:05:30+00:00","description":"Fl\u00fcssiges Aroma Pistazie 50 ml: Ein nat\u00fcrlicher und vielseitiger Geschmack, um Ihre s\u00fc\u00dfen oder herzhaften Rezepte zu verfeinern. Praktisches Format und einfach zu dosieren","breadcrumb":{"@id":"https:\/\/www.csj-emballages.com\/de\/produit\/fluessiges-aroma-pistazie-50-ml\/#breadcrumb"},"inLanguage":"de","potentialAction":[{"@type":"ReadAction","target":["https:\/\/www.csj-emballages.com\/de\/produit\/fluessiges-aroma-pistazie-50-ml\/"]}]},{"@type":"ImageObject","inLanguage":"de","@id":"https:\/\/www.csj-emballages.com\/de\/produit\/fluessiges-aroma-pistazie-50-ml\/#primaryimage","url":"https:\/\/www.csj-emballages.com\/wp-content\/uploads\/2024\/12\/Arome-pistache.webp","contentUrl":"https:\/\/www.csj-emballages.com\/wp-content\/uploads\/2024\/12\/Arome-pistache.webp","width":800,"height":800,"caption":"Ar\u00f4me liquide pistache"},{"@type":"BreadcrumbList","@id":"https:\/\/www.csj-emballages.com\/de\/produit\/fluessiges-aroma-pistazie-50-ml\/#breadcrumb","itemListElement":[{"@type":"ListItem","position":1,"name":"Accueil","item":"https:\/\/www.csj-emballages.com\/de\/universum-lebensmittelverpackungen\/"},{"@type":"ListItem","position":2,"name":"Shop","item":"https:\/\/www.csj-emballages.com\/shop\/"},{"@type":"ListItem","position":3,"name":"Fl\u00fcssiges Aroma Pistazie 50 ml"}]},{"@type":"WebSite","@id":"https:\/\/www.csj-emballages.com\/de\/#website","url":"https:\/\/www.csj-emballages.com\/de\/","name":"CSJ Emballages","description":"","publisher":{"@id":"https:\/\/www.csj-emballages.com\/de\/#organization"},"potentialAction":[{"@type":"SearchAction","target":{"@type":"EntryPoint","urlTemplate":"https:\/\/www.csj-emballages.com\/de\/?s={search_term_string}"},"query-input":{"@type":"PropertyValueSpecification","valueRequired":true,"valueName":"search_term_string"}}],"inLanguage":"de"},{"@type":"Organization","@id":"https:\/\/www.csj-emballages.com\/de\/#Organization\/","name":"CSJ Emballages","url":"https:\/\/www.csj-emballages.com\/de\/","logo":{"@type":"ImageObject","inLanguage":"de","@id":"https:\/\/www.csj-emballages.com\/de\/#\/schema\/logo\/image\/","url":"https:\/\/www.csj-emballages.com\/wp-content\/uploads\/2023\/10\/logo_csj.webp","contentUrl":"https:\/\/www.csj-emballages.com\/wp-content\/uploads\/2023\/10\/logo_csj.webp","width":250,"height":95,"caption":"CSJ Emballages"},"image":{"@id":"https:\/\/www.csj-emballages.com\/de\/#\/schema\/logo\/image\/"},"sameAs":["https:\/\/www.facebook.com\/csjemballages"],"address":{"@type":"PostalAddress","streetAddress":"ZI La Lechere","addressLocality":"Patornay","postalCode":"39130","addressCountry":"FR"},"contactPoint":[{"@type":"ContactPoint","contactType":"Service client","telephone":"0384254272","email":"contact@csj-emballages.com"}]}]}},"df_price":1.87,"df_sale_price":"","df_regular_price":1.87,"df_image_link":"https:\/\/www.csj-emballages.com\/wp-content\/uploads\/2024\/12\/Arome-pistache-300x300.webp","tiered_pricing_type":"fixed","tiered_pricing_fixed_rules":[],"tiered_pricing_percentage_rules":[],"tiered_pricing_minimum":1,"tiered_pricing_roles_data":[],"_links":{"self":[{"href":"https:\/\/www.csj-emballages.com\/de\/wp-json\/wp\/v2\/product\/226079","targetHints":{"allow":["GET"]}}],"collection":[{"href":"https:\/\/www.csj-emballages.com\/de\/wp-json\/wp\/v2\/product"}],"about":[{"href":"https:\/\/www.csj-emballages.com\/de\/wp-json\/wp\/v2\/types\/product"}],"wp:featuredmedia":[{"embeddable":true,"href":"https:\/\/www.csj-emballages.com\/de\/wp-json\/wp\/v2\/media\/219240"}],"wp:attachment":[{"href":"https:\/\/www.csj-emballages.com\/de\/wp-json\/wp\/v2\/media?parent=226079"}],"wp:term":[{"taxonomy":"product_brand","embeddable":true,"href":"https:\/\/www.csj-emballages.com\/de\/wp-json\/wp\/v2\/product_brand?post=226079"},{"taxonomy":"product_cat","embeddable":true,"href":"https:\/\/www.csj-emballages.com\/de\/wp-json\/wp\/v2\/product_cat?post=226079"},{"taxonomy":"product_tag","embeddable":true,"href":"https:\/\/www.csj-emballages.com\/de\/wp-json\/wp\/v2\/product_tag?post=226079"}],"curies":[{"name":"wp","href":"https:\/\/api.w.org\/{rel}","templated":true}]}}