{"id":226075,"date":"2024-12-19T02:18:37","date_gmt":"2024-12-19T01:18:37","guid":{"rendered":"https:\/\/www.csj-emballages.com\/produit\/fluessiges-aroma-orange-50-ml\/"},"modified":"2026-03-12T16:05:29","modified_gmt":"2026-03-12T15:05:29","slug":"fluessiges-aroma-orange-50-ml","status":"publish","type":"product","link":"https:\/\/www.csj-emballages.com\/de\/produit\/fluessiges-aroma-orange-50-ml\/","title":{"rendered":"Fl\u00fcssiges Aroma Orange 50 ml"},"content":{"rendered":"<h2>Fl\u00fcssiges Aroma<\/h2>\n<hr>\n<h3>Beschreibung unseres fl\u00fcssigen Aromas Orange 50 ml<\/h3>\n<p><!--more--><\/p>\n<p>Entdecken Sie unser <strong>fl\u00fcssiges Aroma<\/strong> mit dem frischen und belebenden Geschmack der Orange. Dieses Produkt wurde entwickelt, um Ihren Rezepten einen Hauch von Zitrusfr\u00fcchten zu verleihen. Mit seinem authentischen Geschmack passt dieses <strong>Orangenaroma<\/strong> perfekt zu vielen Kreationen, egal ob s\u00fc\u00df oder herzhaft. Es ist in einer praktischen <strong>50-ml-Flasche<\/strong> erh\u00e4ltlich und eignet sich ideal f\u00fcr leidenschaftliche K\u00f6che, Konditoren und Profis. Dank seiner Gr\u00f6\u00dfe ist es leicht zu dosieren und l\u00e4sst sich perfekt in Ihre Rezepte integrieren. Die Verwendung dieses <strong>fl\u00fcssigen Aromas<\/strong> ist sowohl einfach als auch vielseitig. Sie k\u00f6nnen es Ihren Rezepten hinzuf\u00fcgen, um ihnen eine fruchtige und s\u00e4uerliche Note zu verleihen. Es eignet sich hervorragend zum Aromatisieren von Kuchen, Cremes, Obstsalaten oder Getr\u00e4nken wie frischen S\u00e4ften oder Cocktails. Denn Sie brauchen nur ein paar Tropfen des<strong>Orangenaromas<\/strong> zu geben, um einen angenehmen und ausgewogenen Geschmack zu erhalten.        <\/p>\n<p>&nbsp;<\/p>\n<p><!--more--><\/p>\n<h4>Ein vielseitiges Aroma<\/h4>\n<p>Neben seiner einfachen Anwendung ist dieses <strong>fl\u00fcssige Aroma<\/strong> auch sehr vielseitig. Es kann sowohl in Desserts als auch in gewagteren Gerichten verwendet werden. Zum Beispiel bei Geb\u00e4ck, Eiscreme oder Sorbets wird das<strong>Orangenaroma<\/strong> f\u00fcr einen erfrischenden, s\u00e4uerlichen Touch sorgen. Es passt auch hervorragend in So\u00dfen oder Marinaden und schafft ein sch\u00f6nes Gleichgewicht mit anderen Geschmacksrichtungen, sei es w\u00fcrzig oder salzig. Dieses Produkt kann Ihren kulinarischen Kreationen wirklich eine neue Dimension verleihen.    <\/p>\n<p>Ein weiterer Vorteil dieses <strong>fl\u00fcssigen Aromas<\/strong> ist seine Haltbarkeit. Die luftdichte Flasche sch\u00fctzt das Aroma vor Luftzug und garantiert so eine lang anhaltende Frische. Sie k\u00f6nnen dieses Produkt mehrere Monate lang aufbewahren, ohne bef\u00fcrchten zu m\u00fcssen, dass es seine Qualit\u00e4t verliert. Achten Sie darauf, die Flasche nach jedem Gebrauch gut zu verschlie\u00dfen, um die Wirksamkeit zu erhalten. Dieses <strong>fl\u00fcssige Orangenaroma<\/strong> ist auch eine preiswerte Option. Eine kleine Menge reicht in der Regel aus, um eine gro\u00dfe Menge einer Zubereitung zu parf\u00fcmieren. So k\u00f6nnen Sie es \u00fcber einen l\u00e4ngeren Zeitraum verwenden, ohne h\u00e4ufig neue Fl\u00e4schchen kaufen zu m\u00fcssen. Auch die praktische Gr\u00f6\u00dfe von <strong>50 ml<\/strong> ist ein Pluspunkt, denn so k\u00f6nnen Sie genau die Menge kaufen, die Sie brauchen, und nicht zu viel. Das macht dieses <strong>Orangenaroma<\/strong> zu einem Produkt, das sowohl praktisch als auch kosteng\u00fcnstig ist.        <\/p>\n<p>&nbsp;<\/p>\n<p><!--more--><\/p>\n<h4>Eine fruchtige Note f\u00fcr Ihre Rezepte<\/h4>\n<p>Das<strong>fl\u00fcssige Aroma<\/strong> <strong>Orange<\/strong> bietet einen s\u00fc\u00dfen, fruchtigen und leicht s\u00e4uerlichen Geschmack, der ideal ist, um Ihre Rezepte zu bereichern. Seine nat\u00fcrliche Frische ist perfekt, um Ihren Kreationen ein wenig Leichtigkeit und Lebendigkeit zu verleihen. Das<strong>Orangenaroma<\/strong> ist perfekt f\u00fcr Liebhaber von fruchtigen Aromen, aber auch f\u00fcr diejenigen, die gerne mit neuen Kombinationen experimentieren. Es eignet sich auch hervorragend f\u00fcr Getr\u00e4nke. Sie k\u00f6nnen es zu frischen S\u00e4ften, Smoothies oder Cocktails hinzuf\u00fcgen, um einen noch vibrierenderen und energiegeladeneren Geschmack zu erhalten.    <\/p>\n<p>Zusammenfassend l\u00e4sst sich sagen, dass dieses <strong>fl\u00fcssige<\/strong> <strong>Orangenaroma<\/strong> ein vielseitiges, einfach zu verwendendes und preisg\u00fcnstiges Produkt ist. Mit ihm k\u00f6nnen Sie Ihren Rezepten schnell und effektiv eine pers\u00f6nliche Note verleihen. Ob f\u00fcr Desserts, Getr\u00e4nke oder herzhafte Gerichte, das<strong>Orangenaroma<\/strong> sorgt f\u00fcr eine fruchtige und erfrischende Note. Testen Sie es noch heute und lassen Sie sich von seinem nat\u00fcrlichen Geschmack und seiner F\u00e4higkeit, Ihre Kreationen zu verwandeln, begeistern.   <\/p>\n<p>&nbsp;<\/p>\n<p><!--more--><\/p>\n<h4>Seine Vorteile :<\/h4>\n<ul>\n<li><strong>Nat\u00fcrlicher und erfrischender Geschmack<\/strong>: Das<strong>fl\u00fcssige Aroma<\/strong> Orange bietet einen fruchtigen, frischen und leicht s\u00e4uerlichen Geschmack, der ideal ist, um Ihren Rezepten Lebendigkeit zu verleihen.<\/li>\n<li><strong>Einfach zu dosieren<\/strong>: Wenige Tropfen reichen aus, um den gew\u00fcnschten Geschmack zu erhalten, sodass Sie genau und einfach dosieren k\u00f6nnen.<\/li>\n<li><strong>Vielseitig<\/strong> einsetzbar : Perfekt f\u00fcr eine Vielzahl von Rezepten, egal ob s\u00fc\u00df (Kuchen, Eis, Cocktails) oder herzhaft (So\u00dfen, Marinaden).<\/li>\n<li><strong>Optimale Haltbarkeit<\/strong>: Die luftdichte Flasche sch\u00fctzt das Aroma und sorgt f\u00fcr monatelange Frische.<\/li>\n<\/ul>\n<p>&nbsp;<\/p>\n<p><!--more--><\/p>\n<h4>Weitere Informationen :<\/h4>\n<ul>\n<li><b>H\u00f6he: <\/b>115 mm<\/li>\n<li><strong>Verpackung<\/strong>: Einzeln<\/li>\n<li><strong>Volumen<\/strong>: 50 ml<\/li>\n<li><b>Geschmack: <\/b>Orange<\/li>\n<li><strong>Dosierung<\/strong>: 5g\/kg<\/li>\n<\/ul>\n<p>&nbsp;<\/p>\n<p><!--more--><\/p>\n<h4>Zusammensetzung :<\/h4>\n<ul>\n<li><strong>Zuckersirup<\/strong> \/ <strong>Wasser<\/strong> \/ <strong>Orangenaroma<\/strong><\/li>\n<\/ul>\n<p>&nbsp;<\/p>\n<p><!--more--><\/p>\n<p>Produkt in verschiedenen Geschmacksrichtungen erh\u00e4ltlich : <span style=\"color: #d12727;\"><a style=\"color: #d12727;\" href=\"https:\/\/www.csj-emballages.com\/de\/produit\/fluessiges-aroma-kaffee-50-ml\/\">Kaffee<\/a><\/span> \/ <span style=\"color: #d12727;\"><a style=\"color: #d12727;\" href=\"https:\/\/www.csj-emballages.com\/de\/produit\/fluessiges-aroma-ananas-50-ml\/\">Ananas<\/a><\/span> \/ <span style=\"color: #d12727;\"><a style=\"color: #d12727;\" href=\"https:\/\/www.csj-emballages.com\/de\/produit\/fluessiges-aroma-kakao-50-ml\/\">Kakao<\/a><\/span> \/ <span style=\"color: #d12727;\"><a style=\"color: #d12727;\" href=\"https:\/\/www.csj-emballages.com\/produit\/arome-liquide-fleur-doranger-50-ml\/\">Orangenbl\u00fcte<\/a><\/span> \/ <span style=\"color: #d12727;\"><a style=\"color: #d12727;\" href=\"https:\/\/www.csj-emballages.com\/produit\/arome-liquide-fraise-50-ml\/\">Erdbeere<\/a><\/span> \/ <span style=\"color: #d12727;\"><a style=\"color: #d12727;\" href=\"https:\/\/www.csj-emballages.com\/de\/produit\/fluessiges-aroma-bittermandel-50-ml\/\">Bittere Mandel<\/a><\/span><\/p>\n<p>&nbsp;<\/p>\n<p><!--more--><\/p>\n<p><a href=\"https:\/\/www.csj-emballages.com\/de\/categorie-produit\/lebensmittel\/konditorei\/aromen\/\">Entdecken Sie den Rest unseres Sortiments an Aromen<\/a><\/p>\n","protected":false},"excerpt":{"rendered":"<p>Fl\u00fcssiges Aroma Beschreibung unseres fl\u00fcssigen Aromas Orange 50 ml<\/p>\n","protected":false},"featured_media":219234,"template":"","meta":{"_acf_changed":false},"product_brand":[],"product_cat":[1144,9215,9230],"product_tag":[],"class_list":{"0":"post-226075","1":"product","2":"type-product","3":"status-publish","4":"has-post-thumbnail","6":"product_cat-lebensmittel","7":"product_cat-konditorei","8":"product_cat-aromen","10":"first","11":"instock","12":"taxable","13":"shipping-taxable","14":"purchasable","15":"product-type-simple"},"acf":[],"yoast_head":"<!-- This site is optimized with the Yoast SEO Premium plugin v26.6 (Yoast SEO v26.6) - https:\/\/yoast.com\/wordpress\/plugins\/seo\/ -->\n<title>Fl\u00fcssiges Aroma Orange - 50 ml<\/title>\n<meta name=\"description\" content=\"Entdecken Sie das fl\u00fcssige Aroma Orange 50 ml: ein nat\u00fcrlicher und vielseitiger Geschmack, um Ihre s\u00fc\u00dfen oder herzhaften Rezepte zu verfeinern. Praktisches Format und einfach zu dosieren\" \/>\n<meta name=\"robots\" content=\"index, follow, max-snippet:-1, max-image-preview:large, max-video-preview:-1\" \/>\n<link rel=\"canonical\" href=\"https:\/\/www.csj-emballages.com\/de\/produit\/fluessiges-aroma-orange-50-ml\/\" \/>\n<meta property=\"og:locale\" content=\"de_DE\" \/>\n<meta property=\"og:type\" content=\"article\" \/>\n<meta property=\"og:title\" content=\"Fl\u00fcssiges Aroma Orange 50 ml\" \/>\n<meta property=\"og:description\" content=\"Entdecken Sie das fl\u00fcssige Aroma Orange 50 ml: ein nat\u00fcrlicher und vielseitiger Geschmack, um Ihre s\u00fc\u00dfen oder herzhaften Rezepte zu verfeinern. Praktisches Format und einfach zu dosieren\" \/>\n<meta property=\"og:url\" content=\"https:\/\/www.csj-emballages.com\/de\/produit\/fluessiges-aroma-orange-50-ml\/\" \/>\n<meta property=\"og:site_name\" content=\"CSJ Emballages\" \/>\n<meta property=\"article:publisher\" content=\"https:\/\/www.facebook.com\/csjemballages\" \/>\n<meta property=\"article:modified_time\" content=\"2026-03-12T15:05:29+00:00\" \/>\n<meta property=\"og:image\" content=\"https:\/\/www.csj-emballages.com\/wp-content\/uploads\/2024\/12\/Arome-orange.webp\" \/>\n\t<meta property=\"og:image:width\" content=\"800\" \/>\n\t<meta property=\"og:image:height\" content=\"800\" \/>\n\t<meta property=\"og:image:type\" content=\"image\/webp\" \/>\n<meta name=\"twitter:card\" content=\"summary_large_image\" \/>\n<meta name=\"twitter:label1\" content=\"Gesch\u00e4tzte Lesezeit\" \/>\n\t<meta name=\"twitter:data1\" content=\"3 Minuten\" \/>\n<script type=\"application\/ld+json\" class=\"yoast-schema-graph\">{\"@context\":\"https:\/\/schema.org\",\"@graph\":[{\"@type\":\"WebPage\",\"@id\":\"https:\/\/www.csj-emballages.com\/de\/produit\/fluessiges-aroma-orange-50-ml\/\",\"url\":\"https:\/\/www.csj-emballages.com\/de\/produit\/fluessiges-aroma-orange-50-ml\/\",\"name\":\"Fl\u00fcssiges Aroma Orange - 50 ml\",\"isPartOf\":{\"@id\":\"https:\/\/www.csj-emballages.com\/de\/#website\"},\"primaryImageOfPage\":{\"@id\":\"https:\/\/www.csj-emballages.com\/de\/produit\/fluessiges-aroma-orange-50-ml\/#primaryimage\"},\"image\":{\"@id\":\"https:\/\/www.csj-emballages.com\/de\/produit\/fluessiges-aroma-orange-50-ml\/#primaryimage\"},\"thumbnailUrl\":\"https:\/\/www.csj-emballages.com\/wp-content\/uploads\/2024\/12\/Arome-orange.webp\",\"datePublished\":\"2024-12-19T01:18:37+00:00\",\"dateModified\":\"2026-03-12T15:05:29+00:00\",\"description\":\"Entdecken Sie das fl\u00fcssige Aroma Orange 50 ml: ein nat\u00fcrlicher und vielseitiger Geschmack, um Ihre s\u00fc\u00dfen oder herzhaften Rezepte zu verfeinern. Praktisches Format und einfach zu dosieren\",\"breadcrumb\":{\"@id\":\"https:\/\/www.csj-emballages.com\/de\/produit\/fluessiges-aroma-orange-50-ml\/#breadcrumb\"},\"inLanguage\":\"de\",\"potentialAction\":[{\"@type\":\"ReadAction\",\"target\":[\"https:\/\/www.csj-emballages.com\/de\/produit\/fluessiges-aroma-orange-50-ml\/\"]}]},{\"@type\":\"ImageObject\",\"inLanguage\":\"de\",\"@id\":\"https:\/\/www.csj-emballages.com\/de\/produit\/fluessiges-aroma-orange-50-ml\/#primaryimage\",\"url\":\"https:\/\/www.csj-emballages.com\/wp-content\/uploads\/2024\/12\/Arome-orange.webp\",\"contentUrl\":\"https:\/\/www.csj-emballages.com\/wp-content\/uploads\/2024\/12\/Arome-orange.webp\",\"width\":800,\"height\":800,\"caption\":\"Ar\u00f4me liquide orange\"},{\"@type\":\"BreadcrumbList\",\"@id\":\"https:\/\/www.csj-emballages.com\/de\/produit\/fluessiges-aroma-orange-50-ml\/#breadcrumb\",\"itemListElement\":[{\"@type\":\"ListItem\",\"position\":1,\"name\":\"Accueil\",\"item\":\"https:\/\/www.csj-emballages.com\/de\/universum-lebensmittelverpackungen\/\"},{\"@type\":\"ListItem\",\"position\":2,\"name\":\"Shop\",\"item\":\"https:\/\/www.csj-emballages.com\/shop\/\"},{\"@type\":\"ListItem\",\"position\":3,\"name\":\"Fl\u00fcssiges Aroma Orange 50 ml\"}]},{\"@type\":\"WebSite\",\"@id\":\"https:\/\/www.csj-emballages.com\/de\/#website\",\"url\":\"https:\/\/www.csj-emballages.com\/de\/\",\"name\":\"CSJ Emballages\",\"description\":\"\",\"publisher\":{\"@id\":\"https:\/\/www.csj-emballages.com\/de\/#organization\"},\"potentialAction\":[{\"@type\":\"SearchAction\",\"target\":{\"@type\":\"EntryPoint\",\"urlTemplate\":\"https:\/\/www.csj-emballages.com\/de\/?s={search_term_string}\"},\"query-input\":{\"@type\":\"PropertyValueSpecification\",\"valueRequired\":true,\"valueName\":\"search_term_string\"}}],\"inLanguage\":\"de\"},{\"@type\":\"Organization\",\"@id\":\"https:\/\/www.csj-emballages.com\/de\/#Organization\/\",\"name\":\"CSJ Emballages\",\"url\":\"https:\/\/www.csj-emballages.com\/de\/\",\"logo\":{\"@type\":\"ImageObject\",\"inLanguage\":\"de\",\"@id\":\"https:\/\/www.csj-emballages.com\/de\/#\/schema\/logo\/image\/\",\"url\":\"https:\/\/www.csj-emballages.com\/wp-content\/uploads\/2023\/10\/logo_csj.webp\",\"contentUrl\":\"https:\/\/www.csj-emballages.com\/wp-content\/uploads\/2023\/10\/logo_csj.webp\",\"width\":250,\"height\":95,\"caption\":\"CSJ Emballages\"},\"image\":{\"@id\":\"https:\/\/www.csj-emballages.com\/de\/#\/schema\/logo\/image\/\"},\"sameAs\":[\"https:\/\/www.facebook.com\/csjemballages\"],\"address\":{\"@type\":\"PostalAddress\",\"streetAddress\":\"ZI La Lechere\",\"addressLocality\":\"Patornay\",\"postalCode\":\"39130\",\"addressCountry\":\"FR\"},\"contactPoint\":[{\"@type\":\"ContactPoint\",\"contactType\":\"Service client\",\"telephone\":\"0384254272\",\"email\":\"contact@csj-emballages.com\"}]}]}<\/script>\n<!-- \/ Yoast SEO Premium plugin. -->","yoast_head_json":{"title":"Fl\u00fcssiges Aroma Orange - 50 ml","description":"Entdecken Sie das fl\u00fcssige Aroma Orange 50 ml: ein nat\u00fcrlicher und vielseitiger Geschmack, um Ihre s\u00fc\u00dfen oder herzhaften Rezepte zu verfeinern. Praktisches Format und einfach zu dosieren","robots":{"index":"index","follow":"follow","max-snippet":"max-snippet:-1","max-image-preview":"max-image-preview:large","max-video-preview":"max-video-preview:-1"},"canonical":"https:\/\/www.csj-emballages.com\/de\/produit\/fluessiges-aroma-orange-50-ml\/","og_locale":"de_DE","og_type":"article","og_title":"Fl\u00fcssiges Aroma Orange 50 ml","og_description":"Entdecken Sie das fl\u00fcssige Aroma Orange 50 ml: ein nat\u00fcrlicher und vielseitiger Geschmack, um Ihre s\u00fc\u00dfen oder herzhaften Rezepte zu verfeinern. Praktisches Format und einfach zu dosieren","og_url":"https:\/\/www.csj-emballages.com\/de\/produit\/fluessiges-aroma-orange-50-ml\/","og_site_name":"CSJ Emballages","article_publisher":"https:\/\/www.facebook.com\/csjemballages","article_modified_time":"2026-03-12T15:05:29+00:00","og_image":[{"width":800,"height":800,"url":"https:\/\/www.csj-emballages.com\/wp-content\/uploads\/2024\/12\/Arome-orange.webp","type":"image\/webp"}],"twitter_card":"summary_large_image","twitter_misc":{"Gesch\u00e4tzte Lesezeit":"3 Minuten"},"schema":{"@context":"https:\/\/schema.org","@graph":[{"@type":"WebPage","@id":"https:\/\/www.csj-emballages.com\/de\/produit\/fluessiges-aroma-orange-50-ml\/","url":"https:\/\/www.csj-emballages.com\/de\/produit\/fluessiges-aroma-orange-50-ml\/","name":"Fl\u00fcssiges Aroma Orange - 50 ml","isPartOf":{"@id":"https:\/\/www.csj-emballages.com\/de\/#website"},"primaryImageOfPage":{"@id":"https:\/\/www.csj-emballages.com\/de\/produit\/fluessiges-aroma-orange-50-ml\/#primaryimage"},"image":{"@id":"https:\/\/www.csj-emballages.com\/de\/produit\/fluessiges-aroma-orange-50-ml\/#primaryimage"},"thumbnailUrl":"https:\/\/www.csj-emballages.com\/wp-content\/uploads\/2024\/12\/Arome-orange.webp","datePublished":"2024-12-19T01:18:37+00:00","dateModified":"2026-03-12T15:05:29+00:00","description":"Entdecken Sie das fl\u00fcssige Aroma Orange 50 ml: ein nat\u00fcrlicher und vielseitiger Geschmack, um Ihre s\u00fc\u00dfen oder herzhaften Rezepte zu verfeinern. Praktisches Format und einfach zu dosieren","breadcrumb":{"@id":"https:\/\/www.csj-emballages.com\/de\/produit\/fluessiges-aroma-orange-50-ml\/#breadcrumb"},"inLanguage":"de","potentialAction":[{"@type":"ReadAction","target":["https:\/\/www.csj-emballages.com\/de\/produit\/fluessiges-aroma-orange-50-ml\/"]}]},{"@type":"ImageObject","inLanguage":"de","@id":"https:\/\/www.csj-emballages.com\/de\/produit\/fluessiges-aroma-orange-50-ml\/#primaryimage","url":"https:\/\/www.csj-emballages.com\/wp-content\/uploads\/2024\/12\/Arome-orange.webp","contentUrl":"https:\/\/www.csj-emballages.com\/wp-content\/uploads\/2024\/12\/Arome-orange.webp","width":800,"height":800,"caption":"Ar\u00f4me liquide orange"},{"@type":"BreadcrumbList","@id":"https:\/\/www.csj-emballages.com\/de\/produit\/fluessiges-aroma-orange-50-ml\/#breadcrumb","itemListElement":[{"@type":"ListItem","position":1,"name":"Accueil","item":"https:\/\/www.csj-emballages.com\/de\/universum-lebensmittelverpackungen\/"},{"@type":"ListItem","position":2,"name":"Shop","item":"https:\/\/www.csj-emballages.com\/shop\/"},{"@type":"ListItem","position":3,"name":"Fl\u00fcssiges Aroma Orange 50 ml"}]},{"@type":"WebSite","@id":"https:\/\/www.csj-emballages.com\/de\/#website","url":"https:\/\/www.csj-emballages.com\/de\/","name":"CSJ Emballages","description":"","publisher":{"@id":"https:\/\/www.csj-emballages.com\/de\/#organization"},"potentialAction":[{"@type":"SearchAction","target":{"@type":"EntryPoint","urlTemplate":"https:\/\/www.csj-emballages.com\/de\/?s={search_term_string}"},"query-input":{"@type":"PropertyValueSpecification","valueRequired":true,"valueName":"search_term_string"}}],"inLanguage":"de"},{"@type":"Organization","@id":"https:\/\/www.csj-emballages.com\/de\/#Organization\/","name":"CSJ Emballages","url":"https:\/\/www.csj-emballages.com\/de\/","logo":{"@type":"ImageObject","inLanguage":"de","@id":"https:\/\/www.csj-emballages.com\/de\/#\/schema\/logo\/image\/","url":"https:\/\/www.csj-emballages.com\/wp-content\/uploads\/2023\/10\/logo_csj.webp","contentUrl":"https:\/\/www.csj-emballages.com\/wp-content\/uploads\/2023\/10\/logo_csj.webp","width":250,"height":95,"caption":"CSJ Emballages"},"image":{"@id":"https:\/\/www.csj-emballages.com\/de\/#\/schema\/logo\/image\/"},"sameAs":["https:\/\/www.facebook.com\/csjemballages"],"address":{"@type":"PostalAddress","streetAddress":"ZI La Lechere","addressLocality":"Patornay","postalCode":"39130","addressCountry":"FR"},"contactPoint":[{"@type":"ContactPoint","contactType":"Service client","telephone":"0384254272","email":"contact@csj-emballages.com"}]}]}},"df_price":2.48,"df_sale_price":"","df_regular_price":2.48,"df_image_link":"https:\/\/www.csj-emballages.com\/wp-content\/uploads\/2024\/12\/Arome-orange-300x300.webp","tiered_pricing_type":"fixed","tiered_pricing_fixed_rules":[],"tiered_pricing_percentage_rules":[],"tiered_pricing_minimum":1,"tiered_pricing_roles_data":[],"_links":{"self":[{"href":"https:\/\/www.csj-emballages.com\/de\/wp-json\/wp\/v2\/product\/226075","targetHints":{"allow":["GET"]}}],"collection":[{"href":"https:\/\/www.csj-emballages.com\/de\/wp-json\/wp\/v2\/product"}],"about":[{"href":"https:\/\/www.csj-emballages.com\/de\/wp-json\/wp\/v2\/types\/product"}],"wp:featuredmedia":[{"embeddable":true,"href":"https:\/\/www.csj-emballages.com\/de\/wp-json\/wp\/v2\/media\/219234"}],"wp:attachment":[{"href":"https:\/\/www.csj-emballages.com\/de\/wp-json\/wp\/v2\/media?parent=226075"}],"wp:term":[{"taxonomy":"product_brand","embeddable":true,"href":"https:\/\/www.csj-emballages.com\/de\/wp-json\/wp\/v2\/product_brand?post=226075"},{"taxonomy":"product_cat","embeddable":true,"href":"https:\/\/www.csj-emballages.com\/de\/wp-json\/wp\/v2\/product_cat?post=226075"},{"taxonomy":"product_tag","embeddable":true,"href":"https:\/\/www.csj-emballages.com\/de\/wp-json\/wp\/v2\/product_tag?post=226075"}],"curies":[{"name":"wp","href":"https:\/\/api.w.org\/{rel}","templated":true}]}}