{"id":226072,"date":"2024-12-19T02:18:28","date_gmt":"2024-12-19T01:18:28","guid":{"rendered":"https:\/\/www.csj-emballages.com\/produit\/fluessiges-aroma-kaffee-50-ml\/"},"modified":"2026-03-12T16:05:26","modified_gmt":"2026-03-12T15:05:26","slug":"fluessiges-aroma-kaffee-50-ml","status":"publish","type":"product","link":"https:\/\/www.csj-emballages.com\/de\/produit\/fluessiges-aroma-kaffee-50-ml\/","title":{"rendered":"Fl\u00fcssiges Aroma Kaffee 50 ml"},"content":{"rendered":"<h2><\/h2>\n<h2>Fl\u00fcssiges Aroma<\/h2>\n<hr>\n<h3>Beschreibung von unserem fl\u00fcssigen Aroma Kaffee 50 ml<\/h3>\n<p><!--more--><\/p>\n<p>Entdecken Sie unser <strong>fl\u00fcssiges<\/strong> <strong>Kaffeearoma<\/strong>, ein Produkt, das entwickelt wurde, um Ihren kulinarischen Kreationen einen intensiven und leckeren Geschmack zu verleihen. Denn die <strong>50-ml-Flasche<\/strong> eignet sich perfekt, um Ihre Desserts, Getr\u00e4nke oder Backwaren mit einer nat\u00fcrlichen und ausgewogenen Kaffeenote zu verfeinern. Praktisch und einfach zu verwenden, erf\u00fcllt es die Bed\u00fcrfnisse von Hobbyk\u00f6chen und Profis gleicherma\u00dfen. Die Verwendung dieses <strong>Kaffeearomas<\/strong> ist einfach und intuitiv. Einige Tropfen gen\u00fcgen, um Ihre Zubereitungen zu verwandeln. Es eignet sich perfekt zum Verfeinern von Cremes, Kuchen oder Getr\u00e4nken und f\u00fcgt sich nahtlos in Ihre Rezepte ein. Sie k\u00f6nnen es verwenden, um ein Tiramisu, einen Schokoladenfondant oder sogar einen Feinschmeckercocktail zu aromatisieren. Dank seines kompakten Formats l\u00e4sst sich dieses <strong>fl\u00fcssige Aroma<\/strong> leicht dosieren und aufbewahren, sodass nichts verschwendet wird. Dieses Produkt zeichnet sich durch seine Vielseitigkeit aus.        <\/p>\n<p>&nbsp;<\/p>\n<p><!--more--><\/p>\n<h4>Ein Kaffeearoma f\u00fcr leckere und abwechslungsreiche Kreationen<\/h4>\n<p>Das<strong>fl\u00fcssige<\/strong> <strong>Kaffeearoma<\/strong> ist ein Muss f\u00fcr alle, die den reichen und intensiven Geschmack von Kaffee sch\u00e4tzen. Es verleiht Ihren Zubereitungen eine einzigartige aromatische Note. Ob in klassischen Desserts wie Mousse au Chocolat oder in anspruchsvolleren Kreationen, dieses <strong>Kaffeearoma<\/strong> garantiert Ihnen ein k\u00f6stliches Ergebnis. Auch die Gr\u00f6\u00dfe von <strong>50 ml<\/strong> ist perfekt f\u00fcr den regelm\u00e4\u00dfigen Gebrauch geeignet. Da er kompakt und praktisch ist, l\u00e4sst er sich leicht in Ihren K\u00fcchenbereich integrieren. Dank der pr\u00e4zisen Dosierung k\u00f6nnen Sie die Menge des<strong>Kaffeearomas<\/strong> an Ihren Geschmack anpassen, egal ob Sie einen intensiven oder eher subtilen Geschmack bevorzugen.     <\/p>\n<p>Einer der gro\u00dfen Vorteile dieses <strong>fl\u00fcssigen Aromas<\/strong> ist sein Preis-Leistungs-Verh\u00e4ltnis. Einige Tropfen reichen aus, um Ihre Zubereitungen zu aromatisieren, was es zu einem g\u00fcnstigen und nachhaltigen Produkt macht. Dar\u00fcber hinaus spart es Zeit, da es Ihre Zubereitungen vereinfacht. Sie m\u00fcssen keinen fl\u00fcssigen Kaffee zubereiten oder gemahlene Bohnen verwenden, um einen authentischen Geschmack zu erhalten.   <\/p>\n<p>&nbsp;<\/p>\n<p><!--more--><\/p>\n<h4>Ein unverzichtbarer Verb\u00fcndeter f\u00fcr Ihre Rezepte<\/h4>\n<p><strong>Fl\u00fcssiges<\/strong> <strong>Kaffeearoma<\/strong> ist viel mehr als nur eine Zutat, es ist eine echte Bereicherung f\u00fcr Ihre kulinarischen Kreationen. Es bietet einen authentischen und intensiven Geschmack, der sowohl einfache Rezepte als auch raffinierte Gerichte verfeinert. Dank seiner einfachen Handhabung und seiner gro\u00dfen Vielseitigkeit ist er in der K\u00fcche nicht mehr wegzudenken.  <\/p>\n<p>Kurz gesagt: Egal, ob Sie Hobbykoch oder Profi sind, mit diesem <strong>Kaffeearoma<\/strong> k\u00f6nnen Sie Ihre Rezepte ganz nach Ihren W\u00fcnschen gestalten. Wenn Sie es in Ihre Zubereitungen einr\u00fchren, erhalten Sie m\u00fchelos ein schmackhaftes und einzigartiges Ergebnis. Probieren Sie es noch heute aus und entdecken Sie die unz\u00e4hligen M\u00f6glichkeiten, die es Ihnen bietet. Sie werden nicht mehr darauf verzichten wollen.   <\/p>\n<p>&nbsp;<\/p>\n<p><!--more--><\/p>\n<p>Testen Sie dieses <strong>Kaffeearoma<\/strong> noch heute und geben Sie Ihren allt\u00e4glichen Rezepten eine neue Dimension<\/p>\n<p>&nbsp;<\/p>\n<p><!--more--><\/p>\n<h4>Seine Vorteile :<\/h4>\n<ul>\n<li><strong>Authentischer, intensiver Geschmack<\/strong>: Ein reichhaltiges <strong>Kaffeearoma<\/strong>, das den Geschmack von frisch gebr\u00fchtem Kaffee originalgetreu nachbildet.<\/li>\n<li><strong>Einfach zu dosieren<\/strong>: Ein paar Tropfen gen\u00fcgen, um Ihre Rezepte zu parf\u00fcmieren, ohne dass Sie Gefahr laufen, die Aromen zu \u00fcberladen.<\/li>\n<li><strong>Vielseitig<\/strong>: Geeignet f\u00fcr viele s\u00fc\u00dfe (Desserts, Getr\u00e4nke) und herzhafte (So\u00dfen, Marinaden) Zubereitungen.<\/li>\n<li><strong>Optimale Haltbarkeit<\/strong>: Eine luftdichte Flasche, die die Frische und Intensit\u00e4t des<strong>fl\u00fcssigen Aromas<\/strong> mehrere Monate lang bewahrt.<\/li>\n<\/ul>\n<p>&nbsp;<\/p>\n<p><!--more--><\/p>\n<h4>Weitere Informationen :<\/h4>\n<ul>\n<li><b>H\u00f6he: <\/b>115 mm<\/li>\n<li><strong>Verpackung<\/strong>: Einzeln<\/li>\n<li><strong>Volumen<\/strong>: 50 ml<\/li>\n<li><b>Geschmack: <\/b>Kaffee<\/li>\n<li><strong>Dosierung<\/strong>: 6g\/kg<\/li>\n<\/ul>\n<p>&nbsp;<\/p>\n<p><!--more--><\/p>\n<h4>Zusammensetzung :<\/h4>\n<ul>\n<li><strong>Zuckersirup<\/strong> \/ <strong>Kaffeearoma \/ Karamellfarbstoff \/ Koffein<\/strong><\/li>\n<\/ul>\n<p>&nbsp;<\/p>\n<p><!--more--><\/p>\n<p>Produkt in verschiedenen Geschmacksrichtungen erh\u00e4ltlich : <span style=\"color: #d12727;\"><a style=\"color: #d12727;\" href=\"https:\/\/www.csj-emballages.com\/produit\/arome-liquide-vanille-50-ml\/\">Vanille<\/a><\/span> \/ <span style=\"color: #d12727;\"><a style=\"color: #d12727;\" href=\"https:\/\/www.csj-emballages.com\/produit\/arome-liquide-pistache-50-ml\/\">Pistazie<\/a><\/span> \/ <span style=\"color: #d12727;\"><a style=\"color: #d12727;\" href=\"https:\/\/www.csj-emballages.com\/es\/produit\/aroma-de-cacao-liquido-50-ml\/\">Kakao<\/a><\/span> \/ <span style=\"color: #d12727;\"><a style=\"color: #d12727;\" href=\"https:\/\/www.csj-emballages.com\/en\/produit\/lemon-liquid-flavour-50-ml\/\">Zitrone<\/a><\/span> \/ <span style=\"color: #d12727;\"><a style=\"color: #d12727;\" href=\"https:\/\/www.csj-emballages.com\/en\/produit\/pineapple-liquid-flavor-50-ml\/\">Ananas<\/a><\/span> \/ <span style=\"color: #d12727;\"><a style=\"color: #d12727;\" href=\"https:\/\/www.csj-emballages.com\/produit\/arome-liquide-orange-50-ml\/\">Orange<\/a><\/span><\/p>\n<p>&nbsp;<\/p>\n<p><!--more--><\/p>\n<p><a href=\"https:\/\/www.csj-emballages.com\/de\/categorie-produit\/lebensmittel\/konditorei\/aromen\/\">Entdecken Sie den Rest unseres Sortiments an Aromen<\/a><\/p>\n","protected":false},"excerpt":{"rendered":"<p>Fl\u00fcssiges Aroma Beschreibung von unserem fl\u00fcssigen Aroma Kaffee 50 ml<\/p>\n","protected":false},"featured_media":219185,"template":"","meta":{"_acf_changed":false},"product_brand":[],"product_cat":[1144,9215,9230],"product_tag":[],"class_list":{"0":"post-226072","1":"product","2":"type-product","3":"status-publish","4":"has-post-thumbnail","6":"product_cat-lebensmittel","7":"product_cat-konditorei","8":"product_cat-aromen","10":"first","11":"instock","12":"taxable","13":"shipping-taxable","14":"purchasable","15":"product-type-simple"},"acf":[],"yoast_head":"<!-- This site is optimized with the Yoast SEO Premium plugin v26.6 (Yoast SEO v26.6) - https:\/\/yoast.com\/wordpress\/plugins\/seo\/ -->\n<title>Fl\u00fcssiges Aroma Kaffee - 50 ml<\/title>\n<meta name=\"description\" content=\"Entdecken Sie das fl\u00fcssige Aroma Kaffee 50 ml: ein nat\u00fcrlicher und vielseitiger Geschmack, um Ihre s\u00fc\u00dfen oder herzhaften Rezepte zu verfeinern. Praktisches Format und einfach zu dosieren\" \/>\n<meta name=\"robots\" content=\"index, follow, max-snippet:-1, max-image-preview:large, max-video-preview:-1\" \/>\n<link rel=\"canonical\" href=\"https:\/\/www.csj-emballages.com\/de\/produit\/fluessiges-aroma-kaffee-50-ml\/\" \/>\n<meta property=\"og:locale\" content=\"de_DE\" \/>\n<meta property=\"og:type\" content=\"article\" \/>\n<meta property=\"og:title\" content=\"Fl\u00fcssiges Aroma Kaffee 50 ml\" \/>\n<meta property=\"og:description\" content=\"Entdecken Sie das fl\u00fcssige Aroma Kaffee 50 ml: ein nat\u00fcrlicher und vielseitiger Geschmack, um Ihre s\u00fc\u00dfen oder herzhaften Rezepte zu verfeinern. Praktisches Format und einfach zu dosieren\" \/>\n<meta property=\"og:url\" content=\"https:\/\/www.csj-emballages.com\/de\/produit\/fluessiges-aroma-kaffee-50-ml\/\" \/>\n<meta property=\"og:site_name\" content=\"CSJ Emballages\" \/>\n<meta property=\"article:publisher\" content=\"https:\/\/www.facebook.com\/csjemballages\" \/>\n<meta property=\"article:modified_time\" content=\"2026-03-12T15:05:26+00:00\" \/>\n<meta property=\"og:image\" content=\"https:\/\/www.csj-emballages.com\/wp-content\/uploads\/2024\/12\/Arome-cafe.webp\" \/>\n\t<meta property=\"og:image:width\" content=\"800\" \/>\n\t<meta property=\"og:image:height\" content=\"800\" \/>\n\t<meta property=\"og:image:type\" content=\"image\/webp\" \/>\n<meta name=\"twitter:card\" content=\"summary_large_image\" \/>\n<meta name=\"twitter:label1\" content=\"Gesch\u00e4tzte Lesezeit\" \/>\n\t<meta name=\"twitter:data1\" content=\"3 Minuten\" \/>\n<script type=\"application\/ld+json\" class=\"yoast-schema-graph\">{\"@context\":\"https:\/\/schema.org\",\"@graph\":[{\"@type\":\"WebPage\",\"@id\":\"https:\/\/www.csj-emballages.com\/de\/produit\/fluessiges-aroma-kaffee-50-ml\/\",\"url\":\"https:\/\/www.csj-emballages.com\/de\/produit\/fluessiges-aroma-kaffee-50-ml\/\",\"name\":\"Fl\u00fcssiges Aroma Kaffee - 50 ml\",\"isPartOf\":{\"@id\":\"https:\/\/www.csj-emballages.com\/de\/#website\"},\"primaryImageOfPage\":{\"@id\":\"https:\/\/www.csj-emballages.com\/de\/produit\/fluessiges-aroma-kaffee-50-ml\/#primaryimage\"},\"image\":{\"@id\":\"https:\/\/www.csj-emballages.com\/de\/produit\/fluessiges-aroma-kaffee-50-ml\/#primaryimage\"},\"thumbnailUrl\":\"https:\/\/www.csj-emballages.com\/wp-content\/uploads\/2024\/12\/Arome-cafe.webp\",\"datePublished\":\"2024-12-19T01:18:28+00:00\",\"dateModified\":\"2026-03-12T15:05:26+00:00\",\"description\":\"Entdecken Sie das fl\u00fcssige Aroma Kaffee 50 ml: ein nat\u00fcrlicher und vielseitiger Geschmack, um Ihre s\u00fc\u00dfen oder herzhaften Rezepte zu verfeinern. Praktisches Format und einfach zu dosieren\",\"breadcrumb\":{\"@id\":\"https:\/\/www.csj-emballages.com\/de\/produit\/fluessiges-aroma-kaffee-50-ml\/#breadcrumb\"},\"inLanguage\":\"de\",\"potentialAction\":[{\"@type\":\"ReadAction\",\"target\":[\"https:\/\/www.csj-emballages.com\/de\/produit\/fluessiges-aroma-kaffee-50-ml\/\"]}]},{\"@type\":\"ImageObject\",\"inLanguage\":\"de\",\"@id\":\"https:\/\/www.csj-emballages.com\/de\/produit\/fluessiges-aroma-kaffee-50-ml\/#primaryimage\",\"url\":\"https:\/\/www.csj-emballages.com\/wp-content\/uploads\/2024\/12\/Arome-cafe.webp\",\"contentUrl\":\"https:\/\/www.csj-emballages.com\/wp-content\/uploads\/2024\/12\/Arome-cafe.webp\",\"width\":800,\"height\":800,\"caption\":\"Ar\u00f4me liquide caf\u00e9\"},{\"@type\":\"BreadcrumbList\",\"@id\":\"https:\/\/www.csj-emballages.com\/de\/produit\/fluessiges-aroma-kaffee-50-ml\/#breadcrumb\",\"itemListElement\":[{\"@type\":\"ListItem\",\"position\":1,\"name\":\"Accueil\",\"item\":\"https:\/\/www.csj-emballages.com\/de\/universum-lebensmittelverpackungen\/\"},{\"@type\":\"ListItem\",\"position\":2,\"name\":\"Shop\",\"item\":\"https:\/\/www.csj-emballages.com\/shop\/\"},{\"@type\":\"ListItem\",\"position\":3,\"name\":\"Fl\u00fcssiges Aroma Kaffee 50 ml\"}]},{\"@type\":\"WebSite\",\"@id\":\"https:\/\/www.csj-emballages.com\/de\/#website\",\"url\":\"https:\/\/www.csj-emballages.com\/de\/\",\"name\":\"CSJ Emballages\",\"description\":\"\",\"publisher\":{\"@id\":\"https:\/\/www.csj-emballages.com\/de\/#organization\"},\"potentialAction\":[{\"@type\":\"SearchAction\",\"target\":{\"@type\":\"EntryPoint\",\"urlTemplate\":\"https:\/\/www.csj-emballages.com\/de\/?s={search_term_string}\"},\"query-input\":{\"@type\":\"PropertyValueSpecification\",\"valueRequired\":true,\"valueName\":\"search_term_string\"}}],\"inLanguage\":\"de\"},{\"@type\":\"Organization\",\"@id\":\"https:\/\/www.csj-emballages.com\/de\/#Organization\/\",\"name\":\"CSJ Emballages\",\"url\":\"https:\/\/www.csj-emballages.com\/de\/\",\"logo\":{\"@type\":\"ImageObject\",\"inLanguage\":\"de\",\"@id\":\"https:\/\/www.csj-emballages.com\/de\/#\/schema\/logo\/image\/\",\"url\":\"https:\/\/www.csj-emballages.com\/wp-content\/uploads\/2023\/10\/logo_csj.webp\",\"contentUrl\":\"https:\/\/www.csj-emballages.com\/wp-content\/uploads\/2023\/10\/logo_csj.webp\",\"width\":250,\"height\":95,\"caption\":\"CSJ Emballages\"},\"image\":{\"@id\":\"https:\/\/www.csj-emballages.com\/de\/#\/schema\/logo\/image\/\"},\"sameAs\":[\"https:\/\/www.facebook.com\/csjemballages\"],\"address\":{\"@type\":\"PostalAddress\",\"streetAddress\":\"ZI La Lechere\",\"addressLocality\":\"Patornay\",\"postalCode\":\"39130\",\"addressCountry\":\"FR\"},\"contactPoint\":[{\"@type\":\"ContactPoint\",\"contactType\":\"Service client\",\"telephone\":\"0384254272\",\"email\":\"contact@csj-emballages.com\"}]}]}<\/script>\n<!-- \/ Yoast SEO Premium plugin. -->","yoast_head_json":{"title":"Fl\u00fcssiges Aroma Kaffee - 50 ml","description":"Entdecken Sie das fl\u00fcssige Aroma Kaffee 50 ml: ein nat\u00fcrlicher und vielseitiger Geschmack, um Ihre s\u00fc\u00dfen oder herzhaften Rezepte zu verfeinern. Praktisches Format und einfach zu dosieren","robots":{"index":"index","follow":"follow","max-snippet":"max-snippet:-1","max-image-preview":"max-image-preview:large","max-video-preview":"max-video-preview:-1"},"canonical":"https:\/\/www.csj-emballages.com\/de\/produit\/fluessiges-aroma-kaffee-50-ml\/","og_locale":"de_DE","og_type":"article","og_title":"Fl\u00fcssiges Aroma Kaffee 50 ml","og_description":"Entdecken Sie das fl\u00fcssige Aroma Kaffee 50 ml: ein nat\u00fcrlicher und vielseitiger Geschmack, um Ihre s\u00fc\u00dfen oder herzhaften Rezepte zu verfeinern. Praktisches Format und einfach zu dosieren","og_url":"https:\/\/www.csj-emballages.com\/de\/produit\/fluessiges-aroma-kaffee-50-ml\/","og_site_name":"CSJ Emballages","article_publisher":"https:\/\/www.facebook.com\/csjemballages","article_modified_time":"2026-03-12T15:05:26+00:00","og_image":[{"width":800,"height":800,"url":"https:\/\/www.csj-emballages.com\/wp-content\/uploads\/2024\/12\/Arome-cafe.webp","type":"image\/webp"}],"twitter_card":"summary_large_image","twitter_misc":{"Gesch\u00e4tzte Lesezeit":"3 Minuten"},"schema":{"@context":"https:\/\/schema.org","@graph":[{"@type":"WebPage","@id":"https:\/\/www.csj-emballages.com\/de\/produit\/fluessiges-aroma-kaffee-50-ml\/","url":"https:\/\/www.csj-emballages.com\/de\/produit\/fluessiges-aroma-kaffee-50-ml\/","name":"Fl\u00fcssiges Aroma Kaffee - 50 ml","isPartOf":{"@id":"https:\/\/www.csj-emballages.com\/de\/#website"},"primaryImageOfPage":{"@id":"https:\/\/www.csj-emballages.com\/de\/produit\/fluessiges-aroma-kaffee-50-ml\/#primaryimage"},"image":{"@id":"https:\/\/www.csj-emballages.com\/de\/produit\/fluessiges-aroma-kaffee-50-ml\/#primaryimage"},"thumbnailUrl":"https:\/\/www.csj-emballages.com\/wp-content\/uploads\/2024\/12\/Arome-cafe.webp","datePublished":"2024-12-19T01:18:28+00:00","dateModified":"2026-03-12T15:05:26+00:00","description":"Entdecken Sie das fl\u00fcssige Aroma Kaffee 50 ml: ein nat\u00fcrlicher und vielseitiger Geschmack, um Ihre s\u00fc\u00dfen oder herzhaften Rezepte zu verfeinern. Praktisches Format und einfach zu dosieren","breadcrumb":{"@id":"https:\/\/www.csj-emballages.com\/de\/produit\/fluessiges-aroma-kaffee-50-ml\/#breadcrumb"},"inLanguage":"de","potentialAction":[{"@type":"ReadAction","target":["https:\/\/www.csj-emballages.com\/de\/produit\/fluessiges-aroma-kaffee-50-ml\/"]}]},{"@type":"ImageObject","inLanguage":"de","@id":"https:\/\/www.csj-emballages.com\/de\/produit\/fluessiges-aroma-kaffee-50-ml\/#primaryimage","url":"https:\/\/www.csj-emballages.com\/wp-content\/uploads\/2024\/12\/Arome-cafe.webp","contentUrl":"https:\/\/www.csj-emballages.com\/wp-content\/uploads\/2024\/12\/Arome-cafe.webp","width":800,"height":800,"caption":"Ar\u00f4me liquide caf\u00e9"},{"@type":"BreadcrumbList","@id":"https:\/\/www.csj-emballages.com\/de\/produit\/fluessiges-aroma-kaffee-50-ml\/#breadcrumb","itemListElement":[{"@type":"ListItem","position":1,"name":"Accueil","item":"https:\/\/www.csj-emballages.com\/de\/universum-lebensmittelverpackungen\/"},{"@type":"ListItem","position":2,"name":"Shop","item":"https:\/\/www.csj-emballages.com\/shop\/"},{"@type":"ListItem","position":3,"name":"Fl\u00fcssiges Aroma Kaffee 50 ml"}]},{"@type":"WebSite","@id":"https:\/\/www.csj-emballages.com\/de\/#website","url":"https:\/\/www.csj-emballages.com\/de\/","name":"CSJ Emballages","description":"","publisher":{"@id":"https:\/\/www.csj-emballages.com\/de\/#organization"},"potentialAction":[{"@type":"SearchAction","target":{"@type":"EntryPoint","urlTemplate":"https:\/\/www.csj-emballages.com\/de\/?s={search_term_string}"},"query-input":{"@type":"PropertyValueSpecification","valueRequired":true,"valueName":"search_term_string"}}],"inLanguage":"de"},{"@type":"Organization","@id":"https:\/\/www.csj-emballages.com\/de\/#Organization\/","name":"CSJ Emballages","url":"https:\/\/www.csj-emballages.com\/de\/","logo":{"@type":"ImageObject","inLanguage":"de","@id":"https:\/\/www.csj-emballages.com\/de\/#\/schema\/logo\/image\/","url":"https:\/\/www.csj-emballages.com\/wp-content\/uploads\/2023\/10\/logo_csj.webp","contentUrl":"https:\/\/www.csj-emballages.com\/wp-content\/uploads\/2023\/10\/logo_csj.webp","width":250,"height":95,"caption":"CSJ Emballages"},"image":{"@id":"https:\/\/www.csj-emballages.com\/de\/#\/schema\/logo\/image\/"},"sameAs":["https:\/\/www.facebook.com\/csjemballages"],"address":{"@type":"PostalAddress","streetAddress":"ZI La Lechere","addressLocality":"Patornay","postalCode":"39130","addressCountry":"FR"},"contactPoint":[{"@type":"ContactPoint","contactType":"Service client","telephone":"0384254272","email":"contact@csj-emballages.com"}]}]}},"df_price":2.9,"df_sale_price":"","df_regular_price":2.9,"df_image_link":"https:\/\/www.csj-emballages.com\/wp-content\/uploads\/2024\/12\/Arome-cafe-300x300.webp","tiered_pricing_type":"fixed","tiered_pricing_fixed_rules":[],"tiered_pricing_percentage_rules":[],"tiered_pricing_minimum":1,"tiered_pricing_roles_data":[],"_links":{"self":[{"href":"https:\/\/www.csj-emballages.com\/de\/wp-json\/wp\/v2\/product\/226072","targetHints":{"allow":["GET"]}}],"collection":[{"href":"https:\/\/www.csj-emballages.com\/de\/wp-json\/wp\/v2\/product"}],"about":[{"href":"https:\/\/www.csj-emballages.com\/de\/wp-json\/wp\/v2\/types\/product"}],"wp:featuredmedia":[{"embeddable":true,"href":"https:\/\/www.csj-emballages.com\/de\/wp-json\/wp\/v2\/media\/219185"}],"wp:attachment":[{"href":"https:\/\/www.csj-emballages.com\/de\/wp-json\/wp\/v2\/media?parent=226072"}],"wp:term":[{"taxonomy":"product_brand","embeddable":true,"href":"https:\/\/www.csj-emballages.com\/de\/wp-json\/wp\/v2\/product_brand?post=226072"},{"taxonomy":"product_cat","embeddable":true,"href":"https:\/\/www.csj-emballages.com\/de\/wp-json\/wp\/v2\/product_cat?post=226072"},{"taxonomy":"product_tag","embeddable":true,"href":"https:\/\/www.csj-emballages.com\/de\/wp-json\/wp\/v2\/product_tag?post=226072"}],"curies":[{"name":"wp","href":"https:\/\/api.w.org\/{rel}","templated":true}]}}