{"id":226071,"date":"2024-12-19T02:18:31","date_gmt":"2024-12-19T01:18:31","guid":{"rendered":"https:\/\/www.csj-emballages.com\/produit\/fluessiges-aroma-zitrone-50-ml\/"},"modified":"2026-03-12T16:05:27","modified_gmt":"2026-03-12T15:05:27","slug":"fluessiges-aroma-zitrone-50-ml","status":"publish","type":"product","link":"https:\/\/www.csj-emballages.com\/de\/produit\/fluessiges-aroma-zitrone-50-ml\/","title":{"rendered":"Fl\u00fcssiges Aroma Zitrone 50 ml"},"content":{"rendered":"<h2>Fl\u00fcssiges Aroma<\/h2>\n<hr>\n<h3>Beschreibung unseres fl\u00fcssigen Aromas Zitrone 50 ml<\/h3>\n<p><!--more--><\/p>\n<p>Entdecken Sie unser <strong>fl\u00fcssiges<\/strong> <strong>Zitronenaroma<\/strong>, eine ideale L\u00f6sung, um Ihren Rezepten einen Hauch von S\u00e4ure und Frische zu verleihen. Dieses Aroma, das in einer <strong>50-ml-Flasche<\/strong> angeboten wird, zeichnet sich durch seine Authentizit\u00e4t und Praktikabilit\u00e4t aus. Es ist perfekt f\u00fcr Hobby- und Profik\u00f6che und l\u00e4sst sich leicht in eine Vielzahl von Zubereitungen integrieren, von Desserts bis hin zu herzhaften Gerichten. Die Verwendung dieses <strong>fl\u00fcssigen<\/strong> <strong>Zitronenaromas<\/strong> ist einfach und schnell. Einige Tropfen gen\u00fcgen, um Ihre Rezepte mit einem ausgewogenen und angenehmen Zitronengeschmack zu verfeinern. Dieses Produkt ist ideal, um Ihre Backwaren, Cremes, Kuchen oder Cocktails zu verfeinern. Es eignet sich auch, um herzhaften Gerichten eine s\u00e4uerliche Note zu verleihen, wie z. B. <span style=\"color: #d12727;\"><a style=\"color: #d12727;\" href=\"https:\/\/www.csj-emballages.com\/de\/categorie-produit\/lebensmittel\/marinaden\/\">Marinaden<\/a><\/span>, So\u00dfen oder Salatdressings zu verwenden. Dank der Gr\u00f6\u00dfe von <strong>50 ml<\/strong> k\u00f6nnen Sie genau nach Bedarf dosieren, ohne etwas zu verschwenden.       <\/p>\n<p>&nbsp;<\/p>\n<p><!--more--><\/p>\n<h4>Einfache und langfristige Nutzung<\/h4>\n<p>Au\u00dferdem l\u00e4sst sich dieses <strong>Zitronenaroma<\/strong> ganz einfach in Ihre Rezepte integrieren. Ob Sie nun einen Zitronenkuchen, eine Baisertorte oder ein Erfrischungsgetr\u00e4nk zubereiten, es wird eine einzigartige Geschmacksdimension hinzuf\u00fcgen. Sein frischer, nat\u00fcrlicher Geschmack passt sich allen kulinarischen W\u00fcnschen an. Durch die Verwendung dieses <strong>fl\u00fcssigen Aromas<\/strong> vereinfachen Sie die Zubereitung Ihrer Gerichte und sorgen gleichzeitig f\u00fcr ein schmackhaftes und konstantes Ergebnis. Was die Haltbarkeit angeht, ist dieses Produkt auf Langlebigkeit ausgelegt. Seine luftdichte Flasche sch\u00fctzt den Inhalt vor Luft, wodurch die Frische und Intensit\u00e4t des Aromas \u00fcber einen langen Zeitraum erhalten bleibt. Achten Sie nach jedem Gebrauch darauf, die Flasche wieder gut zu verschlie\u00dfen, damit die Qualit\u00e4t erhalten bleibt. Kompakt und leicht zu verstauen, findet er problemlos seinen Platz in Ihrer K\u00fcche.       <\/p>\n<p>Das<strong>fl\u00fcssige Aroma<\/strong> <strong>Zitrone<\/strong> eignet sich besonders f\u00fcr Anf\u00e4nger und Profik\u00f6che. Seine einfache Anwendung und sein praktisches Format machen es zu einem unverzichtbaren Helfer bei der Kreation origineller oder klassischer Gerichte. Es garantiert einen gleichbleibenden Geschmack, ohne Schwankungen aufgrund der Jahreszeit oder der Qualit\u00e4t frischer <strong>Zitronen<\/strong>.  <\/p>\n<p>&nbsp;<\/p>\n<p><!--more--><\/p>\n<h4>Eine praktische und leckere Note<\/h4>\n<p>Zusammenfassend l\u00e4sst sich sagen, dass unser <strong>fl\u00fcssiges<\/strong> <strong>Zitronenaroma<\/strong> eine ideale L\u00f6sung ist, um Ihren Gerichten und Desserts einen nat\u00fcrlichen, s\u00e4uerlichen Geschmack zu verleihen. Dank seiner Vielseitigkeit passt es sich all Ihren kulinarischen Ideen an, egal ob klassisch oder innovativ. Die <strong>50-ml-Flasche<\/strong> ist leicht aufzubewahren, einfach zu verwenden und wurde entwickelt, um den Bed\u00fcrfnissen aller K\u00f6che gerecht zu werden.  <\/p>\n<p>Testen Sie noch heute dieses <strong>Zitronenaroma<\/strong>, um Ihre allt\u00e4glichen Rezepte in einzigartige, frische und leckere Kreationen zu verwandeln. Eine praktische und effiziente L\u00f6sung, um Ihre Zubereitungen im Handumdrehen zu verfeinern. <\/p>\n<p>&nbsp;<\/p>\n<p><!--more--><\/p>\n<p>Testen Sie dieses <strong>Zitronenaroma<\/strong> noch heute und verleihen Sie Ihren allt\u00e4glichen Rezepten eine neue Dimension.<\/p>\n<p>&nbsp;<\/p>\n<p><!--more--><\/p>\n<h4>Seine Vorteile :<\/h4>\n<ul>\n<li><strong>Authentischer und frischer Geschmack<\/strong>: Ein nat\u00fcrlicher Zitronengeschmack, um Ihre s\u00fc\u00dfen und herzhaften Rezepte zu verfeinern.<\/li>\n<li><strong>Vielseitig<\/strong>: Geeignet f\u00fcr Desserts, Getr\u00e4nke, Geb\u00e4ck und sogar f\u00fcr herzhafte Zubereitungen.<\/li>\n<li><strong>Optimierte Haltbarkeit<\/strong>: Luftdichte Flasche, um die Frische und die Intensit\u00e4t des Aromas zu bewahren.<\/li>\n<li><strong>Sparsam<\/strong>: Eine kleine Menge reicht aus, um Ihre Zubereitungen zu parf\u00fcmieren, und macht das Produkt haltbar.<\/li>\n<\/ul>\n<p>&nbsp;<\/p>\n<p><!--more--><\/p>\n<h4>Weitere Informationen :<\/h4>\n<ul>\n<li><b>H\u00f6he: <\/b>115 mm<\/li>\n<li><strong>Verpackung<\/strong>: Einzeln<\/li>\n<li><strong>Volumen<\/strong>: 50 ml<\/li>\n<li><b>Geschmack: <\/b>Zitrone<\/li>\n<li><strong>Dosierung<\/strong>: 5g\/kg<\/li>\n<\/ul>\n<p>&nbsp;<\/p>\n<p><!--more--><\/p>\n<h4>Zusammensetzung :<\/h4>\n<ul>\n<li><strong>Zuckersirup<\/strong> \/ <strong>Wasser<\/strong> \/ <strong>Zitronenaroma<\/strong><\/li>\n<\/ul>\n<p>&nbsp;<\/p>\n<p><!--more--><\/p>\n<p>Produkt in verschiedenen Aromen erh\u00e4ltlich : <span style=\"color: #d12727;\"><a style=\"color: #d12727;\" href=\"https:\/\/www.csj-emballages.com\/es\/produit\/liquido-sabor-almendra-amarga-50-ml\/\">Bittermandel<\/a><\/span> \/ <span style=\"color: #d12727;\"><a style=\"color: #d12727;\" href=\"https:\/\/www.csj-emballages.com\/produit\/arome-liquide-pistache-50-ml\/\">Pistazie<\/a><\/span> \/ <span style=\"color: #d12727;\"><a style=\"color: #d12727;\" href=\"https:\/\/www.csj-emballages.com\/en\/produit\/liquid-cocoa-flavor-50-ml\/\">Kakao<\/a><\/span> \/ <span style=\"color: #d12727;\"><a style=\"color: #d12727;\" href=\"https:\/\/www.csj-emballages.com\/es\/produit\/platano-sabor-liquido-50-ml\/\">Banane<\/a><\/span> \/ <span style=\"color: #d12727;\"><a style=\"color: #d12727;\" href=\"https:\/\/www.csj-emballages.com\/produit\/arome-liquide-rose-50-ml\/\">Rosa<\/a><\/span> \/ <span style=\"color: #d12727;\"><a style=\"color: #d12727;\" href=\"https:\/\/www.csj-emballages.com\/produit\/arome-liquide-orange-50-ml\/\">Orange<\/a><\/span><\/p>\n<p>&nbsp;<\/p>\n<p><!--more--><\/p>\n<p><a href=\"https:\/\/www.csj-emballages.com\/de\/categorie-produit\/lebensmittel\/konditorei\/aromen\/\">Entdecken Sie den Rest unseres Sortiments an Aromen<\/a><\/p>\n","protected":false},"excerpt":{"rendered":"<p>Fl\u00fcssiges Aroma Beschreibung unseres fl\u00fcssigen Aromas Zitrone 50 ml<\/p>\n","protected":false},"featured_media":219154,"template":"","meta":{"_acf_changed":false},"product_brand":[],"product_cat":[1144,9215,9230],"product_tag":[],"class_list":{"0":"post-226071","1":"product","2":"type-product","3":"status-publish","4":"has-post-thumbnail","6":"product_cat-lebensmittel","7":"product_cat-konditorei","8":"product_cat-aromen","10":"first","11":"instock","12":"taxable","13":"shipping-taxable","14":"purchasable","15":"product-type-simple"},"acf":[],"yoast_head":"<!-- This site is optimized with the Yoast SEO Premium plugin v26.6 (Yoast SEO v26.6) - https:\/\/yoast.com\/wordpress\/plugins\/seo\/ -->\n<title>Fl\u00fcssiges Aroma Zitrone - 50 ml<\/title>\n<meta name=\"description\" content=\"Entdecken Sie das fl\u00fcssige Aroma Zitrone 50 ml: ein nat\u00fcrlicher und vielseitiger Geschmack, um Ihre s\u00fc\u00dfen oder herzhaften Rezepte zu verfeinern. Praktisches Format und einfach zu dosieren\" \/>\n<meta name=\"robots\" content=\"index, follow, max-snippet:-1, max-image-preview:large, max-video-preview:-1\" \/>\n<link rel=\"canonical\" href=\"https:\/\/www.csj-emballages.com\/de\/produit\/fluessiges-aroma-zitrone-50-ml\/\" \/>\n<meta property=\"og:locale\" content=\"de_DE\" \/>\n<meta property=\"og:type\" content=\"article\" \/>\n<meta property=\"og:title\" content=\"Fl\u00fcssiges Aroma Zitrone 50 ml\" \/>\n<meta property=\"og:description\" content=\"Entdecken Sie das fl\u00fcssige Aroma Zitrone 50 ml: ein nat\u00fcrlicher und vielseitiger Geschmack, um Ihre s\u00fc\u00dfen oder herzhaften Rezepte zu verfeinern. Praktisches Format und einfach zu dosieren\" \/>\n<meta property=\"og:url\" content=\"https:\/\/www.csj-emballages.com\/de\/produit\/fluessiges-aroma-zitrone-50-ml\/\" \/>\n<meta property=\"og:site_name\" content=\"CSJ Emballages\" \/>\n<meta property=\"article:publisher\" content=\"https:\/\/www.facebook.com\/csjemballages\" \/>\n<meta property=\"article:modified_time\" content=\"2026-03-12T15:05:27+00:00\" \/>\n<meta property=\"og:image\" content=\"https:\/\/www.csj-emballages.com\/wp-content\/uploads\/2024\/12\/Arome-citron.webp\" \/>\n\t<meta property=\"og:image:width\" content=\"800\" \/>\n\t<meta property=\"og:image:height\" content=\"800\" \/>\n\t<meta property=\"og:image:type\" content=\"image\/webp\" \/>\n<meta name=\"twitter:card\" content=\"summary_large_image\" \/>\n<meta name=\"twitter:label1\" content=\"Gesch\u00e4tzte Lesezeit\" \/>\n\t<meta name=\"twitter:data1\" content=\"3 Minuten\" \/>\n<script type=\"application\/ld+json\" class=\"yoast-schema-graph\">{\"@context\":\"https:\/\/schema.org\",\"@graph\":[{\"@type\":\"WebPage\",\"@id\":\"https:\/\/www.csj-emballages.com\/de\/produit\/fluessiges-aroma-zitrone-50-ml\/\",\"url\":\"https:\/\/www.csj-emballages.com\/de\/produit\/fluessiges-aroma-zitrone-50-ml\/\",\"name\":\"Fl\u00fcssiges Aroma Zitrone - 50 ml\",\"isPartOf\":{\"@id\":\"https:\/\/www.csj-emballages.com\/de\/#website\"},\"primaryImageOfPage\":{\"@id\":\"https:\/\/www.csj-emballages.com\/de\/produit\/fluessiges-aroma-zitrone-50-ml\/#primaryimage\"},\"image\":{\"@id\":\"https:\/\/www.csj-emballages.com\/de\/produit\/fluessiges-aroma-zitrone-50-ml\/#primaryimage\"},\"thumbnailUrl\":\"https:\/\/www.csj-emballages.com\/wp-content\/uploads\/2024\/12\/Arome-citron.webp\",\"datePublished\":\"2024-12-19T01:18:31+00:00\",\"dateModified\":\"2026-03-12T15:05:27+00:00\",\"description\":\"Entdecken Sie das fl\u00fcssige Aroma Zitrone 50 ml: ein nat\u00fcrlicher und vielseitiger Geschmack, um Ihre s\u00fc\u00dfen oder herzhaften Rezepte zu verfeinern. Praktisches Format und einfach zu dosieren\",\"breadcrumb\":{\"@id\":\"https:\/\/www.csj-emballages.com\/de\/produit\/fluessiges-aroma-zitrone-50-ml\/#breadcrumb\"},\"inLanguage\":\"de\",\"potentialAction\":[{\"@type\":\"ReadAction\",\"target\":[\"https:\/\/www.csj-emballages.com\/de\/produit\/fluessiges-aroma-zitrone-50-ml\/\"]}]},{\"@type\":\"ImageObject\",\"inLanguage\":\"de\",\"@id\":\"https:\/\/www.csj-emballages.com\/de\/produit\/fluessiges-aroma-zitrone-50-ml\/#primaryimage\",\"url\":\"https:\/\/www.csj-emballages.com\/wp-content\/uploads\/2024\/12\/Arome-citron.webp\",\"contentUrl\":\"https:\/\/www.csj-emballages.com\/wp-content\/uploads\/2024\/12\/Arome-citron.webp\",\"width\":800,\"height\":800,\"caption\":\"Ar\u00f4me liquide citron\"},{\"@type\":\"BreadcrumbList\",\"@id\":\"https:\/\/www.csj-emballages.com\/de\/produit\/fluessiges-aroma-zitrone-50-ml\/#breadcrumb\",\"itemListElement\":[{\"@type\":\"ListItem\",\"position\":1,\"name\":\"Accueil\",\"item\":\"https:\/\/www.csj-emballages.com\/de\/universum-lebensmittelverpackungen\/\"},{\"@type\":\"ListItem\",\"position\":2,\"name\":\"Shop\",\"item\":\"https:\/\/www.csj-emballages.com\/shop\/\"},{\"@type\":\"ListItem\",\"position\":3,\"name\":\"Fl\u00fcssiges Aroma Zitrone 50 ml\"}]},{\"@type\":\"WebSite\",\"@id\":\"https:\/\/www.csj-emballages.com\/de\/#website\",\"url\":\"https:\/\/www.csj-emballages.com\/de\/\",\"name\":\"CSJ Emballages\",\"description\":\"\",\"publisher\":{\"@id\":\"https:\/\/www.csj-emballages.com\/de\/#organization\"},\"potentialAction\":[{\"@type\":\"SearchAction\",\"target\":{\"@type\":\"EntryPoint\",\"urlTemplate\":\"https:\/\/www.csj-emballages.com\/de\/?s={search_term_string}\"},\"query-input\":{\"@type\":\"PropertyValueSpecification\",\"valueRequired\":true,\"valueName\":\"search_term_string\"}}],\"inLanguage\":\"de\"},{\"@type\":\"Organization\",\"@id\":\"https:\/\/www.csj-emballages.com\/de\/#Organization\/\",\"name\":\"CSJ Emballages\",\"url\":\"https:\/\/www.csj-emballages.com\/de\/\",\"logo\":{\"@type\":\"ImageObject\",\"inLanguage\":\"de\",\"@id\":\"https:\/\/www.csj-emballages.com\/de\/#\/schema\/logo\/image\/\",\"url\":\"https:\/\/www.csj-emballages.com\/wp-content\/uploads\/2023\/10\/logo_csj.webp\",\"contentUrl\":\"https:\/\/www.csj-emballages.com\/wp-content\/uploads\/2023\/10\/logo_csj.webp\",\"width\":250,\"height\":95,\"caption\":\"CSJ Emballages\"},\"image\":{\"@id\":\"https:\/\/www.csj-emballages.com\/de\/#\/schema\/logo\/image\/\"},\"sameAs\":[\"https:\/\/www.facebook.com\/csjemballages\"],\"address\":{\"@type\":\"PostalAddress\",\"streetAddress\":\"ZI La Lechere\",\"addressLocality\":\"Patornay\",\"postalCode\":\"39130\",\"addressCountry\":\"FR\"},\"contactPoint\":[{\"@type\":\"ContactPoint\",\"contactType\":\"Service client\",\"telephone\":\"0384254272\",\"email\":\"contact@csj-emballages.com\"}]}]}<\/script>\n<!-- \/ Yoast SEO Premium plugin. -->","yoast_head_json":{"title":"Fl\u00fcssiges Aroma Zitrone - 50 ml","description":"Entdecken Sie das fl\u00fcssige Aroma Zitrone 50 ml: ein nat\u00fcrlicher und vielseitiger Geschmack, um Ihre s\u00fc\u00dfen oder herzhaften Rezepte zu verfeinern. Praktisches Format und einfach zu dosieren","robots":{"index":"index","follow":"follow","max-snippet":"max-snippet:-1","max-image-preview":"max-image-preview:large","max-video-preview":"max-video-preview:-1"},"canonical":"https:\/\/www.csj-emballages.com\/de\/produit\/fluessiges-aroma-zitrone-50-ml\/","og_locale":"de_DE","og_type":"article","og_title":"Fl\u00fcssiges Aroma Zitrone 50 ml","og_description":"Entdecken Sie das fl\u00fcssige Aroma Zitrone 50 ml: ein nat\u00fcrlicher und vielseitiger Geschmack, um Ihre s\u00fc\u00dfen oder herzhaften Rezepte zu verfeinern. Praktisches Format und einfach zu dosieren","og_url":"https:\/\/www.csj-emballages.com\/de\/produit\/fluessiges-aroma-zitrone-50-ml\/","og_site_name":"CSJ Emballages","article_publisher":"https:\/\/www.facebook.com\/csjemballages","article_modified_time":"2026-03-12T15:05:27+00:00","og_image":[{"width":800,"height":800,"url":"https:\/\/www.csj-emballages.com\/wp-content\/uploads\/2024\/12\/Arome-citron.webp","type":"image\/webp"}],"twitter_card":"summary_large_image","twitter_misc":{"Gesch\u00e4tzte Lesezeit":"3 Minuten"},"schema":{"@context":"https:\/\/schema.org","@graph":[{"@type":"WebPage","@id":"https:\/\/www.csj-emballages.com\/de\/produit\/fluessiges-aroma-zitrone-50-ml\/","url":"https:\/\/www.csj-emballages.com\/de\/produit\/fluessiges-aroma-zitrone-50-ml\/","name":"Fl\u00fcssiges Aroma Zitrone - 50 ml","isPartOf":{"@id":"https:\/\/www.csj-emballages.com\/de\/#website"},"primaryImageOfPage":{"@id":"https:\/\/www.csj-emballages.com\/de\/produit\/fluessiges-aroma-zitrone-50-ml\/#primaryimage"},"image":{"@id":"https:\/\/www.csj-emballages.com\/de\/produit\/fluessiges-aroma-zitrone-50-ml\/#primaryimage"},"thumbnailUrl":"https:\/\/www.csj-emballages.com\/wp-content\/uploads\/2024\/12\/Arome-citron.webp","datePublished":"2024-12-19T01:18:31+00:00","dateModified":"2026-03-12T15:05:27+00:00","description":"Entdecken Sie das fl\u00fcssige Aroma Zitrone 50 ml: ein nat\u00fcrlicher und vielseitiger Geschmack, um Ihre s\u00fc\u00dfen oder herzhaften Rezepte zu verfeinern. Praktisches Format und einfach zu dosieren","breadcrumb":{"@id":"https:\/\/www.csj-emballages.com\/de\/produit\/fluessiges-aroma-zitrone-50-ml\/#breadcrumb"},"inLanguage":"de","potentialAction":[{"@type":"ReadAction","target":["https:\/\/www.csj-emballages.com\/de\/produit\/fluessiges-aroma-zitrone-50-ml\/"]}]},{"@type":"ImageObject","inLanguage":"de","@id":"https:\/\/www.csj-emballages.com\/de\/produit\/fluessiges-aroma-zitrone-50-ml\/#primaryimage","url":"https:\/\/www.csj-emballages.com\/wp-content\/uploads\/2024\/12\/Arome-citron.webp","contentUrl":"https:\/\/www.csj-emballages.com\/wp-content\/uploads\/2024\/12\/Arome-citron.webp","width":800,"height":800,"caption":"Ar\u00f4me liquide citron"},{"@type":"BreadcrumbList","@id":"https:\/\/www.csj-emballages.com\/de\/produit\/fluessiges-aroma-zitrone-50-ml\/#breadcrumb","itemListElement":[{"@type":"ListItem","position":1,"name":"Accueil","item":"https:\/\/www.csj-emballages.com\/de\/universum-lebensmittelverpackungen\/"},{"@type":"ListItem","position":2,"name":"Shop","item":"https:\/\/www.csj-emballages.com\/shop\/"},{"@type":"ListItem","position":3,"name":"Fl\u00fcssiges Aroma Zitrone 50 ml"}]},{"@type":"WebSite","@id":"https:\/\/www.csj-emballages.com\/de\/#website","url":"https:\/\/www.csj-emballages.com\/de\/","name":"CSJ Emballages","description":"","publisher":{"@id":"https:\/\/www.csj-emballages.com\/de\/#organization"},"potentialAction":[{"@type":"SearchAction","target":{"@type":"EntryPoint","urlTemplate":"https:\/\/www.csj-emballages.com\/de\/?s={search_term_string}"},"query-input":{"@type":"PropertyValueSpecification","valueRequired":true,"valueName":"search_term_string"}}],"inLanguage":"de"},{"@type":"Organization","@id":"https:\/\/www.csj-emballages.com\/de\/#Organization\/","name":"CSJ Emballages","url":"https:\/\/www.csj-emballages.com\/de\/","logo":{"@type":"ImageObject","inLanguage":"de","@id":"https:\/\/www.csj-emballages.com\/de\/#\/schema\/logo\/image\/","url":"https:\/\/www.csj-emballages.com\/wp-content\/uploads\/2023\/10\/logo_csj.webp","contentUrl":"https:\/\/www.csj-emballages.com\/wp-content\/uploads\/2023\/10\/logo_csj.webp","width":250,"height":95,"caption":"CSJ Emballages"},"image":{"@id":"https:\/\/www.csj-emballages.com\/de\/#\/schema\/logo\/image\/"},"sameAs":["https:\/\/www.facebook.com\/csjemballages"],"address":{"@type":"PostalAddress","streetAddress":"ZI La Lechere","addressLocality":"Patornay","postalCode":"39130","addressCountry":"FR"},"contactPoint":[{"@type":"ContactPoint","contactType":"Service client","telephone":"0384254272","email":"contact@csj-emballages.com"}]}]}},"df_price":2.81,"df_sale_price":"","df_regular_price":2.81,"df_image_link":"https:\/\/www.csj-emballages.com\/wp-content\/uploads\/2024\/12\/Arome-citron-300x300.webp","tiered_pricing_type":"fixed","tiered_pricing_fixed_rules":[],"tiered_pricing_percentage_rules":[],"tiered_pricing_minimum":1,"tiered_pricing_roles_data":[],"_links":{"self":[{"href":"https:\/\/www.csj-emballages.com\/de\/wp-json\/wp\/v2\/product\/226071","targetHints":{"allow":["GET"]}}],"collection":[{"href":"https:\/\/www.csj-emballages.com\/de\/wp-json\/wp\/v2\/product"}],"about":[{"href":"https:\/\/www.csj-emballages.com\/de\/wp-json\/wp\/v2\/types\/product"}],"wp:featuredmedia":[{"embeddable":true,"href":"https:\/\/www.csj-emballages.com\/de\/wp-json\/wp\/v2\/media\/219154"}],"wp:attachment":[{"href":"https:\/\/www.csj-emballages.com\/de\/wp-json\/wp\/v2\/media?parent=226071"}],"wp:term":[{"taxonomy":"product_brand","embeddable":true,"href":"https:\/\/www.csj-emballages.com\/de\/wp-json\/wp\/v2\/product_brand?post=226071"},{"taxonomy":"product_cat","embeddable":true,"href":"https:\/\/www.csj-emballages.com\/de\/wp-json\/wp\/v2\/product_cat?post=226071"},{"taxonomy":"product_tag","embeddable":true,"href":"https:\/\/www.csj-emballages.com\/de\/wp-json\/wp\/v2\/product_tag?post=226071"}],"curies":[{"name":"wp","href":"https:\/\/api.w.org\/{rel}","templated":true}]}}