{"id":22607,"date":"2024-03-01T16:50:27","date_gmt":"2024-03-01T15:50:27","guid":{"rendered":"https:\/\/u15jnbdpoq.preview.infomaniak.website\/produit\/25-kraft-salatschalen-pet-deckel-750-ml\/"},"modified":"2026-04-15T02:15:56","modified_gmt":"2026-04-15T00:15:56","slug":"25-kraft-salatschalen-pet-deckel-750-ml","status":"publish","type":"product","link":"https:\/\/www.csj-emballages.com\/de\/produit\/25-kraft-salatschalen-pet-deckel-750-ml\/","title":{"rendered":"Salatsch\u00fcssel Karton + Deckel PET 750 ml pro 25"},"content":{"rendered":"<h2>Salatschale<\/h2>\n<hr>\n<h3>Beschreibung unserer Salatsch\u00fcssel Karton + PET Deckel 750 ml pro 25<\/h3>\n<p><!--more--><\/p>\n<p data-start=\"271\" data-end=\"668\">Diese <strong data-start=\"285\" data-end=\"295\">750-ml-Salatschale<\/strong> wurde f\u00fcr alle entwickelt, die frische Gerichte zum Mitnehmen anbieten m\u00f6chten, ohne ihre Organisation zu erschweren. Denn schon beim Anfassen merkt man, dass alles gut aufeinander abgestimmt ist: eine <strong>Sch\u00fcssel aus<\/strong> robustem <strong>Karton<\/strong>, eine praktische Form und ein durchsichtiger Deckel, der den Inhalt sichtbar macht. Was ist das Ergebnis? Eine saubere, aufger\u00e4umte und appetitliche Pr\u00e4sentation, die ideal ist, um schon auf den ersten Blick Lust auf mehr zu machen.   <\/p>\n<p data-start=\"670\" data-end=\"1094\">Dank seines Fassungsverm\u00f6gens von <strong>750 ml<\/strong> eignet er sich perfekt f\u00fcr <strong>gemischte Salate<\/strong>, <strong>Pok\u00e9 Bowls<\/strong>, <strong>Crousty<\/strong>, <strong>kalte Platten<\/strong>, <strong>geschnittenes Obst<\/strong> oder auch lauwarme Rezepte. Der <g id=\"gid_6\">Karton<\/g> bietet einen guten Halt, so dass er sich beim Transport nicht verformt. Der <strong>PET-Deckel<\/strong> wiederum l\u00e4sst sich leicht aufstecken und verschlie\u00dft zuverl\u00e4ssig. So k\u00f6nnen Sie die Zubereitungen in aller Ruhe transportieren, ohne dass es bei der Ankunft zu b\u00f6sen \u00dcberraschungen kommt.   <\/p>\n<p data-start=\"1096\" data-end=\"1363\">Ein weiterer Pluspunkt ist die <strong>Transparenz des Deckels<\/strong>. Au\u00dferdem kann der Kunde dadurch sofort die Frische und Qualit\u00e4t des Produkts erkennen und die Farben der Zutaten kommen besser zur Geltung. Dies ist ein echter Pluspunkt f\u00fcr K\u00fchlregale, den Verkauf zum Mitnehmen oder die Lieferung.  <\/p>\n<p data-start=\"1365\" data-end=\"1664\">Dieses Format wird <strong data-start=\"1371\" data-end=\"1388\">in Packungen zu 25 St\u00fcck<\/strong> verkauft und eignet sich perfekt f\u00fcr eine intelligente Vorratsverwaltung. Sie eignet sich sowohl f\u00fcr Restaurants, Caterer, Imbisse, Salatbars als auch f\u00fcr punktuelle Veranstaltungen. Einfach zu verwenden, praktisch zu verschlie\u00dfen und sch\u00f6n anzusehen, wird diese Sch\u00fcssel schnell zu einem unverzichtbaren Bestandteil des Alltags.  <\/p>\n<p data-start=\"1666\" data-end=\"1822\">Zusammenfassend l\u00e4sst sich sagen, dass diese <strong>Salatsch\u00fcssel<\/strong> alles richtig macht: Sie ist praktisch, sauber, funktional und so konzipiert, dass sie den heutigen Erwartungen an das Essen zum Mitnehmen entspricht.<\/p>\n<p data-start=\"1666\" data-end=\"1822\">\n<p><!--more--><\/p>\n<p><strong><span style=\"color: #ff0000;\">*Der Deckel ist nicht f\u00fcr die Mikrowelle geeignet.<\/span><\/strong><\/p>\n<p>&nbsp;<\/p>\n<p><!--more--><\/p>\n<p><strong>Vorteile :<\/strong><\/p>\n<ul>\n<li data-start=\"1850\" data-end=\"1880\">Idealer Inhalt von <strong>750 ml.<\/strong><\/li>\n<li data-start=\"1883\" data-end=\"1930\">Sch\u00fcssel aus festem Karton, der angenehm zu handhaben ist.<\/li>\n<li data-start=\"1933\" data-end=\"1989\"><strong>Durchsichtiger PET-Deckel<\/strong> f\u00fcr eine sch\u00f6ne Pr\u00e4sentation.<\/li>\n<li data-start=\"1992\" data-end=\"2029\">Zuverl\u00e4ssiger Verschluss f\u00fcr den Transport.<\/li>\n<li data-start=\"2032\" data-end=\"2077\">Geeignet f\u00fcr Salate, kalte oder lauwarme Gerichte.<\/li>\n<li data-start=\"2080\" data-end=\"2114\"><strong>25er-Set<\/strong>, praktisch und preiswert.<\/li>\n<\/ul>\n<p>&nbsp;<\/p>\n<p><!--more--><\/p>\n<h4>Weitere Informationen :<\/h4>\n<ul>\n<li><strong>Verpackung<\/strong>: Packung mit 25 St\u00fcck<\/li>\n<li><strong>Volumen<\/strong>: 750 ml<\/li>\n<li><strong>Durchmesser<\/strong>: 150 mm<\/li>\n<li><strong>H\u00f6he<\/strong>: 65 mm<\/li>\n<li><strong>Material<\/strong>: Karton \/ PET<\/li>\n<li><strong>Farbe<\/strong>: Braun<\/li>\n<li><strong>Nutzung<\/strong>: Kalt \/ Warm<\/li>\n<\/ul>\n<p>&nbsp;<\/p>\n<p><!--more--><\/p>\n<p>Dieses Produkt ist in verschiedenen Gr\u00f6\u00dfen erh\u00e4ltlich : <span style=\"color: #d12727;\"><a style=\"color: #d12727;\" href=\"https:\/\/www.csj-emballages.com\/produit\/25-bols-salades-kraft-couvercles-pet-500-ml\/\">500 ml<\/a><\/span> \/ <span style=\"color: #d12727;\"><a style=\"color: #d12727;\" href=\"https:\/\/www.csj-emballages.com\/produit\/25-bols-salades-kraft-couvercles-pet-1000-ml\/\">1000 ml<\/a><\/span> \/ <span style=\"color: #d12727;\"><a style=\"color: #d12727;\" href=\"https:\/\/www.csj-emballages.com\/produit\/25-bols-salades-kraft-couvercles-pet-1100-ml\/\">1100 ml<\/a><\/span> \/ <span style=\"color: #d12727;\"><a style=\"color: #d12727;\" href=\"https:\/\/www.csj-emballages.com\/produit\/25-bols-salades-kraft-couvercles-pet-1300-ml\/\">1300 ml<\/a><\/span><\/p>\n<p>&nbsp;<\/p>\n<p><!--more--><\/p>\n<p><a href=\"\/?product_cat=pots-salade-kraft\">Sehen Sie sich den Rest unseres Sortiments an Kraft-Salatbeh\u00e4ltern an<\/a><\/p>\n","protected":false},"excerpt":{"rendered":"<p>Salatschale Beschreibung unserer Salatsch\u00fcssel Karton + PET Deckel 750 ml pro 25<\/p>\n","protected":false},"featured_media":203385,"template":"","meta":{"_acf_changed":false},"product_brand":[],"product_cat":[1137,1134,3149],"product_tag":[],"class_list":{"0":"post-22607","1":"product","2":"type-product","3":"status-publish","4":"has-post-thumbnail","6":"product_cat-lebensmittelverpackungen","7":"product_cat-restauration-de","8":"product_cat-kraft-salattopfe","10":"first","11":"outofstock","12":"taxable","13":"shipping-taxable","14":"purchasable","15":"product-type-simple"},"acf":[],"yoast_head":"<!-- This site is optimized with the Yoast SEO Premium plugin v26.6 (Yoast SEO v26.6) - https:\/\/yoast.com\/wordpress\/plugins\/seo\/ -->\n<title>Salatsch\u00fcssel aus Pappe + PET-Deckel - 750 ml<\/title>\n<meta name=\"description\" content=\"Salatsch\u00fcssel aus Karton 750ml mit PET-Deckel: praktisch, umweltfreundlich, widerstandsf\u00e4hig und luftdicht. Ideal f\u00fcr alle Ihre Gerichte zum Mitnehmen!\" \/>\n<meta name=\"robots\" content=\"index, follow, max-snippet:-1, max-image-preview:large, max-video-preview:-1\" \/>\n<link rel=\"canonical\" href=\"https:\/\/www.csj-emballages.com\/de\/produit\/25-kraft-salatschalen-pet-deckel-750-ml\/\" \/>\n<meta property=\"og:locale\" content=\"de_DE\" \/>\n<meta property=\"og:type\" content=\"article\" \/>\n<meta property=\"og:title\" content=\"Salatsch\u00fcssel Karton + Deckel PET 750 ml pro 25\" \/>\n<meta property=\"og:description\" content=\"Salatsch\u00fcssel aus Karton 750ml mit PET-Deckel: praktisch, umweltfreundlich, widerstandsf\u00e4hig und luftdicht. Ideal f\u00fcr alle Ihre Gerichte zum Mitnehmen!\" \/>\n<meta property=\"og:url\" content=\"https:\/\/www.csj-emballages.com\/de\/produit\/25-kraft-salatschalen-pet-deckel-750-ml\/\" \/>\n<meta property=\"og:site_name\" content=\"CSJ Emballages\" \/>\n<meta property=\"article:publisher\" content=\"https:\/\/www.facebook.com\/csjemballages\" \/>\n<meta property=\"article:modified_time\" content=\"2026-04-15T00:15:56+00:00\" \/>\n<meta property=\"og:image\" content=\"https:\/\/www.csj-emballages.com\/wp-content\/uploads\/2024\/03\/Bols-salade-750-2.webp\" \/>\n\t<meta property=\"og:image:width\" content=\"704\" \/>\n\t<meta property=\"og:image:height\" content=\"704\" \/>\n\t<meta property=\"og:image:type\" content=\"image\/webp\" \/>\n<meta name=\"twitter:card\" content=\"summary_large_image\" \/>\n<meta name=\"twitter:label1\" content=\"Gesch\u00e4tzte Lesezeit\" \/>\n\t<meta name=\"twitter:data1\" content=\"2 Minuten\" \/>\n<script type=\"application\/ld+json\" class=\"yoast-schema-graph\">{\"@context\":\"https:\/\/schema.org\",\"@graph\":[{\"@type\":\"WebPage\",\"@id\":\"https:\/\/www.csj-emballages.com\/de\/produit\/25-kraft-salatschalen-pet-deckel-750-ml\/\",\"url\":\"https:\/\/www.csj-emballages.com\/de\/produit\/25-kraft-salatschalen-pet-deckel-750-ml\/\",\"name\":\"Salatsch\u00fcssel aus Pappe + PET-Deckel - 750 ml\",\"isPartOf\":{\"@id\":\"https:\/\/www.csj-emballages.com\/de\/#website\"},\"primaryImageOfPage\":{\"@id\":\"https:\/\/www.csj-emballages.com\/de\/produit\/25-kraft-salatschalen-pet-deckel-750-ml\/#primaryimage\"},\"image\":{\"@id\":\"https:\/\/www.csj-emballages.com\/de\/produit\/25-kraft-salatschalen-pet-deckel-750-ml\/#primaryimage\"},\"thumbnailUrl\":\"https:\/\/www.csj-emballages.com\/wp-content\/uploads\/2024\/03\/Bols-salade-750-2.webp\",\"datePublished\":\"2024-03-01T15:50:27+00:00\",\"dateModified\":\"2026-04-15T00:15:56+00:00\",\"description\":\"Salatsch\u00fcssel aus Karton 750ml mit PET-Deckel: praktisch, umweltfreundlich, widerstandsf\u00e4hig und luftdicht. Ideal f\u00fcr alle Ihre Gerichte zum Mitnehmen!\",\"breadcrumb\":{\"@id\":\"https:\/\/www.csj-emballages.com\/de\/produit\/25-kraft-salatschalen-pet-deckel-750-ml\/#breadcrumb\"},\"inLanguage\":\"de\",\"potentialAction\":[{\"@type\":\"ReadAction\",\"target\":[\"https:\/\/www.csj-emballages.com\/de\/produit\/25-kraft-salatschalen-pet-deckel-750-ml\/\"]}]},{\"@type\":\"ImageObject\",\"inLanguage\":\"de\",\"@id\":\"https:\/\/www.csj-emballages.com\/de\/produit\/25-kraft-salatschalen-pet-deckel-750-ml\/#primaryimage\",\"url\":\"https:\/\/www.csj-emballages.com\/wp-content\/uploads\/2024\/03\/Bols-salade-750-2.webp\",\"contentUrl\":\"https:\/\/www.csj-emballages.com\/wp-content\/uploads\/2024\/03\/Bols-salade-750-2.webp\",\"width\":704,\"height\":704,\"caption\":\"Bol salade\"},{\"@type\":\"BreadcrumbList\",\"@id\":\"https:\/\/www.csj-emballages.com\/de\/produit\/25-kraft-salatschalen-pet-deckel-750-ml\/#breadcrumb\",\"itemListElement\":[{\"@type\":\"ListItem\",\"position\":1,\"name\":\"Accueil\",\"item\":\"https:\/\/www.csj-emballages.com\/de\/universum-lebensmittelverpackungen\/\"},{\"@type\":\"ListItem\",\"position\":2,\"name\":\"Shop\",\"item\":\"https:\/\/www.csj-emballages.com\/shop\/\"},{\"@type\":\"ListItem\",\"position\":3,\"name\":\"Salatsch\u00fcssel Karton + Deckel PET 750 ml pro 25\"}]},{\"@type\":\"WebSite\",\"@id\":\"https:\/\/www.csj-emballages.com\/de\/#website\",\"url\":\"https:\/\/www.csj-emballages.com\/de\/\",\"name\":\"CSJ Emballages\",\"description\":\"\",\"publisher\":{\"@id\":\"https:\/\/www.csj-emballages.com\/de\/#organization\"},\"potentialAction\":[{\"@type\":\"SearchAction\",\"target\":{\"@type\":\"EntryPoint\",\"urlTemplate\":\"https:\/\/www.csj-emballages.com\/de\/?s={search_term_string}\"},\"query-input\":{\"@type\":\"PropertyValueSpecification\",\"valueRequired\":true,\"valueName\":\"search_term_string\"}}],\"inLanguage\":\"de\"},{\"@type\":\"Organization\",\"@id\":\"https:\/\/www.csj-emballages.com\/de\/#Organization\/\",\"name\":\"CSJ Emballages\",\"url\":\"https:\/\/www.csj-emballages.com\/de\/\",\"logo\":{\"@type\":\"ImageObject\",\"inLanguage\":\"de\",\"@id\":\"https:\/\/www.csj-emballages.com\/de\/#\/schema\/logo\/image\/\",\"url\":\"https:\/\/www.csj-emballages.com\/wp-content\/uploads\/2023\/10\/logo_csj.webp\",\"contentUrl\":\"https:\/\/www.csj-emballages.com\/wp-content\/uploads\/2023\/10\/logo_csj.webp\",\"width\":250,\"height\":95,\"caption\":\"CSJ Emballages\"},\"image\":{\"@id\":\"https:\/\/www.csj-emballages.com\/de\/#\/schema\/logo\/image\/\"},\"sameAs\":[\"https:\/\/www.facebook.com\/csjemballages\"],\"address\":{\"@type\":\"PostalAddress\",\"streetAddress\":\"ZI La Lechere\",\"addressLocality\":\"Patornay\",\"postalCode\":\"39130\",\"addressCountry\":\"FR\"},\"contactPoint\":[{\"@type\":\"ContactPoint\",\"contactType\":\"Service client\",\"telephone\":\"0384254272\",\"email\":\"contact@csj-emballages.com\"}]}]}<\/script>\n<!-- \/ Yoast SEO Premium plugin. -->","yoast_head_json":{"title":"Salatsch\u00fcssel aus Pappe + PET-Deckel - 750 ml","description":"Salatsch\u00fcssel aus Karton 750ml mit PET-Deckel: praktisch, umweltfreundlich, widerstandsf\u00e4hig und luftdicht. Ideal f\u00fcr alle Ihre Gerichte zum Mitnehmen!","robots":{"index":"index","follow":"follow","max-snippet":"max-snippet:-1","max-image-preview":"max-image-preview:large","max-video-preview":"max-video-preview:-1"},"canonical":"https:\/\/www.csj-emballages.com\/de\/produit\/25-kraft-salatschalen-pet-deckel-750-ml\/","og_locale":"de_DE","og_type":"article","og_title":"Salatsch\u00fcssel Karton + Deckel PET 750 ml pro 25","og_description":"Salatsch\u00fcssel aus Karton 750ml mit PET-Deckel: praktisch, umweltfreundlich, widerstandsf\u00e4hig und luftdicht. Ideal f\u00fcr alle Ihre Gerichte zum Mitnehmen!","og_url":"https:\/\/www.csj-emballages.com\/de\/produit\/25-kraft-salatschalen-pet-deckel-750-ml\/","og_site_name":"CSJ Emballages","article_publisher":"https:\/\/www.facebook.com\/csjemballages","article_modified_time":"2026-04-15T00:15:56+00:00","og_image":[{"width":704,"height":704,"url":"https:\/\/www.csj-emballages.com\/wp-content\/uploads\/2024\/03\/Bols-salade-750-2.webp","type":"image\/webp"}],"twitter_card":"summary_large_image","twitter_misc":{"Gesch\u00e4tzte Lesezeit":"2 Minuten"},"schema":{"@context":"https:\/\/schema.org","@graph":[{"@type":"WebPage","@id":"https:\/\/www.csj-emballages.com\/de\/produit\/25-kraft-salatschalen-pet-deckel-750-ml\/","url":"https:\/\/www.csj-emballages.com\/de\/produit\/25-kraft-salatschalen-pet-deckel-750-ml\/","name":"Salatsch\u00fcssel aus Pappe + PET-Deckel - 750 ml","isPartOf":{"@id":"https:\/\/www.csj-emballages.com\/de\/#website"},"primaryImageOfPage":{"@id":"https:\/\/www.csj-emballages.com\/de\/produit\/25-kraft-salatschalen-pet-deckel-750-ml\/#primaryimage"},"image":{"@id":"https:\/\/www.csj-emballages.com\/de\/produit\/25-kraft-salatschalen-pet-deckel-750-ml\/#primaryimage"},"thumbnailUrl":"https:\/\/www.csj-emballages.com\/wp-content\/uploads\/2024\/03\/Bols-salade-750-2.webp","datePublished":"2024-03-01T15:50:27+00:00","dateModified":"2026-04-15T00:15:56+00:00","description":"Salatsch\u00fcssel aus Karton 750ml mit PET-Deckel: praktisch, umweltfreundlich, widerstandsf\u00e4hig und luftdicht. Ideal f\u00fcr alle Ihre Gerichte zum Mitnehmen!","breadcrumb":{"@id":"https:\/\/www.csj-emballages.com\/de\/produit\/25-kraft-salatschalen-pet-deckel-750-ml\/#breadcrumb"},"inLanguage":"de","potentialAction":[{"@type":"ReadAction","target":["https:\/\/www.csj-emballages.com\/de\/produit\/25-kraft-salatschalen-pet-deckel-750-ml\/"]}]},{"@type":"ImageObject","inLanguage":"de","@id":"https:\/\/www.csj-emballages.com\/de\/produit\/25-kraft-salatschalen-pet-deckel-750-ml\/#primaryimage","url":"https:\/\/www.csj-emballages.com\/wp-content\/uploads\/2024\/03\/Bols-salade-750-2.webp","contentUrl":"https:\/\/www.csj-emballages.com\/wp-content\/uploads\/2024\/03\/Bols-salade-750-2.webp","width":704,"height":704,"caption":"Bol salade"},{"@type":"BreadcrumbList","@id":"https:\/\/www.csj-emballages.com\/de\/produit\/25-kraft-salatschalen-pet-deckel-750-ml\/#breadcrumb","itemListElement":[{"@type":"ListItem","position":1,"name":"Accueil","item":"https:\/\/www.csj-emballages.com\/de\/universum-lebensmittelverpackungen\/"},{"@type":"ListItem","position":2,"name":"Shop","item":"https:\/\/www.csj-emballages.com\/shop\/"},{"@type":"ListItem","position":3,"name":"Salatsch\u00fcssel Karton + Deckel PET 750 ml pro 25"}]},{"@type":"WebSite","@id":"https:\/\/www.csj-emballages.com\/de\/#website","url":"https:\/\/www.csj-emballages.com\/de\/","name":"CSJ Emballages","description":"","publisher":{"@id":"https:\/\/www.csj-emballages.com\/de\/#organization"},"potentialAction":[{"@type":"SearchAction","target":{"@type":"EntryPoint","urlTemplate":"https:\/\/www.csj-emballages.com\/de\/?s={search_term_string}"},"query-input":{"@type":"PropertyValueSpecification","valueRequired":true,"valueName":"search_term_string"}}],"inLanguage":"de"},{"@type":"Organization","@id":"https:\/\/www.csj-emballages.com\/de\/#Organization\/","name":"CSJ Emballages","url":"https:\/\/www.csj-emballages.com\/de\/","logo":{"@type":"ImageObject","inLanguage":"de","@id":"https:\/\/www.csj-emballages.com\/de\/#\/schema\/logo\/image\/","url":"https:\/\/www.csj-emballages.com\/wp-content\/uploads\/2023\/10\/logo_csj.webp","contentUrl":"https:\/\/www.csj-emballages.com\/wp-content\/uploads\/2023\/10\/logo_csj.webp","width":250,"height":95,"caption":"CSJ Emballages"},"image":{"@id":"https:\/\/www.csj-emballages.com\/de\/#\/schema\/logo\/image\/"},"sameAs":["https:\/\/www.facebook.com\/csjemballages"],"address":{"@type":"PostalAddress","streetAddress":"ZI La Lechere","addressLocality":"Patornay","postalCode":"39130","addressCountry":"FR"},"contactPoint":[{"@type":"ContactPoint","contactType":"Service client","telephone":"0384254272","email":"contact@csj-emballages.com"}]}]}},"df_price":5.26,"df_sale_price":"","df_regular_price":5.26,"df_image_link":"https:\/\/www.csj-emballages.com\/wp-content\/uploads\/2024\/03\/Bols-salade-750-2-300x300.webp","tiered_pricing_type":"fixed","tiered_pricing_fixed_rules":[],"tiered_pricing_percentage_rules":[],"tiered_pricing_minimum":1,"tiered_pricing_roles_data":[],"_links":{"self":[{"href":"https:\/\/www.csj-emballages.com\/de\/wp-json\/wp\/v2\/product\/22607","targetHints":{"allow":["GET"]}}],"collection":[{"href":"https:\/\/www.csj-emballages.com\/de\/wp-json\/wp\/v2\/product"}],"about":[{"href":"https:\/\/www.csj-emballages.com\/de\/wp-json\/wp\/v2\/types\/product"}],"wp:featuredmedia":[{"embeddable":true,"href":"https:\/\/www.csj-emballages.com\/de\/wp-json\/wp\/v2\/media\/203385"}],"wp:attachment":[{"href":"https:\/\/www.csj-emballages.com\/de\/wp-json\/wp\/v2\/media?parent=22607"}],"wp:term":[{"taxonomy":"product_brand","embeddable":true,"href":"https:\/\/www.csj-emballages.com\/de\/wp-json\/wp\/v2\/product_brand?post=22607"},{"taxonomy":"product_cat","embeddable":true,"href":"https:\/\/www.csj-emballages.com\/de\/wp-json\/wp\/v2\/product_cat?post=22607"},{"taxonomy":"product_tag","embeddable":true,"href":"https:\/\/www.csj-emballages.com\/de\/wp-json\/wp\/v2\/product_tag?post=22607"}],"curies":[{"name":"wp","href":"https:\/\/api.w.org\/{rel}","templated":true}]}}