{"id":226064,"date":"2024-12-19T02:18:25","date_gmt":"2024-12-19T01:18:25","guid":{"rendered":"https:\/\/www.csj-emballages.com\/produit\/fluessiges-aroma-kakao-50-ml\/"},"modified":"2026-03-12T16:05:25","modified_gmt":"2026-03-12T15:05:25","slug":"fluessiges-aroma-kakao-50-ml","status":"publish","type":"product","link":"https:\/\/www.csj-emballages.com\/de\/produit\/fluessiges-aroma-kakao-50-ml\/","title":{"rendered":"Fl\u00fcssiges Aroma Kakao 50 ml"},"content":{"rendered":"<h2>Fl\u00fcssiges Aroma<\/h2>\n<hr>\n<h3>Beschreibung unseres fl\u00fcssigen Aromas Kakao 50 ml<\/h3>\n<p><!--more--><\/p>\n<p>Entdecken Sie unser <strong>fl\u00fcssiges<\/strong> <strong>Kakaoaroma<\/strong>, ein Geschmackskonzentrat, das Ihre kulinarischen Kreationen verfeinern wird. Dieses Produkt wurde speziell entwickelt, um Ihren Rezepten eine reichhaltige und intensive Schokoladennote zu verleihen. Ob Sie nun ein Dessert, ein Hei\u00dfgetr\u00e4nk oder ein Geb\u00e4ck zubereiten, dieses <strong>Kakaoaroma<\/strong> wird sich perfekt in Ihre Zubereitungen einf\u00fcgen. Mit einer praktischen Gr\u00f6\u00dfe von <strong>50 ml<\/strong> eignet es sich sowohl f\u00fcr Hobbyk\u00f6che als auch f\u00fcr Profis. Die Verwendung dieses <strong>fl\u00fcssigen Aromas<\/strong> ist einfach und effizient. Einige Tropfen gen\u00fcgen, um Ihre Gerichte mit dem einzigartigen Geschmack von <strong>Kakao<\/strong> zu bereichern. Ob Sie nun eine Mousse, einen Schokoladenkuchen oder sogar einen Kaffee aromatisieren m\u00f6chten, mit diesem Produkt k\u00f6nnen Sie m\u00fchelos eine k\u00f6stliche Note hinzuf\u00fcgen. Dank des kompakten Formats k\u00f6nnen Sie genau dosieren und Verschwendung vermeiden. Diese praktische Flasche begleitet Sie bei all Ihren kulinarischen Experimenten und sorgt f\u00fcr gleichbleibende und schmackhafte Ergebnisse.        <\/p>\n<p>&nbsp;<\/p>\n<p><!--more--><\/p>\n<h4>Ein vielseitiges Aroma<\/h4>\n<p>Dieses vielseitige <strong>Kakaoaroma<\/strong> kann sowohl in s\u00fc\u00dfen Rezepten als auch in kreativen Zubereitungen verwendet werden. Geben Sie es in eine Ganache, einen Milchshake oder einen Keksteig, um den Geschmack zu verst\u00e4rken. Sie k\u00f6nnen es sogar in herzhafte Rezepte einarbeiten, z. B. in eine Schokoladenso\u00dfe, die zu mexikanischen Gerichten oder Fleisch passt. Diese Flexibilit\u00e4t macht sie zu einem unverzichtbaren Produkt in der K\u00fcche von Hobby- und Profik\u00f6chen.   <\/p>\n<p>Um eine optimale Haltbarkeit zu gew\u00e4hrleisten, solltest du darauf achten, die Flasche nach jedem Gebrauch gut zu verschlie\u00dfen. So kann das<strong>fl\u00fcssige Aroma<\/strong> all seine Eigenschaften und seine aromatische Intensit\u00e4t mehrere Monate lang bewahren. Die <strong>50-ml-Gr\u00f6\u00dfe<\/strong> l\u00e4sst sich leicht in Ihren Schr\u00e4nken verstauen, passt perfekt in Ihre K\u00fcchenausstattung und gew\u00e4hrleistet eine lange Nutzungsdauer.  <\/p>\n<h3><\/h3>\n<p><!--more--><\/p>\n<h4>Ein unwiderstehlicher Hauch von Schokolade<\/h4>\n<p>Das<strong>fl\u00fcssige<\/strong> <strong>Kakaoaroma<\/strong> ist ein perfekter Verb\u00fcndeter, um Ihren Kreationen einen reichhaltigen und authentischen Schokoladengeschmack zu verleihen. Mit seinem intensiven Geschmack verwandelt es einfache Rezepte in wahre K\u00f6stlichkeiten. Neben Desserts eignet sich dieses Produkt auch hervorragend, um Ihren Getr\u00e4nken eine pers\u00f6nliche Note zu verleihen. Geben Sie ein paar Tropfen in Ihren Kaffee, hei\u00dfe Schokolade oder Smoothie, um ihm eine zus\u00e4tzliche Schokoladennote zu verleihen. Es ist auch perfekt f\u00fcr Backfans, die mit ihren Kreationen experimentieren und sie verfeinern m\u00f6chten. Dank seines subtilen, aber kr\u00e4ftigen Geschmacks passt sich das<strong>fl\u00fcssige<\/strong> <em>Kakaoaroma<\/em> all Ihren kulinarischen W\u00fcnschen an. Dieses Produkt ist au\u00dferdem sparsam und praktisch. Eine kleine Menge reicht aus, um eine gro\u00dfe Menge an Zubereitungen zu parf\u00fcmieren, so dass Sie viele Rezepte mit einer einzigen Flasche zubereiten k\u00f6nnen. Dar\u00fcber hinaus garantiert das kompakte, luftdichte Format eine optimale Haltbarkeit, auch nach dem \u00d6ffnen.        <\/p>\n<p>&nbsp;<\/p>\n<p><!--more--><\/p>\n<p>Zusammenfassend l\u00e4sst sich sagen, dass<strong>fl\u00fcssiges<\/strong> <strong>Kakaoaroma<\/strong> eine einfache, kosteng\u00fcnstige und vielseitige L\u00f6sung zur Bereicherung Ihrer Rezepte ist. Egal, ob Sie ein Profi oder ein Hobbykoch sind, es l\u00e4sst sich problemlos in all Ihren Kreationen verwenden, egal ob s\u00fc\u00df oder herzhaft. Die <strong>50-ml-Flasche<\/strong> ist auf Langlebigkeit ausgelegt und bietet eine gleichbleibende aromatische Intensit\u00e4t. Probieren Sie dieses <strong>Kakaoaroma<\/strong> noch heute aus und entdecken Sie eine neue Art, Ihre t\u00e4glichen Zubereitungen zu verfeinern.   <\/p>\n<p>&nbsp;<\/p>\n<p><!--more--><\/p>\n<p>Testen Sie dieses <strong>Kakaoaroma<\/strong> noch heute und verleihen Sie Ihren allt\u00e4glichen Rezepten eine neue Dimension.<\/p>\n<p>&nbsp;<\/p>\n<p><!--more--><\/p>\n<h4>Seine Vorteile :<\/h4>\n<ul>\n<li><strong>Intensiver, authentischer Geschmack<\/strong>: Ein reicher, unverf\u00e4lschter Kakaogeschmack, der ideal ist, um Ihre Rezepte zu verfeinern.<\/li>\n<li><strong>Einfache Anwendung<\/strong>: Einige Tropfen gen\u00fcgen, um Ihre Zubereitungen zu parf\u00fcmieren.<\/li>\n<li><strong>Vielseitigkeit<\/strong>: Geeignet f\u00fcr eine Vielzahl von Rezepten, s\u00fc\u00df (Desserts, Getr\u00e4nke) oder herzhaft (So\u00dfen, scharfe Gerichte).<\/li>\n<li><strong>Optimale Aufbewahrung<\/strong>: Luftdichte Flasche, die die Frische und Intensit\u00e4t des Aromas bewahrt.<\/li>\n<li><strong>Kulinarische Kreativit\u00e4t<\/strong>: Perfekt, um mit neuen Rezepten zu experimentieren und ihnen eine originelle Note zu verleihen.<\/li>\n<\/ul>\n<p>&nbsp;<\/p>\n<p><!--more--><\/p>\n<h4>Weitere Informationen :<\/h4>\n<ul>\n<li><b>H\u00f6he: <\/b>115 mm<\/li>\n<li><strong>Verpackung<\/strong>: Einzeln<\/li>\n<li><strong>Volumen<\/strong>: 50 ml<\/li>\n<li><b>Geschmack: <\/b>Kakao<\/li>\n<li><strong>Dosierung<\/strong>: 6g\/kg<\/li>\n<\/ul>\n<p>&nbsp;<\/p>\n<p><!--more--><\/p>\n<h4>Zusammensetzung :<\/h4>\n<ul>\n<li><strong>Zuckersirup<\/strong> \/ <strong>Kakaoaroma \/ Karamellfarbstoff \/ Koffein<\/strong><\/li>\n<\/ul>\n<p>&nbsp;<\/p>\n<p><!--more--><\/p>\n<p>Produkt in verschiedenen Geschmacksrichtungen erh\u00e4ltlich : <span style=\"color: #d12727;\"><a style=\"color: #d12727;\" href=\"https:\/\/www.csj-emballages.com\/de\/produit\/fluessiges-aroma-kaffee-50-ml\/\">Kaffee<\/a><\/span> \/ <span style=\"color: #d12727;\"><a style=\"color: #d12727;\" href=\"https:\/\/www.csj-emballages.com\/produit\/arome-liquide-pistache-50-ml\/\">Pistazie<\/a><\/span> \/ <span style=\"color: #d12727;\"><a style=\"color: #d12727;\" href=\"https:\/\/www.csj-emballages.com\/de\/produit\/fluessiges-aroma-ananas-50-ml\/\">Ananas<\/a><\/span> \/ <span style=\"color: #d12727;\"><a style=\"color: #d12727;\" href=\"https:\/\/www.csj-emballages.com\/de\/produit\/fluessiges-aroma-zitrone-50-ml\/\">Zitrone<\/a><\/span> \/ <span style=\"color: #d12727;\"><a style=\"color: #d12727;\" href=\"https:\/\/www.csj-emballages.com\/produit\/arome-liquide-fraise-50-ml\/\">Erdbeere<\/a><\/span> \/ <span style=\"color: #d12727;\"><a style=\"color: #d12727;\" href=\"https:\/\/www.csj-emballages.com\/produit\/arome-liquide-vanille-50-ml\/\">Vanille<\/a><\/span><\/p>\n<p>&nbsp;<\/p>\n<p><!--more--><\/p>\n<p><a href=\"https:\/\/www.csj-emballages.com\/de\/categorie-produit\/lebensmittel\/konditorei\/aromen\/\">Entdecken Sie den Rest unseres Sortiments an Aromen<\/a><\/p>\n","protected":false},"excerpt":{"rendered":"<p>Fl\u00fcssiges Aroma Beschreibung unseres fl\u00fcssigen Aromas Kakao 50 ml<\/p>\n","protected":false},"featured_media":219146,"template":"","meta":{"_acf_changed":false},"product_brand":[],"product_cat":[1144,9215,9230],"product_tag":[],"class_list":{"0":"post-226064","1":"product","2":"type-product","3":"status-publish","4":"has-post-thumbnail","6":"product_cat-lebensmittel","7":"product_cat-konditorei","8":"product_cat-aromen","10":"first","11":"instock","12":"taxable","13":"shipping-taxable","14":"purchasable","15":"product-type-simple"},"acf":[],"yoast_head":"<!-- This site is optimized with the Yoast SEO Premium plugin v26.6 (Yoast SEO v26.6) - https:\/\/yoast.com\/wordpress\/plugins\/seo\/ -->\n<title>Fl\u00fcssiges Aroma Kakao - 50 ml<\/title>\n<meta name=\"description\" content=\"Entdecken Sie das fl\u00fcssige Aroma cacap 50 ml: ein nat\u00fcrlicher und vielseitiger Geschmack, um Ihre s\u00fc\u00dfen oder herzhaften Rezepte zu verfeinern. Praktisches Format und leicht zu dosieren\" \/>\n<meta name=\"robots\" content=\"index, follow, max-snippet:-1, max-image-preview:large, max-video-preview:-1\" \/>\n<link rel=\"canonical\" href=\"https:\/\/www.csj-emballages.com\/de\/produit\/fluessiges-aroma-kakao-50-ml\/\" \/>\n<meta property=\"og:locale\" content=\"de_DE\" \/>\n<meta property=\"og:type\" content=\"article\" \/>\n<meta property=\"og:title\" content=\"Fl\u00fcssiges Aroma Kakao 50 ml\" \/>\n<meta property=\"og:description\" content=\"Entdecken Sie das fl\u00fcssige Aroma cacap 50 ml: ein nat\u00fcrlicher und vielseitiger Geschmack, um Ihre s\u00fc\u00dfen oder herzhaften Rezepte zu verfeinern. Praktisches Format und leicht zu dosieren\" \/>\n<meta property=\"og:url\" content=\"https:\/\/www.csj-emballages.com\/de\/produit\/fluessiges-aroma-kakao-50-ml\/\" \/>\n<meta property=\"og:site_name\" content=\"CSJ Emballages\" \/>\n<meta property=\"article:publisher\" content=\"https:\/\/www.facebook.com\/csjemballages\" \/>\n<meta property=\"article:modified_time\" content=\"2026-03-12T15:05:25+00:00\" \/>\n<meta property=\"og:image\" content=\"https:\/\/www.csj-emballages.com\/wp-content\/uploads\/2024\/12\/Arome-caco.webp\" \/>\n\t<meta property=\"og:image:width\" content=\"800\" \/>\n\t<meta property=\"og:image:height\" content=\"800\" \/>\n\t<meta property=\"og:image:type\" content=\"image\/webp\" \/>\n<meta name=\"twitter:card\" content=\"summary_large_image\" \/>\n<meta name=\"twitter:label1\" content=\"Gesch\u00e4tzte Lesezeit\" \/>\n\t<meta name=\"twitter:data1\" content=\"3 Minuten\" \/>\n<script type=\"application\/ld+json\" class=\"yoast-schema-graph\">{\"@context\":\"https:\/\/schema.org\",\"@graph\":[{\"@type\":\"WebPage\",\"@id\":\"https:\/\/www.csj-emballages.com\/de\/produit\/fluessiges-aroma-kakao-50-ml\/\",\"url\":\"https:\/\/www.csj-emballages.com\/de\/produit\/fluessiges-aroma-kakao-50-ml\/\",\"name\":\"Fl\u00fcssiges Aroma Kakao - 50 ml\",\"isPartOf\":{\"@id\":\"https:\/\/www.csj-emballages.com\/de\/#website\"},\"primaryImageOfPage\":{\"@id\":\"https:\/\/www.csj-emballages.com\/de\/produit\/fluessiges-aroma-kakao-50-ml\/#primaryimage\"},\"image\":{\"@id\":\"https:\/\/www.csj-emballages.com\/de\/produit\/fluessiges-aroma-kakao-50-ml\/#primaryimage\"},\"thumbnailUrl\":\"https:\/\/www.csj-emballages.com\/wp-content\/uploads\/2024\/12\/Arome-caco.webp\",\"datePublished\":\"2024-12-19T01:18:25+00:00\",\"dateModified\":\"2026-03-12T15:05:25+00:00\",\"description\":\"Entdecken Sie das fl\u00fcssige Aroma cacap 50 ml: ein nat\u00fcrlicher und vielseitiger Geschmack, um Ihre s\u00fc\u00dfen oder herzhaften Rezepte zu verfeinern. Praktisches Format und leicht zu dosieren\",\"breadcrumb\":{\"@id\":\"https:\/\/www.csj-emballages.com\/de\/produit\/fluessiges-aroma-kakao-50-ml\/#breadcrumb\"},\"inLanguage\":\"de\",\"potentialAction\":[{\"@type\":\"ReadAction\",\"target\":[\"https:\/\/www.csj-emballages.com\/de\/produit\/fluessiges-aroma-kakao-50-ml\/\"]}]},{\"@type\":\"ImageObject\",\"inLanguage\":\"de\",\"@id\":\"https:\/\/www.csj-emballages.com\/de\/produit\/fluessiges-aroma-kakao-50-ml\/#primaryimage\",\"url\":\"https:\/\/www.csj-emballages.com\/wp-content\/uploads\/2024\/12\/Arome-caco.webp\",\"contentUrl\":\"https:\/\/www.csj-emballages.com\/wp-content\/uploads\/2024\/12\/Arome-caco.webp\",\"width\":800,\"height\":800,\"caption\":\"ar\u00f4me liquide cacao\"},{\"@type\":\"BreadcrumbList\",\"@id\":\"https:\/\/www.csj-emballages.com\/de\/produit\/fluessiges-aroma-kakao-50-ml\/#breadcrumb\",\"itemListElement\":[{\"@type\":\"ListItem\",\"position\":1,\"name\":\"Accueil\",\"item\":\"https:\/\/www.csj-emballages.com\/de\/universum-lebensmittelverpackungen\/\"},{\"@type\":\"ListItem\",\"position\":2,\"name\":\"Shop\",\"item\":\"https:\/\/www.csj-emballages.com\/shop\/\"},{\"@type\":\"ListItem\",\"position\":3,\"name\":\"Fl\u00fcssiges Aroma Kakao 50 ml\"}]},{\"@type\":\"WebSite\",\"@id\":\"https:\/\/www.csj-emballages.com\/de\/#website\",\"url\":\"https:\/\/www.csj-emballages.com\/de\/\",\"name\":\"CSJ Emballages\",\"description\":\"\",\"publisher\":{\"@id\":\"https:\/\/www.csj-emballages.com\/de\/#organization\"},\"potentialAction\":[{\"@type\":\"SearchAction\",\"target\":{\"@type\":\"EntryPoint\",\"urlTemplate\":\"https:\/\/www.csj-emballages.com\/de\/?s={search_term_string}\"},\"query-input\":{\"@type\":\"PropertyValueSpecification\",\"valueRequired\":true,\"valueName\":\"search_term_string\"}}],\"inLanguage\":\"de\"},{\"@type\":\"Organization\",\"@id\":\"https:\/\/www.csj-emballages.com\/de\/#Organization\/\",\"name\":\"CSJ Emballages\",\"url\":\"https:\/\/www.csj-emballages.com\/de\/\",\"logo\":{\"@type\":\"ImageObject\",\"inLanguage\":\"de\",\"@id\":\"https:\/\/www.csj-emballages.com\/de\/#\/schema\/logo\/image\/\",\"url\":\"https:\/\/www.csj-emballages.com\/wp-content\/uploads\/2023\/10\/logo_csj.webp\",\"contentUrl\":\"https:\/\/www.csj-emballages.com\/wp-content\/uploads\/2023\/10\/logo_csj.webp\",\"width\":250,\"height\":95,\"caption\":\"CSJ Emballages\"},\"image\":{\"@id\":\"https:\/\/www.csj-emballages.com\/de\/#\/schema\/logo\/image\/\"},\"sameAs\":[\"https:\/\/www.facebook.com\/csjemballages\"],\"address\":{\"@type\":\"PostalAddress\",\"streetAddress\":\"ZI La Lechere\",\"addressLocality\":\"Patornay\",\"postalCode\":\"39130\",\"addressCountry\":\"FR\"},\"contactPoint\":[{\"@type\":\"ContactPoint\",\"contactType\":\"Service client\",\"telephone\":\"0384254272\",\"email\":\"contact@csj-emballages.com\"}]}]}<\/script>\n<!-- \/ Yoast SEO Premium plugin. -->","yoast_head_json":{"title":"Fl\u00fcssiges Aroma Kakao - 50 ml","description":"Entdecken Sie das fl\u00fcssige Aroma cacap 50 ml: ein nat\u00fcrlicher und vielseitiger Geschmack, um Ihre s\u00fc\u00dfen oder herzhaften Rezepte zu verfeinern. Praktisches Format und leicht zu dosieren","robots":{"index":"index","follow":"follow","max-snippet":"max-snippet:-1","max-image-preview":"max-image-preview:large","max-video-preview":"max-video-preview:-1"},"canonical":"https:\/\/www.csj-emballages.com\/de\/produit\/fluessiges-aroma-kakao-50-ml\/","og_locale":"de_DE","og_type":"article","og_title":"Fl\u00fcssiges Aroma Kakao 50 ml","og_description":"Entdecken Sie das fl\u00fcssige Aroma cacap 50 ml: ein nat\u00fcrlicher und vielseitiger Geschmack, um Ihre s\u00fc\u00dfen oder herzhaften Rezepte zu verfeinern. Praktisches Format und leicht zu dosieren","og_url":"https:\/\/www.csj-emballages.com\/de\/produit\/fluessiges-aroma-kakao-50-ml\/","og_site_name":"CSJ Emballages","article_publisher":"https:\/\/www.facebook.com\/csjemballages","article_modified_time":"2026-03-12T15:05:25+00:00","og_image":[{"width":800,"height":800,"url":"https:\/\/www.csj-emballages.com\/wp-content\/uploads\/2024\/12\/Arome-caco.webp","type":"image\/webp"}],"twitter_card":"summary_large_image","twitter_misc":{"Gesch\u00e4tzte Lesezeit":"3 Minuten"},"schema":{"@context":"https:\/\/schema.org","@graph":[{"@type":"WebPage","@id":"https:\/\/www.csj-emballages.com\/de\/produit\/fluessiges-aroma-kakao-50-ml\/","url":"https:\/\/www.csj-emballages.com\/de\/produit\/fluessiges-aroma-kakao-50-ml\/","name":"Fl\u00fcssiges Aroma Kakao - 50 ml","isPartOf":{"@id":"https:\/\/www.csj-emballages.com\/de\/#website"},"primaryImageOfPage":{"@id":"https:\/\/www.csj-emballages.com\/de\/produit\/fluessiges-aroma-kakao-50-ml\/#primaryimage"},"image":{"@id":"https:\/\/www.csj-emballages.com\/de\/produit\/fluessiges-aroma-kakao-50-ml\/#primaryimage"},"thumbnailUrl":"https:\/\/www.csj-emballages.com\/wp-content\/uploads\/2024\/12\/Arome-caco.webp","datePublished":"2024-12-19T01:18:25+00:00","dateModified":"2026-03-12T15:05:25+00:00","description":"Entdecken Sie das fl\u00fcssige Aroma cacap 50 ml: ein nat\u00fcrlicher und vielseitiger Geschmack, um Ihre s\u00fc\u00dfen oder herzhaften Rezepte zu verfeinern. Praktisches Format und leicht zu dosieren","breadcrumb":{"@id":"https:\/\/www.csj-emballages.com\/de\/produit\/fluessiges-aroma-kakao-50-ml\/#breadcrumb"},"inLanguage":"de","potentialAction":[{"@type":"ReadAction","target":["https:\/\/www.csj-emballages.com\/de\/produit\/fluessiges-aroma-kakao-50-ml\/"]}]},{"@type":"ImageObject","inLanguage":"de","@id":"https:\/\/www.csj-emballages.com\/de\/produit\/fluessiges-aroma-kakao-50-ml\/#primaryimage","url":"https:\/\/www.csj-emballages.com\/wp-content\/uploads\/2024\/12\/Arome-caco.webp","contentUrl":"https:\/\/www.csj-emballages.com\/wp-content\/uploads\/2024\/12\/Arome-caco.webp","width":800,"height":800,"caption":"ar\u00f4me liquide cacao"},{"@type":"BreadcrumbList","@id":"https:\/\/www.csj-emballages.com\/de\/produit\/fluessiges-aroma-kakao-50-ml\/#breadcrumb","itemListElement":[{"@type":"ListItem","position":1,"name":"Accueil","item":"https:\/\/www.csj-emballages.com\/de\/universum-lebensmittelverpackungen\/"},{"@type":"ListItem","position":2,"name":"Shop","item":"https:\/\/www.csj-emballages.com\/shop\/"},{"@type":"ListItem","position":3,"name":"Fl\u00fcssiges Aroma Kakao 50 ml"}]},{"@type":"WebSite","@id":"https:\/\/www.csj-emballages.com\/de\/#website","url":"https:\/\/www.csj-emballages.com\/de\/","name":"CSJ Emballages","description":"","publisher":{"@id":"https:\/\/www.csj-emballages.com\/de\/#organization"},"potentialAction":[{"@type":"SearchAction","target":{"@type":"EntryPoint","urlTemplate":"https:\/\/www.csj-emballages.com\/de\/?s={search_term_string}"},"query-input":{"@type":"PropertyValueSpecification","valueRequired":true,"valueName":"search_term_string"}}],"inLanguage":"de"},{"@type":"Organization","@id":"https:\/\/www.csj-emballages.com\/de\/#Organization\/","name":"CSJ Emballages","url":"https:\/\/www.csj-emballages.com\/de\/","logo":{"@type":"ImageObject","inLanguage":"de","@id":"https:\/\/www.csj-emballages.com\/de\/#\/schema\/logo\/image\/","url":"https:\/\/www.csj-emballages.com\/wp-content\/uploads\/2023\/10\/logo_csj.webp","contentUrl":"https:\/\/www.csj-emballages.com\/wp-content\/uploads\/2023\/10\/logo_csj.webp","width":250,"height":95,"caption":"CSJ Emballages"},"image":{"@id":"https:\/\/www.csj-emballages.com\/de\/#\/schema\/logo\/image\/"},"sameAs":["https:\/\/www.facebook.com\/csjemballages"],"address":{"@type":"PostalAddress","streetAddress":"ZI La Lechere","addressLocality":"Patornay","postalCode":"39130","addressCountry":"FR"},"contactPoint":[{"@type":"ContactPoint","contactType":"Service client","telephone":"0384254272","email":"contact@csj-emballages.com"}]}]}},"df_price":3.14,"df_sale_price":"","df_regular_price":3.14,"df_image_link":"https:\/\/www.csj-emballages.com\/wp-content\/uploads\/2024\/12\/Arome-caco-300x300.webp","tiered_pricing_type":"fixed","tiered_pricing_fixed_rules":[],"tiered_pricing_percentage_rules":[],"tiered_pricing_minimum":1,"tiered_pricing_roles_data":[],"_links":{"self":[{"href":"https:\/\/www.csj-emballages.com\/de\/wp-json\/wp\/v2\/product\/226064","targetHints":{"allow":["GET"]}}],"collection":[{"href":"https:\/\/www.csj-emballages.com\/de\/wp-json\/wp\/v2\/product"}],"about":[{"href":"https:\/\/www.csj-emballages.com\/de\/wp-json\/wp\/v2\/types\/product"}],"wp:featuredmedia":[{"embeddable":true,"href":"https:\/\/www.csj-emballages.com\/de\/wp-json\/wp\/v2\/media\/219146"}],"wp:attachment":[{"href":"https:\/\/www.csj-emballages.com\/de\/wp-json\/wp\/v2\/media?parent=226064"}],"wp:term":[{"taxonomy":"product_brand","embeddable":true,"href":"https:\/\/www.csj-emballages.com\/de\/wp-json\/wp\/v2\/product_brand?post=226064"},{"taxonomy":"product_cat","embeddable":true,"href":"https:\/\/www.csj-emballages.com\/de\/wp-json\/wp\/v2\/product_cat?post=226064"},{"taxonomy":"product_tag","embeddable":true,"href":"https:\/\/www.csj-emballages.com\/de\/wp-json\/wp\/v2\/product_tag?post=226064"}],"curies":[{"name":"wp","href":"https:\/\/api.w.org\/{rel}","templated":true}]}}