{"id":226058,"date":"2024-12-19T02:18:19","date_gmt":"2024-12-19T01:18:19","guid":{"rendered":"https:\/\/www.csj-emballages.com\/produit\/fluessiges-aroma-ananas-50-ml\/"},"modified":"2026-03-12T16:05:23","modified_gmt":"2026-03-12T15:05:23","slug":"fluessiges-aroma-ananas-50-ml","status":"publish","type":"product","link":"https:\/\/www.csj-emballages.com\/de\/produit\/fluessiges-aroma-ananas-50-ml\/","title":{"rendered":"Fl\u00fcssiges Aroma Ananas 50 ml"},"content":{"rendered":"<h2>Fl\u00fcssiges Aroma<\/h2>\n<hr>\n<h3>Beschreibung unseres fl\u00fcssigen Aromas Ananas 50 ml<\/h3>\n<p><!--more--><\/p>\n<p>Entdecken Sie unser <strong>fl\u00fcssiges Aroma<\/strong> mit<strong>Ananasgeschmack<\/strong>, eine perfekte Option, um Ihren Rezepten eine fruchtige und erfrischende Note zu verleihen. Tats\u00e4chlich bietet dieses Aroma einen s\u00fc\u00dfen und nat\u00fcrlichen<strong>Ananasgeschmack<\/strong>, der Ihre Geschmacksknospen verf\u00fchren wird. Mit seiner <strong>50-ml-Flasche<\/strong> ist es ideal f\u00fcr die Verwendung in der K\u00fcche oder in Ihren Getr\u00e4nken, egal ob Sie ein Liebhaber oder ein Profi sind. Das <strong>Ananasaroma<\/strong> verleiht Ihren Kreationen eine exotische Note, ohne zu s\u00fc\u00df oder k\u00fcnstlich zu sein, was es perfekt f\u00fcr den t\u00e4glichen Gebrauch macht. Die Verwendung dieses <strong>fl\u00fcssigen A<\/strong> romas ist einfach und effektiv. Geben Sie es einfach in kleinen Mengen zu Ihren Zubereitungen hinzu, um den gew\u00fcnschten Geschmack zu erhalten. Dieses Produkt ist perfekt, um Ihre Getr\u00e4nke, Desserts oder sogar herzhafte Gerichte zu aromatisieren. Ein paar Tropfen in einem Smoothie oder Milchshake versetzen Sie zum Beispiel direkt in die Tropen.       <\/p>\n<p>&nbsp;<\/p>\n<p><!--more--><\/p>\n<h4>Ein vielseitiges fl\u00fcssiges Aroma<\/h4>\n<p>Dieses <strong>fl\u00fcssige Aroma<\/strong> ist nicht nur einfach zu verwenden, sondern auch sehr vielseitig. Es kann in eine Vielzahl von Rezepten integriert werden, von einfachen bis hin zu aufwendigen. Sie k\u00f6nnen es zu s\u00fc\u00dfen Kreationen wie Kuchen, Cremes, Eis oder auch zu Erfrischungsgetr\u00e4nken hinzuf\u00fcgen. Es passt auch gut zu herzhaften Rezepten, vor allem in So\u00dfen oder Marinaden f\u00fcr Fleisch oder Fisch. Diese Vielseitigkeit macht das<strong>Ananasaroma<\/strong> zu einem wertvollen Verb\u00fcndeten in der K\u00fcche.    <\/p>\n<p>Eine kleine Menge reicht in der Regel aus, um Ihren Zubereitungen einen ausgewogenen Ananasgeschmack zu verleihen. Die kompakte Gr\u00f6\u00dfe ist praktisch und erm\u00f6glicht es Ihnen, die Flasche leicht in Ihren Regalen oder Schubladen zu verstauen, ohne Ihren Arbeitsbereich zu belasten. Ein weiterer Vorteil dieses <strong>fl\u00fcssigen Aromas<\/strong> ist seine F\u00e4higkeit, sich lange zu halten. Die luftdichte Flasche sch\u00fctzt das Aroma vor Luft, sodass seine Frische und seine organoleptischen Eigenschaften mehrere Monate lang erhalten bleiben. So k\u00f6nnen Sie ihn in Ihrem eigenen Rhythmus verwenden, ohne Gefahr zu laufen, dass er seinen nat\u00fcrlichen Geschmack verliert. Denken Sie einfach daran, die Flasche nach jedem Gebrauch gut zu verschlie\u00dfen, um eine optimale Haltbarkeit zu gew\u00e4hrleisten.     <\/p>\n<h3><\/h3>\n<p><!--more--><\/p>\n<h4>Eine exotische Note f\u00fcr Ihre Rezepte<\/h4>\n<p>Das<strong>fl\u00fcssige Ananasaroma<\/strong> ist eine einfache M\u00f6glichkeit, Ihren Kreationen einen tropischen Touch zu verleihen. Die<strong>Ananas<\/strong> ist eine s\u00fc\u00dfe, saftige und erfrischende Frucht, und dieses <strong>Ananasaroma<\/strong> f\u00e4ngt ihre ganze F\u00fclle ein. Es eignet sich hervorragend, um Ihre Dessert- oder Getr\u00e4nkerezepte zu verfeinern, indem es einen nat\u00fcrlichen und angenehmen Geschmack verleiht. Sie k\u00f6nnen es zum Beispiel verwenden, um selbstgemachtes Eis, Obstkuchen oder exotische Smoothies zu aromatisieren. Sie k\u00f6nnen es auch in Cocktailrezepten f\u00fcr eine fruchtige und erfrischende Note hinzuf\u00fcgen. Neben seinem einzigartigen Geschmack ist dieses <strong>fl\u00fcssige Aroma<\/strong> auch eine kosteng\u00fcnstige Option. Zusammenfassend l\u00e4sst sich sagen, dass das<strong>fl\u00fcssige Aroma<\/strong> Ananas vielseitig, g\u00fcnstig und lecker ist. Dank seiner Gr\u00f6\u00dfe von <strong>50 ml<\/strong> l\u00e4sst es sich leicht dosieren und aufbewahren. Testen Sie es noch heute in Ihren Rezepten und lassen Sie sich von der exotischen Frische des<strong>Ananasaromas<\/strong> mitrei\u00dfen.        <\/p>\n<p>&nbsp;<\/p>\n<p><!--more--><\/p>\n<p>Testen Sie dieses <strong>Ananasaroma<\/strong> noch heute und verleihen Sie Ihren allt\u00e4glichen Rezepten eine neue Dimension.<\/p>\n<p>&nbsp;<\/p>\n<p><!--more--><\/p>\n<h4>Seine Vorteile :<\/h4>\n<ul>\n<li><strong>Nat\u00fcrlicher und erfrischender Geschmack<\/strong>: Ein <strong>fl\u00fcssiges Ananasaroma<\/strong>, das der Frucht treu bleibt und einen s\u00fc\u00dfen und angenehmen tropischen Geschmack mit sich bringt.<\/li>\n<li><strong>Vielseitig<\/strong>: Kann in einer Vielzahl von s\u00fc\u00dfen und herzhaften Rezepten verwendet werden, z. B. f\u00fcr Desserts, Getr\u00e4nke und So\u00dfen.<\/li>\n<li><strong>Praktisches Format<\/strong>: Die 50-ml-Flasche ist kompakt, leicht zu verstauen und eignet sich f\u00fcr den t\u00e4glichen Gebrauch.<\/li>\n<li><strong>Optimale Haltbarkeit<\/strong>: Die luftdichte Flasche sch\u00fctzt das<strong>fl\u00fcssige Aroma<\/strong> und sorgt f\u00fcr lang anhaltende Frische.<\/li>\n<\/ul>\n<p>&nbsp;<\/p>\n<p><!--more--><\/p>\n<h4>Weitere Informationen :<\/h4>\n<ul>\n<li><b>H\u00f6he: <\/b>115 mm<\/li>\n<li><strong>Verpackung<\/strong>: Einzeln<\/li>\n<li><strong>Volumen<\/strong>: 50 ml<\/li>\n<li><b>Geschmack: <\/b>Ananas<\/li>\n<li><strong>Dosierung<\/strong>: 4g\/kg<\/li>\n<\/ul>\n<p>&nbsp;<\/p>\n<p><!--more--><\/p>\n<h4>Zusammensetzung :<\/h4>\n<ul>\n<li><strong>Zuckersirup<\/strong> \/ <strong>Wasser<\/strong> \/ <strong>Aroma Ananas<\/strong><\/li>\n<\/ul>\n<p>&nbsp;<\/p>\n<p><!--more--><\/p>\n<p>Produkt in verschiedenen Geschmacksrichtungen erh\u00e4ltlich : <span style=\"color: #d12727;\"><a style=\"color: #d12727;\" href=\"https:\/\/www.csj-emballages.com\/produit\/arome-liquide-cafe-50-ml\/\">Kaffee<\/a><\/span> \/ <span style=\"color: #d12727;\"><a style=\"color: #d12727;\" href=\"https:\/\/www.csj-emballages.com\/produit\/arome-liquide-rose-50-ml\/\">Rosa<\/a><\/span> \/ <span style=\"color: #d12727;\"><a style=\"color: #d12727;\" href=\"https:\/\/www.csj-emballages.com\/produit\/arome-liquide-vanille-50-ml\/\">Vanille<\/a><\/span> \/ <span style=\"color: #d12727;\"><a style=\"color: #d12727;\" href=\"https:\/\/www.csj-emballages.com\/produit\/arome-liquide-fleur-doranger-50-ml\/\">Orangenbl\u00fcte<\/a><\/span> \/ <span style=\"color: #d12727;\"><a style=\"color: #d12727;\" href=\"https:\/\/www.csj-emballages.com\/produit\/arome-liquide-fraise-50-ml\/\">Erdbeere<\/a><\/span> \/ <span style=\"color: #d12727;\"><a style=\"color: #d12727;\" href=\"https:\/\/www.csj-emballages.com\/pt-pt\/produit\/aroma-liquido-de-banana-50-ml\/\">Banane<\/a><\/span><\/p>\n<p>&nbsp;<\/p>\n<p><!--more--><\/p>\n<p><a href=\"https:\/\/www.csj-emballages.com\/de\/categorie-produit\/lebensmittel\/konditorei\/aromen\/\">Entdecken Sie den Rest unseres Sortiments an Aromen<\/a><\/p>\n","protected":false},"excerpt":{"rendered":"<p>Fl\u00fcssiges Aroma Beschreibung unseres fl\u00fcssigen Aromas Ananas 50 ml<\/p>\n","protected":false},"featured_media":218778,"template":"","meta":{"_acf_changed":false},"product_brand":[],"product_cat":[1144,9215,9230],"product_tag":[],"class_list":{"0":"post-226058","1":"product","2":"type-product","3":"status-publish","4":"has-post-thumbnail","6":"product_cat-lebensmittel","7":"product_cat-konditorei","8":"product_cat-aromen","10":"first","11":"instock","12":"taxable","13":"shipping-taxable","14":"purchasable","15":"product-type-simple"},"acf":[],"yoast_head":"<!-- This site is optimized with the Yoast SEO Premium plugin v26.6 (Yoast SEO v26.6) - https:\/\/yoast.com\/wordpress\/plugins\/seo\/ -->\n<title>Fl\u00fcssiges Aroma Ananas - 50 ml<\/title>\n<meta name=\"description\" content=\"Entdecken Sie das fl\u00fcssige Aroma Ananas 50 ml: ein nat\u00fcrlicher tropischer Geschmack, leicht zu dosieren und vielseitig einsetzbar f\u00fcr Ihre s\u00fc\u00dfen und herzhaften Rezepte.\" \/>\n<meta name=\"robots\" content=\"index, follow, max-snippet:-1, max-image-preview:large, max-video-preview:-1\" \/>\n<link rel=\"canonical\" href=\"https:\/\/www.csj-emballages.com\/de\/produit\/fluessiges-aroma-ananas-50-ml\/\" \/>\n<meta property=\"og:locale\" content=\"de_DE\" \/>\n<meta property=\"og:type\" content=\"article\" \/>\n<meta property=\"og:title\" content=\"Fl\u00fcssiges Aroma Ananas 50 ml\" \/>\n<meta property=\"og:description\" content=\"Entdecken Sie das fl\u00fcssige Aroma Ananas 50 ml: ein nat\u00fcrlicher tropischer Geschmack, leicht zu dosieren und vielseitig einsetzbar f\u00fcr Ihre s\u00fc\u00dfen und herzhaften Rezepte.\" \/>\n<meta property=\"og:url\" content=\"https:\/\/www.csj-emballages.com\/de\/produit\/fluessiges-aroma-ananas-50-ml\/\" \/>\n<meta property=\"og:site_name\" content=\"CSJ Emballages\" \/>\n<meta property=\"article:publisher\" content=\"https:\/\/www.facebook.com\/csjemballages\" \/>\n<meta property=\"article:modified_time\" content=\"2026-03-12T15:05:23+00:00\" \/>\n<meta property=\"og:image\" content=\"https:\/\/www.csj-emballages.com\/wp-content\/uploads\/2024\/12\/Arome-ananas-1.webp\" \/>\n\t<meta property=\"og:image:width\" content=\"739\" \/>\n\t<meta property=\"og:image:height\" content=\"739\" \/>\n\t<meta property=\"og:image:type\" content=\"image\/webp\" \/>\n<meta name=\"twitter:card\" content=\"summary_large_image\" \/>\n<meta name=\"twitter:label1\" content=\"Gesch\u00e4tzte Lesezeit\" \/>\n\t<meta name=\"twitter:data1\" content=\"3 Minuten\" \/>\n<script type=\"application\/ld+json\" class=\"yoast-schema-graph\">{\"@context\":\"https:\/\/schema.org\",\"@graph\":[{\"@type\":\"WebPage\",\"@id\":\"https:\/\/www.csj-emballages.com\/de\/produit\/fluessiges-aroma-ananas-50-ml\/\",\"url\":\"https:\/\/www.csj-emballages.com\/de\/produit\/fluessiges-aroma-ananas-50-ml\/\",\"name\":\"Fl\u00fcssiges Aroma Ananas - 50 ml\",\"isPartOf\":{\"@id\":\"https:\/\/www.csj-emballages.com\/de\/#website\"},\"primaryImageOfPage\":{\"@id\":\"https:\/\/www.csj-emballages.com\/de\/produit\/fluessiges-aroma-ananas-50-ml\/#primaryimage\"},\"image\":{\"@id\":\"https:\/\/www.csj-emballages.com\/de\/produit\/fluessiges-aroma-ananas-50-ml\/#primaryimage\"},\"thumbnailUrl\":\"https:\/\/www.csj-emballages.com\/wp-content\/uploads\/2024\/12\/Arome-ananas-1.webp\",\"datePublished\":\"2024-12-19T01:18:19+00:00\",\"dateModified\":\"2026-03-12T15:05:23+00:00\",\"description\":\"Entdecken Sie das fl\u00fcssige Aroma Ananas 50 ml: ein nat\u00fcrlicher tropischer Geschmack, leicht zu dosieren und vielseitig einsetzbar f\u00fcr Ihre s\u00fc\u00dfen und herzhaften Rezepte.\",\"breadcrumb\":{\"@id\":\"https:\/\/www.csj-emballages.com\/de\/produit\/fluessiges-aroma-ananas-50-ml\/#breadcrumb\"},\"inLanguage\":\"de\",\"potentialAction\":[{\"@type\":\"ReadAction\",\"target\":[\"https:\/\/www.csj-emballages.com\/de\/produit\/fluessiges-aroma-ananas-50-ml\/\"]}]},{\"@type\":\"ImageObject\",\"inLanguage\":\"de\",\"@id\":\"https:\/\/www.csj-emballages.com\/de\/produit\/fluessiges-aroma-ananas-50-ml\/#primaryimage\",\"url\":\"https:\/\/www.csj-emballages.com\/wp-content\/uploads\/2024\/12\/Arome-ananas-1.webp\",\"contentUrl\":\"https:\/\/www.csj-emballages.com\/wp-content\/uploads\/2024\/12\/Arome-ananas-1.webp\",\"width\":739,\"height\":739,\"caption\":\"Aro\u0302me liquide ananas\"},{\"@type\":\"BreadcrumbList\",\"@id\":\"https:\/\/www.csj-emballages.com\/de\/produit\/fluessiges-aroma-ananas-50-ml\/#breadcrumb\",\"itemListElement\":[{\"@type\":\"ListItem\",\"position\":1,\"name\":\"Accueil\",\"item\":\"https:\/\/www.csj-emballages.com\/de\/universum-lebensmittelverpackungen\/\"},{\"@type\":\"ListItem\",\"position\":2,\"name\":\"Shop\",\"item\":\"https:\/\/www.csj-emballages.com\/shop\/\"},{\"@type\":\"ListItem\",\"position\":3,\"name\":\"Fl\u00fcssiges Aroma Ananas 50 ml\"}]},{\"@type\":\"WebSite\",\"@id\":\"https:\/\/www.csj-emballages.com\/de\/#website\",\"url\":\"https:\/\/www.csj-emballages.com\/de\/\",\"name\":\"CSJ Emballages\",\"description\":\"\",\"publisher\":{\"@id\":\"https:\/\/www.csj-emballages.com\/de\/#organization\"},\"potentialAction\":[{\"@type\":\"SearchAction\",\"target\":{\"@type\":\"EntryPoint\",\"urlTemplate\":\"https:\/\/www.csj-emballages.com\/de\/?s={search_term_string}\"},\"query-input\":{\"@type\":\"PropertyValueSpecification\",\"valueRequired\":true,\"valueName\":\"search_term_string\"}}],\"inLanguage\":\"de\"},{\"@type\":\"Organization\",\"@id\":\"https:\/\/www.csj-emballages.com\/de\/#Organization\/\",\"name\":\"CSJ Emballages\",\"url\":\"https:\/\/www.csj-emballages.com\/de\/\",\"logo\":{\"@type\":\"ImageObject\",\"inLanguage\":\"de\",\"@id\":\"https:\/\/www.csj-emballages.com\/de\/#\/schema\/logo\/image\/\",\"url\":\"https:\/\/www.csj-emballages.com\/wp-content\/uploads\/2023\/10\/logo_csj.webp\",\"contentUrl\":\"https:\/\/www.csj-emballages.com\/wp-content\/uploads\/2023\/10\/logo_csj.webp\",\"width\":250,\"height\":95,\"caption\":\"CSJ Emballages\"},\"image\":{\"@id\":\"https:\/\/www.csj-emballages.com\/de\/#\/schema\/logo\/image\/\"},\"sameAs\":[\"https:\/\/www.facebook.com\/csjemballages\"],\"address\":{\"@type\":\"PostalAddress\",\"streetAddress\":\"ZI La Lechere\",\"addressLocality\":\"Patornay\",\"postalCode\":\"39130\",\"addressCountry\":\"FR\"},\"contactPoint\":[{\"@type\":\"ContactPoint\",\"contactType\":\"Service client\",\"telephone\":\"0384254272\",\"email\":\"contact@csj-emballages.com\"}]}]}<\/script>\n<!-- \/ Yoast SEO Premium plugin. -->","yoast_head_json":{"title":"Fl\u00fcssiges Aroma Ananas - 50 ml","description":"Entdecken Sie das fl\u00fcssige Aroma Ananas 50 ml: ein nat\u00fcrlicher tropischer Geschmack, leicht zu dosieren und vielseitig einsetzbar f\u00fcr Ihre s\u00fc\u00dfen und herzhaften Rezepte.","robots":{"index":"index","follow":"follow","max-snippet":"max-snippet:-1","max-image-preview":"max-image-preview:large","max-video-preview":"max-video-preview:-1"},"canonical":"https:\/\/www.csj-emballages.com\/de\/produit\/fluessiges-aroma-ananas-50-ml\/","og_locale":"de_DE","og_type":"article","og_title":"Fl\u00fcssiges Aroma Ananas 50 ml","og_description":"Entdecken Sie das fl\u00fcssige Aroma Ananas 50 ml: ein nat\u00fcrlicher tropischer Geschmack, leicht zu dosieren und vielseitig einsetzbar f\u00fcr Ihre s\u00fc\u00dfen und herzhaften Rezepte.","og_url":"https:\/\/www.csj-emballages.com\/de\/produit\/fluessiges-aroma-ananas-50-ml\/","og_site_name":"CSJ Emballages","article_publisher":"https:\/\/www.facebook.com\/csjemballages","article_modified_time":"2026-03-12T15:05:23+00:00","og_image":[{"width":739,"height":739,"url":"https:\/\/www.csj-emballages.com\/wp-content\/uploads\/2024\/12\/Arome-ananas-1.webp","type":"image\/webp"}],"twitter_card":"summary_large_image","twitter_misc":{"Gesch\u00e4tzte Lesezeit":"3 Minuten"},"schema":{"@context":"https:\/\/schema.org","@graph":[{"@type":"WebPage","@id":"https:\/\/www.csj-emballages.com\/de\/produit\/fluessiges-aroma-ananas-50-ml\/","url":"https:\/\/www.csj-emballages.com\/de\/produit\/fluessiges-aroma-ananas-50-ml\/","name":"Fl\u00fcssiges Aroma Ananas - 50 ml","isPartOf":{"@id":"https:\/\/www.csj-emballages.com\/de\/#website"},"primaryImageOfPage":{"@id":"https:\/\/www.csj-emballages.com\/de\/produit\/fluessiges-aroma-ananas-50-ml\/#primaryimage"},"image":{"@id":"https:\/\/www.csj-emballages.com\/de\/produit\/fluessiges-aroma-ananas-50-ml\/#primaryimage"},"thumbnailUrl":"https:\/\/www.csj-emballages.com\/wp-content\/uploads\/2024\/12\/Arome-ananas-1.webp","datePublished":"2024-12-19T01:18:19+00:00","dateModified":"2026-03-12T15:05:23+00:00","description":"Entdecken Sie das fl\u00fcssige Aroma Ananas 50 ml: ein nat\u00fcrlicher tropischer Geschmack, leicht zu dosieren und vielseitig einsetzbar f\u00fcr Ihre s\u00fc\u00dfen und herzhaften Rezepte.","breadcrumb":{"@id":"https:\/\/www.csj-emballages.com\/de\/produit\/fluessiges-aroma-ananas-50-ml\/#breadcrumb"},"inLanguage":"de","potentialAction":[{"@type":"ReadAction","target":["https:\/\/www.csj-emballages.com\/de\/produit\/fluessiges-aroma-ananas-50-ml\/"]}]},{"@type":"ImageObject","inLanguage":"de","@id":"https:\/\/www.csj-emballages.com\/de\/produit\/fluessiges-aroma-ananas-50-ml\/#primaryimage","url":"https:\/\/www.csj-emballages.com\/wp-content\/uploads\/2024\/12\/Arome-ananas-1.webp","contentUrl":"https:\/\/www.csj-emballages.com\/wp-content\/uploads\/2024\/12\/Arome-ananas-1.webp","width":739,"height":739,"caption":"Aro\u0302me liquide ananas"},{"@type":"BreadcrumbList","@id":"https:\/\/www.csj-emballages.com\/de\/produit\/fluessiges-aroma-ananas-50-ml\/#breadcrumb","itemListElement":[{"@type":"ListItem","position":1,"name":"Accueil","item":"https:\/\/www.csj-emballages.com\/de\/universum-lebensmittelverpackungen\/"},{"@type":"ListItem","position":2,"name":"Shop","item":"https:\/\/www.csj-emballages.com\/shop\/"},{"@type":"ListItem","position":3,"name":"Fl\u00fcssiges Aroma Ananas 50 ml"}]},{"@type":"WebSite","@id":"https:\/\/www.csj-emballages.com\/de\/#website","url":"https:\/\/www.csj-emballages.com\/de\/","name":"CSJ Emballages","description":"","publisher":{"@id":"https:\/\/www.csj-emballages.com\/de\/#organization"},"potentialAction":[{"@type":"SearchAction","target":{"@type":"EntryPoint","urlTemplate":"https:\/\/www.csj-emballages.com\/de\/?s={search_term_string}"},"query-input":{"@type":"PropertyValueSpecification","valueRequired":true,"valueName":"search_term_string"}}],"inLanguage":"de"},{"@type":"Organization","@id":"https:\/\/www.csj-emballages.com\/de\/#Organization\/","name":"CSJ Emballages","url":"https:\/\/www.csj-emballages.com\/de\/","logo":{"@type":"ImageObject","inLanguage":"de","@id":"https:\/\/www.csj-emballages.com\/de\/#\/schema\/logo\/image\/","url":"https:\/\/www.csj-emballages.com\/wp-content\/uploads\/2023\/10\/logo_csj.webp","contentUrl":"https:\/\/www.csj-emballages.com\/wp-content\/uploads\/2023\/10\/logo_csj.webp","width":250,"height":95,"caption":"CSJ Emballages"},"image":{"@id":"https:\/\/www.csj-emballages.com\/de\/#\/schema\/logo\/image\/"},"sameAs":["https:\/\/www.facebook.com\/csjemballages"],"address":{"@type":"PostalAddress","streetAddress":"ZI La Lechere","addressLocality":"Patornay","postalCode":"39130","addressCountry":"FR"},"contactPoint":[{"@type":"ContactPoint","contactType":"Service client","telephone":"0384254272","email":"contact@csj-emballages.com"}]}]}},"df_price":2.81,"df_sale_price":"","df_regular_price":2.81,"df_image_link":"https:\/\/www.csj-emballages.com\/wp-content\/uploads\/2024\/12\/Arome-ananas-1-300x300.webp","tiered_pricing_type":"fixed","tiered_pricing_fixed_rules":[],"tiered_pricing_percentage_rules":[],"tiered_pricing_minimum":1,"tiered_pricing_roles_data":[],"_links":{"self":[{"href":"https:\/\/www.csj-emballages.com\/de\/wp-json\/wp\/v2\/product\/226058","targetHints":{"allow":["GET"]}}],"collection":[{"href":"https:\/\/www.csj-emballages.com\/de\/wp-json\/wp\/v2\/product"}],"about":[{"href":"https:\/\/www.csj-emballages.com\/de\/wp-json\/wp\/v2\/types\/product"}],"wp:featuredmedia":[{"embeddable":true,"href":"https:\/\/www.csj-emballages.com\/de\/wp-json\/wp\/v2\/media\/218778"}],"wp:attachment":[{"href":"https:\/\/www.csj-emballages.com\/de\/wp-json\/wp\/v2\/media?parent=226058"}],"wp:term":[{"taxonomy":"product_brand","embeddable":true,"href":"https:\/\/www.csj-emballages.com\/de\/wp-json\/wp\/v2\/product_brand?post=226058"},{"taxonomy":"product_cat","embeddable":true,"href":"https:\/\/www.csj-emballages.com\/de\/wp-json\/wp\/v2\/product_cat?post=226058"},{"taxonomy":"product_tag","embeddable":true,"href":"https:\/\/www.csj-emballages.com\/de\/wp-json\/wp\/v2\/product_tag?post=226058"}],"curies":[{"name":"wp","href":"https:\/\/api.w.org\/{rel}","templated":true}]}}