{"id":226057,"date":"2024-12-19T02:18:22","date_gmt":"2024-12-19T01:18:22","guid":{"rendered":"https:\/\/www.csj-emballages.com\/produit\/fluessiges-aroma-banane-50-ml\/"},"modified":"2026-04-25T02:10:36","modified_gmt":"2026-04-25T00:10:36","slug":"fluessiges-aroma-banane-50-ml","status":"publish","type":"product","link":"https:\/\/www.csj-emballages.com\/de\/produit\/fluessiges-aroma-banane-50-ml\/","title":{"rendered":"Fl\u00fcssiges Aroma Banane 50 ml"},"content":{"rendered":"<h2>Fl\u00fcssiges Aroma<\/h2>\n<hr>\n<h3>Beschreibung unseres fl\u00fcssigen Aromas Banane 50 ml<\/h3>\n<p><!--more--><\/p>\n<p>Entdecken Sie unser <strong>fl\u00fcssiges Aroma<\/strong> mit dem s\u00fc\u00dfen und authentischen Geschmack von <strong>Bananen<\/strong>. Denn dieses Produkt wurde entwickelt, um Ihren Rezepten einen Hauch von nat\u00fcrlicher Frucht zu verleihen. Ob f\u00fcr ein Getr\u00e4nk, ein Dessert oder ein Geb\u00e4ck, dieses <strong>Bananenaroma<\/strong> f\u00fcgt sich perfekt in Ihre Kreationen ein. Mit seiner praktischen Gr\u00f6\u00dfe von <strong>50 ml<\/strong> ist es ideal f\u00fcr den t\u00e4glichen Gebrauch, egal ob Sie ein Hobbykoch oder ein Profi sind. Die Verwendung dieses <strong>fl\u00fcssigen Aromas<\/strong> ist einfach und sehr flexibel. Sie k\u00f6nnen es zu Ihren Lieblingsrezepten hinzuf\u00fcgen, sei es zum Aromatisieren von Cremes, Kuchen, Milchshakes oder sogar Cocktails. F\u00fcgen Sie einfach ein paar Tropfen hinzu, um den gew\u00fcnschten Geschmack zu erhalten, und Sie werden feststellen, dass die Intensit\u00e4t des Aromas immer ausgewogen ist.      <\/p>\n<p>&nbsp;<\/p>\n<p><!--more--><\/p>\n<p>Es passt auch gut in Backwaren wie Brot, Brioche oder Muffins. Ob Sie nun ein selbstgemachtes Dessert oder ein Erfrischungsgetr\u00e4nk zubereiten, das <strong>Bananenaroma<\/strong> verleiht Ihren Rezepten eine zus\u00e4tzliche Dimension. Ein weiterer Vorteil dieses <strong>fl\u00fcssigen Aromas<\/strong> ist seine einfache Aufbewahrung. Die luftdichte Flasche sch\u00fctzt den Inhalt vor Luft, sodass er mehrere Monate lang frisch und wirksam bleibt. So k\u00f6nnen Sie dieses Produkt \u00fcber einen l\u00e4ngeren Zeitraum genie\u00dfen, ohne bef\u00fcrchten zu m\u00fcssen, dass es seinen nat\u00fcrlichen Geschmack verliert. Verschlie\u00dfen Sie die Flasche nach Gebrauch immer wieder, um sicherzustellen, dass sich das Aroma nicht verschlechtert und in seinem besten Zustand bleibt.     <\/p>\n<p>&nbsp;<\/p>\n<p><!--more--><\/p>\n<h4>Eine exotische Note f\u00fcr Ihre Kreationen<\/h4>\n<p>Das<strong>fl\u00fcssige Bananenaroma<\/strong> ist nicht nur eine praktische L\u00f6sung, sondern verleiht Ihren Rezepten auch einen Hauch von Exotik und K\u00f6stlichkeit. Die Banane ist wegen ihres s\u00fc\u00dfen Geschmacks und ihrer angenehmen Textur eine der beliebtesten Fr\u00fcchte, und dieses <strong>Bananenaroma<\/strong> spiegelt dies perfekt wider. Die Idee dahinter ist, eine s\u00fc\u00dfe und fruchtige Note als Kontrast zu w\u00fcrzigeren oder salzigeren Zutaten zu verleihen. Diese Vielseitigkeit macht das<strong>Bananenaroma<\/strong> zu einem unverzichtbaren Bestandteil der modernen K\u00fcche.   <\/p>\n<p>Dieses Produkt ist auch perfekt f\u00fcr alle, die gerne experimentieren und neue Geschmacksrichtungen entdecken. Mit ihm k\u00f6nnen Sie einfachen Gerichten einen einzigartigen Geschmack verleihen und ein Grundrezept in eine raffiniertere und originellere Kreation verwandeln. Au\u00dferdem ist dieses <strong>fl\u00fcssige Aroma<\/strong> so konzipiert, dass es leicht in Zubereitungen integriert werden kann, ohne dass komplizierte Techniken erforderlich sind. Einfach hinzuf\u00fcgen und umr\u00fchren, und Sie erhalten sofort einen vollmundig-frischen Geschmack.   <\/p>\n<p>Zusammenfassend l\u00e4sst sich sagen, dass das<strong>fl\u00fcssige Aroma<\/strong> Banane ein einfaches und kosteng\u00fcnstiges Produkt ist. Es eignet sich f\u00fcr eine Vielzahl von Rezepten, ob s\u00fc\u00df oder herzhaft, und macht es einfach, Ihren Kreationen eine fruchtige und nat\u00fcrliche Note zu verleihen. Dank seiner praktischen Gr\u00f6\u00dfe von <strong>50 ml<\/strong> ist es leicht zu verwenden und aufzubewahren, was es zu einer idealen Wahl f\u00fcr Hobbyk\u00f6che und Profis macht.  <\/p>\n<p>&nbsp;<\/p>\n<p><!--more--><\/p>\n<p>Testen Sie dieses <strong>Bananenaroma<\/strong> noch heute und geben Sie Ihren allt\u00e4glichen Rezepten eine neue Dimension<\/p>\n<p>&nbsp;<\/p>\n<p><!--more--><\/p>\n<h4>Seine Vorteile :<\/h4>\n<ul>\n<li><strong>Nat\u00fcrlicher und authentischer Geschmack<\/strong>: Ein <strong>Bananenaroma<\/strong>, das der Frucht treu bleibt und ideal ist, um Ihre s\u00fc\u00dfen und herzhaften Rezepte zu verfeinern.<\/li>\n<li><strong>Einfach zu dosieren<\/strong>: Ein paar Tropfen gen\u00fcgen, um Ihre Zubereitungen zu parf\u00fcmieren, ohne dass Sie Gefahr laufen, die Aromen zu \u00fcberladen.<\/li>\n<li><strong>Praktisches Format<\/strong>: Eine kompakte und leicht zu verstauende 50-ml-Flasche, die sich perfekt f\u00fcr den Gebrauch zu Hause oder im B\u00fcro eignet.<\/li>\n<li><strong>Vielseitig<\/strong>: Geeignet f\u00fcr eine Vielzahl von Rezepten wie Desserts, Getr\u00e4nke, Geb\u00e4ck und sogar herzhafte Gerichte.<\/li>\n<li><strong>Optimierte Haltbarkeit<\/strong>: Die Flasche l\u00e4sst sich leicht wieder verschlie\u00dfen, garantiert lang anhaltende Frische und vermeidet Verschwendung.<\/li>\n<\/ul>\n<p>&nbsp;<\/p>\n<p><!--more--><\/p>\n<h4>Weitere Informationen :<\/h4>\n<ul>\n<li><b>H\u00f6he: <\/b>115 mm<\/li>\n<li><strong>Verpackung<\/strong>: Einzeln<\/li>\n<li><strong>Volumen<\/strong>: 50 ml<\/li>\n<li><b>Geschmack: <\/b>Banane<\/li>\n<li><strong>Dosierung<\/strong>: 4g\/kg<\/li>\n<\/ul>\n<p>&nbsp;<\/p>\n<p><!--more--><\/p>\n<h4>Zusammensetzung :<\/h4>\n<ul>\n<li><strong>Zuckersirup<\/strong> \/ <strong>Wasser<\/strong> \/ <strong>Bananenaroma<\/strong><\/li>\n<\/ul>\n<p>&nbsp;<\/p>\n<p><!--more--><\/p>\n<p>Produkt in verschiedenen Geschmacksrichtungen erh\u00e4ltlich : <span style=\"color: #d12727;\"><a style=\"color: #d12727;\" href=\"https:\/\/www.csj-emballages.com\/produit\/arome-liquide-cafe-50-ml\/\">Kaffee<\/a><\/span> \/ <span style=\"color: #d12727;\"><a style=\"color: #d12727;\" href=\"https:\/\/www.csj-emballages.com\/produit\/arome-liquide-pistache-50-ml\/\">Pistazie<\/a><\/span> \/ <span style=\"color: #d12727;\"><a style=\"color: #d12727;\" href=\"https:\/\/www.csj-emballages.com\/de\/produit\/fluessiges-aroma-kakao-50-ml\/\">Kakao<\/a><\/span> \/ <span style=\"color: #d12727;\"><a style=\"color: #d12727;\" href=\"https:\/\/www.csj-emballages.com\/produit\/arome-liquide-citron-50-ml\/\">Zitrone<\/a><\/span> \/ <span style=\"color: #d12727;\"><a style=\"color: #d12727;\" href=\"https:\/\/www.csj-emballages.com\/produit\/arome-liquide-fraise-50-ml\/\">Erdbeere<\/a><\/span> \/ <span style=\"color: #d12727;\"><a style=\"color: #d12727;\" href=\"https:\/\/www.csj-emballages.com\/produit\/arome-liquide-orange-50-ml\/\">Orange<\/a><\/span><\/p>\n<p>&nbsp;<\/p>\n<p><!--more--><\/p>\n<p><a href=\"https:\/\/www.csj-emballages.com\/de\/categorie-produit\/lebensmittel\/konditorei\/aromen\/\">Entdecken Sie den Rest unseres Sortiments an Aromen<\/a><\/p>\n","protected":false},"excerpt":{"rendered":"<p>Fl\u00fcssiges Aroma Beschreibung unseres fl\u00fcssigen Aromas Banane 50 ml<\/p>\n","protected":false},"featured_media":218740,"template":"","meta":{"_acf_changed":false},"product_brand":[],"product_cat":[1144,9215,9230],"product_tag":[],"class_list":{"0":"post-226057","1":"product","2":"type-product","3":"status-publish","4":"has-post-thumbnail","6":"product_cat-lebensmittel","7":"product_cat-konditorei","8":"product_cat-aromen","10":"first","11":"instock","12":"taxable","13":"shipping-taxable","14":"purchasable","15":"product-type-simple"},"acf":[],"yoast_head":"<!-- This site is optimized with the Yoast SEO Premium plugin v26.6 (Yoast SEO v26.6) - https:\/\/yoast.com\/wordpress\/plugins\/seo\/ -->\n<title>Fl\u00fcssiges Aroma Banane - 50 ml<\/title>\n<meta name=\"description\" content=\"Entdecken Sie das fl\u00fcssige Aroma Banane 50 ml: ein nat\u00fcrlicher und vielseitiger Geschmack, um Ihre s\u00fc\u00dfen oder herzhaften Rezepte zu verfeinern. Praktisches Format und einfach zu dosieren\" \/>\n<meta name=\"robots\" content=\"index, follow, max-snippet:-1, max-image-preview:large, max-video-preview:-1\" \/>\n<link rel=\"canonical\" href=\"https:\/\/www.csj-emballages.com\/de\/produit\/fluessiges-aroma-banane-50-ml\/\" \/>\n<meta property=\"og:locale\" content=\"de_DE\" \/>\n<meta property=\"og:type\" content=\"article\" \/>\n<meta property=\"og:title\" content=\"Fl\u00fcssiges Aroma Banane 50 ml\" \/>\n<meta property=\"og:description\" content=\"Entdecken Sie das fl\u00fcssige Aroma Banane 50 ml: ein nat\u00fcrlicher und vielseitiger Geschmack, um Ihre s\u00fc\u00dfen oder herzhaften Rezepte zu verfeinern. Praktisches Format und einfach zu dosieren\" \/>\n<meta property=\"og:url\" content=\"https:\/\/www.csj-emballages.com\/de\/produit\/fluessiges-aroma-banane-50-ml\/\" \/>\n<meta property=\"og:site_name\" content=\"CSJ Emballages\" \/>\n<meta property=\"article:publisher\" content=\"https:\/\/www.facebook.com\/csjemballages\" \/>\n<meta property=\"article:modified_time\" content=\"2026-04-25T00:10:36+00:00\" \/>\n<meta property=\"og:image\" content=\"https:\/\/www.csj-emballages.com\/wp-content\/uploads\/2024\/12\/Arome-banane.webp\" \/>\n\t<meta property=\"og:image:width\" content=\"800\" \/>\n\t<meta property=\"og:image:height\" content=\"800\" \/>\n\t<meta property=\"og:image:type\" content=\"image\/webp\" \/>\n<meta name=\"twitter:card\" content=\"summary_large_image\" \/>\n<meta name=\"twitter:label1\" content=\"Gesch\u00e4tzte Lesezeit\" \/>\n\t<meta name=\"twitter:data1\" content=\"3 Minuten\" \/>\n<script type=\"application\/ld+json\" class=\"yoast-schema-graph\">{\"@context\":\"https:\/\/schema.org\",\"@graph\":[{\"@type\":\"WebPage\",\"@id\":\"https:\/\/www.csj-emballages.com\/de\/produit\/fluessiges-aroma-banane-50-ml\/\",\"url\":\"https:\/\/www.csj-emballages.com\/de\/produit\/fluessiges-aroma-banane-50-ml\/\",\"name\":\"Fl\u00fcssiges Aroma Banane - 50 ml\",\"isPartOf\":{\"@id\":\"https:\/\/www.csj-emballages.com\/de\/#website\"},\"primaryImageOfPage\":{\"@id\":\"https:\/\/www.csj-emballages.com\/de\/produit\/fluessiges-aroma-banane-50-ml\/#primaryimage\"},\"image\":{\"@id\":\"https:\/\/www.csj-emballages.com\/de\/produit\/fluessiges-aroma-banane-50-ml\/#primaryimage\"},\"thumbnailUrl\":\"https:\/\/www.csj-emballages.com\/wp-content\/uploads\/2024\/12\/Arome-banane.webp\",\"datePublished\":\"2024-12-19T01:18:22+00:00\",\"dateModified\":\"2026-04-25T00:10:36+00:00\",\"description\":\"Entdecken Sie das fl\u00fcssige Aroma Banane 50 ml: ein nat\u00fcrlicher und vielseitiger Geschmack, um Ihre s\u00fc\u00dfen oder herzhaften Rezepte zu verfeinern. Praktisches Format und einfach zu dosieren\",\"breadcrumb\":{\"@id\":\"https:\/\/www.csj-emballages.com\/de\/produit\/fluessiges-aroma-banane-50-ml\/#breadcrumb\"},\"inLanguage\":\"de\",\"potentialAction\":[{\"@type\":\"ReadAction\",\"target\":[\"https:\/\/www.csj-emballages.com\/de\/produit\/fluessiges-aroma-banane-50-ml\/\"]}]},{\"@type\":\"ImageObject\",\"inLanguage\":\"de\",\"@id\":\"https:\/\/www.csj-emballages.com\/de\/produit\/fluessiges-aroma-banane-50-ml\/#primaryimage\",\"url\":\"https:\/\/www.csj-emballages.com\/wp-content\/uploads\/2024\/12\/Arome-banane.webp\",\"contentUrl\":\"https:\/\/www.csj-emballages.com\/wp-content\/uploads\/2024\/12\/Arome-banane.webp\",\"width\":800,\"height\":800,\"caption\":\"ar\u00f4me liquide banane\"},{\"@type\":\"BreadcrumbList\",\"@id\":\"https:\/\/www.csj-emballages.com\/de\/produit\/fluessiges-aroma-banane-50-ml\/#breadcrumb\",\"itemListElement\":[{\"@type\":\"ListItem\",\"position\":1,\"name\":\"Accueil\",\"item\":\"https:\/\/www.csj-emballages.com\/de\/universum-lebensmittelverpackungen\/\"},{\"@type\":\"ListItem\",\"position\":2,\"name\":\"Shop\",\"item\":\"https:\/\/www.csj-emballages.com\/shop\/\"},{\"@type\":\"ListItem\",\"position\":3,\"name\":\"Fl\u00fcssiges Aroma Banane 50 ml\"}]},{\"@type\":\"WebSite\",\"@id\":\"https:\/\/www.csj-emballages.com\/de\/#website\",\"url\":\"https:\/\/www.csj-emballages.com\/de\/\",\"name\":\"CSJ Emballages\",\"description\":\"\",\"publisher\":{\"@id\":\"https:\/\/www.csj-emballages.com\/de\/#organization\"},\"potentialAction\":[{\"@type\":\"SearchAction\",\"target\":{\"@type\":\"EntryPoint\",\"urlTemplate\":\"https:\/\/www.csj-emballages.com\/de\/?s={search_term_string}\"},\"query-input\":{\"@type\":\"PropertyValueSpecification\",\"valueRequired\":true,\"valueName\":\"search_term_string\"}}],\"inLanguage\":\"de\"},{\"@type\":\"Organization\",\"@id\":\"https:\/\/www.csj-emballages.com\/de\/#Organization\/\",\"name\":\"CSJ Emballages\",\"url\":\"https:\/\/www.csj-emballages.com\/de\/\",\"logo\":{\"@type\":\"ImageObject\",\"inLanguage\":\"de\",\"@id\":\"https:\/\/www.csj-emballages.com\/de\/#\/schema\/logo\/image\/\",\"url\":\"https:\/\/www.csj-emballages.com\/wp-content\/uploads\/2023\/10\/logo_csj.webp\",\"contentUrl\":\"https:\/\/www.csj-emballages.com\/wp-content\/uploads\/2023\/10\/logo_csj.webp\",\"width\":250,\"height\":95,\"caption\":\"CSJ Emballages\"},\"image\":{\"@id\":\"https:\/\/www.csj-emballages.com\/de\/#\/schema\/logo\/image\/\"},\"sameAs\":[\"https:\/\/www.facebook.com\/csjemballages\"],\"address\":{\"@type\":\"PostalAddress\",\"streetAddress\":\"ZI La Lechere\",\"addressLocality\":\"Patornay\",\"postalCode\":\"39130\",\"addressCountry\":\"FR\"},\"contactPoint\":[{\"@type\":\"ContactPoint\",\"contactType\":\"Service client\",\"telephone\":\"0384254272\",\"email\":\"contact@csj-emballages.com\"}]}]}<\/script>\n<!-- \/ Yoast SEO Premium plugin. -->","yoast_head_json":{"title":"Fl\u00fcssiges Aroma Banane - 50 ml","description":"Entdecken Sie das fl\u00fcssige Aroma Banane 50 ml: ein nat\u00fcrlicher und vielseitiger Geschmack, um Ihre s\u00fc\u00dfen oder herzhaften Rezepte zu verfeinern. Praktisches Format und einfach zu dosieren","robots":{"index":"index","follow":"follow","max-snippet":"max-snippet:-1","max-image-preview":"max-image-preview:large","max-video-preview":"max-video-preview:-1"},"canonical":"https:\/\/www.csj-emballages.com\/de\/produit\/fluessiges-aroma-banane-50-ml\/","og_locale":"de_DE","og_type":"article","og_title":"Fl\u00fcssiges Aroma Banane 50 ml","og_description":"Entdecken Sie das fl\u00fcssige Aroma Banane 50 ml: ein nat\u00fcrlicher und vielseitiger Geschmack, um Ihre s\u00fc\u00dfen oder herzhaften Rezepte zu verfeinern. Praktisches Format und einfach zu dosieren","og_url":"https:\/\/www.csj-emballages.com\/de\/produit\/fluessiges-aroma-banane-50-ml\/","og_site_name":"CSJ Emballages","article_publisher":"https:\/\/www.facebook.com\/csjemballages","article_modified_time":"2026-04-25T00:10:36+00:00","og_image":[{"width":800,"height":800,"url":"https:\/\/www.csj-emballages.com\/wp-content\/uploads\/2024\/12\/Arome-banane.webp","type":"image\/webp"}],"twitter_card":"summary_large_image","twitter_misc":{"Gesch\u00e4tzte Lesezeit":"3 Minuten"},"schema":{"@context":"https:\/\/schema.org","@graph":[{"@type":"WebPage","@id":"https:\/\/www.csj-emballages.com\/de\/produit\/fluessiges-aroma-banane-50-ml\/","url":"https:\/\/www.csj-emballages.com\/de\/produit\/fluessiges-aroma-banane-50-ml\/","name":"Fl\u00fcssiges Aroma Banane - 50 ml","isPartOf":{"@id":"https:\/\/www.csj-emballages.com\/de\/#website"},"primaryImageOfPage":{"@id":"https:\/\/www.csj-emballages.com\/de\/produit\/fluessiges-aroma-banane-50-ml\/#primaryimage"},"image":{"@id":"https:\/\/www.csj-emballages.com\/de\/produit\/fluessiges-aroma-banane-50-ml\/#primaryimage"},"thumbnailUrl":"https:\/\/www.csj-emballages.com\/wp-content\/uploads\/2024\/12\/Arome-banane.webp","datePublished":"2024-12-19T01:18:22+00:00","dateModified":"2026-04-25T00:10:36+00:00","description":"Entdecken Sie das fl\u00fcssige Aroma Banane 50 ml: ein nat\u00fcrlicher und vielseitiger Geschmack, um Ihre s\u00fc\u00dfen oder herzhaften Rezepte zu verfeinern. Praktisches Format und einfach zu dosieren","breadcrumb":{"@id":"https:\/\/www.csj-emballages.com\/de\/produit\/fluessiges-aroma-banane-50-ml\/#breadcrumb"},"inLanguage":"de","potentialAction":[{"@type":"ReadAction","target":["https:\/\/www.csj-emballages.com\/de\/produit\/fluessiges-aroma-banane-50-ml\/"]}]},{"@type":"ImageObject","inLanguage":"de","@id":"https:\/\/www.csj-emballages.com\/de\/produit\/fluessiges-aroma-banane-50-ml\/#primaryimage","url":"https:\/\/www.csj-emballages.com\/wp-content\/uploads\/2024\/12\/Arome-banane.webp","contentUrl":"https:\/\/www.csj-emballages.com\/wp-content\/uploads\/2024\/12\/Arome-banane.webp","width":800,"height":800,"caption":"ar\u00f4me liquide banane"},{"@type":"BreadcrumbList","@id":"https:\/\/www.csj-emballages.com\/de\/produit\/fluessiges-aroma-banane-50-ml\/#breadcrumb","itemListElement":[{"@type":"ListItem","position":1,"name":"Accueil","item":"https:\/\/www.csj-emballages.com\/de\/universum-lebensmittelverpackungen\/"},{"@type":"ListItem","position":2,"name":"Shop","item":"https:\/\/www.csj-emballages.com\/shop\/"},{"@type":"ListItem","position":3,"name":"Fl\u00fcssiges Aroma Banane 50 ml"}]},{"@type":"WebSite","@id":"https:\/\/www.csj-emballages.com\/de\/#website","url":"https:\/\/www.csj-emballages.com\/de\/","name":"CSJ Emballages","description":"","publisher":{"@id":"https:\/\/www.csj-emballages.com\/de\/#organization"},"potentialAction":[{"@type":"SearchAction","target":{"@type":"EntryPoint","urlTemplate":"https:\/\/www.csj-emballages.com\/de\/?s={search_term_string}"},"query-input":{"@type":"PropertyValueSpecification","valueRequired":true,"valueName":"search_term_string"}}],"inLanguage":"de"},{"@type":"Organization","@id":"https:\/\/www.csj-emballages.com\/de\/#Organization\/","name":"CSJ Emballages","url":"https:\/\/www.csj-emballages.com\/de\/","logo":{"@type":"ImageObject","inLanguage":"de","@id":"https:\/\/www.csj-emballages.com\/de\/#\/schema\/logo\/image\/","url":"https:\/\/www.csj-emballages.com\/wp-content\/uploads\/2023\/10\/logo_csj.webp","contentUrl":"https:\/\/www.csj-emballages.com\/wp-content\/uploads\/2023\/10\/logo_csj.webp","width":250,"height":95,"caption":"CSJ Emballages"},"image":{"@id":"https:\/\/www.csj-emballages.com\/de\/#\/schema\/logo\/image\/"},"sameAs":["https:\/\/www.facebook.com\/csjemballages"],"address":{"@type":"PostalAddress","streetAddress":"ZI La Lechere","addressLocality":"Patornay","postalCode":"39130","addressCountry":"FR"},"contactPoint":[{"@type":"ContactPoint","contactType":"Service client","telephone":"0384254272","email":"contact@csj-emballages.com"}]}]}},"df_price":2.12,"df_sale_price":"","df_regular_price":2.12,"df_image_link":"https:\/\/www.csj-emballages.com\/wp-content\/uploads\/2024\/12\/Arome-banane-300x300.webp","tiered_pricing_type":"fixed","tiered_pricing_fixed_rules":[],"tiered_pricing_percentage_rules":[],"tiered_pricing_minimum":1,"tiered_pricing_roles_data":[],"_links":{"self":[{"href":"https:\/\/www.csj-emballages.com\/de\/wp-json\/wp\/v2\/product\/226057","targetHints":{"allow":["GET"]}}],"collection":[{"href":"https:\/\/www.csj-emballages.com\/de\/wp-json\/wp\/v2\/product"}],"about":[{"href":"https:\/\/www.csj-emballages.com\/de\/wp-json\/wp\/v2\/types\/product"}],"wp:featuredmedia":[{"embeddable":true,"href":"https:\/\/www.csj-emballages.com\/de\/wp-json\/wp\/v2\/media\/218740"}],"wp:attachment":[{"href":"https:\/\/www.csj-emballages.com\/de\/wp-json\/wp\/v2\/media?parent=226057"}],"wp:term":[{"taxonomy":"product_brand","embeddable":true,"href":"https:\/\/www.csj-emballages.com\/de\/wp-json\/wp\/v2\/product_brand?post=226057"},{"taxonomy":"product_cat","embeddable":true,"href":"https:\/\/www.csj-emballages.com\/de\/wp-json\/wp\/v2\/product_cat?post=226057"},{"taxonomy":"product_tag","embeddable":true,"href":"https:\/\/www.csj-emballages.com\/de\/wp-json\/wp\/v2\/product_tag?post=226057"}],"curies":[{"name":"wp","href":"https:\/\/api.w.org\/{rel}","templated":true}]}}