{"id":226051,"date":"2024-12-18T15:01:18","date_gmt":"2024-12-18T14:01:18","guid":{"rendered":"https:\/\/www.csj-emballages.com\/produit\/waffeltraeger-aus-pappe-130-x-110-x-30-pro-100\/"},"modified":"2026-04-28T02:12:22","modified_gmt":"2026-04-28T00:12:22","slug":"waffeltraeger-aus-pappe-130-x-110-x-30-pro-100","status":"publish","type":"product","link":"https:\/\/www.csj-emballages.com\/de\/produit\/waffeltraeger-aus-pappe-130-x-110-x-30-pro-100\/","title":{"rendered":"Waffeltr\u00e4ger aus Pappe 130 x 110 x 30 pro 100"},"content":{"rendered":"<h2>Waffelhalter<\/h2>\n<hr>\n<h3>Beschreibung unserer Waffelunterlage aus Karton pro 100 St\u00fcck<\/h3>\n<p><!--more--><\/p>\n<div class=\"flex max-w-full flex-col flex-grow\">\n<div class=\"min-h-8 text-message flex w-full flex-col items-end gap-2 whitespace-normal break-words text-start [.text-message+&amp;]:mt-5\" dir=\"auto\" data-message-author-role=\"assistant\" data-message-id=\"dd802632-1ba8-42e4-a93a-3aedf8fd8d3b\" data-message-model-slug=\"gpt-4o-mini\">\n<div class=\"flex w-full flex-col gap-1 empty:hidden first:pt-[3px]\">\n<div class=\"markdown prose w-full break-words dark:prose-invert dark\">\n<div class=\"flex max-w-full flex-col flex-grow\">\n<div class=\"min-h-8 text-message flex w-full flex-col items-end gap-2 whitespace-normal break-words text-start [.text-message+&amp;]:mt-5\" dir=\"auto\" data-message-author-role=\"assistant\" data-message-id=\"dcee9ac0-31e1-4c83-b1b6-cbf4bcbe00c2\" data-message-model-slug=\"gpt-4o-mini\">\n<div class=\"flex w-full flex-col gap-1 empty:hidden first:pt-[3px]\">\n<div class=\"markdown prose w-full break-words dark:prose-invert dark\">\n<p data-start=\"269\" data-end=\"667\">Beim Servieren einer Waffel kommt es auf die Details an. Dieser <strong data-start=\"329\" data-end=\"375\">Waffelhalter aus Karton 130 x 110 x 30 mm<\/strong> wurde speziell entwickelt, um den Service einfacher, sauberer und angenehmer zu gestalten, sowohl f\u00fcr Sie als auch f\u00fcr Ihre Kunden. Er h\u00e4lt die <strong>Waffel<\/strong> perfekt an Ort und Stelle, ohne sie zu zerdr\u00fccken, und l\u00e4sst dabei gen\u00fcgend Platz f\u00fcr die Zugabe von <strong>Zucker<\/strong>, <strong>Schokolade<\/strong> oder <strong>anderen leckeren Toppings<\/strong>.  <\/p>\n<p data-start=\"669\" data-end=\"1041\">Dank seiner vorne offenen Form l\u00e4sst sich die <strong>Waffel<\/strong> leicht greifen und genie\u00dfen. Der Kunde kann in Ruhe essen, ohne sich die Finger schmutzig zu machen, was ideal f\u00fcr den Au\u00dfer-Haus-Verkauf, St\u00e4nde, Food-Trucks oder kulinarische Events ist. Ebenso bietet der <strong>stabile<\/strong> <strong>Karton<\/strong> einen guten Halt: Der <strong>Halter<\/strong> verformt sich nicht und bewahrt eine saubere Pr\u00e4sentation von Anfang bis Ende.  <\/p>\n<p data-start=\"1043\" data-end=\"1282\">Ein weiterer wichtiger Punkt ist, dass dieser <strong>Waffelhalter<\/strong> Zeit spart. Keine komplizierte Verpackung n\u00f6tig; Sie schieben die <strong>Waffel<\/strong> einfach hinein, und schon ist sie servierbereit. Das ist ein echter Vorteil in Sto\u00dfzeiten, wenn jede Sekunde z\u00e4hlt.  <\/p>\n<p data-start=\"1284\" data-end=\"1556\">Erh\u00e4ltlich <strong data-start=\"1290\" data-end=\"1308\">im 100er-Pack<\/strong>, ist dieses Format perfekt, um Ihren Lagerbestand zu verwalten, ohne Ihren Platz zu \u00fcberladen. Es eignet sich sowohl f\u00fcr klassische Waffeln als auch f\u00fcr gro\u00dfz\u00fcgigere Versionen. Einfach, effizient und diskret, hebt es vor allem das hervor, was wirklich z\u00e4hlt: Ihr Produkt.  <\/p>\n<p data-start=\"1558\" data-end=\"1722\">Zusammenfassend ist dieser <strong>Waffelhalter<\/strong> eine praktische und zuverl\u00e4ssige L\u00f6sung, um einen sauberen, schnellen und angenehmen Verzehr zu erm\u00f6glichen, w\u00e4hrend eine gepflegte Pr\u00e4sentation erhalten bleibt.<\/p>\n<\/div>\n<\/div>\n<\/div>\n<\/div>\n<\/div>\n<\/div>\n<\/div>\n<\/div>\n<p>&nbsp;<\/p>\n<p style=\"text-align: right;\"><!--more--><\/p>\n<h4>Vorteile :<\/h4>\n<ul>\n<li data-start=\"1750\" data-end=\"1780\">Stabiler Halt der <strong>Waffel<\/strong>.<\/li>\n<li data-start=\"1783\" data-end=\"1814\">Schneller und m\u00fcheloser Service.<\/li>\n<li data-start=\"1817\" data-end=\"1844\"><strong>Stabiler Karton<\/strong> und praktisch.<\/li>\n<li data-start=\"1847\" data-end=\"1879\">Ideal f\u00fcr den Au\u00dfer-Haus-Verkauf.<\/li>\n<li data-start=\"1882\" data-end=\"1912\">Sparset mit <strong>100 St\u00fcck<\/strong>.<\/li>\n<\/ul>\n<p>&nbsp;<\/p>\n<p><!--more--><\/p>\n<h4>Weitere Informationen :<\/h4>\n<ul>\n<li><strong>Verpackung<\/strong>: Packung mit 100 St\u00fcck<\/li>\n<li><strong>Abmessungen<\/strong>: 130 x 110 x 30 (L x B x H in mm)<\/li>\n<li><strong>Material<\/strong>: Karton<\/li>\n<li><strong>Farbe<\/strong>: Wei\u00df<\/li>\n<\/ul>\n<p>&nbsp;<\/p>\n<p><!--more--><\/p>\n<p><a href=\"https:\/\/www.csj-emballages.com\/es\/produit\/soporte-de-carton-para-gofres-130-x-110-x-30-por-100\/\">Sehen Sie sich den Rest unseres Sortiments an gerillten Medien an<\/a><\/p>\n","protected":false},"excerpt":{"rendered":"<p>Waffelhalter Beschreibung unserer Waffelunterlage aus Karton pro 100 St\u00fcck<\/p>\n","protected":false},"featured_media":259903,"template":"","meta":{"_acf_changed":false},"product_brand":[],"product_cat":[1137,1171,1925,2253,1134,3977,2531],"product_tag":[],"class_list":{"0":"post-226051","1":"product","2":"type-product","3":"status-publish","4":"has-post-thumbnail","6":"product_cat-lebensmittelverpackungen","7":"product_cat-backerei-und-konditorei","8":"product_cat-kuchensohlenhalter","9":"product_cat-gerillte-quadrate","10":"product_cat-restauration-de","11":"product_cat-unterstutzung","12":"product_cat-quadratische-unterlagen","14":"first","15":"instock","16":"taxable","17":"shipping-taxable","18":"purchasable","19":"product-type-simple"},"acf":[],"yoast_head":"<!-- This site is optimized with the Yoast SEO Premium plugin v26.6 (Yoast SEO v26.6) - https:\/\/yoast.com\/wordpress\/plugins\/seo\/ -->\n<title>Waffeltr\u00e4ger aus Karton - 130 x 110 x 30 mm<\/title>\n<meta name=\"description\" content=\"Waffelhalter aus Karton, 130x110x30 mm, im 100er-Pack. Praktisch, stabil und ideal f\u00fcr den Au\u00dfer-Haus-Verkauf sowie kulinarische Events.\" \/>\n<meta name=\"robots\" content=\"index, follow, max-snippet:-1, max-image-preview:large, max-video-preview:-1\" \/>\n<link rel=\"canonical\" href=\"https:\/\/www.csj-emballages.com\/de\/produit\/waffeltraeger-aus-pappe-130-x-110-x-30-pro-100\/\" \/>\n<meta property=\"og:locale\" content=\"de_DE\" \/>\n<meta property=\"og:type\" content=\"article\" \/>\n<meta property=\"og:title\" content=\"Waffeltr\u00e4ger aus Pappe 130 x 110 x 30 pro 100\" \/>\n<meta property=\"og:description\" content=\"Waffelhalter aus Karton, 130x110x30 mm, im 100er-Pack. Praktisch, stabil und ideal f\u00fcr den Au\u00dfer-Haus-Verkauf sowie kulinarische Events.\" \/>\n<meta property=\"og:url\" content=\"https:\/\/www.csj-emballages.com\/de\/produit\/waffeltraeger-aus-pappe-130-x-110-x-30-pro-100\/\" \/>\n<meta property=\"og:site_name\" content=\"CSJ Emballages\" \/>\n<meta property=\"article:publisher\" content=\"https:\/\/www.facebook.com\/csjemballages\" \/>\n<meta property=\"article:modified_time\" content=\"2026-04-28T00:12:22+00:00\" \/>\n<meta property=\"og:image\" content=\"https:\/\/www.csj-emballages.com\/wp-content\/uploads\/2024\/12\/BPGAUF.webp\" \/>\n\t<meta property=\"og:image:width\" content=\"800\" \/>\n\t<meta property=\"og:image:height\" content=\"800\" \/>\n\t<meta property=\"og:image:type\" content=\"image\/webp\" \/>\n<meta name=\"twitter:card\" content=\"summary_large_image\" \/>\n<meta name=\"twitter:label1\" content=\"Gesch\u00e4tzte Lesezeit\" \/>\n\t<meta name=\"twitter:data1\" content=\"2 Minuten\" \/>\n<script type=\"application\/ld+json\" class=\"yoast-schema-graph\">{\"@context\":\"https:\/\/schema.org\",\"@graph\":[{\"@type\":\"WebPage\",\"@id\":\"https:\/\/www.csj-emballages.com\/de\/produit\/waffeltraeger-aus-pappe-130-x-110-x-30-pro-100\/\",\"url\":\"https:\/\/www.csj-emballages.com\/de\/produit\/waffeltraeger-aus-pappe-130-x-110-x-30-pro-100\/\",\"name\":\"Waffeltr\u00e4ger aus Karton - 130 x 110 x 30 mm\",\"isPartOf\":{\"@id\":\"https:\/\/www.csj-emballages.com\/de\/#website\"},\"primaryImageOfPage\":{\"@id\":\"https:\/\/www.csj-emballages.com\/de\/produit\/waffeltraeger-aus-pappe-130-x-110-x-30-pro-100\/#primaryimage\"},\"image\":{\"@id\":\"https:\/\/www.csj-emballages.com\/de\/produit\/waffeltraeger-aus-pappe-130-x-110-x-30-pro-100\/#primaryimage\"},\"thumbnailUrl\":\"https:\/\/www.csj-emballages.com\/wp-content\/uploads\/2024\/12\/BPGAUF.webp\",\"datePublished\":\"2024-12-18T14:01:18+00:00\",\"dateModified\":\"2026-04-28T00:12:22+00:00\",\"description\":\"Waffelhalter aus Karton, 130x110x30 mm, im 100er-Pack. Praktisch, stabil und ideal f\u00fcr den Au\u00dfer-Haus-Verkauf sowie kulinarische Events.\",\"breadcrumb\":{\"@id\":\"https:\/\/www.csj-emballages.com\/de\/produit\/waffeltraeger-aus-pappe-130-x-110-x-30-pro-100\/#breadcrumb\"},\"inLanguage\":\"de\",\"potentialAction\":[{\"@type\":\"ReadAction\",\"target\":[\"https:\/\/www.csj-emballages.com\/de\/produit\/waffeltraeger-aus-pappe-130-x-110-x-30-pro-100\/\"]}]},{\"@type\":\"ImageObject\",\"inLanguage\":\"de\",\"@id\":\"https:\/\/www.csj-emballages.com\/de\/produit\/waffeltraeger-aus-pappe-130-x-110-x-30-pro-100\/#primaryimage\",\"url\":\"https:\/\/www.csj-emballages.com\/wp-content\/uploads\/2024\/12\/BPGAUF.webp\",\"contentUrl\":\"https:\/\/www.csj-emballages.com\/wp-content\/uploads\/2024\/12\/BPGAUF.webp\",\"width\":800,\"height\":800,\"caption\":\"support gaufre\"},{\"@type\":\"BreadcrumbList\",\"@id\":\"https:\/\/www.csj-emballages.com\/de\/produit\/waffeltraeger-aus-pappe-130-x-110-x-30-pro-100\/#breadcrumb\",\"itemListElement\":[{\"@type\":\"ListItem\",\"position\":1,\"name\":\"Accueil\",\"item\":\"https:\/\/www.csj-emballages.com\/de\/universum-lebensmittelverpackungen\/\"},{\"@type\":\"ListItem\",\"position\":2,\"name\":\"Shop\",\"item\":\"https:\/\/www.csj-emballages.com\/shop\/\"},{\"@type\":\"ListItem\",\"position\":3,\"name\":\"Waffeltr\u00e4ger aus Pappe 130 x 110 x 30 pro 100\"}]},{\"@type\":\"WebSite\",\"@id\":\"https:\/\/www.csj-emballages.com\/de\/#website\",\"url\":\"https:\/\/www.csj-emballages.com\/de\/\",\"name\":\"CSJ Emballages\",\"description\":\"\",\"publisher\":{\"@id\":\"https:\/\/www.csj-emballages.com\/de\/#organization\"},\"potentialAction\":[{\"@type\":\"SearchAction\",\"target\":{\"@type\":\"EntryPoint\",\"urlTemplate\":\"https:\/\/www.csj-emballages.com\/de\/?s={search_term_string}\"},\"query-input\":{\"@type\":\"PropertyValueSpecification\",\"valueRequired\":true,\"valueName\":\"search_term_string\"}}],\"inLanguage\":\"de\"},{\"@type\":\"Organization\",\"@id\":\"https:\/\/www.csj-emballages.com\/de\/#Organization\/\",\"name\":\"CSJ Emballages\",\"url\":\"https:\/\/www.csj-emballages.com\/de\/\",\"logo\":{\"@type\":\"ImageObject\",\"inLanguage\":\"de\",\"@id\":\"https:\/\/www.csj-emballages.com\/de\/#\/schema\/logo\/image\/\",\"url\":\"https:\/\/www.csj-emballages.com\/wp-content\/uploads\/2023\/10\/logo_csj.webp\",\"contentUrl\":\"https:\/\/www.csj-emballages.com\/wp-content\/uploads\/2023\/10\/logo_csj.webp\",\"width\":250,\"height\":95,\"caption\":\"CSJ Emballages\"},\"image\":{\"@id\":\"https:\/\/www.csj-emballages.com\/de\/#\/schema\/logo\/image\/\"},\"sameAs\":[\"https:\/\/www.facebook.com\/csjemballages\"],\"address\":{\"@type\":\"PostalAddress\",\"streetAddress\":\"ZI La Lechere\",\"addressLocality\":\"Patornay\",\"postalCode\":\"39130\",\"addressCountry\":\"FR\"},\"contactPoint\":[{\"@type\":\"ContactPoint\",\"contactType\":\"Service client\",\"telephone\":\"0384254272\",\"email\":\"contact@csj-emballages.com\"}]}]}<\/script>\n<!-- \/ Yoast SEO Premium plugin. -->","yoast_head_json":{"title":"Waffeltr\u00e4ger aus Karton - 130 x 110 x 30 mm","description":"Waffelhalter aus Karton, 130x110x30 mm, im 100er-Pack. Praktisch, stabil und ideal f\u00fcr den Au\u00dfer-Haus-Verkauf sowie kulinarische Events.","robots":{"index":"index","follow":"follow","max-snippet":"max-snippet:-1","max-image-preview":"max-image-preview:large","max-video-preview":"max-video-preview:-1"},"canonical":"https:\/\/www.csj-emballages.com\/de\/produit\/waffeltraeger-aus-pappe-130-x-110-x-30-pro-100\/","og_locale":"de_DE","og_type":"article","og_title":"Waffeltr\u00e4ger aus Pappe 130 x 110 x 30 pro 100","og_description":"Waffelhalter aus Karton, 130x110x30 mm, im 100er-Pack. Praktisch, stabil und ideal f\u00fcr den Au\u00dfer-Haus-Verkauf sowie kulinarische Events.","og_url":"https:\/\/www.csj-emballages.com\/de\/produit\/waffeltraeger-aus-pappe-130-x-110-x-30-pro-100\/","og_site_name":"CSJ Emballages","article_publisher":"https:\/\/www.facebook.com\/csjemballages","article_modified_time":"2026-04-28T00:12:22+00:00","og_image":[{"width":800,"height":800,"url":"https:\/\/www.csj-emballages.com\/wp-content\/uploads\/2024\/12\/BPGAUF.webp","type":"image\/webp"}],"twitter_card":"summary_large_image","twitter_misc":{"Gesch\u00e4tzte Lesezeit":"2 Minuten"},"schema":{"@context":"https:\/\/schema.org","@graph":[{"@type":"WebPage","@id":"https:\/\/www.csj-emballages.com\/de\/produit\/waffeltraeger-aus-pappe-130-x-110-x-30-pro-100\/","url":"https:\/\/www.csj-emballages.com\/de\/produit\/waffeltraeger-aus-pappe-130-x-110-x-30-pro-100\/","name":"Waffeltr\u00e4ger aus Karton - 130 x 110 x 30 mm","isPartOf":{"@id":"https:\/\/www.csj-emballages.com\/de\/#website"},"primaryImageOfPage":{"@id":"https:\/\/www.csj-emballages.com\/de\/produit\/waffeltraeger-aus-pappe-130-x-110-x-30-pro-100\/#primaryimage"},"image":{"@id":"https:\/\/www.csj-emballages.com\/de\/produit\/waffeltraeger-aus-pappe-130-x-110-x-30-pro-100\/#primaryimage"},"thumbnailUrl":"https:\/\/www.csj-emballages.com\/wp-content\/uploads\/2024\/12\/BPGAUF.webp","datePublished":"2024-12-18T14:01:18+00:00","dateModified":"2026-04-28T00:12:22+00:00","description":"Waffelhalter aus Karton, 130x110x30 mm, im 100er-Pack. Praktisch, stabil und ideal f\u00fcr den Au\u00dfer-Haus-Verkauf sowie kulinarische Events.","breadcrumb":{"@id":"https:\/\/www.csj-emballages.com\/de\/produit\/waffeltraeger-aus-pappe-130-x-110-x-30-pro-100\/#breadcrumb"},"inLanguage":"de","potentialAction":[{"@type":"ReadAction","target":["https:\/\/www.csj-emballages.com\/de\/produit\/waffeltraeger-aus-pappe-130-x-110-x-30-pro-100\/"]}]},{"@type":"ImageObject","inLanguage":"de","@id":"https:\/\/www.csj-emballages.com\/de\/produit\/waffeltraeger-aus-pappe-130-x-110-x-30-pro-100\/#primaryimage","url":"https:\/\/www.csj-emballages.com\/wp-content\/uploads\/2024\/12\/BPGAUF.webp","contentUrl":"https:\/\/www.csj-emballages.com\/wp-content\/uploads\/2024\/12\/BPGAUF.webp","width":800,"height":800,"caption":"support gaufre"},{"@type":"BreadcrumbList","@id":"https:\/\/www.csj-emballages.com\/de\/produit\/waffeltraeger-aus-pappe-130-x-110-x-30-pro-100\/#breadcrumb","itemListElement":[{"@type":"ListItem","position":1,"name":"Accueil","item":"https:\/\/www.csj-emballages.com\/de\/universum-lebensmittelverpackungen\/"},{"@type":"ListItem","position":2,"name":"Shop","item":"https:\/\/www.csj-emballages.com\/shop\/"},{"@type":"ListItem","position":3,"name":"Waffeltr\u00e4ger aus Pappe 130 x 110 x 30 pro 100"}]},{"@type":"WebSite","@id":"https:\/\/www.csj-emballages.com\/de\/#website","url":"https:\/\/www.csj-emballages.com\/de\/","name":"CSJ Emballages","description":"","publisher":{"@id":"https:\/\/www.csj-emballages.com\/de\/#organization"},"potentialAction":[{"@type":"SearchAction","target":{"@type":"EntryPoint","urlTemplate":"https:\/\/www.csj-emballages.com\/de\/?s={search_term_string}"},"query-input":{"@type":"PropertyValueSpecification","valueRequired":true,"valueName":"search_term_string"}}],"inLanguage":"de"},{"@type":"Organization","@id":"https:\/\/www.csj-emballages.com\/de\/#Organization\/","name":"CSJ Emballages","url":"https:\/\/www.csj-emballages.com\/de\/","logo":{"@type":"ImageObject","inLanguage":"de","@id":"https:\/\/www.csj-emballages.com\/de\/#\/schema\/logo\/image\/","url":"https:\/\/www.csj-emballages.com\/wp-content\/uploads\/2023\/10\/logo_csj.webp","contentUrl":"https:\/\/www.csj-emballages.com\/wp-content\/uploads\/2023\/10\/logo_csj.webp","width":250,"height":95,"caption":"CSJ Emballages"},"image":{"@id":"https:\/\/www.csj-emballages.com\/de\/#\/schema\/logo\/image\/"},"sameAs":["https:\/\/www.facebook.com\/csjemballages"],"address":{"@type":"PostalAddress","streetAddress":"ZI La Lechere","addressLocality":"Patornay","postalCode":"39130","addressCountry":"FR"},"contactPoint":[{"@type":"ContactPoint","contactType":"Service client","telephone":"0384254272","email":"contact@csj-emballages.com"}]}]}},"df_price":7.18,"df_sale_price":"","df_regular_price":7.18,"df_image_link":"https:\/\/www.csj-emballages.com\/wp-content\/uploads\/2024\/12\/BPGAUF-300x300.webp","tiered_pricing_type":"fixed","tiered_pricing_fixed_rules":[],"tiered_pricing_percentage_rules":[],"tiered_pricing_minimum":1,"tiered_pricing_roles_data":[],"_links":{"self":[{"href":"https:\/\/www.csj-emballages.com\/de\/wp-json\/wp\/v2\/product\/226051","targetHints":{"allow":["GET"]}}],"collection":[{"href":"https:\/\/www.csj-emballages.com\/de\/wp-json\/wp\/v2\/product"}],"about":[{"href":"https:\/\/www.csj-emballages.com\/de\/wp-json\/wp\/v2\/types\/product"}],"wp:featuredmedia":[{"embeddable":true,"href":"https:\/\/www.csj-emballages.com\/de\/wp-json\/wp\/v2\/media\/259903"}],"wp:attachment":[{"href":"https:\/\/www.csj-emballages.com\/de\/wp-json\/wp\/v2\/media?parent=226051"}],"wp:term":[{"taxonomy":"product_brand","embeddable":true,"href":"https:\/\/www.csj-emballages.com\/de\/wp-json\/wp\/v2\/product_brand?post=226051"},{"taxonomy":"product_cat","embeddable":true,"href":"https:\/\/www.csj-emballages.com\/de\/wp-json\/wp\/v2\/product_cat?post=226051"},{"taxonomy":"product_tag","embeddable":true,"href":"https:\/\/www.csj-emballages.com\/de\/wp-json\/wp\/v2\/product_tag?post=226051"}],"curies":[{"name":"wp","href":"https:\/\/api.w.org\/{rel}","templated":true}]}}