{"id":22605,"date":"2024-03-01T16:50:29","date_gmt":"2024-03-01T15:50:29","guid":{"rendered":"https:\/\/u15jnbdpoq.preview.infomaniak.website\/produit\/50-runde-toepfe-kraft-1000-ml\/"},"modified":"2025-02-11T02:16:47","modified_gmt":"2025-02-11T01:16:47","slug":"50-runde-toepfe-kraft-1000-ml","status":"publish","type":"product","link":"https:\/\/www.csj-emballages.com\/de\/produit\/50-runde-toepfe-kraft-1000-ml\/","title":{"rendered":"50 pots ronds kraft 960 ml"},"content":{"rendered":"\n<p><span>Salatgl\u00e4ser Kraft 1000 ml&nbsp;<\/span><\/p>\n<p><span>&nbsp;<\/span><\/p>\n<p><span>Beschreibung<\/span><\/p>\n<p><span>&nbsp;<\/span><\/p>\n<p><span>Entdecken Sie unsere Salatt\u00f6pfe<\/span><\/p>\n<p><span>&nbsp;<\/span><\/p>\n<p><span>Diese Sch\u00fcssel aus Kraftkarton eignet sich hervorragend f\u00fcr Restaurants, Imbisse, Vereine, Schnellrestaurants oder \u00e4hnliches.&nbsp;mit Druck durch&nbsp;Dieser Topf erm\u00f6glicht Ihnen eine perfekte Abdichtung und Konservierung Ihres Gerichts, er h\u00e4lt es warm und ist ein extrem leichtes und recycelbares Material, was ihn zu einer bevorzugten Verpackung macht.<\/span><\/p>\n<p><span>&nbsp;<\/span><\/p>\n<p><span>M\u00f6glichkeit, sie \u00fcbereinander zu stapeln<\/span><\/p>\n<p><span>&nbsp;<\/span><\/p>\n<p><span><span>Deckel separat erh\u00e4ltlich Artikelnummer COUVPO1000K<\/span><\/span><\/p>\n<p><span>&nbsp;<\/span><\/p>\n<p><span><span>Entdecken Sie den Rest unseres Sortiments an Salatbechern<\/span><\/span><\/p>\n<p><span>&nbsp;<\/span><\/p>\n<p><span>Eigenschaften der Kraft Salatt\u00f6pfe<\/span><\/p>\n<p><span>&nbsp;<\/span><\/p>\n<ul style=\"margin-top:0;margin-bottom:0\">\n<li><span>Verkauft an Fachleute \/ Privatpersonen<\/span><\/li>\n<li><span>Au\u00dfendurchmesser: 165 mm<\/span><\/li>\n<li><span>Innendurchmesser: 141 mm<\/span><\/li>\n<li><span>H\u00f6he: 63 mm<\/span><\/li>\n<li><span>Verpackung : Packung mit 50 Gl\u00e4sern<\/span><\/li>\n<li><span>In Schutzfolie verpackt, um eine bessere Lagerung und einen besseren Schutz zu gew\u00e4hrleisten.<\/span><\/li>\n<li><span>Material: Kraftkarton<\/span><\/li>\n<\/ul>\n<p><span>&nbsp;<\/span><\/p>\n<p><span>Entscheiden Sie sich f\u00fcr die Kraft-T\u00f6pfe Salat<\/span><\/p>\n","protected":false},"excerpt":{"rendered":"<p>Salatgl\u00e4ser Kraft 1000 ml&nbsp; &nbsp; Beschreibung &nbsp; Entdecken Sie unsere Salatt\u00f6pfe &nbsp; Diese Sch\u00fcssel aus Kraftkarton eignet sich hervorragend f\u00fcr Restaurants, Imbisse, Vereine, Schnellrestaurants oder \u00e4hnliches.&nbsp;mit Druck durch&nbsp;Dieser Topf erm\u00f6glicht Ihnen eine perfekte Abdichtung und Konservierung Ihres Gerichts, er h\u00e4lt es warm und ist ein extrem leichtes und recycelbares Material, was ihn zu einer bevorzugten [&hellip;]<\/p>\n","protected":false},"featured_media":8183,"template":"","meta":{"_acf_changed":false},"product_brand":[],"product_cat":[1134,3149],"product_tag":[],"class_list":{"0":"post-22605","1":"product","2":"type-product","3":"status-publish","4":"has-post-thumbnail","6":"product_cat-restauration-de","7":"product_cat-kraft-salattopfe","9":"first","10":"instock","11":"taxable","12":"shipping-taxable","13":"purchasable","14":"product-type-simple"},"acf":[],"yoast_head":"<!-- This site is optimized with the Yoast SEO Premium plugin v26.6 (Yoast SEO v26.6) - https:\/\/yoast.com\/wordpress\/plugins\/seo\/ -->\n<title>50 Runde Einweggl\u00e4ser Kraft 1000 ml \/ csj-verpackungen-com<\/title>\n<meta name=\"description\" content=\"Kaufen Sie Einweg Kraft Salatt\u00f6pfe aus Karton! Entscheiden Sie sich f\u00fcr eine Packung mit 50 runden Einwegt\u00f6pfen, die widerstandsf\u00e4hig, qualitativ hochwertig und preisg\u00fcnstig sind.\" \/>\n<meta name=\"robots\" content=\"index, follow, max-snippet:-1, max-image-preview:large, max-video-preview:-1\" \/>\n<link rel=\"canonical\" href=\"https:\/\/www.csj-emballages.com\/de\/produit\/50-runde-toepfe-kraft-1000-ml\/\" \/>\n<meta property=\"og:locale\" content=\"de_DE\" \/>\n<meta property=\"og:type\" content=\"article\" \/>\n<meta property=\"og:title\" content=\"50 pots ronds kraft 960 ml\" \/>\n<meta property=\"og:description\" content=\"Kaufen Sie Einweg Kraft Salatt\u00f6pfe aus Karton! Entscheiden Sie sich f\u00fcr eine Packung mit 50 runden Einwegt\u00f6pfen, die widerstandsf\u00e4hig, qualitativ hochwertig und preisg\u00fcnstig sind.\" \/>\n<meta property=\"og:url\" content=\"https:\/\/www.csj-emballages.com\/de\/produit\/50-runde-toepfe-kraft-1000-ml\/\" \/>\n<meta property=\"og:site_name\" content=\"CSJ Emballages\" \/>\n<meta property=\"article:publisher\" content=\"https:\/\/www.facebook.com\/csjemballages\" \/>\n<meta property=\"article:modified_time\" content=\"2025-02-11T01:16:47+00:00\" \/>\n<meta property=\"og:image\" content=\"https:\/\/www.csj-emballages.com\/wp-content\/uploads\/2024\/03\/pots-kraft-salade-carton-emporter-grossiste-csj-emballages-zoom-jpg.webp\" \/>\n\t<meta property=\"og:image:width\" content=\"800\" \/>\n\t<meta property=\"og:image:height\" content=\"800\" \/>\n\t<meta property=\"og:image:type\" content=\"image\/jpeg\" \/>\n<meta name=\"twitter:card\" content=\"summary_large_image\" \/>\n<meta name=\"twitter:label1\" content=\"Gesch\u00e4tzte Lesezeit\" \/>\n\t<meta name=\"twitter:data1\" content=\"1\u00a0Minute\" \/>\n<script type=\"application\/ld+json\" class=\"yoast-schema-graph\">{\"@context\":\"https:\/\/schema.org\",\"@graph\":[{\"@type\":\"WebPage\",\"@id\":\"https:\/\/www.csj-emballages.com\/de\/produit\/50-runde-toepfe-kraft-1000-ml\/\",\"url\":\"https:\/\/www.csj-emballages.com\/de\/produit\/50-runde-toepfe-kraft-1000-ml\/\",\"name\":\"50 Runde Einweggl\u00e4ser Kraft 1000 ml \/ csj-verpackungen-com\",\"isPartOf\":{\"@id\":\"https:\/\/www.csj-emballages.com\/de\/#website\"},\"primaryImageOfPage\":{\"@id\":\"https:\/\/www.csj-emballages.com\/de\/produit\/50-runde-toepfe-kraft-1000-ml\/#primaryimage\"},\"image\":{\"@id\":\"https:\/\/www.csj-emballages.com\/de\/produit\/50-runde-toepfe-kraft-1000-ml\/#primaryimage\"},\"thumbnailUrl\":\"https:\/\/www.csj-emballages.com\/wp-content\/uploads\/2024\/03\/pots-kraft-salade-carton-emporter-grossiste-csj-emballages-zoom-jpg.webp\",\"datePublished\":\"2024-03-01T15:50:29+00:00\",\"dateModified\":\"2025-02-11T01:16:47+00:00\",\"description\":\"Kaufen Sie Einweg Kraft Salatt\u00f6pfe aus Karton! Entscheiden Sie sich f\u00fcr eine Packung mit 50 runden Einwegt\u00f6pfen, die widerstandsf\u00e4hig, qualitativ hochwertig und preisg\u00fcnstig sind.\",\"breadcrumb\":{\"@id\":\"https:\/\/www.csj-emballages.com\/de\/produit\/50-runde-toepfe-kraft-1000-ml\/#breadcrumb\"},\"inLanguage\":\"de\",\"potentialAction\":[{\"@type\":\"ReadAction\",\"target\":[\"https:\/\/www.csj-emballages.com\/de\/produit\/50-runde-toepfe-kraft-1000-ml\/\"]}]},{\"@type\":\"ImageObject\",\"inLanguage\":\"de\",\"@id\":\"https:\/\/www.csj-emballages.com\/de\/produit\/50-runde-toepfe-kraft-1000-ml\/#primaryimage\",\"url\":\"https:\/\/www.csj-emballages.com\/wp-content\/uploads\/2024\/03\/pots-kraft-salade-carton-emporter-grossiste-csj-emballages-zoom-jpg.webp\",\"contentUrl\":\"https:\/\/www.csj-emballages.com\/wp-content\/uploads\/2024\/03\/pots-kraft-salade-carton-emporter-grossiste-csj-emballages-zoom-jpg.webp\",\"width\":800,\"height\":800},{\"@type\":\"BreadcrumbList\",\"@id\":\"https:\/\/www.csj-emballages.com\/de\/produit\/50-runde-toepfe-kraft-1000-ml\/#breadcrumb\",\"itemListElement\":[{\"@type\":\"ListItem\",\"position\":1,\"name\":\"Accueil\",\"item\":\"https:\/\/www.csj-emballages.com\/de\/universum-lebensmittelverpackungen\/\"},{\"@type\":\"ListItem\",\"position\":2,\"name\":\"Shop\",\"item\":\"https:\/\/www.csj-emballages.com\/shop\/\"},{\"@type\":\"ListItem\",\"position\":3,\"name\":\"50 runde T\u00f6pfe Kraft 1000 ml\"}]},{\"@type\":\"WebSite\",\"@id\":\"https:\/\/www.csj-emballages.com\/de\/#website\",\"url\":\"https:\/\/www.csj-emballages.com\/de\/\",\"name\":\"CSJ Emballages\",\"description\":\"\",\"publisher\":{\"@id\":\"https:\/\/www.csj-emballages.com\/de\/#organization\"},\"potentialAction\":[{\"@type\":\"SearchAction\",\"target\":{\"@type\":\"EntryPoint\",\"urlTemplate\":\"https:\/\/www.csj-emballages.com\/de\/?s={search_term_string}\"},\"query-input\":{\"@type\":\"PropertyValueSpecification\",\"valueRequired\":true,\"valueName\":\"search_term_string\"}}],\"inLanguage\":\"de\"},{\"@type\":\"Organization\",\"@id\":\"https:\/\/www.csj-emballages.com\/de\/#Organization\/\",\"name\":\"CSJ Emballages\",\"url\":\"https:\/\/www.csj-emballages.com\/de\/\",\"logo\":{\"@type\":\"ImageObject\",\"inLanguage\":\"de\",\"@id\":\"https:\/\/www.csj-emballages.com\/de\/#\/schema\/logo\/image\/\",\"url\":\"https:\/\/www.csj-emballages.com\/wp-content\/uploads\/2023\/10\/logo_csj.webp\",\"contentUrl\":\"https:\/\/www.csj-emballages.com\/wp-content\/uploads\/2023\/10\/logo_csj.webp\",\"width\":250,\"height\":95,\"caption\":\"CSJ Emballages\"},\"image\":{\"@id\":\"https:\/\/www.csj-emballages.com\/de\/#\/schema\/logo\/image\/\"},\"sameAs\":[\"https:\/\/www.facebook.com\/csjemballages\"],\"address\":{\"@type\":\"PostalAddress\",\"streetAddress\":\"ZI La Lechere\",\"addressLocality\":\"Patornay\",\"postalCode\":\"39130\",\"addressCountry\":\"FR\"},\"contactPoint\":[{\"@type\":\"ContactPoint\",\"contactType\":\"Service client\",\"telephone\":\"0384254272\",\"email\":\"contact@csj-emballages.com\"}]}]}<\/script>\n<!-- \/ Yoast SEO Premium plugin. -->","yoast_head_json":{"title":"50 Runde Einweggl\u00e4ser Kraft 1000 ml \/ csj-verpackungen-com","description":"Kaufen Sie Einweg Kraft Salatt\u00f6pfe aus Karton! Entscheiden Sie sich f\u00fcr eine Packung mit 50 runden Einwegt\u00f6pfen, die widerstandsf\u00e4hig, qualitativ hochwertig und preisg\u00fcnstig sind.","robots":{"index":"index","follow":"follow","max-snippet":"max-snippet:-1","max-image-preview":"max-image-preview:large","max-video-preview":"max-video-preview:-1"},"canonical":"https:\/\/www.csj-emballages.com\/de\/produit\/50-runde-toepfe-kraft-1000-ml\/","og_locale":"de_DE","og_type":"article","og_title":"50 pots ronds kraft 960 ml","og_description":"Kaufen Sie Einweg Kraft Salatt\u00f6pfe aus Karton! Entscheiden Sie sich f\u00fcr eine Packung mit 50 runden Einwegt\u00f6pfen, die widerstandsf\u00e4hig, qualitativ hochwertig und preisg\u00fcnstig sind.","og_url":"https:\/\/www.csj-emballages.com\/de\/produit\/50-runde-toepfe-kraft-1000-ml\/","og_site_name":"CSJ Emballages","article_publisher":"https:\/\/www.facebook.com\/csjemballages","article_modified_time":"2025-02-11T01:16:47+00:00","og_image":[{"width":800,"height":800,"url":"https:\/\/www.csj-emballages.com\/wp-content\/uploads\/2024\/03\/pots-kraft-salade-carton-emporter-grossiste-csj-emballages-zoom-jpg.webp","type":"image\/jpeg"}],"twitter_card":"summary_large_image","twitter_misc":{"Gesch\u00e4tzte Lesezeit":"1\u00a0Minute"},"schema":{"@context":"https:\/\/schema.org","@graph":[{"@type":"WebPage","@id":"https:\/\/www.csj-emballages.com\/de\/produit\/50-runde-toepfe-kraft-1000-ml\/","url":"https:\/\/www.csj-emballages.com\/de\/produit\/50-runde-toepfe-kraft-1000-ml\/","name":"50 Runde Einweggl\u00e4ser Kraft 1000 ml \/ csj-verpackungen-com","isPartOf":{"@id":"https:\/\/www.csj-emballages.com\/de\/#website"},"primaryImageOfPage":{"@id":"https:\/\/www.csj-emballages.com\/de\/produit\/50-runde-toepfe-kraft-1000-ml\/#primaryimage"},"image":{"@id":"https:\/\/www.csj-emballages.com\/de\/produit\/50-runde-toepfe-kraft-1000-ml\/#primaryimage"},"thumbnailUrl":"https:\/\/www.csj-emballages.com\/wp-content\/uploads\/2024\/03\/pots-kraft-salade-carton-emporter-grossiste-csj-emballages-zoom-jpg.webp","datePublished":"2024-03-01T15:50:29+00:00","dateModified":"2025-02-11T01:16:47+00:00","description":"Kaufen Sie Einweg Kraft Salatt\u00f6pfe aus Karton! Entscheiden Sie sich f\u00fcr eine Packung mit 50 runden Einwegt\u00f6pfen, die widerstandsf\u00e4hig, qualitativ hochwertig und preisg\u00fcnstig sind.","breadcrumb":{"@id":"https:\/\/www.csj-emballages.com\/de\/produit\/50-runde-toepfe-kraft-1000-ml\/#breadcrumb"},"inLanguage":"de","potentialAction":[{"@type":"ReadAction","target":["https:\/\/www.csj-emballages.com\/de\/produit\/50-runde-toepfe-kraft-1000-ml\/"]}]},{"@type":"ImageObject","inLanguage":"de","@id":"https:\/\/www.csj-emballages.com\/de\/produit\/50-runde-toepfe-kraft-1000-ml\/#primaryimage","url":"https:\/\/www.csj-emballages.com\/wp-content\/uploads\/2024\/03\/pots-kraft-salade-carton-emporter-grossiste-csj-emballages-zoom-jpg.webp","contentUrl":"https:\/\/www.csj-emballages.com\/wp-content\/uploads\/2024\/03\/pots-kraft-salade-carton-emporter-grossiste-csj-emballages-zoom-jpg.webp","width":800,"height":800},{"@type":"BreadcrumbList","@id":"https:\/\/www.csj-emballages.com\/de\/produit\/50-runde-toepfe-kraft-1000-ml\/#breadcrumb","itemListElement":[{"@type":"ListItem","position":1,"name":"Accueil","item":"https:\/\/www.csj-emballages.com\/de\/universum-lebensmittelverpackungen\/"},{"@type":"ListItem","position":2,"name":"Shop","item":"https:\/\/www.csj-emballages.com\/shop\/"},{"@type":"ListItem","position":3,"name":"50 runde T\u00f6pfe Kraft 1000 ml"}]},{"@type":"WebSite","@id":"https:\/\/www.csj-emballages.com\/de\/#website","url":"https:\/\/www.csj-emballages.com\/de\/","name":"CSJ Emballages","description":"","publisher":{"@id":"https:\/\/www.csj-emballages.com\/de\/#organization"},"potentialAction":[{"@type":"SearchAction","target":{"@type":"EntryPoint","urlTemplate":"https:\/\/www.csj-emballages.com\/de\/?s={search_term_string}"},"query-input":{"@type":"PropertyValueSpecification","valueRequired":true,"valueName":"search_term_string"}}],"inLanguage":"de"},{"@type":"Organization","@id":"https:\/\/www.csj-emballages.com\/de\/#Organization\/","name":"CSJ Emballages","url":"https:\/\/www.csj-emballages.com\/de\/","logo":{"@type":"ImageObject","inLanguage":"de","@id":"https:\/\/www.csj-emballages.com\/de\/#\/schema\/logo\/image\/","url":"https:\/\/www.csj-emballages.com\/wp-content\/uploads\/2023\/10\/logo_csj.webp","contentUrl":"https:\/\/www.csj-emballages.com\/wp-content\/uploads\/2023\/10\/logo_csj.webp","width":250,"height":95,"caption":"CSJ Emballages"},"image":{"@id":"https:\/\/www.csj-emballages.com\/de\/#\/schema\/logo\/image\/"},"sameAs":["https:\/\/www.facebook.com\/csjemballages"],"address":{"@type":"PostalAddress","streetAddress":"ZI La Lechere","addressLocality":"Patornay","postalCode":"39130","addressCountry":"FR"},"contactPoint":[{"@type":"ContactPoint","contactType":"Service client","telephone":"0384254272","email":"contact@csj-emballages.com"}]}]}},"df_price":8.17,"df_sale_price":"","df_regular_price":8.17,"df_image_link":"https:\/\/www.csj-emballages.com\/wp-content\/uploads\/2024\/03\/pots-kraft-salade-carton-emporter-grossiste-csj-emballages-zoom-300x300.webp","tiered_pricing_type":"fixed","tiered_pricing_fixed_rules":[],"tiered_pricing_percentage_rules":[],"tiered_pricing_minimum":1,"tiered_pricing_roles_data":[],"_links":{"self":[{"href":"https:\/\/www.csj-emballages.com\/de\/wp-json\/wp\/v2\/product\/22605","targetHints":{"allow":["GET"]}}],"collection":[{"href":"https:\/\/www.csj-emballages.com\/de\/wp-json\/wp\/v2\/product"}],"about":[{"href":"https:\/\/www.csj-emballages.com\/de\/wp-json\/wp\/v2\/types\/product"}],"wp:featuredmedia":[{"embeddable":true,"href":"https:\/\/www.csj-emballages.com\/de\/wp-json\/wp\/v2\/media\/8183"}],"wp:attachment":[{"href":"https:\/\/www.csj-emballages.com\/de\/wp-json\/wp\/v2\/media?parent=22605"}],"wp:term":[{"taxonomy":"product_brand","embeddable":true,"href":"https:\/\/www.csj-emballages.com\/de\/wp-json\/wp\/v2\/product_brand?post=22605"},{"taxonomy":"product_cat","embeddable":true,"href":"https:\/\/www.csj-emballages.com\/de\/wp-json\/wp\/v2\/product_cat?post=22605"},{"taxonomy":"product_tag","embeddable":true,"href":"https:\/\/www.csj-emballages.com\/de\/wp-json\/wp\/v2\/product_tag?post=22605"}],"curies":[{"name":"wp","href":"https:\/\/api.w.org\/{rel}","templated":true}]}}