{"id":226049,"date":"2024-12-18T14:40:24","date_gmt":"2024-12-18T13:40:24","guid":{"rendered":"https:\/\/www.csj-emballages.com\/produit\/fluessiges-aroma-bittermandel-50-ml\/"},"modified":"2026-03-12T16:05:21","modified_gmt":"2026-03-12T15:05:21","slug":"fluessiges-aroma-bittermandel-50-ml","status":"publish","type":"product","link":"https:\/\/www.csj-emballages.com\/de\/produit\/fluessiges-aroma-bittermandel-50-ml\/","title":{"rendered":"Fl\u00fcssiges Aroma Bittermandel 50 ml"},"content":{"rendered":"<h2>Fl\u00fcssiges Aroma<\/h2>\n<hr>\n<h3>Beschreibung unseres fl\u00fcssigen Aromas Bittermandel 50 ml<\/h3>\n<p><!--more--><\/p>\n<p>Entdecken Sie unser <strong>fl\u00fcssiges Aroma<\/strong> mit<strong>Bittermandel<\/strong>, ein intensiver und eleganter Geschmack, der Ihre Rezepte verfeinert. Mit seinem einzigartigen Duft ist dieses <strong>Bittermandelaroma<\/strong> ideal, um Desserts, Geb\u00e4ck und Getr\u00e4nke zu verfeinern. Die praktische <strong>50-ml-Flasche<\/strong> erm\u00f6glicht eine einfache und pr\u00e4zise Anwendung, die sowohl f\u00fcr Amateure als auch f\u00fcr Profis geeignet ist. Die Verwendung dieses <strong>fl\u00fcssigen Aromas<\/strong> ist intuitiv und sparsam. Eine kleine Menge reicht aus, um Ihre Zubereitungen subtil zu parf\u00fcmieren. Ob f\u00fcr eine Konditorcreme, einen Financier oder ein selbstgemachtes Eis, einige Tropfen reichen aus, um eine bemerkenswerte geschmackliche Tiefe zu verleihen. Dank seiner optimalen Konzentration l\u00e4sst sich dieses <strong>Bittermandelaroma<\/strong> leicht mit anderen Zutaten vermischen, ohne die Textur Ihrer Kreationen zu beeintr\u00e4chtigen.      <\/p>\n<p>&nbsp;<\/p>\n<p><!--more--><\/p>\n<h4>Vielseitige Verwendung<\/h4>\n<p>Neben der Verwendung in s\u00fc\u00dfen Rezepten kann dieses <strong>fl\u00fcssige Aroma<\/strong> auch in herzhaften Gerichten \u00fcberraschen. Dieses Produkt eignet sich auch hervorragend f\u00fcr Getr\u00e4nke. Ein paar Tropfen in einem Kaffee, einer hei\u00dfen Milch oder einem Smoothie sorgen f\u00fcr eine duftende und w\u00e4rmende Note. Wenn Sie gerne experimentieren, k\u00f6nnen Sie es in Cocktails oder Kr\u00e4utertees verwenden, um originelle und raffinierte Mischungen zu kreieren. Seine Vielseitigkeit macht ihn zu einer erstklassigen Zutat, um Ihre Zubereitungen zu variieren und Ihre G\u00e4ste zu \u00fcberraschen. F\u00fcr eine optimale Aufbewahrung ist die Flasche luftdicht verschlossen und garantiert die langfristige Frische des Aromas. Verschlie\u00dfen Sie die Flasche nach jedem Gebrauch sorgf\u00e4ltig, um die Qualit\u00e4t und die Kraft dieses <strong>Bittermandelaromas<\/strong> zu bewahren.      <\/p>\n<h3><\/h3>\n<p><!--more--><\/p>\n<h4>Ein eleganter und vielseitiger Geschmack<\/h4>\n<p>Das<strong>fl\u00fcssige Aroma<\/strong> <strong>Bittermandel<\/strong> ist ein echter Verb\u00fcndeter, um Ihren Rezepten eine raffinierte Note zu verleihen. Sein intensiver Geschmack erinnert an traditionelles Geb\u00e4ck und k\u00f6stliche Desserts. Er ist besonders beliebt, um klassische Zubereitungen wie Clafoutis, Lebkuchen oder Macarons zu verfeinern. Mit diesem <strong>Bittermandelaroma<\/strong> erh\u00e4lt jedes Rezept eine zartere und authentischere Dimension. Dank seiner praktischen Gr\u00f6\u00dfe von <strong>50 ml<\/strong> eignet sich dieses <strong>fl\u00fcssige Aroma<\/strong> sowohl f\u00fcr den t\u00e4glichen Gebrauch als auch f\u00fcr spezielle Bed\u00fcrfnisse. Es ist leicht zu dosieren, wodurch Verschwendung vermieden und eine stets kontrollierte Geschmacksintensit\u00e4t gew\u00e4hrleistet wird. Seine Vielseitigkeit macht es zu einem Muss f\u00fcr Hobbyk\u00f6che, B\u00e4cker oder Konditoren, die auf der Suche nach einem markanten und zeitlosen Geschmack sind.      <\/p>\n<p>Zusammenfassend l\u00e4sst sich sagen, dass dieses <strong>fl\u00fcssige<\/strong><strong>Bittermandelaroma<\/strong> eine einfache, wirksame und elegante L\u00f6sung ist, um Ihre Rezepte umzugestalten. Sein intensiver Duft, seine Vielseitigkeit und seine praktische Gr\u00f6\u00dfe machen es zu einem unverzichtbaren Bestandteil der t\u00e4glichen K\u00fcche. Ob traditionelle Desserts, originelle Getr\u00e4nke oder gewagte Gerichte &#8211; dieses <strong>Bittermandelaroma<\/strong> wird auch die anspruchsvollsten Gaumen begeistern.  <\/p>\n<p>&nbsp;<\/p>\n<p><!--more--><\/p>\n<p>Testen Sie dieses <strong>Bittermandelaroma<\/strong> noch heute und verleihen Sie Ihren allt\u00e4glichen Rezepten eine neue Dimension.<\/p>\n<p>&nbsp;<\/p>\n<p><!--more--><\/p>\n<h4>Seine Vorteile :<\/h4>\n<ul>\n<li><strong>Intensiver und raffinierter Geschmack<\/strong>: Ein authentisches Bittermandelaroma, um Ihre kulinarischen Kreationen zu verfeinern.<\/li>\n<li><strong>Vielseitig<\/strong>: Geeignet f\u00fcr Desserts, Geb\u00e4ck, Getr\u00e4nke und sogar f\u00fcr ausgefallene herzhafte Gerichte.<\/li>\n<li>Einfache <strong>Anwendung<\/strong>: 50-ml-Format, pr\u00e4zise und einfach zu dosieren, um Verschwendung zu vermeiden.<\/li>\n<li><strong>Lange haltbar<\/strong>: Luftdichte Flasche, die die Qualit\u00e4t und Frische des Aromas bewahrt.<\/li>\n<\/ul>\n<p>&nbsp;<\/p>\n<p><!--more--><\/p>\n<h4>Weitere Informationen :<\/h4>\n<ul>\n<li><b>H\u00f6he: <\/b>115 mm<\/li>\n<li><strong>Verpackung<\/strong>: Einzeln<\/li>\n<li><strong>Volumen<\/strong>: 50 ml<\/li>\n<li><b>Geschmack: <\/b>Bittere Mandel<\/li>\n<li><strong>Dosierung<\/strong>: 3g\/kg<\/li>\n<\/ul>\n<p>&nbsp;<\/p>\n<p><!--more--><\/p>\n<h4>Zusammensetzung :<\/h4>\n<ul>\n<li><strong>Mono Propylenglykol<\/strong> \/ <strong>Bittermandelaroma<\/strong><\/li>\n<\/ul>\n<p>&nbsp;<\/p>\n<p><!--more--><\/p>\n<p>Produkt in verschiedenen Geschmacksrichtungen erh\u00e4ltlich : <span style=\"color: #d12727;\"><a style=\"color: #d12727;\" href=\"https:\/\/www.csj-emballages.com\/produit\/arome-liquide-cafe-50-ml\/\">Kaffee<\/a><\/span> \/ <span style=\"color: #d12727;\"><a style=\"color: #d12727;\" href=\"https:\/\/www.csj-emballages.com\/produit\/arome-liquide-rose-50-ml\/\">Rosa<\/a><\/span> \/ <span style=\"color: #d12727;\"><a style=\"color: #d12727;\" href=\"https:\/\/www.csj-emballages.com\/produit\/arome-liquide-cacao-50-ml\/\">Kakao<\/a><\/span> \/ <span style=\"color: #d12727;\"><a style=\"color: #d12727;\" href=\"https:\/\/www.csj-emballages.com\/produit\/arome-liquide-citron-50-ml\/\">Zitrone<\/a><\/span> \/ <span style=\"color: #d12727;\"><a style=\"color: #d12727;\" href=\"https:\/\/www.csj-emballages.com\/produit\/arome-liquide-fleur-doranger-50-ml\/\">Orangenbl\u00fcte<\/a><\/span> \/ <span style=\"color: #d12727;\"><a style=\"color: #d12727;\" href=\"https:\/\/www.csj-emballages.com\/produit\/arome-liquide-orange-50-ml\/\">Orange<\/a><\/span><\/p>\n<p>&nbsp;<\/p>\n<p><!--more--><\/p>\n<p><a href=\"https:\/\/www.csj-emballages.com\/de\/categorie-produit\/lebensmittel\/konditorei\/aromen\/\">Entdecken Sie den Rest unseres Sortiments an Aromen<\/a><\/p>\n","protected":false},"excerpt":{"rendered":"<p>Fl\u00fcssiges Aroma Beschreibung unseres fl\u00fcssigen Aromas Bittermandel 50 ml<\/p>\n","protected":false},"featured_media":219191,"template":"","meta":{"_acf_changed":false},"product_brand":[],"product_cat":[1144,9215,9230],"product_tag":[],"class_list":{"0":"post-226049","1":"product","2":"type-product","3":"status-publish","4":"has-post-thumbnail","6":"product_cat-lebensmittel","7":"product_cat-konditorei","8":"product_cat-aromen","10":"first","11":"instock","12":"taxable","13":"shipping-taxable","14":"purchasable","15":"product-type-simple"},"acf":[],"yoast_head":"<!-- This site is optimized with the Yoast SEO Premium plugin v26.6 (Yoast SEO v26.6) - https:\/\/yoast.com\/wordpress\/plugins\/seo\/ -->\n<title>Fl\u00fcssiges Aroma Bittermandel - 50 ml<\/title>\n<meta name=\"description\" content=\"Fl\u00fcssiges Bittermandelaroma 50 ml: Ein nat\u00fcrlicher und vielseitiger Geschmack, um Ihre s\u00fc\u00dfen oder herzhaften Rezepte zu verfeinern. Praktisches Format und einfach zu dosieren\" \/>\n<meta name=\"robots\" content=\"index, follow, max-snippet:-1, max-image-preview:large, max-video-preview:-1\" \/>\n<link rel=\"canonical\" href=\"https:\/\/www.csj-emballages.com\/de\/produit\/fluessiges-aroma-bittermandel-50-ml\/\" \/>\n<meta property=\"og:locale\" content=\"de_DE\" \/>\n<meta property=\"og:type\" content=\"article\" \/>\n<meta property=\"og:title\" content=\"Fl\u00fcssiges Aroma Bittermandel 50 ml\" \/>\n<meta property=\"og:description\" content=\"Fl\u00fcssiges Bittermandelaroma 50 ml: Ein nat\u00fcrlicher und vielseitiger Geschmack, um Ihre s\u00fc\u00dfen oder herzhaften Rezepte zu verfeinern. Praktisches Format und einfach zu dosieren\" \/>\n<meta property=\"og:url\" content=\"https:\/\/www.csj-emballages.com\/de\/produit\/fluessiges-aroma-bittermandel-50-ml\/\" \/>\n<meta property=\"og:site_name\" content=\"CSJ Emballages\" \/>\n<meta property=\"article:publisher\" content=\"https:\/\/www.facebook.com\/csjemballages\" \/>\n<meta property=\"article:modified_time\" content=\"2026-03-12T15:05:21+00:00\" \/>\n<meta property=\"og:image\" content=\"https:\/\/www.csj-emballages.com\/wp-content\/uploads\/2024\/12\/Arome-amande-amere.webp\" \/>\n\t<meta property=\"og:image:width\" content=\"800\" \/>\n\t<meta property=\"og:image:height\" content=\"800\" \/>\n\t<meta property=\"og:image:type\" content=\"image\/webp\" \/>\n<meta name=\"twitter:card\" content=\"summary_large_image\" \/>\n<meta name=\"twitter:label1\" content=\"Gesch\u00e4tzte Lesezeit\" \/>\n\t<meta name=\"twitter:data1\" content=\"3 Minuten\" \/>\n<script type=\"application\/ld+json\" class=\"yoast-schema-graph\">{\"@context\":\"https:\/\/schema.org\",\"@graph\":[{\"@type\":\"WebPage\",\"@id\":\"https:\/\/www.csj-emballages.com\/de\/produit\/fluessiges-aroma-bittermandel-50-ml\/\",\"url\":\"https:\/\/www.csj-emballages.com\/de\/produit\/fluessiges-aroma-bittermandel-50-ml\/\",\"name\":\"Fl\u00fcssiges Aroma Bittermandel - 50 ml\",\"isPartOf\":{\"@id\":\"https:\/\/www.csj-emballages.com\/de\/#website\"},\"primaryImageOfPage\":{\"@id\":\"https:\/\/www.csj-emballages.com\/de\/produit\/fluessiges-aroma-bittermandel-50-ml\/#primaryimage\"},\"image\":{\"@id\":\"https:\/\/www.csj-emballages.com\/de\/produit\/fluessiges-aroma-bittermandel-50-ml\/#primaryimage\"},\"thumbnailUrl\":\"https:\/\/www.csj-emballages.com\/wp-content\/uploads\/2024\/12\/Arome-amande-amere.webp\",\"datePublished\":\"2024-12-18T13:40:24+00:00\",\"dateModified\":\"2026-03-12T15:05:21+00:00\",\"description\":\"Fl\u00fcssiges Bittermandelaroma 50 ml: Ein nat\u00fcrlicher und vielseitiger Geschmack, um Ihre s\u00fc\u00dfen oder herzhaften Rezepte zu verfeinern. Praktisches Format und einfach zu dosieren\",\"breadcrumb\":{\"@id\":\"https:\/\/www.csj-emballages.com\/de\/produit\/fluessiges-aroma-bittermandel-50-ml\/#breadcrumb\"},\"inLanguage\":\"de\",\"potentialAction\":[{\"@type\":\"ReadAction\",\"target\":[\"https:\/\/www.csj-emballages.com\/de\/produit\/fluessiges-aroma-bittermandel-50-ml\/\"]}]},{\"@type\":\"ImageObject\",\"inLanguage\":\"de\",\"@id\":\"https:\/\/www.csj-emballages.com\/de\/produit\/fluessiges-aroma-bittermandel-50-ml\/#primaryimage\",\"url\":\"https:\/\/www.csj-emballages.com\/wp-content\/uploads\/2024\/12\/Arome-amande-amere.webp\",\"contentUrl\":\"https:\/\/www.csj-emballages.com\/wp-content\/uploads\/2024\/12\/Arome-amande-amere.webp\",\"width\":800,\"height\":800,\"caption\":\"Ar\u00f4me liquide amande am\u00e8re\"},{\"@type\":\"BreadcrumbList\",\"@id\":\"https:\/\/www.csj-emballages.com\/de\/produit\/fluessiges-aroma-bittermandel-50-ml\/#breadcrumb\",\"itemListElement\":[{\"@type\":\"ListItem\",\"position\":1,\"name\":\"Accueil\",\"item\":\"https:\/\/www.csj-emballages.com\/de\/universum-lebensmittelverpackungen\/\"},{\"@type\":\"ListItem\",\"position\":2,\"name\":\"Shop\",\"item\":\"https:\/\/www.csj-emballages.com\/shop\/\"},{\"@type\":\"ListItem\",\"position\":3,\"name\":\"Fl\u00fcssiges Aroma Bittermandel 50 ml\"}]},{\"@type\":\"WebSite\",\"@id\":\"https:\/\/www.csj-emballages.com\/de\/#website\",\"url\":\"https:\/\/www.csj-emballages.com\/de\/\",\"name\":\"CSJ Emballages\",\"description\":\"\",\"publisher\":{\"@id\":\"https:\/\/www.csj-emballages.com\/de\/#organization\"},\"potentialAction\":[{\"@type\":\"SearchAction\",\"target\":{\"@type\":\"EntryPoint\",\"urlTemplate\":\"https:\/\/www.csj-emballages.com\/de\/?s={search_term_string}\"},\"query-input\":{\"@type\":\"PropertyValueSpecification\",\"valueRequired\":true,\"valueName\":\"search_term_string\"}}],\"inLanguage\":\"de\"},{\"@type\":\"Organization\",\"@id\":\"https:\/\/www.csj-emballages.com\/de\/#Organization\/\",\"name\":\"CSJ Emballages\",\"url\":\"https:\/\/www.csj-emballages.com\/de\/\",\"logo\":{\"@type\":\"ImageObject\",\"inLanguage\":\"de\",\"@id\":\"https:\/\/www.csj-emballages.com\/de\/#\/schema\/logo\/image\/\",\"url\":\"https:\/\/www.csj-emballages.com\/wp-content\/uploads\/2023\/10\/logo_csj.webp\",\"contentUrl\":\"https:\/\/www.csj-emballages.com\/wp-content\/uploads\/2023\/10\/logo_csj.webp\",\"width\":250,\"height\":95,\"caption\":\"CSJ Emballages\"},\"image\":{\"@id\":\"https:\/\/www.csj-emballages.com\/de\/#\/schema\/logo\/image\/\"},\"sameAs\":[\"https:\/\/www.facebook.com\/csjemballages\"],\"address\":{\"@type\":\"PostalAddress\",\"streetAddress\":\"ZI La Lechere\",\"addressLocality\":\"Patornay\",\"postalCode\":\"39130\",\"addressCountry\":\"FR\"},\"contactPoint\":[{\"@type\":\"ContactPoint\",\"contactType\":\"Service client\",\"telephone\":\"0384254272\",\"email\":\"contact@csj-emballages.com\"}]}]}<\/script>\n<!-- \/ Yoast SEO Premium plugin. -->","yoast_head_json":{"title":"Fl\u00fcssiges Aroma Bittermandel - 50 ml","description":"Fl\u00fcssiges Bittermandelaroma 50 ml: Ein nat\u00fcrlicher und vielseitiger Geschmack, um Ihre s\u00fc\u00dfen oder herzhaften Rezepte zu verfeinern. Praktisches Format und einfach zu dosieren","robots":{"index":"index","follow":"follow","max-snippet":"max-snippet:-1","max-image-preview":"max-image-preview:large","max-video-preview":"max-video-preview:-1"},"canonical":"https:\/\/www.csj-emballages.com\/de\/produit\/fluessiges-aroma-bittermandel-50-ml\/","og_locale":"de_DE","og_type":"article","og_title":"Fl\u00fcssiges Aroma Bittermandel 50 ml","og_description":"Fl\u00fcssiges Bittermandelaroma 50 ml: Ein nat\u00fcrlicher und vielseitiger Geschmack, um Ihre s\u00fc\u00dfen oder herzhaften Rezepte zu verfeinern. Praktisches Format und einfach zu dosieren","og_url":"https:\/\/www.csj-emballages.com\/de\/produit\/fluessiges-aroma-bittermandel-50-ml\/","og_site_name":"CSJ Emballages","article_publisher":"https:\/\/www.facebook.com\/csjemballages","article_modified_time":"2026-03-12T15:05:21+00:00","og_image":[{"width":800,"height":800,"url":"https:\/\/www.csj-emballages.com\/wp-content\/uploads\/2024\/12\/Arome-amande-amere.webp","type":"image\/webp"}],"twitter_card":"summary_large_image","twitter_misc":{"Gesch\u00e4tzte Lesezeit":"3 Minuten"},"schema":{"@context":"https:\/\/schema.org","@graph":[{"@type":"WebPage","@id":"https:\/\/www.csj-emballages.com\/de\/produit\/fluessiges-aroma-bittermandel-50-ml\/","url":"https:\/\/www.csj-emballages.com\/de\/produit\/fluessiges-aroma-bittermandel-50-ml\/","name":"Fl\u00fcssiges Aroma Bittermandel - 50 ml","isPartOf":{"@id":"https:\/\/www.csj-emballages.com\/de\/#website"},"primaryImageOfPage":{"@id":"https:\/\/www.csj-emballages.com\/de\/produit\/fluessiges-aroma-bittermandel-50-ml\/#primaryimage"},"image":{"@id":"https:\/\/www.csj-emballages.com\/de\/produit\/fluessiges-aroma-bittermandel-50-ml\/#primaryimage"},"thumbnailUrl":"https:\/\/www.csj-emballages.com\/wp-content\/uploads\/2024\/12\/Arome-amande-amere.webp","datePublished":"2024-12-18T13:40:24+00:00","dateModified":"2026-03-12T15:05:21+00:00","description":"Fl\u00fcssiges Bittermandelaroma 50 ml: Ein nat\u00fcrlicher und vielseitiger Geschmack, um Ihre s\u00fc\u00dfen oder herzhaften Rezepte zu verfeinern. Praktisches Format und einfach zu dosieren","breadcrumb":{"@id":"https:\/\/www.csj-emballages.com\/de\/produit\/fluessiges-aroma-bittermandel-50-ml\/#breadcrumb"},"inLanguage":"de","potentialAction":[{"@type":"ReadAction","target":["https:\/\/www.csj-emballages.com\/de\/produit\/fluessiges-aroma-bittermandel-50-ml\/"]}]},{"@type":"ImageObject","inLanguage":"de","@id":"https:\/\/www.csj-emballages.com\/de\/produit\/fluessiges-aroma-bittermandel-50-ml\/#primaryimage","url":"https:\/\/www.csj-emballages.com\/wp-content\/uploads\/2024\/12\/Arome-amande-amere.webp","contentUrl":"https:\/\/www.csj-emballages.com\/wp-content\/uploads\/2024\/12\/Arome-amande-amere.webp","width":800,"height":800,"caption":"Ar\u00f4me liquide amande am\u00e8re"},{"@type":"BreadcrumbList","@id":"https:\/\/www.csj-emballages.com\/de\/produit\/fluessiges-aroma-bittermandel-50-ml\/#breadcrumb","itemListElement":[{"@type":"ListItem","position":1,"name":"Accueil","item":"https:\/\/www.csj-emballages.com\/de\/universum-lebensmittelverpackungen\/"},{"@type":"ListItem","position":2,"name":"Shop","item":"https:\/\/www.csj-emballages.com\/shop\/"},{"@type":"ListItem","position":3,"name":"Fl\u00fcssiges Aroma Bittermandel 50 ml"}]},{"@type":"WebSite","@id":"https:\/\/www.csj-emballages.com\/de\/#website","url":"https:\/\/www.csj-emballages.com\/de\/","name":"CSJ Emballages","description":"","publisher":{"@id":"https:\/\/www.csj-emballages.com\/de\/#organization"},"potentialAction":[{"@type":"SearchAction","target":{"@type":"EntryPoint","urlTemplate":"https:\/\/www.csj-emballages.com\/de\/?s={search_term_string}"},"query-input":{"@type":"PropertyValueSpecification","valueRequired":true,"valueName":"search_term_string"}}],"inLanguage":"de"},{"@type":"Organization","@id":"https:\/\/www.csj-emballages.com\/de\/#Organization\/","name":"CSJ Emballages","url":"https:\/\/www.csj-emballages.com\/de\/","logo":{"@type":"ImageObject","inLanguage":"de","@id":"https:\/\/www.csj-emballages.com\/de\/#\/schema\/logo\/image\/","url":"https:\/\/www.csj-emballages.com\/wp-content\/uploads\/2023\/10\/logo_csj.webp","contentUrl":"https:\/\/www.csj-emballages.com\/wp-content\/uploads\/2023\/10\/logo_csj.webp","width":250,"height":95,"caption":"CSJ Emballages"},"image":{"@id":"https:\/\/www.csj-emballages.com\/de\/#\/schema\/logo\/image\/"},"sameAs":["https:\/\/www.facebook.com\/csjemballages"],"address":{"@type":"PostalAddress","streetAddress":"ZI La Lechere","addressLocality":"Patornay","postalCode":"39130","addressCountry":"FR"},"contactPoint":[{"@type":"ContactPoint","contactType":"Service client","telephone":"0384254272","email":"contact@csj-emballages.com"}]}]}},"df_price":2.38,"df_sale_price":"","df_regular_price":2.38,"df_image_link":"https:\/\/www.csj-emballages.com\/wp-content\/uploads\/2024\/12\/Arome-amande-amere-300x300.webp","tiered_pricing_type":"fixed","tiered_pricing_fixed_rules":[],"tiered_pricing_percentage_rules":[],"tiered_pricing_minimum":1,"tiered_pricing_roles_data":[],"_links":{"self":[{"href":"https:\/\/www.csj-emballages.com\/de\/wp-json\/wp\/v2\/product\/226049","targetHints":{"allow":["GET"]}}],"collection":[{"href":"https:\/\/www.csj-emballages.com\/de\/wp-json\/wp\/v2\/product"}],"about":[{"href":"https:\/\/www.csj-emballages.com\/de\/wp-json\/wp\/v2\/types\/product"}],"wp:featuredmedia":[{"embeddable":true,"href":"https:\/\/www.csj-emballages.com\/de\/wp-json\/wp\/v2\/media\/219191"}],"wp:attachment":[{"href":"https:\/\/www.csj-emballages.com\/de\/wp-json\/wp\/v2\/media?parent=226049"}],"wp:term":[{"taxonomy":"product_brand","embeddable":true,"href":"https:\/\/www.csj-emballages.com\/de\/wp-json\/wp\/v2\/product_brand?post=226049"},{"taxonomy":"product_cat","embeddable":true,"href":"https:\/\/www.csj-emballages.com\/de\/wp-json\/wp\/v2\/product_cat?post=226049"},{"taxonomy":"product_tag","embeddable":true,"href":"https:\/\/www.csj-emballages.com\/de\/wp-json\/wp\/v2\/product_tag?post=226049"}],"curies":[{"name":"wp","href":"https:\/\/api.w.org\/{rel}","templated":true}]}}