{"id":226025,"date":"2024-12-18T02:18:27","date_gmt":"2024-12-18T01:18:27","guid":{"rendered":"https:\/\/www.csj-emballages.com\/produit\/papierkiste-rund-plissiert-weiss-mit-mignardise-40-x-30-x-20-mm-pro-1000\/"},"modified":"2026-03-27T02:17:37","modified_gmt":"2026-03-27T01:17:37","slug":"papierkiste-rund-plissiert-weiss-mit-mignardise-40-x-30-x-20-mm-pro-1000","status":"publish","type":"product","link":"https:\/\/www.csj-emballages.com\/de\/produit\/papierkiste-rund-plissiert-weiss-mit-mignardise-40-x-30-x-20-mm-pro-1000\/","title":{"rendered":"Papierkiste rund plissiert wei\u00df mit Mignardise 40 x 30 x 20 mm pro 1000"},"content":{"rendered":"<div style=\"box-sizing: inherit; font-family: Roboto, sans-serif;\">\n<div style=\"box-sizing: inherit; font-family: Roboto, sans-serif;\">\n<div style=\"box-sizing: inherit; font-family: Roboto, sans-serif;\">\n<div style=\"box-sizing: inherit; font-family: Roboto, sans-serif;\">\n<div style=\"box-sizing: inherit; font-family: Roboto, sans-serif;\">\n<div style=\"box-sizing: inherit; font-family: Roboto, sans-serif;\">\n<div style=\"box-sizing: inherit; font-family: Roboto, sans-serif;\">\n<div style=\"box-sizing: inherit; font-family: Roboto, sans-serif;\">\n<div style=\"box-sizing: inherit; font-family: Roboto, sans-serif;\">\n<div style=\"box-sizing: inherit; font-family: Roboto, sans-serif;\">\n<div style=\"box-sizing: inherit; font-family: Roboto, sans-serif;\">\n<div style=\"box-sizing: inherit; font-family: Roboto, sans-serif;\">\n<div style=\"box-sizing: inherit; font-family: Roboto, sans-serif;\">\n<div class=\"flex flex-grow flex-col max-w-full\">\n<div class=\"min-h-[20px] text-message flex flex-col items-start whitespace-pre-wrap break-words [.text-message+&amp;]:mt-5 juice:w-full juice:items-end overflow-x-auto gap-2\" dir=\"auto\" data-message-author-role=\"assistant\" data-message-id=\"2034782e-88f9-44ef-b4dc-07dd7bf0115f\">\n<div class=\"flex w-full flex-col gap-1 juice:empty:hidden juice:first:pt-[3px]\">\n<div class=\"markdown prose w-full break-words dark:prose-invert light\">\n<div style=\"box-sizing: inherit; font-family: Roboto, sans-serif;\">\n<div style=\"box-sizing: inherit; font-family: Roboto, sans-serif;\">\n<div style=\"box-sizing: inherit; font-family: Roboto, sans-serif;\">\n<div style=\"box-sizing: inherit; font-family: Roboto, sans-serif;\">\n<div style=\"box-sizing: inherit; font-family: Roboto, sans-serif;\">\n<div style=\"box-sizing: inherit; font-family: Roboto, sans-serif;\">\n<h2>Papierkiste<\/h2>\n<div style=\"box-sizing: inherit; font-family: Roboto, sans-serif;\">\n<div style=\"box-sizing: inherit; font-family: Roboto, sans-serif;\">\n<div style=\"box-sizing: inherit; font-family: Roboto, sans-serif;\">\n<div style=\"text-align: center;\">\n<div style=\"box-sizing: inherit; font-family: Roboto, sans-serif;\">\n<div style=\"box-sizing: inherit; font-family: Roboto, sans-serif;\">\n<div style=\"box-sizing: inherit; font-family: Roboto, sans-serif;\">\n<div style=\"box-sizing: inherit; font-family: Roboto, sans-serif;\">\n<div style=\"box-sizing: inherit; font-family: Roboto, sans-serif;\">\n<div style=\"box-sizing: inherit; font-family: Roboto, sans-serif; text-align: left;\">\n<hr>\n<h3 style=\"text-align: left;\">Beschreibung von unserer Papierkiste rund plissiert wei\u00df 40 x 30 x 20 mm pro 1000<!--more--><\/h3>\n<\/div>\n<\/div>\n<\/div>\n<\/div>\n<\/div>\n<\/div>\n<\/div>\n<\/div>\n<\/div>\n<\/div>\n<\/div>\n<\/div>\n<\/div>\n<\/div>\n<\/div>\n<\/div>\n<\/div>\n<\/div>\n<\/div>\n<\/div>\n<\/div>\n<\/div>\n<\/div>\n<\/div>\n<\/div>\n<\/div>\n<\/div>\n<\/div>\n<\/div>\n<\/div>\n<\/div>\n<\/div>\n<\/div>\n<div class=\"flex max-w-full flex-col flex-grow\">\n<div class=\"min-h-8 text-message flex w-full flex-col items-end gap-2 whitespace-normal break-words [.text-message+&amp;]:mt-5\" dir=\"auto\" data-message-author-role=\"assistant\" data-message-id=\"290aa723-0852-4224-b964-694d71f8ed99\" data-message-model-slug=\"gpt-4o\">\n<div class=\"flex w-full flex-col gap-1 empty:hidden first:pt-[3px]\">\n<div class=\"markdown prose w-full break-words dark:prose-invert light\">\n<p>Entdecken Sie unsere <strong>wei\u00dfe runde<\/strong> <strong>Papierkiste<\/strong>, die sich ideal f\u00fcr Ihre kleinen H\u00e4ppchen eignet. Diese <strong>wei\u00dfe<\/strong> <strong>Plisseekiste<\/strong> misst <strong>40 x 30 x 20 mm<\/strong> und ist zu <strong>1000 St\u00fcck<\/strong> verpackt. Sie wurde entwickelt, um sowohl den Bed\u00fcrfnissen von Profis als auch von Privatpersonen gerecht zu werden. Dank ihrer praktischen Gr\u00f6\u00dfe bringt sie Ihre kleinen Leckereien besonders gut zur Geltung. Mit ihrer <strong>wei\u00dfen<\/strong> Farbe passt diese <strong>wei\u00dfe Plisseekiste<\/strong> zu allen Anl\u00e4ssen. Sie eignet sich sowohl f\u00fcr festliche Anl\u00e4sse als auch f\u00fcr den t\u00e4glichen Gebrauch. Ihr dezentes und klassisches Design l\u00e4sst sich leicht mit allen Arten von Dekorationen, Themen und Geb\u00e4ck kombinieren.      <\/p>\n<h3><\/h3>\n<h3><!--more--><\/h3>\n<h3>Ein einfaches und zuverl\u00e4ssiges Zubeh\u00f6r<\/h3>\n<p>Diese <strong>Papierkiste<\/strong> wird aus Papier hergestellt. Sie ist sowohl leicht als auch robust. Diese Eigenschaften sorgen daf\u00fcr, dass Ihre S\u00fc\u00dfigkeiten perfekt aufbewahrt werden, ohne dass sie rei\u00dfen. Sie eignet sich besonders gut f\u00fcr kleine S\u00fc\u00dfigkeiten, Kuchen oder \u00e4hnliches Geb\u00e4ck. Diese <strong>Papierkiste<\/strong> ist umweltfreundlich gestaltet. Wenn Sie sie verwenden, tun Sie etwas Gutes f\u00fcr unseren Planeten und profitieren gleichzeitig von einem funktionalen Produkt.     <\/p>\n<p>Und schlie\u00dflich ist diese <strong>wei\u00dfe Plisseekiste<\/strong> dank ihrer Verpackung zu <strong>1000 St\u00fcck<\/strong> ideal f\u00fcr gro\u00dfe Produktionen. So sind Sie f\u00fcr eine gro\u00dfe Anzahl von Zubereitungen ger\u00fcstet, ohne h\u00e4ufig nachbestellen zu m\u00fcssen. <\/p>\n<\/div>\n<\/div>\n<p>&nbsp;<\/p>\n<div class=\"flex w-full flex-col gap-1 empty:hidden first:pt-[3px]\">\n<div class=\"markdown prose w-full break-words dark:prose-invert light\">\n<p><!--more--><\/p>\n<p><strong>Kurz gesagt, nehmen Sie die runde wei\u00dfe Papierkiste an, um Ihre kulinarischen Kreationen zu vereinfachen und aufzuwerten.<\/strong><\/p>\n<\/div>\n<\/div>\n<\/div>\n<\/div>\n<div style=\"box-sizing: inherit; font-family: Roboto, sans-serif;\">\n<div style=\"box-sizing: inherit; font-family: Roboto, sans-serif;\">\n<div style=\"box-sizing: inherit; font-family: Roboto, sans-serif;\">\n<div style=\"box-sizing: inherit; font-family: Roboto, sans-serif;\">\n<div style=\"box-sizing: inherit; font-family: Roboto, sans-serif;\">\n<div style=\"box-sizing: inherit; font-family: Roboto, sans-serif;\">\n<div style=\"box-sizing: inherit; font-family: Roboto, sans-serif;\">\n<div style=\"box-sizing: inherit; font-family: Roboto, sans-serif;\">\n<div style=\"box-sizing: inherit; font-family: Roboto, sans-serif;\">\n<div style=\"box-sizing: inherit; font-family: Roboto, sans-serif;\">\n<div style=\"box-sizing: inherit; font-family: Roboto, sans-serif;\">\n<div style=\"box-sizing: inherit; font-family: Roboto, sans-serif;\">\n<div style=\"box-sizing: inherit; font-family: Roboto, sans-serif;\">\n<div class=\"flex flex-grow flex-col max-w-full\">\n<div class=\"min-h-[20px] text-message flex flex-col items-start whitespace-pre-wrap break-words [.text-message+&amp;]:mt-5 juice:w-full juice:items-end overflow-x-auto gap-2\" dir=\"auto\" data-message-author-role=\"assistant\" data-message-id=\"2034782e-88f9-44ef-b4dc-07dd7bf0115f\">\n<div class=\"flex w-full flex-col gap-1 juice:empty:hidden juice:first:pt-[3px]\">\n<div class=\"markdown prose w-full break-words dark:prose-invert light\">\n<div style=\"box-sizing: inherit; font-family: Roboto, sans-serif;\">\n<div style=\"box-sizing: inherit; font-family: Roboto, sans-serif;\">\n<div style=\"box-sizing: inherit; font-family: Roboto, sans-serif;\">\n<div style=\"box-sizing: inherit; font-family: Roboto, sans-serif;\">\n<div style=\"box-sizing: inherit; font-family: Roboto, sans-serif;\">\n<div style=\"box-sizing: inherit; font-family: Roboto, sans-serif;\">\n<div class=\"mb-2 flex gap-3 empty:hidden -ml-2\">\n<div class=\"items-center justify-start rounded-xl p-1 flex\">\n<div class=\"flex items-center\"><\/div>\n<\/div>\n<\/div>\n<p><!--more--><\/p>\n<h4 style=\"text-align: left;\"><strong>Die Vorteile unserer plissierten Papierkiste rund wei\u00df mit Mignardise 40 x 30 x 20 mm :<\/strong><\/h4>\n<\/div>\n<\/div>\n<\/div>\n<\/div>\n<\/div>\n<\/div>\n<\/div>\n<\/div>\n<\/div>\n<\/div>\n<\/div>\n<\/div>\n<\/div>\n<\/div>\n<\/div>\n<\/div>\n<\/div>\n<\/div>\n<\/div>\n<\/div>\n<\/div>\n<\/div>\n<\/div>\n<ul>\n<li><strong>Praktisch und vielseitig<\/strong>: Geeignet f\u00fcr Desserts und herzhafte H\u00e4ppchen, einfach zu verwenden.<\/li>\n<li><strong>Schlichte \u00c4sthetik<\/strong>: Die Farbe Wei\u00df wertet Ihre Kreationen auf und passt zu jedem Thema.<\/li>\n<li><strong>Vorteilhafte Verpackung<\/strong>: Wird zu 1000 St\u00fcck geliefert und ist ideal f\u00fcr gro\u00dfe Produktionen.<\/li>\n<\/ul>\n<p>&nbsp;<\/p>\n<p><!--more--><\/p>\n<h4>Weitere Informationen :<\/h4>\n<ul style=\"box-sizing: inherit; font-family: Roboto, sans-serif;\">\n<li><strong>Verpackung<\/strong>: Karton mit 1000 St\u00fcck<\/li>\n<li><span style=\"font-weight: bold;\">Gr\u00f6\u00dfe<\/span>: 40 x 30 x 20 (\u00d8 oben x \u00d8 unten x H in mm)<\/li>\n<li><strong>Material<\/strong>: Papier<\/li>\n<li><strong>Lebensmittelkontakt<\/strong>: Apte<\/li>\n<\/ul>\n<p>&nbsp;<\/p>\n<p><!--more--><\/p>\n<p>Hier finden Sie alle verf\u00fcgbaren Gr\u00f6\u00dfen f\u00fcr dieses Produkt : <span style=\"color: #d12727;\"><a style=\"color: #d12727;\" href=\"https:\/\/www.csj-emballages.com\/es\/produit\/caja-redonda-de-papel-plisado-blanco-para-mignardise-35-x-23-x-17-mm-por-1000\/\">T03BL<\/a><\/span> \/ <span style=\"color: #d12727;\"><a style=\"color: #d12727;\" href=\"https:\/\/www.csj-emballages.com\/es\/produit\/caja-redonda-de-papel-plisado-blanco-55-x-35-x-25-mm-1000-unid\/\">T07BL<\/a><\/span> \/ <span style=\"color: #d12727;\"><a style=\"color: #d12727;\" href=\"https:\/\/www.csj-emballages.com\/es\/produit\/caja-redonda-de-papel-plisado-blanco-60-x-45-x-25-mm-1000-unid\/\">T09BL<\/a><\/span> \/ <span style=\"color: #d12727;\"><a style=\"color: #d12727;\" href=\"https:\/\/www.csj-emballages.com\/es\/produit\/1000-cajas-ovaladas-plisadas-blancas-105-x-40-x-25-mm\/\">T88BL<\/a><\/span> \/ <span style=\"color: #d12727;\"><a style=\"color: #d12727;\" href=\"https:\/\/www.csj-emballages.com\/es\/produit\/1000-cajas-redondas-plegadas-blancas-70-x-20-mm\/\">T120BL<\/a><\/span> \/ <span style=\"color: #d12727;\"><a style=\"color: #d12727;\" href=\"https:\/\/www.csj-emballages.com\/es\/produit\/caja-redonda-de-papel-plisado-blanco-115-x-90-x-30-mm-paquete-de-1-000\/\">T1209BL<\/a><\/span><\/p>\n<p>&nbsp;<\/p>\n<p style=\"text-align: left;\"><!--more--><\/p>\n<p><a href=\"https:\/\/www.csj-emballages.com\/de\/categorie-produit\/lebensmittelverpackungen\/backerei-und-konditorei\/kuchensohlenhalter\/plissierte-kisten\/\">Sehen Sie sich den Rest unseres Sortiments an plissierten Kisten an<\/a><\/p>\n","protected":false},"excerpt":{"rendered":"<p>Papierkiste Beschreibung von unserer Papierkiste rund plissiert wei\u00df 40 x 30 x 20 mm pro 1000<\/p>\n","protected":false},"featured_media":214001,"template":"","meta":{"_acf_changed":false},"product_brand":[],"product_cat":[1137,1171,1925,3559],"product_tag":[],"class_list":{"0":"post-226025","1":"product","2":"type-product","3":"status-publish","4":"has-post-thumbnail","6":"product_cat-lebensmittelverpackungen","7":"product_cat-backerei-und-konditorei","8":"product_cat-kuchensohlenhalter","9":"product_cat-plissierte-kisten","11":"first","12":"instock","13":"taxable","14":"shipping-taxable","15":"purchasable","16":"product-type-simple"},"acf":[],"yoast_head":"<!-- This site is optimized with the Yoast SEO Premium plugin v26.6 (Yoast SEO v26.6) - https:\/\/yoast.com\/wordpress\/plugins\/seo\/ -->\n<title>Papierkiste Rund Plissiert Wei\u00df - 40 x 30 x 20 mm<\/title>\n<meta name=\"description\" content=\"Wei\u00dfe, plissierte Papierkiste 40 x 30 x 20 mm . Praktisch und elegant, ideal zum Pr\u00e4sentieren Ihrer h\u00fcbschen Mignardises.\" \/>\n<meta name=\"robots\" content=\"index, follow, max-snippet:-1, max-image-preview:large, max-video-preview:-1\" \/>\n<link rel=\"canonical\" href=\"https:\/\/www.csj-emballages.com\/de\/produit\/papierkiste-rund-plissiert-weiss-mit-mignardise-40-x-30-x-20-mm-pro-1000\/\" \/>\n<meta property=\"og:locale\" content=\"de_DE\" \/>\n<meta property=\"og:type\" content=\"article\" \/>\n<meta property=\"og:title\" content=\"Papierkiste rund plissiert wei\u00df mit Mignardise 40 x 30 x 20 mm pro 1000\" \/>\n<meta property=\"og:description\" content=\"Wei\u00dfe, plissierte Papierkiste 40 x 30 x 20 mm . Praktisch und elegant, ideal zum Pr\u00e4sentieren Ihrer h\u00fcbschen Mignardises.\" \/>\n<meta property=\"og:url\" content=\"https:\/\/www.csj-emballages.com\/de\/produit\/papierkiste-rund-plissiert-weiss-mit-mignardise-40-x-30-x-20-mm-pro-1000\/\" \/>\n<meta property=\"og:site_name\" content=\"CSJ Emballages\" \/>\n<meta property=\"article:publisher\" content=\"https:\/\/www.facebook.com\/csjemballages\" \/>\n<meta property=\"article:modified_time\" content=\"2026-03-27T01:17:37+00:00\" \/>\n<meta property=\"og:image\" content=\"https:\/\/www.csj-emballages.com\/wp-content\/uploads\/2024\/12\/CAISW05.webp\" \/>\n\t<meta property=\"og:image:width\" content=\"800\" \/>\n\t<meta property=\"og:image:height\" content=\"799\" \/>\n\t<meta property=\"og:image:type\" content=\"image\/webp\" \/>\n<meta name=\"twitter:card\" content=\"summary_large_image\" \/>\n<meta name=\"twitter:label1\" content=\"Gesch\u00e4tzte Lesezeit\" \/>\n\t<meta name=\"twitter:data1\" content=\"2 Minuten\" \/>\n<script type=\"application\/ld+json\" class=\"yoast-schema-graph\">{\"@context\":\"https:\/\/schema.org\",\"@graph\":[{\"@type\":\"WebPage\",\"@id\":\"https:\/\/www.csj-emballages.com\/de\/produit\/papierkiste-rund-plissiert-weiss-mit-mignardise-40-x-30-x-20-mm-pro-1000\/\",\"url\":\"https:\/\/www.csj-emballages.com\/de\/produit\/papierkiste-rund-plissiert-weiss-mit-mignardise-40-x-30-x-20-mm-pro-1000\/\",\"name\":\"Papierkiste Rund Plissiert Wei\u00df - 40 x 30 x 20 mm\",\"isPartOf\":{\"@id\":\"https:\/\/www.csj-emballages.com\/de\/#website\"},\"primaryImageOfPage\":{\"@id\":\"https:\/\/www.csj-emballages.com\/de\/produit\/papierkiste-rund-plissiert-weiss-mit-mignardise-40-x-30-x-20-mm-pro-1000\/#primaryimage\"},\"image\":{\"@id\":\"https:\/\/www.csj-emballages.com\/de\/produit\/papierkiste-rund-plissiert-weiss-mit-mignardise-40-x-30-x-20-mm-pro-1000\/#primaryimage\"},\"thumbnailUrl\":\"https:\/\/www.csj-emballages.com\/wp-content\/uploads\/2024\/12\/CAISW05.webp\",\"datePublished\":\"2024-12-18T01:18:27+00:00\",\"dateModified\":\"2026-03-27T01:17:37+00:00\",\"description\":\"Wei\u00dfe, plissierte Papierkiste 40 x 30 x 20 mm . Praktisch und elegant, ideal zum Pr\u00e4sentieren Ihrer h\u00fcbschen Mignardises.\",\"breadcrumb\":{\"@id\":\"https:\/\/www.csj-emballages.com\/de\/produit\/papierkiste-rund-plissiert-weiss-mit-mignardise-40-x-30-x-20-mm-pro-1000\/#breadcrumb\"},\"inLanguage\":\"de\",\"potentialAction\":[{\"@type\":\"ReadAction\",\"target\":[\"https:\/\/www.csj-emballages.com\/de\/produit\/papierkiste-rund-plissiert-weiss-mit-mignardise-40-x-30-x-20-mm-pro-1000\/\"]}]},{\"@type\":\"ImageObject\",\"inLanguage\":\"de\",\"@id\":\"https:\/\/www.csj-emballages.com\/de\/produit\/papierkiste-rund-plissiert-weiss-mit-mignardise-40-x-30-x-20-mm-pro-1000\/#primaryimage\",\"url\":\"https:\/\/www.csj-emballages.com\/wp-content\/uploads\/2024\/12\/CAISW05.webp\",\"contentUrl\":\"https:\/\/www.csj-emballages.com\/wp-content\/uploads\/2024\/12\/CAISW05.webp\",\"width\":800,\"height\":799,\"caption\":\"Caissette papier\"},{\"@type\":\"BreadcrumbList\",\"@id\":\"https:\/\/www.csj-emballages.com\/de\/produit\/papierkiste-rund-plissiert-weiss-mit-mignardise-40-x-30-x-20-mm-pro-1000\/#breadcrumb\",\"itemListElement\":[{\"@type\":\"ListItem\",\"position\":1,\"name\":\"Accueil\",\"item\":\"https:\/\/www.csj-emballages.com\/de\/universum-lebensmittelverpackungen\/\"},{\"@type\":\"ListItem\",\"position\":2,\"name\":\"Shop\",\"item\":\"https:\/\/www.csj-emballages.com\/shop\/\"},{\"@type\":\"ListItem\",\"position\":3,\"name\":\"Papierkiste rund plissiert wei\u00df mit Mignardise 40 x 30 x 20 mm pro 1000\"}]},{\"@type\":\"WebSite\",\"@id\":\"https:\/\/www.csj-emballages.com\/de\/#website\",\"url\":\"https:\/\/www.csj-emballages.com\/de\/\",\"name\":\"CSJ Emballages\",\"description\":\"\",\"publisher\":{\"@id\":\"https:\/\/www.csj-emballages.com\/de\/#organization\"},\"potentialAction\":[{\"@type\":\"SearchAction\",\"target\":{\"@type\":\"EntryPoint\",\"urlTemplate\":\"https:\/\/www.csj-emballages.com\/de\/?s={search_term_string}\"},\"query-input\":{\"@type\":\"PropertyValueSpecification\",\"valueRequired\":true,\"valueName\":\"search_term_string\"}}],\"inLanguage\":\"de\"},{\"@type\":\"Organization\",\"@id\":\"https:\/\/www.csj-emballages.com\/de\/#Organization\/\",\"name\":\"CSJ Emballages\",\"url\":\"https:\/\/www.csj-emballages.com\/de\/\",\"logo\":{\"@type\":\"ImageObject\",\"inLanguage\":\"de\",\"@id\":\"https:\/\/www.csj-emballages.com\/de\/#\/schema\/logo\/image\/\",\"url\":\"https:\/\/www.csj-emballages.com\/wp-content\/uploads\/2023\/10\/logo_csj.webp\",\"contentUrl\":\"https:\/\/www.csj-emballages.com\/wp-content\/uploads\/2023\/10\/logo_csj.webp\",\"width\":250,\"height\":95,\"caption\":\"CSJ Emballages\"},\"image\":{\"@id\":\"https:\/\/www.csj-emballages.com\/de\/#\/schema\/logo\/image\/\"},\"sameAs\":[\"https:\/\/www.facebook.com\/csjemballages\"],\"address\":{\"@type\":\"PostalAddress\",\"streetAddress\":\"ZI La Lechere\",\"addressLocality\":\"Patornay\",\"postalCode\":\"39130\",\"addressCountry\":\"FR\"},\"contactPoint\":[{\"@type\":\"ContactPoint\",\"contactType\":\"Service client\",\"telephone\":\"0384254272\",\"email\":\"contact@csj-emballages.com\"}]}]}<\/script>\n<!-- \/ Yoast SEO Premium plugin. -->","yoast_head_json":{"title":"Papierkiste Rund Plissiert Wei\u00df - 40 x 30 x 20 mm","description":"Wei\u00dfe, plissierte Papierkiste 40 x 30 x 20 mm . Praktisch und elegant, ideal zum Pr\u00e4sentieren Ihrer h\u00fcbschen Mignardises.","robots":{"index":"index","follow":"follow","max-snippet":"max-snippet:-1","max-image-preview":"max-image-preview:large","max-video-preview":"max-video-preview:-1"},"canonical":"https:\/\/www.csj-emballages.com\/de\/produit\/papierkiste-rund-plissiert-weiss-mit-mignardise-40-x-30-x-20-mm-pro-1000\/","og_locale":"de_DE","og_type":"article","og_title":"Papierkiste rund plissiert wei\u00df mit Mignardise 40 x 30 x 20 mm pro 1000","og_description":"Wei\u00dfe, plissierte Papierkiste 40 x 30 x 20 mm . Praktisch und elegant, ideal zum Pr\u00e4sentieren Ihrer h\u00fcbschen Mignardises.","og_url":"https:\/\/www.csj-emballages.com\/de\/produit\/papierkiste-rund-plissiert-weiss-mit-mignardise-40-x-30-x-20-mm-pro-1000\/","og_site_name":"CSJ Emballages","article_publisher":"https:\/\/www.facebook.com\/csjemballages","article_modified_time":"2026-03-27T01:17:37+00:00","og_image":[{"width":800,"height":799,"url":"https:\/\/www.csj-emballages.com\/wp-content\/uploads\/2024\/12\/CAISW05.webp","type":"image\/webp"}],"twitter_card":"summary_large_image","twitter_misc":{"Gesch\u00e4tzte Lesezeit":"2 Minuten"},"schema":{"@context":"https:\/\/schema.org","@graph":[{"@type":"WebPage","@id":"https:\/\/www.csj-emballages.com\/de\/produit\/papierkiste-rund-plissiert-weiss-mit-mignardise-40-x-30-x-20-mm-pro-1000\/","url":"https:\/\/www.csj-emballages.com\/de\/produit\/papierkiste-rund-plissiert-weiss-mit-mignardise-40-x-30-x-20-mm-pro-1000\/","name":"Papierkiste Rund Plissiert Wei\u00df - 40 x 30 x 20 mm","isPartOf":{"@id":"https:\/\/www.csj-emballages.com\/de\/#website"},"primaryImageOfPage":{"@id":"https:\/\/www.csj-emballages.com\/de\/produit\/papierkiste-rund-plissiert-weiss-mit-mignardise-40-x-30-x-20-mm-pro-1000\/#primaryimage"},"image":{"@id":"https:\/\/www.csj-emballages.com\/de\/produit\/papierkiste-rund-plissiert-weiss-mit-mignardise-40-x-30-x-20-mm-pro-1000\/#primaryimage"},"thumbnailUrl":"https:\/\/www.csj-emballages.com\/wp-content\/uploads\/2024\/12\/CAISW05.webp","datePublished":"2024-12-18T01:18:27+00:00","dateModified":"2026-03-27T01:17:37+00:00","description":"Wei\u00dfe, plissierte Papierkiste 40 x 30 x 20 mm . Praktisch und elegant, ideal zum Pr\u00e4sentieren Ihrer h\u00fcbschen Mignardises.","breadcrumb":{"@id":"https:\/\/www.csj-emballages.com\/de\/produit\/papierkiste-rund-plissiert-weiss-mit-mignardise-40-x-30-x-20-mm-pro-1000\/#breadcrumb"},"inLanguage":"de","potentialAction":[{"@type":"ReadAction","target":["https:\/\/www.csj-emballages.com\/de\/produit\/papierkiste-rund-plissiert-weiss-mit-mignardise-40-x-30-x-20-mm-pro-1000\/"]}]},{"@type":"ImageObject","inLanguage":"de","@id":"https:\/\/www.csj-emballages.com\/de\/produit\/papierkiste-rund-plissiert-weiss-mit-mignardise-40-x-30-x-20-mm-pro-1000\/#primaryimage","url":"https:\/\/www.csj-emballages.com\/wp-content\/uploads\/2024\/12\/CAISW05.webp","contentUrl":"https:\/\/www.csj-emballages.com\/wp-content\/uploads\/2024\/12\/CAISW05.webp","width":800,"height":799,"caption":"Caissette papier"},{"@type":"BreadcrumbList","@id":"https:\/\/www.csj-emballages.com\/de\/produit\/papierkiste-rund-plissiert-weiss-mit-mignardise-40-x-30-x-20-mm-pro-1000\/#breadcrumb","itemListElement":[{"@type":"ListItem","position":1,"name":"Accueil","item":"https:\/\/www.csj-emballages.com\/de\/universum-lebensmittelverpackungen\/"},{"@type":"ListItem","position":2,"name":"Shop","item":"https:\/\/www.csj-emballages.com\/shop\/"},{"@type":"ListItem","position":3,"name":"Papierkiste rund plissiert wei\u00df mit Mignardise 40 x 30 x 20 mm pro 1000"}]},{"@type":"WebSite","@id":"https:\/\/www.csj-emballages.com\/de\/#website","url":"https:\/\/www.csj-emballages.com\/de\/","name":"CSJ Emballages","description":"","publisher":{"@id":"https:\/\/www.csj-emballages.com\/de\/#organization"},"potentialAction":[{"@type":"SearchAction","target":{"@type":"EntryPoint","urlTemplate":"https:\/\/www.csj-emballages.com\/de\/?s={search_term_string}"},"query-input":{"@type":"PropertyValueSpecification","valueRequired":true,"valueName":"search_term_string"}}],"inLanguage":"de"},{"@type":"Organization","@id":"https:\/\/www.csj-emballages.com\/de\/#Organization\/","name":"CSJ Emballages","url":"https:\/\/www.csj-emballages.com\/de\/","logo":{"@type":"ImageObject","inLanguage":"de","@id":"https:\/\/www.csj-emballages.com\/de\/#\/schema\/logo\/image\/","url":"https:\/\/www.csj-emballages.com\/wp-content\/uploads\/2023\/10\/logo_csj.webp","contentUrl":"https:\/\/www.csj-emballages.com\/wp-content\/uploads\/2023\/10\/logo_csj.webp","width":250,"height":95,"caption":"CSJ Emballages"},"image":{"@id":"https:\/\/www.csj-emballages.com\/de\/#\/schema\/logo\/image\/"},"sameAs":["https:\/\/www.facebook.com\/csjemballages"],"address":{"@type":"PostalAddress","streetAddress":"ZI La Lechere","addressLocality":"Patornay","postalCode":"39130","addressCountry":"FR"},"contactPoint":[{"@type":"ContactPoint","contactType":"Service client","telephone":"0384254272","email":"contact@csj-emballages.com"}]}]}},"df_price":6.07,"df_sale_price":"","df_regular_price":6.07,"df_image_link":"https:\/\/www.csj-emballages.com\/wp-content\/uploads\/2024\/12\/CAISW05-300x300.webp","tiered_pricing_type":"fixed","tiered_pricing_fixed_rules":[],"tiered_pricing_percentage_rules":[],"tiered_pricing_minimum":1,"tiered_pricing_roles_data":[],"_links":{"self":[{"href":"https:\/\/www.csj-emballages.com\/de\/wp-json\/wp\/v2\/product\/226025","targetHints":{"allow":["GET"]}}],"collection":[{"href":"https:\/\/www.csj-emballages.com\/de\/wp-json\/wp\/v2\/product"}],"about":[{"href":"https:\/\/www.csj-emballages.com\/de\/wp-json\/wp\/v2\/types\/product"}],"wp:featuredmedia":[{"embeddable":true,"href":"https:\/\/www.csj-emballages.com\/de\/wp-json\/wp\/v2\/media\/214001"}],"wp:attachment":[{"href":"https:\/\/www.csj-emballages.com\/de\/wp-json\/wp\/v2\/media?parent=226025"}],"wp:term":[{"taxonomy":"product_brand","embeddable":true,"href":"https:\/\/www.csj-emballages.com\/de\/wp-json\/wp\/v2\/product_brand?post=226025"},{"taxonomy":"product_cat","embeddable":true,"href":"https:\/\/www.csj-emballages.com\/de\/wp-json\/wp\/v2\/product_cat?post=226025"},{"taxonomy":"product_tag","embeddable":true,"href":"https:\/\/www.csj-emballages.com\/de\/wp-json\/wp\/v2\/product_tag?post=226025"}],"curies":[{"name":"wp","href":"https:\/\/api.w.org\/{rel}","templated":true}]}}