{"id":226019,"date":"2024-12-14T02:18:27","date_gmt":"2024-12-14T01:18:27","guid":{"rendered":"https:\/\/www.csj-emballages.com\/produit\/kartonschachtel-fenster-24-x-24-x-4-cm-pro-50\/"},"modified":"2026-03-24T02:12:50","modified_gmt":"2026-03-24T01:12:50","slug":"kartonschachtel-fenster-24-x-24-x-4-cm-pro-50","status":"publish","type":"product","link":"https:\/\/www.csj-emballages.com\/de\/produit\/kartonschachtel-fenster-24-x-24-x-4-cm-pro-50\/","title":{"rendered":"Kartonschachtel Fenster 24 x 24 x 4 cm pro 50"},"content":{"rendered":"<h2>Kartonschachtel Fenster<\/h2>\n<hr>\n<h3>Beschreibung von unserem Fensterkarton 24 x 24 x 4 cm pro 50<!--more--><\/h3>\n<div class=\"flex max-w-full flex-col flex-grow\">\n<div class=\"min-h-8 text-message flex w-full flex-col items-end gap-2 whitespace-normal break-words text-start [.text-message+&amp;]:mt-5\" dir=\"auto\" data-message-author-role=\"assistant\" data-message-id=\"266ca6f3-5e07-4948-bd20-80ac5e6da4a5\" data-message-model-slug=\"gpt-4o\">\n<div class=\"flex w-full flex-col gap-1 empty:hidden first:pt-[3px]\">\n<div class=\"markdown prose w-full break-words dark:prose-invert dark\">\n<p data-start=\"99\" data-end=\"592\">Entdecken Sie unsere <strong data-start=\"115\" data-end=\"161\">Fensterkartonschachtel 24 x 24 x 4 cm zu 50 St\u00fcck<\/strong>, die ideale Verpackung, um Ihre s\u00fc\u00dfen oder herzhaften Kreationen zur Geltung zu bringen und gleichzeitig eine gepflegte und professionelle Pr\u00e4sentation zu gew\u00e4hrleisten. Die aus hochwertigem Karton gefertigte <strong>Fensterschachtel<\/strong> vereint Stabilit\u00e4t und Praktikabilit\u00e4t. Dank des <strong data-start=\"382\" data-end=\"406\">transparenten Fensters<\/strong> k\u00f6nnen Ihre Kunden Ihre Produkte direkt sehen, ohne die Verpackung \u00f6ffnen zu m\u00fcssen, wodurch ein Schaufenster-Effekt entsteht, der im Take-away-Bereich und in der Patisserie sehr gesch\u00e4tzt wird.  <\/p>\n<p data-start=\"594\" data-end=\"1046\">Denn mit ihren Ma\u00dfen von <strong>24 x 24 x 4 cm<\/strong> eignet sich diese <strong>Box<\/strong> perfekt f\u00fcr feines Geb\u00e4ck oder kleine herzhafte Gerichte. Ihre kompakte Gr\u00f6\u00dfe erleichtert den Transport und bietet gleichzeitig einen optimalen Schutz vor St\u00f6\u00dfen und Feuchtigkeit. Ihr schlichtes Design passt in jede Welt: B\u00e4ckerei, Feinkostgesch\u00e4ft, Schnellrestaurant oder sogar private Veranstaltungen.  <\/p>\n<p data-start=\"1048\" data-end=\"1337\">Ebenso entspricht sie, <strong data-start=\"1061\" data-end=\"1078\">in Packungen zu 50 St\u00fcck<\/strong> verpackt, den Bed\u00fcrfnissen von Profis, die einen praktischen und kosteng\u00fcnstigen Vorrat suchen, ohne Kompromisse bei der Qualit\u00e4t einzugehen.<\/p>\n<p data-start=\"1339\" data-end=\"1569\">Die Entscheidung f\u00fcr diese <strong data-start=\"1356\" data-end=\"1380\">Fensterkartonschachtel<\/strong> ist ein echter Imagegewinn: Ihre Kunden gehen mit einer raffinierten, praktischen und umweltfreundlichen Verpackung nach Hause. Eine perfekte L\u00f6sung, um \u00c4sthetik und Funktionalit\u00e4t im Alltag zu vereinen. <\/p>\n<p data-start=\"1339\" data-end=\"1569\">\n<\/div>\n<\/div>\n<\/div>\n<\/div>\n<p><!--more--><\/p>\n<h4>Vorteile :<\/h4>\n<ul>\n<li>Dank des<strong> transparenten Fensters <\/strong>hebt diese Schachtel die Produkte besonders hervor.<\/li>\n<li>Stabiler und widerstandsf\u00e4higer Karton zum Schutz Ihrer Zubereitungen.<\/li>\n<li>Praktisches Format <strong>24 x 24 x 4 cm,<\/strong> das f\u00fcr kleine Leckereien geeignet ist.<\/li>\n<li>Sparset mit <strong>50 Boxen<\/strong> f\u00fcr den professionellen Einsatz.<\/li>\n<li>Elegantes Design, das sich f\u00fcr alle Lebensmittelbereiche eignet.<\/li>\n<\/ul>\n<p>&nbsp;<\/p>\n<p><!--more--><\/p>\n<h4>Weitere Informationen :<\/h4>\n<ul>\n<li><strong>Verpackung<\/strong>: Packung mit 50 St\u00fcck<\/li>\n<li><strong>Ma\u00dfe<\/strong>: 24 x 24 x 4 cm (L x B x H)<\/li>\n<li><strong>Material<\/strong>: Karton \/ PET<\/li>\n<li><strong>Farbe<\/strong>: Kraft<\/li>\n<\/ul>\n<p>&nbsp;<\/p>\n<p><!--more--><\/p>\n<p>Produkt in verschiedenen Gr\u00f6\u00dfen erh\u00e4ltlich : <span style=\"color: #d12727;\"><a style=\"color: #d12727;\" href=\"https:\/\/www.csj-emballages.com\/de\/produit\/kartonschachtel-fenster-10-x-10-x-4-cm-pro-50\/\">10 x 10 x 4 cm<\/a> <\/span>\/ <span style=\"color: #d12727;\"><a style=\"color: #d12727;\" href=\"https:\/\/www.csj-emballages.com\/de\/produit\/kartonschachtel-fenster-14-x-14-x-6-cm-pro-50\/\">14 x 14 x 6 cm<\/a> <span style=\"color: #000000;\">\/<\/span> <a style=\"color: #d12727;\" href=\"https:\/\/www.csj-emballages.com\/de\/produit\/kartonschachtel-fenster-20-x-12-x-4-cm-pro-50\/\">20 x 12 x 4 cm<\/a> <span style=\"color: #000000;\">\/<\/span> <a style=\"color: #d12727;\" href=\"https:\/\/www.csj-emballages.com\/de\/produit\/kartonschachtel-fenster-15-x-9-x-4-5-cm-pro-50\/\">15 x 9 x 4,5 cm<\/a> <span style=\"color: #000000;\">\/<\/span> <a style=\"color: #d12727;\" href=\"https:\/\/www.csj-emballages.com\/de\/produit\/50-schachteln-fensterkarton-20-x-6-cm\/\">20 x 20 x 4 cm<\/a><\/span><\/p>\n<p>&nbsp;<\/p>\n<p><!--more--><\/p>\n<p><a href=\"https:\/\/www.csj-emballages.com\/de\/categorie-produit\/lebensmittelverpackungen\/backerei-und-konditorei\/schachteln-und-etuis\/fensterkasten\/\">Sehen Sie sich den Rest unseres Sortiments an Fensterk\u00e4sten an<\/a><\/p>\n","protected":false},"excerpt":{"rendered":"<p>Kartonschachtel Fenster Beschreibung von unserem Fensterkarton 24 x 24 x 4 cm pro 50<\/p>\n","protected":false},"featured_media":221556,"template":"","meta":{"_acf_changed":false},"product_brand":[],"product_cat":[1137,1171,3964,1172,1256,3935],"product_tag":[],"class_list":{"0":"post-226019","1":"product","2":"type-product","3":"status-publish","4":"has-post-thumbnail","6":"product_cat-lebensmittelverpackungen","7":"product_cat-backerei-und-konditorei","8":"product_cat-schachteln-und-etuis","9":"product_cat-fensterkasten","10":"product_cat-gebackschachteln","11":"product_cat-gebackschachteln-fenster","13":"first","14":"instock","15":"taxable","16":"shipping-taxable","17":"purchasable","18":"product-type-simple"},"acf":[],"yoast_head":"<!-- This site is optimized with the Yoast SEO Premium plugin v26.6 (Yoast SEO v26.6) - https:\/\/yoast.com\/wordpress\/plugins\/seo\/ -->\n<title>Kartonbox Fenster 24 x 24 x 4 cm pro 50<\/title>\n<meta name=\"description\" content=\"Kartonschachtel mit Fenster 24 x 24 x 4 cm - Ideal f\u00fcr Geb\u00e4ck, Snacks und Einzelportionen. Strapazierf\u00e4hig, recycelbar und perfekt f\u00fcr den Transport.\" \/>\n<meta name=\"robots\" content=\"index, follow, max-snippet:-1, max-image-preview:large, max-video-preview:-1\" \/>\n<link rel=\"canonical\" href=\"https:\/\/www.csj-emballages.com\/de\/produit\/kartonschachtel-fenster-24-x-24-x-4-cm-pro-50\/\" \/>\n<meta property=\"og:locale\" content=\"de_DE\" \/>\n<meta property=\"og:type\" content=\"article\" \/>\n<meta property=\"og:title\" content=\"Kartonschachtel Fenster 24 x 24 x 4 cm pro 50\" \/>\n<meta property=\"og:description\" content=\"Kartonschachtel mit Fenster 24 x 24 x 4 cm - Ideal f\u00fcr Geb\u00e4ck, Snacks und Einzelportionen. Strapazierf\u00e4hig, recycelbar und perfekt f\u00fcr den Transport.\" \/>\n<meta property=\"og:url\" content=\"https:\/\/www.csj-emballages.com\/de\/produit\/kartonschachtel-fenster-24-x-24-x-4-cm-pro-50\/\" \/>\n<meta property=\"og:site_name\" content=\"CSJ Emballages\" \/>\n<meta property=\"article:publisher\" content=\"https:\/\/www.facebook.com\/csjemballages\" \/>\n<meta property=\"article:modified_time\" content=\"2026-03-24T01:12:50+00:00\" \/>\n<meta property=\"og:image\" content=\"https:\/\/www.csj-emballages.com\/wp-content\/uploads\/2024\/12\/BTPF24.webp\" \/>\n\t<meta property=\"og:image:width\" content=\"800\" \/>\n\t<meta property=\"og:image:height\" content=\"800\" \/>\n\t<meta property=\"og:image:type\" content=\"image\/webp\" \/>\n<meta name=\"twitter:card\" content=\"summary_large_image\" \/>\n<meta name=\"twitter:label1\" content=\"Gesch\u00e4tzte Lesezeit\" \/>\n\t<meta name=\"twitter:data1\" content=\"2 Minuten\" \/>\n<script type=\"application\/ld+json\" class=\"yoast-schema-graph\">{\"@context\":\"https:\/\/schema.org\",\"@graph\":[{\"@type\":\"WebPage\",\"@id\":\"https:\/\/www.csj-emballages.com\/de\/produit\/kartonschachtel-fenster-24-x-24-x-4-cm-pro-50\/\",\"url\":\"https:\/\/www.csj-emballages.com\/de\/produit\/kartonschachtel-fenster-24-x-24-x-4-cm-pro-50\/\",\"name\":\"Kartonbox Fenster 24 x 24 x 4 cm pro 50\",\"isPartOf\":{\"@id\":\"https:\/\/www.csj-emballages.com\/de\/#website\"},\"primaryImageOfPage\":{\"@id\":\"https:\/\/www.csj-emballages.com\/de\/produit\/kartonschachtel-fenster-24-x-24-x-4-cm-pro-50\/#primaryimage\"},\"image\":{\"@id\":\"https:\/\/www.csj-emballages.com\/de\/produit\/kartonschachtel-fenster-24-x-24-x-4-cm-pro-50\/#primaryimage\"},\"thumbnailUrl\":\"https:\/\/www.csj-emballages.com\/wp-content\/uploads\/2024\/12\/BTPF24.webp\",\"datePublished\":\"2024-12-14T01:18:27+00:00\",\"dateModified\":\"2026-03-24T01:12:50+00:00\",\"description\":\"Kartonschachtel mit Fenster 24 x 24 x 4 cm - Ideal f\u00fcr Geb\u00e4ck, Snacks und Einzelportionen. Strapazierf\u00e4hig, recycelbar und perfekt f\u00fcr den Transport.\",\"breadcrumb\":{\"@id\":\"https:\/\/www.csj-emballages.com\/de\/produit\/kartonschachtel-fenster-24-x-24-x-4-cm-pro-50\/#breadcrumb\"},\"inLanguage\":\"de\",\"potentialAction\":[{\"@type\":\"ReadAction\",\"target\":[\"https:\/\/www.csj-emballages.com\/de\/produit\/kartonschachtel-fenster-24-x-24-x-4-cm-pro-50\/\"]}]},{\"@type\":\"ImageObject\",\"inLanguage\":\"de\",\"@id\":\"https:\/\/www.csj-emballages.com\/de\/produit\/kartonschachtel-fenster-24-x-24-x-4-cm-pro-50\/#primaryimage\",\"url\":\"https:\/\/www.csj-emballages.com\/wp-content\/uploads\/2024\/12\/BTPF24.webp\",\"contentUrl\":\"https:\/\/www.csj-emballages.com\/wp-content\/uploads\/2024\/12\/BTPF24.webp\",\"width\":800,\"height\":800,\"caption\":\"Boite carton fen\u00eatre\"},{\"@type\":\"BreadcrumbList\",\"@id\":\"https:\/\/www.csj-emballages.com\/de\/produit\/kartonschachtel-fenster-24-x-24-x-4-cm-pro-50\/#breadcrumb\",\"itemListElement\":[{\"@type\":\"ListItem\",\"position\":1,\"name\":\"Accueil\",\"item\":\"https:\/\/www.csj-emballages.com\/de\/universum-lebensmittelverpackungen\/\"},{\"@type\":\"ListItem\",\"position\":2,\"name\":\"Shop\",\"item\":\"https:\/\/www.csj-emballages.com\/shop\/\"},{\"@type\":\"ListItem\",\"position\":3,\"name\":\"Kartonschachtel Fenster 24 x 24 x 4 cm pro 50\"}]},{\"@type\":\"WebSite\",\"@id\":\"https:\/\/www.csj-emballages.com\/de\/#website\",\"url\":\"https:\/\/www.csj-emballages.com\/de\/\",\"name\":\"CSJ Emballages\",\"description\":\"\",\"publisher\":{\"@id\":\"https:\/\/www.csj-emballages.com\/de\/#organization\"},\"potentialAction\":[{\"@type\":\"SearchAction\",\"target\":{\"@type\":\"EntryPoint\",\"urlTemplate\":\"https:\/\/www.csj-emballages.com\/de\/?s={search_term_string}\"},\"query-input\":{\"@type\":\"PropertyValueSpecification\",\"valueRequired\":true,\"valueName\":\"search_term_string\"}}],\"inLanguage\":\"de\"},{\"@type\":\"Organization\",\"@id\":\"https:\/\/www.csj-emballages.com\/de\/#Organization\/\",\"name\":\"CSJ Emballages\",\"url\":\"https:\/\/www.csj-emballages.com\/de\/\",\"logo\":{\"@type\":\"ImageObject\",\"inLanguage\":\"de\",\"@id\":\"https:\/\/www.csj-emballages.com\/de\/#\/schema\/logo\/image\/\",\"url\":\"https:\/\/www.csj-emballages.com\/wp-content\/uploads\/2023\/10\/logo_csj.webp\",\"contentUrl\":\"https:\/\/www.csj-emballages.com\/wp-content\/uploads\/2023\/10\/logo_csj.webp\",\"width\":250,\"height\":95,\"caption\":\"CSJ Emballages\"},\"image\":{\"@id\":\"https:\/\/www.csj-emballages.com\/de\/#\/schema\/logo\/image\/\"},\"sameAs\":[\"https:\/\/www.facebook.com\/csjemballages\"],\"address\":{\"@type\":\"PostalAddress\",\"streetAddress\":\"ZI La Lechere\",\"addressLocality\":\"Patornay\",\"postalCode\":\"39130\",\"addressCountry\":\"FR\"},\"contactPoint\":[{\"@type\":\"ContactPoint\",\"contactType\":\"Service client\",\"telephone\":\"0384254272\",\"email\":\"contact@csj-emballages.com\"}]}]}<\/script>\n<!-- \/ Yoast SEO Premium plugin. -->","yoast_head_json":{"title":"Kartonbox Fenster 24 x 24 x 4 cm pro 50","description":"Kartonschachtel mit Fenster 24 x 24 x 4 cm - Ideal f\u00fcr Geb\u00e4ck, Snacks und Einzelportionen. Strapazierf\u00e4hig, recycelbar und perfekt f\u00fcr den Transport.","robots":{"index":"index","follow":"follow","max-snippet":"max-snippet:-1","max-image-preview":"max-image-preview:large","max-video-preview":"max-video-preview:-1"},"canonical":"https:\/\/www.csj-emballages.com\/de\/produit\/kartonschachtel-fenster-24-x-24-x-4-cm-pro-50\/","og_locale":"de_DE","og_type":"article","og_title":"Kartonschachtel Fenster 24 x 24 x 4 cm pro 50","og_description":"Kartonschachtel mit Fenster 24 x 24 x 4 cm - Ideal f\u00fcr Geb\u00e4ck, Snacks und Einzelportionen. Strapazierf\u00e4hig, recycelbar und perfekt f\u00fcr den Transport.","og_url":"https:\/\/www.csj-emballages.com\/de\/produit\/kartonschachtel-fenster-24-x-24-x-4-cm-pro-50\/","og_site_name":"CSJ Emballages","article_publisher":"https:\/\/www.facebook.com\/csjemballages","article_modified_time":"2026-03-24T01:12:50+00:00","og_image":[{"width":800,"height":800,"url":"https:\/\/www.csj-emballages.com\/wp-content\/uploads\/2024\/12\/BTPF24.webp","type":"image\/webp"}],"twitter_card":"summary_large_image","twitter_misc":{"Gesch\u00e4tzte Lesezeit":"2 Minuten"},"schema":{"@context":"https:\/\/schema.org","@graph":[{"@type":"WebPage","@id":"https:\/\/www.csj-emballages.com\/de\/produit\/kartonschachtel-fenster-24-x-24-x-4-cm-pro-50\/","url":"https:\/\/www.csj-emballages.com\/de\/produit\/kartonschachtel-fenster-24-x-24-x-4-cm-pro-50\/","name":"Kartonbox Fenster 24 x 24 x 4 cm pro 50","isPartOf":{"@id":"https:\/\/www.csj-emballages.com\/de\/#website"},"primaryImageOfPage":{"@id":"https:\/\/www.csj-emballages.com\/de\/produit\/kartonschachtel-fenster-24-x-24-x-4-cm-pro-50\/#primaryimage"},"image":{"@id":"https:\/\/www.csj-emballages.com\/de\/produit\/kartonschachtel-fenster-24-x-24-x-4-cm-pro-50\/#primaryimage"},"thumbnailUrl":"https:\/\/www.csj-emballages.com\/wp-content\/uploads\/2024\/12\/BTPF24.webp","datePublished":"2024-12-14T01:18:27+00:00","dateModified":"2026-03-24T01:12:50+00:00","description":"Kartonschachtel mit Fenster 24 x 24 x 4 cm - Ideal f\u00fcr Geb\u00e4ck, Snacks und Einzelportionen. Strapazierf\u00e4hig, recycelbar und perfekt f\u00fcr den Transport.","breadcrumb":{"@id":"https:\/\/www.csj-emballages.com\/de\/produit\/kartonschachtel-fenster-24-x-24-x-4-cm-pro-50\/#breadcrumb"},"inLanguage":"de","potentialAction":[{"@type":"ReadAction","target":["https:\/\/www.csj-emballages.com\/de\/produit\/kartonschachtel-fenster-24-x-24-x-4-cm-pro-50\/"]}]},{"@type":"ImageObject","inLanguage":"de","@id":"https:\/\/www.csj-emballages.com\/de\/produit\/kartonschachtel-fenster-24-x-24-x-4-cm-pro-50\/#primaryimage","url":"https:\/\/www.csj-emballages.com\/wp-content\/uploads\/2024\/12\/BTPF24.webp","contentUrl":"https:\/\/www.csj-emballages.com\/wp-content\/uploads\/2024\/12\/BTPF24.webp","width":800,"height":800,"caption":"Boite carton fen\u00eatre"},{"@type":"BreadcrumbList","@id":"https:\/\/www.csj-emballages.com\/de\/produit\/kartonschachtel-fenster-24-x-24-x-4-cm-pro-50\/#breadcrumb","itemListElement":[{"@type":"ListItem","position":1,"name":"Accueil","item":"https:\/\/www.csj-emballages.com\/de\/universum-lebensmittelverpackungen\/"},{"@type":"ListItem","position":2,"name":"Shop","item":"https:\/\/www.csj-emballages.com\/shop\/"},{"@type":"ListItem","position":3,"name":"Kartonschachtel Fenster 24 x 24 x 4 cm pro 50"}]},{"@type":"WebSite","@id":"https:\/\/www.csj-emballages.com\/de\/#website","url":"https:\/\/www.csj-emballages.com\/de\/","name":"CSJ Emballages","description":"","publisher":{"@id":"https:\/\/www.csj-emballages.com\/de\/#organization"},"potentialAction":[{"@type":"SearchAction","target":{"@type":"EntryPoint","urlTemplate":"https:\/\/www.csj-emballages.com\/de\/?s={search_term_string}"},"query-input":{"@type":"PropertyValueSpecification","valueRequired":true,"valueName":"search_term_string"}}],"inLanguage":"de"},{"@type":"Organization","@id":"https:\/\/www.csj-emballages.com\/de\/#Organization\/","name":"CSJ Emballages","url":"https:\/\/www.csj-emballages.com\/de\/","logo":{"@type":"ImageObject","inLanguage":"de","@id":"https:\/\/www.csj-emballages.com\/de\/#\/schema\/logo\/image\/","url":"https:\/\/www.csj-emballages.com\/wp-content\/uploads\/2023\/10\/logo_csj.webp","contentUrl":"https:\/\/www.csj-emballages.com\/wp-content\/uploads\/2023\/10\/logo_csj.webp","width":250,"height":95,"caption":"CSJ Emballages"},"image":{"@id":"https:\/\/www.csj-emballages.com\/de\/#\/schema\/logo\/image\/"},"sameAs":["https:\/\/www.facebook.com\/csjemballages"],"address":{"@type":"PostalAddress","streetAddress":"ZI La Lechere","addressLocality":"Patornay","postalCode":"39130","addressCountry":"FR"},"contactPoint":[{"@type":"ContactPoint","contactType":"Service client","telephone":"0384254272","email":"contact@csj-emballages.com"}]}]}},"df_price":34.38,"df_sale_price":"","df_regular_price":34.38,"df_image_link":"https:\/\/www.csj-emballages.com\/wp-content\/uploads\/2024\/12\/BTPF24-300x300.webp","tiered_pricing_type":"fixed","tiered_pricing_fixed_rules":[],"tiered_pricing_percentage_rules":[],"tiered_pricing_minimum":1,"tiered_pricing_roles_data":[],"_links":{"self":[{"href":"https:\/\/www.csj-emballages.com\/de\/wp-json\/wp\/v2\/product\/226019","targetHints":{"allow":["GET"]}}],"collection":[{"href":"https:\/\/www.csj-emballages.com\/de\/wp-json\/wp\/v2\/product"}],"about":[{"href":"https:\/\/www.csj-emballages.com\/de\/wp-json\/wp\/v2\/types\/product"}],"wp:featuredmedia":[{"embeddable":true,"href":"https:\/\/www.csj-emballages.com\/de\/wp-json\/wp\/v2\/media\/221556"}],"wp:attachment":[{"href":"https:\/\/www.csj-emballages.com\/de\/wp-json\/wp\/v2\/media?parent=226019"}],"wp:term":[{"taxonomy":"product_brand","embeddable":true,"href":"https:\/\/www.csj-emballages.com\/de\/wp-json\/wp\/v2\/product_brand?post=226019"},{"taxonomy":"product_cat","embeddable":true,"href":"https:\/\/www.csj-emballages.com\/de\/wp-json\/wp\/v2\/product_cat?post=226019"},{"taxonomy":"product_tag","embeddable":true,"href":"https:\/\/www.csj-emballages.com\/de\/wp-json\/wp\/v2\/product_tag?post=226019"}],"curies":[{"name":"wp","href":"https:\/\/api.w.org\/{rel}","templated":true}]}}