{"id":22578,"date":"2024-03-01T16:50:31","date_gmt":"2024-03-01T15:50:31","guid":{"rendered":"https:\/\/u15jnbdpoq.preview.infomaniak.website\/produit\/25-papp-selbstbedienungsschalen-29-x-38-cm\/"},"modified":"2026-04-03T02:18:47","modified_gmt":"2026-04-03T00:18:47","slug":"25-papp-selbstbedienungsschalen-29-x-38-cm","status":"publish","type":"product","link":"https:\/\/www.csj-emballages.com\/de\/produit\/25-papp-selbstbedienungsschalen-29-x-38-cm\/","title":{"rendered":"Self-Tablett aus Pappe 29 x 38 cm pro 25"},"content":{"rendered":"<h2>Selbstbedienungsteller<\/h2>\n<hr>\n<h3>Beschreibung unseres Self-Tabletts aus Pappe 29 x 38 cm pro 25<\/h3>\n<p><!--more--><\/p>\n<p data-start=\"152\" data-end=\"619\">Das <strong data-start=\"155\" data-end=\"192\">Self-Service-Tablett aus Karton 29 x 38 cm<\/strong> ist ein Muss f\u00fcr alle, die in der Gemeinschaftsverpflegung, im Take-away-Bereich oder bei Feinkostbuffets t\u00e4tig sind. Das praktische und robuste Tablett wurde speziell entwickelt, um die <strong data-start=\"391\" data-end=\"418\">Bedienung in Selbstbedienungsrestaurants<\/strong> oder die Pr\u00e4sentation Ihrer Gerichte und Desserts zu erleichtern. Dank seines gro\u00dfz\u00fcgigen Formats bietet er Platz f\u00fcr mehrere Beh\u00e4lter, <span style=\"color: #d12727;\"><a style=\"color: #d12727;\" href=\"https:\/\/www.csj-emballages.com\/de\/categorie-produit\/lebensmittelverpackungen\/restauration-de\/teller-einwegbesteck-strohhalme\/\">Teller<\/a><\/span> oder <span style=\"color: #d12727;\"><a style=\"color: #d12727;\" href=\"https:\/\/www.csj-emballages.com\/de\/categorie-produit\/lebensmittelverpackungen\/restauration-de\/becher-glaser-eimer-flaschen\/\">Becher<\/a><\/span> und sorgt gleichzeitig f\u00fcr eine gute Stabilit\u00e4t beim Transport.  <\/p>\n<p data-start=\"621\" data-end=\"1022\">Dieses <strong>Self Tray<\/strong> ist aus hochwertigem <strong data-start=\"633\" data-end=\"661\">Hartkarton<\/strong> gefertigt und bietet auch bei voller Beladung eine beachtliche Stabilit\u00e4t. Sein umweltfreundliches Design macht es zu einer nachhaltigen Alternative zu Plastiktabletts und erf\u00fcllt die Erwartungen umweltbewusster Verbraucher. Es ist leicht und dennoch robust und garantiert eine einfache und bequeme Handhabung f\u00fcr Ihre Kunden und Ihr Team.  <\/p>\n<p data-start=\"1024\" data-end=\"1381\">Ideal f\u00fcr Gemeinschaftsverpflegung, Cafeterias, Snackbars, aber auch f\u00fcr punktuelle Veranstaltungen wie Empf\u00e4nge, Cocktails oder Firmenessen, ist das <strong>Self Tray<\/strong> <strong>aus Karton<\/strong> eine <strong data-start=\"1238\" data-end=\"1278\">hygienische, wirtschaftliche und \u00e4sthetische<\/strong> L\u00f6sung. Sein standardisiertes Format (29 x 38 cm) passt sich perfekt an den t\u00e4glichen Bedarf in der Gastronomie an. <\/p>\n<p data-start=\"1383\" data-end=\"1679\">Ob Sie nun ein <strong data-start=\"1401\" data-end=\"1431\">professioneller Gastronom<\/strong> oder ein <strong data-start=\"1438\" data-end=\"1466\">Veranstaltungsorganisator<\/strong> sind, diese <strong>Tabletts<\/strong> werden in Sets zu <strong>25<\/strong> St\u00fcck verkauft. Sie sind einfach zu lagern und zu verwenden, sparen Zeit und verbessern die Qualit\u00e4t des Service f\u00fcr Ihre Kunden. <\/p>\n<p data-start=\"1681\" data-end=\"1840\">Zusammenfassend l\u00e4sst sich sagen, dass Sie mit diesem <strong>Tablett<\/strong> <strong data-start=\"1717\" data-end=\"1770\">Praktisches, Robustes und Umweltfreundliches<\/strong> kombinieren.<\/p>\n<p data-start=\"1681\" data-end=\"1840\">\n<p><!--more--><\/p>\n<h4>Vorteile :<\/h4>\n<ul>\n<li>Solide und steif, geeignet f\u00fcr den Transport von ganzen Mahlzeiten.<\/li>\n<li>Praktisches Format f\u00fcr Selbstbedienungsrestaurants, Cafeterien oder Cateringunternehmen.<\/li>\n<li>Umweltfreundliche Alternative zu Plastiktabletts.<\/li>\n<li>Leicht und einfach zu handhaben.<\/li>\n<li>Verpackt in Packungen zu 25 St\u00fcck f\u00fcr den wirtschaftlichen Gebrauch.<\/li>\n<\/ul>\n<p>&nbsp;<\/p>\n<p><!--more--><\/p>\n<h4>Weitere Informationen :<\/h4>\n<ul>\n<li><strong>Verpackung<\/strong>: Packung mit 25 St\u00fcck<\/li>\n<li><strong>Au\u00dfenma\u00dfe<\/strong> 290 x 380 ( L x B in mm)<\/li>\n<li><strong>Innenma\u00dfe<\/strong>: 250 x 340 mm (L x B in mm)<\/li>\n<li><strong>Farbe<\/strong>: Wei\u00df<\/li>\n<li><strong>Material<\/strong>: Mikrokanal<\/li>\n<\/ul>\n<p>&nbsp;<\/p>\n<p><!--more--><\/p>\n<p>Entdecken Sie hier unser Self Tray aus Karton zu 65 : <span style=\"color: #d12727;\"><a style=\"color: #d12727;\" href=\"https:\/\/www.csj-emballages.com\/de\/produit\/65-tabletts-fuer-mahlzeiten-zum-mitnehmen-kraft\/\">PLK<\/a><\/span><\/p>\n<p>&nbsp;<\/p>\n<p><!--more--><\/p>\n<p><a href=\"https:\/\/www.csj-emballages.com\/de\/categorie-produit\/lebensmittelverpackungen\/metzgerei-und-feinkostgeschaft\/tabletts\/tabletts-fur-selfies\/\">Sehen Sie sich den Rest unseres Sortiments an Self-Tabletts an<\/a><\/p>\n","protected":false},"excerpt":{"rendered":"<p>Selbstbedienungsteller Beschreibung unseres Self-Tabletts aus Pappe 29 x 38 cm pro 25<\/p>\n","protected":false},"featured_media":177188,"template":"","meta":{"_acf_changed":false},"product_brand":[],"product_cat":[1137,1170,1344,3126,1134,1347,3125],"product_tag":[],"class_list":{"0":"post-22578","1":"product","2":"type-product","3":"status-publish","4":"has-post-thumbnail","6":"product_cat-lebensmittelverpackungen","7":"product_cat-metzgerei-und-feinkostgeschaft","8":"product_cat-tabletts","9":"product_cat-tabletts-fur-selfies","10":"product_cat-restauration-de","11":"product_cat-tabletts-de","12":"product_cat-einweg-self-trays","14":"first","15":"instock","16":"taxable","17":"shipping-taxable","18":"purchasable","19":"product-type-simple"},"acf":[],"yoast_head":"<!-- This site is optimized with the Yoast SEO Premium plugin v26.6 (Yoast SEO v26.6) - https:\/\/yoast.com\/wordpress\/plugins\/seo\/ -->\n<title>Tablett Self Carton 29 x 38 cm pro 25<\/title>\n<meta name=\"description\" content=\"Self-Tablett aus Karton 29 x 38 cm. Stabil, praktisch und umweltfreundlich, ideal f\u00fcr Selbstbedienungsrestaurants, Catering und Gemeinschaftsverpflegung.\" \/>\n<meta name=\"robots\" content=\"index, follow, max-snippet:-1, max-image-preview:large, max-video-preview:-1\" \/>\n<link rel=\"canonical\" href=\"https:\/\/www.csj-emballages.com\/de\/produit\/25-papp-selbstbedienungsschalen-29-x-38-cm\/\" \/>\n<meta property=\"og:locale\" content=\"de_DE\" \/>\n<meta property=\"og:type\" content=\"article\" \/>\n<meta property=\"og:title\" content=\"Self-Tablett aus Pappe 29 x 38 cm pro 25\" \/>\n<meta property=\"og:description\" content=\"Self-Tablett aus Karton 29 x 38 cm. Stabil, praktisch und umweltfreundlich, ideal f\u00fcr Selbstbedienungsrestaurants, Catering und Gemeinschaftsverpflegung.\" \/>\n<meta property=\"og:url\" content=\"https:\/\/www.csj-emballages.com\/de\/produit\/25-papp-selbstbedienungsschalen-29-x-38-cm\/\" \/>\n<meta property=\"og:site_name\" content=\"CSJ Emballages\" \/>\n<meta property=\"article:publisher\" content=\"https:\/\/www.facebook.com\/csjemballages\" \/>\n<meta property=\"article:modified_time\" content=\"2026-04-03T00:18:47+00:00\" \/>\n<meta property=\"og:image\" content=\"https:\/\/www.csj-emballages.com\/wp-content\/uploads\/2024\/03\/Plateauself.webp\" \/>\n\t<meta property=\"og:image:width\" content=\"800\" \/>\n\t<meta property=\"og:image:height\" content=\"800\" \/>\n\t<meta property=\"og:image:type\" content=\"image\/webp\" \/>\n<meta name=\"twitter:card\" content=\"summary_large_image\" \/>\n<meta name=\"twitter:label1\" content=\"Gesch\u00e4tzte Lesezeit\" \/>\n\t<meta name=\"twitter:data1\" content=\"2 Minuten\" \/>\n<script type=\"application\/ld+json\" class=\"yoast-schema-graph\">{\"@context\":\"https:\/\/schema.org\",\"@graph\":[{\"@type\":\"WebPage\",\"@id\":\"https:\/\/www.csj-emballages.com\/de\/produit\/25-papp-selbstbedienungsschalen-29-x-38-cm\/\",\"url\":\"https:\/\/www.csj-emballages.com\/de\/produit\/25-papp-selbstbedienungsschalen-29-x-38-cm\/\",\"name\":\"Tablett Self Carton 29 x 38 cm pro 25\",\"isPartOf\":{\"@id\":\"https:\/\/www.csj-emballages.com\/de\/#website\"},\"primaryImageOfPage\":{\"@id\":\"https:\/\/www.csj-emballages.com\/de\/produit\/25-papp-selbstbedienungsschalen-29-x-38-cm\/#primaryimage\"},\"image\":{\"@id\":\"https:\/\/www.csj-emballages.com\/de\/produit\/25-papp-selbstbedienungsschalen-29-x-38-cm\/#primaryimage\"},\"thumbnailUrl\":\"https:\/\/www.csj-emballages.com\/wp-content\/uploads\/2024\/03\/Plateauself.webp\",\"datePublished\":\"2024-03-01T15:50:31+00:00\",\"dateModified\":\"2026-04-03T00:18:47+00:00\",\"description\":\"Self-Tablett aus Karton 29 x 38 cm. Stabil, praktisch und umweltfreundlich, ideal f\u00fcr Selbstbedienungsrestaurants, Catering und Gemeinschaftsverpflegung.\",\"breadcrumb\":{\"@id\":\"https:\/\/www.csj-emballages.com\/de\/produit\/25-papp-selbstbedienungsschalen-29-x-38-cm\/#breadcrumb\"},\"inLanguage\":\"de\",\"potentialAction\":[{\"@type\":\"ReadAction\",\"target\":[\"https:\/\/www.csj-emballages.com\/de\/produit\/25-papp-selbstbedienungsschalen-29-x-38-cm\/\"]}]},{\"@type\":\"ImageObject\",\"inLanguage\":\"de\",\"@id\":\"https:\/\/www.csj-emballages.com\/de\/produit\/25-papp-selbstbedienungsschalen-29-x-38-cm\/#primaryimage\",\"url\":\"https:\/\/www.csj-emballages.com\/wp-content\/uploads\/2024\/03\/Plateauself.webp\",\"contentUrl\":\"https:\/\/www.csj-emballages.com\/wp-content\/uploads\/2024\/03\/Plateauself.webp\",\"width\":800,\"height\":800,\"caption\":\"Plateau self\"},{\"@type\":\"BreadcrumbList\",\"@id\":\"https:\/\/www.csj-emballages.com\/de\/produit\/25-papp-selbstbedienungsschalen-29-x-38-cm\/#breadcrumb\",\"itemListElement\":[{\"@type\":\"ListItem\",\"position\":1,\"name\":\"Accueil\",\"item\":\"https:\/\/www.csj-emballages.com\/de\/universum-lebensmittelverpackungen\/\"},{\"@type\":\"ListItem\",\"position\":2,\"name\":\"Shop\",\"item\":\"https:\/\/www.csj-emballages.com\/shop\/\"},{\"@type\":\"ListItem\",\"position\":3,\"name\":\"Self-Tablett aus Pappe 29 x 38 cm pro 25\"}]},{\"@type\":\"WebSite\",\"@id\":\"https:\/\/www.csj-emballages.com\/de\/#website\",\"url\":\"https:\/\/www.csj-emballages.com\/de\/\",\"name\":\"CSJ Emballages\",\"description\":\"\",\"publisher\":{\"@id\":\"https:\/\/www.csj-emballages.com\/de\/#organization\"},\"potentialAction\":[{\"@type\":\"SearchAction\",\"target\":{\"@type\":\"EntryPoint\",\"urlTemplate\":\"https:\/\/www.csj-emballages.com\/de\/?s={search_term_string}\"},\"query-input\":{\"@type\":\"PropertyValueSpecification\",\"valueRequired\":true,\"valueName\":\"search_term_string\"}}],\"inLanguage\":\"de\"},{\"@type\":\"Organization\",\"@id\":\"https:\/\/www.csj-emballages.com\/de\/#Organization\/\",\"name\":\"CSJ Emballages\",\"url\":\"https:\/\/www.csj-emballages.com\/de\/\",\"logo\":{\"@type\":\"ImageObject\",\"inLanguage\":\"de\",\"@id\":\"https:\/\/www.csj-emballages.com\/de\/#\/schema\/logo\/image\/\",\"url\":\"https:\/\/www.csj-emballages.com\/wp-content\/uploads\/2023\/10\/logo_csj.webp\",\"contentUrl\":\"https:\/\/www.csj-emballages.com\/wp-content\/uploads\/2023\/10\/logo_csj.webp\",\"width\":250,\"height\":95,\"caption\":\"CSJ Emballages\"},\"image\":{\"@id\":\"https:\/\/www.csj-emballages.com\/de\/#\/schema\/logo\/image\/\"},\"sameAs\":[\"https:\/\/www.facebook.com\/csjemballages\"],\"address\":{\"@type\":\"PostalAddress\",\"streetAddress\":\"ZI La Lechere\",\"addressLocality\":\"Patornay\",\"postalCode\":\"39130\",\"addressCountry\":\"FR\"},\"contactPoint\":[{\"@type\":\"ContactPoint\",\"contactType\":\"Service client\",\"telephone\":\"0384254272\",\"email\":\"contact@csj-emballages.com\"}]}]}<\/script>\n<!-- \/ Yoast SEO Premium plugin. -->","yoast_head_json":{"title":"Tablett Self Carton 29 x 38 cm pro 25","description":"Self-Tablett aus Karton 29 x 38 cm. Stabil, praktisch und umweltfreundlich, ideal f\u00fcr Selbstbedienungsrestaurants, Catering und Gemeinschaftsverpflegung.","robots":{"index":"index","follow":"follow","max-snippet":"max-snippet:-1","max-image-preview":"max-image-preview:large","max-video-preview":"max-video-preview:-1"},"canonical":"https:\/\/www.csj-emballages.com\/de\/produit\/25-papp-selbstbedienungsschalen-29-x-38-cm\/","og_locale":"de_DE","og_type":"article","og_title":"Self-Tablett aus Pappe 29 x 38 cm pro 25","og_description":"Self-Tablett aus Karton 29 x 38 cm. Stabil, praktisch und umweltfreundlich, ideal f\u00fcr Selbstbedienungsrestaurants, Catering und Gemeinschaftsverpflegung.","og_url":"https:\/\/www.csj-emballages.com\/de\/produit\/25-papp-selbstbedienungsschalen-29-x-38-cm\/","og_site_name":"CSJ Emballages","article_publisher":"https:\/\/www.facebook.com\/csjemballages","article_modified_time":"2026-04-03T00:18:47+00:00","og_image":[{"width":800,"height":800,"url":"https:\/\/www.csj-emballages.com\/wp-content\/uploads\/2024\/03\/Plateauself.webp","type":"image\/webp"}],"twitter_card":"summary_large_image","twitter_misc":{"Gesch\u00e4tzte Lesezeit":"2 Minuten"},"schema":{"@context":"https:\/\/schema.org","@graph":[{"@type":"WebPage","@id":"https:\/\/www.csj-emballages.com\/de\/produit\/25-papp-selbstbedienungsschalen-29-x-38-cm\/","url":"https:\/\/www.csj-emballages.com\/de\/produit\/25-papp-selbstbedienungsschalen-29-x-38-cm\/","name":"Tablett Self Carton 29 x 38 cm pro 25","isPartOf":{"@id":"https:\/\/www.csj-emballages.com\/de\/#website"},"primaryImageOfPage":{"@id":"https:\/\/www.csj-emballages.com\/de\/produit\/25-papp-selbstbedienungsschalen-29-x-38-cm\/#primaryimage"},"image":{"@id":"https:\/\/www.csj-emballages.com\/de\/produit\/25-papp-selbstbedienungsschalen-29-x-38-cm\/#primaryimage"},"thumbnailUrl":"https:\/\/www.csj-emballages.com\/wp-content\/uploads\/2024\/03\/Plateauself.webp","datePublished":"2024-03-01T15:50:31+00:00","dateModified":"2026-04-03T00:18:47+00:00","description":"Self-Tablett aus Karton 29 x 38 cm. Stabil, praktisch und umweltfreundlich, ideal f\u00fcr Selbstbedienungsrestaurants, Catering und Gemeinschaftsverpflegung.","breadcrumb":{"@id":"https:\/\/www.csj-emballages.com\/de\/produit\/25-papp-selbstbedienungsschalen-29-x-38-cm\/#breadcrumb"},"inLanguage":"de","potentialAction":[{"@type":"ReadAction","target":["https:\/\/www.csj-emballages.com\/de\/produit\/25-papp-selbstbedienungsschalen-29-x-38-cm\/"]}]},{"@type":"ImageObject","inLanguage":"de","@id":"https:\/\/www.csj-emballages.com\/de\/produit\/25-papp-selbstbedienungsschalen-29-x-38-cm\/#primaryimage","url":"https:\/\/www.csj-emballages.com\/wp-content\/uploads\/2024\/03\/Plateauself.webp","contentUrl":"https:\/\/www.csj-emballages.com\/wp-content\/uploads\/2024\/03\/Plateauself.webp","width":800,"height":800,"caption":"Plateau self"},{"@type":"BreadcrumbList","@id":"https:\/\/www.csj-emballages.com\/de\/produit\/25-papp-selbstbedienungsschalen-29-x-38-cm\/#breadcrumb","itemListElement":[{"@type":"ListItem","position":1,"name":"Accueil","item":"https:\/\/www.csj-emballages.com\/de\/universum-lebensmittelverpackungen\/"},{"@type":"ListItem","position":2,"name":"Shop","item":"https:\/\/www.csj-emballages.com\/shop\/"},{"@type":"ListItem","position":3,"name":"Self-Tablett aus Pappe 29 x 38 cm pro 25"}]},{"@type":"WebSite","@id":"https:\/\/www.csj-emballages.com\/de\/#website","url":"https:\/\/www.csj-emballages.com\/de\/","name":"CSJ Emballages","description":"","publisher":{"@id":"https:\/\/www.csj-emballages.com\/de\/#organization"},"potentialAction":[{"@type":"SearchAction","target":{"@type":"EntryPoint","urlTemplate":"https:\/\/www.csj-emballages.com\/de\/?s={search_term_string}"},"query-input":{"@type":"PropertyValueSpecification","valueRequired":true,"valueName":"search_term_string"}}],"inLanguage":"de"},{"@type":"Organization","@id":"https:\/\/www.csj-emballages.com\/de\/#Organization\/","name":"CSJ Emballages","url":"https:\/\/www.csj-emballages.com\/de\/","logo":{"@type":"ImageObject","inLanguage":"de","@id":"https:\/\/www.csj-emballages.com\/de\/#\/schema\/logo\/image\/","url":"https:\/\/www.csj-emballages.com\/wp-content\/uploads\/2023\/10\/logo_csj.webp","contentUrl":"https:\/\/www.csj-emballages.com\/wp-content\/uploads\/2023\/10\/logo_csj.webp","width":250,"height":95,"caption":"CSJ Emballages"},"image":{"@id":"https:\/\/www.csj-emballages.com\/de\/#\/schema\/logo\/image\/"},"sameAs":["https:\/\/www.facebook.com\/csjemballages"],"address":{"@type":"PostalAddress","streetAddress":"ZI La Lechere","addressLocality":"Patornay","postalCode":"39130","addressCountry":"FR"},"contactPoint":[{"@type":"ContactPoint","contactType":"Service client","telephone":"0384254272","email":"contact@csj-emballages.com"}]}]}},"df_price":10.06,"df_sale_price":"","df_regular_price":10.06,"df_image_link":"https:\/\/www.csj-emballages.com\/wp-content\/uploads\/2024\/03\/Plateauself-300x300.webp","tiered_pricing_type":"fixed","tiered_pricing_fixed_rules":[],"tiered_pricing_percentage_rules":[],"tiered_pricing_minimum":1,"tiered_pricing_roles_data":[],"_links":{"self":[{"href":"https:\/\/www.csj-emballages.com\/de\/wp-json\/wp\/v2\/product\/22578","targetHints":{"allow":["GET"]}}],"collection":[{"href":"https:\/\/www.csj-emballages.com\/de\/wp-json\/wp\/v2\/product"}],"about":[{"href":"https:\/\/www.csj-emballages.com\/de\/wp-json\/wp\/v2\/types\/product"}],"wp:featuredmedia":[{"embeddable":true,"href":"https:\/\/www.csj-emballages.com\/de\/wp-json\/wp\/v2\/media\/177188"}],"wp:attachment":[{"href":"https:\/\/www.csj-emballages.com\/de\/wp-json\/wp\/v2\/media?parent=22578"}],"wp:term":[{"taxonomy":"product_brand","embeddable":true,"href":"https:\/\/www.csj-emballages.com\/de\/wp-json\/wp\/v2\/product_brand?post=22578"},{"taxonomy":"product_cat","embeddable":true,"href":"https:\/\/www.csj-emballages.com\/de\/wp-json\/wp\/v2\/product_cat?post=22578"},{"taxonomy":"product_tag","embeddable":true,"href":"https:\/\/www.csj-emballages.com\/de\/wp-json\/wp\/v2\/product_tag?post=22578"}],"curies":[{"name":"wp","href":"https:\/\/api.w.org\/{rel}","templated":true}]}}