{"id":225651,"date":"2025-02-27T16:31:21","date_gmt":"2025-02-27T15:31:21","guid":{"rendered":"https:\/\/www.csj-emballages.com\/produit\/schale-pommes-frites-karton-520-ml-2-unterteilungen-pro-100\/"},"modified":"2026-03-12T16:19:53","modified_gmt":"2026-03-12T15:19:53","slug":"schale-pommes-frites-karton-520-ml-2-unterteilungen-pro-100","status":"publish","type":"product","link":"https:\/\/www.csj-emballages.com\/de\/produit\/schale-pommes-frites-karton-520-ml-2-unterteilungen-pro-100\/","title":{"rendered":"Schale Pommes frites Karton 520 ml 2 Unterteilungen pro 50"},"content":{"rendered":"<h2 class=\"p1\">Schale Pommes frites aus Karton<\/h2>\n<hr>\n<h3>Beschreibung von Schale frittiert Karton 520 ml 2 Abteilungen pro 50<\/h3>\n<p><!--more--><\/p>\n<p class=\"\" data-start=\"292\" data-end=\"616\">Diese robuste und praktische <strong>Schale aus Kraftkarton mit 2 F\u00e4chern<\/strong> und <strong>520 ml<\/strong> Inhalt ist ideal zum Servieren von Pommes frites, Nuggets, Aperitifh\u00e4ppchen oder sogar kleinen Gerichten zum Mitnehmen. Sie wird in Packungen zu <strong>50<\/strong> St\u00fcck verkauft und bietet einen hervorragenden Kompromiss zwischen Zweckm\u00e4\u00dfigkeit, Hygiene und Pr\u00e4sentation. Die <strong>Kartonschale<\/strong> wurde f\u00fcr <strong data-start=\"630\" data-end=\"662\">hei\u00dfe Speisen<\/strong> entwickelt und weicht nicht auf, wenn sie mit Hitze oder Feuchtigkeit in Ber\u00fchrung kommt. Sie bleibt auch bei fettigen <strong>Pommes frites<\/strong> oder So\u00dfen in Form. Sie besteht aus dickem, lebensmittelechtem Karton, ist <strong data-start=\"883\" data-end=\"897\">umweltfreundlich<\/strong> und <strong data-start=\"901\" data-end=\"927\">vollst\u00e4ndig recycelbar<\/strong> und damit eine verantwortungsbewusstere Alternative zu herk\u00f6mmlichen Plastikbeh\u00e4ltern.    <\/p>\n<p class=\"\" data-start=\"1020\" data-end=\"1377\">Ob Sie nun ein <strong data-start=\"1038\" data-end=\"1061\">Schnellrestaurant<\/strong>, ein <strong data-start=\"1066\" data-end=\"1080\">Foodtruck<\/strong>, ein <strong data-start=\"1085\" data-end=\"1110\">Event-Caterer<\/strong> oder sogar eine Privatperson sind, die eine Party veranstaltet, diese Schale garantiert Ihnen einen gepflegten Service, einen guten Griff und eine echte Alltagstauglichkeit. Ihr Format ist perfekt geeignet, um sie flach auf den Tisch zu stellen oder in der Hand zu halten, um sie unterwegs zu verzehren. <\/p>\n<p class=\"\" data-start=\"1379\" data-end=\"1497\">Diese <strong>Frittierschale<\/strong> wird in Packungen zu <strong>50<\/strong> St\u00fcck verkauft und erm\u00f6glicht es Ihnen, Ihren Bedarf an Beh\u00e4ltern einfach zu verwalten, ohne die Lagerhaltung zu \u00fcberlasten.<\/p>\n<p class=\"\" data-start=\"1499\" data-end=\"1594\">Ein Muss f\u00fcr alle, die <strong data-start=\"1551\" data-end=\"1593\">Effizienz, Einfachheit und Pr\u00e4sentation<\/strong> miteinander verbinden wollen.<\/p>\n<p data-start=\"100\" data-end=\"556\"><!--more--><\/p>\n<h4 data-start=\"100\" data-end=\"556\">Ihre Vorteile :<\/h4>\n<ul>\n<li data-start=\"576\" data-end=\"677\"><strong data-start=\"578\" data-end=\"597\">2 F\u00e4cher<\/strong>: Trennt Pommes frites und Beilagen f\u00fcr ein besseres Kundenerlebnis.<\/li>\n<li data-start=\"678\" data-end=\"771\">Umweltfreundliches <strong data-start=\"680\" data-end=\"703\">Material<\/strong>: Hergestellt aus umweltfreundlichem, recycelbarem Karton.<\/li>\n<li data-start=\"772\" data-end=\"865\"><strong data-start=\"774\" data-end=\"798\">Fest und widerstandsf\u00e4hig<\/strong>: Wird nicht durch Hitze oder Feuchtigkeit von Lebensmitteln weich.<\/li>\n<li data-start=\"866\" data-end=\"963\"><strong data-start=\"868\" data-end=\"905\">Praktisch f\u00fcr den Verkauf zum Mitnehmen<\/strong>: Geeignet f\u00fcr professionelle Schnellrestaurants.<\/li>\n<li data-start=\"964\" data-end=\"1046\" data-is-only-node=\"\"><strong data-start=\"966\" data-end=\"986\">Ansprechendes Design<\/strong>: Sorgf\u00e4ltige Pr\u00e4sentation, damit die Gerichte gut zur Geltung kommen.<\/li>\n<\/ul>\n<p>&nbsp;<\/p>\n<p><!--more--><\/p>\n<h4 data-start=\"558\" data-end=\"575\">Weitere Informationen :<\/h4>\n<ul>\n<li><strong>Verpackung<\/strong>: Packung mit 50 St\u00fcck<\/li>\n<li><strong>Gesamtabmessungen<\/strong>: 200 x 105 x 46 (L x B x H in mm)<\/li>\n<li><strong>Abmessungen kleines Fach<\/strong>: 105 x 60 x 46 (L x B x H in mm)<\/li>\n<li><strong>Abmessungen gro\u00dfes Fach <\/strong>: 140 x 105 x 35 (L x B x H in mm)<\/li>\n<li><strong>Material<\/strong>: Karton<\/li>\n<li><strong>Farbe<\/strong>: Braun<\/li>\n<\/ul>\n<p>&nbsp;<\/p>\n<p><!--more--><\/p>\n<p>Diese Frittierschale ist in verschiedenen Gr\u00f6\u00dfen erh\u00e4ltlich : <span style=\"color: #d12727;\"><a style=\"color: #d12727;\" href=\"https:\/\/www.csj-emballages.com\/es\/produit\/frito-carton-250-ml-por-200\/\">250 ml<\/a><\/span> \/ <span style=\"color: #d12727;\"><a style=\"color: #d12727;\" href=\"https:\/\/www.csj-emballages.com\/produit\/100-barquette-frite-carton-300-ml-restauration-emporter\/\">300 ml<\/a><\/span> \/ <span style=\"color: #d12727;\"><a style=\"color: #d12727;\" href=\"https:\/\/www.csj-emballages.com\/produit\/100-barquette-frite-carton-400-ml-restauration-emporter\/\">400 ml<\/a><\/span> \/ <span style=\"color: #d12727;\"><a style=\"color: #d12727;\" href=\"https:\/\/www.csj-emballages.com\/es\/produit\/bandeja-de-carton-para-virutas-de-680-ml-100\/\">680 ml<\/a><\/span> \/ <span style=\"color: #d12727;\"><a style=\"color: #d12727;\" href=\"https:\/\/www.csj-emballages.com\/es\/produit\/50-bandejas-de-patatas-fritas-carton-de-1000-ml\/\">1000 ml <\/a><\/span> <\/p>\n<p>&nbsp;<\/p>\n<p><!--more--><\/p>\n<p><a href=\"https:\/\/www.csj-emballages.com\/de\/categorie-produit\/lebensmittelverpackungen\/restauration-de\/dosen-schalen-beutel-konen\/schalen-kartons\/pommes-frites-schalen-aus-karton\/\">Sehen Sie sich den Rest unseres Sortiments an Pommes frites-Schalen aus Karton an.<\/a><\/p>\n","protected":false},"excerpt":{"rendered":"<p>Schale Pommes frites aus Karton Beschreibung von Schale frittiert Karton 520 ml 2 Abteilungen pro 50<\/p>\n","protected":false},"featured_media":225642,"template":"","meta":{"_acf_changed":false},"product_brand":[],"product_cat":[1137,1134,3974,1474,3945],"product_tag":[],"class_list":{"0":"post-225651","1":"product","2":"type-product","3":"status-publish","4":"has-post-thumbnail","6":"product_cat-lebensmittelverpackungen","7":"product_cat-restauration-de","8":"product_cat-dosen-schalen-beutel-konen","9":"product_cat-schalen-kartons","10":"product_cat-pommes-frites-schalen-aus-karton","12":"first","13":"instock","14":"taxable","15":"shipping-taxable","16":"purchasable","17":"product-type-simple"},"acf":[],"yoast_head":"<!-- This site is optimized with the Yoast SEO Premium plugin v26.6 (Yoast SEO v26.6) - https:\/\/yoast.com\/wordpress\/plugins\/seo\/ -->\n<title>Schale Pommes Frites Karton 520 ml 2 F\u00e4cher pro 50<\/title>\n<meta name=\"description\" content=\"Pommes frites-Schale aus Karton 520 ml mit 2 Unterteilungen. Perfekt zum Trennen von Pommes frites und So\u00dfen. Umweltfreundlich, strapazierf\u00e4hig und ideal zum Mitnehmen\" \/>\n<meta name=\"robots\" content=\"index, follow, max-snippet:-1, max-image-preview:large, max-video-preview:-1\" \/>\n<link rel=\"canonical\" href=\"https:\/\/www.csj-emballages.com\/de\/produit\/schale-pommes-frites-karton-520-ml-2-unterteilungen-pro-100\/\" \/>\n<meta property=\"og:locale\" content=\"de_DE\" \/>\n<meta property=\"og:type\" content=\"article\" \/>\n<meta property=\"og:title\" content=\"Schale Pommes frites Karton 520 ml 2 Unterteilungen pro 50\" \/>\n<meta property=\"og:description\" content=\"Pommes frites-Schale aus Karton 520 ml mit 2 Unterteilungen. Perfekt zum Trennen von Pommes frites und So\u00dfen. Umweltfreundlich, strapazierf\u00e4hig und ideal zum Mitnehmen\" \/>\n<meta property=\"og:url\" content=\"https:\/\/www.csj-emballages.com\/de\/produit\/schale-pommes-frites-karton-520-ml-2-unterteilungen-pro-100\/\" \/>\n<meta property=\"og:site_name\" content=\"CSJ Emballages\" \/>\n<meta property=\"article:publisher\" content=\"https:\/\/www.facebook.com\/csjemballages\" \/>\n<meta property=\"article:modified_time\" content=\"2026-03-12T15:19:53+00:00\" \/>\n<meta property=\"og:image\" content=\"https:\/\/www.csj-emballages.com\/wp-content\/uploads\/2025\/02\/CH5202COMP.webp\" \/>\n\t<meta property=\"og:image:width\" content=\"801\" \/>\n\t<meta property=\"og:image:height\" content=\"800\" \/>\n\t<meta property=\"og:image:type\" content=\"image\/webp\" \/>\n<meta name=\"twitter:card\" content=\"summary_large_image\" \/>\n<meta name=\"twitter:label1\" content=\"Gesch\u00e4tzte Lesezeit\" \/>\n\t<meta name=\"twitter:data1\" content=\"2 Minuten\" \/>\n<script type=\"application\/ld+json\" class=\"yoast-schema-graph\">{\"@context\":\"https:\/\/schema.org\",\"@graph\":[{\"@type\":\"WebPage\",\"@id\":\"https:\/\/www.csj-emballages.com\/de\/produit\/schale-pommes-frites-karton-520-ml-2-unterteilungen-pro-100\/\",\"url\":\"https:\/\/www.csj-emballages.com\/de\/produit\/schale-pommes-frites-karton-520-ml-2-unterteilungen-pro-100\/\",\"name\":\"Schale Pommes Frites Karton 520 ml 2 F\u00e4cher pro 50\",\"isPartOf\":{\"@id\":\"https:\/\/www.csj-emballages.com\/de\/#website\"},\"primaryImageOfPage\":{\"@id\":\"https:\/\/www.csj-emballages.com\/de\/produit\/schale-pommes-frites-karton-520-ml-2-unterteilungen-pro-100\/#primaryimage\"},\"image\":{\"@id\":\"https:\/\/www.csj-emballages.com\/de\/produit\/schale-pommes-frites-karton-520-ml-2-unterteilungen-pro-100\/#primaryimage\"},\"thumbnailUrl\":\"https:\/\/www.csj-emballages.com\/wp-content\/uploads\/2025\/02\/CH5202COMP.webp\",\"datePublished\":\"2025-02-27T15:31:21+00:00\",\"dateModified\":\"2026-03-12T15:19:53+00:00\",\"description\":\"Pommes frites-Schale aus Karton 520 ml mit 2 Unterteilungen. Perfekt zum Trennen von Pommes frites und So\u00dfen. Umweltfreundlich, strapazierf\u00e4hig und ideal zum Mitnehmen\",\"breadcrumb\":{\"@id\":\"https:\/\/www.csj-emballages.com\/de\/produit\/schale-pommes-frites-karton-520-ml-2-unterteilungen-pro-100\/#breadcrumb\"},\"inLanguage\":\"de\",\"potentialAction\":[{\"@type\":\"ReadAction\",\"target\":[\"https:\/\/www.csj-emballages.com\/de\/produit\/schale-pommes-frites-karton-520-ml-2-unterteilungen-pro-100\/\"]}]},{\"@type\":\"ImageObject\",\"inLanguage\":\"de\",\"@id\":\"https:\/\/www.csj-emballages.com\/de\/produit\/schale-pommes-frites-karton-520-ml-2-unterteilungen-pro-100\/#primaryimage\",\"url\":\"https:\/\/www.csj-emballages.com\/wp-content\/uploads\/2025\/02\/CH5202COMP.webp\",\"contentUrl\":\"https:\/\/www.csj-emballages.com\/wp-content\/uploads\/2025\/02\/CH5202COMP.webp\",\"width\":801,\"height\":800,\"caption\":\"Barquette frite carton 520 ml 2 compartiments par 100\"},{\"@type\":\"BreadcrumbList\",\"@id\":\"https:\/\/www.csj-emballages.com\/de\/produit\/schale-pommes-frites-karton-520-ml-2-unterteilungen-pro-100\/#breadcrumb\",\"itemListElement\":[{\"@type\":\"ListItem\",\"position\":1,\"name\":\"Accueil\",\"item\":\"https:\/\/www.csj-emballages.com\/de\/universum-lebensmittelverpackungen\/\"},{\"@type\":\"ListItem\",\"position\":2,\"name\":\"Shop\",\"item\":\"https:\/\/www.csj-emballages.com\/shop\/\"},{\"@type\":\"ListItem\",\"position\":3,\"name\":\"Schale Pommes frites Karton 520 ml 2 Unterteilungen pro 50\"}]},{\"@type\":\"WebSite\",\"@id\":\"https:\/\/www.csj-emballages.com\/de\/#website\",\"url\":\"https:\/\/www.csj-emballages.com\/de\/\",\"name\":\"CSJ Emballages\",\"description\":\"\",\"publisher\":{\"@id\":\"https:\/\/www.csj-emballages.com\/de\/#organization\"},\"potentialAction\":[{\"@type\":\"SearchAction\",\"target\":{\"@type\":\"EntryPoint\",\"urlTemplate\":\"https:\/\/www.csj-emballages.com\/de\/?s={search_term_string}\"},\"query-input\":{\"@type\":\"PropertyValueSpecification\",\"valueRequired\":true,\"valueName\":\"search_term_string\"}}],\"inLanguage\":\"de\"},{\"@type\":\"Organization\",\"@id\":\"https:\/\/www.csj-emballages.com\/de\/#Organization\/\",\"name\":\"CSJ Emballages\",\"url\":\"https:\/\/www.csj-emballages.com\/de\/\",\"logo\":{\"@type\":\"ImageObject\",\"inLanguage\":\"de\",\"@id\":\"https:\/\/www.csj-emballages.com\/de\/#\/schema\/logo\/image\/\",\"url\":\"https:\/\/www.csj-emballages.com\/wp-content\/uploads\/2023\/10\/logo_csj.webp\",\"contentUrl\":\"https:\/\/www.csj-emballages.com\/wp-content\/uploads\/2023\/10\/logo_csj.webp\",\"width\":250,\"height\":95,\"caption\":\"CSJ Emballages\"},\"image\":{\"@id\":\"https:\/\/www.csj-emballages.com\/de\/#\/schema\/logo\/image\/\"},\"sameAs\":[\"https:\/\/www.facebook.com\/csjemballages\"],\"address\":{\"@type\":\"PostalAddress\",\"streetAddress\":\"ZI La Lechere\",\"addressLocality\":\"Patornay\",\"postalCode\":\"39130\",\"addressCountry\":\"FR\"},\"contactPoint\":[{\"@type\":\"ContactPoint\",\"contactType\":\"Service client\",\"telephone\":\"0384254272\",\"email\":\"contact@csj-emballages.com\"}]}]}<\/script>\n<!-- \/ Yoast SEO Premium plugin. -->","yoast_head_json":{"title":"Schale Pommes Frites Karton 520 ml 2 F\u00e4cher pro 50","description":"Pommes frites-Schale aus Karton 520 ml mit 2 Unterteilungen. Perfekt zum Trennen von Pommes frites und So\u00dfen. Umweltfreundlich, strapazierf\u00e4hig und ideal zum Mitnehmen","robots":{"index":"index","follow":"follow","max-snippet":"max-snippet:-1","max-image-preview":"max-image-preview:large","max-video-preview":"max-video-preview:-1"},"canonical":"https:\/\/www.csj-emballages.com\/de\/produit\/schale-pommes-frites-karton-520-ml-2-unterteilungen-pro-100\/","og_locale":"de_DE","og_type":"article","og_title":"Schale Pommes frites Karton 520 ml 2 Unterteilungen pro 50","og_description":"Pommes frites-Schale aus Karton 520 ml mit 2 Unterteilungen. Perfekt zum Trennen von Pommes frites und So\u00dfen. Umweltfreundlich, strapazierf\u00e4hig und ideal zum Mitnehmen","og_url":"https:\/\/www.csj-emballages.com\/de\/produit\/schale-pommes-frites-karton-520-ml-2-unterteilungen-pro-100\/","og_site_name":"CSJ Emballages","article_publisher":"https:\/\/www.facebook.com\/csjemballages","article_modified_time":"2026-03-12T15:19:53+00:00","og_image":[{"width":801,"height":800,"url":"https:\/\/www.csj-emballages.com\/wp-content\/uploads\/2025\/02\/CH5202COMP.webp","type":"image\/webp"}],"twitter_card":"summary_large_image","twitter_misc":{"Gesch\u00e4tzte Lesezeit":"2 Minuten"},"schema":{"@context":"https:\/\/schema.org","@graph":[{"@type":"WebPage","@id":"https:\/\/www.csj-emballages.com\/de\/produit\/schale-pommes-frites-karton-520-ml-2-unterteilungen-pro-100\/","url":"https:\/\/www.csj-emballages.com\/de\/produit\/schale-pommes-frites-karton-520-ml-2-unterteilungen-pro-100\/","name":"Schale Pommes Frites Karton 520 ml 2 F\u00e4cher pro 50","isPartOf":{"@id":"https:\/\/www.csj-emballages.com\/de\/#website"},"primaryImageOfPage":{"@id":"https:\/\/www.csj-emballages.com\/de\/produit\/schale-pommes-frites-karton-520-ml-2-unterteilungen-pro-100\/#primaryimage"},"image":{"@id":"https:\/\/www.csj-emballages.com\/de\/produit\/schale-pommes-frites-karton-520-ml-2-unterteilungen-pro-100\/#primaryimage"},"thumbnailUrl":"https:\/\/www.csj-emballages.com\/wp-content\/uploads\/2025\/02\/CH5202COMP.webp","datePublished":"2025-02-27T15:31:21+00:00","dateModified":"2026-03-12T15:19:53+00:00","description":"Pommes frites-Schale aus Karton 520 ml mit 2 Unterteilungen. Perfekt zum Trennen von Pommes frites und So\u00dfen. Umweltfreundlich, strapazierf\u00e4hig und ideal zum Mitnehmen","breadcrumb":{"@id":"https:\/\/www.csj-emballages.com\/de\/produit\/schale-pommes-frites-karton-520-ml-2-unterteilungen-pro-100\/#breadcrumb"},"inLanguage":"de","potentialAction":[{"@type":"ReadAction","target":["https:\/\/www.csj-emballages.com\/de\/produit\/schale-pommes-frites-karton-520-ml-2-unterteilungen-pro-100\/"]}]},{"@type":"ImageObject","inLanguage":"de","@id":"https:\/\/www.csj-emballages.com\/de\/produit\/schale-pommes-frites-karton-520-ml-2-unterteilungen-pro-100\/#primaryimage","url":"https:\/\/www.csj-emballages.com\/wp-content\/uploads\/2025\/02\/CH5202COMP.webp","contentUrl":"https:\/\/www.csj-emballages.com\/wp-content\/uploads\/2025\/02\/CH5202COMP.webp","width":801,"height":800,"caption":"Barquette frite carton 520 ml 2 compartiments par 100"},{"@type":"BreadcrumbList","@id":"https:\/\/www.csj-emballages.com\/de\/produit\/schale-pommes-frites-karton-520-ml-2-unterteilungen-pro-100\/#breadcrumb","itemListElement":[{"@type":"ListItem","position":1,"name":"Accueil","item":"https:\/\/www.csj-emballages.com\/de\/universum-lebensmittelverpackungen\/"},{"@type":"ListItem","position":2,"name":"Shop","item":"https:\/\/www.csj-emballages.com\/shop\/"},{"@type":"ListItem","position":3,"name":"Schale Pommes frites Karton 520 ml 2 Unterteilungen pro 50"}]},{"@type":"WebSite","@id":"https:\/\/www.csj-emballages.com\/de\/#website","url":"https:\/\/www.csj-emballages.com\/de\/","name":"CSJ Emballages","description":"","publisher":{"@id":"https:\/\/www.csj-emballages.com\/de\/#organization"},"potentialAction":[{"@type":"SearchAction","target":{"@type":"EntryPoint","urlTemplate":"https:\/\/www.csj-emballages.com\/de\/?s={search_term_string}"},"query-input":{"@type":"PropertyValueSpecification","valueRequired":true,"valueName":"search_term_string"}}],"inLanguage":"de"},{"@type":"Organization","@id":"https:\/\/www.csj-emballages.com\/de\/#Organization\/","name":"CSJ Emballages","url":"https:\/\/www.csj-emballages.com\/de\/","logo":{"@type":"ImageObject","inLanguage":"de","@id":"https:\/\/www.csj-emballages.com\/de\/#\/schema\/logo\/image\/","url":"https:\/\/www.csj-emballages.com\/wp-content\/uploads\/2023\/10\/logo_csj.webp","contentUrl":"https:\/\/www.csj-emballages.com\/wp-content\/uploads\/2023\/10\/logo_csj.webp","width":250,"height":95,"caption":"CSJ Emballages"},"image":{"@id":"https:\/\/www.csj-emballages.com\/de\/#\/schema\/logo\/image\/"},"sameAs":["https:\/\/www.facebook.com\/csjemballages"],"address":{"@type":"PostalAddress","streetAddress":"ZI La Lechere","addressLocality":"Patornay","postalCode":"39130","addressCountry":"FR"},"contactPoint":[{"@type":"ContactPoint","contactType":"Service client","telephone":"0384254272","email":"contact@csj-emballages.com"}]}]}},"df_price":11.36,"df_sale_price":"","df_regular_price":11.36,"df_image_link":"https:\/\/www.csj-emballages.com\/wp-content\/uploads\/2025\/02\/CH5202COMP-300x300.webp","tiered_pricing_type":"fixed","tiered_pricing_fixed_rules":[],"tiered_pricing_percentage_rules":[],"tiered_pricing_minimum":1,"tiered_pricing_roles_data":[],"_links":{"self":[{"href":"https:\/\/www.csj-emballages.com\/de\/wp-json\/wp\/v2\/product\/225651","targetHints":{"allow":["GET"]}}],"collection":[{"href":"https:\/\/www.csj-emballages.com\/de\/wp-json\/wp\/v2\/product"}],"about":[{"href":"https:\/\/www.csj-emballages.com\/de\/wp-json\/wp\/v2\/types\/product"}],"wp:featuredmedia":[{"embeddable":true,"href":"https:\/\/www.csj-emballages.com\/de\/wp-json\/wp\/v2\/media\/225642"}],"wp:attachment":[{"href":"https:\/\/www.csj-emballages.com\/de\/wp-json\/wp\/v2\/media?parent=225651"}],"wp:term":[{"taxonomy":"product_brand","embeddable":true,"href":"https:\/\/www.csj-emballages.com\/de\/wp-json\/wp\/v2\/product_brand?post=225651"},{"taxonomy":"product_cat","embeddable":true,"href":"https:\/\/www.csj-emballages.com\/de\/wp-json\/wp\/v2\/product_cat?post=225651"},{"taxonomy":"product_tag","embeddable":true,"href":"https:\/\/www.csj-emballages.com\/de\/wp-json\/wp\/v2\/product_tag?post=225651"}],"curies":[{"name":"wp","href":"https:\/\/api.w.org\/{rel}","templated":true}]}}