{"id":22558,"date":"2024-03-01T16:50:31","date_gmt":"2024-03-01T15:50:31","guid":{"rendered":"https:\/\/u15jnbdpoq.preview.infomaniak.website\/produit\/25-silberne-tabletts-fuer-feinkosthaendler-28-x-42-cm\/"},"modified":"2026-04-18T02:15:45","modified_gmt":"2026-04-18T00:15:45","slug":"25-silberne-tabletts-fuer-feinkosthaendler-28-x-42-cm","status":"publish","type":"product","link":"https:\/\/www.csj-emballages.com\/de\/produit\/25-silberne-tabletts-fuer-feinkosthaendler-28-x-42-cm\/","title":{"rendered":"Traiteur-Tablett Silber 28 x 42 cm pro 25"},"content":{"rendered":"<h2>Feinkostplatte<\/h2>\n<hr>\n<h3><span style=\"font-weight: bold;\">Entdecken Sie unser silbernes Feinkost-Tablett 28 x 42 cm pro 25<\/span><\/h3>\n<p><!--more--><\/p>\n<p data-start=\"152\" data-end=\"512\">Das praktische, elegante und funktionelle <strong data-start=\"189\" data-end=\"234\">silberne Tablett 28 x 42 cm x 25<\/strong> ist ein unverzichtbarer Verb\u00fcndeter f\u00fcr Gastronomie, Catering und Veranstaltungsorganisatoren. Das <strong>Tablett<\/strong> wurde entwickelt, um <strong data-start=\"367\" data-end=\"381\">Widerstandsf\u00e4higkeit<\/strong> und <strong data-start=\"385\" data-end=\"399\">\u00c4sthetik<\/strong> zu vereinen, und erm\u00f6glicht es Ihnen, Ihre Zubereitungen mit einer raffinierten Optik zu pr\u00e4sentieren und gleichzeitig einen ausgezeichneten Halt zu gew\u00e4hrleisten. <\/p>\n<p data-start=\"514\" data-end=\"881\">Seine <strong data-start=\"517\" data-end=\"537\">silberne Oberfl\u00e4che<\/strong> verleiht ihm ein modernes und schickes Aussehen, ideal, um Ihre H\u00e4ppchen, Petit Fours, Geb\u00e4ck oder herzhaften H\u00e4ppchen in Szene zu setzen. Mit seinen Abmessungen von <strong>28 x 42 cm<\/strong> bietet es ein vielseitiges Format: gro\u00df genug, um mehrere St\u00fccke zu pr\u00e4sentieren, aber kompakt genug, um bei Buffets, Cocktails oder Tischdiensten praktisch zu sein. <\/p>\n<p data-start=\"883\" data-end=\"1197\">Die aus Karton hergestellte <strong data-start=\"929\" data-end=\"949\">Feinkostplatte<\/strong> ist einfach zu handhaben und garantiert einen sicheren Transport Ihrer Speisen, ohne das Risiko, dass sie sich verformen. Es wird in <strong data-start=\"1074\" data-end=\"1087\">Packungen zu 25 St\u00fcck<\/strong> angeboten und ist somit ideal, um Ihren Bedarf bei Empf\u00e4ngen, Hochzeiten, Geburtstagen oder Firmenveranstaltungen vorauszusehen. <\/p>\n<p data-start=\"1199\" data-end=\"1489\">Ob Sie nun ein Profi sind, der eine zuverl\u00e4ssige Unterlage sucht, oder ein Privatmann, der seine selbstgemachten Gerichte besonders sch\u00f6n pr\u00e4sentieren m\u00f6chte, dieses Tablett erf\u00fcllt alle Erwartungen. Die silberne Oberfl\u00e4che verleiht dem Tablett einen hochwertigen <strong data-start=\"1409\" data-end=\"1433\">Touch<\/strong>, der Ihre kulinarischen Kreationen sofort aufwertet. <\/p>\n<p data-start=\"1491\" data-end=\"1603\">Wenn Sie sich f\u00fcr dieses Modell entscheiden, kombinieren Sie <strong data-start=\"1531\" data-end=\"1548\">Zeitersparnis<\/strong>, <strong data-start=\"1550\" data-end=\"1570\">visuelle Qualit\u00e4t<\/strong> und <strong data-start=\"1574\" data-end=\"1587\">Alltagstauglichkeit<\/strong>.<\/p>\n<p data-start=\"1491\" data-end=\"1603\"><!--more--><\/p>\n<h4>Vorteile :<\/h4>\n<ul>\n<li><strong data-start=\"1853\" data-end=\"1870\">Hartkarton<\/strong>: fest und widerstandsf\u00e4hig<\/li>\n<li>Elegantes Silberfinish f\u00fcr einen edlen Look.<\/li>\n<li>Vielseitiges und praktisches Format 28 x 42 cm.<\/li>\n<li>Set mit 25 Tabletts, ideal f\u00fcr Empf\u00e4nge und Buffets.<\/li>\n<li><strong data-start=\"2063\" data-end=\"2074\">Einweg<\/strong>: Kein Geschirr, das nach der Benutzung verwaltet werden muss.<\/li>\n<\/ul>\n<p>&nbsp;<\/p>\n<p><!--more--><\/p>\n<h4>Weitere Informationen :<\/h4>\n<ul>\n<li><strong>Verpackung<\/strong>: Packung mit 25 St\u00fcck<\/li>\n<li><strong>Abmessungen<\/strong>: 280 x 420 x 12 ( L x B x H in mm).<\/li>\n<li><strong>Farbe<\/strong>: Oberes Silber \/ Unteres Gold<\/li>\n<li><strong>Material<\/strong>: Karton<\/li>\n<\/ul>\n<p>&nbsp;<\/p>\n<p><!--more--><\/p>\n<p>Dieses Produkt ist in einer anderen Gr\u00f6\u00dfe erh\u00e4ltlich : <span style=\"color: #d12727;\"><a style=\"color: #d12727;\" href=\"https:\/\/www.csj-emballages.com\/de\/produit\/25-silberne-tabletts-fuer-feinkosthaendler-19-x-28-cm\/\">19 x 28 cm<\/a><\/span><\/p>\n<p>&nbsp;<\/p>\n<p><!--more--><\/p>\n<p>Dieses Tablett ist auch in zwei weiteren Farben erh\u00e4ltlich : <span style=\"color: #d12727;\"><a style=\"color: #d12727;\" href=\"https:\/\/www.csj-emballages.com\/de\/produit\/25-goldene-feinkostplatten-28-x-42-cm\/\">Gold<\/a><\/span> \/ <span style=\"color: #d12727;\"><a style=\"color: #d12727;\" href=\"https:\/\/www.csj-emballages.com\/de\/produit\/25-schwarze-traiteur-tabletts-28-x-42-cm\/\">Schwarz<\/a><\/span><\/p>\n<p>&nbsp;<\/p>\n<p><!--more--><\/p>\n<p><a href=\"\/?product_cat=plateaux-traiteurs\">Sehen Sie sich den Rest unseres Angebots an Feinkostplatten an.<\/a><\/p>\n","protected":false},"excerpt":{"rendered":"<p>Feinkostplatte Entdecken Sie unser silbernes Feinkost-Tablett 28 x 42 cm pro 25<\/p>\n","protected":false},"featured_media":180140,"template":"","meta":{"_acf_changed":false},"product_brand":[],"product_cat":[1137,1170,1169,1344,2826,1134,1347,2827],"product_tag":[],"class_list":{"0":"post-22558","1":"product","2":"type-product","3":"status-publish","4":"has-post-thumbnail","6":"product_cat-lebensmittelverpackungen","7":"product_cat-metzgerei-und-feinkostgeschaft","8":"product_cat-catering-lunchboxen","9":"product_cat-tabletts","10":"product_cat-catering-tabletts","11":"product_cat-restauration-de","12":"product_cat-tabletts-de","13":"product_cat-catering-tabletts-de","15":"first","16":"instock","17":"taxable","18":"shipping-taxable","19":"purchasable","20":"product-type-simple"},"acf":[],"yoast_head":"<!-- This site is optimized with the Yoast SEO Premium plugin v26.6 (Yoast SEO v26.6) - https:\/\/yoast.com\/wordpress\/plugins\/seo\/ -->\n<title>Traiteur-Tablett aus Silberkarton - 280 x 420 mm<\/title>\n<meta name=\"description\" content=\"Entdecken Sie unser silbernes Feinkost-Tablett, das sich ideal f\u00fcr Ihr Buffet mit Mignardises oder Ihre Empf\u00e4nge mit salzigen oder s\u00fc\u00dfen Verrinen eignet. Packung mit 25.\" \/>\n<meta name=\"robots\" content=\"index, follow, max-snippet:-1, max-image-preview:large, max-video-preview:-1\" \/>\n<link rel=\"canonical\" href=\"https:\/\/www.csj-emballages.com\/de\/produit\/25-silberne-tabletts-fuer-feinkosthaendler-28-x-42-cm\/\" \/>\n<meta property=\"og:locale\" content=\"de_DE\" \/>\n<meta property=\"og:type\" content=\"article\" \/>\n<meta property=\"og:title\" content=\"Traiteur-Tablett Silber 28 x 42 cm pro 25\" \/>\n<meta property=\"og:description\" content=\"Entdecken Sie unser silbernes Feinkost-Tablett, das sich ideal f\u00fcr Ihr Buffet mit Mignardises oder Ihre Empf\u00e4nge mit salzigen oder s\u00fc\u00dfen Verrinen eignet. Packung mit 25.\" \/>\n<meta property=\"og:url\" content=\"https:\/\/www.csj-emballages.com\/de\/produit\/25-silberne-tabletts-fuer-feinkosthaendler-28-x-42-cm\/\" \/>\n<meta property=\"og:site_name\" content=\"CSJ Emballages\" \/>\n<meta property=\"article:publisher\" content=\"https:\/\/www.facebook.com\/csjemballages\" \/>\n<meta property=\"article:modified_time\" content=\"2026-04-18T00:15:45+00:00\" \/>\n<meta property=\"og:image\" content=\"https:\/\/www.csj-emballages.com\/wp-content\/uploads\/2024\/03\/PLR2842.webp\" \/>\n\t<meta property=\"og:image:width\" content=\"805\" \/>\n\t<meta property=\"og:image:height\" content=\"805\" \/>\n\t<meta property=\"og:image:type\" content=\"image\/webp\" \/>\n<meta name=\"twitter:card\" content=\"summary_large_image\" \/>\n<meta name=\"twitter:label1\" content=\"Gesch\u00e4tzte Lesezeit\" \/>\n\t<meta name=\"twitter:data1\" content=\"2 Minuten\" \/>\n<script type=\"application\/ld+json\" class=\"yoast-schema-graph\">{\"@context\":\"https:\/\/schema.org\",\"@graph\":[{\"@type\":\"WebPage\",\"@id\":\"https:\/\/www.csj-emballages.com\/de\/produit\/25-silberne-tabletts-fuer-feinkosthaendler-28-x-42-cm\/\",\"url\":\"https:\/\/www.csj-emballages.com\/de\/produit\/25-silberne-tabletts-fuer-feinkosthaendler-28-x-42-cm\/\",\"name\":\"Traiteur-Tablett aus Silberkarton - 280 x 420 mm\",\"isPartOf\":{\"@id\":\"https:\/\/www.csj-emballages.com\/de\/#website\"},\"primaryImageOfPage\":{\"@id\":\"https:\/\/www.csj-emballages.com\/de\/produit\/25-silberne-tabletts-fuer-feinkosthaendler-28-x-42-cm\/#primaryimage\"},\"image\":{\"@id\":\"https:\/\/www.csj-emballages.com\/de\/produit\/25-silberne-tabletts-fuer-feinkosthaendler-28-x-42-cm\/#primaryimage\"},\"thumbnailUrl\":\"https:\/\/www.csj-emballages.com\/wp-content\/uploads\/2024\/03\/PLR2842.webp\",\"datePublished\":\"2024-03-01T15:50:31+00:00\",\"dateModified\":\"2026-04-18T00:15:45+00:00\",\"description\":\"Entdecken Sie unser silbernes Feinkost-Tablett, das sich ideal f\u00fcr Ihr Buffet mit Mignardises oder Ihre Empf\u00e4nge mit salzigen oder s\u00fc\u00dfen Verrinen eignet. Packung mit 25.\",\"breadcrumb\":{\"@id\":\"https:\/\/www.csj-emballages.com\/de\/produit\/25-silberne-tabletts-fuer-feinkosthaendler-28-x-42-cm\/#breadcrumb\"},\"inLanguage\":\"de\",\"potentialAction\":[{\"@type\":\"ReadAction\",\"target\":[\"https:\/\/www.csj-emballages.com\/de\/produit\/25-silberne-tabletts-fuer-feinkosthaendler-28-x-42-cm\/\"]}]},{\"@type\":\"ImageObject\",\"inLanguage\":\"de\",\"@id\":\"https:\/\/www.csj-emballages.com\/de\/produit\/25-silberne-tabletts-fuer-feinkosthaendler-28-x-42-cm\/#primaryimage\",\"url\":\"https:\/\/www.csj-emballages.com\/wp-content\/uploads\/2024\/03\/PLR2842.webp\",\"contentUrl\":\"https:\/\/www.csj-emballages.com\/wp-content\/uploads\/2024\/03\/PLR2842.webp\",\"width\":805,\"height\":805,\"caption\":\"plateau traiteur\"},{\"@type\":\"BreadcrumbList\",\"@id\":\"https:\/\/www.csj-emballages.com\/de\/produit\/25-silberne-tabletts-fuer-feinkosthaendler-28-x-42-cm\/#breadcrumb\",\"itemListElement\":[{\"@type\":\"ListItem\",\"position\":1,\"name\":\"Accueil\",\"item\":\"https:\/\/www.csj-emballages.com\/de\/universum-lebensmittelverpackungen\/\"},{\"@type\":\"ListItem\",\"position\":2,\"name\":\"Shop\",\"item\":\"https:\/\/www.csj-emballages.com\/shop\/\"},{\"@type\":\"ListItem\",\"position\":3,\"name\":\"Traiteur-Tablett Silber 28 x 42 cm pro 25\"}]},{\"@type\":\"WebSite\",\"@id\":\"https:\/\/www.csj-emballages.com\/de\/#website\",\"url\":\"https:\/\/www.csj-emballages.com\/de\/\",\"name\":\"CSJ Emballages\",\"description\":\"\",\"publisher\":{\"@id\":\"https:\/\/www.csj-emballages.com\/de\/#organization\"},\"potentialAction\":[{\"@type\":\"SearchAction\",\"target\":{\"@type\":\"EntryPoint\",\"urlTemplate\":\"https:\/\/www.csj-emballages.com\/de\/?s={search_term_string}\"},\"query-input\":{\"@type\":\"PropertyValueSpecification\",\"valueRequired\":true,\"valueName\":\"search_term_string\"}}],\"inLanguage\":\"de\"},{\"@type\":\"Organization\",\"@id\":\"https:\/\/www.csj-emballages.com\/de\/#Organization\/\",\"name\":\"CSJ Emballages\",\"url\":\"https:\/\/www.csj-emballages.com\/de\/\",\"logo\":{\"@type\":\"ImageObject\",\"inLanguage\":\"de\",\"@id\":\"https:\/\/www.csj-emballages.com\/de\/#\/schema\/logo\/image\/\",\"url\":\"https:\/\/www.csj-emballages.com\/wp-content\/uploads\/2023\/10\/logo_csj.webp\",\"contentUrl\":\"https:\/\/www.csj-emballages.com\/wp-content\/uploads\/2023\/10\/logo_csj.webp\",\"width\":250,\"height\":95,\"caption\":\"CSJ Emballages\"},\"image\":{\"@id\":\"https:\/\/www.csj-emballages.com\/de\/#\/schema\/logo\/image\/\"},\"sameAs\":[\"https:\/\/www.facebook.com\/csjemballages\"],\"address\":{\"@type\":\"PostalAddress\",\"streetAddress\":\"ZI La Lechere\",\"addressLocality\":\"Patornay\",\"postalCode\":\"39130\",\"addressCountry\":\"FR\"},\"contactPoint\":[{\"@type\":\"ContactPoint\",\"contactType\":\"Service client\",\"telephone\":\"0384254272\",\"email\":\"contact@csj-emballages.com\"}]}]}<\/script>\n<!-- \/ Yoast SEO Premium plugin. -->","yoast_head_json":{"title":"Traiteur-Tablett aus Silberkarton - 280 x 420 mm","description":"Entdecken Sie unser silbernes Feinkost-Tablett, das sich ideal f\u00fcr Ihr Buffet mit Mignardises oder Ihre Empf\u00e4nge mit salzigen oder s\u00fc\u00dfen Verrinen eignet. Packung mit 25.","robots":{"index":"index","follow":"follow","max-snippet":"max-snippet:-1","max-image-preview":"max-image-preview:large","max-video-preview":"max-video-preview:-1"},"canonical":"https:\/\/www.csj-emballages.com\/de\/produit\/25-silberne-tabletts-fuer-feinkosthaendler-28-x-42-cm\/","og_locale":"de_DE","og_type":"article","og_title":"Traiteur-Tablett Silber 28 x 42 cm pro 25","og_description":"Entdecken Sie unser silbernes Feinkost-Tablett, das sich ideal f\u00fcr Ihr Buffet mit Mignardises oder Ihre Empf\u00e4nge mit salzigen oder s\u00fc\u00dfen Verrinen eignet. Packung mit 25.","og_url":"https:\/\/www.csj-emballages.com\/de\/produit\/25-silberne-tabletts-fuer-feinkosthaendler-28-x-42-cm\/","og_site_name":"CSJ Emballages","article_publisher":"https:\/\/www.facebook.com\/csjemballages","article_modified_time":"2026-04-18T00:15:45+00:00","og_image":[{"width":805,"height":805,"url":"https:\/\/www.csj-emballages.com\/wp-content\/uploads\/2024\/03\/PLR2842.webp","type":"image\/webp"}],"twitter_card":"summary_large_image","twitter_misc":{"Gesch\u00e4tzte Lesezeit":"2 Minuten"},"schema":{"@context":"https:\/\/schema.org","@graph":[{"@type":"WebPage","@id":"https:\/\/www.csj-emballages.com\/de\/produit\/25-silberne-tabletts-fuer-feinkosthaendler-28-x-42-cm\/","url":"https:\/\/www.csj-emballages.com\/de\/produit\/25-silberne-tabletts-fuer-feinkosthaendler-28-x-42-cm\/","name":"Traiteur-Tablett aus Silberkarton - 280 x 420 mm","isPartOf":{"@id":"https:\/\/www.csj-emballages.com\/de\/#website"},"primaryImageOfPage":{"@id":"https:\/\/www.csj-emballages.com\/de\/produit\/25-silberne-tabletts-fuer-feinkosthaendler-28-x-42-cm\/#primaryimage"},"image":{"@id":"https:\/\/www.csj-emballages.com\/de\/produit\/25-silberne-tabletts-fuer-feinkosthaendler-28-x-42-cm\/#primaryimage"},"thumbnailUrl":"https:\/\/www.csj-emballages.com\/wp-content\/uploads\/2024\/03\/PLR2842.webp","datePublished":"2024-03-01T15:50:31+00:00","dateModified":"2026-04-18T00:15:45+00:00","description":"Entdecken Sie unser silbernes Feinkost-Tablett, das sich ideal f\u00fcr Ihr Buffet mit Mignardises oder Ihre Empf\u00e4nge mit salzigen oder s\u00fc\u00dfen Verrinen eignet. Packung mit 25.","breadcrumb":{"@id":"https:\/\/www.csj-emballages.com\/de\/produit\/25-silberne-tabletts-fuer-feinkosthaendler-28-x-42-cm\/#breadcrumb"},"inLanguage":"de","potentialAction":[{"@type":"ReadAction","target":["https:\/\/www.csj-emballages.com\/de\/produit\/25-silberne-tabletts-fuer-feinkosthaendler-28-x-42-cm\/"]}]},{"@type":"ImageObject","inLanguage":"de","@id":"https:\/\/www.csj-emballages.com\/de\/produit\/25-silberne-tabletts-fuer-feinkosthaendler-28-x-42-cm\/#primaryimage","url":"https:\/\/www.csj-emballages.com\/wp-content\/uploads\/2024\/03\/PLR2842.webp","contentUrl":"https:\/\/www.csj-emballages.com\/wp-content\/uploads\/2024\/03\/PLR2842.webp","width":805,"height":805,"caption":"plateau traiteur"},{"@type":"BreadcrumbList","@id":"https:\/\/www.csj-emballages.com\/de\/produit\/25-silberne-tabletts-fuer-feinkosthaendler-28-x-42-cm\/#breadcrumb","itemListElement":[{"@type":"ListItem","position":1,"name":"Accueil","item":"https:\/\/www.csj-emballages.com\/de\/universum-lebensmittelverpackungen\/"},{"@type":"ListItem","position":2,"name":"Shop","item":"https:\/\/www.csj-emballages.com\/shop\/"},{"@type":"ListItem","position":3,"name":"Traiteur-Tablett Silber 28 x 42 cm pro 25"}]},{"@type":"WebSite","@id":"https:\/\/www.csj-emballages.com\/de\/#website","url":"https:\/\/www.csj-emballages.com\/de\/","name":"CSJ Emballages","description":"","publisher":{"@id":"https:\/\/www.csj-emballages.com\/de\/#organization"},"potentialAction":[{"@type":"SearchAction","target":{"@type":"EntryPoint","urlTemplate":"https:\/\/www.csj-emballages.com\/de\/?s={search_term_string}"},"query-input":{"@type":"PropertyValueSpecification","valueRequired":true,"valueName":"search_term_string"}}],"inLanguage":"de"},{"@type":"Organization","@id":"https:\/\/www.csj-emballages.com\/de\/#Organization\/","name":"CSJ Emballages","url":"https:\/\/www.csj-emballages.com\/de\/","logo":{"@type":"ImageObject","inLanguage":"de","@id":"https:\/\/www.csj-emballages.com\/de\/#\/schema\/logo\/image\/","url":"https:\/\/www.csj-emballages.com\/wp-content\/uploads\/2023\/10\/logo_csj.webp","contentUrl":"https:\/\/www.csj-emballages.com\/wp-content\/uploads\/2023\/10\/logo_csj.webp","width":250,"height":95,"caption":"CSJ Emballages"},"image":{"@id":"https:\/\/www.csj-emballages.com\/de\/#\/schema\/logo\/image\/"},"sameAs":["https:\/\/www.facebook.com\/csjemballages"],"address":{"@type":"PostalAddress","streetAddress":"ZI La Lechere","addressLocality":"Patornay","postalCode":"39130","addressCountry":"FR"},"contactPoint":[{"@type":"ContactPoint","contactType":"Service client","telephone":"0384254272","email":"contact@csj-emballages.com"}]}]}},"df_price":11.93,"df_sale_price":"","df_regular_price":11.93,"df_image_link":"https:\/\/www.csj-emballages.com\/wp-content\/uploads\/2024\/03\/PLR2842-300x300.webp","tiered_pricing_type":"fixed","tiered_pricing_fixed_rules":[],"tiered_pricing_percentage_rules":[],"tiered_pricing_minimum":1,"tiered_pricing_roles_data":[],"_links":{"self":[{"href":"https:\/\/www.csj-emballages.com\/de\/wp-json\/wp\/v2\/product\/22558","targetHints":{"allow":["GET"]}}],"collection":[{"href":"https:\/\/www.csj-emballages.com\/de\/wp-json\/wp\/v2\/product"}],"about":[{"href":"https:\/\/www.csj-emballages.com\/de\/wp-json\/wp\/v2\/types\/product"}],"wp:featuredmedia":[{"embeddable":true,"href":"https:\/\/www.csj-emballages.com\/de\/wp-json\/wp\/v2\/media\/180140"}],"wp:attachment":[{"href":"https:\/\/www.csj-emballages.com\/de\/wp-json\/wp\/v2\/media?parent=22558"}],"wp:term":[{"taxonomy":"product_brand","embeddable":true,"href":"https:\/\/www.csj-emballages.com\/de\/wp-json\/wp\/v2\/product_brand?post=22558"},{"taxonomy":"product_cat","embeddable":true,"href":"https:\/\/www.csj-emballages.com\/de\/wp-json\/wp\/v2\/product_cat?post=22558"},{"taxonomy":"product_tag","embeddable":true,"href":"https:\/\/www.csj-emballages.com\/de\/wp-json\/wp\/v2\/product_tag?post=22558"}],"curies":[{"name":"wp","href":"https:\/\/api.w.org\/{rel}","templated":true}]}}