{"id":22552,"date":"2024-03-01T16:50:32","date_gmt":"2024-03-01T15:50:32","guid":{"rendered":"https:\/\/u15jnbdpoq.preview.infomaniak.website\/produit\/5-schwarze-wiederverwendbare-buffetplatten-460-x-300-x-20-mm\/"},"modified":"2026-04-03T02:18:42","modified_gmt":"2026-04-03T00:18:42","slug":"5-schwarze-wiederverwendbare-buffetplatten-460-x-300-x-20-mm","status":"publish","type":"product","link":"https:\/\/www.csj-emballages.com\/de\/produit\/5-schwarze-wiederverwendbare-buffetplatten-460-x-300-x-20-mm\/","title":{"rendered":"Wiederverwendbares schwarzes Traiteur-Tablett 460 x 300 x 20 mm pro 5"},"content":{"rendered":"<div style=\"font-family: Roboto, sans-serif;\">\n<div style=\"font-family: Roboto, sans-serif;\">\n<div style=\"font-family: Roboto, sans-serif;\">\n<div style=\"font-family: Roboto, sans-serif;\">\n<div style=\"font-family: Roboto, sans-serif;\">\n<div style=\"font-family: Roboto, sans-serif;\">\n<div style=\"font-family: Roboto, sans-serif;\">\n<div style=\"font-family: Roboto, sans-serif;\">\n<div style=\"font-family: Roboto, sans-serif;\">\n<div style=\"font-family: Roboto, sans-serif;\">\n<div style=\"font-family: Roboto, sans-serif;\">\n<div style=\"font-family: Roboto, sans-serif;\">\n<div style=\"font-family: Roboto, sans-serif;\">\n<div class=\"flex flex-grow flex-col max-w-full\">\n<div class=\"min-h-[20px] text-message flex flex-col items-start whitespace-pre-wrap break-words [.text-message+&amp;]:mt-5 juice:w-full juice:items-end overflow-x-auto gap-2\" dir=\"auto\" data-message-author-role=\"assistant\" data-message-id=\"2034782e-88f9-44ef-b4dc-07dd7bf0115f\">\n<div class=\"flex w-full flex-col gap-1 juice:empty:hidden juice:first:pt-[3px]\">\n<div class=\"markdown prose w-full break-words dark:prose-invert light\">\n<div style=\"font-family: Roboto, sans-serif;\">\n<div style=\"font-family: Roboto, sans-serif;\">\n<div style=\"font-family: Roboto, sans-serif;\">\n<div style=\"font-family: Roboto, sans-serif;\">\n<div style=\"font-family: Roboto, sans-serif;\">\n<div style=\"font-family: Roboto, sans-serif;\">\n<h2>Feinkostplatte<\/h2>\n<hr>\n<h3>Beschreibung unseres wiederverwendbaren schwarzen Traiteur-Tabletts 460 x 300 x 20 mm per 5<\/h3>\n<p><!--more--><\/p>\n<p data-start=\"80\" data-end=\"526\">Mit dem <strong data-start=\"152\" data-end=\"213\">wiederverwendbaren schwarzen Feinkosttablett 460 x 300 x 20 mm im 5er-Pack<\/strong> k\u00f6nnen Sie Ihre Gerichte gepflegt und praktisch pr\u00e4sentieren. Dieses <strong>Tablett<\/strong> wurde f\u00fcr professionelle Gastronomen, Caterer, aber auch f\u00fcr anspruchsvolle Privatpersonen entwickelt und vereint Eleganz und Praktikabilit\u00e4t. Sein kompaktes Format von <strong>460 x 300 x 20 mm<\/strong> ist ideal zum Anrichten von Aperitifh\u00e4ppchen, Petit Fours, Mignardises oder auch Einzelportionen von Fertiggerichten. Die <strong data-start=\"531\" data-end=\"548\">schwarze Farbe<\/strong> verleiht Ihren kulinarischen Kreationen einen raffinierten Touch, der sie hervorhebt, bleibt dabei aber neutral und eignet sich f\u00fcr alle Gelegenheiten: Buffets, Cocktails, Familien- oder Gesch\u00e4ftsveranstaltungen. Im Gegensatz zu herk\u00f6mmlichen Einwegtabletts ist dieses Modell <strong data-start=\"802\" data-end=\"818\">wiederverwendbar<\/strong>, was es langfristig zu einer <strong data-start=\"853\" data-end=\"867\">umweltfreundlicheren<\/strong> und <strong data-start=\"871\" data-end=\"885\">kosteng\u00fcnstigeren<\/strong> L\u00f6sung macht. Es ist leicht zu reinigen und h\u00e4lt mehrere Verwendungen aus, ohne an Qualit\u00e4t oder Steifigkeit zu verlieren.     <\/p>\n<p data-start=\"996\" data-end=\"1409\">Das aus robustem Kunststoff gefertigte, <strong data-start=\"1035\" data-end=\"1068\">wiederverwendbare Feinkosttablett<\/strong> sorgt daf\u00fcr, dass Ihre Produkte auch beim Transport einen perfekten Halt haben. Dank seiner geringen H\u00f6he von <strong>20 mm<\/strong> l\u00e4sst es sich bequem stapeln und optimiert so die Lagerung in der K\u00fcche oder im Lagerraum. Da es in Sets von <strong data-start=\"1267\" data-end=\"1281\">5 Tabletts<\/strong> geliefert wird, passt es sich den unterschiedlichen Bed\u00fcrfnissen von Fachleuten und Privatpersonen an, die ein g\u00fcnstiges Preis-Leistungs-Verh\u00e4ltnis suchen.  <\/p>\n<p data-start=\"1411\" data-end=\"1681\">Kurzum, ob f\u00fcr einen eleganten Empfang, ein organisiertes Catering oder ein einfaches, geselliges Essen, dieses <strong data-start=\"1514\" data-end=\"1539\">schwarze Catering-Tablett<\/strong> wird schnell zu einem unverzichtbaren Bestandteil Ihres Pr\u00e4sentationsmaterials werden. Mit ihm vereinen Sie <strong data-start=\"1639\" data-end=\"1678\">\u00c4sthetik, Zweckm\u00e4\u00dfigkeit und Langlebigkeit<\/strong>. <\/p>\n<p data-start=\"1411\" data-end=\"1681\">\n<p data-start=\"1411\" data-end=\"1681\"><!--more--><\/p>\n<h4 data-start=\"1411\" data-end=\"1681\">Vorteile :<\/h4>\n<ul>\n<li><strong data-start=\"1903\" data-end=\"1919\">Wiederverwendbar<\/strong>: \u00f6kologische und wirtschaftliche L\u00f6sung.<\/li>\n<li><strong data-start=\"1960\" data-end=\"1971\">Elegant<\/strong>: Schwarze Farbe wertet Ihre Zubereitungen auf.<\/li>\n<li><strong data-start=\"2019\" data-end=\"2031\">Praktisch<\/strong>: Kompaktes Format, leicht zu stapeln und zu lagern.<\/li>\n<li><strong data-start=\"2084\" data-end=\"2095\">Robust<\/strong>: Stabiler Kunststoff f\u00fcr einen sicheren Transport.<\/li>\n<li><strong data-start=\"2149\" data-end=\"2163\">Vielseitig<\/strong>: geeignet f\u00fcr Caterer, Restaurants und Privatpersonen.<\/li>\n<\/ul>\n<p>&nbsp;<\/p>\n<p><!--more--><\/p>\n<h4>Weitere Informationen :<\/h4>\n<ul>\n<li><strong>Verpackung<\/strong>: Packung mit 5 St\u00fcck<\/li>\n<li><strong>Ma\u00dfe<\/strong>: 460 x 300 x 20 mm<\/li>\n<li><strong>Farbe<\/strong>: Schwarz<\/li>\n<li><strong>Material<\/strong>: PS (Polystyrol)<\/li>\n<li><strong>Verwendungstemperatur<\/strong>: -5\u00b0C \/ +80\u00b0C<\/li>\n<\/ul>\n<p>&nbsp;<\/p>\n<p><!--more--><\/p>\n<p>Dieses Produkt ist in verschiedenen Gr\u00f6\u00dfen erh\u00e4ltlich : <span style=\"color: #d12727;\"><a style=\"color: #d12727;\" href=\"https:\/\/www.csj-emballages.com\/de\/produit\/5-schwarze-wiederverwendbare-buffetplatten-275-x-190-x-8-mm\/\">275 x 190 x 8 mm<\/a><\/span> \/ <span style=\"color: #d12727;\"><a style=\"color: #d12727;\" href=\"https:\/\/www.csj-emballages.com\/de\/produit\/5-schwarze-wiederverwendbare-buffetplatten-350-x-240-x-20-mm\/\">350 x 250 x 10 mm<\/a><\/span><\/p>\n<p>&nbsp;<\/p>\n<p><!--more--><\/p>\n<p><a href=\"\/?product_cat=plateaux-traiteurs\">Sehen Sie sich den Rest unseres Angebots an Feinkostplatten an.<\/a><\/p>\n<\/div>\n<\/div>\n<\/div>\n<\/div>\n<\/div>\n<\/div>\n<\/div>\n<\/div>\n<\/div>\n<\/div>\n<\/div>\n<\/div>\n<\/div>\n<\/div>\n<\/div>\n<\/div>\n<\/div>\n<\/div>\n<\/div>\n<\/div>\n<\/div>\n<\/div>\n<\/div>\n","protected":false},"excerpt":{"rendered":"<p>Feinkostplatte Beschreibung unseres wiederverwendbaren schwarzen Traiteur-Tabletts 460 x 300 x 20 mm per 5<\/p>\n","protected":false},"featured_media":179900,"template":"","meta":{"_acf_changed":false},"product_brand":[],"product_cat":[1137,1170,1344,2826,2881,1279,1134,1347,2827,3110],"product_tag":[],"class_list":{"0":"post-22552","1":"product","2":"type-product","3":"status-publish","4":"has-post-thumbnail","6":"product_cat-lebensmittelverpackungen","7":"product_cat-metzgerei-und-feinkostgeschaft","8":"product_cat-tabletts","9":"product_cat-catering-tabletts","10":"product_cat-mignardises-platten-verrines","11":"product_cat-schalen-topfe-glaser","12":"product_cat-restauration-de","13":"product_cat-tabletts-de","14":"product_cat-catering-tabletts-de","15":"product_cat-rezeption","17":"first","18":"instock","19":"taxable","20":"shipping-taxable","21":"purchasable","22":"product-type-simple"},"acf":[],"yoast_head":"<!-- This site is optimized with the Yoast SEO Premium plugin v26.6 (Yoast SEO v26.6) - https:\/\/yoast.com\/wordpress\/plugins\/seo\/ -->\n<title>Traiteur-Tablett Schwarz - 460 x 300 x 20 mm<\/title>\n<meta name=\"description\" content=\"Entdecken Sie unser schwarzes Feinkost-Tablett, das sich ideal f\u00fcr Ihre Buffets mit Mignardises oder Ihre Empf\u00e4nge mit salzigen oder s\u00fc\u00dfen Verrinen eignet. Packung mit 5.\" \/>\n<meta name=\"robots\" content=\"index, follow, max-snippet:-1, max-image-preview:large, max-video-preview:-1\" \/>\n<link rel=\"canonical\" href=\"https:\/\/www.csj-emballages.com\/de\/produit\/5-schwarze-wiederverwendbare-buffetplatten-460-x-300-x-20-mm\/\" \/>\n<meta property=\"og:locale\" content=\"de_DE\" \/>\n<meta property=\"og:type\" content=\"article\" \/>\n<meta property=\"og:title\" content=\"Wiederverwendbares schwarzes Traiteur-Tablett 460 x 300 x 20 mm pro 5\" \/>\n<meta property=\"og:description\" content=\"Entdecken Sie unser schwarzes Feinkost-Tablett, das sich ideal f\u00fcr Ihre Buffets mit Mignardises oder Ihre Empf\u00e4nge mit salzigen oder s\u00fc\u00dfen Verrinen eignet. Packung mit 5.\" \/>\n<meta property=\"og:url\" content=\"https:\/\/www.csj-emballages.com\/de\/produit\/5-schwarze-wiederverwendbare-buffetplatten-460-x-300-x-20-mm\/\" \/>\n<meta property=\"og:site_name\" content=\"CSJ Emballages\" \/>\n<meta property=\"article:publisher\" content=\"https:\/\/www.facebook.com\/csjemballages\" \/>\n<meta property=\"article:modified_time\" content=\"2026-04-03T00:18:42+00:00\" \/>\n<meta property=\"og:image\" content=\"https:\/\/www.csj-emballages.com\/wp-content\/uploads\/2024\/03\/PLN46.webp\" \/>\n\t<meta property=\"og:image:width\" content=\"802\" \/>\n\t<meta property=\"og:image:height\" content=\"803\" \/>\n\t<meta property=\"og:image:type\" content=\"image\/webp\" \/>\n<meta name=\"twitter:card\" content=\"summary_large_image\" \/>\n<meta name=\"twitter:label1\" content=\"Gesch\u00e4tzte Lesezeit\" \/>\n\t<meta name=\"twitter:data1\" content=\"2 Minuten\" \/>\n<script type=\"application\/ld+json\" class=\"yoast-schema-graph\">{\"@context\":\"https:\/\/schema.org\",\"@graph\":[{\"@type\":\"WebPage\",\"@id\":\"https:\/\/www.csj-emballages.com\/de\/produit\/5-schwarze-wiederverwendbare-buffetplatten-460-x-300-x-20-mm\/\",\"url\":\"https:\/\/www.csj-emballages.com\/de\/produit\/5-schwarze-wiederverwendbare-buffetplatten-460-x-300-x-20-mm\/\",\"name\":\"Traiteur-Tablett Schwarz - 460 x 300 x 20 mm\",\"isPartOf\":{\"@id\":\"https:\/\/www.csj-emballages.com\/de\/#website\"},\"primaryImageOfPage\":{\"@id\":\"https:\/\/www.csj-emballages.com\/de\/produit\/5-schwarze-wiederverwendbare-buffetplatten-460-x-300-x-20-mm\/#primaryimage\"},\"image\":{\"@id\":\"https:\/\/www.csj-emballages.com\/de\/produit\/5-schwarze-wiederverwendbare-buffetplatten-460-x-300-x-20-mm\/#primaryimage\"},\"thumbnailUrl\":\"https:\/\/www.csj-emballages.com\/wp-content\/uploads\/2024\/03\/PLN46.webp\",\"datePublished\":\"2024-03-01T15:50:32+00:00\",\"dateModified\":\"2026-04-03T00:18:42+00:00\",\"description\":\"Entdecken Sie unser schwarzes Feinkost-Tablett, das sich ideal f\u00fcr Ihre Buffets mit Mignardises oder Ihre Empf\u00e4nge mit salzigen oder s\u00fc\u00dfen Verrinen eignet. Packung mit 5.\",\"breadcrumb\":{\"@id\":\"https:\/\/www.csj-emballages.com\/de\/produit\/5-schwarze-wiederverwendbare-buffetplatten-460-x-300-x-20-mm\/#breadcrumb\"},\"inLanguage\":\"de\",\"potentialAction\":[{\"@type\":\"ReadAction\",\"target\":[\"https:\/\/www.csj-emballages.com\/de\/produit\/5-schwarze-wiederverwendbare-buffetplatten-460-x-300-x-20-mm\/\"]}]},{\"@type\":\"ImageObject\",\"inLanguage\":\"de\",\"@id\":\"https:\/\/www.csj-emballages.com\/de\/produit\/5-schwarze-wiederverwendbare-buffetplatten-460-x-300-x-20-mm\/#primaryimage\",\"url\":\"https:\/\/www.csj-emballages.com\/wp-content\/uploads\/2024\/03\/PLN46.webp\",\"contentUrl\":\"https:\/\/www.csj-emballages.com\/wp-content\/uploads\/2024\/03\/PLN46.webp\",\"width\":802,\"height\":803,\"caption\":\"plateau traiteur\"},{\"@type\":\"BreadcrumbList\",\"@id\":\"https:\/\/www.csj-emballages.com\/de\/produit\/5-schwarze-wiederverwendbare-buffetplatten-460-x-300-x-20-mm\/#breadcrumb\",\"itemListElement\":[{\"@type\":\"ListItem\",\"position\":1,\"name\":\"Accueil\",\"item\":\"https:\/\/www.csj-emballages.com\/de\/universum-lebensmittelverpackungen\/\"},{\"@type\":\"ListItem\",\"position\":2,\"name\":\"Shop\",\"item\":\"https:\/\/www.csj-emballages.com\/shop\/\"},{\"@type\":\"ListItem\",\"position\":3,\"name\":\"Wiederverwendbares schwarzes Traiteur-Tablett 460 x 300 x 20 mm pro 5\"}]},{\"@type\":\"WebSite\",\"@id\":\"https:\/\/www.csj-emballages.com\/de\/#website\",\"url\":\"https:\/\/www.csj-emballages.com\/de\/\",\"name\":\"CSJ Emballages\",\"description\":\"\",\"publisher\":{\"@id\":\"https:\/\/www.csj-emballages.com\/de\/#organization\"},\"potentialAction\":[{\"@type\":\"SearchAction\",\"target\":{\"@type\":\"EntryPoint\",\"urlTemplate\":\"https:\/\/www.csj-emballages.com\/de\/?s={search_term_string}\"},\"query-input\":{\"@type\":\"PropertyValueSpecification\",\"valueRequired\":true,\"valueName\":\"search_term_string\"}}],\"inLanguage\":\"de\"},{\"@type\":\"Organization\",\"@id\":\"https:\/\/www.csj-emballages.com\/de\/#Organization\/\",\"name\":\"CSJ Emballages\",\"url\":\"https:\/\/www.csj-emballages.com\/de\/\",\"logo\":{\"@type\":\"ImageObject\",\"inLanguage\":\"de\",\"@id\":\"https:\/\/www.csj-emballages.com\/de\/#\/schema\/logo\/image\/\",\"url\":\"https:\/\/www.csj-emballages.com\/wp-content\/uploads\/2023\/10\/logo_csj.webp\",\"contentUrl\":\"https:\/\/www.csj-emballages.com\/wp-content\/uploads\/2023\/10\/logo_csj.webp\",\"width\":250,\"height\":95,\"caption\":\"CSJ Emballages\"},\"image\":{\"@id\":\"https:\/\/www.csj-emballages.com\/de\/#\/schema\/logo\/image\/\"},\"sameAs\":[\"https:\/\/www.facebook.com\/csjemballages\"],\"address\":{\"@type\":\"PostalAddress\",\"streetAddress\":\"ZI La Lechere\",\"addressLocality\":\"Patornay\",\"postalCode\":\"39130\",\"addressCountry\":\"FR\"},\"contactPoint\":[{\"@type\":\"ContactPoint\",\"contactType\":\"Service client\",\"telephone\":\"0384254272\",\"email\":\"contact@csj-emballages.com\"}]}]}<\/script>\n<!-- \/ Yoast SEO Premium plugin. -->","yoast_head_json":{"title":"Traiteur-Tablett Schwarz - 460 x 300 x 20 mm","description":"Entdecken Sie unser schwarzes Feinkost-Tablett, das sich ideal f\u00fcr Ihre Buffets mit Mignardises oder Ihre Empf\u00e4nge mit salzigen oder s\u00fc\u00dfen Verrinen eignet. Packung mit 5.","robots":{"index":"index","follow":"follow","max-snippet":"max-snippet:-1","max-image-preview":"max-image-preview:large","max-video-preview":"max-video-preview:-1"},"canonical":"https:\/\/www.csj-emballages.com\/de\/produit\/5-schwarze-wiederverwendbare-buffetplatten-460-x-300-x-20-mm\/","og_locale":"de_DE","og_type":"article","og_title":"Wiederverwendbares schwarzes Traiteur-Tablett 460 x 300 x 20 mm pro 5","og_description":"Entdecken Sie unser schwarzes Feinkost-Tablett, das sich ideal f\u00fcr Ihre Buffets mit Mignardises oder Ihre Empf\u00e4nge mit salzigen oder s\u00fc\u00dfen Verrinen eignet. Packung mit 5.","og_url":"https:\/\/www.csj-emballages.com\/de\/produit\/5-schwarze-wiederverwendbare-buffetplatten-460-x-300-x-20-mm\/","og_site_name":"CSJ Emballages","article_publisher":"https:\/\/www.facebook.com\/csjemballages","article_modified_time":"2026-04-03T00:18:42+00:00","og_image":[{"width":802,"height":803,"url":"https:\/\/www.csj-emballages.com\/wp-content\/uploads\/2024\/03\/PLN46.webp","type":"image\/webp"}],"twitter_card":"summary_large_image","twitter_misc":{"Gesch\u00e4tzte Lesezeit":"2 Minuten"},"schema":{"@context":"https:\/\/schema.org","@graph":[{"@type":"WebPage","@id":"https:\/\/www.csj-emballages.com\/de\/produit\/5-schwarze-wiederverwendbare-buffetplatten-460-x-300-x-20-mm\/","url":"https:\/\/www.csj-emballages.com\/de\/produit\/5-schwarze-wiederverwendbare-buffetplatten-460-x-300-x-20-mm\/","name":"Traiteur-Tablett Schwarz - 460 x 300 x 20 mm","isPartOf":{"@id":"https:\/\/www.csj-emballages.com\/de\/#website"},"primaryImageOfPage":{"@id":"https:\/\/www.csj-emballages.com\/de\/produit\/5-schwarze-wiederverwendbare-buffetplatten-460-x-300-x-20-mm\/#primaryimage"},"image":{"@id":"https:\/\/www.csj-emballages.com\/de\/produit\/5-schwarze-wiederverwendbare-buffetplatten-460-x-300-x-20-mm\/#primaryimage"},"thumbnailUrl":"https:\/\/www.csj-emballages.com\/wp-content\/uploads\/2024\/03\/PLN46.webp","datePublished":"2024-03-01T15:50:32+00:00","dateModified":"2026-04-03T00:18:42+00:00","description":"Entdecken Sie unser schwarzes Feinkost-Tablett, das sich ideal f\u00fcr Ihre Buffets mit Mignardises oder Ihre Empf\u00e4nge mit salzigen oder s\u00fc\u00dfen Verrinen eignet. Packung mit 5.","breadcrumb":{"@id":"https:\/\/www.csj-emballages.com\/de\/produit\/5-schwarze-wiederverwendbare-buffetplatten-460-x-300-x-20-mm\/#breadcrumb"},"inLanguage":"de","potentialAction":[{"@type":"ReadAction","target":["https:\/\/www.csj-emballages.com\/de\/produit\/5-schwarze-wiederverwendbare-buffetplatten-460-x-300-x-20-mm\/"]}]},{"@type":"ImageObject","inLanguage":"de","@id":"https:\/\/www.csj-emballages.com\/de\/produit\/5-schwarze-wiederverwendbare-buffetplatten-460-x-300-x-20-mm\/#primaryimage","url":"https:\/\/www.csj-emballages.com\/wp-content\/uploads\/2024\/03\/PLN46.webp","contentUrl":"https:\/\/www.csj-emballages.com\/wp-content\/uploads\/2024\/03\/PLN46.webp","width":802,"height":803,"caption":"plateau traiteur"},{"@type":"BreadcrumbList","@id":"https:\/\/www.csj-emballages.com\/de\/produit\/5-schwarze-wiederverwendbare-buffetplatten-460-x-300-x-20-mm\/#breadcrumb","itemListElement":[{"@type":"ListItem","position":1,"name":"Accueil","item":"https:\/\/www.csj-emballages.com\/de\/universum-lebensmittelverpackungen\/"},{"@type":"ListItem","position":2,"name":"Shop","item":"https:\/\/www.csj-emballages.com\/shop\/"},{"@type":"ListItem","position":3,"name":"Wiederverwendbares schwarzes Traiteur-Tablett 460 x 300 x 20 mm pro 5"}]},{"@type":"WebSite","@id":"https:\/\/www.csj-emballages.com\/de\/#website","url":"https:\/\/www.csj-emballages.com\/de\/","name":"CSJ Emballages","description":"","publisher":{"@id":"https:\/\/www.csj-emballages.com\/de\/#organization"},"potentialAction":[{"@type":"SearchAction","target":{"@type":"EntryPoint","urlTemplate":"https:\/\/www.csj-emballages.com\/de\/?s={search_term_string}"},"query-input":{"@type":"PropertyValueSpecification","valueRequired":true,"valueName":"search_term_string"}}],"inLanguage":"de"},{"@type":"Organization","@id":"https:\/\/www.csj-emballages.com\/de\/#Organization\/","name":"CSJ Emballages","url":"https:\/\/www.csj-emballages.com\/de\/","logo":{"@type":"ImageObject","inLanguage":"de","@id":"https:\/\/www.csj-emballages.com\/de\/#\/schema\/logo\/image\/","url":"https:\/\/www.csj-emballages.com\/wp-content\/uploads\/2023\/10\/logo_csj.webp","contentUrl":"https:\/\/www.csj-emballages.com\/wp-content\/uploads\/2023\/10\/logo_csj.webp","width":250,"height":95,"caption":"CSJ Emballages"},"image":{"@id":"https:\/\/www.csj-emballages.com\/de\/#\/schema\/logo\/image\/"},"sameAs":["https:\/\/www.facebook.com\/csjemballages"],"address":{"@type":"PostalAddress","streetAddress":"ZI La Lechere","addressLocality":"Patornay","postalCode":"39130","addressCountry":"FR"},"contactPoint":[{"@type":"ContactPoint","contactType":"Service client","telephone":"0384254272","email":"contact@csj-emballages.com"}]}]}},"df_price":9.38,"df_sale_price":"","df_regular_price":9.38,"df_image_link":"https:\/\/www.csj-emballages.com\/wp-content\/uploads\/2024\/03\/PLN46-300x300.webp","tiered_pricing_type":"fixed","tiered_pricing_fixed_rules":[],"tiered_pricing_percentage_rules":[],"tiered_pricing_minimum":1,"tiered_pricing_roles_data":[],"_links":{"self":[{"href":"https:\/\/www.csj-emballages.com\/de\/wp-json\/wp\/v2\/product\/22552","targetHints":{"allow":["GET"]}}],"collection":[{"href":"https:\/\/www.csj-emballages.com\/de\/wp-json\/wp\/v2\/product"}],"about":[{"href":"https:\/\/www.csj-emballages.com\/de\/wp-json\/wp\/v2\/types\/product"}],"wp:featuredmedia":[{"embeddable":true,"href":"https:\/\/www.csj-emballages.com\/de\/wp-json\/wp\/v2\/media\/179900"}],"wp:attachment":[{"href":"https:\/\/www.csj-emballages.com\/de\/wp-json\/wp\/v2\/media?parent=22552"}],"wp:term":[{"taxonomy":"product_brand","embeddable":true,"href":"https:\/\/www.csj-emballages.com\/de\/wp-json\/wp\/v2\/product_brand?post=22552"},{"taxonomy":"product_cat","embeddable":true,"href":"https:\/\/www.csj-emballages.com\/de\/wp-json\/wp\/v2\/product_cat?post=22552"},{"taxonomy":"product_tag","embeddable":true,"href":"https:\/\/www.csj-emballages.com\/de\/wp-json\/wp\/v2\/product_tag?post=22552"}],"curies":[{"name":"wp","href":"https:\/\/api.w.org\/{rel}","templated":true}]}}