{"id":22548,"date":"2024-03-01T16:50:35","date_gmt":"2024-03-01T15:50:35","guid":{"rendered":"https:\/\/u15jnbdpoq.preview.infomaniak.website\/produit\/25-goldplatten-40-x-60-cm\/"},"modified":"2026-04-29T02:16:28","modified_gmt":"2026-04-29T00:16:28","slug":"25-goldplatten-40-x-60-cm","status":"publish","type":"product","link":"https:\/\/www.csj-emballages.com\/de\/produit\/25-goldplatten-40-x-60-cm\/","title":{"rendered":"Goldplatte aus Pappe 40 x 60 cm pro 25"},"content":{"rendered":"<h2><strong>Goldplatte Karton<\/strong><\/h2>\n<hr>\n<h3>Beschreibung unserer Goldplatte aus Pappe 40 x 60 cm pro 25<\/h3>\n<p><!--more--><\/p>\n<p data-start=\"496\" data-end=\"979\">Die <strong>Goldplatte<\/strong> aus <strong>festem<\/strong> <strong>Karton<\/strong> <strong>40 x 60 cm<\/strong> ist ein <strong data-start=\"544\" data-end=\"604\">Muss f\u00fcr professionelle Gastronomen<\/strong>, Konditoren, Caterer und sogar f\u00fcr Privatpersonen, die ihre kulinarischen Kreationen aufwerten und gleichzeitig einen zuverl\u00e4ssigen und sauberen Transport gew\u00e4hrleisten m\u00f6chten. Sein <strong>goldenes<\/strong> Finish verleiht all Ihren Pr\u00e4sentationen <strong data-start=\"787\" data-end=\"825\">einen schicken und professionellen Touch<\/strong>. Egal, ob es sich um Kuchen, Torten, Desserts oder herzhafte Zubereitungen oder wie Wurst- und K\u00e4seplatten handelt.  <\/p>\n<p data-start=\"981\" data-end=\"1256\">Diese <strong>Platte<\/strong> aus hochwertigem <strong>Karton<\/strong> ist steif genug, um auch schwere Kreationen zu tragen, aber dennoch leicht und einfach zu handhaben. Sie ist feuchtigkeitsbest\u00e4ndig, sodass sie nicht weich wird, wenn sie mit kalten oder leicht feuchten Zubereitungen in Ber\u00fchrung kommt. <\/p>\n<p data-start=\"1258\" data-end=\"1548\">Die gro\u00dfz\u00fcgige Gr\u00f6\u00dfe erm\u00f6glicht es, mehrere Portionen oder ein gro\u00dfes St\u00fcck zu pr\u00e4sentieren, und sorgt dabei f\u00fcr eine saubere und professionelle Optik. Diese <strong>Goldplatte<\/strong> wird h\u00e4ufig bei Veranstaltungen, Empf\u00e4ngen, Buffets oder f\u00fcr Bestellungen zum Mitnehmen verwendet und ist <strong data-start=\"1506\" data-end=\"1547\">sowohl \u00e4sthetisch als auch funktional<\/strong>. <\/p>\n<p data-start=\"1550\" data-end=\"1767\">Es ist auch eine hervorragende L\u00f6sung f\u00fcr Privatpersonen, die einen selbstgebackenen Kuchen in einer professionellen Pr\u00e4sentation anbieten m\u00f6chten.<\/p>\n<p data-start=\"1550\" data-end=\"1767\"><!--more--><\/p>\n<h4>Ihre Vorteile :<\/h4>\n<ul>\n<li><strong>\u00c4sthetik<\/strong>: Ihre goldene, gl\u00e4nzende Oberfl\u00e4che verleiht ihnen einen Hauch von Raffinesse und Eleganz und hebt die Sch\u00f6nheit von Desserts hervor.<\/li>\n<li><strong>Vielfalt<\/strong>: Je nach Bedarf in verschiedenen Gr\u00f6\u00dfen erh\u00e4ltlich.<\/li>\n<li><strong>Robustheit<\/strong>: Hergestellt aus robusten Materialien, bieten sie eine solide Grundlage f\u00fcr Desserts und sorgen daf\u00fcr, dass diese unversehrt und sch\u00f6n pr\u00e4sentiert bleiben.<\/li>\n<li><strong>Sicherer Transport<\/strong>: Perfekt dimensioniert, um in Feinkostboxen zu passen, sorgen sie f\u00fcr einen sicheren Transport der Desserts.<\/li>\n<li><strong>Vielseitigkeit<\/strong>: Ideal f\u00fcr eine Vielzahl von Desserts, von Entremets bis hin zu Dessertschalen, passen sie sich verschiedenen Stilen und Arten von Backkreationen an.<\/li>\n<\/ul>\n<p>&nbsp;<\/p>\n<p><!--more--><\/p>\n<h4>Weitere Informationen :<\/h4>\n<ul>\n<li><strong>Verpackung<\/strong>: Packung mit 25 St\u00fcck<\/li>\n<li><strong>Ma\u00dfe<\/strong>: 40 x 60 cm<\/li>\n<li><strong>Material<\/strong>: Karton<\/li>\n<li><strong>Farbe<\/strong>: Gold \/ Schwarz<\/li>\n<\/ul>\n<p>&nbsp;<\/p>\n<p><!--more--><\/p>\n<p>Auch erh\u00e4ltlich in <span style=\"color: #d62727;\"><a style=\"color: #d62727;\" href=\"https:\/\/www.csj-emballages.com\/de\/produit\/25-goldplatten-28-x-42-cm\/\">25 Goldplatten 28 x 42 cm<\/a> \/ <a style=\"color: #d62727;\" href=\"https:\/\/www.csj-emballages.com\/produit\/25-plaques-or-30-x-40-cm\/\">25 Platten 30 x 40 cm<\/a><\/span><\/p>\n<p>&nbsp;<\/p>\n<p><!--more--><\/p>\n<p><a href=\"https:\/\/u15jnbdpoq.preview.infomaniak.website\/categorie-produit\/emballages\/boucherie-traiteur-primeur\/barquettes-boites-et-pots\/boites-traiteurs-lunchs\/\">Sehen Sie sich den Rest unseres Sortiments an Catering- und Lunchboxen an.<\/a><\/p>\n","protected":false},"excerpt":{"rendered":"<p>Goldplatte Karton Beschreibung unserer Goldplatte aus Pappe 40 x 60 cm pro 25<\/p>\n","protected":false},"featured_media":234213,"template":"","meta":{"_acf_changed":false},"product_brand":[],"product_cat":[1137,1170,1169,1171,3964,1256,3119,1925,3109,3116],"product_tag":[],"class_list":{"0":"post-22548","1":"product","2":"type-product","3":"status-publish","4":"has-post-thumbnail","6":"product_cat-lebensmittelverpackungen","7":"product_cat-metzgerei-und-feinkostgeschaft","8":"product_cat-catering-lunchboxen","9":"product_cat-backerei-und-konditorei","10":"product_cat-schachteln-und-etuis","11":"product_cat-gebackschachteln","12":"product_cat-gebackschachteln-de","13":"product_cat-kuchensohlenhalter","14":"product_cat-kuchenstander-gold","15":"product_cat-goldener-rechteckiger-tortenstander","17":"first","18":"instock","19":"taxable","20":"shipping-taxable","21":"purchasable","22":"product-type-simple"},"acf":[],"yoast_head":"<!-- This site is optimized with the Yoast SEO Premium plugin v26.6 (Yoast SEO v26.6) - https:\/\/yoast.com\/wordpress\/plugins\/seo\/ -->\n<title>Goldplatte Karton 40 x 60 cm pro 25<\/title>\n<meta name=\"description\" content=\"Elegante und steife goldene Kartonplatte 40 x 60 cm. Perfekt, um Ihre Kuchenpr\u00e4sentationen, Tortenst\u00fccke oder Catering-Gerichte zu veredeln.\" \/>\n<meta name=\"robots\" content=\"index, follow, max-snippet:-1, max-image-preview:large, max-video-preview:-1\" \/>\n<link rel=\"canonical\" href=\"https:\/\/www.csj-emballages.com\/de\/produit\/25-goldplatten-40-x-60-cm\/\" \/>\n<meta property=\"og:locale\" content=\"de_DE\" \/>\n<meta property=\"og:type\" content=\"article\" \/>\n<meta property=\"og:title\" content=\"Goldplatte aus Pappe 40 x 60 cm pro 25\" \/>\n<meta property=\"og:description\" content=\"Elegante und steife goldene Kartonplatte 40 x 60 cm. Perfekt, um Ihre Kuchenpr\u00e4sentationen, Tortenst\u00fccke oder Catering-Gerichte zu veredeln.\" \/>\n<meta property=\"og:url\" content=\"https:\/\/www.csj-emballages.com\/de\/produit\/25-goldplatten-40-x-60-cm\/\" \/>\n<meta property=\"og:site_name\" content=\"CSJ Emballages\" \/>\n<meta property=\"article:publisher\" content=\"https:\/\/www.facebook.com\/csjemballages\" \/>\n<meta property=\"article:modified_time\" content=\"2026-04-29T00:16:28+00:00\" \/>\n<meta property=\"og:image\" content=\"https:\/\/www.csj-emballages.com\/wp-content\/uploads\/2025\/04\/PLAQOR2842.webp\" \/>\n\t<meta property=\"og:image:width\" content=\"800\" \/>\n\t<meta property=\"og:image:height\" content=\"800\" \/>\n\t<meta property=\"og:image:type\" content=\"image\/webp\" \/>\n<meta name=\"twitter:card\" content=\"summary_large_image\" \/>\n<meta name=\"twitter:label1\" content=\"Gesch\u00e4tzte Lesezeit\" \/>\n\t<meta name=\"twitter:data1\" content=\"2 Minuten\" \/>\n<script type=\"application\/ld+json\" class=\"yoast-schema-graph\">{\"@context\":\"https:\/\/schema.org\",\"@graph\":[{\"@type\":\"WebPage\",\"@id\":\"https:\/\/www.csj-emballages.com\/de\/produit\/25-goldplatten-40-x-60-cm\/\",\"url\":\"https:\/\/www.csj-emballages.com\/de\/produit\/25-goldplatten-40-x-60-cm\/\",\"name\":\"Goldplatte Karton 40 x 60 cm pro 25\",\"isPartOf\":{\"@id\":\"https:\/\/www.csj-emballages.com\/de\/#website\"},\"primaryImageOfPage\":{\"@id\":\"https:\/\/www.csj-emballages.com\/de\/produit\/25-goldplatten-40-x-60-cm\/#primaryimage\"},\"image\":{\"@id\":\"https:\/\/www.csj-emballages.com\/de\/produit\/25-goldplatten-40-x-60-cm\/#primaryimage\"},\"thumbnailUrl\":\"https:\/\/www.csj-emballages.com\/wp-content\/uploads\/2025\/04\/PLAQOR2842.webp\",\"datePublished\":\"2024-03-01T15:50:35+00:00\",\"dateModified\":\"2026-04-29T00:16:28+00:00\",\"description\":\"Elegante und steife goldene Kartonplatte 40 x 60 cm. Perfekt, um Ihre Kuchenpr\u00e4sentationen, Tortenst\u00fccke oder Catering-Gerichte zu veredeln.\",\"breadcrumb\":{\"@id\":\"https:\/\/www.csj-emballages.com\/de\/produit\/25-goldplatten-40-x-60-cm\/#breadcrumb\"},\"inLanguage\":\"de\",\"potentialAction\":[{\"@type\":\"ReadAction\",\"target\":[\"https:\/\/www.csj-emballages.com\/de\/produit\/25-goldplatten-40-x-60-cm\/\"]}]},{\"@type\":\"ImageObject\",\"inLanguage\":\"de\",\"@id\":\"https:\/\/www.csj-emballages.com\/de\/produit\/25-goldplatten-40-x-60-cm\/#primaryimage\",\"url\":\"https:\/\/www.csj-emballages.com\/wp-content\/uploads\/2025\/04\/PLAQOR2842.webp\",\"contentUrl\":\"https:\/\/www.csj-emballages.com\/wp-content\/uploads\/2025\/04\/PLAQOR2842.webp\",\"width\":800,\"height\":800,\"caption\":\"Plaque or carton\"},{\"@type\":\"BreadcrumbList\",\"@id\":\"https:\/\/www.csj-emballages.com\/de\/produit\/25-goldplatten-40-x-60-cm\/#breadcrumb\",\"itemListElement\":[{\"@type\":\"ListItem\",\"position\":1,\"name\":\"Accueil\",\"item\":\"https:\/\/www.csj-emballages.com\/de\/universum-lebensmittelverpackungen\/\"},{\"@type\":\"ListItem\",\"position\":2,\"name\":\"Shop\",\"item\":\"https:\/\/www.csj-emballages.com\/shop\/\"},{\"@type\":\"ListItem\",\"position\":3,\"name\":\"Goldplatte aus Pappe 40 x 60 cm pro 25\"}]},{\"@type\":\"WebSite\",\"@id\":\"https:\/\/www.csj-emballages.com\/de\/#website\",\"url\":\"https:\/\/www.csj-emballages.com\/de\/\",\"name\":\"CSJ Emballages\",\"description\":\"\",\"publisher\":{\"@id\":\"https:\/\/www.csj-emballages.com\/de\/#organization\"},\"potentialAction\":[{\"@type\":\"SearchAction\",\"target\":{\"@type\":\"EntryPoint\",\"urlTemplate\":\"https:\/\/www.csj-emballages.com\/de\/?s={search_term_string}\"},\"query-input\":{\"@type\":\"PropertyValueSpecification\",\"valueRequired\":true,\"valueName\":\"search_term_string\"}}],\"inLanguage\":\"de\"},{\"@type\":\"Organization\",\"@id\":\"https:\/\/www.csj-emballages.com\/de\/#Organization\/\",\"name\":\"CSJ Emballages\",\"url\":\"https:\/\/www.csj-emballages.com\/de\/\",\"logo\":{\"@type\":\"ImageObject\",\"inLanguage\":\"de\",\"@id\":\"https:\/\/www.csj-emballages.com\/de\/#\/schema\/logo\/image\/\",\"url\":\"https:\/\/www.csj-emballages.com\/wp-content\/uploads\/2023\/10\/logo_csj.webp\",\"contentUrl\":\"https:\/\/www.csj-emballages.com\/wp-content\/uploads\/2023\/10\/logo_csj.webp\",\"width\":250,\"height\":95,\"caption\":\"CSJ Emballages\"},\"image\":{\"@id\":\"https:\/\/www.csj-emballages.com\/de\/#\/schema\/logo\/image\/\"},\"sameAs\":[\"https:\/\/www.facebook.com\/csjemballages\"],\"address\":{\"@type\":\"PostalAddress\",\"streetAddress\":\"ZI La Lechere\",\"addressLocality\":\"Patornay\",\"postalCode\":\"39130\",\"addressCountry\":\"FR\"},\"contactPoint\":[{\"@type\":\"ContactPoint\",\"contactType\":\"Service client\",\"telephone\":\"0384254272\",\"email\":\"contact@csj-emballages.com\"}]}]}<\/script>\n<!-- \/ Yoast SEO Premium plugin. -->","yoast_head_json":{"title":"Goldplatte Karton 40 x 60 cm pro 25","description":"Elegante und steife goldene Kartonplatte 40 x 60 cm. Perfekt, um Ihre Kuchenpr\u00e4sentationen, Tortenst\u00fccke oder Catering-Gerichte zu veredeln.","robots":{"index":"index","follow":"follow","max-snippet":"max-snippet:-1","max-image-preview":"max-image-preview:large","max-video-preview":"max-video-preview:-1"},"canonical":"https:\/\/www.csj-emballages.com\/de\/produit\/25-goldplatten-40-x-60-cm\/","og_locale":"de_DE","og_type":"article","og_title":"Goldplatte aus Pappe 40 x 60 cm pro 25","og_description":"Elegante und steife goldene Kartonplatte 40 x 60 cm. Perfekt, um Ihre Kuchenpr\u00e4sentationen, Tortenst\u00fccke oder Catering-Gerichte zu veredeln.","og_url":"https:\/\/www.csj-emballages.com\/de\/produit\/25-goldplatten-40-x-60-cm\/","og_site_name":"CSJ Emballages","article_publisher":"https:\/\/www.facebook.com\/csjemballages","article_modified_time":"2026-04-29T00:16:28+00:00","og_image":[{"width":800,"height":800,"url":"https:\/\/www.csj-emballages.com\/wp-content\/uploads\/2025\/04\/PLAQOR2842.webp","type":"image\/webp"}],"twitter_card":"summary_large_image","twitter_misc":{"Gesch\u00e4tzte Lesezeit":"2 Minuten"},"schema":{"@context":"https:\/\/schema.org","@graph":[{"@type":"WebPage","@id":"https:\/\/www.csj-emballages.com\/de\/produit\/25-goldplatten-40-x-60-cm\/","url":"https:\/\/www.csj-emballages.com\/de\/produit\/25-goldplatten-40-x-60-cm\/","name":"Goldplatte Karton 40 x 60 cm pro 25","isPartOf":{"@id":"https:\/\/www.csj-emballages.com\/de\/#website"},"primaryImageOfPage":{"@id":"https:\/\/www.csj-emballages.com\/de\/produit\/25-goldplatten-40-x-60-cm\/#primaryimage"},"image":{"@id":"https:\/\/www.csj-emballages.com\/de\/produit\/25-goldplatten-40-x-60-cm\/#primaryimage"},"thumbnailUrl":"https:\/\/www.csj-emballages.com\/wp-content\/uploads\/2025\/04\/PLAQOR2842.webp","datePublished":"2024-03-01T15:50:35+00:00","dateModified":"2026-04-29T00:16:28+00:00","description":"Elegante und steife goldene Kartonplatte 40 x 60 cm. Perfekt, um Ihre Kuchenpr\u00e4sentationen, Tortenst\u00fccke oder Catering-Gerichte zu veredeln.","breadcrumb":{"@id":"https:\/\/www.csj-emballages.com\/de\/produit\/25-goldplatten-40-x-60-cm\/#breadcrumb"},"inLanguage":"de","potentialAction":[{"@type":"ReadAction","target":["https:\/\/www.csj-emballages.com\/de\/produit\/25-goldplatten-40-x-60-cm\/"]}]},{"@type":"ImageObject","inLanguage":"de","@id":"https:\/\/www.csj-emballages.com\/de\/produit\/25-goldplatten-40-x-60-cm\/#primaryimage","url":"https:\/\/www.csj-emballages.com\/wp-content\/uploads\/2025\/04\/PLAQOR2842.webp","contentUrl":"https:\/\/www.csj-emballages.com\/wp-content\/uploads\/2025\/04\/PLAQOR2842.webp","width":800,"height":800,"caption":"Plaque or carton"},{"@type":"BreadcrumbList","@id":"https:\/\/www.csj-emballages.com\/de\/produit\/25-goldplatten-40-x-60-cm\/#breadcrumb","itemListElement":[{"@type":"ListItem","position":1,"name":"Accueil","item":"https:\/\/www.csj-emballages.com\/de\/universum-lebensmittelverpackungen\/"},{"@type":"ListItem","position":2,"name":"Shop","item":"https:\/\/www.csj-emballages.com\/shop\/"},{"@type":"ListItem","position":3,"name":"Goldplatte aus Pappe 40 x 60 cm pro 25"}]},{"@type":"WebSite","@id":"https:\/\/www.csj-emballages.com\/de\/#website","url":"https:\/\/www.csj-emballages.com\/de\/","name":"CSJ Emballages","description":"","publisher":{"@id":"https:\/\/www.csj-emballages.com\/de\/#organization"},"potentialAction":[{"@type":"SearchAction","target":{"@type":"EntryPoint","urlTemplate":"https:\/\/www.csj-emballages.com\/de\/?s={search_term_string}"},"query-input":{"@type":"PropertyValueSpecification","valueRequired":true,"valueName":"search_term_string"}}],"inLanguage":"de"},{"@type":"Organization","@id":"https:\/\/www.csj-emballages.com\/de\/#Organization\/","name":"CSJ Emballages","url":"https:\/\/www.csj-emballages.com\/de\/","logo":{"@type":"ImageObject","inLanguage":"de","@id":"https:\/\/www.csj-emballages.com\/de\/#\/schema\/logo\/image\/","url":"https:\/\/www.csj-emballages.com\/wp-content\/uploads\/2023\/10\/logo_csj.webp","contentUrl":"https:\/\/www.csj-emballages.com\/wp-content\/uploads\/2023\/10\/logo_csj.webp","width":250,"height":95,"caption":"CSJ Emballages"},"image":{"@id":"https:\/\/www.csj-emballages.com\/de\/#\/schema\/logo\/image\/"},"sameAs":["https:\/\/www.facebook.com\/csjemballages"],"address":{"@type":"PostalAddress","streetAddress":"ZI La Lechere","addressLocality":"Patornay","postalCode":"39130","addressCountry":"FR"},"contactPoint":[{"@type":"ContactPoint","contactType":"Service client","telephone":"0384254272","email":"contact@csj-emballages.com"}]}]}},"df_price":25.18,"df_sale_price":"","df_regular_price":25.18,"df_image_link":"https:\/\/www.csj-emballages.com\/wp-content\/uploads\/2025\/04\/PLAQOR2842-300x300.webp","tiered_pricing_type":"fixed","tiered_pricing_fixed_rules":[],"tiered_pricing_percentage_rules":[],"tiered_pricing_minimum":1,"tiered_pricing_roles_data":[],"_links":{"self":[{"href":"https:\/\/www.csj-emballages.com\/de\/wp-json\/wp\/v2\/product\/22548","targetHints":{"allow":["GET"]}}],"collection":[{"href":"https:\/\/www.csj-emballages.com\/de\/wp-json\/wp\/v2\/product"}],"about":[{"href":"https:\/\/www.csj-emballages.com\/de\/wp-json\/wp\/v2\/types\/product"}],"wp:featuredmedia":[{"embeddable":true,"href":"https:\/\/www.csj-emballages.com\/de\/wp-json\/wp\/v2\/media\/234213"}],"wp:attachment":[{"href":"https:\/\/www.csj-emballages.com\/de\/wp-json\/wp\/v2\/media?parent=22548"}],"wp:term":[{"taxonomy":"product_brand","embeddable":true,"href":"https:\/\/www.csj-emballages.com\/de\/wp-json\/wp\/v2\/product_brand?post=22548"},{"taxonomy":"product_cat","embeddable":true,"href":"https:\/\/www.csj-emballages.com\/de\/wp-json\/wp\/v2\/product_cat?post=22548"},{"taxonomy":"product_tag","embeddable":true,"href":"https:\/\/www.csj-emballages.com\/de\/wp-json\/wp\/v2\/product_tag?post=22548"}],"curies":[{"name":"wp","href":"https:\/\/api.w.org\/{rel}","templated":true}]}}