{"id":22546,"date":"2024-03-01T16:50:35","date_gmt":"2024-03-01T15:50:35","guid":{"rendered":"https:\/\/u15jnbdpoq.preview.infomaniak.website\/produit\/25-mahlzeitentabletts-zum-mitnehmen-5-luxusfaecher\/"},"modified":"2026-03-12T16:33:06","modified_gmt":"2026-03-12T15:33:06","slug":"25-mahlzeitentabletts-zum-mitnehmen-5-luxusfaecher","status":"publish","type":"product","link":"https:\/\/www.csj-emballages.com\/de\/produit\/25-mahlzeitentabletts-zum-mitnehmen-5-luxusfaecher\/","title":{"rendered":"Essenstablett mit 5 F\u00e4chern zum Mitnehmen Luxus pro 25"},"content":{"rendered":"<h2>Mahlzeitentablett<\/h2>\n<hr>\n<h3>Beschreibung von unserem 5-F\u00e4cher-Mahlzeitentablett zum Mitnehmen Luxus pro 25<\/h3>\n<p><!--more--><\/p>\n<p data-start=\"182\" data-end=\"558\">Entdecken Sie das <strong data-start=\"195\" data-end=\"251\">5-teilige Mitnehmtablett Luxus par 25<\/strong>, eine praktische und elegante L\u00f6sung, die f\u00fcr Profis in der Gastronomie, im Take-away-Bereich und bei Veranstaltungen entwickelt wurde. Denn dieses <strong>schwarze Tablett<\/strong> wurde entwickelt, um den Anforderungen von <b>Profis<\/b> gerecht zu werden, und bietet sowohl Benutzerkomfort als auch eine gepflegte Pr\u00e4sentation. <\/p>\n<p data-start=\"560\" data-end=\"948\">Dank der <strong data-start=\"569\" data-end=\"598\">5 verschiedenen F\u00e4cher<\/strong> k\u00f6nnen Vorspeisen, Hauptgerichte, Beilagen, K\u00e4se und Desserts getrennt werden, ohne dass sich die Geschm\u00e4cker vermischen. Die durchdachte Anordnung bringt jede Zubereitung zur Geltung. Dieses <strong>Tablett mit 5 F\u00e4chern<\/strong> ist ideal f\u00fcr komplette Men\u00fcs und verleiht Ihren Darbietungen einen Hauch von <strong data-start=\"912\" data-end=\"927\">Raffinesse<\/strong>.  <\/p>\n<p data-start=\"950\" data-end=\"1326\">Das aus einem robusten und qualitativ hochwertigen Material gefertigte <strong data-start=\"1002\" data-end=\"1024\">Speisetablett Luxus<\/strong> vereint Widerstandsf\u00e4higkeit und Eleganz. Dank seiner Robustheit eignet es sich sowohl f\u00fcr kalte als auch f\u00fcr warme Gerichte und bleibt beim Transport immer sch\u00f6n in Form. Sein raffiniertes Design tr\u00e4gt dazu bei, Ihren Kunden ein hochwertiges Erlebnis zu bieten, w\u00e4hrend es gleichzeitig praktisch f\u00fcr den t\u00e4glichen Gebrauch bleibt.  <\/p>\n<p data-start=\"1328\" data-end=\"1702\">Da es im <strong data-start=\"1344\" data-end=\"1357\">25er-Pack<\/strong> verpackt ist, eignet es sich perfekt f\u00fcr Cateringdienste mit hohem Arbeitsaufkommen, da es Zeit spart und die Organisation optimiert. Ob f\u00fcr ein Gesch\u00e4ftsessen, ein Cocktail-Empfang, eine private Feier oder eine Gemeinschaftsverpflegung, dieses <strong>schwarze Tablett<\/strong> ist der ideale Verb\u00fcndete, um Zweckm\u00e4\u00dfigkeit, Hygiene und Eleganz zu kombinieren. <\/p>\n<p data-start=\"1704\" data-end=\"1889\">Zusammenfassend l\u00e4sst sich sagen, dass Sie mit der Wahl dieses <strong data-start=\"1722\" data-end=\"1771\">Tabletts<\/strong> f\u00fcr Mahlzeiten Ihren G\u00e4sten einen hohen Komfort beim Essen bieten.<\/p>\n<p data-start=\"1704\" data-end=\"1889\"><!--more--><\/p>\n<p data-start=\"1704\" data-end=\"1889\"><strong><span style=\"color: #ff0000;\">*Dieses Tablett wird separat von seinem Deckel verkauft (siehe Link unten).<\/span><\/strong><\/p>\n<p data-start=\"1704\" data-end=\"1889\"><!--more--><\/p>\n<h4>Vorteile :<\/h4>\n<ul>\n<li>5 F\u00e4cher, um jede Zubereitung zu trennen und hervorzuheben.<\/li>\n<li>Raffiniertes Design f\u00fcr eine elegante Pr\u00e4sentation.<\/li>\n<li>Dank seines robusten Materials eignet er sich f\u00fcr hei\u00dfe und kalte Speisen.<\/li>\n<li>Packung mit 25 St\u00fcck f\u00fcr eine praktische und kosteng\u00fcnstige Verwendung.<\/li>\n<li>Perfekt f\u00fcr Caterer, Gastronomen und Veranstaltungen.<\/li>\n<\/ul>\n<p>&nbsp;<\/p>\n<p><!--more--><\/p>\n<h4>Weitere Informationen :<\/h4>\n<ul>\n<li><strong>Verpackung<\/strong>: Packung mit 25 St\u00fcck<\/li>\n<li><strong>Ma\u00dfe<\/strong>: 310 x 250 x 30 mm<\/li>\n<li><strong>Anzahl der F\u00e4cher <\/strong>: 5<\/li>\n<li><strong>Farbe<\/strong>: Schwarz<\/li>\n<li><strong>Material<\/strong>: PS (Polystyrol)<\/li>\n<li><strong>Verwendungstemperatur<\/strong>: -5\u00b0C \/ +80\u00b0C<\/li>\n<\/ul>\n<p>&nbsp;<\/p>\n<p><!--more--><\/p>\n<p>Hier finden Sie den passenden Deckel f\u00fcr dieses Tablett : <span style=\"color: #d12727;\"><a style=\"color: #d12727;\" href=\"https:\/\/www.csj-emballages.com\/produit\/25-couvercles-pour-plateaux-repas-a-emporter-5-compartiments-luxe-pl5cluxen\/\">COPL5CLUXEN<\/a><\/span><\/p>\n<p>&nbsp;<\/p>\n<p><!--more--><\/p>\n<p><a href=\"https:\/\/www.csj-emballages.com\/de\/categorie-produit\/lebensmittelverpackungen\/metzgerei-und-feinkostgeschaft\/tabletts\/mahlzeitentabletts\/plastiktabletts-fur-mahlzeiten\/tabletts-luxus\/\">Sehen Sie sich den Rest unseres Sortiments an &#8218;Luxus&#8216;-Tabletts an<\/a><\/p>\n","protected":false},"excerpt":{"rendered":"<p>Mahlzeitentablett Beschreibung von unserem 5-F\u00e4cher-Mahlzeitentablett zum Mitnehmen Luxus pro 25<\/p>\n","protected":false},"featured_media":241273,"template":"","meta":{"_acf_changed":false},"product_brand":[],"product_cat":[1137,1170,1344,1345,1346,7229,1134,1347,1349,1350],"product_tag":[],"class_list":{"0":"post-22546","1":"product","2":"type-product","3":"status-publish","4":"has-post-thumbnail","6":"product_cat-lebensmittelverpackungen","7":"product_cat-metzgerei-und-feinkostgeschaft","8":"product_cat-tabletts","9":"product_cat-mahlzeitentabletts","10":"product_cat-plastiktabletts-fur-mahlzeiten","11":"product_cat-tabletts-luxus","12":"product_cat-restauration-de","13":"product_cat-tabletts-de","14":"product_cat-einweg-mahlzeitentabletts","15":"product_cat-plastiktabletts-fur-mahlzeiten-de","17":"first","18":"instock","19":"taxable","20":"shipping-taxable","21":"purchasable","22":"product-type-simple"},"acf":[],"yoast_head":"<!-- This site is optimized with the Yoast SEO Premium plugin v26.6 (Yoast SEO v26.6) - https:\/\/yoast.com\/wordpress\/plugins\/seo\/ -->\n<title>Essenstablett mit 5 F\u00e4chern zum Mitnehmen Luxe pro 25<\/title>\n<meta name=\"description\" content=\"Luxuri\u00f6ses Essenstablett mit 5 F\u00e4chern zum Mitnehmen par 25: elegant, praktisch und stabil f\u00fcr Caterer und Restaurants. Deckel separat erh\u00e4ltlich.\" \/>\n<meta name=\"robots\" content=\"index, follow, max-snippet:-1, max-image-preview:large, max-video-preview:-1\" \/>\n<link rel=\"canonical\" href=\"https:\/\/www.csj-emballages.com\/de\/produit\/25-mahlzeitentabletts-zum-mitnehmen-5-luxusfaecher\/\" \/>\n<meta property=\"og:locale\" content=\"de_DE\" \/>\n<meta property=\"og:type\" content=\"article\" \/>\n<meta property=\"og:title\" content=\"Essenstablett mit 5 F\u00e4chern zum Mitnehmen Luxus pro 25\" \/>\n<meta property=\"og:description\" content=\"Luxuri\u00f6ses Essenstablett mit 5 F\u00e4chern zum Mitnehmen par 25: elegant, praktisch und stabil f\u00fcr Caterer und Restaurants. Deckel separat erh\u00e4ltlich.\" \/>\n<meta property=\"og:url\" content=\"https:\/\/www.csj-emballages.com\/de\/produit\/25-mahlzeitentabletts-zum-mitnehmen-5-luxusfaecher\/\" \/>\n<meta property=\"og:site_name\" content=\"CSJ Emballages\" \/>\n<meta property=\"article:publisher\" content=\"https:\/\/www.facebook.com\/csjemballages\" \/>\n<meta property=\"article:modified_time\" content=\"2026-03-12T15:33:06+00:00\" \/>\n<meta property=\"og:image\" content=\"https:\/\/www.csj-emballages.com\/wp-content\/uploads\/2024\/03\/PL5CLUXEN.webp\" \/>\n\t<meta property=\"og:image:width\" content=\"800\" \/>\n\t<meta property=\"og:image:height\" content=\"800\" \/>\n\t<meta property=\"og:image:type\" content=\"image\/webp\" \/>\n<meta name=\"twitter:card\" content=\"summary_large_image\" \/>\n<meta name=\"twitter:label1\" content=\"Gesch\u00e4tzte Lesezeit\" \/>\n\t<meta name=\"twitter:data1\" content=\"2 Minuten\" \/>\n<script type=\"application\/ld+json\" class=\"yoast-schema-graph\">{\"@context\":\"https:\/\/schema.org\",\"@graph\":[{\"@type\":\"WebPage\",\"@id\":\"https:\/\/www.csj-emballages.com\/de\/produit\/25-mahlzeitentabletts-zum-mitnehmen-5-luxusfaecher\/\",\"url\":\"https:\/\/www.csj-emballages.com\/de\/produit\/25-mahlzeitentabletts-zum-mitnehmen-5-luxusfaecher\/\",\"name\":\"Essenstablett mit 5 F\u00e4chern zum Mitnehmen Luxe pro 25\",\"isPartOf\":{\"@id\":\"https:\/\/www.csj-emballages.com\/de\/#website\"},\"primaryImageOfPage\":{\"@id\":\"https:\/\/www.csj-emballages.com\/de\/produit\/25-mahlzeitentabletts-zum-mitnehmen-5-luxusfaecher\/#primaryimage\"},\"image\":{\"@id\":\"https:\/\/www.csj-emballages.com\/de\/produit\/25-mahlzeitentabletts-zum-mitnehmen-5-luxusfaecher\/#primaryimage\"},\"thumbnailUrl\":\"https:\/\/www.csj-emballages.com\/wp-content\/uploads\/2024\/03\/PL5CLUXEN.webp\",\"datePublished\":\"2024-03-01T15:50:35+00:00\",\"dateModified\":\"2026-03-12T15:33:06+00:00\",\"description\":\"Luxuri\u00f6ses Essenstablett mit 5 F\u00e4chern zum Mitnehmen par 25: elegant, praktisch und stabil f\u00fcr Caterer und Restaurants. Deckel separat erh\u00e4ltlich.\",\"breadcrumb\":{\"@id\":\"https:\/\/www.csj-emballages.com\/de\/produit\/25-mahlzeitentabletts-zum-mitnehmen-5-luxusfaecher\/#breadcrumb\"},\"inLanguage\":\"de\",\"potentialAction\":[{\"@type\":\"ReadAction\",\"target\":[\"https:\/\/www.csj-emballages.com\/de\/produit\/25-mahlzeitentabletts-zum-mitnehmen-5-luxusfaecher\/\"]}]},{\"@type\":\"ImageObject\",\"inLanguage\":\"de\",\"@id\":\"https:\/\/www.csj-emballages.com\/de\/produit\/25-mahlzeitentabletts-zum-mitnehmen-5-luxusfaecher\/#primaryimage\",\"url\":\"https:\/\/www.csj-emballages.com\/wp-content\/uploads\/2024\/03\/PL5CLUXEN.webp\",\"contentUrl\":\"https:\/\/www.csj-emballages.com\/wp-content\/uploads\/2024\/03\/PL5CLUXEN.webp\",\"width\":800,\"height\":800,\"caption\":\"Plateau repas\"},{\"@type\":\"BreadcrumbList\",\"@id\":\"https:\/\/www.csj-emballages.com\/de\/produit\/25-mahlzeitentabletts-zum-mitnehmen-5-luxusfaecher\/#breadcrumb\",\"itemListElement\":[{\"@type\":\"ListItem\",\"position\":1,\"name\":\"Accueil\",\"item\":\"https:\/\/www.csj-emballages.com\/de\/universum-lebensmittelverpackungen\/\"},{\"@type\":\"ListItem\",\"position\":2,\"name\":\"Shop\",\"item\":\"https:\/\/www.csj-emballages.com\/shop\/\"},{\"@type\":\"ListItem\",\"position\":3,\"name\":\"Essenstablett mit 5 F\u00e4chern zum Mitnehmen Luxus pro 25\"}]},{\"@type\":\"WebSite\",\"@id\":\"https:\/\/www.csj-emballages.com\/de\/#website\",\"url\":\"https:\/\/www.csj-emballages.com\/de\/\",\"name\":\"CSJ Emballages\",\"description\":\"\",\"publisher\":{\"@id\":\"https:\/\/www.csj-emballages.com\/de\/#organization\"},\"potentialAction\":[{\"@type\":\"SearchAction\",\"target\":{\"@type\":\"EntryPoint\",\"urlTemplate\":\"https:\/\/www.csj-emballages.com\/de\/?s={search_term_string}\"},\"query-input\":{\"@type\":\"PropertyValueSpecification\",\"valueRequired\":true,\"valueName\":\"search_term_string\"}}],\"inLanguage\":\"de\"},{\"@type\":\"Organization\",\"@id\":\"https:\/\/www.csj-emballages.com\/de\/#Organization\/\",\"name\":\"CSJ Emballages\",\"url\":\"https:\/\/www.csj-emballages.com\/de\/\",\"logo\":{\"@type\":\"ImageObject\",\"inLanguage\":\"de\",\"@id\":\"https:\/\/www.csj-emballages.com\/de\/#\/schema\/logo\/image\/\",\"url\":\"https:\/\/www.csj-emballages.com\/wp-content\/uploads\/2023\/10\/logo_csj.webp\",\"contentUrl\":\"https:\/\/www.csj-emballages.com\/wp-content\/uploads\/2023\/10\/logo_csj.webp\",\"width\":250,\"height\":95,\"caption\":\"CSJ Emballages\"},\"image\":{\"@id\":\"https:\/\/www.csj-emballages.com\/de\/#\/schema\/logo\/image\/\"},\"sameAs\":[\"https:\/\/www.facebook.com\/csjemballages\"],\"address\":{\"@type\":\"PostalAddress\",\"streetAddress\":\"ZI La Lechere\",\"addressLocality\":\"Patornay\",\"postalCode\":\"39130\",\"addressCountry\":\"FR\"},\"contactPoint\":[{\"@type\":\"ContactPoint\",\"contactType\":\"Service client\",\"telephone\":\"0384254272\",\"email\":\"contact@csj-emballages.com\"}]}]}<\/script>\n<!-- \/ Yoast SEO Premium plugin. -->","yoast_head_json":{"title":"Essenstablett mit 5 F\u00e4chern zum Mitnehmen Luxe pro 25","description":"Luxuri\u00f6ses Essenstablett mit 5 F\u00e4chern zum Mitnehmen par 25: elegant, praktisch und stabil f\u00fcr Caterer und Restaurants. Deckel separat erh\u00e4ltlich.","robots":{"index":"index","follow":"follow","max-snippet":"max-snippet:-1","max-image-preview":"max-image-preview:large","max-video-preview":"max-video-preview:-1"},"canonical":"https:\/\/www.csj-emballages.com\/de\/produit\/25-mahlzeitentabletts-zum-mitnehmen-5-luxusfaecher\/","og_locale":"de_DE","og_type":"article","og_title":"Essenstablett mit 5 F\u00e4chern zum Mitnehmen Luxus pro 25","og_description":"Luxuri\u00f6ses Essenstablett mit 5 F\u00e4chern zum Mitnehmen par 25: elegant, praktisch und stabil f\u00fcr Caterer und Restaurants. Deckel separat erh\u00e4ltlich.","og_url":"https:\/\/www.csj-emballages.com\/de\/produit\/25-mahlzeitentabletts-zum-mitnehmen-5-luxusfaecher\/","og_site_name":"CSJ Emballages","article_publisher":"https:\/\/www.facebook.com\/csjemballages","article_modified_time":"2026-03-12T15:33:06+00:00","og_image":[{"width":800,"height":800,"url":"https:\/\/www.csj-emballages.com\/wp-content\/uploads\/2024\/03\/PL5CLUXEN.webp","type":"image\/webp"}],"twitter_card":"summary_large_image","twitter_misc":{"Gesch\u00e4tzte Lesezeit":"2 Minuten"},"schema":{"@context":"https:\/\/schema.org","@graph":[{"@type":"WebPage","@id":"https:\/\/www.csj-emballages.com\/de\/produit\/25-mahlzeitentabletts-zum-mitnehmen-5-luxusfaecher\/","url":"https:\/\/www.csj-emballages.com\/de\/produit\/25-mahlzeitentabletts-zum-mitnehmen-5-luxusfaecher\/","name":"Essenstablett mit 5 F\u00e4chern zum Mitnehmen Luxe pro 25","isPartOf":{"@id":"https:\/\/www.csj-emballages.com\/de\/#website"},"primaryImageOfPage":{"@id":"https:\/\/www.csj-emballages.com\/de\/produit\/25-mahlzeitentabletts-zum-mitnehmen-5-luxusfaecher\/#primaryimage"},"image":{"@id":"https:\/\/www.csj-emballages.com\/de\/produit\/25-mahlzeitentabletts-zum-mitnehmen-5-luxusfaecher\/#primaryimage"},"thumbnailUrl":"https:\/\/www.csj-emballages.com\/wp-content\/uploads\/2024\/03\/PL5CLUXEN.webp","datePublished":"2024-03-01T15:50:35+00:00","dateModified":"2026-03-12T15:33:06+00:00","description":"Luxuri\u00f6ses Essenstablett mit 5 F\u00e4chern zum Mitnehmen par 25: elegant, praktisch und stabil f\u00fcr Caterer und Restaurants. Deckel separat erh\u00e4ltlich.","breadcrumb":{"@id":"https:\/\/www.csj-emballages.com\/de\/produit\/25-mahlzeitentabletts-zum-mitnehmen-5-luxusfaecher\/#breadcrumb"},"inLanguage":"de","potentialAction":[{"@type":"ReadAction","target":["https:\/\/www.csj-emballages.com\/de\/produit\/25-mahlzeitentabletts-zum-mitnehmen-5-luxusfaecher\/"]}]},{"@type":"ImageObject","inLanguage":"de","@id":"https:\/\/www.csj-emballages.com\/de\/produit\/25-mahlzeitentabletts-zum-mitnehmen-5-luxusfaecher\/#primaryimage","url":"https:\/\/www.csj-emballages.com\/wp-content\/uploads\/2024\/03\/PL5CLUXEN.webp","contentUrl":"https:\/\/www.csj-emballages.com\/wp-content\/uploads\/2024\/03\/PL5CLUXEN.webp","width":800,"height":800,"caption":"Plateau repas"},{"@type":"BreadcrumbList","@id":"https:\/\/www.csj-emballages.com\/de\/produit\/25-mahlzeitentabletts-zum-mitnehmen-5-luxusfaecher\/#breadcrumb","itemListElement":[{"@type":"ListItem","position":1,"name":"Accueil","item":"https:\/\/www.csj-emballages.com\/de\/universum-lebensmittelverpackungen\/"},{"@type":"ListItem","position":2,"name":"Shop","item":"https:\/\/www.csj-emballages.com\/shop\/"},{"@type":"ListItem","position":3,"name":"Essenstablett mit 5 F\u00e4chern zum Mitnehmen Luxus pro 25"}]},{"@type":"WebSite","@id":"https:\/\/www.csj-emballages.com\/de\/#website","url":"https:\/\/www.csj-emballages.com\/de\/","name":"CSJ Emballages","description":"","publisher":{"@id":"https:\/\/www.csj-emballages.com\/de\/#organization"},"potentialAction":[{"@type":"SearchAction","target":{"@type":"EntryPoint","urlTemplate":"https:\/\/www.csj-emballages.com\/de\/?s={search_term_string}"},"query-input":{"@type":"PropertyValueSpecification","valueRequired":true,"valueName":"search_term_string"}}],"inLanguage":"de"},{"@type":"Organization","@id":"https:\/\/www.csj-emballages.com\/de\/#Organization\/","name":"CSJ Emballages","url":"https:\/\/www.csj-emballages.com\/de\/","logo":{"@type":"ImageObject","inLanguage":"de","@id":"https:\/\/www.csj-emballages.com\/de\/#\/schema\/logo\/image\/","url":"https:\/\/www.csj-emballages.com\/wp-content\/uploads\/2023\/10\/logo_csj.webp","contentUrl":"https:\/\/www.csj-emballages.com\/wp-content\/uploads\/2023\/10\/logo_csj.webp","width":250,"height":95,"caption":"CSJ Emballages"},"image":{"@id":"https:\/\/www.csj-emballages.com\/de\/#\/schema\/logo\/image\/"},"sameAs":["https:\/\/www.facebook.com\/csjemballages"],"address":{"@type":"PostalAddress","streetAddress":"ZI La Lechere","addressLocality":"Patornay","postalCode":"39130","addressCountry":"FR"},"contactPoint":[{"@type":"ContactPoint","contactType":"Service client","telephone":"0384254272","email":"contact@csj-emballages.com"}]}]}},"df_price":18.71,"df_sale_price":"","df_regular_price":18.71,"df_image_link":"https:\/\/www.csj-emballages.com\/wp-content\/uploads\/2024\/03\/PL5CLUXEN-300x300.webp","tiered_pricing_type":"fixed","tiered_pricing_fixed_rules":[],"tiered_pricing_percentage_rules":[],"tiered_pricing_minimum":1,"tiered_pricing_roles_data":[],"_links":{"self":[{"href":"https:\/\/www.csj-emballages.com\/de\/wp-json\/wp\/v2\/product\/22546","targetHints":{"allow":["GET"]}}],"collection":[{"href":"https:\/\/www.csj-emballages.com\/de\/wp-json\/wp\/v2\/product"}],"about":[{"href":"https:\/\/www.csj-emballages.com\/de\/wp-json\/wp\/v2\/types\/product"}],"wp:featuredmedia":[{"embeddable":true,"href":"https:\/\/www.csj-emballages.com\/de\/wp-json\/wp\/v2\/media\/241273"}],"wp:attachment":[{"href":"https:\/\/www.csj-emballages.com\/de\/wp-json\/wp\/v2\/media?parent=22546"}],"wp:term":[{"taxonomy":"product_brand","embeddable":true,"href":"https:\/\/www.csj-emballages.com\/de\/wp-json\/wp\/v2\/product_brand?post=22546"},{"taxonomy":"product_cat","embeddable":true,"href":"https:\/\/www.csj-emballages.com\/de\/wp-json\/wp\/v2\/product_cat?post=22546"},{"taxonomy":"product_tag","embeddable":true,"href":"https:\/\/www.csj-emballages.com\/de\/wp-json\/wp\/v2\/product_tag?post=22546"}],"curies":[{"name":"wp","href":"https:\/\/api.w.org\/{rel}","templated":true}]}}