{"id":22517,"date":"2024-03-01T16:50:36","date_gmt":"2024-03-01T15:50:36","guid":{"rendered":"https:\/\/u15jnbdpoq.preview.infomaniak.website\/produit\/50-kleine-mahlzeitentabletts-zum-mitnehmen-5-faecher-biologisch-abbaubar-kompostierbar\/"},"modified":"2026-03-12T16:33:01","modified_gmt":"2026-03-12T15:33:01","slug":"50-kleine-mahlzeitentabletts-zum-mitnehmen-5-faecher-biologisch-abbaubar-kompostierbar","status":"publish","type":"product","link":"https:\/\/www.csj-emballages.com\/de\/produit\/50-kleine-mahlzeitentabletts-zum-mitnehmen-5-faecher-biologisch-abbaubar-kompostierbar\/","title":{"rendered":"50 kleine Mahlzeitentabletts zum Mitnehmen 5 F\u00e4cher biologisch abbaubar kompostierbar"},"content":{"rendered":"<h2 style=\"text-align: left;\"><span style=\"font-weight: bold; font-style: italic; text-decoration: underline; color: #eb4600;\">Kompostierbare, biologisch abbaubare Tabletts aus Fasermaterial  <\/span><\/h2>\n<div style=\"text-align: left;\">\n<p><span style=\"font-weight: bold; text-decoration: underline; color: #00a000;\">Beschreibung <\/span><\/p>\n<h3 style=\"text-align: left;\">Entdecken Sie unsere 50 pflanzlichen Mahlzeitentabletts<\/h3>\n<div style=\"text-align: left;\">\n<p>Tabletts mit 5 F\u00e4chern aus Zuckerrohrfaser von hoher Qualit\u00e4t, die f\u00fcr Caterer, Restaurants und haupts\u00e4chlich f\u00fcr Vereine entworfen wurden.<\/p>\n<p>Dieses Tablett wird haupts\u00e4chlich f\u00fcr Vereinsessen verwendet, da es sich an jedes Gericht anpassen kann. Mit seinen 5 F\u00e4chern kann es auch die Speisen trennen und Ihre Werke zur Geltung bringen. Dieser hat mehrere Vorteile: er ist 100% nat\u00fcrlich und 100% kompostierbar.<\/p>\n<p>Geeignet f\u00fcr den Kontakt mit Lebensmitteln<\/p>\n<p>5 F\u00e4cher<\/p>\n<p>Extra stark<\/p>\n<div style=\"text-align: left;\">\n<p>&nbsp;<\/p>\n<div style=\"text-align: left;\">\n<p><span style=\"font-style: italic; text-decoration: underline;\">Sehen Sie sich den Rest unseres Sortiments an biologisch abbaubaren Verpackungen an.<\/span><\/p>\n<div style=\"text-align: left;\">\n<p>&nbsp;<\/p>\n<h3 style=\"text-align: left;\"><span style=\"font-weight: bold; text-decoration: underline; color: #00a000;\">Eigenschaften von Bio-Mahlzeitenschalen  <\/span><\/h3>\n<h2 style=\"text-align: left;\"><\/h2>\n<div style=\"text-align: left;\">\n<p>Gebrauchstemperatur: -18\u00b0C\/+150\u00b0C Fach 5 Au\u00dfenabmessungen: 265 x 215 x 25 (L x B x H in mm) Verpackung Packung mit 50 Schalen Verpackungsart Unter Schutzfolie Material: Zuckerrohrpulpe<\/p>\n<div style=\"text-align: center;\">\n<p>&nbsp;<\/p>\n<div style=\"text-align: center;\">\n<p>&nbsp;<\/p>\n<div style=\"text-align: center;\">\n<p>&nbsp;<\/p>\n<div style=\"text-align: center;\">\n<p>&nbsp;<\/p>\n<div style=\"text-align: center;\">\n<p>&nbsp;<\/p>\n<div style=\"text-align: center;\">\n<p>&nbsp;<\/p>\n<div style=\"text-align: center;\">\n<p>&nbsp;<\/p>\n<div style=\"text-align: center;\">\n<p>&nbsp;<\/p>\n<div style=\"text-align: center;\">\n<p>&nbsp;<\/p>\n<div style=\"text-align: center;\">\n<ul id=\"vmenu\" style=\"box-sizing: inherit; z-index: 150; list-style-type: none; margin: 0px; padding: 0px; font-family: Roboto, sans-serif; font-size: 12px;\">\n<li style=\"box-sizing: inherit; z-index: 100; position: relative; text-align: center; color: #ffffff; margin: 5px 0px;\">\n \t<\/li>\n<li style=\"box-sizing: inherit; z-index: 100; position: relative; text-align: left; color: #ffffff; height: 10px;\">\n<\/li>\n<\/ul>\n<div style=\"text-align: center;\">\n<p>&nbsp;<\/p>\n<div style=\"text-align: center;\">\n<p>&nbsp;<\/p>\n<div style=\"text-align: center;\">\n<p>&nbsp;<\/p>\n<div style=\"text-align: center;\">\n<p>&nbsp;<\/p>\n<\/div>\n<\/div>\n<\/div>\n<\/div>\n<\/div>\n<\/div>\n<\/div>\n<\/div>\n<\/div>\n<\/div>\n<\/div>\n<\/div>\n<\/div>\n<\/div>\n<\/div>\n<\/div>\n<\/div>\n<\/div>\n<\/div>\n<\/div>\n","protected":false},"excerpt":{"rendered":"<p>Kompostierbare, biologisch abbaubare Tabletts aus Fasermaterial Beschreibung Entdecken Sie unsere 50 pflanzlichen Mahlzeitentabletts Tabletts mit 5 F\u00e4chern aus Zuckerrohrfaser von hoher Qualit\u00e4t, die f\u00fcr Caterer, Restaurants und haupts\u00e4chlich f\u00fcr Vereine entworfen wurden. Dieses Tablett wird haupts\u00e4chlich f\u00fcr Vereinsessen verwendet, da es sich an jedes Gericht anpassen kann. Mit seinen 5 F\u00e4chern kann es auch die [&hellip;]<\/p>\n","protected":false},"featured_media":13615,"template":"","meta":{"_acf_changed":false},"product_brand":[],"product_cat":[1137,1170,1344,1345,2414,1134,1347,1349,2415,1146],"product_tag":[],"class_list":{"0":"post-22517","1":"product","2":"type-product","3":"status-publish","4":"has-post-thumbnail","6":"product_cat-lebensmittelverpackungen","7":"product_cat-metzgerei-und-feinkostgeschaft","8":"product_cat-tabletts","9":"product_cat-mahlzeitentabletts","10":"product_cat-biologisch-abbaubare-tabletts-fur-mahlzeiten","11":"product_cat-restauration-de","12":"product_cat-tabletts-de","13":"product_cat-einweg-mahlzeitentabletts","14":"product_cat-biologisch-abbaubare-tabletts-fur-mahlzeiten-de","15":"product_cat-bio-sortiment","17":"first","18":"instock","19":"taxable","20":"shipping-taxable","21":"purchasable","22":"product-type-simple"},"acf":[],"yoast_head":"<!-- This site is optimized with the Yoast SEO Premium plugin v26.6 (Yoast SEO v26.6) - https:\/\/yoast.com\/wordpress\/plugins\/seo\/ -->\n<title>50 Einweg-Essenstabletts mit 5 F\u00e4chern aus BIO-Kunststoff 262 x 215 x 25 mm \/ csj-emballages.com<\/title>\n<meta name=\"description\" content=\"Kaufen Sie BIODEGRADIERBARES Essenstablett mit 5 F\u00e4chern cm aus Faser! Wir bieten Ihnen eine Packung mit 50 Mahlzeitentabletts zu g\u00fcnstigen Preisen an.\" \/>\n<meta name=\"robots\" content=\"index, follow, max-snippet:-1, max-image-preview:large, max-video-preview:-1\" \/>\n<link rel=\"canonical\" href=\"https:\/\/www.csj-emballages.com\/de\/produit\/50-kleine-mahlzeitentabletts-zum-mitnehmen-5-faecher-biologisch-abbaubar-kompostierbar\/\" \/>\n<meta property=\"og:locale\" content=\"de_DE\" \/>\n<meta property=\"og:type\" content=\"article\" \/>\n<meta property=\"og:title\" content=\"50 kleine Mahlzeitentabletts zum Mitnehmen 5 F\u00e4cher biologisch abbaubar kompostierbar\" \/>\n<meta property=\"og:description\" content=\"Kaufen Sie BIODEGRADIERBARES Essenstablett mit 5 F\u00e4chern cm aus Faser! Wir bieten Ihnen eine Packung mit 50 Mahlzeitentabletts zu g\u00fcnstigen Preisen an.\" \/>\n<meta property=\"og:url\" content=\"https:\/\/www.csj-emballages.com\/de\/produit\/50-kleine-mahlzeitentabletts-zum-mitnehmen-5-faecher-biologisch-abbaubar-kompostierbar\/\" \/>\n<meta property=\"og:site_name\" content=\"CSJ Emballages\" \/>\n<meta property=\"article:publisher\" content=\"https:\/\/www.facebook.com\/csjemballages\" \/>\n<meta property=\"article:modified_time\" content=\"2026-03-12T15:33:01+00:00\" \/>\n<meta property=\"og:image\" content=\"https:\/\/www.csj-emballages.com\/wp-content\/uploads\/2024\/03\/Capture-decran-2024-03-15-a-16.12.58.png\" \/>\n\t<meta property=\"og:image:width\" content=\"300\" \/>\n\t<meta property=\"og:image:height\" content=\"301\" \/>\n\t<meta property=\"og:image:type\" content=\"image\/png\" \/>\n<meta name=\"twitter:card\" content=\"summary_large_image\" \/>\n<meta name=\"twitter:label1\" content=\"Gesch\u00e4tzte Lesezeit\" \/>\n\t<meta name=\"twitter:data1\" content=\"1\u00a0Minute\" \/>\n<script type=\"application\/ld+json\" class=\"yoast-schema-graph\">{\"@context\":\"https:\/\/schema.org\",\"@graph\":[{\"@type\":\"WebPage\",\"@id\":\"https:\/\/www.csj-emballages.com\/de\/produit\/50-kleine-mahlzeitentabletts-zum-mitnehmen-5-faecher-biologisch-abbaubar-kompostierbar\/\",\"url\":\"https:\/\/www.csj-emballages.com\/de\/produit\/50-kleine-mahlzeitentabletts-zum-mitnehmen-5-faecher-biologisch-abbaubar-kompostierbar\/\",\"name\":\"50 Einweg-Essenstabletts mit 5 F\u00e4chern aus BIO-Kunststoff 262 x 215 x 25 mm \/ csj-emballages.com\",\"isPartOf\":{\"@id\":\"https:\/\/www.csj-emballages.com\/de\/#website\"},\"primaryImageOfPage\":{\"@id\":\"https:\/\/www.csj-emballages.com\/de\/produit\/50-kleine-mahlzeitentabletts-zum-mitnehmen-5-faecher-biologisch-abbaubar-kompostierbar\/#primaryimage\"},\"image\":{\"@id\":\"https:\/\/www.csj-emballages.com\/de\/produit\/50-kleine-mahlzeitentabletts-zum-mitnehmen-5-faecher-biologisch-abbaubar-kompostierbar\/#primaryimage\"},\"thumbnailUrl\":\"https:\/\/www.csj-emballages.com\/wp-content\/uploads\/2024\/03\/Capture-decran-2024-03-15-a-16.12.58.png\",\"datePublished\":\"2024-03-01T15:50:36+00:00\",\"dateModified\":\"2026-03-12T15:33:01+00:00\",\"description\":\"Kaufen Sie BIODEGRADIERBARES Essenstablett mit 5 F\u00e4chern cm aus Faser! Wir bieten Ihnen eine Packung mit 50 Mahlzeitentabletts zu g\u00fcnstigen Preisen an.\",\"breadcrumb\":{\"@id\":\"https:\/\/www.csj-emballages.com\/de\/produit\/50-kleine-mahlzeitentabletts-zum-mitnehmen-5-faecher-biologisch-abbaubar-kompostierbar\/#breadcrumb\"},\"inLanguage\":\"de\",\"potentialAction\":[{\"@type\":\"ReadAction\",\"target\":[\"https:\/\/www.csj-emballages.com\/de\/produit\/50-kleine-mahlzeitentabletts-zum-mitnehmen-5-faecher-biologisch-abbaubar-kompostierbar\/\"]}]},{\"@type\":\"ImageObject\",\"inLanguage\":\"de\",\"@id\":\"https:\/\/www.csj-emballages.com\/de\/produit\/50-kleine-mahlzeitentabletts-zum-mitnehmen-5-faecher-biologisch-abbaubar-kompostierbar\/#primaryimage\",\"url\":\"https:\/\/www.csj-emballages.com\/wp-content\/uploads\/2024\/03\/Capture-decran-2024-03-15-a-16.12.58.png\",\"contentUrl\":\"https:\/\/www.csj-emballages.com\/wp-content\/uploads\/2024\/03\/Capture-decran-2024-03-15-a-16.12.58.png\",\"width\":300,\"height\":301},{\"@type\":\"BreadcrumbList\",\"@id\":\"https:\/\/www.csj-emballages.com\/de\/produit\/50-kleine-mahlzeitentabletts-zum-mitnehmen-5-faecher-biologisch-abbaubar-kompostierbar\/#breadcrumb\",\"itemListElement\":[{\"@type\":\"ListItem\",\"position\":1,\"name\":\"Accueil\",\"item\":\"https:\/\/www.csj-emballages.com\/de\/universum-lebensmittelverpackungen\/\"},{\"@type\":\"ListItem\",\"position\":2,\"name\":\"Shop\",\"item\":\"https:\/\/www.csj-emballages.com\/shop\/\"},{\"@type\":\"ListItem\",\"position\":3,\"name\":\"50 kleine Mahlzeitentabletts zum Mitnehmen 5 F\u00e4cher biologisch abbaubar kompostierbar\"}]},{\"@type\":\"WebSite\",\"@id\":\"https:\/\/www.csj-emballages.com\/de\/#website\",\"url\":\"https:\/\/www.csj-emballages.com\/de\/\",\"name\":\"CSJ Emballages\",\"description\":\"\",\"publisher\":{\"@id\":\"https:\/\/www.csj-emballages.com\/de\/#organization\"},\"potentialAction\":[{\"@type\":\"SearchAction\",\"target\":{\"@type\":\"EntryPoint\",\"urlTemplate\":\"https:\/\/www.csj-emballages.com\/de\/?s={search_term_string}\"},\"query-input\":{\"@type\":\"PropertyValueSpecification\",\"valueRequired\":true,\"valueName\":\"search_term_string\"}}],\"inLanguage\":\"de\"},{\"@type\":\"Organization\",\"@id\":\"https:\/\/www.csj-emballages.com\/de\/#Organization\/\",\"name\":\"CSJ Emballages\",\"url\":\"https:\/\/www.csj-emballages.com\/de\/\",\"logo\":{\"@type\":\"ImageObject\",\"inLanguage\":\"de\",\"@id\":\"https:\/\/www.csj-emballages.com\/de\/#\/schema\/logo\/image\/\",\"url\":\"https:\/\/www.csj-emballages.com\/wp-content\/uploads\/2023\/10\/logo_csj.webp\",\"contentUrl\":\"https:\/\/www.csj-emballages.com\/wp-content\/uploads\/2023\/10\/logo_csj.webp\",\"width\":250,\"height\":95,\"caption\":\"CSJ Emballages\"},\"image\":{\"@id\":\"https:\/\/www.csj-emballages.com\/de\/#\/schema\/logo\/image\/\"},\"sameAs\":[\"https:\/\/www.facebook.com\/csjemballages\"],\"address\":{\"@type\":\"PostalAddress\",\"streetAddress\":\"ZI La Lechere\",\"addressLocality\":\"Patornay\",\"postalCode\":\"39130\",\"addressCountry\":\"FR\"},\"contactPoint\":[{\"@type\":\"ContactPoint\",\"contactType\":\"Service client\",\"telephone\":\"0384254272\",\"email\":\"contact@csj-emballages.com\"}]}]}<\/script>\n<!-- \/ Yoast SEO Premium plugin. -->","yoast_head_json":{"title":"50 Einweg-Essenstabletts mit 5 F\u00e4chern aus BIO-Kunststoff 262 x 215 x 25 mm \/ csj-emballages.com","description":"Kaufen Sie BIODEGRADIERBARES Essenstablett mit 5 F\u00e4chern cm aus Faser! Wir bieten Ihnen eine Packung mit 50 Mahlzeitentabletts zu g\u00fcnstigen Preisen an.","robots":{"index":"index","follow":"follow","max-snippet":"max-snippet:-1","max-image-preview":"max-image-preview:large","max-video-preview":"max-video-preview:-1"},"canonical":"https:\/\/www.csj-emballages.com\/de\/produit\/50-kleine-mahlzeitentabletts-zum-mitnehmen-5-faecher-biologisch-abbaubar-kompostierbar\/","og_locale":"de_DE","og_type":"article","og_title":"50 kleine Mahlzeitentabletts zum Mitnehmen 5 F\u00e4cher biologisch abbaubar kompostierbar","og_description":"Kaufen Sie BIODEGRADIERBARES Essenstablett mit 5 F\u00e4chern cm aus Faser! Wir bieten Ihnen eine Packung mit 50 Mahlzeitentabletts zu g\u00fcnstigen Preisen an.","og_url":"https:\/\/www.csj-emballages.com\/de\/produit\/50-kleine-mahlzeitentabletts-zum-mitnehmen-5-faecher-biologisch-abbaubar-kompostierbar\/","og_site_name":"CSJ Emballages","article_publisher":"https:\/\/www.facebook.com\/csjemballages","article_modified_time":"2026-03-12T15:33:01+00:00","og_image":[{"width":300,"height":301,"url":"https:\/\/www.csj-emballages.com\/wp-content\/uploads\/2024\/03\/Capture-decran-2024-03-15-a-16.12.58.png","type":"image\/png"}],"twitter_card":"summary_large_image","twitter_misc":{"Gesch\u00e4tzte Lesezeit":"1\u00a0Minute"},"schema":{"@context":"https:\/\/schema.org","@graph":[{"@type":"WebPage","@id":"https:\/\/www.csj-emballages.com\/de\/produit\/50-kleine-mahlzeitentabletts-zum-mitnehmen-5-faecher-biologisch-abbaubar-kompostierbar\/","url":"https:\/\/www.csj-emballages.com\/de\/produit\/50-kleine-mahlzeitentabletts-zum-mitnehmen-5-faecher-biologisch-abbaubar-kompostierbar\/","name":"50 Einweg-Essenstabletts mit 5 F\u00e4chern aus BIO-Kunststoff 262 x 215 x 25 mm \/ csj-emballages.com","isPartOf":{"@id":"https:\/\/www.csj-emballages.com\/de\/#website"},"primaryImageOfPage":{"@id":"https:\/\/www.csj-emballages.com\/de\/produit\/50-kleine-mahlzeitentabletts-zum-mitnehmen-5-faecher-biologisch-abbaubar-kompostierbar\/#primaryimage"},"image":{"@id":"https:\/\/www.csj-emballages.com\/de\/produit\/50-kleine-mahlzeitentabletts-zum-mitnehmen-5-faecher-biologisch-abbaubar-kompostierbar\/#primaryimage"},"thumbnailUrl":"https:\/\/www.csj-emballages.com\/wp-content\/uploads\/2024\/03\/Capture-decran-2024-03-15-a-16.12.58.png","datePublished":"2024-03-01T15:50:36+00:00","dateModified":"2026-03-12T15:33:01+00:00","description":"Kaufen Sie BIODEGRADIERBARES Essenstablett mit 5 F\u00e4chern cm aus Faser! Wir bieten Ihnen eine Packung mit 50 Mahlzeitentabletts zu g\u00fcnstigen Preisen an.","breadcrumb":{"@id":"https:\/\/www.csj-emballages.com\/de\/produit\/50-kleine-mahlzeitentabletts-zum-mitnehmen-5-faecher-biologisch-abbaubar-kompostierbar\/#breadcrumb"},"inLanguage":"de","potentialAction":[{"@type":"ReadAction","target":["https:\/\/www.csj-emballages.com\/de\/produit\/50-kleine-mahlzeitentabletts-zum-mitnehmen-5-faecher-biologisch-abbaubar-kompostierbar\/"]}]},{"@type":"ImageObject","inLanguage":"de","@id":"https:\/\/www.csj-emballages.com\/de\/produit\/50-kleine-mahlzeitentabletts-zum-mitnehmen-5-faecher-biologisch-abbaubar-kompostierbar\/#primaryimage","url":"https:\/\/www.csj-emballages.com\/wp-content\/uploads\/2024\/03\/Capture-decran-2024-03-15-a-16.12.58.png","contentUrl":"https:\/\/www.csj-emballages.com\/wp-content\/uploads\/2024\/03\/Capture-decran-2024-03-15-a-16.12.58.png","width":300,"height":301},{"@type":"BreadcrumbList","@id":"https:\/\/www.csj-emballages.com\/de\/produit\/50-kleine-mahlzeitentabletts-zum-mitnehmen-5-faecher-biologisch-abbaubar-kompostierbar\/#breadcrumb","itemListElement":[{"@type":"ListItem","position":1,"name":"Accueil","item":"https:\/\/www.csj-emballages.com\/de\/universum-lebensmittelverpackungen\/"},{"@type":"ListItem","position":2,"name":"Shop","item":"https:\/\/www.csj-emballages.com\/shop\/"},{"@type":"ListItem","position":3,"name":"50 kleine Mahlzeitentabletts zum Mitnehmen 5 F\u00e4cher biologisch abbaubar kompostierbar"}]},{"@type":"WebSite","@id":"https:\/\/www.csj-emballages.com\/de\/#website","url":"https:\/\/www.csj-emballages.com\/de\/","name":"CSJ Emballages","description":"","publisher":{"@id":"https:\/\/www.csj-emballages.com\/de\/#organization"},"potentialAction":[{"@type":"SearchAction","target":{"@type":"EntryPoint","urlTemplate":"https:\/\/www.csj-emballages.com\/de\/?s={search_term_string}"},"query-input":{"@type":"PropertyValueSpecification","valueRequired":true,"valueName":"search_term_string"}}],"inLanguage":"de"},{"@type":"Organization","@id":"https:\/\/www.csj-emballages.com\/de\/#Organization\/","name":"CSJ Emballages","url":"https:\/\/www.csj-emballages.com\/de\/","logo":{"@type":"ImageObject","inLanguage":"de","@id":"https:\/\/www.csj-emballages.com\/de\/#\/schema\/logo\/image\/","url":"https:\/\/www.csj-emballages.com\/wp-content\/uploads\/2023\/10\/logo_csj.webp","contentUrl":"https:\/\/www.csj-emballages.com\/wp-content\/uploads\/2023\/10\/logo_csj.webp","width":250,"height":95,"caption":"CSJ Emballages"},"image":{"@id":"https:\/\/www.csj-emballages.com\/de\/#\/schema\/logo\/image\/"},"sameAs":["https:\/\/www.facebook.com\/csjemballages"],"address":{"@type":"PostalAddress","streetAddress":"ZI La Lechere","addressLocality":"Patornay","postalCode":"39130","addressCountry":"FR"},"contactPoint":[{"@type":"ContactPoint","contactType":"Service client","telephone":"0384254272","email":"contact@csj-emballages.com"}]}]}},"df_price":13.45,"df_sale_price":"","df_regular_price":13.45,"df_image_link":"https:\/\/www.csj-emballages.com\/wp-content\/uploads\/2024\/03\/Capture-decran-2024-03-15-a-16.12.58.png","tiered_pricing_type":"fixed","tiered_pricing_fixed_rules":[],"tiered_pricing_percentage_rules":[],"tiered_pricing_minimum":1,"tiered_pricing_roles_data":[],"_links":{"self":[{"href":"https:\/\/www.csj-emballages.com\/de\/wp-json\/wp\/v2\/product\/22517","targetHints":{"allow":["GET"]}}],"collection":[{"href":"https:\/\/www.csj-emballages.com\/de\/wp-json\/wp\/v2\/product"}],"about":[{"href":"https:\/\/www.csj-emballages.com\/de\/wp-json\/wp\/v2\/types\/product"}],"wp:featuredmedia":[{"embeddable":true,"href":"https:\/\/www.csj-emballages.com\/de\/wp-json\/wp\/v2\/media\/13615"}],"wp:attachment":[{"href":"https:\/\/www.csj-emballages.com\/de\/wp-json\/wp\/v2\/media?parent=22517"}],"wp:term":[{"taxonomy":"product_brand","embeddable":true,"href":"https:\/\/www.csj-emballages.com\/de\/wp-json\/wp\/v2\/product_brand?post=22517"},{"taxonomy":"product_cat","embeddable":true,"href":"https:\/\/www.csj-emballages.com\/de\/wp-json\/wp\/v2\/product_cat?post=22517"},{"taxonomy":"product_tag","embeddable":true,"href":"https:\/\/www.csj-emballages.com\/de\/wp-json\/wp\/v2\/product_tag?post=22517"}],"curies":[{"name":"wp","href":"https:\/\/api.w.org\/{rel}","templated":true}]}}