{"id":22514,"date":"2024-03-01T16:50:34","date_gmt":"2024-03-01T15:50:34","guid":{"rendered":"https:\/\/u15jnbdpoq.preview.infomaniak.website\/produit\/wiederverwendbare-kuchenplatte-aus-kristall-350-x-280-x-20-mm\/"},"modified":"2026-03-12T16:33:33","modified_gmt":"2026-03-12T15:33:33","slug":"wiederverwendbare-kuchenplatte-aus-kristall-350-x-280-x-20-mm","status":"publish","type":"product","link":"https:\/\/www.csj-emballages.com\/de\/produit\/wiederverwendbare-kuchenplatte-aus-kristall-350-x-280-x-20-mm\/","title":{"rendered":"Wiederverwendbares Mignardises-Tablett Kristall 350 x 280 x 20 mm"},"content":{"rendered":"<h2>Mignardise-Platte<\/h2>\n<hr>\n<h3>Entdecken Sie unser Mignardise-Tablett aus Kunststoffkristall<\/h3>\n<p>&nbsp;<\/p>\n<p>Wiederverwendbare Kristallglasschalen aus Kunststoff, die haupts\u00e4chlich von Caterern, Veranstaltungsorganisatoren, Restaurants und sogar von Privatpersonen verwendet werden.<\/p>\n<p>Dieses Tablett ist ideal f\u00fcr Empf\u00e4nge, Hochzeiten und Partys.<\/p>\n<p>Er eignet sich hervorragend, um Ihre Kreationen wie Gl\u00e4ser oder Mignardises hervorzuheben.<\/p>\n<p>&nbsp;<\/p>\n<p><span style=\"font-style: italic; text-decoration: underline;\">Sehen Sie sich den Rest unseres Tablett-Sortiments an<\/span><\/p>\n<p>&nbsp;<\/p>\n<h3><span style=\"font-weight: bold; text-decoration: underline;\">Eigenschaften der Plastikschalen<\/span><\/h3>\n<p>&nbsp;<\/p>\n<ul>\n<li>Verkauft an Privatpersonen \/ Fachleute<\/li>\n<li>Abmessungen: 350 x 280 x 20 (L x B x H in mm).<\/li>\n<li>Verpackung: Einzeln verkauft<\/li>\n<li>In Schutzfolie verpackt, um eine bessere Lagerung und einen besseren Schutz zu gew\u00e4hrleisten.<\/li>\n<li>Farbe: Kristall<\/li>\n<li>Material: Kunststoff<\/li>\n<\/ul>\n<p>&nbsp;<\/p>\n<h2>Entscheiden Sie sich f\u00fcr Verrine-Tabletts<\/h2>\n","protected":false},"excerpt":{"rendered":"<p>Mignardise-Platte Entdecken Sie unser Mignardise-Tablett aus Kunststoffkristall &nbsp; Wiederverwendbare Kristallglasschalen aus Kunststoff, die haupts\u00e4chlich von Caterern, Veranstaltungsorganisatoren, Restaurants und sogar von Privatpersonen verwendet werden. Dieses Tablett ist ideal f\u00fcr Empf\u00e4nge, Hochzeiten und Partys. Er eignet sich hervorragend, um Ihre Kreationen wie Gl\u00e4ser oder Mignardises hervorzuheben. &nbsp; Sehen Sie sich den Rest unseres Tablett-Sortiments an &nbsp; [&hellip;]<\/p>\n","protected":false},"featured_media":187966,"template":"","meta":{"_acf_changed":false},"product_brand":[],"product_cat":[1170,2881,1279,3110],"product_tag":[],"class_list":{"0":"post-22514","1":"product","2":"type-product","3":"status-publish","4":"has-post-thumbnail","6":"product_cat-metzgerei-und-feinkostgeschaft","7":"product_cat-mignardises-platten-verrines","8":"product_cat-schalen-topfe-glaser","9":"product_cat-rezeption","11":"first","12":"instock","13":"taxable","14":"shipping-taxable","15":"purchasable","16":"product-type-simple"},"acf":[],"yoast_head":"<!-- This site is optimized with the Yoast SEO Premium plugin v26.6 (Yoast SEO v26.6) - https:\/\/yoast.com\/wordpress\/plugins\/seo\/ -->\n<title>Wiederverwendbares Mignardise-Tablett aus Kunststoff - 350 x 280 x 20 mm<\/title>\n<meta name=\"description\" content=\"Entdecken Sie unser wiederverwendbares Mignardise-Tablett aus Kristallkunststoff mit den Ma\u00dfen: 35 x 28 x 2 cm! Ideal zum Pr\u00e4sentieren Ihrer Zwischenspeisen oder Mignardises.\" \/>\n<meta name=\"robots\" content=\"index, follow, max-snippet:-1, max-image-preview:large, max-video-preview:-1\" \/>\n<link rel=\"canonical\" href=\"https:\/\/www.csj-emballages.com\/de\/produit\/wiederverwendbare-kuchenplatte-aus-kristall-350-x-280-x-20-mm\/\" \/>\n<meta property=\"og:locale\" content=\"de_DE\" \/>\n<meta property=\"og:type\" content=\"article\" \/>\n<meta property=\"og:title\" content=\"Wiederverwendbares Mignardises-Tablett Kristall 350 x 280 x 20 mm\" \/>\n<meta property=\"og:description\" content=\"Entdecken Sie unser wiederverwendbares Mignardise-Tablett aus Kristallkunststoff mit den Ma\u00dfen: 35 x 28 x 2 cm! Ideal zum Pr\u00e4sentieren Ihrer Zwischenspeisen oder Mignardises.\" \/>\n<meta property=\"og:url\" content=\"https:\/\/www.csj-emballages.com\/de\/produit\/wiederverwendbare-kuchenplatte-aus-kristall-350-x-280-x-20-mm\/\" \/>\n<meta property=\"og:site_name\" content=\"CSJ Emballages\" \/>\n<meta property=\"article:publisher\" content=\"https:\/\/www.facebook.com\/csjemballages\" \/>\n<meta property=\"article:modified_time\" content=\"2026-03-12T15:33:33+00:00\" \/>\n<meta property=\"og:image\" content=\"https:\/\/www.csj-emballages.com\/wp-content\/uploads\/2024\/03\/plateauminardise3528.webp\" \/>\n\t<meta property=\"og:image:width\" content=\"803\" \/>\n\t<meta property=\"og:image:height\" content=\"803\" \/>\n\t<meta property=\"og:image:type\" content=\"image\/webp\" \/>\n<meta name=\"twitter:card\" content=\"summary_large_image\" \/>\n<meta name=\"twitter:label1\" content=\"Gesch\u00e4tzte Lesezeit\" \/>\n\t<meta name=\"twitter:data1\" content=\"1\u00a0Minute\" \/>\n<script type=\"application\/ld+json\" class=\"yoast-schema-graph\">{\"@context\":\"https:\/\/schema.org\",\"@graph\":[{\"@type\":\"WebPage\",\"@id\":\"https:\/\/www.csj-emballages.com\/de\/produit\/wiederverwendbare-kuchenplatte-aus-kristall-350-x-280-x-20-mm\/\",\"url\":\"https:\/\/www.csj-emballages.com\/de\/produit\/wiederverwendbare-kuchenplatte-aus-kristall-350-x-280-x-20-mm\/\",\"name\":\"Wiederverwendbares Mignardise-Tablett aus Kunststoff - 350 x 280 x 20 mm\",\"isPartOf\":{\"@id\":\"https:\/\/www.csj-emballages.com\/de\/#website\"},\"primaryImageOfPage\":{\"@id\":\"https:\/\/www.csj-emballages.com\/de\/produit\/wiederverwendbare-kuchenplatte-aus-kristall-350-x-280-x-20-mm\/#primaryimage\"},\"image\":{\"@id\":\"https:\/\/www.csj-emballages.com\/de\/produit\/wiederverwendbare-kuchenplatte-aus-kristall-350-x-280-x-20-mm\/#primaryimage\"},\"thumbnailUrl\":\"https:\/\/www.csj-emballages.com\/wp-content\/uploads\/2024\/03\/plateauminardise3528.webp\",\"datePublished\":\"2024-03-01T15:50:34+00:00\",\"dateModified\":\"2026-03-12T15:33:33+00:00\",\"description\":\"Entdecken Sie unser wiederverwendbares Mignardise-Tablett aus Kristallkunststoff mit den Ma\u00dfen: 35 x 28 x 2 cm! Ideal zum Pr\u00e4sentieren Ihrer Zwischenspeisen oder Mignardises.\",\"breadcrumb\":{\"@id\":\"https:\/\/www.csj-emballages.com\/de\/produit\/wiederverwendbare-kuchenplatte-aus-kristall-350-x-280-x-20-mm\/#breadcrumb\"},\"inLanguage\":\"de\",\"potentialAction\":[{\"@type\":\"ReadAction\",\"target\":[\"https:\/\/www.csj-emballages.com\/de\/produit\/wiederverwendbare-kuchenplatte-aus-kristall-350-x-280-x-20-mm\/\"]}]},{\"@type\":\"ImageObject\",\"inLanguage\":\"de\",\"@id\":\"https:\/\/www.csj-emballages.com\/de\/produit\/wiederverwendbare-kuchenplatte-aus-kristall-350-x-280-x-20-mm\/#primaryimage\",\"url\":\"https:\/\/www.csj-emballages.com\/wp-content\/uploads\/2024\/03\/plateauminardise3528.webp\",\"contentUrl\":\"https:\/\/www.csj-emballages.com\/wp-content\/uploads\/2024\/03\/plateauminardise3528.webp\",\"width\":803,\"height\":803,\"caption\":\"Plateau mignardise\"},{\"@type\":\"BreadcrumbList\",\"@id\":\"https:\/\/www.csj-emballages.com\/de\/produit\/wiederverwendbare-kuchenplatte-aus-kristall-350-x-280-x-20-mm\/#breadcrumb\",\"itemListElement\":[{\"@type\":\"ListItem\",\"position\":1,\"name\":\"Accueil\",\"item\":\"https:\/\/www.csj-emballages.com\/de\/universum-lebensmittelverpackungen\/\"},{\"@type\":\"ListItem\",\"position\":2,\"name\":\"Shop\",\"item\":\"https:\/\/www.csj-emballages.com\/shop\/\"},{\"@type\":\"ListItem\",\"position\":3,\"name\":\"Wiederverwendbares Mignardises-Tablett Kristall 350 x 280 x 20 mm\"}]},{\"@type\":\"WebSite\",\"@id\":\"https:\/\/www.csj-emballages.com\/de\/#website\",\"url\":\"https:\/\/www.csj-emballages.com\/de\/\",\"name\":\"CSJ Emballages\",\"description\":\"\",\"publisher\":{\"@id\":\"https:\/\/www.csj-emballages.com\/de\/#organization\"},\"potentialAction\":[{\"@type\":\"SearchAction\",\"target\":{\"@type\":\"EntryPoint\",\"urlTemplate\":\"https:\/\/www.csj-emballages.com\/de\/?s={search_term_string}\"},\"query-input\":{\"@type\":\"PropertyValueSpecification\",\"valueRequired\":true,\"valueName\":\"search_term_string\"}}],\"inLanguage\":\"de\"},{\"@type\":\"Organization\",\"@id\":\"https:\/\/www.csj-emballages.com\/de\/#Organization\/\",\"name\":\"CSJ Emballages\",\"url\":\"https:\/\/www.csj-emballages.com\/de\/\",\"logo\":{\"@type\":\"ImageObject\",\"inLanguage\":\"de\",\"@id\":\"https:\/\/www.csj-emballages.com\/de\/#\/schema\/logo\/image\/\",\"url\":\"https:\/\/www.csj-emballages.com\/wp-content\/uploads\/2023\/10\/logo_csj.webp\",\"contentUrl\":\"https:\/\/www.csj-emballages.com\/wp-content\/uploads\/2023\/10\/logo_csj.webp\",\"width\":250,\"height\":95,\"caption\":\"CSJ Emballages\"},\"image\":{\"@id\":\"https:\/\/www.csj-emballages.com\/de\/#\/schema\/logo\/image\/\"},\"sameAs\":[\"https:\/\/www.facebook.com\/csjemballages\"],\"address\":{\"@type\":\"PostalAddress\",\"streetAddress\":\"ZI La Lechere\",\"addressLocality\":\"Patornay\",\"postalCode\":\"39130\",\"addressCountry\":\"FR\"},\"contactPoint\":[{\"@type\":\"ContactPoint\",\"contactType\":\"Service client\",\"telephone\":\"0384254272\",\"email\":\"contact@csj-emballages.com\"}]}]}<\/script>\n<!-- \/ Yoast SEO Premium plugin. -->","yoast_head_json":{"title":"Wiederverwendbares Mignardise-Tablett aus Kunststoff - 350 x 280 x 20 mm","description":"Entdecken Sie unser wiederverwendbares Mignardise-Tablett aus Kristallkunststoff mit den Ma\u00dfen: 35 x 28 x 2 cm! Ideal zum Pr\u00e4sentieren Ihrer Zwischenspeisen oder Mignardises.","robots":{"index":"index","follow":"follow","max-snippet":"max-snippet:-1","max-image-preview":"max-image-preview:large","max-video-preview":"max-video-preview:-1"},"canonical":"https:\/\/www.csj-emballages.com\/de\/produit\/wiederverwendbare-kuchenplatte-aus-kristall-350-x-280-x-20-mm\/","og_locale":"de_DE","og_type":"article","og_title":"Wiederverwendbares Mignardises-Tablett Kristall 350 x 280 x 20 mm","og_description":"Entdecken Sie unser wiederverwendbares Mignardise-Tablett aus Kristallkunststoff mit den Ma\u00dfen: 35 x 28 x 2 cm! Ideal zum Pr\u00e4sentieren Ihrer Zwischenspeisen oder Mignardises.","og_url":"https:\/\/www.csj-emballages.com\/de\/produit\/wiederverwendbare-kuchenplatte-aus-kristall-350-x-280-x-20-mm\/","og_site_name":"CSJ Emballages","article_publisher":"https:\/\/www.facebook.com\/csjemballages","article_modified_time":"2026-03-12T15:33:33+00:00","og_image":[{"width":803,"height":803,"url":"https:\/\/www.csj-emballages.com\/wp-content\/uploads\/2024\/03\/plateauminardise3528.webp","type":"image\/webp"}],"twitter_card":"summary_large_image","twitter_misc":{"Gesch\u00e4tzte Lesezeit":"1\u00a0Minute"},"schema":{"@context":"https:\/\/schema.org","@graph":[{"@type":"WebPage","@id":"https:\/\/www.csj-emballages.com\/de\/produit\/wiederverwendbare-kuchenplatte-aus-kristall-350-x-280-x-20-mm\/","url":"https:\/\/www.csj-emballages.com\/de\/produit\/wiederverwendbare-kuchenplatte-aus-kristall-350-x-280-x-20-mm\/","name":"Wiederverwendbares Mignardise-Tablett aus Kunststoff - 350 x 280 x 20 mm","isPartOf":{"@id":"https:\/\/www.csj-emballages.com\/de\/#website"},"primaryImageOfPage":{"@id":"https:\/\/www.csj-emballages.com\/de\/produit\/wiederverwendbare-kuchenplatte-aus-kristall-350-x-280-x-20-mm\/#primaryimage"},"image":{"@id":"https:\/\/www.csj-emballages.com\/de\/produit\/wiederverwendbare-kuchenplatte-aus-kristall-350-x-280-x-20-mm\/#primaryimage"},"thumbnailUrl":"https:\/\/www.csj-emballages.com\/wp-content\/uploads\/2024\/03\/plateauminardise3528.webp","datePublished":"2024-03-01T15:50:34+00:00","dateModified":"2026-03-12T15:33:33+00:00","description":"Entdecken Sie unser wiederverwendbares Mignardise-Tablett aus Kristallkunststoff mit den Ma\u00dfen: 35 x 28 x 2 cm! Ideal zum Pr\u00e4sentieren Ihrer Zwischenspeisen oder Mignardises.","breadcrumb":{"@id":"https:\/\/www.csj-emballages.com\/de\/produit\/wiederverwendbare-kuchenplatte-aus-kristall-350-x-280-x-20-mm\/#breadcrumb"},"inLanguage":"de","potentialAction":[{"@type":"ReadAction","target":["https:\/\/www.csj-emballages.com\/de\/produit\/wiederverwendbare-kuchenplatte-aus-kristall-350-x-280-x-20-mm\/"]}]},{"@type":"ImageObject","inLanguage":"de","@id":"https:\/\/www.csj-emballages.com\/de\/produit\/wiederverwendbare-kuchenplatte-aus-kristall-350-x-280-x-20-mm\/#primaryimage","url":"https:\/\/www.csj-emballages.com\/wp-content\/uploads\/2024\/03\/plateauminardise3528.webp","contentUrl":"https:\/\/www.csj-emballages.com\/wp-content\/uploads\/2024\/03\/plateauminardise3528.webp","width":803,"height":803,"caption":"Plateau mignardise"},{"@type":"BreadcrumbList","@id":"https:\/\/www.csj-emballages.com\/de\/produit\/wiederverwendbare-kuchenplatte-aus-kristall-350-x-280-x-20-mm\/#breadcrumb","itemListElement":[{"@type":"ListItem","position":1,"name":"Accueil","item":"https:\/\/www.csj-emballages.com\/de\/universum-lebensmittelverpackungen\/"},{"@type":"ListItem","position":2,"name":"Shop","item":"https:\/\/www.csj-emballages.com\/shop\/"},{"@type":"ListItem","position":3,"name":"Wiederverwendbares Mignardises-Tablett Kristall 350 x 280 x 20 mm"}]},{"@type":"WebSite","@id":"https:\/\/www.csj-emballages.com\/de\/#website","url":"https:\/\/www.csj-emballages.com\/de\/","name":"CSJ Emballages","description":"","publisher":{"@id":"https:\/\/www.csj-emballages.com\/de\/#organization"},"potentialAction":[{"@type":"SearchAction","target":{"@type":"EntryPoint","urlTemplate":"https:\/\/www.csj-emballages.com\/de\/?s={search_term_string}"},"query-input":{"@type":"PropertyValueSpecification","valueRequired":true,"valueName":"search_term_string"}}],"inLanguage":"de"},{"@type":"Organization","@id":"https:\/\/www.csj-emballages.com\/de\/#Organization\/","name":"CSJ Emballages","url":"https:\/\/www.csj-emballages.com\/de\/","logo":{"@type":"ImageObject","inLanguage":"de","@id":"https:\/\/www.csj-emballages.com\/de\/#\/schema\/logo\/image\/","url":"https:\/\/www.csj-emballages.com\/wp-content\/uploads\/2023\/10\/logo_csj.webp","contentUrl":"https:\/\/www.csj-emballages.com\/wp-content\/uploads\/2023\/10\/logo_csj.webp","width":250,"height":95,"caption":"CSJ Emballages"},"image":{"@id":"https:\/\/www.csj-emballages.com\/de\/#\/schema\/logo\/image\/"},"sameAs":["https:\/\/www.facebook.com\/csjemballages"],"address":{"@type":"PostalAddress","streetAddress":"ZI La Lechere","addressLocality":"Patornay","postalCode":"39130","addressCountry":"FR"},"contactPoint":[{"@type":"ContactPoint","contactType":"Service client","telephone":"0384254272","email":"contact@csj-emballages.com"}]}]}},"df_price":3.77,"df_sale_price":"","df_regular_price":3.77,"df_image_link":"https:\/\/www.csj-emballages.com\/wp-content\/uploads\/2024\/03\/plateauminardise3528-300x300.webp","tiered_pricing_type":"fixed","tiered_pricing_fixed_rules":[],"tiered_pricing_percentage_rules":[],"tiered_pricing_minimum":1,"tiered_pricing_roles_data":[],"_links":{"self":[{"href":"https:\/\/www.csj-emballages.com\/de\/wp-json\/wp\/v2\/product\/22514","targetHints":{"allow":["GET"]}}],"collection":[{"href":"https:\/\/www.csj-emballages.com\/de\/wp-json\/wp\/v2\/product"}],"about":[{"href":"https:\/\/www.csj-emballages.com\/de\/wp-json\/wp\/v2\/types\/product"}],"wp:featuredmedia":[{"embeddable":true,"href":"https:\/\/www.csj-emballages.com\/de\/wp-json\/wp\/v2\/media\/187966"}],"wp:attachment":[{"href":"https:\/\/www.csj-emballages.com\/de\/wp-json\/wp\/v2\/media?parent=22514"}],"wp:term":[{"taxonomy":"product_brand","embeddable":true,"href":"https:\/\/www.csj-emballages.com\/de\/wp-json\/wp\/v2\/product_brand?post=22514"},{"taxonomy":"product_cat","embeddable":true,"href":"https:\/\/www.csj-emballages.com\/de\/wp-json\/wp\/v2\/product_cat?post=22514"},{"taxonomy":"product_tag","embeddable":true,"href":"https:\/\/www.csj-emballages.com\/de\/wp-json\/wp\/v2\/product_tag?post=22514"}],"curies":[{"name":"wp","href":"https:\/\/api.w.org\/{rel}","templated":true}]}}