{"id":22501,"date":"2024-03-01T16:50:37","date_gmt":"2024-03-01T15:50:37","guid":{"rendered":"https:\/\/u15jnbdpoq.preview.infomaniak.website\/produit\/100-einwegschalen-aus-aluminium-380-ml\/"},"modified":"2026-03-12T16:32:51","modified_gmt":"2026-03-12T15:32:51","slug":"100-einwegschalen-aus-aluminium-380-ml","status":"publish","type":"product","link":"https:\/\/www.csj-emballages.com\/de\/produit\/100-einwegschalen-aus-aluminium-380-ml\/","title":{"rendered":"Alu-Schale 380 ml pro 100"},"content":{"rendered":"<h2>Flache Aluminiumplatte<\/h2>\n<hr>\n<h3>Beschreibung von unserer Aluminiumschale 380 ml pro 100<\/h3>\n<p><!--more--><\/p>\n<p data-start=\"0\" data-end=\"806\">Diese <strong data-start=\"30\" data-end=\"61\">380-ml-Aluminiumsch\u00fcssel<\/strong>, die im <strong>100er-Pack<\/strong> verkauft wird, ist ideal f\u00fcr Caterer, Restaurants und Privatpersonen, die ihre Gerichte sicher zubereiten, kochen und transportieren m\u00f6chten. Die Sch\u00fcssel aus <strong>Aluminium<\/strong> bietet eine ausgezeichnete Hitzebest\u00e4ndigkeit und erm\u00f6glicht ein gleichm\u00e4\u00dfiges Garen im traditionellen Ofen. Leicht und robust, eignet er sich auch perfekt f\u00fcr die Lagerung und Aufbewahrung von Speisen, egal ob hei\u00df oder kalt. Die praktische Gr\u00f6\u00dfe von <strong data-start=\"525\" data-end=\"535\">380 ml<\/strong> ist ideal f\u00fcr Einzelportionen, sei es f\u00fcr Gratins, Schmorgerichte, Gem\u00fcse, Fleisch oder Desserts.   <\/p>\n<p><!--more--><\/p>\n<h4>Ihre Vorteile :<\/h4>\n<ul>\n<li data-start=\"1003\" data-end=\"1082\"><strong data-start=\"1005\" data-end=\"1019\">Vielseitig<\/strong>: Es eignet sich zum Kochen, f\u00fcr den K\u00fchlschrank sowie zur Aufbewahrung und zum Transport.<\/li>\n<li data-start=\"1083\" data-end=\"1153\"><strong data-start=\"1085\" data-end=\"1111\">Hitzebest\u00e4ndig<\/strong>: Diese Aluminiumschale ist f\u00fcr den herk\u00f6mmlichen Backofen geeignet.<\/li>\n<li data-start=\"1226\" data-end=\"1295\">Leicht <strong data-start=\"1228\" data-end=\"1248\">und robust<\/strong>: Leicht zu handhaben und trotzdem stabil.<\/li>\n<li data-start=\"1296\" data-end=\"1381\" data-is-last-node=\"\"><strong data-start=\"1298\" data-end=\"1317\">Praktisches Format<\/strong>: 380 ml Inhalt, perfekt f\u00fcr eine Einzelportion.<\/li>\n<\/ul>\n<p>&nbsp;<\/p>\n<p><!--more--><\/p>\n<h4>Weitere Informationen :<\/h4>\n<ul>\n<li><strong>Verpackung<\/strong>: Packung mit 100 St\u00fcck<\/li>\n<li><strong>Abmessungen<\/strong>: 178 x 115 x 30 ( L x B x H in mm )<\/li>\n<li><strong>Volumen<\/strong>: 380 ml<\/li>\n<li><strong>Material<\/strong>: Aluminium<\/li>\n<\/ul>\n<p>&nbsp;<\/p>\n<p><!--more--><\/p>\n<p>Dieses Produkt wird in verschiedenen Gr\u00f6\u00dfen angeboten :<span style=\"color: #d12727\"> <span style=\"color: #d12727\"><a style=\"color: #d12727\" href=\"https:\/\/www.csj-emballages.com\/produit\/100-plats-jetables-en-aluminium-950-ml\/\">950 ml<\/a><\/span> <span style=\"color: #000000\">\/<\/span> <span style=\"color: #d12727\"><a style=\"color: #d12727\" href=\"https:\/\/www.csj-emballages.com\/produit\/50-plats-jetables-en-aluminium-2250-ml\/\">2250 ml<\/a><\/span> <span style=\"color: #000000\">\/<\/span> <span style=\"color: #d12727\"><a style=\"color: #d12727\" href=\"https:\/\/www.csj-emballages.com\/produit\/100-plats-aluminium-rigide-3100-ml\/\">3100 ml<\/a><\/span><\/span><\/p>\n<p>&nbsp;<\/p>\n<p><!--more--><\/p>\n<p><a href=\"https:\/\/www.csj-emballages.com\/de\/categorie-produit\/lebensmittelverpackungen\/metzgerei-und-feinkostgeschaft\/schalen-dosen-und-glaser\/aluminiumschalen-schalen-formen-tabletts-becher-auflaufformen-tortenschalen\/gerichte\/\">Sehen Sie sich den Rest unseres Sortiments an Aluminiumsch\u00fcsseln an<\/a><\/p>\n","protected":false},"excerpt":{"rendered":"<p>Flache Aluminiumplatte Beschreibung von unserer Aluminiumschale 380 ml pro 100<\/p>\n","protected":false},"featured_media":228220,"template":"","meta":{"_acf_changed":false},"product_brand":[],"product_cat":[1170,1997,3072],"product_tag":[],"class_list":{"0":"post-22501","1":"product","2":"type-product","3":"status-publish","4":"has-post-thumbnail","6":"product_cat-metzgerei-und-feinkostgeschaft","7":"product_cat-aluminiumschalen-schalen-formen-tabletts-becher-auflaufformen-tortenschalen","8":"product_cat-gerichte","10":"first","11":"instock","12":"taxable","13":"shipping-taxable","14":"purchasable","15":"product-type-simple"},"acf":[],"yoast_head":"<!-- This site is optimized with the Yoast SEO Premium plugin v26.6 (Yoast SEO v26.6) - https:\/\/yoast.com\/wordpress\/plugins\/seo\/ -->\n<title>Flache Aluminium 380 ml pro 100<\/title>\n<meta name=\"description\" content=\"Aluminiumschale 380 ml pro 100 St\u00fcck, ideal zum Kochen, Aufbewahren und Transportieren von Speisen. Hitzebest\u00e4ndig und deckelkompatibel.\" \/>\n<meta name=\"robots\" content=\"index, follow, max-snippet:-1, max-image-preview:large, max-video-preview:-1\" \/>\n<link rel=\"canonical\" href=\"https:\/\/www.csj-emballages.com\/de\/produit\/100-einwegschalen-aus-aluminium-380-ml\/\" \/>\n<meta property=\"og:locale\" content=\"de_DE\" \/>\n<meta property=\"og:type\" content=\"article\" \/>\n<meta property=\"og:title\" content=\"Alu-Schale 380 ml pro 100\" \/>\n<meta property=\"og:description\" content=\"Aluminiumschale 380 ml pro 100 St\u00fcck, ideal zum Kochen, Aufbewahren und Transportieren von Speisen. Hitzebest\u00e4ndig und deckelkompatibel.\" \/>\n<meta property=\"og:url\" content=\"https:\/\/www.csj-emballages.com\/de\/produit\/100-einwegschalen-aus-aluminium-380-ml\/\" \/>\n<meta property=\"og:site_name\" content=\"CSJ Emballages\" \/>\n<meta property=\"article:publisher\" content=\"https:\/\/www.facebook.com\/csjemballages\" \/>\n<meta property=\"article:modified_time\" content=\"2026-03-12T15:32:51+00:00\" \/>\n<meta property=\"og:image\" content=\"https:\/\/www.csj-emballages.com\/wp-content\/uploads\/2024\/03\/PL-410.webp\" \/>\n\t<meta property=\"og:image:width\" content=\"800\" \/>\n\t<meta property=\"og:image:height\" content=\"800\" \/>\n\t<meta property=\"og:image:type\" content=\"image\/webp\" \/>\n<meta name=\"twitter:card\" content=\"summary_large_image\" \/>\n<meta name=\"twitter:label1\" content=\"Gesch\u00e4tzte Lesezeit\" \/>\n\t<meta name=\"twitter:data1\" content=\"1\u00a0Minute\" \/>\n<script type=\"application\/ld+json\" class=\"yoast-schema-graph\">{\"@context\":\"https:\/\/schema.org\",\"@graph\":[{\"@type\":\"WebPage\",\"@id\":\"https:\/\/www.csj-emballages.com\/de\/produit\/100-einwegschalen-aus-aluminium-380-ml\/\",\"url\":\"https:\/\/www.csj-emballages.com\/de\/produit\/100-einwegschalen-aus-aluminium-380-ml\/\",\"name\":\"Flache Aluminium 380 ml pro 100\",\"isPartOf\":{\"@id\":\"https:\/\/www.csj-emballages.com\/de\/#website\"},\"primaryImageOfPage\":{\"@id\":\"https:\/\/www.csj-emballages.com\/de\/produit\/100-einwegschalen-aus-aluminium-380-ml\/#primaryimage\"},\"image\":{\"@id\":\"https:\/\/www.csj-emballages.com\/de\/produit\/100-einwegschalen-aus-aluminium-380-ml\/#primaryimage\"},\"thumbnailUrl\":\"https:\/\/www.csj-emballages.com\/wp-content\/uploads\/2024\/03\/PL-410.webp\",\"datePublished\":\"2024-03-01T15:50:37+00:00\",\"dateModified\":\"2026-03-12T15:32:51+00:00\",\"description\":\"Aluminiumschale 380 ml pro 100 St\u00fcck, ideal zum Kochen, Aufbewahren und Transportieren von Speisen. Hitzebest\u00e4ndig und deckelkompatibel.\",\"breadcrumb\":{\"@id\":\"https:\/\/www.csj-emballages.com\/de\/produit\/100-einwegschalen-aus-aluminium-380-ml\/#breadcrumb\"},\"inLanguage\":\"de\",\"potentialAction\":[{\"@type\":\"ReadAction\",\"target\":[\"https:\/\/www.csj-emballages.com\/de\/produit\/100-einwegschalen-aus-aluminium-380-ml\/\"]}]},{\"@type\":\"ImageObject\",\"inLanguage\":\"de\",\"@id\":\"https:\/\/www.csj-emballages.com\/de\/produit\/100-einwegschalen-aus-aluminium-380-ml\/#primaryimage\",\"url\":\"https:\/\/www.csj-emballages.com\/wp-content\/uploads\/2024\/03\/PL-410.webp\",\"contentUrl\":\"https:\/\/www.csj-emballages.com\/wp-content\/uploads\/2024\/03\/PL-410.webp\",\"width\":800,\"height\":800,\"caption\":\"Plat aluminium\"},{\"@type\":\"BreadcrumbList\",\"@id\":\"https:\/\/www.csj-emballages.com\/de\/produit\/100-einwegschalen-aus-aluminium-380-ml\/#breadcrumb\",\"itemListElement\":[{\"@type\":\"ListItem\",\"position\":1,\"name\":\"Accueil\",\"item\":\"https:\/\/www.csj-emballages.com\/de\/universum-lebensmittelverpackungen\/\"},{\"@type\":\"ListItem\",\"position\":2,\"name\":\"Shop\",\"item\":\"https:\/\/www.csj-emballages.com\/shop\/\"},{\"@type\":\"ListItem\",\"position\":3,\"name\":\"Alu-Schale 380 ml pro 100\"}]},{\"@type\":\"WebSite\",\"@id\":\"https:\/\/www.csj-emballages.com\/de\/#website\",\"url\":\"https:\/\/www.csj-emballages.com\/de\/\",\"name\":\"CSJ Emballages\",\"description\":\"\",\"publisher\":{\"@id\":\"https:\/\/www.csj-emballages.com\/de\/#organization\"},\"potentialAction\":[{\"@type\":\"SearchAction\",\"target\":{\"@type\":\"EntryPoint\",\"urlTemplate\":\"https:\/\/www.csj-emballages.com\/de\/?s={search_term_string}\"},\"query-input\":{\"@type\":\"PropertyValueSpecification\",\"valueRequired\":true,\"valueName\":\"search_term_string\"}}],\"inLanguage\":\"de\"},{\"@type\":\"Organization\",\"@id\":\"https:\/\/www.csj-emballages.com\/de\/#Organization\/\",\"name\":\"CSJ Emballages\",\"url\":\"https:\/\/www.csj-emballages.com\/de\/\",\"logo\":{\"@type\":\"ImageObject\",\"inLanguage\":\"de\",\"@id\":\"https:\/\/www.csj-emballages.com\/de\/#\/schema\/logo\/image\/\",\"url\":\"https:\/\/www.csj-emballages.com\/wp-content\/uploads\/2023\/10\/logo_csj.webp\",\"contentUrl\":\"https:\/\/www.csj-emballages.com\/wp-content\/uploads\/2023\/10\/logo_csj.webp\",\"width\":250,\"height\":95,\"caption\":\"CSJ Emballages\"},\"image\":{\"@id\":\"https:\/\/www.csj-emballages.com\/de\/#\/schema\/logo\/image\/\"},\"sameAs\":[\"https:\/\/www.facebook.com\/csjemballages\"],\"address\":{\"@type\":\"PostalAddress\",\"streetAddress\":\"ZI La Lechere\",\"addressLocality\":\"Patornay\",\"postalCode\":\"39130\",\"addressCountry\":\"FR\"},\"contactPoint\":[{\"@type\":\"ContactPoint\",\"contactType\":\"Service client\",\"telephone\":\"0384254272\",\"email\":\"contact@csj-emballages.com\"}]}]}<\/script>\n<!-- \/ Yoast SEO Premium plugin. -->","yoast_head_json":{"title":"Flache Aluminium 380 ml pro 100","description":"Aluminiumschale 380 ml pro 100 St\u00fcck, ideal zum Kochen, Aufbewahren und Transportieren von Speisen. Hitzebest\u00e4ndig und deckelkompatibel.","robots":{"index":"index","follow":"follow","max-snippet":"max-snippet:-1","max-image-preview":"max-image-preview:large","max-video-preview":"max-video-preview:-1"},"canonical":"https:\/\/www.csj-emballages.com\/de\/produit\/100-einwegschalen-aus-aluminium-380-ml\/","og_locale":"de_DE","og_type":"article","og_title":"Alu-Schale 380 ml pro 100","og_description":"Aluminiumschale 380 ml pro 100 St\u00fcck, ideal zum Kochen, Aufbewahren und Transportieren von Speisen. Hitzebest\u00e4ndig und deckelkompatibel.","og_url":"https:\/\/www.csj-emballages.com\/de\/produit\/100-einwegschalen-aus-aluminium-380-ml\/","og_site_name":"CSJ Emballages","article_publisher":"https:\/\/www.facebook.com\/csjemballages","article_modified_time":"2026-03-12T15:32:51+00:00","og_image":[{"width":800,"height":800,"url":"https:\/\/www.csj-emballages.com\/wp-content\/uploads\/2024\/03\/PL-410.webp","type":"image\/webp"}],"twitter_card":"summary_large_image","twitter_misc":{"Gesch\u00e4tzte Lesezeit":"1\u00a0Minute"},"schema":{"@context":"https:\/\/schema.org","@graph":[{"@type":"WebPage","@id":"https:\/\/www.csj-emballages.com\/de\/produit\/100-einwegschalen-aus-aluminium-380-ml\/","url":"https:\/\/www.csj-emballages.com\/de\/produit\/100-einwegschalen-aus-aluminium-380-ml\/","name":"Flache Aluminium 380 ml pro 100","isPartOf":{"@id":"https:\/\/www.csj-emballages.com\/de\/#website"},"primaryImageOfPage":{"@id":"https:\/\/www.csj-emballages.com\/de\/produit\/100-einwegschalen-aus-aluminium-380-ml\/#primaryimage"},"image":{"@id":"https:\/\/www.csj-emballages.com\/de\/produit\/100-einwegschalen-aus-aluminium-380-ml\/#primaryimage"},"thumbnailUrl":"https:\/\/www.csj-emballages.com\/wp-content\/uploads\/2024\/03\/PL-410.webp","datePublished":"2024-03-01T15:50:37+00:00","dateModified":"2026-03-12T15:32:51+00:00","description":"Aluminiumschale 380 ml pro 100 St\u00fcck, ideal zum Kochen, Aufbewahren und Transportieren von Speisen. Hitzebest\u00e4ndig und deckelkompatibel.","breadcrumb":{"@id":"https:\/\/www.csj-emballages.com\/de\/produit\/100-einwegschalen-aus-aluminium-380-ml\/#breadcrumb"},"inLanguage":"de","potentialAction":[{"@type":"ReadAction","target":["https:\/\/www.csj-emballages.com\/de\/produit\/100-einwegschalen-aus-aluminium-380-ml\/"]}]},{"@type":"ImageObject","inLanguage":"de","@id":"https:\/\/www.csj-emballages.com\/de\/produit\/100-einwegschalen-aus-aluminium-380-ml\/#primaryimage","url":"https:\/\/www.csj-emballages.com\/wp-content\/uploads\/2024\/03\/PL-410.webp","contentUrl":"https:\/\/www.csj-emballages.com\/wp-content\/uploads\/2024\/03\/PL-410.webp","width":800,"height":800,"caption":"Plat aluminium"},{"@type":"BreadcrumbList","@id":"https:\/\/www.csj-emballages.com\/de\/produit\/100-einwegschalen-aus-aluminium-380-ml\/#breadcrumb","itemListElement":[{"@type":"ListItem","position":1,"name":"Accueil","item":"https:\/\/www.csj-emballages.com\/de\/universum-lebensmittelverpackungen\/"},{"@type":"ListItem","position":2,"name":"Shop","item":"https:\/\/www.csj-emballages.com\/shop\/"},{"@type":"ListItem","position":3,"name":"Alu-Schale 380 ml pro 100"}]},{"@type":"WebSite","@id":"https:\/\/www.csj-emballages.com\/de\/#website","url":"https:\/\/www.csj-emballages.com\/de\/","name":"CSJ Emballages","description":"","publisher":{"@id":"https:\/\/www.csj-emballages.com\/de\/#organization"},"potentialAction":[{"@type":"SearchAction","target":{"@type":"EntryPoint","urlTemplate":"https:\/\/www.csj-emballages.com\/de\/?s={search_term_string}"},"query-input":{"@type":"PropertyValueSpecification","valueRequired":true,"valueName":"search_term_string"}}],"inLanguage":"de"},{"@type":"Organization","@id":"https:\/\/www.csj-emballages.com\/de\/#Organization\/","name":"CSJ Emballages","url":"https:\/\/www.csj-emballages.com\/de\/","logo":{"@type":"ImageObject","inLanguage":"de","@id":"https:\/\/www.csj-emballages.com\/de\/#\/schema\/logo\/image\/","url":"https:\/\/www.csj-emballages.com\/wp-content\/uploads\/2023\/10\/logo_csj.webp","contentUrl":"https:\/\/www.csj-emballages.com\/wp-content\/uploads\/2023\/10\/logo_csj.webp","width":250,"height":95,"caption":"CSJ Emballages"},"image":{"@id":"https:\/\/www.csj-emballages.com\/de\/#\/schema\/logo\/image\/"},"sameAs":["https:\/\/www.facebook.com\/csjemballages"],"address":{"@type":"PostalAddress","streetAddress":"ZI La Lechere","addressLocality":"Patornay","postalCode":"39130","addressCountry":"FR"},"contactPoint":[{"@type":"ContactPoint","contactType":"Service client","telephone":"0384254272","email":"contact@csj-emballages.com"}]}]}},"df_price":16.92,"df_sale_price":"","df_regular_price":16.92,"df_image_link":"https:\/\/www.csj-emballages.com\/wp-content\/uploads\/2024\/03\/PL-410-300x300.webp","tiered_pricing_type":"fixed","tiered_pricing_fixed_rules":[],"tiered_pricing_percentage_rules":[],"tiered_pricing_minimum":1,"tiered_pricing_roles_data":[],"_links":{"self":[{"href":"https:\/\/www.csj-emballages.com\/de\/wp-json\/wp\/v2\/product\/22501","targetHints":{"allow":["GET"]}}],"collection":[{"href":"https:\/\/www.csj-emballages.com\/de\/wp-json\/wp\/v2\/product"}],"about":[{"href":"https:\/\/www.csj-emballages.com\/de\/wp-json\/wp\/v2\/types\/product"}],"wp:featuredmedia":[{"embeddable":true,"href":"https:\/\/www.csj-emballages.com\/de\/wp-json\/wp\/v2\/media\/228220"}],"wp:attachment":[{"href":"https:\/\/www.csj-emballages.com\/de\/wp-json\/wp\/v2\/media?parent=22501"}],"wp:term":[{"taxonomy":"product_brand","embeddable":true,"href":"https:\/\/www.csj-emballages.com\/de\/wp-json\/wp\/v2\/product_brand?post=22501"},{"taxonomy":"product_cat","embeddable":true,"href":"https:\/\/www.csj-emballages.com\/de\/wp-json\/wp\/v2\/product_cat?post=22501"},{"taxonomy":"product_tag","embeddable":true,"href":"https:\/\/www.csj-emballages.com\/de\/wp-json\/wp\/v2\/product_tag?post=22501"}],"curies":[{"name":"wp","href":"https:\/\/api.w.org\/{rel}","templated":true}]}}