{"id":224882,"date":"2024-12-19T02:19:01","date_gmt":"2024-12-19T01:19:01","guid":{"rendered":"https:\/\/www.csj-emballages.com\/produit\/gruene-lebensmittelfarbe-fluessig-50-ml\/"},"modified":"2026-04-11T02:10:46","modified_gmt":"2026-04-11T00:10:46","slug":"gruene-lebensmittelfarbe-fluessig-50-ml","status":"publish","type":"product","link":"https:\/\/www.csj-emballages.com\/de\/produit\/gruene-lebensmittelfarbe-fluessig-50-ml\/","title":{"rendered":"Gr\u00fcne Lebensmittelfarbe fl\u00fcssig 50 ml"},"content":{"rendered":"<h2>Lebensmittelfarbe<\/h2>\n<hr>\n<h3>Beschreibung von &#8222;Gr\u00fcne Lebensmittelfarbe fl\u00fcssig 50 ml<\/h3>\n<p><!--more--><\/p>\n<p>Die <strong>fl\u00fcssige gr\u00fcne Lebensmittelfarbe<\/strong> ist eine unverzichtbare Zutat, um Ihren Rezepten einen Hauch von Farbe zu verleihen. Egal, ob Sie ein Hobbykoch oder ein Profi sind, dieses Produkt erf\u00fcllt Ihre Bed\u00fcrfnisse perfekt. Dank seines kr\u00e4ftigen und nat\u00fcrlichen Farbtons verwandelt er Ihre kulinarischen Kreationen in wahre Kunstwerke. Der Farbstoff wird in einer <strong>50-ml-Flasche<\/strong> angeboten, l\u00e4sst sich leicht anwenden und garantiert ein gleichm\u00e4\u00dfiges Ergebnis.   <\/p>\n<p>Die fl\u00fcssige Formel dieser <strong>Lebensmittelfarbe<\/strong> erm\u00f6glicht eine genaue Dosierung und ein gleichm\u00e4\u00dfiges Auftragen. Einige Tropfen gen\u00fcgen, um Ihre Glasuren, Cremes, Pasten oder Getr\u00e4nke zu f\u00e4rben. Dank ihrer fl\u00fcssigen Textur l\u00e4sst sie sich einfach einr\u00fchren, ohne Klumpen zu hinterlassen oder die Konsistenz Ihrer Zubereitungen zu ver\u00e4ndern.  <\/p>\n<p>Au\u00dferdem eignet sich diese <strong>gr\u00fcne Lebensmittelfarbe<\/strong> sowohl f\u00fcr s\u00fc\u00dfe als auch f\u00fcr herzhafte Gerichte. Sie k\u00f6nnen sie f\u00fcr originelle Desserts oder zur Verfeinerung von Saucen und Cremesuppen verwenden. Das praktische Format ist ideal f\u00fcr den t\u00e4glichen oder gelegentlichen Gebrauch, je nach Bedarf.  <\/p>\n<p>&nbsp;<\/p>\n<p><!--more--><\/p>\n<h4>Tipps zur Verwendung<\/h4>\n<p>Die besten Ergebnisse erzielen Sie, wenn Sie diese <strong>fl\u00fcssige Lebensmittelfarbe<\/strong> auf hellen Zubereitungen verwenden. Zum Beispiel eignet sie sich hervorragend zum F\u00e4rben von wei\u00dfer Zuckerpaste oder Zuckerguss auf Sahnebasis. Geben Sie sie tropfenweise hinzu, bis die gew\u00fcnschte <strong>Gr\u00fcnintensit\u00e4t<\/strong> erreicht ist. Mischen Sie gut, um eine gleichm\u00e4\u00dfige Verteilung zu erreichen.   <\/p>\n<p>Es ist auch ratsam, zuerst eine kleine Menge zu testen, um die Dosierung anzupassen. Dieses Produkt ist konzentriert, was bedeutet, dass eine kleine Flasche lange reichen kann. Achten Sie schlie\u00dflich darauf, die Flasche nach jedem Gebrauch wieder gut zu verschlie\u00dfen, um die Qualit\u00e4t des Produkts zu erhalten.  <\/p>\n<p>&nbsp;<\/p>\n<p><!--more--><\/p>\n<h4>Vorteile :<\/h4>\n<ul>\n<li><strong>Gleichm\u00e4\u00dfiges Ergebnis<\/strong>: Die fl\u00fcssige Textur sorgt f\u00fcr eine m\u00fchelose, gleichm\u00e4\u00dfige Verteilung.<\/li>\n<li><strong>Bemerkenswerte Stabilit\u00e4t<\/strong>: Seine Farbe bleibt auch nach dem Kochen oder Einfrieren strahlend.<\/li>\n<li><strong>Sicher und zuverl\u00e4ssig<\/strong>: Nach strengen Standards entwickelt und f\u00fcr den Einsatz in Lebensmitteln geeignet.<\/li>\n<li><strong>Vielseitig<\/strong> einsetzbar: Ideal f\u00fcr s\u00fc\u00dfe und herzhafte Rezepte, Getr\u00e4nke und Desserts.<\/li>\n<\/ul>\n<p>&nbsp;<\/p>\n<p><!--more--><\/p>\n<h4>Weitere Informationen :<\/h4>\n<ul>\n<li><b>H\u00f6he: <\/b>115 mm<\/li>\n<li><strong>Verpackung<\/strong>: Einzeln<\/li>\n<li><strong>Volumen<\/strong>: 50 ml<\/li>\n<li><b>Farbe: <\/b>Gr\u00fcn<\/li>\n<li><strong>Dosierung<\/strong>: 5g\/kg<\/li>\n<\/ul>\n<p>&nbsp;<\/p>\n<p><!--more--><\/p>\n<p>Produkt in verschiedenen Farben erh\u00e4ltlich : <span style=\"color: #d12727;\"><a style=\"color: #d12727;\" href=\"https:\/\/www.csj-emballages.com\/pt-pt\/produit\/corante-alimentar-liquido-amarelo-50-ml\/\">Gelb<\/a><\/span> \/ <span style=\"color: #d12727;\"><a style=\"color: #d12727;\" href=\"https:\/\/www.csj-emballages.com\/pt-pt\/produit\/corante-alimentar-liquido-azul-50-ml\/\">Blau<\/a><\/span> \/ <span style=\"color: #d12727;\"><a style=\"color: #d12727;\" href=\"https:\/\/www.csj-emballages.com\/pt-pt\/produit\/corante-alimentar-liquido-vermelho-50-ml\/\">Rot<\/a><\/span><\/p>\n<p>&nbsp;<\/p>\n<p><!--more--><\/p>\n<p><a href=\"https:\/\/www.csj-emballages.com\/de\/categorie-produit\/lebensmittel\/konditorei\/aromen\/\">Entdecken Sie den Rest unseres Sortiments an Aromen<\/a><\/p>\n","protected":false},"excerpt":{"rendered":"<p>Lebensmittelfarbe Beschreibung von &#8222;Gr\u00fcne Lebensmittelfarbe fl\u00fcssig 50 ml<\/p>\n","protected":false},"featured_media":219392,"template":"","meta":{"_acf_changed":false},"product_brand":[],"product_cat":[1144,9215,9216],"product_tag":[],"class_list":{"0":"post-224882","1":"product","2":"type-product","3":"status-publish","4":"has-post-thumbnail","6":"product_cat-lebensmittel","7":"product_cat-konditorei","8":"product_cat-lebensmittelfarbstoffe","10":"first","11":"instock","12":"taxable","13":"shipping-taxable","14":"purchasable","15":"product-type-simple"},"acf":[],"yoast_head":"<!-- This site is optimized with the Yoast SEO Premium plugin v26.6 (Yoast SEO v26.6) - https:\/\/yoast.com\/wordpress\/plugins\/seo\/ -->\n<title>Fl\u00fcssiger gr\u00fcner Lebensmittelfarbstoff - 50 ml<\/title>\n<meta name=\"description\" content=\"Verleihen Sie Ihren Rezepten einen Farbtupfer mit unserem 50 ml fl\u00fcssigen gr\u00fcnen Lebensmittelfarbstoff. Praktisch, vielseitig und einfach in der Anwendung.\" \/>\n<meta name=\"robots\" content=\"index, follow, max-snippet:-1, max-image-preview:large, max-video-preview:-1\" \/>\n<link rel=\"canonical\" href=\"https:\/\/www.csj-emballages.com\/de\/produit\/gruene-lebensmittelfarbe-fluessig-50-ml\/\" \/>\n<meta property=\"og:locale\" content=\"de_DE\" \/>\n<meta property=\"og:type\" content=\"article\" \/>\n<meta property=\"og:title\" content=\"Gr\u00fcne Lebensmittelfarbe fl\u00fcssig 50 ml\" \/>\n<meta property=\"og:description\" content=\"Verleihen Sie Ihren Rezepten einen Farbtupfer mit unserem 50 ml fl\u00fcssigen gr\u00fcnen Lebensmittelfarbstoff. Praktisch, vielseitig und einfach in der Anwendung.\" \/>\n<meta property=\"og:url\" content=\"https:\/\/www.csj-emballages.com\/de\/produit\/gruene-lebensmittelfarbe-fluessig-50-ml\/\" \/>\n<meta property=\"og:site_name\" content=\"CSJ Emballages\" \/>\n<meta property=\"article:publisher\" content=\"https:\/\/www.facebook.com\/csjemballages\" \/>\n<meta property=\"article:modified_time\" content=\"2026-04-11T00:10:46+00:00\" \/>\n<meta property=\"og:image\" content=\"https:\/\/www.csj-emballages.com\/wp-content\/uploads\/2024\/12\/Colorant-vert.webp\" \/>\n\t<meta property=\"og:image:width\" content=\"800\" \/>\n\t<meta property=\"og:image:height\" content=\"801\" \/>\n\t<meta property=\"og:image:type\" content=\"image\/webp\" \/>\n<meta name=\"twitter:card\" content=\"summary_large_image\" \/>\n<meta name=\"twitter:label1\" content=\"Gesch\u00e4tzte Lesezeit\" \/>\n\t<meta name=\"twitter:data1\" content=\"2 Minuten\" \/>\n<script type=\"application\/ld+json\" class=\"yoast-schema-graph\">{\"@context\":\"https:\/\/schema.org\",\"@graph\":[{\"@type\":\"WebPage\",\"@id\":\"https:\/\/www.csj-emballages.com\/de\/produit\/gruene-lebensmittelfarbe-fluessig-50-ml\/\",\"url\":\"https:\/\/www.csj-emballages.com\/de\/produit\/gruene-lebensmittelfarbe-fluessig-50-ml\/\",\"name\":\"Fl\u00fcssiger gr\u00fcner Lebensmittelfarbstoff - 50 ml\",\"isPartOf\":{\"@id\":\"https:\/\/www.csj-emballages.com\/de\/#website\"},\"primaryImageOfPage\":{\"@id\":\"https:\/\/www.csj-emballages.com\/de\/produit\/gruene-lebensmittelfarbe-fluessig-50-ml\/#primaryimage\"},\"image\":{\"@id\":\"https:\/\/www.csj-emballages.com\/de\/produit\/gruene-lebensmittelfarbe-fluessig-50-ml\/#primaryimage\"},\"thumbnailUrl\":\"https:\/\/www.csj-emballages.com\/wp-content\/uploads\/2024\/12\/Colorant-vert.webp\",\"datePublished\":\"2024-12-19T01:19:01+00:00\",\"dateModified\":\"2026-04-11T00:10:46+00:00\",\"description\":\"Verleihen Sie Ihren Rezepten einen Farbtupfer mit unserem 50 ml fl\u00fcssigen gr\u00fcnen Lebensmittelfarbstoff. Praktisch, vielseitig und einfach in der Anwendung.\",\"breadcrumb\":{\"@id\":\"https:\/\/www.csj-emballages.com\/de\/produit\/gruene-lebensmittelfarbe-fluessig-50-ml\/#breadcrumb\"},\"inLanguage\":\"de\",\"potentialAction\":[{\"@type\":\"ReadAction\",\"target\":[\"https:\/\/www.csj-emballages.com\/de\/produit\/gruene-lebensmittelfarbe-fluessig-50-ml\/\"]}]},{\"@type\":\"ImageObject\",\"inLanguage\":\"de\",\"@id\":\"https:\/\/www.csj-emballages.com\/de\/produit\/gruene-lebensmittelfarbe-fluessig-50-ml\/#primaryimage\",\"url\":\"https:\/\/www.csj-emballages.com\/wp-content\/uploads\/2024\/12\/Colorant-vert.webp\",\"contentUrl\":\"https:\/\/www.csj-emballages.com\/wp-content\/uploads\/2024\/12\/Colorant-vert.webp\",\"width\":800,\"height\":801,\"caption\":\"Colorant vert\"},{\"@type\":\"BreadcrumbList\",\"@id\":\"https:\/\/www.csj-emballages.com\/de\/produit\/gruene-lebensmittelfarbe-fluessig-50-ml\/#breadcrumb\",\"itemListElement\":[{\"@type\":\"ListItem\",\"position\":1,\"name\":\"Accueil\",\"item\":\"https:\/\/www.csj-emballages.com\/de\/universum-lebensmittelverpackungen\/\"},{\"@type\":\"ListItem\",\"position\":2,\"name\":\"Shop\",\"item\":\"https:\/\/www.csj-emballages.com\/shop\/\"},{\"@type\":\"ListItem\",\"position\":3,\"name\":\"Gr\u00fcne Lebensmittelfarbe fl\u00fcssig 50 ml\"}]},{\"@type\":\"WebSite\",\"@id\":\"https:\/\/www.csj-emballages.com\/de\/#website\",\"url\":\"https:\/\/www.csj-emballages.com\/de\/\",\"name\":\"CSJ Emballages\",\"description\":\"\",\"publisher\":{\"@id\":\"https:\/\/www.csj-emballages.com\/de\/#organization\"},\"potentialAction\":[{\"@type\":\"SearchAction\",\"target\":{\"@type\":\"EntryPoint\",\"urlTemplate\":\"https:\/\/www.csj-emballages.com\/de\/?s={search_term_string}\"},\"query-input\":{\"@type\":\"PropertyValueSpecification\",\"valueRequired\":true,\"valueName\":\"search_term_string\"}}],\"inLanguage\":\"de\"},{\"@type\":\"Organization\",\"@id\":\"https:\/\/www.csj-emballages.com\/de\/#Organization\/\",\"name\":\"CSJ Emballages\",\"url\":\"https:\/\/www.csj-emballages.com\/de\/\",\"logo\":{\"@type\":\"ImageObject\",\"inLanguage\":\"de\",\"@id\":\"https:\/\/www.csj-emballages.com\/de\/#\/schema\/logo\/image\/\",\"url\":\"https:\/\/www.csj-emballages.com\/wp-content\/uploads\/2023\/10\/logo_csj.webp\",\"contentUrl\":\"https:\/\/www.csj-emballages.com\/wp-content\/uploads\/2023\/10\/logo_csj.webp\",\"width\":250,\"height\":95,\"caption\":\"CSJ Emballages\"},\"image\":{\"@id\":\"https:\/\/www.csj-emballages.com\/de\/#\/schema\/logo\/image\/\"},\"sameAs\":[\"https:\/\/www.facebook.com\/csjemballages\"],\"address\":{\"@type\":\"PostalAddress\",\"streetAddress\":\"ZI La Lechere\",\"addressLocality\":\"Patornay\",\"postalCode\":\"39130\",\"addressCountry\":\"FR\"},\"contactPoint\":[{\"@type\":\"ContactPoint\",\"contactType\":\"Service client\",\"telephone\":\"0384254272\",\"email\":\"contact@csj-emballages.com\"}]}]}<\/script>\n<!-- \/ Yoast SEO Premium plugin. -->","yoast_head_json":{"title":"Fl\u00fcssiger gr\u00fcner Lebensmittelfarbstoff - 50 ml","description":"Verleihen Sie Ihren Rezepten einen Farbtupfer mit unserem 50 ml fl\u00fcssigen gr\u00fcnen Lebensmittelfarbstoff. Praktisch, vielseitig und einfach in der Anwendung.","robots":{"index":"index","follow":"follow","max-snippet":"max-snippet:-1","max-image-preview":"max-image-preview:large","max-video-preview":"max-video-preview:-1"},"canonical":"https:\/\/www.csj-emballages.com\/de\/produit\/gruene-lebensmittelfarbe-fluessig-50-ml\/","og_locale":"de_DE","og_type":"article","og_title":"Gr\u00fcne Lebensmittelfarbe fl\u00fcssig 50 ml","og_description":"Verleihen Sie Ihren Rezepten einen Farbtupfer mit unserem 50 ml fl\u00fcssigen gr\u00fcnen Lebensmittelfarbstoff. Praktisch, vielseitig und einfach in der Anwendung.","og_url":"https:\/\/www.csj-emballages.com\/de\/produit\/gruene-lebensmittelfarbe-fluessig-50-ml\/","og_site_name":"CSJ Emballages","article_publisher":"https:\/\/www.facebook.com\/csjemballages","article_modified_time":"2026-04-11T00:10:46+00:00","og_image":[{"width":800,"height":801,"url":"https:\/\/www.csj-emballages.com\/wp-content\/uploads\/2024\/12\/Colorant-vert.webp","type":"image\/webp"}],"twitter_card":"summary_large_image","twitter_misc":{"Gesch\u00e4tzte Lesezeit":"2 Minuten"},"schema":{"@context":"https:\/\/schema.org","@graph":[{"@type":"WebPage","@id":"https:\/\/www.csj-emballages.com\/de\/produit\/gruene-lebensmittelfarbe-fluessig-50-ml\/","url":"https:\/\/www.csj-emballages.com\/de\/produit\/gruene-lebensmittelfarbe-fluessig-50-ml\/","name":"Fl\u00fcssiger gr\u00fcner Lebensmittelfarbstoff - 50 ml","isPartOf":{"@id":"https:\/\/www.csj-emballages.com\/de\/#website"},"primaryImageOfPage":{"@id":"https:\/\/www.csj-emballages.com\/de\/produit\/gruene-lebensmittelfarbe-fluessig-50-ml\/#primaryimage"},"image":{"@id":"https:\/\/www.csj-emballages.com\/de\/produit\/gruene-lebensmittelfarbe-fluessig-50-ml\/#primaryimage"},"thumbnailUrl":"https:\/\/www.csj-emballages.com\/wp-content\/uploads\/2024\/12\/Colorant-vert.webp","datePublished":"2024-12-19T01:19:01+00:00","dateModified":"2026-04-11T00:10:46+00:00","description":"Verleihen Sie Ihren Rezepten einen Farbtupfer mit unserem 50 ml fl\u00fcssigen gr\u00fcnen Lebensmittelfarbstoff. Praktisch, vielseitig und einfach in der Anwendung.","breadcrumb":{"@id":"https:\/\/www.csj-emballages.com\/de\/produit\/gruene-lebensmittelfarbe-fluessig-50-ml\/#breadcrumb"},"inLanguage":"de","potentialAction":[{"@type":"ReadAction","target":["https:\/\/www.csj-emballages.com\/de\/produit\/gruene-lebensmittelfarbe-fluessig-50-ml\/"]}]},{"@type":"ImageObject","inLanguage":"de","@id":"https:\/\/www.csj-emballages.com\/de\/produit\/gruene-lebensmittelfarbe-fluessig-50-ml\/#primaryimage","url":"https:\/\/www.csj-emballages.com\/wp-content\/uploads\/2024\/12\/Colorant-vert.webp","contentUrl":"https:\/\/www.csj-emballages.com\/wp-content\/uploads\/2024\/12\/Colorant-vert.webp","width":800,"height":801,"caption":"Colorant vert"},{"@type":"BreadcrumbList","@id":"https:\/\/www.csj-emballages.com\/de\/produit\/gruene-lebensmittelfarbe-fluessig-50-ml\/#breadcrumb","itemListElement":[{"@type":"ListItem","position":1,"name":"Accueil","item":"https:\/\/www.csj-emballages.com\/de\/universum-lebensmittelverpackungen\/"},{"@type":"ListItem","position":2,"name":"Shop","item":"https:\/\/www.csj-emballages.com\/shop\/"},{"@type":"ListItem","position":3,"name":"Gr\u00fcne Lebensmittelfarbe fl\u00fcssig 50 ml"}]},{"@type":"WebSite","@id":"https:\/\/www.csj-emballages.com\/de\/#website","url":"https:\/\/www.csj-emballages.com\/de\/","name":"CSJ Emballages","description":"","publisher":{"@id":"https:\/\/www.csj-emballages.com\/de\/#organization"},"potentialAction":[{"@type":"SearchAction","target":{"@type":"EntryPoint","urlTemplate":"https:\/\/www.csj-emballages.com\/de\/?s={search_term_string}"},"query-input":{"@type":"PropertyValueSpecification","valueRequired":true,"valueName":"search_term_string"}}],"inLanguage":"de"},{"@type":"Organization","@id":"https:\/\/www.csj-emballages.com\/de\/#Organization\/","name":"CSJ Emballages","url":"https:\/\/www.csj-emballages.com\/de\/","logo":{"@type":"ImageObject","inLanguage":"de","@id":"https:\/\/www.csj-emballages.com\/de\/#\/schema\/logo\/image\/","url":"https:\/\/www.csj-emballages.com\/wp-content\/uploads\/2023\/10\/logo_csj.webp","contentUrl":"https:\/\/www.csj-emballages.com\/wp-content\/uploads\/2023\/10\/logo_csj.webp","width":250,"height":95,"caption":"CSJ Emballages"},"image":{"@id":"https:\/\/www.csj-emballages.com\/de\/#\/schema\/logo\/image\/"},"sameAs":["https:\/\/www.facebook.com\/csjemballages"],"address":{"@type":"PostalAddress","streetAddress":"ZI La Lechere","addressLocality":"Patornay","postalCode":"39130","addressCountry":"FR"},"contactPoint":[{"@type":"ContactPoint","contactType":"Service client","telephone":"0384254272","email":"contact@csj-emballages.com"}]}]}},"df_price":2.16,"df_sale_price":"","df_regular_price":2.16,"df_image_link":"https:\/\/www.csj-emballages.com\/wp-content\/uploads\/2024\/12\/Colorant-vert-300x300.webp","tiered_pricing_type":"fixed","tiered_pricing_fixed_rules":[],"tiered_pricing_percentage_rules":[],"tiered_pricing_minimum":1,"tiered_pricing_roles_data":[],"_links":{"self":[{"href":"https:\/\/www.csj-emballages.com\/de\/wp-json\/wp\/v2\/product\/224882","targetHints":{"allow":["GET"]}}],"collection":[{"href":"https:\/\/www.csj-emballages.com\/de\/wp-json\/wp\/v2\/product"}],"about":[{"href":"https:\/\/www.csj-emballages.com\/de\/wp-json\/wp\/v2\/types\/product"}],"wp:featuredmedia":[{"embeddable":true,"href":"https:\/\/www.csj-emballages.com\/de\/wp-json\/wp\/v2\/media\/219392"}],"wp:attachment":[{"href":"https:\/\/www.csj-emballages.com\/de\/wp-json\/wp\/v2\/media?parent=224882"}],"wp:term":[{"taxonomy":"product_brand","embeddable":true,"href":"https:\/\/www.csj-emballages.com\/de\/wp-json\/wp\/v2\/product_brand?post=224882"},{"taxonomy":"product_cat","embeddable":true,"href":"https:\/\/www.csj-emballages.com\/de\/wp-json\/wp\/v2\/product_cat?post=224882"},{"taxonomy":"product_tag","embeddable":true,"href":"https:\/\/www.csj-emballages.com\/de\/wp-json\/wp\/v2\/product_tag?post=224882"}],"curies":[{"name":"wp","href":"https:\/\/api.w.org\/{rel}","templated":true}]}}