{"id":22487,"date":"2024-03-01T16:50:38","date_gmt":"2024-03-01T15:50:38","guid":{"rendered":"https:\/\/u15jnbdpoq.preview.infomaniak.website\/produit\/100-deckel-fuer-saucentopf-t200\/"},"modified":"2026-04-16T15:01:11","modified_gmt":"2026-04-16T13:01:11","slug":"100-deckel-fuer-saucentopf-t200","status":"publish","type":"product","link":"https:\/\/www.csj-emballages.com\/de\/produit\/100-deckel-fuer-saucentopf-t200\/","title":{"rendered":"Kunststoffdeckel f\u00fcr Saucenbecher T200 im 100er-Pack"},"content":{"rendered":"<h2>Plastikdeckel<\/h2>\n<hr>\n<h3>Beschreibung unseres Plastikdeckels f\u00fcr Saucentopf T200 pro 100 St\u00fcck<\/h3>\n<p><!--more--><\/p>\n<p data-start=\"199\" data-end=\"534\">Wenn Sie <strong>Saucen zum Mitnehmen<\/strong> anbieten, macht der <strong>Deckel<\/strong> den entscheidenden Unterschied. Der <g id=\"gid_2\">Kunststoffdeckel f\u00fcr Saucenbecher <g id=\"gid_3\"><g id=\"gid_4\">T200<\/g> <\/g><\/g>wurde entwickelt, um Ihre Zubereitungen zu sichern und unangenehme \u00dcberraschungen w\u00e4hrend des Transports zu vermeiden. Er l\u00e4sst sich leicht auf den <strong>Becher<\/strong> aufclipsen und h\u00e4lt fest, selbst wenn die Taschen gehandhabt oder gestapelt werden.  <\/p>\n<p data-start=\"536\" data-end=\"834\">Dank seines pr\u00e4zisen Designs gew\u00e4hrleistet er einen zuverl\u00e4ssigen Verschluss, der das Risiko von Leckagen stark reduziert. Ihre <strong>Saucen<\/strong> bleiben an ihrem Platz, die Verpackungen bleiben sauber und die Kunden m\u00fcssen beim \u00d6ffnen ihrer Bestellung keine Bedenken mehr haben. Das ist ein echter Komfortgewinn, sowohl f\u00fcr Sie als auch f\u00fcr Ihre Kunden.  <\/p>\n<p data-start=\"836\" data-end=\"1137\">Tats\u00e4chlich erm\u00f6glicht sein <strong>transparenter Kunststoff<\/strong>, den Inhalt des Bechers sofort zu sehen, ohne ihn \u00f6ffnen zu m\u00fcssen. Dies vereinfacht die Bestellvorbereitung, besonders wenn verschiedene Saucen angeboten werden. In der K\u00fcche geht es schneller. Im Service oder bei der Lieferung werden Fehler vermieden. Alle profitieren davon.    <\/p>\n<p data-start=\"1139\" data-end=\"1468\">Dieser <strong>Deckel<\/strong> eignet sich sowohl f\u00fcr kalte Saucen als auch f\u00fcr etwas dickere Zubereitungen. Er ist steif genug, um seine Form zu behalten, und dennoch leicht zu handhaben. Und da er <strong data-start=\"1352\" data-end=\"1370\">im 100er-Pack<\/strong> verkauft wird, f\u00fcgt er sich perfekt in eine professionelle Organisation ein, ohne \u00dcberbest\u00e4nde oder unerwartete Engp\u00e4sse.  <\/p>\n<p data-start=\"1470\" data-end=\"1649\">Kurz gesagt, dieser <strong>Saucenbecherdeckel<\/strong> verschlie\u00dft nicht nur einen Becher: Er sichert Ihren Service, verbessert die Pr\u00e4sentation und tr\u00e4gt zu einem saubereren und angenehmeren Kundenerlebnis bei.<\/p>\n<p data-start=\"1470\" data-end=\"1649\">\n<p data-start=\"1470\" data-end=\"1649\"><!--more--><\/p>\n<h4 data-start=\"1470\" data-end=\"1649\">Vorteile :<\/h4>\n<ul>\n<li data-start=\"1677\" data-end=\"1711\">Zuverl\u00e4ssiger und passgenauer Verschluss.<\/li>\n<li data-start=\"1714\" data-end=\"1754\">Reduziert Leckagen w\u00e4hrend des Transports.<\/li>\n<li data-start=\"1757\" data-end=\"1811\"><strong>Transparenter Kunststoff<\/strong> f\u00fcr schnelle Identifizierung.<\/li>\n<li data-start=\"1814\" data-end=\"1845\">Einfach aufzuclipsen und abzunehmen.<\/li>\n<li data-start=\"1848\" data-end=\"1894\"><strong>100er-Pack<\/strong> ideal f\u00fcr den professionellen Gebrauch.<\/li>\n<\/ul>\n<p data-start=\"1470\" data-end=\"1649\">\n<p><!--more--><\/p>\n<h4>Weitere Informationen :<\/h4>\n<ul>\n<li><strong>Durchmesser<\/strong>: \u00d864 mm<\/li>\n<li><strong>H\u00f6he<\/strong>: 6 mm<\/li>\n<li><strong>Verpackung<\/strong>: Packung mit 100 St\u00fcck<\/li>\n<li><strong>Material<\/strong>: PET<\/li>\n<\/ul>\n<p>&nbsp;<\/p>\n<p><!--more--><\/p>\n<p><a href=\"https:\/\/www.csj-emballages.com\/de\/categorie-produit\/lebensmittelverpackungen\/restauration-de\/topfe-schalen-becherhalter\/sosentopfe\/\">Entdecken Sie den Rest unseres Saucenbecher-Sortiments<\/a><\/p>\n","protected":false},"excerpt":{"rendered":"<p>Plastikdeckel Beschreibung unseres Plastikdeckels f\u00fcr Saucentopf T200 pro 100 St\u00fcck<\/p>\n","protected":false},"featured_media":204156,"template":"","meta":{"_acf_changed":false},"product_brand":[],"product_cat":[1134,3095],"product_tag":[],"class_list":{"0":"post-22487","1":"product","2":"type-product","3":"status-publish","4":"has-post-thumbnail","6":"product_cat-restauration-de","7":"product_cat-sosentopfe","9":"first","10":"instock","11":"taxable","12":"shipping-taxable","13":"purchasable","14":"product-type-simple"},"acf":[],"yoast_head":"<!-- This site is optimized with the Yoast SEO Premium plugin v26.6 (Yoast SEO v26.6) - https:\/\/yoast.com\/wordpress\/plugins\/seo\/ -->\n<title>Plastikdeckel f\u00fcr Saucentopf T200<\/title>\n<meta name=\"description\" content=\"Transparenter Kunststoffdeckel f\u00fcr Saucenbecher T200, im 100er-Pack. Effektiver Verschluss, praktisch f\u00fcr Take-away und Lieferung.\" \/>\n<meta name=\"robots\" content=\"index, follow, max-snippet:-1, max-image-preview:large, max-video-preview:-1\" \/>\n<link rel=\"canonical\" href=\"https:\/\/www.csj-emballages.com\/de\/produit\/100-deckel-fuer-saucentopf-t200\/\" \/>\n<meta property=\"og:locale\" content=\"de_DE\" \/>\n<meta property=\"og:type\" content=\"article\" \/>\n<meta property=\"og:title\" content=\"Kunststoffdeckel f\u00fcr Saucenbecher T200 im 100er-Pack\" \/>\n<meta property=\"og:description\" content=\"Transparenter Kunststoffdeckel f\u00fcr Saucenbecher T200, im 100er-Pack. Effektiver Verschluss, praktisch f\u00fcr Take-away und Lieferung.\" \/>\n<meta property=\"og:url\" content=\"https:\/\/www.csj-emballages.com\/de\/produit\/100-deckel-fuer-saucentopf-t200\/\" \/>\n<meta property=\"og:site_name\" content=\"CSJ Emballages\" \/>\n<meta property=\"article:publisher\" content=\"https:\/\/www.facebook.com\/csjemballages\" \/>\n<meta property=\"article:modified_time\" content=\"2026-04-16T13:01:11+00:00\" \/>\n<meta property=\"og:image\" content=\"https:\/\/www.csj-emballages.com\/wp-content\/uploads\/2024\/03\/PL2.webp\" \/>\n\t<meta property=\"og:image:width\" content=\"800\" \/>\n\t<meta property=\"og:image:height\" content=\"800\" \/>\n\t<meta property=\"og:image:type\" content=\"image\/webp\" \/>\n<meta name=\"twitter:card\" content=\"summary_large_image\" \/>\n<meta name=\"twitter:label1\" content=\"Gesch\u00e4tzte Lesezeit\" \/>\n\t<meta name=\"twitter:data1\" content=\"2 Minuten\" \/>\n<script type=\"application\/ld+json\" class=\"yoast-schema-graph\">{\"@context\":\"https:\/\/schema.org\",\"@graph\":[{\"@type\":\"WebPage\",\"@id\":\"https:\/\/www.csj-emballages.com\/de\/produit\/100-deckel-fuer-saucentopf-t200\/\",\"url\":\"https:\/\/www.csj-emballages.com\/de\/produit\/100-deckel-fuer-saucentopf-t200\/\",\"name\":\"Plastikdeckel f\u00fcr Saucentopf T200\",\"isPartOf\":{\"@id\":\"https:\/\/www.csj-emballages.com\/de\/#website\"},\"primaryImageOfPage\":{\"@id\":\"https:\/\/www.csj-emballages.com\/de\/produit\/100-deckel-fuer-saucentopf-t200\/#primaryimage\"},\"image\":{\"@id\":\"https:\/\/www.csj-emballages.com\/de\/produit\/100-deckel-fuer-saucentopf-t200\/#primaryimage\"},\"thumbnailUrl\":\"https:\/\/www.csj-emballages.com\/wp-content\/uploads\/2024\/03\/PL2.webp\",\"datePublished\":\"2024-03-01T15:50:38+00:00\",\"dateModified\":\"2026-04-16T13:01:11+00:00\",\"description\":\"Transparenter Kunststoffdeckel f\u00fcr Saucenbecher T200, im 100er-Pack. Effektiver Verschluss, praktisch f\u00fcr Take-away und Lieferung.\",\"breadcrumb\":{\"@id\":\"https:\/\/www.csj-emballages.com\/de\/produit\/100-deckel-fuer-saucentopf-t200\/#breadcrumb\"},\"inLanguage\":\"de\",\"potentialAction\":[{\"@type\":\"ReadAction\",\"target\":[\"https:\/\/www.csj-emballages.com\/de\/produit\/100-deckel-fuer-saucentopf-t200\/\"]}]},{\"@type\":\"ImageObject\",\"inLanguage\":\"de\",\"@id\":\"https:\/\/www.csj-emballages.com\/de\/produit\/100-deckel-fuer-saucentopf-t200\/#primaryimage\",\"url\":\"https:\/\/www.csj-emballages.com\/wp-content\/uploads\/2024\/03\/PL2.webp\",\"contentUrl\":\"https:\/\/www.csj-emballages.com\/wp-content\/uploads\/2024\/03\/PL2.webp\",\"width\":800,\"height\":800,\"caption\":\"Couvercle plastique\"},{\"@type\":\"BreadcrumbList\",\"@id\":\"https:\/\/www.csj-emballages.com\/de\/produit\/100-deckel-fuer-saucentopf-t200\/#breadcrumb\",\"itemListElement\":[{\"@type\":\"ListItem\",\"position\":1,\"name\":\"Accueil\",\"item\":\"https:\/\/www.csj-emballages.com\/de\/universum-lebensmittelverpackungen\/\"},{\"@type\":\"ListItem\",\"position\":2,\"name\":\"Shop\",\"item\":\"https:\/\/www.csj-emballages.com\/shop\/\"},{\"@type\":\"ListItem\",\"position\":3,\"name\":\"Kunststoffdeckel f\u00fcr Saucenbecher T200 im 100er-Pack\"}]},{\"@type\":\"WebSite\",\"@id\":\"https:\/\/www.csj-emballages.com\/de\/#website\",\"url\":\"https:\/\/www.csj-emballages.com\/de\/\",\"name\":\"CSJ Emballages\",\"description\":\"\",\"publisher\":{\"@id\":\"https:\/\/www.csj-emballages.com\/de\/#organization\"},\"potentialAction\":[{\"@type\":\"SearchAction\",\"target\":{\"@type\":\"EntryPoint\",\"urlTemplate\":\"https:\/\/www.csj-emballages.com\/de\/?s={search_term_string}\"},\"query-input\":{\"@type\":\"PropertyValueSpecification\",\"valueRequired\":true,\"valueName\":\"search_term_string\"}}],\"inLanguage\":\"de\"},{\"@type\":\"Organization\",\"@id\":\"https:\/\/www.csj-emballages.com\/de\/#Organization\/\",\"name\":\"CSJ Emballages\",\"url\":\"https:\/\/www.csj-emballages.com\/de\/\",\"logo\":{\"@type\":\"ImageObject\",\"inLanguage\":\"de\",\"@id\":\"https:\/\/www.csj-emballages.com\/de\/#\/schema\/logo\/image\/\",\"url\":\"https:\/\/www.csj-emballages.com\/wp-content\/uploads\/2023\/10\/logo_csj.webp\",\"contentUrl\":\"https:\/\/www.csj-emballages.com\/wp-content\/uploads\/2023\/10\/logo_csj.webp\",\"width\":250,\"height\":95,\"caption\":\"CSJ Emballages\"},\"image\":{\"@id\":\"https:\/\/www.csj-emballages.com\/de\/#\/schema\/logo\/image\/\"},\"sameAs\":[\"https:\/\/www.facebook.com\/csjemballages\"],\"address\":{\"@type\":\"PostalAddress\",\"streetAddress\":\"ZI La Lechere\",\"addressLocality\":\"Patornay\",\"postalCode\":\"39130\",\"addressCountry\":\"FR\"},\"contactPoint\":[{\"@type\":\"ContactPoint\",\"contactType\":\"Service client\",\"telephone\":\"0384254272\",\"email\":\"contact@csj-emballages.com\"}]}]}<\/script>\n<!-- \/ Yoast SEO Premium plugin. -->","yoast_head_json":{"title":"Plastikdeckel f\u00fcr Saucentopf T200","description":"Transparenter Kunststoffdeckel f\u00fcr Saucenbecher T200, im 100er-Pack. Effektiver Verschluss, praktisch f\u00fcr Take-away und Lieferung.","robots":{"index":"index","follow":"follow","max-snippet":"max-snippet:-1","max-image-preview":"max-image-preview:large","max-video-preview":"max-video-preview:-1"},"canonical":"https:\/\/www.csj-emballages.com\/de\/produit\/100-deckel-fuer-saucentopf-t200\/","og_locale":"de_DE","og_type":"article","og_title":"Kunststoffdeckel f\u00fcr Saucenbecher T200 im 100er-Pack","og_description":"Transparenter Kunststoffdeckel f\u00fcr Saucenbecher T200, im 100er-Pack. Effektiver Verschluss, praktisch f\u00fcr Take-away und Lieferung.","og_url":"https:\/\/www.csj-emballages.com\/de\/produit\/100-deckel-fuer-saucentopf-t200\/","og_site_name":"CSJ Emballages","article_publisher":"https:\/\/www.facebook.com\/csjemballages","article_modified_time":"2026-04-16T13:01:11+00:00","og_image":[{"width":800,"height":800,"url":"https:\/\/www.csj-emballages.com\/wp-content\/uploads\/2024\/03\/PL2.webp","type":"image\/webp"}],"twitter_card":"summary_large_image","twitter_misc":{"Gesch\u00e4tzte Lesezeit":"2 Minuten"},"schema":{"@context":"https:\/\/schema.org","@graph":[{"@type":"WebPage","@id":"https:\/\/www.csj-emballages.com\/de\/produit\/100-deckel-fuer-saucentopf-t200\/","url":"https:\/\/www.csj-emballages.com\/de\/produit\/100-deckel-fuer-saucentopf-t200\/","name":"Plastikdeckel f\u00fcr Saucentopf T200","isPartOf":{"@id":"https:\/\/www.csj-emballages.com\/de\/#website"},"primaryImageOfPage":{"@id":"https:\/\/www.csj-emballages.com\/de\/produit\/100-deckel-fuer-saucentopf-t200\/#primaryimage"},"image":{"@id":"https:\/\/www.csj-emballages.com\/de\/produit\/100-deckel-fuer-saucentopf-t200\/#primaryimage"},"thumbnailUrl":"https:\/\/www.csj-emballages.com\/wp-content\/uploads\/2024\/03\/PL2.webp","datePublished":"2024-03-01T15:50:38+00:00","dateModified":"2026-04-16T13:01:11+00:00","description":"Transparenter Kunststoffdeckel f\u00fcr Saucenbecher T200, im 100er-Pack. Effektiver Verschluss, praktisch f\u00fcr Take-away und Lieferung.","breadcrumb":{"@id":"https:\/\/www.csj-emballages.com\/de\/produit\/100-deckel-fuer-saucentopf-t200\/#breadcrumb"},"inLanguage":"de","potentialAction":[{"@type":"ReadAction","target":["https:\/\/www.csj-emballages.com\/de\/produit\/100-deckel-fuer-saucentopf-t200\/"]}]},{"@type":"ImageObject","inLanguage":"de","@id":"https:\/\/www.csj-emballages.com\/de\/produit\/100-deckel-fuer-saucentopf-t200\/#primaryimage","url":"https:\/\/www.csj-emballages.com\/wp-content\/uploads\/2024\/03\/PL2.webp","contentUrl":"https:\/\/www.csj-emballages.com\/wp-content\/uploads\/2024\/03\/PL2.webp","width":800,"height":800,"caption":"Couvercle plastique"},{"@type":"BreadcrumbList","@id":"https:\/\/www.csj-emballages.com\/de\/produit\/100-deckel-fuer-saucentopf-t200\/#breadcrumb","itemListElement":[{"@type":"ListItem","position":1,"name":"Accueil","item":"https:\/\/www.csj-emballages.com\/de\/universum-lebensmittelverpackungen\/"},{"@type":"ListItem","position":2,"name":"Shop","item":"https:\/\/www.csj-emballages.com\/shop\/"},{"@type":"ListItem","position":3,"name":"Kunststoffdeckel f\u00fcr Saucenbecher T200 im 100er-Pack"}]},{"@type":"WebSite","@id":"https:\/\/www.csj-emballages.com\/de\/#website","url":"https:\/\/www.csj-emballages.com\/de\/","name":"CSJ Emballages","description":"","publisher":{"@id":"https:\/\/www.csj-emballages.com\/de\/#organization"},"potentialAction":[{"@type":"SearchAction","target":{"@type":"EntryPoint","urlTemplate":"https:\/\/www.csj-emballages.com\/de\/?s={search_term_string}"},"query-input":{"@type":"PropertyValueSpecification","valueRequired":true,"valueName":"search_term_string"}}],"inLanguage":"de"},{"@type":"Organization","@id":"https:\/\/www.csj-emballages.com\/de\/#Organization\/","name":"CSJ Emballages","url":"https:\/\/www.csj-emballages.com\/de\/","logo":{"@type":"ImageObject","inLanguage":"de","@id":"https:\/\/www.csj-emballages.com\/de\/#\/schema\/logo\/image\/","url":"https:\/\/www.csj-emballages.com\/wp-content\/uploads\/2023\/10\/logo_csj.webp","contentUrl":"https:\/\/www.csj-emballages.com\/wp-content\/uploads\/2023\/10\/logo_csj.webp","width":250,"height":95,"caption":"CSJ Emballages"},"image":{"@id":"https:\/\/www.csj-emballages.com\/de\/#\/schema\/logo\/image\/"},"sameAs":["https:\/\/www.facebook.com\/csjemballages"],"address":{"@type":"PostalAddress","streetAddress":"ZI La Lechere","addressLocality":"Patornay","postalCode":"39130","addressCountry":"FR"},"contactPoint":[{"@type":"ContactPoint","contactType":"Service client","telephone":"0384254272","email":"contact@csj-emballages.com"}]}]}},"df_price":1.69,"df_sale_price":"","df_regular_price":1.69,"df_image_link":"https:\/\/www.csj-emballages.com\/wp-content\/uploads\/2024\/03\/PL2-300x300.webp","tiered_pricing_type":"fixed","tiered_pricing_fixed_rules":[],"tiered_pricing_percentage_rules":[],"tiered_pricing_minimum":1,"tiered_pricing_roles_data":[],"_links":{"self":[{"href":"https:\/\/www.csj-emballages.com\/de\/wp-json\/wp\/v2\/product\/22487","targetHints":{"allow":["GET"]}}],"collection":[{"href":"https:\/\/www.csj-emballages.com\/de\/wp-json\/wp\/v2\/product"}],"about":[{"href":"https:\/\/www.csj-emballages.com\/de\/wp-json\/wp\/v2\/types\/product"}],"wp:featuredmedia":[{"embeddable":true,"href":"https:\/\/www.csj-emballages.com\/de\/wp-json\/wp\/v2\/media\/204156"}],"wp:attachment":[{"href":"https:\/\/www.csj-emballages.com\/de\/wp-json\/wp\/v2\/media?parent=22487"}],"wp:term":[{"taxonomy":"product_brand","embeddable":true,"href":"https:\/\/www.csj-emballages.com\/de\/wp-json\/wp\/v2\/product_brand?post=22487"},{"taxonomy":"product_cat","embeddable":true,"href":"https:\/\/www.csj-emballages.com\/de\/wp-json\/wp\/v2\/product_cat?post=22487"},{"taxonomy":"product_tag","embeddable":true,"href":"https:\/\/www.csj-emballages.com\/de\/wp-json\/wp\/v2\/product_tag?post=22487"}],"curies":[{"name":"wp","href":"https:\/\/api.w.org\/{rel}","templated":true}]}}