{"id":224853,"date":"2025-02-12T11:15:15","date_gmt":"2025-02-12T10:15:15","guid":{"rendered":"https:\/\/www.csj-emballages.com\/?post_type=product&#038;p=224853"},"modified":"2026-04-19T10:00:21","modified_gmt":"2026-04-19T08:00:21","slug":"100-vakuumbeutel-zum-kochen-120c-25-x-35-cm-90-%c2%b5","status":"publish","type":"product","link":"https:\/\/www.csj-emballages.com\/de\/produit\/100-vakuumbeutel-zum-kochen-120c-25-x-35-cm-90-%c2%b5\/","title":{"rendered":"Vakuumbeutel zum Kochen 120\u00b0C 25 x 35 cm 90 \u00b5 pro 100"},"content":{"rendered":"<div style=\"font-family: Roboto, sans-serif;\">\n<div style=\"font-family: Roboto, sans-serif;\">\n<div style=\"font-family: Roboto, sans-serif;\">\n<div style=\"font-family: Roboto, sans-serif;\">\n<div style=\"font-family: Roboto, sans-serif;\">\n<div style=\"font-family: Roboto, sans-serif;\">\n<div style=\"box-sizing: inherit; font-family: Roboto, sans-serif;\">\n<div style=\"box-sizing: inherit; font-family: Roboto, sans-serif;\">\n<div style=\"box-sizing: inherit; font-family: Roboto, sans-serif;\">\n<div style=\"box-sizing: inherit; font-family: Roboto, sans-serif;\">\n<div style=\"box-sizing: inherit; font-family: Roboto, sans-serif;\">\n<div style=\"box-sizing: inherit; font-family: Roboto, sans-serif;\">\n<div style=\"box-sizing: inherit; font-family: Roboto, sans-serif;\">\n<div style=\"box-sizing: inherit; font-family: Roboto, sans-serif;\">\n<h2><strong style=\"font-family: Roboto, sans-serif;\">Vakuumbeutel zum Kochen<br \/>\n<\/strong><\/h2>\n<div style=\"box-sizing: inherit; font-family: Roboto, sans-serif;\">\n<div style=\"box-sizing: inherit; font-family: Roboto, sans-serif;\">\n<div style=\"box-sizing: inherit; font-family: Roboto, sans-serif;\">\n<div style=\"text-align: center;\">\n<div style=\"box-sizing: inherit; font-family: Roboto, sans-serif;\">\n<div style=\"box-sizing: inherit; font-family: Roboto, sans-serif;\">\n<div style=\"box-sizing: inherit; font-family: Roboto, sans-serif;\">\n<div style=\"box-sizing: inherit; font-family: Roboto, sans-serif;\">\n<div style=\"box-sizing: inherit; font-family: Roboto, sans-serif;\">\n<div style=\"box-sizing: inherit; font-family: Roboto, sans-serif; text-align: left;\">\n<hr>\n<h3 style=\"text-align: left;\">Beschreibung von unserem Vakuumbeutel zum Kochen 120\u00b0C 25 x 35 cm 90 \u00b5 per 100<\/h3>\n<p><!--more--><\/p>\n<p data-start=\"240\" data-end=\"724\">Die <strong data-start=\"244\" data-end=\"303\">Vakuum-Kochbeutel 120\u00b0C 25 x 35 cm 90 \u00b5 pro 100 St\u00fcck<\/strong> wurden f\u00fcr professionelle Gastronomen, Catering-Unternehmen, aber auch f\u00fcr kochbegeisterte Privatpersonen entwickelt, die <strong data-start=\"451\" data-end=\"501\">Lebensmittelsicherheit, Zweckm\u00e4\u00dfigkeit und Leistung<\/strong> miteinander verbinden m\u00f6chten. Dank ihrer robusten Polyamid\/Polyethylen-Zusammensetzung halten diese <strong>Beutel<\/strong> einem <strong>Vakuumgaren<\/strong> bis <strong data-start=\"613\" data-end=\"622\">120\u00b0C<\/strong> stand und eignen sich daher sowohl f\u00fcr die Pasteurisierung als auch f\u00fcr das schonende Garen im Wasserbad. <\/p>\n<p data-start=\"726\" data-end=\"1258\">Ebenso eignen sie sich mit ihren Abmessungen von <strong>25 x 35 cm<\/strong> hervorragend zum Verpacken von mittelgro\u00dfen Portionen oder Familiengerichten. Mit ihrer Dicke von <strong data-start=\"903\" data-end=\"917\">90 Mikrometern <\/strong>bieten sie eine hervorragende Rei\u00df- und Durchsto\u00dffestigkeit, selbst bei Lebensmitteln mit scharfen Kanten wie entbeintem Fleisch oder einigen steifen Gem\u00fcsesorten. Die hermetische Versiegelung sch\u00fctzt Ihre Lebensmittel vor Oxidation, Bakterien und Gefrierbrand und bewahrt gleichzeitig ihren Geschmack und ihre N\u00e4hrwerte.  <\/p>\n<p data-start=\"1612\" data-end=\"1919\">Die Beutel werden in <strong data-start=\"1622\" data-end=\"1654\">g\u00fcnstigen Packungen zu 100 St\u00fcck<\/strong> verkauft und sind ideal f\u00fcr den regelm\u00e4\u00dfigen und professionellen Gebrauch. Die Beutel sind leicht zu handhaben und mit den meisten Vakuumkammern kompatibel. Sie sind ein Muss f\u00fcr jeden, der <strong data-start=\"1850\" data-end=\"1903\">seine Zubereitungen<\/strong> t\u00e4glich <strong data-start=\"1850\" data-end=\"1903\">sichern, aufbewahren und verfeinern<\/strong> m\u00f6chte. <\/p>\n<p data-start=\"1612\" data-end=\"1919\">\n<\/div>\n<\/div>\n<\/div>\n<\/div>\n<\/div>\n<\/div>\n<\/div>\n<\/div>\n<\/div>\n<\/div>\n<p><!--more--><\/p>\n<p style=\"text-align: left;\"><strong>Vorteile :<\/strong><\/p>\n<ul style=\"text-align: left;\">\n<li>Kochfest bis 120\u00b0C.<\/li>\n<li>90 \u00b5 Dicke f\u00fcr hohe Robustheit<\/li>\n<li>Bewahren den Geschmack und die N\u00e4hrstoffe von Lebensmitteln<\/li>\n<li>Wird in praktischen Packungen zu 100 Beuteln verkauft<\/li>\n<li>Vielseitige Gr\u00f6\u00dfe 25 x 35 cm geeignet f\u00fcr Einzelportionen.<\/li>\n<\/ul>\n<\/div>\n<div style=\"box-sizing: inherit; font-family: Roboto, sans-serif;\"><\/div>\n<\/div>\n<\/div>\n<\/div>\n<\/div>\n<\/div>\n<p><!--more--><\/p>\n<h4>Weitere Informationen :<\/h4>\n<ul>\n<li><strong>Verpackung<\/strong>: Packung mit 100 St\u00fcck<\/li>\n<li><strong>Ma\u00dfe<\/strong>: 25 x 35 cm<\/li>\n<li><strong>Hei\u00dfsiegelbar<\/strong>: Ja<\/li>\n<li><strong>Schrumpfbar<\/strong>: Nein<\/li>\n<li><strong>Schwei\u00dfnaht<\/strong>: 3 Seiten \/ \u00d6ffnung \u00fcber die Breite<\/li>\n<li><strong>Maximale Temperatur<\/strong>: +120\u00b0C<\/li>\n<\/ul>\n<p>&nbsp;<\/p>\n<\/div>\n<\/div>\n<p><!--more--><\/p>\n<div style=\"box-sizing: inherit; font-family: Roboto, sans-serif;\">\n<div style=\"box-sizing: inherit; font-family: Roboto, sans-serif;\">\n<p>Finden Sie hier die verf\u00fcgbaren Gr\u00f6\u00dfen f\u00fcr Koch-Vakuumbeutel : <span style=\"color: #d12727;\"><a style=\"color: #d12727;\" href=\"https:\/\/www.csj-emballages.com\/de\/produit\/100-vakuumbeutel-zum-kochen-120c-15-x-20-cm-90-%c2%b5\/\">15 x 20 cm<\/a><\/span> \/ <span style=\"color: #d12727;\"><a style=\"color: #d12727;\" href=\"https:\/\/www.csj-emballages.com\/de\/produit\/100-vakuumbeutel-zum-kochen-120c-20-x-20-cm-90-%c2%b5\/\">20 x 20 cm<\/a><\/span> \/ <span style=\"color: #d12727;\"><a style=\"color: #d12727;\" href=\"https:\/\/www.csj-emballages.com\/de\/produit\/100-vakuumbeutel-zum-kochen-120c-20-x-30-cm-90-%c2%b5\/\">20 x 30 cm<\/a><\/span> \/ <span style=\"color: #d12727;\"><a style=\"color: #d12727;\" href=\"https:\/\/www.csj-emballages.com\/produit\/100-sacs-sous-vides-de-cuisson-120c-30-x-40-cm-90-%c2%b5\/\">30 x 40 cm<\/a><\/span><\/p>\n<p>&nbsp;<\/p>\n<p style=\"text-align: left;\"><!--more--><\/p>\n<p><a href=\"https:\/\/www.csj-emballages.com\/de\/categorie-produit\/lebensmittelverpackungen\/metzgerei-und-feinkostgeschaft\/sacke-und-beutel\/vakuumbeutel\/vakuumbeutel-backen\/\">Sehen Sie sich den Rest unseres Sortiments an Koch-Vakuumbeuteln an<\/a><\/p>\n<\/div>\n<\/div>\n<\/div>\n<\/div>\n<\/div>\n<\/div>\n<\/div>\n<\/div>\n","protected":false},"excerpt":{"rendered":"<p>Vakuumbeutel zum Kochen Beschreibung von unserem Vakuumbeutel zum Kochen 120\u00b0C 25 x 35 cm 90 \u00b5 per 100<\/p>\n","protected":false},"featured_media":240745,"template":"","meta":{"_acf_changed":false},"product_brand":[],"product_cat":[1137,1170,3962,1235,1715],"product_tag":[],"class_list":{"0":"post-224853","1":"product","2":"type-product","3":"status-publish","4":"has-post-thumbnail","6":"product_cat-lebensmittelverpackungen","7":"product_cat-metzgerei-und-feinkostgeschaft","8":"product_cat-sacke-und-beutel","9":"product_cat-vakuumbeutel","10":"product_cat-vakuumbeutel-backen","12":"first","13":"instock","14":"taxable","15":"shipping-taxable","16":"purchasable","17":"product-type-simple"},"acf":[],"yoast_head":"<!-- This site is optimized with the Yoast SEO Premium plugin v26.6 (Yoast SEO v26.6) - https:\/\/yoast.com\/wordpress\/plugins\/seo\/ -->\n<title>Vakuumbeutel zum Kochen 120\u00b0C 25 x 35 cm 90 \u00b5 pro 100<\/title>\n<meta name=\"description\" content=\"Vakuumbeutel 25 x 35 cm Kochen 120\u00b0C, 90 \u00b5. Ideal zum Aufbewahren, Einfrieren und Kochen im Vakuum. Sparpack mit 100 St\u00fcck.\" \/>\n<meta name=\"robots\" content=\"index, follow, max-snippet:-1, max-image-preview:large, max-video-preview:-1\" \/>\n<link rel=\"canonical\" href=\"https:\/\/www.csj-emballages.com\/de\/produit\/100-vakuumbeutel-zum-kochen-120c-25-x-35-cm-90-%c2%b5\/\" \/>\n<meta property=\"og:locale\" content=\"de_DE\" \/>\n<meta property=\"og:type\" content=\"article\" \/>\n<meta property=\"og:title\" content=\"Vakuumbeutel zum Kochen 120\u00b0C 25 x 35 cm 90 \u00b5 pro 100\" \/>\n<meta property=\"og:description\" content=\"Vakuumbeutel 25 x 35 cm Kochen 120\u00b0C, 90 \u00b5. Ideal zum Aufbewahren, Einfrieren und Kochen im Vakuum. Sparpack mit 100 St\u00fcck.\" \/>\n<meta property=\"og:url\" content=\"https:\/\/www.csj-emballages.com\/de\/produit\/100-vakuumbeutel-zum-kochen-120c-25-x-35-cm-90-%c2%b5\/\" \/>\n<meta property=\"og:site_name\" content=\"CSJ Emballages\" \/>\n<meta property=\"article:publisher\" content=\"https:\/\/www.facebook.com\/csjemballages\" \/>\n<meta property=\"article:modified_time\" content=\"2026-04-19T08:00:21+00:00\" \/>\n<meta property=\"og:image\" content=\"https:\/\/www.csj-emballages.com\/wp-content\/uploads\/2024\/03\/Sacs-sous-vide-de-cuisson.jpeg\" \/>\n\t<meta property=\"og:image:width\" content=\"800\" \/>\n\t<meta property=\"og:image:height\" content=\"800\" \/>\n\t<meta property=\"og:image:type\" content=\"image\/jpeg\" \/>\n<meta name=\"twitter:card\" content=\"summary_large_image\" \/>\n<meta name=\"twitter:label1\" content=\"Gesch\u00e4tzte Lesezeit\" \/>\n\t<meta name=\"twitter:data1\" content=\"1\u00a0Minute\" \/>\n<script type=\"application\/ld+json\" class=\"yoast-schema-graph\">{\"@context\":\"https:\/\/schema.org\",\"@graph\":[{\"@type\":\"WebPage\",\"@id\":\"https:\/\/www.csj-emballages.com\/de\/produit\/100-vakuumbeutel-zum-kochen-120c-25-x-35-cm-90-%c2%b5\/\",\"url\":\"https:\/\/www.csj-emballages.com\/de\/produit\/100-vakuumbeutel-zum-kochen-120c-25-x-35-cm-90-%c2%b5\/\",\"name\":\"Vakuumbeutel zum Kochen 120\u00b0C 25 x 35 cm 90 \u00b5 pro 100\",\"isPartOf\":{\"@id\":\"https:\/\/www.csj-emballages.com\/de\/#website\"},\"primaryImageOfPage\":{\"@id\":\"https:\/\/www.csj-emballages.com\/de\/produit\/100-vakuumbeutel-zum-kochen-120c-25-x-35-cm-90-%c2%b5\/#primaryimage\"},\"image\":{\"@id\":\"https:\/\/www.csj-emballages.com\/de\/produit\/100-vakuumbeutel-zum-kochen-120c-25-x-35-cm-90-%c2%b5\/#primaryimage\"},\"thumbnailUrl\":\"https:\/\/www.csj-emballages.com\/wp-content\/uploads\/2024\/03\/Sacs-sous-vide-de-cuisson.jpeg\",\"datePublished\":\"2025-02-12T10:15:15+00:00\",\"dateModified\":\"2026-04-19T08:00:21+00:00\",\"description\":\"Vakuumbeutel 25 x 35 cm Kochen 120\u00b0C, 90 \u00b5. Ideal zum Aufbewahren, Einfrieren und Kochen im Vakuum. Sparpack mit 100 St\u00fcck.\",\"breadcrumb\":{\"@id\":\"https:\/\/www.csj-emballages.com\/de\/produit\/100-vakuumbeutel-zum-kochen-120c-25-x-35-cm-90-%c2%b5\/#breadcrumb\"},\"inLanguage\":\"de\",\"potentialAction\":[{\"@type\":\"ReadAction\",\"target\":[\"https:\/\/www.csj-emballages.com\/de\/produit\/100-vakuumbeutel-zum-kochen-120c-25-x-35-cm-90-%c2%b5\/\"]}]},{\"@type\":\"ImageObject\",\"inLanguage\":\"de\",\"@id\":\"https:\/\/www.csj-emballages.com\/de\/produit\/100-vakuumbeutel-zum-kochen-120c-25-x-35-cm-90-%c2%b5\/#primaryimage\",\"url\":\"https:\/\/www.csj-emballages.com\/wp-content\/uploads\/2024\/03\/Sacs-sous-vide-de-cuisson.jpeg\",\"contentUrl\":\"https:\/\/www.csj-emballages.com\/wp-content\/uploads\/2024\/03\/Sacs-sous-vide-de-cuisson.jpeg\",\"width\":800,\"height\":800,\"caption\":\"Sac sous vide de cuisson\"},{\"@type\":\"BreadcrumbList\",\"@id\":\"https:\/\/www.csj-emballages.com\/de\/produit\/100-vakuumbeutel-zum-kochen-120c-25-x-35-cm-90-%c2%b5\/#breadcrumb\",\"itemListElement\":[{\"@type\":\"ListItem\",\"position\":1,\"name\":\"Accueil\",\"item\":\"https:\/\/www.csj-emballages.com\/de\/universum-lebensmittelverpackungen\/\"},{\"@type\":\"ListItem\",\"position\":2,\"name\":\"Shop\",\"item\":\"https:\/\/www.csj-emballages.com\/shop\/\"},{\"@type\":\"ListItem\",\"position\":3,\"name\":\"Vakuumbeutel zum Kochen 120\u00b0C 25 x 35 cm 90 \u00b5 pro 100\"}]},{\"@type\":\"WebSite\",\"@id\":\"https:\/\/www.csj-emballages.com\/de\/#website\",\"url\":\"https:\/\/www.csj-emballages.com\/de\/\",\"name\":\"CSJ Emballages\",\"description\":\"\",\"publisher\":{\"@id\":\"https:\/\/www.csj-emballages.com\/de\/#organization\"},\"potentialAction\":[{\"@type\":\"SearchAction\",\"target\":{\"@type\":\"EntryPoint\",\"urlTemplate\":\"https:\/\/www.csj-emballages.com\/de\/?s={search_term_string}\"},\"query-input\":{\"@type\":\"PropertyValueSpecification\",\"valueRequired\":true,\"valueName\":\"search_term_string\"}}],\"inLanguage\":\"de\"},{\"@type\":\"Organization\",\"@id\":\"https:\/\/www.csj-emballages.com\/de\/#Organization\/\",\"name\":\"CSJ Emballages\",\"url\":\"https:\/\/www.csj-emballages.com\/de\/\",\"logo\":{\"@type\":\"ImageObject\",\"inLanguage\":\"de\",\"@id\":\"https:\/\/www.csj-emballages.com\/de\/#\/schema\/logo\/image\/\",\"url\":\"https:\/\/www.csj-emballages.com\/wp-content\/uploads\/2023\/10\/logo_csj.webp\",\"contentUrl\":\"https:\/\/www.csj-emballages.com\/wp-content\/uploads\/2023\/10\/logo_csj.webp\",\"width\":250,\"height\":95,\"caption\":\"CSJ Emballages\"},\"image\":{\"@id\":\"https:\/\/www.csj-emballages.com\/de\/#\/schema\/logo\/image\/\"},\"sameAs\":[\"https:\/\/www.facebook.com\/csjemballages\"],\"address\":{\"@type\":\"PostalAddress\",\"streetAddress\":\"ZI La Lechere\",\"addressLocality\":\"Patornay\",\"postalCode\":\"39130\",\"addressCountry\":\"FR\"},\"contactPoint\":[{\"@type\":\"ContactPoint\",\"contactType\":\"Service client\",\"telephone\":\"0384254272\",\"email\":\"contact@csj-emballages.com\"}]}]}<\/script>\n<!-- \/ Yoast SEO Premium plugin. -->","yoast_head_json":{"title":"Vakuumbeutel zum Kochen 120\u00b0C 25 x 35 cm 90 \u00b5 pro 100","description":"Vakuumbeutel 25 x 35 cm Kochen 120\u00b0C, 90 \u00b5. Ideal zum Aufbewahren, Einfrieren und Kochen im Vakuum. Sparpack mit 100 St\u00fcck.","robots":{"index":"index","follow":"follow","max-snippet":"max-snippet:-1","max-image-preview":"max-image-preview:large","max-video-preview":"max-video-preview:-1"},"canonical":"https:\/\/www.csj-emballages.com\/de\/produit\/100-vakuumbeutel-zum-kochen-120c-25-x-35-cm-90-%c2%b5\/","og_locale":"de_DE","og_type":"article","og_title":"Vakuumbeutel zum Kochen 120\u00b0C 25 x 35 cm 90 \u00b5 pro 100","og_description":"Vakuumbeutel 25 x 35 cm Kochen 120\u00b0C, 90 \u00b5. Ideal zum Aufbewahren, Einfrieren und Kochen im Vakuum. Sparpack mit 100 St\u00fcck.","og_url":"https:\/\/www.csj-emballages.com\/de\/produit\/100-vakuumbeutel-zum-kochen-120c-25-x-35-cm-90-%c2%b5\/","og_site_name":"CSJ Emballages","article_publisher":"https:\/\/www.facebook.com\/csjemballages","article_modified_time":"2026-04-19T08:00:21+00:00","og_image":[{"width":800,"height":800,"url":"https:\/\/www.csj-emballages.com\/wp-content\/uploads\/2024\/03\/Sacs-sous-vide-de-cuisson.jpeg","type":"image\/jpeg"}],"twitter_card":"summary_large_image","twitter_misc":{"Gesch\u00e4tzte Lesezeit":"1\u00a0Minute"},"schema":{"@context":"https:\/\/schema.org","@graph":[{"@type":"WebPage","@id":"https:\/\/www.csj-emballages.com\/de\/produit\/100-vakuumbeutel-zum-kochen-120c-25-x-35-cm-90-%c2%b5\/","url":"https:\/\/www.csj-emballages.com\/de\/produit\/100-vakuumbeutel-zum-kochen-120c-25-x-35-cm-90-%c2%b5\/","name":"Vakuumbeutel zum Kochen 120\u00b0C 25 x 35 cm 90 \u00b5 pro 100","isPartOf":{"@id":"https:\/\/www.csj-emballages.com\/de\/#website"},"primaryImageOfPage":{"@id":"https:\/\/www.csj-emballages.com\/de\/produit\/100-vakuumbeutel-zum-kochen-120c-25-x-35-cm-90-%c2%b5\/#primaryimage"},"image":{"@id":"https:\/\/www.csj-emballages.com\/de\/produit\/100-vakuumbeutel-zum-kochen-120c-25-x-35-cm-90-%c2%b5\/#primaryimage"},"thumbnailUrl":"https:\/\/www.csj-emballages.com\/wp-content\/uploads\/2024\/03\/Sacs-sous-vide-de-cuisson.jpeg","datePublished":"2025-02-12T10:15:15+00:00","dateModified":"2026-04-19T08:00:21+00:00","description":"Vakuumbeutel 25 x 35 cm Kochen 120\u00b0C, 90 \u00b5. Ideal zum Aufbewahren, Einfrieren und Kochen im Vakuum. Sparpack mit 100 St\u00fcck.","breadcrumb":{"@id":"https:\/\/www.csj-emballages.com\/de\/produit\/100-vakuumbeutel-zum-kochen-120c-25-x-35-cm-90-%c2%b5\/#breadcrumb"},"inLanguage":"de","potentialAction":[{"@type":"ReadAction","target":["https:\/\/www.csj-emballages.com\/de\/produit\/100-vakuumbeutel-zum-kochen-120c-25-x-35-cm-90-%c2%b5\/"]}]},{"@type":"ImageObject","inLanguage":"de","@id":"https:\/\/www.csj-emballages.com\/de\/produit\/100-vakuumbeutel-zum-kochen-120c-25-x-35-cm-90-%c2%b5\/#primaryimage","url":"https:\/\/www.csj-emballages.com\/wp-content\/uploads\/2024\/03\/Sacs-sous-vide-de-cuisson.jpeg","contentUrl":"https:\/\/www.csj-emballages.com\/wp-content\/uploads\/2024\/03\/Sacs-sous-vide-de-cuisson.jpeg","width":800,"height":800,"caption":"Sac sous vide de cuisson"},{"@type":"BreadcrumbList","@id":"https:\/\/www.csj-emballages.com\/de\/produit\/100-vakuumbeutel-zum-kochen-120c-25-x-35-cm-90-%c2%b5\/#breadcrumb","itemListElement":[{"@type":"ListItem","position":1,"name":"Accueil","item":"https:\/\/www.csj-emballages.com\/de\/universum-lebensmittelverpackungen\/"},{"@type":"ListItem","position":2,"name":"Shop","item":"https:\/\/www.csj-emballages.com\/shop\/"},{"@type":"ListItem","position":3,"name":"Vakuumbeutel zum Kochen 120\u00b0C 25 x 35 cm 90 \u00b5 pro 100"}]},{"@type":"WebSite","@id":"https:\/\/www.csj-emballages.com\/de\/#website","url":"https:\/\/www.csj-emballages.com\/de\/","name":"CSJ Emballages","description":"","publisher":{"@id":"https:\/\/www.csj-emballages.com\/de\/#organization"},"potentialAction":[{"@type":"SearchAction","target":{"@type":"EntryPoint","urlTemplate":"https:\/\/www.csj-emballages.com\/de\/?s={search_term_string}"},"query-input":{"@type":"PropertyValueSpecification","valueRequired":true,"valueName":"search_term_string"}}],"inLanguage":"de"},{"@type":"Organization","@id":"https:\/\/www.csj-emballages.com\/de\/#Organization\/","name":"CSJ Emballages","url":"https:\/\/www.csj-emballages.com\/de\/","logo":{"@type":"ImageObject","inLanguage":"de","@id":"https:\/\/www.csj-emballages.com\/de\/#\/schema\/logo\/image\/","url":"https:\/\/www.csj-emballages.com\/wp-content\/uploads\/2023\/10\/logo_csj.webp","contentUrl":"https:\/\/www.csj-emballages.com\/wp-content\/uploads\/2023\/10\/logo_csj.webp","width":250,"height":95,"caption":"CSJ Emballages"},"image":{"@id":"https:\/\/www.csj-emballages.com\/de\/#\/schema\/logo\/image\/"},"sameAs":["https:\/\/www.facebook.com\/csjemballages"],"address":{"@type":"PostalAddress","streetAddress":"ZI La Lechere","addressLocality":"Patornay","postalCode":"39130","addressCountry":"FR"},"contactPoint":[{"@type":"ContactPoint","contactType":"Service client","telephone":"0384254272","email":"contact@csj-emballages.com"}]}]}},"df_price":16.74,"df_sale_price":"","df_regular_price":16.74,"df_image_link":"https:\/\/www.csj-emballages.com\/wp-content\/uploads\/2024\/03\/Sacs-sous-vide-de-cuisson-300x300.jpeg","tiered_pricing_type":"fixed","tiered_pricing_fixed_rules":[],"tiered_pricing_percentage_rules":[],"tiered_pricing_minimum":1,"tiered_pricing_roles_data":[],"_links":{"self":[{"href":"https:\/\/www.csj-emballages.com\/de\/wp-json\/wp\/v2\/product\/224853","targetHints":{"allow":["GET"]}}],"collection":[{"href":"https:\/\/www.csj-emballages.com\/de\/wp-json\/wp\/v2\/product"}],"about":[{"href":"https:\/\/www.csj-emballages.com\/de\/wp-json\/wp\/v2\/types\/product"}],"wp:featuredmedia":[{"embeddable":true,"href":"https:\/\/www.csj-emballages.com\/de\/wp-json\/wp\/v2\/media\/240745"}],"wp:attachment":[{"href":"https:\/\/www.csj-emballages.com\/de\/wp-json\/wp\/v2\/media?parent=224853"}],"wp:term":[{"taxonomy":"product_brand","embeddable":true,"href":"https:\/\/www.csj-emballages.com\/de\/wp-json\/wp\/v2\/product_brand?post=224853"},{"taxonomy":"product_cat","embeddable":true,"href":"https:\/\/www.csj-emballages.com\/de\/wp-json\/wp\/v2\/product_cat?post=224853"},{"taxonomy":"product_tag","embeddable":true,"href":"https:\/\/www.csj-emballages.com\/de\/wp-json\/wp\/v2\/product_tag?post=224853"}],"curies":[{"name":"wp","href":"https:\/\/api.w.org\/{rel}","templated":true}]}}