{"id":22485,"date":"2024-03-01T16:50:36","date_gmt":"2024-03-01T15:50:36","guid":{"rendered":"https:\/\/u15jnbdpoq.preview.infomaniak.website\/produit\/50-essenstabletts-zum-mitnehmen-5-faecher-biologisch-abbaubar-kompostierbar\/"},"modified":"2026-04-29T02:16:25","modified_gmt":"2026-04-29T00:16:25","slug":"50-essenstabletts-zum-mitnehmen-5-faecher-biologisch-abbaubar-kompostierbar","status":"publish","type":"product","link":"https:\/\/www.csj-emballages.com\/de\/produit\/50-essenstabletts-zum-mitnehmen-5-faecher-biologisch-abbaubar-kompostierbar\/","title":{"rendered":"Biologisch abbaubares Essenstablett zum Mitnehmen 5 F\u00e4cher pro 50"},"content":{"rendered":"<h2>Mahlzeitentablett<\/h2>\n<hr>\n<h3>Beschreibung unseres biologisch abbaubaren Essenstabletts zum Mitnehmen 5 F\u00e4cher \u00e0 50<\/h3>\n<p><!--more--><\/p>\n<p>Entdecken Sie unser <strong>biologisch abbaubares Essenstablett zum Mitnehmen mit 5 F\u00e4chern<\/strong>, das sich perfekt f\u00fcr Mahlzeiten zum Mitnehmen und f\u00fcr Gesch\u00e4ftsveranstaltungen eignet. Das aus Bagasse hergestellte Tablett ist umweltfreundlich und nach Gebrauch leicht kompostierbar. Jedes Tablett verf\u00fcgt n\u00e4mlich \u00fcber f\u00fcnf F\u00e4cher, die ideal sind, um die verschiedenen Lebensmittel zu trennen und ihre Frische zu erhalten. Als perfekter \u00dcbergang bieten diese <strong>Tabletts<\/strong> eine praktische und nachhaltige L\u00f6sung f\u00fcr Caterer, Restaurants und Lieferdienste.   <\/p>\n<p>Kompatibel mit den Deckeln <span style=\"color: #d12727;\"><a style=\"color: #d12727;\" href=\"https:\/\/www.csj-emballages.com\/produit\/50-couvercles-biodegradables-pour-plateaux-repas-pl5cbioal\/\">COPL5CBIOAL<\/a><\/span>bieten sie einen optimalen Schutz der Mahlzeiten w\u00e4hrend des Transports. Ebenso erf\u00fcllen diese <strong>biologisch abbaubaren Tabletts<\/strong> alle Ihre Bed\u00fcrfnisse, egal ob Sie eine Veranstaltung im Freien organisieren oder ein Essen ausliefern. Sie sind robust und widerstandsf\u00e4hig und eignen sich hervorragend f\u00fcr hei\u00dfe und kalte Speisen.<\/p>\n<p>Dar\u00fcber hinaus erm\u00f6glicht ihr ergonomisches Design eine einfache und schnelle Handhabung, wodurch die Effizienz des Dienstes verbessert wird. Profitieren Sie von einer verantwortungsvollen Verpackungsl\u00f6sung, die die Reduzierung von Plastikm\u00fcll und den CO2-Fu\u00dfabdruck f\u00f6rdert.<\/p>\n<p>&nbsp;<\/p>\n<p><!--more--><\/p>\n<p>Bieten Sie Ihren Kunden ein umweltfreundliches kulinarisches Erlebnis mit unserem <strong>biologisch abbaubaren Essenstablett<\/strong>.<\/p>\n<p>&nbsp;<\/p>\n<p><!--more--><\/p>\n<p><strong>Seine Vorteile :<\/strong><\/p>\n<ul>\n<li><strong>\u00d6kologische Nachhaltigkeit<\/strong>: Hergestellt aus biologisch abbaubaren Materialien, reduzieren sie die Umweltbelastung im Vergleich zu herk\u00f6mmlichen Kunststoffen.<\/li>\n<li><strong>Optimale Kompatibilit\u00e4t<\/strong>: Speziell entworfen, um perfekt zu den COPL5CBIOAL-Deckeln zu passen.<\/li>\n<li><strong>Vielseitig einsetzbar:<\/strong> Sie eignen sich f\u00fcr eine Vielzahl von Arbeitsumgebungen, da sie an die unterschiedlichen Bed\u00fcrfnisse von Catering, Veranstaltungen und Take-away angepasst sind.<\/li>\n<\/ul>\n<p>&nbsp;<\/p>\n<p><!--more--><\/p>\n<h4>Weitere Informationen :<\/h4>\n<ul>\n<li>Minimale \/ maximale Temperatur -25\u00b0C bis +100\u00b0C<\/li>\n<\/ul>\n<p>&nbsp;<\/p>\n<p><!--more--><\/p>\n<p>Kompatibel mit den Deckeln <span style=\"color: #d12727;\"><br \/>\n  <a style=\"color: #d12727;\" href=\"https:\/\/www.csj-emballages.com\/produit\/50-couvercles-biodegradables-pour-plateaux-repas-pl5cbioal\/\">COPL5CBIOAL<\/a><br \/>\n<\/span><\/p>\n<p>&nbsp;<\/p>\n<p><!--more--><\/p>\n<p><a href=\"https:\/\/www.csj-emballages.com\/de\/categorie-produit\/lebensmittelverpackungen\/bio-sortiment\/bio-tabletts-de\/\">Sehen Sie sich den Rest unseres Sortiments an biologisch abbaubaren Speisetabletts an.<\/a><\/p>\n","protected":false},"excerpt":{"rendered":"<p>Mahlzeitentablett Beschreibung unseres biologisch abbaubaren Essenstabletts zum Mitnehmen 5 F\u00e4cher \u00e0 50<\/p>\n","protected":false},"featured_media":177070,"template":"","meta":{"_acf_changed":false},"product_brand":[],"product_cat":[1137,1170,1344,1345,2414,1134,1347,1349,2415,1146,6739],"product_tag":[],"class_list":{"0":"post-22485","1":"product","2":"type-product","3":"status-publish","4":"has-post-thumbnail","6":"product_cat-lebensmittelverpackungen","7":"product_cat-metzgerei-und-feinkostgeschaft","8":"product_cat-tabletts","9":"product_cat-mahlzeitentabletts","10":"product_cat-biologisch-abbaubare-tabletts-fur-mahlzeiten","11":"product_cat-restauration-de","12":"product_cat-tabletts-de","13":"product_cat-einweg-mahlzeitentabletts","14":"product_cat-biologisch-abbaubare-tabletts-fur-mahlzeiten-de","15":"product_cat-bio-sortiment","16":"product_cat-bio-tabletts-de","18":"first","19":"instock","20":"taxable","21":"shipping-taxable","22":"purchasable","23":"product-type-simple"},"acf":[],"yoast_head":"<!-- This site is optimized with the Yoast SEO Premium plugin v26.6 (Yoast SEO v26.6) - https:\/\/yoast.com\/wordpress\/plugins\/seo\/ -->\n<title>Biologisch abbaubares Essenstablett - 5 F\u00e4cher<\/title>\n<meta name=\"description\" content=\"Entdecken Sie unser biologisch abbaubares Essenstablett zum Mitnehmen mit 5 F\u00e4chern! Wir bieten Ihnen eine Packung mit 50 biologisch abbaubaren und kompostierbaren Tabletts an.\" \/>\n<meta name=\"robots\" content=\"index, follow, max-snippet:-1, max-image-preview:large, max-video-preview:-1\" \/>\n<link rel=\"canonical\" href=\"https:\/\/www.csj-emballages.com\/de\/produit\/50-essenstabletts-zum-mitnehmen-5-faecher-biologisch-abbaubar-kompostierbar\/\" \/>\n<meta property=\"og:locale\" content=\"de_DE\" \/>\n<meta property=\"og:type\" content=\"article\" \/>\n<meta property=\"og:title\" content=\"Biologisch abbaubares Essenstablett zum Mitnehmen 5 F\u00e4cher pro 50\" \/>\n<meta property=\"og:description\" content=\"Entdecken Sie unser biologisch abbaubares Essenstablett zum Mitnehmen mit 5 F\u00e4chern! Wir bieten Ihnen eine Packung mit 50 biologisch abbaubaren und kompostierbaren Tabletts an.\" \/>\n<meta property=\"og:url\" content=\"https:\/\/www.csj-emballages.com\/de\/produit\/50-essenstabletts-zum-mitnehmen-5-faecher-biologisch-abbaubar-kompostierbar\/\" \/>\n<meta property=\"og:site_name\" content=\"CSJ Emballages\" \/>\n<meta property=\"article:publisher\" content=\"https:\/\/www.facebook.com\/csjemballages\" \/>\n<meta property=\"article:modified_time\" content=\"2026-04-29T00:16:25+00:00\" \/>\n<meta property=\"og:image\" content=\"https:\/\/www.csj-emballages.com\/wp-content\/uploads\/2024\/03\/carton-de-200-plateaux-repas-5-compartiments-fibre-vegetale-biodegradables-Photoroom-png.webp\" \/>\n\t<meta property=\"og:image:width\" content=\"800\" \/>\n\t<meta property=\"og:image:height\" content=\"800\" \/>\n\t<meta property=\"og:image:type\" content=\"image\/png\" \/>\n<meta name=\"twitter:card\" content=\"summary_large_image\" \/>\n<meta name=\"twitter:label1\" content=\"Gesch\u00e4tzte Lesezeit\" \/>\n\t<meta name=\"twitter:data1\" content=\"1\u00a0Minute\" \/>\n<script type=\"application\/ld+json\" class=\"yoast-schema-graph\">{\"@context\":\"https:\/\/schema.org\",\"@graph\":[{\"@type\":\"WebPage\",\"@id\":\"https:\/\/www.csj-emballages.com\/de\/produit\/50-essenstabletts-zum-mitnehmen-5-faecher-biologisch-abbaubar-kompostierbar\/\",\"url\":\"https:\/\/www.csj-emballages.com\/de\/produit\/50-essenstabletts-zum-mitnehmen-5-faecher-biologisch-abbaubar-kompostierbar\/\",\"name\":\"Biologisch abbaubares Essenstablett - 5 F\u00e4cher\",\"isPartOf\":{\"@id\":\"https:\/\/www.csj-emballages.com\/de\/#website\"},\"primaryImageOfPage\":{\"@id\":\"https:\/\/www.csj-emballages.com\/de\/produit\/50-essenstabletts-zum-mitnehmen-5-faecher-biologisch-abbaubar-kompostierbar\/#primaryimage\"},\"image\":{\"@id\":\"https:\/\/www.csj-emballages.com\/de\/produit\/50-essenstabletts-zum-mitnehmen-5-faecher-biologisch-abbaubar-kompostierbar\/#primaryimage\"},\"thumbnailUrl\":\"https:\/\/www.csj-emballages.com\/wp-content\/uploads\/2024\/03\/carton-de-200-plateaux-repas-5-compartiments-fibre-vegetale-biodegradables-Photoroom-png.webp\",\"datePublished\":\"2024-03-01T15:50:36+00:00\",\"dateModified\":\"2026-04-29T00:16:25+00:00\",\"description\":\"Entdecken Sie unser biologisch abbaubares Essenstablett zum Mitnehmen mit 5 F\u00e4chern! Wir bieten Ihnen eine Packung mit 50 biologisch abbaubaren und kompostierbaren Tabletts an.\",\"breadcrumb\":{\"@id\":\"https:\/\/www.csj-emballages.com\/de\/produit\/50-essenstabletts-zum-mitnehmen-5-faecher-biologisch-abbaubar-kompostierbar\/#breadcrumb\"},\"inLanguage\":\"de\",\"potentialAction\":[{\"@type\":\"ReadAction\",\"target\":[\"https:\/\/www.csj-emballages.com\/de\/produit\/50-essenstabletts-zum-mitnehmen-5-faecher-biologisch-abbaubar-kompostierbar\/\"]}]},{\"@type\":\"ImageObject\",\"inLanguage\":\"de\",\"@id\":\"https:\/\/www.csj-emballages.com\/de\/produit\/50-essenstabletts-zum-mitnehmen-5-faecher-biologisch-abbaubar-kompostierbar\/#primaryimage\",\"url\":\"https:\/\/www.csj-emballages.com\/wp-content\/uploads\/2024\/03\/carton-de-200-plateaux-repas-5-compartiments-fibre-vegetale-biodegradables-Photoroom-png.webp\",\"contentUrl\":\"https:\/\/www.csj-emballages.com\/wp-content\/uploads\/2024\/03\/carton-de-200-plateaux-repas-5-compartiments-fibre-vegetale-biodegradables-Photoroom-png.webp\",\"width\":800,\"height\":800,\"caption\":\"plateau repas\"},{\"@type\":\"BreadcrumbList\",\"@id\":\"https:\/\/www.csj-emballages.com\/de\/produit\/50-essenstabletts-zum-mitnehmen-5-faecher-biologisch-abbaubar-kompostierbar\/#breadcrumb\",\"itemListElement\":[{\"@type\":\"ListItem\",\"position\":1,\"name\":\"Accueil\",\"item\":\"https:\/\/www.csj-emballages.com\/de\/universum-lebensmittelverpackungen\/\"},{\"@type\":\"ListItem\",\"position\":2,\"name\":\"Shop\",\"item\":\"https:\/\/www.csj-emballages.com\/shop\/\"},{\"@type\":\"ListItem\",\"position\":3,\"name\":\"Biologisch abbaubares Essenstablett zum Mitnehmen 5 F\u00e4cher pro 50\"}]},{\"@type\":\"WebSite\",\"@id\":\"https:\/\/www.csj-emballages.com\/de\/#website\",\"url\":\"https:\/\/www.csj-emballages.com\/de\/\",\"name\":\"CSJ Emballages\",\"description\":\"\",\"publisher\":{\"@id\":\"https:\/\/www.csj-emballages.com\/de\/#organization\"},\"potentialAction\":[{\"@type\":\"SearchAction\",\"target\":{\"@type\":\"EntryPoint\",\"urlTemplate\":\"https:\/\/www.csj-emballages.com\/de\/?s={search_term_string}\"},\"query-input\":{\"@type\":\"PropertyValueSpecification\",\"valueRequired\":true,\"valueName\":\"search_term_string\"}}],\"inLanguage\":\"de\"},{\"@type\":\"Organization\",\"@id\":\"https:\/\/www.csj-emballages.com\/de\/#Organization\/\",\"name\":\"CSJ Emballages\",\"url\":\"https:\/\/www.csj-emballages.com\/de\/\",\"logo\":{\"@type\":\"ImageObject\",\"inLanguage\":\"de\",\"@id\":\"https:\/\/www.csj-emballages.com\/de\/#\/schema\/logo\/image\/\",\"url\":\"https:\/\/www.csj-emballages.com\/wp-content\/uploads\/2023\/10\/logo_csj.webp\",\"contentUrl\":\"https:\/\/www.csj-emballages.com\/wp-content\/uploads\/2023\/10\/logo_csj.webp\",\"width\":250,\"height\":95,\"caption\":\"CSJ Emballages\"},\"image\":{\"@id\":\"https:\/\/www.csj-emballages.com\/de\/#\/schema\/logo\/image\/\"},\"sameAs\":[\"https:\/\/www.facebook.com\/csjemballages\"],\"address\":{\"@type\":\"PostalAddress\",\"streetAddress\":\"ZI La Lechere\",\"addressLocality\":\"Patornay\",\"postalCode\":\"39130\",\"addressCountry\":\"FR\"},\"contactPoint\":[{\"@type\":\"ContactPoint\",\"contactType\":\"Service client\",\"telephone\":\"0384254272\",\"email\":\"contact@csj-emballages.com\"}]}]}<\/script>\n<!-- \/ Yoast SEO Premium plugin. -->","yoast_head_json":{"title":"Biologisch abbaubares Essenstablett - 5 F\u00e4cher","description":"Entdecken Sie unser biologisch abbaubares Essenstablett zum Mitnehmen mit 5 F\u00e4chern! Wir bieten Ihnen eine Packung mit 50 biologisch abbaubaren und kompostierbaren Tabletts an.","robots":{"index":"index","follow":"follow","max-snippet":"max-snippet:-1","max-image-preview":"max-image-preview:large","max-video-preview":"max-video-preview:-1"},"canonical":"https:\/\/www.csj-emballages.com\/de\/produit\/50-essenstabletts-zum-mitnehmen-5-faecher-biologisch-abbaubar-kompostierbar\/","og_locale":"de_DE","og_type":"article","og_title":"Biologisch abbaubares Essenstablett zum Mitnehmen 5 F\u00e4cher pro 50","og_description":"Entdecken Sie unser biologisch abbaubares Essenstablett zum Mitnehmen mit 5 F\u00e4chern! Wir bieten Ihnen eine Packung mit 50 biologisch abbaubaren und kompostierbaren Tabletts an.","og_url":"https:\/\/www.csj-emballages.com\/de\/produit\/50-essenstabletts-zum-mitnehmen-5-faecher-biologisch-abbaubar-kompostierbar\/","og_site_name":"CSJ Emballages","article_publisher":"https:\/\/www.facebook.com\/csjemballages","article_modified_time":"2026-04-29T00:16:25+00:00","og_image":[{"width":800,"height":800,"url":"https:\/\/www.csj-emballages.com\/wp-content\/uploads\/2024\/03\/carton-de-200-plateaux-repas-5-compartiments-fibre-vegetale-biodegradables-Photoroom-png.webp","type":"image\/png"}],"twitter_card":"summary_large_image","twitter_misc":{"Gesch\u00e4tzte Lesezeit":"1\u00a0Minute"},"schema":{"@context":"https:\/\/schema.org","@graph":[{"@type":"WebPage","@id":"https:\/\/www.csj-emballages.com\/de\/produit\/50-essenstabletts-zum-mitnehmen-5-faecher-biologisch-abbaubar-kompostierbar\/","url":"https:\/\/www.csj-emballages.com\/de\/produit\/50-essenstabletts-zum-mitnehmen-5-faecher-biologisch-abbaubar-kompostierbar\/","name":"Biologisch abbaubares Essenstablett - 5 F\u00e4cher","isPartOf":{"@id":"https:\/\/www.csj-emballages.com\/de\/#website"},"primaryImageOfPage":{"@id":"https:\/\/www.csj-emballages.com\/de\/produit\/50-essenstabletts-zum-mitnehmen-5-faecher-biologisch-abbaubar-kompostierbar\/#primaryimage"},"image":{"@id":"https:\/\/www.csj-emballages.com\/de\/produit\/50-essenstabletts-zum-mitnehmen-5-faecher-biologisch-abbaubar-kompostierbar\/#primaryimage"},"thumbnailUrl":"https:\/\/www.csj-emballages.com\/wp-content\/uploads\/2024\/03\/carton-de-200-plateaux-repas-5-compartiments-fibre-vegetale-biodegradables-Photoroom-png.webp","datePublished":"2024-03-01T15:50:36+00:00","dateModified":"2026-04-29T00:16:25+00:00","description":"Entdecken Sie unser biologisch abbaubares Essenstablett zum Mitnehmen mit 5 F\u00e4chern! Wir bieten Ihnen eine Packung mit 50 biologisch abbaubaren und kompostierbaren Tabletts an.","breadcrumb":{"@id":"https:\/\/www.csj-emballages.com\/de\/produit\/50-essenstabletts-zum-mitnehmen-5-faecher-biologisch-abbaubar-kompostierbar\/#breadcrumb"},"inLanguage":"de","potentialAction":[{"@type":"ReadAction","target":["https:\/\/www.csj-emballages.com\/de\/produit\/50-essenstabletts-zum-mitnehmen-5-faecher-biologisch-abbaubar-kompostierbar\/"]}]},{"@type":"ImageObject","inLanguage":"de","@id":"https:\/\/www.csj-emballages.com\/de\/produit\/50-essenstabletts-zum-mitnehmen-5-faecher-biologisch-abbaubar-kompostierbar\/#primaryimage","url":"https:\/\/www.csj-emballages.com\/wp-content\/uploads\/2024\/03\/carton-de-200-plateaux-repas-5-compartiments-fibre-vegetale-biodegradables-Photoroom-png.webp","contentUrl":"https:\/\/www.csj-emballages.com\/wp-content\/uploads\/2024\/03\/carton-de-200-plateaux-repas-5-compartiments-fibre-vegetale-biodegradables-Photoroom-png.webp","width":800,"height":800,"caption":"plateau repas"},{"@type":"BreadcrumbList","@id":"https:\/\/www.csj-emballages.com\/de\/produit\/50-essenstabletts-zum-mitnehmen-5-faecher-biologisch-abbaubar-kompostierbar\/#breadcrumb","itemListElement":[{"@type":"ListItem","position":1,"name":"Accueil","item":"https:\/\/www.csj-emballages.com\/de\/universum-lebensmittelverpackungen\/"},{"@type":"ListItem","position":2,"name":"Shop","item":"https:\/\/www.csj-emballages.com\/shop\/"},{"@type":"ListItem","position":3,"name":"Biologisch abbaubares Essenstablett zum Mitnehmen 5 F\u00e4cher pro 50"}]},{"@type":"WebSite","@id":"https:\/\/www.csj-emballages.com\/de\/#website","url":"https:\/\/www.csj-emballages.com\/de\/","name":"CSJ Emballages","description":"","publisher":{"@id":"https:\/\/www.csj-emballages.com\/de\/#organization"},"potentialAction":[{"@type":"SearchAction","target":{"@type":"EntryPoint","urlTemplate":"https:\/\/www.csj-emballages.com\/de\/?s={search_term_string}"},"query-input":{"@type":"PropertyValueSpecification","valueRequired":true,"valueName":"search_term_string"}}],"inLanguage":"de"},{"@type":"Organization","@id":"https:\/\/www.csj-emballages.com\/de\/#Organization\/","name":"CSJ Emballages","url":"https:\/\/www.csj-emballages.com\/de\/","logo":{"@type":"ImageObject","inLanguage":"de","@id":"https:\/\/www.csj-emballages.com\/de\/#\/schema\/logo\/image\/","url":"https:\/\/www.csj-emballages.com\/wp-content\/uploads\/2023\/10\/logo_csj.webp","contentUrl":"https:\/\/www.csj-emballages.com\/wp-content\/uploads\/2023\/10\/logo_csj.webp","width":250,"height":95,"caption":"CSJ Emballages"},"image":{"@id":"https:\/\/www.csj-emballages.com\/de\/#\/schema\/logo\/image\/"},"sameAs":["https:\/\/www.facebook.com\/csjemballages"],"address":{"@type":"PostalAddress","streetAddress":"ZI La Lechere","addressLocality":"Patornay","postalCode":"39130","addressCountry":"FR"},"contactPoint":[{"@type":"ContactPoint","contactType":"Service client","telephone":"0384254272","email":"contact@csj-emballages.com"}]}]}},"df_price":18.94,"df_sale_price":"","df_regular_price":18.94,"df_image_link":"https:\/\/www.csj-emballages.com\/wp-content\/uploads\/2024\/03\/carton-de-200-plateaux-repas-5-compartiments-fibre-vegetale-biodegradables-Photoroom-300x300.webp","tiered_pricing_type":"fixed","tiered_pricing_fixed_rules":[],"tiered_pricing_percentage_rules":[],"tiered_pricing_minimum":1,"tiered_pricing_roles_data":[],"_links":{"self":[{"href":"https:\/\/www.csj-emballages.com\/de\/wp-json\/wp\/v2\/product\/22485","targetHints":{"allow":["GET"]}}],"collection":[{"href":"https:\/\/www.csj-emballages.com\/de\/wp-json\/wp\/v2\/product"}],"about":[{"href":"https:\/\/www.csj-emballages.com\/de\/wp-json\/wp\/v2\/types\/product"}],"wp:featuredmedia":[{"embeddable":true,"href":"https:\/\/www.csj-emballages.com\/de\/wp-json\/wp\/v2\/media\/177070"}],"wp:attachment":[{"href":"https:\/\/www.csj-emballages.com\/de\/wp-json\/wp\/v2\/media?parent=22485"}],"wp:term":[{"taxonomy":"product_brand","embeddable":true,"href":"https:\/\/www.csj-emballages.com\/de\/wp-json\/wp\/v2\/product_brand?post=22485"},{"taxonomy":"product_cat","embeddable":true,"href":"https:\/\/www.csj-emballages.com\/de\/wp-json\/wp\/v2\/product_cat?post=22485"},{"taxonomy":"product_tag","embeddable":true,"href":"https:\/\/www.csj-emballages.com\/de\/wp-json\/wp\/v2\/product_tag?post=22485"}],"curies":[{"name":"wp","href":"https:\/\/api.w.org\/{rel}","templated":true}]}}