{"id":22484,"date":"2024-03-01T16:50:38","date_gmt":"2024-03-01T15:50:38","guid":{"rendered":"https:\/\/u15jnbdpoq.preview.infomaniak.website\/produit\/50-mahlzeitentabletts-zum-mitnehmen-4-festliche-faecher\/"},"modified":"2026-03-12T16:32:52","modified_gmt":"2026-03-12T15:32:52","slug":"50-mahlzeitentabletts-zum-mitnehmen-4-festliche-faecher","status":"publish","type":"product","link":"https:\/\/www.csj-emballages.com\/de\/produit\/50-mahlzeitentabletts-zum-mitnehmen-4-festliche-faecher\/","title":{"rendered":"Mahlzeitentablett zum Mitnehmen 4 F\u00e4cher festlich pro 50"},"content":{"rendered":"<h2>Mahlzeitentablett<\/h2>\n<div style=\"box-sizing: inherit; font-family: Roboto, sans-serif;\">\n<div style=\"box-sizing: inherit; font-family: Roboto, sans-serif;\">\n<div style=\"box-sizing: inherit; font-family: Roboto, sans-serif;\">\n<div style=\"box-sizing: inherit; font-family: Roboto, sans-serif;\">\n<div style=\"box-sizing: inherit; font-family: Roboto, sans-serif;\">\n<div style=\"box-sizing: inherit; font-family: Roboto, sans-serif;\">\n<hr>\n<h3>Beschreibung unseres Tabletts f\u00fcr Mahlzeiten zum Mitnehmen 4 F\u00e4cher festlich pro 50<\/h3>\n<p><!--more--><\/p>\n<p data-start=\"236\" data-end=\"588\">Entscheiden Sie sich f\u00fcr das <strong data-start=\"250\" data-end=\"308\">festliche Tablett zum Mitnehmen mit 4 F\u00e4chern von 50<\/strong>: eine praktische und elegante L\u00f6sung, die perfekt auf die Bed\u00fcrfnisse von <strong data-start=\"393\" data-end=\"421\">Caterern, Restaurantbesitzern<\/strong> und <strong data-start=\"436\" data-end=\"453\">Gemeinschaften<\/strong> zugeschnitten ist. Dieses Tablett wurde speziell f\u00fcr die Anforderungen von Mahlzeiten zum Mitnehmen entwickelt und vereint <strong data-start=\"530\" data-end=\"542\">Stabilit\u00e4t<\/strong>, <strong data-start=\"544\" data-end=\"557\">Ergonomie<\/strong> und eine <strong data-start=\"561\" data-end=\"585\">gepflegte Pr\u00e4sentation<\/strong>. Dank seiner <strong data-start=\"602\" data-end=\"631\">4 verschiedenen F\u00e4cher<\/strong> k\u00f6nnen Sie die verschiedenen Zubereitungen leicht voneinander trennen: Vorspeise, Hauptgericht, Beilage und Dessert, ohne dass sich die Geschm\u00e4cker vermischen oder etwas ausl\u00e4uft. Er ist ideal f\u00fcr ausgewogene und abwechslungsreiche Mahlzeiten und sorgt auch nach dem Transport f\u00fcr eine saubere und professionelle Pr\u00e4sentation.   <\/p>\n<p data-start=\"935\" data-end=\"1261\">Das <strong>Tablett<\/strong> ist aus hochwertigem, widerstandsf\u00e4higem Material gefertigt und <strong data-start=\"1007\" data-end=\"1027\">h\u00e4lt<\/strong> sowohl hei\u00dfen als auch kalten Speisen stand.<\/p>\n<p data-start=\"1263\" data-end=\"1571\"><strong data-start=\"1275\" data-end=\"1292\">In Packungen zu 50 St\u00fcck<\/strong> verpackt, stellt es eine kosteng\u00fcnstige L\u00f6sung dar, die auch f\u00fcr gro\u00dfe Mengen geeignet ist. Au\u00dferdem wird dieses Format besonders von Gesch\u00e4ftsleuten gesch\u00e4tzt, die sowohl <strong data-start=\"1456\" data-end=\"1473\">Zeit sparen<\/strong> als auch <strong data-start=\"1477\" data-end=\"1502\">logistisch effizient<\/strong> sein wollen und gleichzeitig ein qualitatives Image bei ihren Kunden wahren m\u00f6chten. <\/p>\n<p data-start=\"1573\" data-end=\"1888\">Das praktische, robuste und \u00e4sthetische <strong>Tablett mit 4 F\u00e4chern<\/strong> ist der unumg\u00e4ngliche Verb\u00fcndete f\u00fcr alle Ihre Zubereitungen zum Mitnehmen. Denn ob f\u00fcr den t\u00e4glichen Service oder f\u00fcr ein au\u00dfergew\u00f6hnliches Ereignis, es erf\u00fcllt alle Erwartungen hinsichtlich der Praktikabilit\u00e4t und der Pr\u00e4sentation der Speisen. <\/p>\n<p data-start=\"1573\" data-end=\"1888\">\n<\/div>\n<\/div>\n<\/div>\n<\/div>\n<\/div>\n<\/div>\n<p><!--more--><\/p>\n<h4>Vorteile :<\/h4>\n<ul>\n<li><strong data-start=\"1915\" data-end=\"1934\">4 F\u00e4cher<\/strong>: perfekte Trennung der Gerichte<\/li>\n<li><strong data-start=\"1972\" data-end=\"1994\">Sicherer Transport<\/strong>: Vermeidet Auslaufen und Vermischen.<\/li>\n<li><strong data-start=\"2027\" data-end=\"2044\">Festliches Design<\/strong>: elegante und moderne Aufmachung.<\/li>\n<li><strong data-start=\"2085\" data-end=\"2099\">Vielseitig<\/strong>: f\u00fcr warme und kalte Speisen geeignet.<\/li>\n<li><strong data-start=\"2141\" data-end=\"2162\">Sparformat<\/strong>: verpackt zu 50 St\u00fcck.<\/li>\n<\/ul>\n<p>&nbsp;<\/p>\n<p><!--more--><\/p>\n<h4>Weitere Informationen :<\/h4>\n<ul>\n<li><strong>Verpackung<\/strong>: Packung mit 50 St\u00fcck<\/li>\n<li><strong>Ma\u00dfe<\/strong>: 320 x 235 x 25 mm<\/li>\n<li><strong>Material<\/strong>: Polystyrol<\/li>\n<li><strong>Farbe<\/strong>: Wei\u00df<\/li>\n<li><strong>Nutzungstemperatur <\/strong>: Minimum \/ Maximum -5\u00b0C bis + 80\u00b0C<\/li>\n<\/ul>\n<p>&nbsp;<\/p>\n<p><!--more--><\/p>\n<p>Hier finden Sie unsere verschiedenen festlichen Tabletts mit unterschiedlichen F\u00e4chern: <span style=\"color: #d12727;\"><a style=\"color: #d12727;\" href=\"https:\/\/www.csj-emballages.com\/de\/produit\/50-mahlzeitentabletts-zum-mitnehmen-5-festliche-faecher\/\">5 F\u00e4cher<\/a> <span style=\"color: #000000;\">\/<\/span> <a style=\"color: #d12727;\" href=\"https:\/\/www.csj-emballages.com\/de\/produit\/25-mahlzeitentabletts-zum-mitnehmen-6-festliche-facher\/\">6 F\u00e4cher<\/a><\/span><\/p>\n<p>&nbsp;<\/p>\n<p><!--more--><\/p>\n<p><a href=\"https:\/\/www.csj-emballages.com\/de\/categorie-produit\/lebensmittelverpackungen\/metzgerei-und-feinkostgeschaft\/tabletts\/mahlzeitentabletts\/plastiktabletts-fur-mahlzeiten\/\">Sehen Sie sich hier den Rest unseres Sortiments an Essenstabletts an<\/a><\/p>\n","protected":false},"excerpt":{"rendered":"<p>Mahlzeitentablett Beschreibung unseres Tabletts f\u00fcr Mahlzeiten zum Mitnehmen 4 F\u00e4cher festlich pro 50<\/p>\n","protected":false},"featured_media":240973,"template":"","meta":{"_acf_changed":false},"product_brand":[],"product_cat":[1137,1170,1344,1345,1346,6713,1134,1347,1349,1350],"product_tag":[],"class_list":{"0":"post-22484","1":"product","2":"type-product","3":"status-publish","4":"has-post-thumbnail","6":"product_cat-lebensmittelverpackungen","7":"product_cat-metzgerei-und-feinkostgeschaft","8":"product_cat-tabletts","9":"product_cat-mahlzeitentabletts","10":"product_cat-plastiktabletts-fur-mahlzeiten","11":"product_cat-festliche-tabletts","12":"product_cat-restauration-de","13":"product_cat-tabletts-de","14":"product_cat-einweg-mahlzeitentabletts","15":"product_cat-plastiktabletts-fur-mahlzeiten-de","17":"first","18":"instock","19":"taxable","20":"shipping-taxable","21":"purchasable","22":"product-type-simple"},"acf":[],"yoast_head":"<!-- This site is optimized with the Yoast SEO Premium plugin v26.6 (Yoast SEO v26.6) - https:\/\/yoast.com\/wordpress\/plugins\/seo\/ -->\n<title>Mahlzeitentablett zum Mitnehmen 4 F\u00e4cher Festlich pro 50<\/title>\n<meta name=\"description\" content=\"Festliches Essenstablett mit 4 F\u00e4chern pro 50: praktisch, robust und elegant. Ideal f\u00fcr Caterer und Gastronomen, perfekt f\u00fcr Gerichte zum Mitnehmen.\" \/>\n<meta name=\"robots\" content=\"index, follow, max-snippet:-1, max-image-preview:large, max-video-preview:-1\" \/>\n<link rel=\"canonical\" href=\"https:\/\/www.csj-emballages.com\/de\/produit\/50-mahlzeitentabletts-zum-mitnehmen-4-festliche-faecher\/\" \/>\n<meta property=\"og:locale\" content=\"de_DE\" \/>\n<meta property=\"og:type\" content=\"article\" \/>\n<meta property=\"og:title\" content=\"Mahlzeitentablett zum Mitnehmen 4 F\u00e4cher festlich pro 50\" \/>\n<meta property=\"og:description\" content=\"Festliches Essenstablett mit 4 F\u00e4chern pro 50: praktisch, robust und elegant. Ideal f\u00fcr Caterer und Gastronomen, perfekt f\u00fcr Gerichte zum Mitnehmen.\" \/>\n<meta property=\"og:url\" content=\"https:\/\/www.csj-emballages.com\/de\/produit\/50-mahlzeitentabletts-zum-mitnehmen-4-festliche-faecher\/\" \/>\n<meta property=\"og:site_name\" content=\"CSJ Emballages\" \/>\n<meta property=\"article:publisher\" content=\"https:\/\/www.facebook.com\/csjemballages\" \/>\n<meta property=\"article:modified_time\" content=\"2026-03-12T15:32:52+00:00\" \/>\n<meta property=\"og:image\" content=\"https:\/\/www.csj-emballages.com\/wp-content\/uploads\/2024\/03\/PL4CFESTIF.webp\" \/>\n\t<meta property=\"og:image:width\" content=\"800\" \/>\n\t<meta property=\"og:image:height\" content=\"800\" \/>\n\t<meta property=\"og:image:type\" content=\"image\/webp\" \/>\n<meta name=\"twitter:card\" content=\"summary_large_image\" \/>\n<meta name=\"twitter:label1\" content=\"Gesch\u00e4tzte Lesezeit\" \/>\n\t<meta name=\"twitter:data1\" content=\"2 Minuten\" \/>\n<script type=\"application\/ld+json\" class=\"yoast-schema-graph\">{\"@context\":\"https:\/\/schema.org\",\"@graph\":[{\"@type\":\"WebPage\",\"@id\":\"https:\/\/www.csj-emballages.com\/de\/produit\/50-mahlzeitentabletts-zum-mitnehmen-4-festliche-faecher\/\",\"url\":\"https:\/\/www.csj-emballages.com\/de\/produit\/50-mahlzeitentabletts-zum-mitnehmen-4-festliche-faecher\/\",\"name\":\"Mahlzeitentablett zum Mitnehmen 4 F\u00e4cher Festlich pro 50\",\"isPartOf\":{\"@id\":\"https:\/\/www.csj-emballages.com\/de\/#website\"},\"primaryImageOfPage\":{\"@id\":\"https:\/\/www.csj-emballages.com\/de\/produit\/50-mahlzeitentabletts-zum-mitnehmen-4-festliche-faecher\/#primaryimage\"},\"image\":{\"@id\":\"https:\/\/www.csj-emballages.com\/de\/produit\/50-mahlzeitentabletts-zum-mitnehmen-4-festliche-faecher\/#primaryimage\"},\"thumbnailUrl\":\"https:\/\/www.csj-emballages.com\/wp-content\/uploads\/2024\/03\/PL4CFESTIF.webp\",\"datePublished\":\"2024-03-01T15:50:38+00:00\",\"dateModified\":\"2026-03-12T15:32:52+00:00\",\"description\":\"Festliches Essenstablett mit 4 F\u00e4chern pro 50: praktisch, robust und elegant. Ideal f\u00fcr Caterer und Gastronomen, perfekt f\u00fcr Gerichte zum Mitnehmen.\",\"breadcrumb\":{\"@id\":\"https:\/\/www.csj-emballages.com\/de\/produit\/50-mahlzeitentabletts-zum-mitnehmen-4-festliche-faecher\/#breadcrumb\"},\"inLanguage\":\"de\",\"potentialAction\":[{\"@type\":\"ReadAction\",\"target\":[\"https:\/\/www.csj-emballages.com\/de\/produit\/50-mahlzeitentabletts-zum-mitnehmen-4-festliche-faecher\/\"]}]},{\"@type\":\"ImageObject\",\"inLanguage\":\"de\",\"@id\":\"https:\/\/www.csj-emballages.com\/de\/produit\/50-mahlzeitentabletts-zum-mitnehmen-4-festliche-faecher\/#primaryimage\",\"url\":\"https:\/\/www.csj-emballages.com\/wp-content\/uploads\/2024\/03\/PL4CFESTIF.webp\",\"contentUrl\":\"https:\/\/www.csj-emballages.com\/wp-content\/uploads\/2024\/03\/PL4CFESTIF.webp\",\"width\":800,\"height\":800,\"caption\":\"Plateau repas\"},{\"@type\":\"BreadcrumbList\",\"@id\":\"https:\/\/www.csj-emballages.com\/de\/produit\/50-mahlzeitentabletts-zum-mitnehmen-4-festliche-faecher\/#breadcrumb\",\"itemListElement\":[{\"@type\":\"ListItem\",\"position\":1,\"name\":\"Accueil\",\"item\":\"https:\/\/www.csj-emballages.com\/de\/universum-lebensmittelverpackungen\/\"},{\"@type\":\"ListItem\",\"position\":2,\"name\":\"Shop\",\"item\":\"https:\/\/www.csj-emballages.com\/shop\/\"},{\"@type\":\"ListItem\",\"position\":3,\"name\":\"Mahlzeitentablett zum Mitnehmen 4 F\u00e4cher festlich pro 50\"}]},{\"@type\":\"WebSite\",\"@id\":\"https:\/\/www.csj-emballages.com\/de\/#website\",\"url\":\"https:\/\/www.csj-emballages.com\/de\/\",\"name\":\"CSJ Emballages\",\"description\":\"\",\"publisher\":{\"@id\":\"https:\/\/www.csj-emballages.com\/de\/#organization\"},\"potentialAction\":[{\"@type\":\"SearchAction\",\"target\":{\"@type\":\"EntryPoint\",\"urlTemplate\":\"https:\/\/www.csj-emballages.com\/de\/?s={search_term_string}\"},\"query-input\":{\"@type\":\"PropertyValueSpecification\",\"valueRequired\":true,\"valueName\":\"search_term_string\"}}],\"inLanguage\":\"de\"},{\"@type\":\"Organization\",\"@id\":\"https:\/\/www.csj-emballages.com\/de\/#Organization\/\",\"name\":\"CSJ Emballages\",\"url\":\"https:\/\/www.csj-emballages.com\/de\/\",\"logo\":{\"@type\":\"ImageObject\",\"inLanguage\":\"de\",\"@id\":\"https:\/\/www.csj-emballages.com\/de\/#\/schema\/logo\/image\/\",\"url\":\"https:\/\/www.csj-emballages.com\/wp-content\/uploads\/2023\/10\/logo_csj.webp\",\"contentUrl\":\"https:\/\/www.csj-emballages.com\/wp-content\/uploads\/2023\/10\/logo_csj.webp\",\"width\":250,\"height\":95,\"caption\":\"CSJ Emballages\"},\"image\":{\"@id\":\"https:\/\/www.csj-emballages.com\/de\/#\/schema\/logo\/image\/\"},\"sameAs\":[\"https:\/\/www.facebook.com\/csjemballages\"],\"address\":{\"@type\":\"PostalAddress\",\"streetAddress\":\"ZI La Lechere\",\"addressLocality\":\"Patornay\",\"postalCode\":\"39130\",\"addressCountry\":\"FR\"},\"contactPoint\":[{\"@type\":\"ContactPoint\",\"contactType\":\"Service client\",\"telephone\":\"0384254272\",\"email\":\"contact@csj-emballages.com\"}]}]}<\/script>\n<!-- \/ Yoast SEO Premium plugin. -->","yoast_head_json":{"title":"Mahlzeitentablett zum Mitnehmen 4 F\u00e4cher Festlich pro 50","description":"Festliches Essenstablett mit 4 F\u00e4chern pro 50: praktisch, robust und elegant. Ideal f\u00fcr Caterer und Gastronomen, perfekt f\u00fcr Gerichte zum Mitnehmen.","robots":{"index":"index","follow":"follow","max-snippet":"max-snippet:-1","max-image-preview":"max-image-preview:large","max-video-preview":"max-video-preview:-1"},"canonical":"https:\/\/www.csj-emballages.com\/de\/produit\/50-mahlzeitentabletts-zum-mitnehmen-4-festliche-faecher\/","og_locale":"de_DE","og_type":"article","og_title":"Mahlzeitentablett zum Mitnehmen 4 F\u00e4cher festlich pro 50","og_description":"Festliches Essenstablett mit 4 F\u00e4chern pro 50: praktisch, robust und elegant. Ideal f\u00fcr Caterer und Gastronomen, perfekt f\u00fcr Gerichte zum Mitnehmen.","og_url":"https:\/\/www.csj-emballages.com\/de\/produit\/50-mahlzeitentabletts-zum-mitnehmen-4-festliche-faecher\/","og_site_name":"CSJ Emballages","article_publisher":"https:\/\/www.facebook.com\/csjemballages","article_modified_time":"2026-03-12T15:32:52+00:00","og_image":[{"width":800,"height":800,"url":"https:\/\/www.csj-emballages.com\/wp-content\/uploads\/2024\/03\/PL4CFESTIF.webp","type":"image\/webp"}],"twitter_card":"summary_large_image","twitter_misc":{"Gesch\u00e4tzte Lesezeit":"2 Minuten"},"schema":{"@context":"https:\/\/schema.org","@graph":[{"@type":"WebPage","@id":"https:\/\/www.csj-emballages.com\/de\/produit\/50-mahlzeitentabletts-zum-mitnehmen-4-festliche-faecher\/","url":"https:\/\/www.csj-emballages.com\/de\/produit\/50-mahlzeitentabletts-zum-mitnehmen-4-festliche-faecher\/","name":"Mahlzeitentablett zum Mitnehmen 4 F\u00e4cher Festlich pro 50","isPartOf":{"@id":"https:\/\/www.csj-emballages.com\/de\/#website"},"primaryImageOfPage":{"@id":"https:\/\/www.csj-emballages.com\/de\/produit\/50-mahlzeitentabletts-zum-mitnehmen-4-festliche-faecher\/#primaryimage"},"image":{"@id":"https:\/\/www.csj-emballages.com\/de\/produit\/50-mahlzeitentabletts-zum-mitnehmen-4-festliche-faecher\/#primaryimage"},"thumbnailUrl":"https:\/\/www.csj-emballages.com\/wp-content\/uploads\/2024\/03\/PL4CFESTIF.webp","datePublished":"2024-03-01T15:50:38+00:00","dateModified":"2026-03-12T15:32:52+00:00","description":"Festliches Essenstablett mit 4 F\u00e4chern pro 50: praktisch, robust und elegant. Ideal f\u00fcr Caterer und Gastronomen, perfekt f\u00fcr Gerichte zum Mitnehmen.","breadcrumb":{"@id":"https:\/\/www.csj-emballages.com\/de\/produit\/50-mahlzeitentabletts-zum-mitnehmen-4-festliche-faecher\/#breadcrumb"},"inLanguage":"de","potentialAction":[{"@type":"ReadAction","target":["https:\/\/www.csj-emballages.com\/de\/produit\/50-mahlzeitentabletts-zum-mitnehmen-4-festliche-faecher\/"]}]},{"@type":"ImageObject","inLanguage":"de","@id":"https:\/\/www.csj-emballages.com\/de\/produit\/50-mahlzeitentabletts-zum-mitnehmen-4-festliche-faecher\/#primaryimage","url":"https:\/\/www.csj-emballages.com\/wp-content\/uploads\/2024\/03\/PL4CFESTIF.webp","contentUrl":"https:\/\/www.csj-emballages.com\/wp-content\/uploads\/2024\/03\/PL4CFESTIF.webp","width":800,"height":800,"caption":"Plateau repas"},{"@type":"BreadcrumbList","@id":"https:\/\/www.csj-emballages.com\/de\/produit\/50-mahlzeitentabletts-zum-mitnehmen-4-festliche-faecher\/#breadcrumb","itemListElement":[{"@type":"ListItem","position":1,"name":"Accueil","item":"https:\/\/www.csj-emballages.com\/de\/universum-lebensmittelverpackungen\/"},{"@type":"ListItem","position":2,"name":"Shop","item":"https:\/\/www.csj-emballages.com\/shop\/"},{"@type":"ListItem","position":3,"name":"Mahlzeitentablett zum Mitnehmen 4 F\u00e4cher festlich pro 50"}]},{"@type":"WebSite","@id":"https:\/\/www.csj-emballages.com\/de\/#website","url":"https:\/\/www.csj-emballages.com\/de\/","name":"CSJ Emballages","description":"","publisher":{"@id":"https:\/\/www.csj-emballages.com\/de\/#organization"},"potentialAction":[{"@type":"SearchAction","target":{"@type":"EntryPoint","urlTemplate":"https:\/\/www.csj-emballages.com\/de\/?s={search_term_string}"},"query-input":{"@type":"PropertyValueSpecification","valueRequired":true,"valueName":"search_term_string"}}],"inLanguage":"de"},{"@type":"Organization","@id":"https:\/\/www.csj-emballages.com\/de\/#Organization\/","name":"CSJ Emballages","url":"https:\/\/www.csj-emballages.com\/de\/","logo":{"@type":"ImageObject","inLanguage":"de","@id":"https:\/\/www.csj-emballages.com\/de\/#\/schema\/logo\/image\/","url":"https:\/\/www.csj-emballages.com\/wp-content\/uploads\/2023\/10\/logo_csj.webp","contentUrl":"https:\/\/www.csj-emballages.com\/wp-content\/uploads\/2023\/10\/logo_csj.webp","width":250,"height":95,"caption":"CSJ Emballages"},"image":{"@id":"https:\/\/www.csj-emballages.com\/de\/#\/schema\/logo\/image\/"},"sameAs":["https:\/\/www.facebook.com\/csjemballages"],"address":{"@type":"PostalAddress","streetAddress":"ZI La Lechere","addressLocality":"Patornay","postalCode":"39130","addressCountry":"FR"},"contactPoint":[{"@type":"ContactPoint","contactType":"Service client","telephone":"0384254272","email":"contact@csj-emballages.com"}]}]}},"df_price":22.62,"df_sale_price":"","df_regular_price":22.62,"df_image_link":"https:\/\/www.csj-emballages.com\/wp-content\/uploads\/2024\/03\/PL4CFESTIF-300x300.webp","tiered_pricing_type":"fixed","tiered_pricing_fixed_rules":[],"tiered_pricing_percentage_rules":[],"tiered_pricing_minimum":1,"tiered_pricing_roles_data":[],"_links":{"self":[{"href":"https:\/\/www.csj-emballages.com\/de\/wp-json\/wp\/v2\/product\/22484","targetHints":{"allow":["GET"]}}],"collection":[{"href":"https:\/\/www.csj-emballages.com\/de\/wp-json\/wp\/v2\/product"}],"about":[{"href":"https:\/\/www.csj-emballages.com\/de\/wp-json\/wp\/v2\/types\/product"}],"wp:featuredmedia":[{"embeddable":true,"href":"https:\/\/www.csj-emballages.com\/de\/wp-json\/wp\/v2\/media\/240973"}],"wp:attachment":[{"href":"https:\/\/www.csj-emballages.com\/de\/wp-json\/wp\/v2\/media?parent=22484"}],"wp:term":[{"taxonomy":"product_brand","embeddable":true,"href":"https:\/\/www.csj-emballages.com\/de\/wp-json\/wp\/v2\/product_brand?post=22484"},{"taxonomy":"product_cat","embeddable":true,"href":"https:\/\/www.csj-emballages.com\/de\/wp-json\/wp\/v2\/product_cat?post=22484"},{"taxonomy":"product_tag","embeddable":true,"href":"https:\/\/www.csj-emballages.com\/de\/wp-json\/wp\/v2\/product_tag?post=22484"}],"curies":[{"name":"wp","href":"https:\/\/api.w.org\/{rel}","templated":true}]}}