{"id":22483,"date":"2024-03-01T16:50:39","date_gmt":"2024-03-01T15:50:39","guid":{"rendered":"https:\/\/u15jnbdpoq.preview.infomaniak.website\/produit\/250-aperitifspiesse-bambus-knoten-150-mm\/"},"modified":"2026-03-25T02:15:09","modified_gmt":"2026-03-25T01:15:09","slug":"250-aperitifspiesse-bambus-knoten-150-mm","status":"publish","type":"product","link":"https:\/\/www.csj-emballages.com\/de\/produit\/250-aperitifspiesse-bambus-knoten-150-mm\/","title":{"rendered":"Aperitifspie\u00dfe Bambusknoten 150 mm pro 250"},"content":{"rendered":"<h2 class=\"p1\">Aperitifpicknicks<\/h2>\n<hr>\n<h3>Beschreibung von Aperitifspie\u00dfe Bambus Knoten 150 mm pro 250<\/h3>\n<p><!--more--><\/p>\n<p>Verleihen Sie Ihren Pr\u00e4sentationen mit diesen <strong>150 mm<\/strong> langen <strong data-start=\"88\" data-end=\"128\">Bambusspie\u00dfen mit Knoten<\/strong> einen Hauch von Eleganz. Diese Spie\u00dfe sind perfekt f\u00fcr Caterer, Restaurants und Privatpersonen und eignen sich hervorragend, um H\u00e4ppchen, Spie\u00dfe, Tapas oder Cocktails stilvoll zu servieren. Sie werden aus <strong data-start=\"314\" data-end=\"332\">nat\u00fcrlichem Bambus<\/strong> hergestellt und sind <strong data-start=\"343\" data-end=\"386\">robust, umweltfreundlich und biologisch abbaubar<\/strong>.  <\/p>\n<p>&nbsp;<\/p>\n<p><!--more--><\/p>\n<p><strong>Vorteile :<\/strong><\/p>\n<ul>\n<li data-start=\"409\" data-end=\"502\">Aus nat\u00fcrlichem Bambus, biologisch abbaubar und umweltfreundlich.<\/li>\n<li data-start=\"503\" data-end=\"586\">Ideale L\u00e4nge f\u00fcr Spie\u00dfe, H\u00e4ppchen und Cocktails.<\/li>\n<li data-start=\"587\" data-end=\"668\">Der Knoten verleiht Ihren Pr\u00e4sentationen eine raffinierte Note.<\/li>\n<li data-start=\"669\" data-end=\"742\">Robust und geeignet f\u00fcr kalte oder warme Speisen.<\/li>\n<li data-start=\"743\" data-end=\"836\">Vielseitig einsetzbar in Gastronomie, Catering, Eventbereich oder zu Hause.<\/li>\n<\/ul>\n<p>&nbsp;<\/p>\n<p><!--more--><\/p>\n<h4>Weitere Informationen :<\/h4>\n<ul>\n<li><strong>Verpackung<\/strong>: Packung mit 250<\/li>\n<li><strong>L\u00e4nge<\/strong>: 150 mm<\/li>\n<li><strong>Material<\/strong>: Holz<\/li>\n<\/ul>\n<p>&nbsp;<\/p>\n<p><!--more--><\/p>\n<p>Dieses Produkt ist auch erh\u00e4ltlich in <span style=\"color: #d12727;\"><a style=\"color: #d12727;\" href=\"https:\/\/www.csj-emballages.com\/es\/produit\/250-picos-de-bambu-para-coctel-arco-de-105-mm\/\">105 mm<\/a><\/span><\/p>\n<p>&nbsp;<\/p>\n<p><!--more--><\/p>\n<p><a href=\"https:\/\/www.csj-emballages.com\/de\/categorie-produit\/lebensmittelverpackungen\/metzgerei-und-feinkostgeschaft\/nahrungsmittelspiese\/aperitifpicknicks\/aperitifspiese-aus-holz\/\">Sehen Sie sich den Rest unseres Sortiments an Aperitifspie\u00dfen an<\/a><\/p>\n","protected":false},"excerpt":{"rendered":"<p>Aperitifpicknicks Beschreibung von Aperitifspie\u00dfe Bambus Knoten 150 mm pro 250<\/p>\n","protected":false},"featured_media":225333,"template":"","meta":{"_acf_changed":false},"product_brand":[],"product_cat":[1170,1279,1822,1830],"product_tag":[],"class_list":{"0":"post-22483","1":"product","2":"type-product","3":"status-publish","4":"has-post-thumbnail","6":"product_cat-metzgerei-und-feinkostgeschaft","7":"product_cat-schalen-topfe-glaser","8":"product_cat-aperitifpicknicks","9":"product_cat-aperitifspiese-aus-holz","11":"first","12":"instock","13":"taxable","14":"shipping-taxable","15":"purchasable","16":"product-type-simple"},"acf":[],"yoast_head":"<!-- This site is optimized with the Yoast SEO Premium plugin v26.6 (Yoast SEO v26.6) - https:\/\/yoast.com\/wordpress\/plugins\/seo\/ -->\n<title>Aperitifspie\u00dfe Bambus Knoten 150 mm pro 250<\/title>\n<meta name=\"description\" content=\"Entdecken Sie die 150 mm Bambus-Aperitif-Spie\u00dfe mit Knoten. Ideal f\u00fcr Cocktails, Spie\u00dfe und Fingerfood. Umweltfreundlich, stabil und elegant.\" \/>\n<meta name=\"robots\" content=\"index, follow, max-snippet:-1, max-image-preview:large, max-video-preview:-1\" \/>\n<link rel=\"canonical\" href=\"https:\/\/www.csj-emballages.com\/de\/produit\/250-aperitifspiesse-bambus-knoten-150-mm\/\" \/>\n<meta property=\"og:locale\" content=\"de_DE\" \/>\n<meta property=\"og:type\" content=\"article\" \/>\n<meta property=\"og:title\" content=\"Aperitifspie\u00dfe Bambusknoten 150 mm pro 250\" \/>\n<meta property=\"og:description\" content=\"Entdecken Sie die 150 mm Bambus-Aperitif-Spie\u00dfe mit Knoten. Ideal f\u00fcr Cocktails, Spie\u00dfe und Fingerfood. Umweltfreundlich, stabil und elegant.\" \/>\n<meta property=\"og:url\" content=\"https:\/\/www.csj-emballages.com\/de\/produit\/250-aperitifspiesse-bambus-knoten-150-mm\/\" \/>\n<meta property=\"og:site_name\" content=\"CSJ Emballages\" \/>\n<meta property=\"article:publisher\" content=\"https:\/\/www.facebook.com\/csjemballages\" \/>\n<meta property=\"article:modified_time\" content=\"2026-03-25T01:15:09+00:00\" \/>\n<meta property=\"og:image\" content=\"https:\/\/www.csj-emballages.com\/wp-content\/uploads\/2024\/03\/Piques-bamou-150.webp\" \/>\n\t<meta property=\"og:image:width\" content=\"800\" \/>\n\t<meta property=\"og:image:height\" content=\"800\" \/>\n\t<meta property=\"og:image:type\" content=\"image\/webp\" \/>\n<meta name=\"twitter:card\" content=\"summary_large_image\" \/>\n<meta name=\"twitter:label1\" content=\"Gesch\u00e4tzte Lesezeit\" \/>\n\t<meta name=\"twitter:data1\" content=\"1\u00a0Minute\" \/>\n<script type=\"application\/ld+json\" class=\"yoast-schema-graph\">{\"@context\":\"https:\/\/schema.org\",\"@graph\":[{\"@type\":\"WebPage\",\"@id\":\"https:\/\/www.csj-emballages.com\/de\/produit\/250-aperitifspiesse-bambus-knoten-150-mm\/\",\"url\":\"https:\/\/www.csj-emballages.com\/de\/produit\/250-aperitifspiesse-bambus-knoten-150-mm\/\",\"name\":\"Aperitifspie\u00dfe Bambus Knoten 150 mm pro 250\",\"isPartOf\":{\"@id\":\"https:\/\/www.csj-emballages.com\/de\/#website\"},\"primaryImageOfPage\":{\"@id\":\"https:\/\/www.csj-emballages.com\/de\/produit\/250-aperitifspiesse-bambus-knoten-150-mm\/#primaryimage\"},\"image\":{\"@id\":\"https:\/\/www.csj-emballages.com\/de\/produit\/250-aperitifspiesse-bambus-knoten-150-mm\/#primaryimage\"},\"thumbnailUrl\":\"https:\/\/www.csj-emballages.com\/wp-content\/uploads\/2024\/03\/Piques-bamou-150.webp\",\"datePublished\":\"2024-03-01T15:50:39+00:00\",\"dateModified\":\"2026-03-25T01:15:09+00:00\",\"description\":\"Entdecken Sie die 150 mm Bambus-Aperitif-Spie\u00dfe mit Knoten. Ideal f\u00fcr Cocktails, Spie\u00dfe und Fingerfood. Umweltfreundlich, stabil und elegant.\",\"breadcrumb\":{\"@id\":\"https:\/\/www.csj-emballages.com\/de\/produit\/250-aperitifspiesse-bambus-knoten-150-mm\/#breadcrumb\"},\"inLanguage\":\"de\",\"potentialAction\":[{\"@type\":\"ReadAction\",\"target\":[\"https:\/\/www.csj-emballages.com\/de\/produit\/250-aperitifspiesse-bambus-knoten-150-mm\/\"]}]},{\"@type\":\"ImageObject\",\"inLanguage\":\"de\",\"@id\":\"https:\/\/www.csj-emballages.com\/de\/produit\/250-aperitifspiesse-bambus-knoten-150-mm\/#primaryimage\",\"url\":\"https:\/\/www.csj-emballages.com\/wp-content\/uploads\/2024\/03\/Piques-bamou-150.webp\",\"contentUrl\":\"https:\/\/www.csj-emballages.com\/wp-content\/uploads\/2024\/03\/Piques-bamou-150.webp\",\"width\":800,\"height\":800,\"caption\":\"piques ap\u00e9ritifs\"},{\"@type\":\"BreadcrumbList\",\"@id\":\"https:\/\/www.csj-emballages.com\/de\/produit\/250-aperitifspiesse-bambus-knoten-150-mm\/#breadcrumb\",\"itemListElement\":[{\"@type\":\"ListItem\",\"position\":1,\"name\":\"Accueil\",\"item\":\"https:\/\/www.csj-emballages.com\/de\/universum-lebensmittelverpackungen\/\"},{\"@type\":\"ListItem\",\"position\":2,\"name\":\"Shop\",\"item\":\"https:\/\/www.csj-emballages.com\/shop\/\"},{\"@type\":\"ListItem\",\"position\":3,\"name\":\"Aperitifspie\u00dfe Bambusknoten 150 mm pro 250\"}]},{\"@type\":\"WebSite\",\"@id\":\"https:\/\/www.csj-emballages.com\/de\/#website\",\"url\":\"https:\/\/www.csj-emballages.com\/de\/\",\"name\":\"CSJ Emballages\",\"description\":\"\",\"publisher\":{\"@id\":\"https:\/\/www.csj-emballages.com\/de\/#organization\"},\"potentialAction\":[{\"@type\":\"SearchAction\",\"target\":{\"@type\":\"EntryPoint\",\"urlTemplate\":\"https:\/\/www.csj-emballages.com\/de\/?s={search_term_string}\"},\"query-input\":{\"@type\":\"PropertyValueSpecification\",\"valueRequired\":true,\"valueName\":\"search_term_string\"}}],\"inLanguage\":\"de\"},{\"@type\":\"Organization\",\"@id\":\"https:\/\/www.csj-emballages.com\/de\/#Organization\/\",\"name\":\"CSJ Emballages\",\"url\":\"https:\/\/www.csj-emballages.com\/de\/\",\"logo\":{\"@type\":\"ImageObject\",\"inLanguage\":\"de\",\"@id\":\"https:\/\/www.csj-emballages.com\/de\/#\/schema\/logo\/image\/\",\"url\":\"https:\/\/www.csj-emballages.com\/wp-content\/uploads\/2023\/10\/logo_csj.webp\",\"contentUrl\":\"https:\/\/www.csj-emballages.com\/wp-content\/uploads\/2023\/10\/logo_csj.webp\",\"width\":250,\"height\":95,\"caption\":\"CSJ Emballages\"},\"image\":{\"@id\":\"https:\/\/www.csj-emballages.com\/de\/#\/schema\/logo\/image\/\"},\"sameAs\":[\"https:\/\/www.facebook.com\/csjemballages\"],\"address\":{\"@type\":\"PostalAddress\",\"streetAddress\":\"ZI La Lechere\",\"addressLocality\":\"Patornay\",\"postalCode\":\"39130\",\"addressCountry\":\"FR\"},\"contactPoint\":[{\"@type\":\"ContactPoint\",\"contactType\":\"Service client\",\"telephone\":\"0384254272\",\"email\":\"contact@csj-emballages.com\"}]}]}<\/script>\n<!-- \/ Yoast SEO Premium plugin. -->","yoast_head_json":{"title":"Aperitifspie\u00dfe Bambus Knoten 150 mm pro 250","description":"Entdecken Sie die 150 mm Bambus-Aperitif-Spie\u00dfe mit Knoten. Ideal f\u00fcr Cocktails, Spie\u00dfe und Fingerfood. Umweltfreundlich, stabil und elegant.","robots":{"index":"index","follow":"follow","max-snippet":"max-snippet:-1","max-image-preview":"max-image-preview:large","max-video-preview":"max-video-preview:-1"},"canonical":"https:\/\/www.csj-emballages.com\/de\/produit\/250-aperitifspiesse-bambus-knoten-150-mm\/","og_locale":"de_DE","og_type":"article","og_title":"Aperitifspie\u00dfe Bambusknoten 150 mm pro 250","og_description":"Entdecken Sie die 150 mm Bambus-Aperitif-Spie\u00dfe mit Knoten. Ideal f\u00fcr Cocktails, Spie\u00dfe und Fingerfood. Umweltfreundlich, stabil und elegant.","og_url":"https:\/\/www.csj-emballages.com\/de\/produit\/250-aperitifspiesse-bambus-knoten-150-mm\/","og_site_name":"CSJ Emballages","article_publisher":"https:\/\/www.facebook.com\/csjemballages","article_modified_time":"2026-03-25T01:15:09+00:00","og_image":[{"width":800,"height":800,"url":"https:\/\/www.csj-emballages.com\/wp-content\/uploads\/2024\/03\/Piques-bamou-150.webp","type":"image\/webp"}],"twitter_card":"summary_large_image","twitter_misc":{"Gesch\u00e4tzte Lesezeit":"1\u00a0Minute"},"schema":{"@context":"https:\/\/schema.org","@graph":[{"@type":"WebPage","@id":"https:\/\/www.csj-emballages.com\/de\/produit\/250-aperitifspiesse-bambus-knoten-150-mm\/","url":"https:\/\/www.csj-emballages.com\/de\/produit\/250-aperitifspiesse-bambus-knoten-150-mm\/","name":"Aperitifspie\u00dfe Bambus Knoten 150 mm pro 250","isPartOf":{"@id":"https:\/\/www.csj-emballages.com\/de\/#website"},"primaryImageOfPage":{"@id":"https:\/\/www.csj-emballages.com\/de\/produit\/250-aperitifspiesse-bambus-knoten-150-mm\/#primaryimage"},"image":{"@id":"https:\/\/www.csj-emballages.com\/de\/produit\/250-aperitifspiesse-bambus-knoten-150-mm\/#primaryimage"},"thumbnailUrl":"https:\/\/www.csj-emballages.com\/wp-content\/uploads\/2024\/03\/Piques-bamou-150.webp","datePublished":"2024-03-01T15:50:39+00:00","dateModified":"2026-03-25T01:15:09+00:00","description":"Entdecken Sie die 150 mm Bambus-Aperitif-Spie\u00dfe mit Knoten. Ideal f\u00fcr Cocktails, Spie\u00dfe und Fingerfood. Umweltfreundlich, stabil und elegant.","breadcrumb":{"@id":"https:\/\/www.csj-emballages.com\/de\/produit\/250-aperitifspiesse-bambus-knoten-150-mm\/#breadcrumb"},"inLanguage":"de","potentialAction":[{"@type":"ReadAction","target":["https:\/\/www.csj-emballages.com\/de\/produit\/250-aperitifspiesse-bambus-knoten-150-mm\/"]}]},{"@type":"ImageObject","inLanguage":"de","@id":"https:\/\/www.csj-emballages.com\/de\/produit\/250-aperitifspiesse-bambus-knoten-150-mm\/#primaryimage","url":"https:\/\/www.csj-emballages.com\/wp-content\/uploads\/2024\/03\/Piques-bamou-150.webp","contentUrl":"https:\/\/www.csj-emballages.com\/wp-content\/uploads\/2024\/03\/Piques-bamou-150.webp","width":800,"height":800,"caption":"piques ap\u00e9ritifs"},{"@type":"BreadcrumbList","@id":"https:\/\/www.csj-emballages.com\/de\/produit\/250-aperitifspiesse-bambus-knoten-150-mm\/#breadcrumb","itemListElement":[{"@type":"ListItem","position":1,"name":"Accueil","item":"https:\/\/www.csj-emballages.com\/de\/universum-lebensmittelverpackungen\/"},{"@type":"ListItem","position":2,"name":"Shop","item":"https:\/\/www.csj-emballages.com\/shop\/"},{"@type":"ListItem","position":3,"name":"Aperitifspie\u00dfe Bambusknoten 150 mm pro 250"}]},{"@type":"WebSite","@id":"https:\/\/www.csj-emballages.com\/de\/#website","url":"https:\/\/www.csj-emballages.com\/de\/","name":"CSJ Emballages","description":"","publisher":{"@id":"https:\/\/www.csj-emballages.com\/de\/#organization"},"potentialAction":[{"@type":"SearchAction","target":{"@type":"EntryPoint","urlTemplate":"https:\/\/www.csj-emballages.com\/de\/?s={search_term_string}"},"query-input":{"@type":"PropertyValueSpecification","valueRequired":true,"valueName":"search_term_string"}}],"inLanguage":"de"},{"@type":"Organization","@id":"https:\/\/www.csj-emballages.com\/de\/#Organization\/","name":"CSJ Emballages","url":"https:\/\/www.csj-emballages.com\/de\/","logo":{"@type":"ImageObject","inLanguage":"de","@id":"https:\/\/www.csj-emballages.com\/de\/#\/schema\/logo\/image\/","url":"https:\/\/www.csj-emballages.com\/wp-content\/uploads\/2023\/10\/logo_csj.webp","contentUrl":"https:\/\/www.csj-emballages.com\/wp-content\/uploads\/2023\/10\/logo_csj.webp","width":250,"height":95,"caption":"CSJ Emballages"},"image":{"@id":"https:\/\/www.csj-emballages.com\/de\/#\/schema\/logo\/image\/"},"sameAs":["https:\/\/www.facebook.com\/csjemballages"],"address":{"@type":"PostalAddress","streetAddress":"ZI La Lechere","addressLocality":"Patornay","postalCode":"39130","addressCountry":"FR"},"contactPoint":[{"@type":"ContactPoint","contactType":"Service client","telephone":"0384254272","email":"contact@csj-emballages.com"}]}]}},"df_price":5.48,"df_sale_price":"","df_regular_price":5.48,"df_image_link":"https:\/\/www.csj-emballages.com\/wp-content\/uploads\/2024\/03\/Piques-bamou-150-300x300.webp","tiered_pricing_type":"fixed","tiered_pricing_fixed_rules":[],"tiered_pricing_percentage_rules":[],"tiered_pricing_minimum":1,"tiered_pricing_roles_data":[],"_links":{"self":[{"href":"https:\/\/www.csj-emballages.com\/de\/wp-json\/wp\/v2\/product\/22483","targetHints":{"allow":["GET"]}}],"collection":[{"href":"https:\/\/www.csj-emballages.com\/de\/wp-json\/wp\/v2\/product"}],"about":[{"href":"https:\/\/www.csj-emballages.com\/de\/wp-json\/wp\/v2\/types\/product"}],"wp:featuredmedia":[{"embeddable":true,"href":"https:\/\/www.csj-emballages.com\/de\/wp-json\/wp\/v2\/media\/225333"}],"wp:attachment":[{"href":"https:\/\/www.csj-emballages.com\/de\/wp-json\/wp\/v2\/media?parent=22483"}],"wp:term":[{"taxonomy":"product_brand","embeddable":true,"href":"https:\/\/www.csj-emballages.com\/de\/wp-json\/wp\/v2\/product_brand?post=22483"},{"taxonomy":"product_cat","embeddable":true,"href":"https:\/\/www.csj-emballages.com\/de\/wp-json\/wp\/v2\/product_cat?post=22483"},{"taxonomy":"product_tag","embeddable":true,"href":"https:\/\/www.csj-emballages.com\/de\/wp-json\/wp\/v2\/product_tag?post=22483"}],"curies":[{"name":"wp","href":"https:\/\/api.w.org\/{rel}","templated":true}]}}