{"id":224820,"date":"2025-01-21T18:21:17","date_gmt":"2025-01-21T17:21:17","guid":{"rendered":"https:\/\/www.csj-emballages.com\/produit\/vakuumbeutel-zur-aufbewahrung-glatt-schwarz-30-x-40-cm-90-%c2%b5-pro-100\/"},"modified":"2026-04-16T02:17:07","modified_gmt":"2026-04-16T00:17:07","slug":"vakuumbeutel-zur-aufbewahrung-glatt-schwarz-30-x-40-cm-90-%c2%b5-pro-100","status":"publish","type":"product","link":"https:\/\/www.csj-emballages.com\/de\/produit\/vakuumbeutel-zur-aufbewahrung-glatt-schwarz-30-x-40-cm-90-%c2%b5-pro-100\/","title":{"rendered":"Vakuumbeutel zur Aufbewahrung glatt schwarz 30 x 40 cm 90 \u00b5 pro 100"},"content":{"rendered":"<h2>Vakuumbeutel<\/h2>\n<hr>\n<h3>Beschreibung von unserem Vakuumbeutel zur Aufbewahrung glatt schwarz 30 x 40 cm 90 \u00b5 per 100<\/h3>\n<p><!--more--><\/p>\n<p><strong>Vakuumbeutel<\/strong> sind eine ideale L\u00f6sung, um Ihre Lebensmittel haltbar zu machen und ihre Haltbarkeit zu verl\u00e4ngern. Ihr <strong>glattes<\/strong> <strong>schwarzes<\/strong> Kunststoffdesign mit einer Dicke von <strong>90 Mikron<\/strong> bietet optimalen Schutz vor Luft, Feuchtigkeit und \u00e4u\u00dferen Verunreinigungen und sorgt daf\u00fcr, dass Ihre Produkte ihre N\u00e4hr- und Geschmacksqualit\u00e4ten l\u00e4nger behalten. <\/p>\n<p>Die Verwendung von <strong>Lebensmittel-Vakuumbeuteln<\/strong> ist in Gro\u00dfk\u00fcchen besonders vorteilhaft. Dank ihrer Robustheit und <strong>glatten<\/strong> Textur sind diese<b> Vakuumbeutel<\/b> f\u00fcr die Verwendung mit <strong><span style=\"color: #ff0000;\">Maschinen unter der Glocke<\/span><\/strong>. Dar\u00fcber hinaus verleiht ihnen ihr schwarzes Design eine elegante Note.  <\/p>\n<p>&nbsp;<\/p>\n<p><!--more--><\/p>\n<h4>Warum sollten Sie unsere Vakuumbeutel verwenden?<\/h4>\n<p>Einer der gr\u00f6\u00dften Vorteile dieser <strong>Vakuumbeutel<\/strong> f\u00fcr Lebensmittel ist, dass sie die Haltbarkeit von Lebensmitteln verl\u00e4ngern. Durch den Entzug von Luft, einem der Hauptfaktoren f\u00fcr den Verderb von Produkten, verlangsamen diese <strong>Vakuumbeutel<\/strong> den Oxidationsprozess. Egal, ob Sie Fleisch, Gem\u00fcse, Obst, Fertiggerichte oder sogar Trockenprodukte aufbewahren m\u00f6chten, diese <strong>glatten Aufbewahrungsbeutel<\/strong> garantieren eine optimale Haltbarkeit.  <\/p>\n<p>Au\u00dferdem sind diese <strong>Beutel<\/strong> sehr einfach zu verwenden. Legen Sie einfach Ihre Lebensmittel in die T\u00fcte, ziehen Sie mit Ihrer Maschine die Luft heraus und Sie haben in Sekundenschnelle eine luftdichte und sichere Verpackung. Dieses Verfahren h\u00e4lt Ihre Lebensmittel nicht nur l\u00e4nger frisch, sondern spart auch Platz in Ihren K\u00fchl- oder Gefrierschr\u00e4nken. Denn der <strong>Lebensmittel-Vakuumbeutel<\/strong> komprimiert die Lebensmittel, wodurch sie sich leichter aufbewahren und organisieren lassen.   <\/p>\n<p>&nbsp;<\/p>\n<p><!--more--><\/p>\n<div style=\"box-sizing: inherit; font-family: Roboto, sans-serif;\">\n<div style=\"box-sizing: inherit; font-family: Roboto, sans-serif;\">\n<div style=\"box-sizing: inherit; font-family: Roboto, sans-serif;\">\n<div style=\"box-sizing: inherit; font-family: Roboto, sans-serif;\">\n<div style=\"box-sizing: inherit; font-family: Roboto, sans-serif;\">\n<div style=\"box-sizing: inherit; font-family: Roboto, sans-serif;\">\n<div style=\"box-sizing: inherit; font-family: Roboto, sans-serif;\">\n<div style=\"box-sizing: inherit; font-family: Roboto, sans-serif;\">\n<div style=\"box-sizing: inherit; font-family: Roboto, sans-serif;\">\n<div style=\"box-sizing: inherit; font-family: Roboto, sans-serif;\">\n<div style=\"box-sizing: inherit; font-family: Roboto, sans-serif;\">\n<div style=\"box-sizing: inherit; font-family: Roboto, sans-serif;\">\n<div style=\"box-sizing: inherit; font-family: Roboto, sans-serif;\">\n<div class=\"flex flex-grow flex-col max-w-full\">\n<div class=\"min-h-[20px] text-message flex flex-col items-start whitespace-pre-wrap break-words [.text-message+&amp;]:mt-5 juice:w-full juice:items-end overflow-x-auto gap-2\" dir=\"auto\" data-message-author-role=\"assistant\" data-message-id=\"2034782e-88f9-44ef-b4dc-07dd7bf0115f\">\n<div class=\"flex w-full flex-col gap-1 juice:empty:hidden juice:first:pt-[3px]\">\n<div class=\"markdown prose w-full break-words dark:prose-invert light\">\n<div style=\"box-sizing: inherit; font-family: Roboto, sans-serif;\">\n<div style=\"box-sizing: inherit; font-family: Roboto, sans-serif;\">\n<div style=\"box-sizing: inherit; font-family: Roboto, sans-serif;\">\n<div style=\"box-sizing: inherit; font-family: Roboto, sans-serif;\">\n<div style=\"box-sizing: inherit; font-family: Roboto, sans-serif;\">\n<div style=\"box-sizing: inherit; font-family: Roboto, sans-serif;\">\n<p>Schwarze <strong>Vakuumbeutel<\/strong> bieten auch einen nicht zu untersch\u00e4tzenden \u00e4sthetischen Vorteil. Durch ihre dunkle Farbe heben sie sich von anderen Arten von Vakuumbeuteln auf dem Markt ab. Egal, ob Sie in der Gastronomie oder als Privatperson t\u00e4tig sind, diese Beutel sind eine vielseitige und langlebige Wahl f\u00fcr die Lagerung von Lebensmitteln.  <\/p>\n<p>Schlie\u00dflich sind diese <strong>Vakuumbeutel<\/strong> im <strong>100er-Pack<\/strong> auch umweltfreundlich, da sie die Lebensmittelverschwendung reduzieren. Indem Sie die Haltbarkeit Ihrer Produkte optimieren, reduzieren Sie den Abfall. <\/p>\n<p>Zusammenfassend l\u00e4sst sich sagen, dass die <strong>glatten schwarzen Vakuum-Aufbewahrungsbeutel<\/strong> eine praktische, effiziente und \u00e4sthetische Wahl sind.<\/p>\n<\/div>\n<\/div>\n<\/div>\n<\/div>\n<\/div>\n<\/div>\n<\/div>\n<\/div>\n<\/div>\n<\/div>\n<\/div>\n<\/div>\n<\/div>\n<\/div>\n<\/div>\n<\/div>\n<\/div>\n<\/div>\n<\/div>\n<\/div>\n<\/div>\n<\/div>\n<\/div>\n<p>&nbsp;<\/p>\n<p><!--more--><\/p>\n<p><strong><span style=\"color: #ff0000;\">*Breite der \u00d6ffnung<\/span><\/strong><\/p>\n<p><strong><span style=\"color: #ff0000;\">*BPA-freie Vakuumbeutel (Bisphenol A)<\/span><\/strong><\/p>\n<p>&nbsp;<\/p>\n<p><!--more--><\/p>\n<h4>Ihre Vorteile :<\/h4>\n<ul>\n<li><strong>L\u00e4ngere Haltbarkeit<\/strong>: Sch\u00fctzt vor Oxidation und \u00e4u\u00dferen Verunreinigungen.<\/li>\n<li><strong>Extrem widerstandsf\u00e4higes Material<\/strong>: 90 \u00b5 Dicke sorgt f\u00fcr hohe Robustheit.<\/li>\n<li><strong>Kompatibel mit verschiedenen Maschinen<\/strong>: Kann mit Maschinen mit externer Absaugung und mit Glocken verwendet werden.<\/li>\n<li><strong>Praktische Transparenz<\/strong>: Erm\u00f6glicht eine einfache Identifizierung der gelagerten Lebensmittel.<\/li>\n<\/ul>\n<p>&nbsp;<\/p>\n<p><!--more--><\/p>\n<h4>Weitere Informationen :<\/h4>\n<ul>\n<li><strong>Verpackung<\/strong>: Packung mit 100 St\u00fcck<\/li>\n<li><strong>Ma\u00dfe<\/strong>: 30 x 40 cm<\/li>\n<li><strong>Material<\/strong>: PA\/PE 20\/70<\/li>\n<li><strong>Art<\/strong>: Glatt<\/li>\n<li><strong>Widerstand<\/strong>: 90 Mikron<\/li>\n<li><strong>Schwei\u00dfen<\/strong>: 3 Seiten<\/li>\n<li><strong>Farbe<\/strong>: Schwarz<\/li>\n<\/ul>\n<p>&nbsp;<\/p>\n<p><!--more--><\/p>\n<p>Dieses Produkt ist in verschiedenen Gr\u00f6\u00dfen erh\u00e4ltlich : <span style=\"color: #d12727;\"><a style=\"color: #d12727;\" href=\"https:\/\/www.csj-emballages.com\/es\/produit\/100-bolsas-de-vacio-lisas-negras-15-x-20-cm-90-%c2%b5\/\">15 x 20 cm<\/a><\/span> \/ <span style=\"color: #d12727;\"><a style=\"color: #d12727;\" href=\"https:\/\/www.csj-emballages.com\/es\/produit\/100-bolsas-de-vacio-negras-lisas-15-x-30-cm-90-%c2%b5\/\">15 x 30 cm<\/a><\/span> \/ <span style=\"color: #d12727;\"><a style=\"color: #d12727;\" href=\"https:\/\/www.csj-emballages.com\/es\/produit\/100-bolsas-de-vacio-negras-lisas-20-x-20-cm-90-%c2%b5\/\">20 x 20 cm<\/a><\/span> \/ <span style=\"color: #d12727;\"><a style=\"color: #d12727;\" href=\"https:\/\/www.csj-emballages.com\/produit\/100-sacs-sous-vide-de-conservation-lisses-noirs-20-x-30-cm-90-%c2%b5-sachets-sous-vide\/https:\/\/www.csj-emballages.com\/produit\/100-sacs-sous-vides-de-conservation-noirs-20-x-25-cm-90-%c2%b5-sachets-sous-vide\/\">20 x 25 cm<\/a><\/span> \/ <span style=\"color: #d12727;\"><a style=\"color: #d12727;\" href=\"https:\/\/www.csj-emballages.com\/es\/produit\/100-bolsas-de-vacio-negras-lisas-20-x-30-cm-90-%c2%b5\/\">20 x 30 cm<\/a><\/span> \/ <span style=\"color: #d12727;\"><a style=\"color: #d12727;\" href=\"https:\/\/www.csj-emballages.com\/es\/produit\/100-bolsas-de-vacio-negras-lisas-25-x-35-cm-90-%c2%b5\/\">25 x 35 cm<\/a><\/span> \/ <span style=\"color: #d12727;\"><a style=\"color: #d12727;\" href=\"https:\/\/www.csj-emballages.com\/es\/produit\/bolsa-de-vacio-lisa-negra-35-x-45-cm-90-%c2%b5-por-100\/\">35 x 45 cm<\/a><\/span><\/p>\n<p>&nbsp;<\/p>\n<p><!--more--><\/p>\n<p><a href=\"https:\/\/www.csj-emballages.com\/de\/categorie-produit\/lebensmittelverpackungen\/metzgerei-und-feinkostgeschaft\/sacke-und-beutel\/vakuumbeutel\/glatte-schwarze-vakuumbeutel\/\">Sehen Sie sich den Rest unseres Sortiments an glatten schwarzen Vakuumbeuteln an<\/a><\/p>\n","protected":false},"excerpt":{"rendered":"<p>Vakuumbeutel Beschreibung von unserem Vakuumbeutel zur Aufbewahrung glatt schwarz 30 x 40 cm 90 \u00b5 per 100<\/p>\n","protected":false},"featured_media":222148,"template":"","meta":{"_acf_changed":false},"product_brand":[],"product_cat":[1137,1170,3962,1235,1599],"product_tag":[],"class_list":{"0":"post-224820","1":"product","2":"type-product","3":"status-publish","4":"has-post-thumbnail","6":"product_cat-lebensmittelverpackungen","7":"product_cat-metzgerei-und-feinkostgeschaft","8":"product_cat-sacke-und-beutel","9":"product_cat-vakuumbeutel","10":"product_cat-glatte-schwarze-vakuumbeutel","12":"first","13":"instock","14":"taxable","15":"shipping-taxable","16":"purchasable","17":"product-type-simple"},"acf":[],"yoast_head":"<!-- This site is optimized with the Yoast SEO Premium plugin v26.6 (Yoast SEO v26.6) - https:\/\/yoast.com\/wordpress\/plugins\/seo\/ -->\n<title>Glatter Vakuumbeutel schwarz 30 x 40 cm - 90\u00b5 \/ CSJ Verpackungen<\/title>\n<meta name=\"description\" content=\"Die schwarzen 30 x 40 cm (90 \u00b5) Glatten Vakuumbeutel verl\u00e4ngern die Frische von Lebensmitteln durch einen zuverl\u00e4ssigen und widerstandsf\u00e4higen luftdichten Schutz.\" \/>\n<meta name=\"robots\" content=\"index, follow, max-snippet:-1, max-image-preview:large, max-video-preview:-1\" \/>\n<link rel=\"canonical\" href=\"https:\/\/www.csj-emballages.com\/de\/produit\/vakuumbeutel-zur-aufbewahrung-glatt-schwarz-30-x-40-cm-90-%c2%b5-pro-100\/\" \/>\n<meta property=\"og:locale\" content=\"de_DE\" \/>\n<meta property=\"og:type\" content=\"article\" \/>\n<meta property=\"og:title\" content=\"Vakuumbeutel zur Aufbewahrung glatt schwarz 30 x 40 cm 90 \u00b5 pro 100\" \/>\n<meta property=\"og:description\" content=\"Die schwarzen 30 x 40 cm (90 \u00b5) Glatten Vakuumbeutel verl\u00e4ngern die Frische von Lebensmitteln durch einen zuverl\u00e4ssigen und widerstandsf\u00e4higen luftdichten Schutz.\" \/>\n<meta property=\"og:url\" content=\"https:\/\/www.csj-emballages.com\/de\/produit\/vakuumbeutel-zur-aufbewahrung-glatt-schwarz-30-x-40-cm-90-%c2%b5-pro-100\/\" \/>\n<meta property=\"og:site_name\" content=\"CSJ Emballages\" \/>\n<meta property=\"article:publisher\" content=\"https:\/\/www.facebook.com\/csjemballages\" \/>\n<meta property=\"article:modified_time\" content=\"2026-04-16T00:17:07+00:00\" \/>\n<meta property=\"og:image\" content=\"https:\/\/www.csj-emballages.com\/wp-content\/uploads\/2025\/01\/Sac-sous-vide-lisse-noir.webp\" \/>\n\t<meta property=\"og:image:width\" content=\"800\" \/>\n\t<meta property=\"og:image:height\" content=\"800\" \/>\n\t<meta property=\"og:image:type\" content=\"image\/webp\" \/>\n<meta name=\"twitter:card\" content=\"summary_large_image\" \/>\n<meta name=\"twitter:label1\" content=\"Gesch\u00e4tzte Lesezeit\" \/>\n\t<meta name=\"twitter:data1\" content=\"2 Minuten\" \/>\n<script type=\"application\/ld+json\" class=\"yoast-schema-graph\">{\"@context\":\"https:\/\/schema.org\",\"@graph\":[{\"@type\":\"WebPage\",\"@id\":\"https:\/\/www.csj-emballages.com\/de\/produit\/vakuumbeutel-zur-aufbewahrung-glatt-schwarz-30-x-40-cm-90-%c2%b5-pro-100\/\",\"url\":\"https:\/\/www.csj-emballages.com\/de\/produit\/vakuumbeutel-zur-aufbewahrung-glatt-schwarz-30-x-40-cm-90-%c2%b5-pro-100\/\",\"name\":\"Glatter Vakuumbeutel schwarz 30 x 40 cm - 90\u00b5 \/ CSJ Verpackungen\",\"isPartOf\":{\"@id\":\"https:\/\/www.csj-emballages.com\/de\/#website\"},\"primaryImageOfPage\":{\"@id\":\"https:\/\/www.csj-emballages.com\/de\/produit\/vakuumbeutel-zur-aufbewahrung-glatt-schwarz-30-x-40-cm-90-%c2%b5-pro-100\/#primaryimage\"},\"image\":{\"@id\":\"https:\/\/www.csj-emballages.com\/de\/produit\/vakuumbeutel-zur-aufbewahrung-glatt-schwarz-30-x-40-cm-90-%c2%b5-pro-100\/#primaryimage\"},\"thumbnailUrl\":\"https:\/\/www.csj-emballages.com\/wp-content\/uploads\/2025\/01\/Sac-sous-vide-lisse-noir.webp\",\"datePublished\":\"2025-01-21T17:21:17+00:00\",\"dateModified\":\"2026-04-16T00:17:07+00:00\",\"description\":\"Die schwarzen 30 x 40 cm (90 \u00b5) Glatten Vakuumbeutel verl\u00e4ngern die Frische von Lebensmitteln durch einen zuverl\u00e4ssigen und widerstandsf\u00e4higen luftdichten Schutz.\",\"breadcrumb\":{\"@id\":\"https:\/\/www.csj-emballages.com\/de\/produit\/vakuumbeutel-zur-aufbewahrung-glatt-schwarz-30-x-40-cm-90-%c2%b5-pro-100\/#breadcrumb\"},\"inLanguage\":\"de\",\"potentialAction\":[{\"@type\":\"ReadAction\",\"target\":[\"https:\/\/www.csj-emballages.com\/de\/produit\/vakuumbeutel-zur-aufbewahrung-glatt-schwarz-30-x-40-cm-90-%c2%b5-pro-100\/\"]}]},{\"@type\":\"ImageObject\",\"inLanguage\":\"de\",\"@id\":\"https:\/\/www.csj-emballages.com\/de\/produit\/vakuumbeutel-zur-aufbewahrung-glatt-schwarz-30-x-40-cm-90-%c2%b5-pro-100\/#primaryimage\",\"url\":\"https:\/\/www.csj-emballages.com\/wp-content\/uploads\/2025\/01\/Sac-sous-vide-lisse-noir.webp\",\"contentUrl\":\"https:\/\/www.csj-emballages.com\/wp-content\/uploads\/2025\/01\/Sac-sous-vide-lisse-noir.webp\",\"width\":800,\"height\":800,\"caption\":\"Sac sous vide\"},{\"@type\":\"BreadcrumbList\",\"@id\":\"https:\/\/www.csj-emballages.com\/de\/produit\/vakuumbeutel-zur-aufbewahrung-glatt-schwarz-30-x-40-cm-90-%c2%b5-pro-100\/#breadcrumb\",\"itemListElement\":[{\"@type\":\"ListItem\",\"position\":1,\"name\":\"Accueil\",\"item\":\"https:\/\/www.csj-emballages.com\/de\/universum-lebensmittelverpackungen\/\"},{\"@type\":\"ListItem\",\"position\":2,\"name\":\"Shop\",\"item\":\"https:\/\/www.csj-emballages.com\/shop\/\"},{\"@type\":\"ListItem\",\"position\":3,\"name\":\"Vakuumbeutel zur Aufbewahrung glatt schwarz 30 x 40 cm 90 \u00b5 pro 100\"}]},{\"@type\":\"WebSite\",\"@id\":\"https:\/\/www.csj-emballages.com\/de\/#website\",\"url\":\"https:\/\/www.csj-emballages.com\/de\/\",\"name\":\"CSJ Emballages\",\"description\":\"\",\"publisher\":{\"@id\":\"https:\/\/www.csj-emballages.com\/de\/#organization\"},\"potentialAction\":[{\"@type\":\"SearchAction\",\"target\":{\"@type\":\"EntryPoint\",\"urlTemplate\":\"https:\/\/www.csj-emballages.com\/de\/?s={search_term_string}\"},\"query-input\":{\"@type\":\"PropertyValueSpecification\",\"valueRequired\":true,\"valueName\":\"search_term_string\"}}],\"inLanguage\":\"de\"},{\"@type\":\"Organization\",\"@id\":\"https:\/\/www.csj-emballages.com\/de\/#Organization\/\",\"name\":\"CSJ Emballages\",\"url\":\"https:\/\/www.csj-emballages.com\/de\/\",\"logo\":{\"@type\":\"ImageObject\",\"inLanguage\":\"de\",\"@id\":\"https:\/\/www.csj-emballages.com\/de\/#\/schema\/logo\/image\/\",\"url\":\"https:\/\/www.csj-emballages.com\/wp-content\/uploads\/2023\/10\/logo_csj.webp\",\"contentUrl\":\"https:\/\/www.csj-emballages.com\/wp-content\/uploads\/2023\/10\/logo_csj.webp\",\"width\":250,\"height\":95,\"caption\":\"CSJ Emballages\"},\"image\":{\"@id\":\"https:\/\/www.csj-emballages.com\/de\/#\/schema\/logo\/image\/\"},\"sameAs\":[\"https:\/\/www.facebook.com\/csjemballages\"],\"address\":{\"@type\":\"PostalAddress\",\"streetAddress\":\"ZI La Lechere\",\"addressLocality\":\"Patornay\",\"postalCode\":\"39130\",\"addressCountry\":\"FR\"},\"contactPoint\":[{\"@type\":\"ContactPoint\",\"contactType\":\"Service client\",\"telephone\":\"0384254272\",\"email\":\"contact@csj-emballages.com\"}]}]}<\/script>\n<!-- \/ Yoast SEO Premium plugin. -->","yoast_head_json":{"title":"Glatter Vakuumbeutel schwarz 30 x 40 cm - 90\u00b5 \/ CSJ Verpackungen","description":"Die schwarzen 30 x 40 cm (90 \u00b5) Glatten Vakuumbeutel verl\u00e4ngern die Frische von Lebensmitteln durch einen zuverl\u00e4ssigen und widerstandsf\u00e4higen luftdichten Schutz.","robots":{"index":"index","follow":"follow","max-snippet":"max-snippet:-1","max-image-preview":"max-image-preview:large","max-video-preview":"max-video-preview:-1"},"canonical":"https:\/\/www.csj-emballages.com\/de\/produit\/vakuumbeutel-zur-aufbewahrung-glatt-schwarz-30-x-40-cm-90-%c2%b5-pro-100\/","og_locale":"de_DE","og_type":"article","og_title":"Vakuumbeutel zur Aufbewahrung glatt schwarz 30 x 40 cm 90 \u00b5 pro 100","og_description":"Die schwarzen 30 x 40 cm (90 \u00b5) Glatten Vakuumbeutel verl\u00e4ngern die Frische von Lebensmitteln durch einen zuverl\u00e4ssigen und widerstandsf\u00e4higen luftdichten Schutz.","og_url":"https:\/\/www.csj-emballages.com\/de\/produit\/vakuumbeutel-zur-aufbewahrung-glatt-schwarz-30-x-40-cm-90-%c2%b5-pro-100\/","og_site_name":"CSJ Emballages","article_publisher":"https:\/\/www.facebook.com\/csjemballages","article_modified_time":"2026-04-16T00:17:07+00:00","og_image":[{"width":800,"height":800,"url":"https:\/\/www.csj-emballages.com\/wp-content\/uploads\/2025\/01\/Sac-sous-vide-lisse-noir.webp","type":"image\/webp"}],"twitter_card":"summary_large_image","twitter_misc":{"Gesch\u00e4tzte Lesezeit":"2 Minuten"},"schema":{"@context":"https:\/\/schema.org","@graph":[{"@type":"WebPage","@id":"https:\/\/www.csj-emballages.com\/de\/produit\/vakuumbeutel-zur-aufbewahrung-glatt-schwarz-30-x-40-cm-90-%c2%b5-pro-100\/","url":"https:\/\/www.csj-emballages.com\/de\/produit\/vakuumbeutel-zur-aufbewahrung-glatt-schwarz-30-x-40-cm-90-%c2%b5-pro-100\/","name":"Glatter Vakuumbeutel schwarz 30 x 40 cm - 90\u00b5 \/ CSJ Verpackungen","isPartOf":{"@id":"https:\/\/www.csj-emballages.com\/de\/#website"},"primaryImageOfPage":{"@id":"https:\/\/www.csj-emballages.com\/de\/produit\/vakuumbeutel-zur-aufbewahrung-glatt-schwarz-30-x-40-cm-90-%c2%b5-pro-100\/#primaryimage"},"image":{"@id":"https:\/\/www.csj-emballages.com\/de\/produit\/vakuumbeutel-zur-aufbewahrung-glatt-schwarz-30-x-40-cm-90-%c2%b5-pro-100\/#primaryimage"},"thumbnailUrl":"https:\/\/www.csj-emballages.com\/wp-content\/uploads\/2025\/01\/Sac-sous-vide-lisse-noir.webp","datePublished":"2025-01-21T17:21:17+00:00","dateModified":"2026-04-16T00:17:07+00:00","description":"Die schwarzen 30 x 40 cm (90 \u00b5) Glatten Vakuumbeutel verl\u00e4ngern die Frische von Lebensmitteln durch einen zuverl\u00e4ssigen und widerstandsf\u00e4higen luftdichten Schutz.","breadcrumb":{"@id":"https:\/\/www.csj-emballages.com\/de\/produit\/vakuumbeutel-zur-aufbewahrung-glatt-schwarz-30-x-40-cm-90-%c2%b5-pro-100\/#breadcrumb"},"inLanguage":"de","potentialAction":[{"@type":"ReadAction","target":["https:\/\/www.csj-emballages.com\/de\/produit\/vakuumbeutel-zur-aufbewahrung-glatt-schwarz-30-x-40-cm-90-%c2%b5-pro-100\/"]}]},{"@type":"ImageObject","inLanguage":"de","@id":"https:\/\/www.csj-emballages.com\/de\/produit\/vakuumbeutel-zur-aufbewahrung-glatt-schwarz-30-x-40-cm-90-%c2%b5-pro-100\/#primaryimage","url":"https:\/\/www.csj-emballages.com\/wp-content\/uploads\/2025\/01\/Sac-sous-vide-lisse-noir.webp","contentUrl":"https:\/\/www.csj-emballages.com\/wp-content\/uploads\/2025\/01\/Sac-sous-vide-lisse-noir.webp","width":800,"height":800,"caption":"Sac sous vide"},{"@type":"BreadcrumbList","@id":"https:\/\/www.csj-emballages.com\/de\/produit\/vakuumbeutel-zur-aufbewahrung-glatt-schwarz-30-x-40-cm-90-%c2%b5-pro-100\/#breadcrumb","itemListElement":[{"@type":"ListItem","position":1,"name":"Accueil","item":"https:\/\/www.csj-emballages.com\/de\/universum-lebensmittelverpackungen\/"},{"@type":"ListItem","position":2,"name":"Shop","item":"https:\/\/www.csj-emballages.com\/shop\/"},{"@type":"ListItem","position":3,"name":"Vakuumbeutel zur Aufbewahrung glatt schwarz 30 x 40 cm 90 \u00b5 pro 100"}]},{"@type":"WebSite","@id":"https:\/\/www.csj-emballages.com\/de\/#website","url":"https:\/\/www.csj-emballages.com\/de\/","name":"CSJ Emballages","description":"","publisher":{"@id":"https:\/\/www.csj-emballages.com\/de\/#organization"},"potentialAction":[{"@type":"SearchAction","target":{"@type":"EntryPoint","urlTemplate":"https:\/\/www.csj-emballages.com\/de\/?s={search_term_string}"},"query-input":{"@type":"PropertyValueSpecification","valueRequired":true,"valueName":"search_term_string"}}],"inLanguage":"de"},{"@type":"Organization","@id":"https:\/\/www.csj-emballages.com\/de\/#Organization\/","name":"CSJ Emballages","url":"https:\/\/www.csj-emballages.com\/de\/","logo":{"@type":"ImageObject","inLanguage":"de","@id":"https:\/\/www.csj-emballages.com\/de\/#\/schema\/logo\/image\/","url":"https:\/\/www.csj-emballages.com\/wp-content\/uploads\/2023\/10\/logo_csj.webp","contentUrl":"https:\/\/www.csj-emballages.com\/wp-content\/uploads\/2023\/10\/logo_csj.webp","width":250,"height":95,"caption":"CSJ Emballages"},"image":{"@id":"https:\/\/www.csj-emballages.com\/de\/#\/schema\/logo\/image\/"},"sameAs":["https:\/\/www.facebook.com\/csjemballages"],"address":{"@type":"PostalAddress","streetAddress":"ZI La Lechere","addressLocality":"Patornay","postalCode":"39130","addressCountry":"FR"},"contactPoint":[{"@type":"ContactPoint","contactType":"Service client","telephone":"0384254272","email":"contact@csj-emballages.com"}]}]}},"df_price":21.07,"df_sale_price":"","df_regular_price":21.07,"df_image_link":"https:\/\/www.csj-emballages.com\/wp-content\/uploads\/2025\/01\/Sac-sous-vide-lisse-noir-300x300.webp","tiered_pricing_type":"fixed","tiered_pricing_fixed_rules":[],"tiered_pricing_percentage_rules":[],"tiered_pricing_minimum":1,"tiered_pricing_roles_data":[],"_links":{"self":[{"href":"https:\/\/www.csj-emballages.com\/de\/wp-json\/wp\/v2\/product\/224820","targetHints":{"allow":["GET"]}}],"collection":[{"href":"https:\/\/www.csj-emballages.com\/de\/wp-json\/wp\/v2\/product"}],"about":[{"href":"https:\/\/www.csj-emballages.com\/de\/wp-json\/wp\/v2\/types\/product"}],"wp:featuredmedia":[{"embeddable":true,"href":"https:\/\/www.csj-emballages.com\/de\/wp-json\/wp\/v2\/media\/222148"}],"wp:attachment":[{"href":"https:\/\/www.csj-emballages.com\/de\/wp-json\/wp\/v2\/media?parent=224820"}],"wp:term":[{"taxonomy":"product_brand","embeddable":true,"href":"https:\/\/www.csj-emballages.com\/de\/wp-json\/wp\/v2\/product_brand?post=224820"},{"taxonomy":"product_cat","embeddable":true,"href":"https:\/\/www.csj-emballages.com\/de\/wp-json\/wp\/v2\/product_cat?post=224820"},{"taxonomy":"product_tag","embeddable":true,"href":"https:\/\/www.csj-emballages.com\/de\/wp-json\/wp\/v2\/product_tag?post=224820"}],"curies":[{"name":"wp","href":"https:\/\/api.w.org\/{rel}","templated":true}]}}