{"id":224816,"date":"2025-01-21T17:57:56","date_gmt":"2025-01-21T16:57:56","guid":{"rendered":"https:\/\/www.csj-emballages.com\/produit\/eisbecher-karton-weiss-240-ml-pro-50\/"},"modified":"2026-05-17T11:00:52","modified_gmt":"2026-05-17T09:00:52","slug":"eisbecher-karton-weiss-240-ml-pro-50","status":"publish","type":"product","link":"https:\/\/www.csj-emballages.com\/de\/produit\/eisbecher-karton-weiss-240-ml-pro-50\/","title":{"rendered":"Eisbecher Karton wei\u00df 240 ml pro 50"},"content":{"rendered":"<h2>Eistopf<\/h2>\n<hr>\n<h3>Beschreibung von Eisbecher aus wei\u00dfem Karton 240 ml pro 50 St\u00fcck<\/h3>\n<p><!--more--><\/p>\n<p data-start=\"244\" data-end=\"595\">Der <strong>wei\u00dfe Eisbecher aus Karton 240 ml<\/strong> ist ein unverzichtbares Produkt f\u00fcr den Service und Verkauf von <strong>Eis, Sorbets und kalten Desserts<\/strong>, sowohl zum Mitnehmen als auch vor Ort. Seine leicht ausgestellte <strong>runde<\/strong> Form bietet einen hervorragenden Halt und hohe Stabilit\u00e4t, was den Service f\u00fcr Profis sowie den Nutzungskomfort f\u00fcr Kunden erleichtert. <\/p>\n<p data-start=\"597\" data-end=\"990\">Dieser Becher aus lebensmittelechtem, stabilem <strong>Karton<\/strong> ist speziell f\u00fcr niedrige Temperaturen konzipiert. Er beh\u00e4lt seine Form auch bei l\u00e4ngerem Kontakt mit K\u00e4lte, ohne aufzuweichen oder sich zu verformen. Seine <strong>Kapazit\u00e4t von 240 ml<\/strong> ist ideal f\u00fcr <strong>Einzelportionen<\/strong> und erm\u00f6glicht eine pr\u00e4zise Dosierung sowie eine ansprechende Pr\u00e4sentation von <strong>handwerklich hergestelltem Eis, Sorbets, Frozen Yogurt oder frischen Desserts<\/strong>.  <\/p>\n<p data-start=\"992\" data-end=\"1337\">Sein <strong>wei\u00dfes Design<\/strong> sorgt f\u00fcr ein schlichtes, sauberes und professionelles Finish, das die Farben und Texturen der servierten Zubereitungen perfekt zur Geltung bringt. Dieses neutrale Design f\u00fcgt sich leicht in alle Verkaufskonzepte ein und kann mit Aufklebern, Stempeln oder Drucken an die visuelle Identit\u00e4t des Betriebs angepasst werden. <\/p>\n<p data-start=\"1339\" data-end=\"1665\">Im Alltag praktisch, ist dieser <strong>Becher<\/strong> leicht, stapelbar und einfach zu lagern, wodurch der Platz im Lager oder Labor optimiert wird. Er eignet sich perfekt f\u00fcr Eisdielen, Gastronomen, Food Trucks, Caterer, Konditoren oder Event-Organisatoren, die eine hygienische, zuverl\u00e4ssige und \u00e4sthetische Verpackungsl\u00f6sung anbieten m\u00f6chten. <\/p>\n<p data-start=\"1667\" data-end=\"1849\">Verpackt in <strong>50er-Einheiten<\/strong> ist der <strong>wei\u00dfe Eisbecher aus Karton 240 ml<\/strong> f\u00fcr die Bed\u00fcrfnisse kleiner und mittlerer Betriebe sowie f\u00fcr gelegentliche oder saisonale Verwendungen geeignet.<\/p>\n<p>&nbsp;<\/p>\n<p><!--more--><\/p>\n<p><strong><span style=\"color: #ff0000;\">*M\u00f6glichkeit der Personalisierung<\/span><\/strong><\/p>\n<p>&nbsp;<\/p>\n<p><!--more--><\/p>\n<h4>Vorteile :<\/h4>\n<ul>\n<li>Perfekt f\u00fcr Eis, Cremes und kalte Desserts.<\/li>\n<li>Dicker und feuchtigkeitsbest\u00e4ndiger Karton.<\/li>\n<li>Recycelbar und umweltfreundlich.<\/li>\n<li>Fassungsverm\u00f6gen von 240 ml, ideal f\u00fcr individuelle Portionen.<\/li>\n<li>Geeignet f\u00fcr Profis und Privatkunden.<\/li>\n<li>Wei\u00dfe Oberfl\u00e4che, geeignet f\u00fcr das Anbringen von Logos oder Etiketten.<\/li>\n<\/ul>\n<p>&nbsp;<\/p>\n<p><!--more--><\/p>\n<h4>Weitere Informationen :<\/h4>\n<ul>\n<li><strong>Verpackung<\/strong>: Packung mit 50 St\u00fcck<\/li>\n<li><strong>Unterer Durchmesser<\/strong>: 73 mm<\/li>\n<li><strong>Durchmesser oben<\/strong>: 95 mm<\/li>\n<li><strong>H\u00f6he<\/strong>: 64 mm<\/li>\n<li><strong>Volumen<\/strong>: 240 ml<\/li>\n<li><strong>Material<\/strong>: Karton<\/li>\n<li><strong>Farbe<\/strong>: Wei\u00df<\/li>\n<\/ul>\n<p>&nbsp;<\/p>\n<p><!--more--><\/p>\n<p>Dieses Produkt gibt es auch in <span style=\"color: #d12727;\"><a style=\"color: #d12727;\" href=\"https:\/\/www.csj-emballages.com\/de\/categorie-produit\/lebensmittelverpackungen\/restauration-de\/topfe-schalen-becherhalter\/kraft-topfe\/eisbecher\/\">90 ml<\/a><\/span> \/ <span style=\"color: #d12727;\"><a style=\"color: #d12727;\" href=\"https:\/\/www.csj-emballages.com\/es\/produit\/tarrina-de-helado-de-carton-blanco-120-ml-por-50\/\">120 ml<\/a><\/span> \/ <span style=\"color: #d12727;\"><a style=\"color: #d12727;\" href=\"https:\/\/www.csj-emballages.com\/es\/produit\/tarrina-de-helado-de-carton-blanco-180-ml-por-50\/\">180 ml<\/a><\/span> \/ <span style=\"color: #d12727;\"><a style=\"color: #d12727;\" href=\"https:\/\/www.csj-emballages.com\/es\/produit\/tarrina-de-helado-de-carton-blanco-360-ml-por-50\/\">360 ml<\/a><\/span><\/p>\n<p>&nbsp;<\/p>\n<p><!--more--><\/p>\n<p><a href=\"https:\/\/www.csj-emballages.com\/de\/categorie-produit\/lebensmittelverpackungen\/metzgerei-und-feinkostgeschaft\/sacke-und-beutel\/vakuumbeutel\/glatte-schwarze-vakuumbeutel\/\">Sehen Sie sich den Rest unseres Sortiments an Eisbechern an<\/a><\/p>\n","protected":false},"excerpt":{"rendered":"<p>Eistopf Beschreibung von Eisbecher aus wei\u00dfem Karton 240 ml pro 50 St\u00fcck<\/p>\n","protected":false},"featured_media":222598,"template":"","meta":{"_acf_changed":false},"product_brand":[],"product_cat":[1137,1134,3975,1328,9210],"product_tag":[],"class_list":{"0":"post-224816","1":"product","2":"type-product","3":"status-publish","4":"has-post-thumbnail","6":"product_cat-lebensmittelverpackungen","7":"product_cat-restauration-de","8":"product_cat-topfe-schalen-becherhalter","9":"product_cat-kraft-topfe","10":"product_cat-eisbecher","12":"first","13":"instock","14":"taxable","15":"shipping-taxable","16":"purchasable","17":"product-type-simple"},"acf":[],"yoast_head":"<!-- This site is optimized with the Yoast SEO Premium plugin v26.6 (Yoast SEO v26.6) - https:\/\/yoast.com\/wordpress\/plugins\/seo\/ -->\n<title>Eisbecher Karton Wei\u00df 240 ml pro 50<\/title>\n<meta name=\"description\" content=\"Entdecken Sie unseren wei\u00dfen Eisbecher aus Karton 240 ml. Perfekt f\u00fcr Ihre Veranstaltungen und den Au\u00dfer-Haus-Verkauf. Widerstandsf\u00e4hig, recycelbar und f\u00fcr gefrorene Desserts geeignet.\" \/>\n<meta name=\"robots\" content=\"index, follow, max-snippet:-1, max-image-preview:large, max-video-preview:-1\" \/>\n<link rel=\"canonical\" href=\"https:\/\/www.csj-emballages.com\/de\/produit\/eisbecher-karton-weiss-240-ml-pro-50\/\" \/>\n<meta property=\"og:locale\" content=\"de_DE\" \/>\n<meta property=\"og:type\" content=\"article\" \/>\n<meta property=\"og:title\" content=\"Eisbecher Karton wei\u00df 240 ml pro 50\" \/>\n<meta property=\"og:description\" content=\"Entdecken Sie unseren wei\u00dfen Eisbecher aus Karton 240 ml. Perfekt f\u00fcr Ihre Veranstaltungen und den Au\u00dfer-Haus-Verkauf. Widerstandsf\u00e4hig, recycelbar und f\u00fcr gefrorene Desserts geeignet.\" \/>\n<meta property=\"og:url\" content=\"https:\/\/www.csj-emballages.com\/de\/produit\/eisbecher-karton-weiss-240-ml-pro-50\/\" \/>\n<meta property=\"og:site_name\" content=\"CSJ Emballages\" \/>\n<meta property=\"article:publisher\" content=\"https:\/\/www.facebook.com\/csjemballages\" \/>\n<meta property=\"article:modified_time\" content=\"2026-05-17T09:00:52+00:00\" \/>\n<meta property=\"og:image\" content=\"https:\/\/www.csj-emballages.com\/wp-content\/uploads\/2025\/01\/Pot-de-glace-4.webp\" \/>\n\t<meta property=\"og:image:width\" content=\"800\" \/>\n\t<meta property=\"og:image:height\" content=\"800\" \/>\n\t<meta property=\"og:image:type\" content=\"image\/webp\" \/>\n<meta name=\"twitter:card\" content=\"summary_large_image\" \/>\n<meta name=\"twitter:label1\" content=\"Gesch\u00e4tzte Lesezeit\" \/>\n\t<meta name=\"twitter:data1\" content=\"2 Minuten\" \/>\n<script type=\"application\/ld+json\" class=\"yoast-schema-graph\">{\"@context\":\"https:\/\/schema.org\",\"@graph\":[{\"@type\":\"WebPage\",\"@id\":\"https:\/\/www.csj-emballages.com\/de\/produit\/eisbecher-karton-weiss-240-ml-pro-50\/\",\"url\":\"https:\/\/www.csj-emballages.com\/de\/produit\/eisbecher-karton-weiss-240-ml-pro-50\/\",\"name\":\"Eisbecher Karton Wei\u00df 240 ml pro 50\",\"isPartOf\":{\"@id\":\"https:\/\/www.csj-emballages.com\/de\/#website\"},\"primaryImageOfPage\":{\"@id\":\"https:\/\/www.csj-emballages.com\/de\/produit\/eisbecher-karton-weiss-240-ml-pro-50\/#primaryimage\"},\"image\":{\"@id\":\"https:\/\/www.csj-emballages.com\/de\/produit\/eisbecher-karton-weiss-240-ml-pro-50\/#primaryimage\"},\"thumbnailUrl\":\"https:\/\/www.csj-emballages.com\/wp-content\/uploads\/2025\/01\/Pot-de-glace-4.webp\",\"datePublished\":\"2025-01-21T16:57:56+00:00\",\"dateModified\":\"2026-05-17T09:00:52+00:00\",\"description\":\"Entdecken Sie unseren wei\u00dfen Eisbecher aus Karton 240 ml. Perfekt f\u00fcr Ihre Veranstaltungen und den Au\u00dfer-Haus-Verkauf. Widerstandsf\u00e4hig, recycelbar und f\u00fcr gefrorene Desserts geeignet.\",\"breadcrumb\":{\"@id\":\"https:\/\/www.csj-emballages.com\/de\/produit\/eisbecher-karton-weiss-240-ml-pro-50\/#breadcrumb\"},\"inLanguage\":\"de\",\"potentialAction\":[{\"@type\":\"ReadAction\",\"target\":[\"https:\/\/www.csj-emballages.com\/de\/produit\/eisbecher-karton-weiss-240-ml-pro-50\/\"]}]},{\"@type\":\"ImageObject\",\"inLanguage\":\"de\",\"@id\":\"https:\/\/www.csj-emballages.com\/de\/produit\/eisbecher-karton-weiss-240-ml-pro-50\/#primaryimage\",\"url\":\"https:\/\/www.csj-emballages.com\/wp-content\/uploads\/2025\/01\/Pot-de-glace-4.webp\",\"contentUrl\":\"https:\/\/www.csj-emballages.com\/wp-content\/uploads\/2025\/01\/Pot-de-glace-4.webp\",\"width\":800,\"height\":800,\"caption\":\"Pot de glace\"},{\"@type\":\"BreadcrumbList\",\"@id\":\"https:\/\/www.csj-emballages.com\/de\/produit\/eisbecher-karton-weiss-240-ml-pro-50\/#breadcrumb\",\"itemListElement\":[{\"@type\":\"ListItem\",\"position\":1,\"name\":\"Accueil\",\"item\":\"https:\/\/www.csj-emballages.com\/de\/universum-lebensmittelverpackungen\/\"},{\"@type\":\"ListItem\",\"position\":2,\"name\":\"Shop\",\"item\":\"https:\/\/www.csj-emballages.com\/shop\/\"},{\"@type\":\"ListItem\",\"position\":3,\"name\":\"Eisbecher Karton wei\u00df 240 ml pro 50\"}]},{\"@type\":\"WebSite\",\"@id\":\"https:\/\/www.csj-emballages.com\/de\/#website\",\"url\":\"https:\/\/www.csj-emballages.com\/de\/\",\"name\":\"CSJ Emballages\",\"description\":\"\",\"publisher\":{\"@id\":\"https:\/\/www.csj-emballages.com\/de\/#organization\"},\"potentialAction\":[{\"@type\":\"SearchAction\",\"target\":{\"@type\":\"EntryPoint\",\"urlTemplate\":\"https:\/\/www.csj-emballages.com\/de\/?s={search_term_string}\"},\"query-input\":{\"@type\":\"PropertyValueSpecification\",\"valueRequired\":true,\"valueName\":\"search_term_string\"}}],\"inLanguage\":\"de\"},{\"@type\":\"Organization\",\"@id\":\"https:\/\/www.csj-emballages.com\/de\/#Organization\/\",\"name\":\"CSJ Emballages\",\"url\":\"https:\/\/www.csj-emballages.com\/de\/\",\"logo\":{\"@type\":\"ImageObject\",\"inLanguage\":\"de\",\"@id\":\"https:\/\/www.csj-emballages.com\/de\/#\/schema\/logo\/image\/\",\"url\":\"https:\/\/www.csj-emballages.com\/wp-content\/uploads\/2023\/10\/logo_csj.webp\",\"contentUrl\":\"https:\/\/www.csj-emballages.com\/wp-content\/uploads\/2023\/10\/logo_csj.webp\",\"width\":250,\"height\":95,\"caption\":\"CSJ Emballages\"},\"image\":{\"@id\":\"https:\/\/www.csj-emballages.com\/de\/#\/schema\/logo\/image\/\"},\"sameAs\":[\"https:\/\/www.facebook.com\/csjemballages\"],\"address\":{\"@type\":\"PostalAddress\",\"streetAddress\":\"ZI La Lechere\",\"addressLocality\":\"Patornay\",\"postalCode\":\"39130\",\"addressCountry\":\"FR\"},\"contactPoint\":[{\"@type\":\"ContactPoint\",\"contactType\":\"Service client\",\"telephone\":\"0384254272\",\"email\":\"contact@csj-emballages.com\"}]}]}<\/script>\n<!-- \/ Yoast SEO Premium plugin. -->","yoast_head_json":{"title":"Eisbecher Karton Wei\u00df 240 ml pro 50","description":"Entdecken Sie unseren wei\u00dfen Eisbecher aus Karton 240 ml. Perfekt f\u00fcr Ihre Veranstaltungen und den Au\u00dfer-Haus-Verkauf. Widerstandsf\u00e4hig, recycelbar und f\u00fcr gefrorene Desserts geeignet.","robots":{"index":"index","follow":"follow","max-snippet":"max-snippet:-1","max-image-preview":"max-image-preview:large","max-video-preview":"max-video-preview:-1"},"canonical":"https:\/\/www.csj-emballages.com\/de\/produit\/eisbecher-karton-weiss-240-ml-pro-50\/","og_locale":"de_DE","og_type":"article","og_title":"Eisbecher Karton wei\u00df 240 ml pro 50","og_description":"Entdecken Sie unseren wei\u00dfen Eisbecher aus Karton 240 ml. Perfekt f\u00fcr Ihre Veranstaltungen und den Au\u00dfer-Haus-Verkauf. Widerstandsf\u00e4hig, recycelbar und f\u00fcr gefrorene Desserts geeignet.","og_url":"https:\/\/www.csj-emballages.com\/de\/produit\/eisbecher-karton-weiss-240-ml-pro-50\/","og_site_name":"CSJ Emballages","article_publisher":"https:\/\/www.facebook.com\/csjemballages","article_modified_time":"2026-05-17T09:00:52+00:00","og_image":[{"width":800,"height":800,"url":"https:\/\/www.csj-emballages.com\/wp-content\/uploads\/2025\/01\/Pot-de-glace-4.webp","type":"image\/webp"}],"twitter_card":"summary_large_image","twitter_misc":{"Gesch\u00e4tzte Lesezeit":"2 Minuten"},"schema":{"@context":"https:\/\/schema.org","@graph":[{"@type":"WebPage","@id":"https:\/\/www.csj-emballages.com\/de\/produit\/eisbecher-karton-weiss-240-ml-pro-50\/","url":"https:\/\/www.csj-emballages.com\/de\/produit\/eisbecher-karton-weiss-240-ml-pro-50\/","name":"Eisbecher Karton Wei\u00df 240 ml pro 50","isPartOf":{"@id":"https:\/\/www.csj-emballages.com\/de\/#website"},"primaryImageOfPage":{"@id":"https:\/\/www.csj-emballages.com\/de\/produit\/eisbecher-karton-weiss-240-ml-pro-50\/#primaryimage"},"image":{"@id":"https:\/\/www.csj-emballages.com\/de\/produit\/eisbecher-karton-weiss-240-ml-pro-50\/#primaryimage"},"thumbnailUrl":"https:\/\/www.csj-emballages.com\/wp-content\/uploads\/2025\/01\/Pot-de-glace-4.webp","datePublished":"2025-01-21T16:57:56+00:00","dateModified":"2026-05-17T09:00:52+00:00","description":"Entdecken Sie unseren wei\u00dfen Eisbecher aus Karton 240 ml. Perfekt f\u00fcr Ihre Veranstaltungen und den Au\u00dfer-Haus-Verkauf. Widerstandsf\u00e4hig, recycelbar und f\u00fcr gefrorene Desserts geeignet.","breadcrumb":{"@id":"https:\/\/www.csj-emballages.com\/de\/produit\/eisbecher-karton-weiss-240-ml-pro-50\/#breadcrumb"},"inLanguage":"de","potentialAction":[{"@type":"ReadAction","target":["https:\/\/www.csj-emballages.com\/de\/produit\/eisbecher-karton-weiss-240-ml-pro-50\/"]}]},{"@type":"ImageObject","inLanguage":"de","@id":"https:\/\/www.csj-emballages.com\/de\/produit\/eisbecher-karton-weiss-240-ml-pro-50\/#primaryimage","url":"https:\/\/www.csj-emballages.com\/wp-content\/uploads\/2025\/01\/Pot-de-glace-4.webp","contentUrl":"https:\/\/www.csj-emballages.com\/wp-content\/uploads\/2025\/01\/Pot-de-glace-4.webp","width":800,"height":800,"caption":"Pot de glace"},{"@type":"BreadcrumbList","@id":"https:\/\/www.csj-emballages.com\/de\/produit\/eisbecher-karton-weiss-240-ml-pro-50\/#breadcrumb","itemListElement":[{"@type":"ListItem","position":1,"name":"Accueil","item":"https:\/\/www.csj-emballages.com\/de\/universum-lebensmittelverpackungen\/"},{"@type":"ListItem","position":2,"name":"Shop","item":"https:\/\/www.csj-emballages.com\/shop\/"},{"@type":"ListItem","position":3,"name":"Eisbecher Karton wei\u00df 240 ml pro 50"}]},{"@type":"WebSite","@id":"https:\/\/www.csj-emballages.com\/de\/#website","url":"https:\/\/www.csj-emballages.com\/de\/","name":"CSJ Emballages","description":"","publisher":{"@id":"https:\/\/www.csj-emballages.com\/de\/#organization"},"potentialAction":[{"@type":"SearchAction","target":{"@type":"EntryPoint","urlTemplate":"https:\/\/www.csj-emballages.com\/de\/?s={search_term_string}"},"query-input":{"@type":"PropertyValueSpecification","valueRequired":true,"valueName":"search_term_string"}}],"inLanguage":"de"},{"@type":"Organization","@id":"https:\/\/www.csj-emballages.com\/de\/#Organization\/","name":"CSJ Emballages","url":"https:\/\/www.csj-emballages.com\/de\/","logo":{"@type":"ImageObject","inLanguage":"de","@id":"https:\/\/www.csj-emballages.com\/de\/#\/schema\/logo\/image\/","url":"https:\/\/www.csj-emballages.com\/wp-content\/uploads\/2023\/10\/logo_csj.webp","contentUrl":"https:\/\/www.csj-emballages.com\/wp-content\/uploads\/2023\/10\/logo_csj.webp","width":250,"height":95,"caption":"CSJ Emballages"},"image":{"@id":"https:\/\/www.csj-emballages.com\/de\/#\/schema\/logo\/image\/"},"sameAs":["https:\/\/www.facebook.com\/csjemballages"],"address":{"@type":"PostalAddress","streetAddress":"ZI La Lechere","addressLocality":"Patornay","postalCode":"39130","addressCountry":"FR"},"contactPoint":[{"@type":"ContactPoint","contactType":"Service client","telephone":"0384254272","email":"contact@csj-emballages.com"}]}]}},"df_price":3.59,"df_sale_price":"","df_regular_price":3.59,"df_image_link":"https:\/\/www.csj-emballages.com\/wp-content\/uploads\/2025\/01\/Pot-de-glace-4-300x300.webp","tiered_pricing_type":"fixed","tiered_pricing_fixed_rules":[],"tiered_pricing_percentage_rules":[],"tiered_pricing_minimum":1,"tiered_pricing_roles_data":[],"_links":{"self":[{"href":"https:\/\/www.csj-emballages.com\/de\/wp-json\/wp\/v2\/product\/224816","targetHints":{"allow":["GET"]}}],"collection":[{"href":"https:\/\/www.csj-emballages.com\/de\/wp-json\/wp\/v2\/product"}],"about":[{"href":"https:\/\/www.csj-emballages.com\/de\/wp-json\/wp\/v2\/types\/product"}],"wp:featuredmedia":[{"embeddable":true,"href":"https:\/\/www.csj-emballages.com\/de\/wp-json\/wp\/v2\/media\/222598"}],"wp:attachment":[{"href":"https:\/\/www.csj-emballages.com\/de\/wp-json\/wp\/v2\/media?parent=224816"}],"wp:term":[{"taxonomy":"product_brand","embeddable":true,"href":"https:\/\/www.csj-emballages.com\/de\/wp-json\/wp\/v2\/product_brand?post=224816"},{"taxonomy":"product_cat","embeddable":true,"href":"https:\/\/www.csj-emballages.com\/de\/wp-json\/wp\/v2\/product_cat?post=224816"},{"taxonomy":"product_tag","embeddable":true,"href":"https:\/\/www.csj-emballages.com\/de\/wp-json\/wp\/v2\/product_tag?post=224816"}],"curies":[{"name":"wp","href":"https:\/\/api.w.org\/{rel}","templated":true}]}}