{"id":224793,"date":"2025-01-21T17:58:01","date_gmt":"2025-01-21T16:58:01","guid":{"rendered":"https:\/\/www.csj-emballages.com\/produit\/eisbecher-karton-weiss-90-ml-pro-50\/"},"modified":"2026-05-16T02:14:52","modified_gmt":"2026-05-16T00:14:52","slug":"eisbecher-karton-weiss-90-ml-pro-50","status":"publish","type":"product","link":"https:\/\/www.csj-emballages.com\/de\/produit\/eisbecher-karton-weiss-90-ml-pro-50\/","title":{"rendered":"Eisbecher Karton wei\u00df 90 ml pro 50"},"content":{"rendered":"<h2>Eistopf<\/h2>\n<hr>\n<h3>Beschreibung von Eisbecher aus wei\u00dfem Karton 90 ml pro 50 St\u00fcck<\/h3>\n<p><!--more--><\/p>\n<p data-start=\"221\" data-end=\"529\">Der <strong>wei\u00dfe 90-ml-Eisbecher aus Karton<\/strong> ist die ideale L\u00f6sung f\u00fcr das Servieren und den Verkauf von <strong>kleinen Portionen Eis, Sorbets, gefrorenen Desserts oder kalten Zubereitungen<\/strong>.<\/p>\n<p data-start=\"531\" data-end=\"934\">Dank seines <strong>Fassungsverm\u00f6gens von 90 ml<\/strong> ist dieser <strong>Eisbecher<\/strong> perfekt geeignet f\u00fcr <strong>Einzelportionen<\/strong>, <strong>Verkostungen, Kinderdesserts oder Muster<\/strong>. Sein neutraler <strong>wei\u00dfer<\/strong> Farbton sorgt f\u00fcr ein elegantes und klares Finish, das den Inhalt hervorhebt, ohne abzulenken. Er f\u00fcgt sich problemlos in alle professionellen Umgebungen ein: <strong>Eisdielen, Restaurants, Caterer, Veranstaltungen, Imbisse oder Au\u00dfer-Haus-Verkaufsstellen<\/strong>.  <\/p>\n<p data-start=\"936\" data-end=\"1259\">Hergestellt aus lebensmittelechtem <strong>Karton<\/strong>, bietet dieser Becher eine gute Steifigkeit und zuverl\u00e4ssigen Halt beim Servieren. Er kann kalte Zubereitungen aufnehmen, wobei deren Form und Pr\u00e4sentation erhalten bleiben. Sein kompaktes Format erleichtert dem Kunden das Halten und optimiert die Lagerung sowohl im Lager als auch in der Vitrine.  <\/p>\n<p data-start=\"1261\" data-end=\"1612\">Vielseitig einsetzbar, kann der <strong>90-ml-Eisbecher aus Karton<\/strong> auch f\u00fcr andere Zubereitungen verwendet werden: <strong>Mousses, Milchdesserts, geschnittene Fr\u00fcchte, gefrorene Joghurts oder Verkostungsportionen<\/strong> bei Veranstaltungen und Verkaufsaktionen. Er ist somit ein praktischer Beh\u00e4lter, um das Angebot zu variieren und den neuen Anforderungen des mobilen Konsums gerecht zu werden. <\/p>\n<p data-start=\"1614\" data-end=\"1842\">Verpackt in einer Packung mit <strong>50 St\u00fcck<\/strong>, eignet sich dieses Produkt sowohl f\u00fcr kleine Betriebe als auch f\u00fcr Fachleute, die ein Format testen oder ihr Sortiment an Lebensmittelverpackungen mit einer einfachen und effektiven L\u00f6sung erg\u00e4nzen m\u00f6chten.<\/p>\n<p data-start=\"1614\" data-end=\"1842\">\n<p><!--more--><\/p>\n<p><strong><span style=\"color: #ff0000;\">*M\u00f6glichkeit der Personalisierung<\/span><\/strong><\/p>\n<p>&nbsp;<\/p>\n<p><!--more--><\/p>\n<h4>Vorteile :<\/h4>\n<ul>\n<li>Perfekt f\u00fcr Eis, Cremes und kalte Desserts.<\/li>\n<li>Dicker und feuchtigkeitsbest\u00e4ndiger Karton.<\/li>\n<li>Recycelbar und umweltfreundlich.<\/li>\n<li>Fassungsverm\u00f6gen von 90 ml, ideal f\u00fcr Einzelportionen.<\/li>\n<li>Geeignet f\u00fcr Profis und Privatkunden.<\/li>\n<li>Wei\u00dfe Oberfl\u00e4che, geeignet f\u00fcr das Anbringen von Logos oder Etiketten.<\/li>\n<\/ul>\n<p>&nbsp;<\/p>\n<p><!--more--><\/p>\n<h4>Weitere Informationen :<\/h4>\n<ul>\n<li><strong>Verpackung<\/strong>: Packung mit 50 St\u00fcck<\/li>\n<li><strong>Unterer Durchmesser<\/strong>: 58 mm<\/li>\n<li><strong>Oberer Durchmesser<\/strong>: 70 mm<\/li>\n<li><strong>H\u00f6he<\/strong>: 45 mm<\/li>\n<li><strong>Volumen<\/strong>: 90 ml<\/li>\n<li><strong>Material<\/strong>: Karton<\/li>\n<li><strong>Farbe<\/strong>: Wei\u00df<\/li>\n<\/ul>\n<p>&nbsp;<\/p>\n<p><!--more--><\/p>\n<p><a href=\"https:\/\/www.csj-emballages.com\/de\/categorie-produit\/lebensmittelverpackungen\/metzgerei-und-feinkostgeschaft\/sacke-und-beutel\/vakuumbeutel\/glatte-schwarze-vakuumbeutel\/\">Sehen Sie sich den Rest unseres Sortiments an Eisbechern an<\/a><\/p>\n","protected":false},"excerpt":{"rendered":"<p>Eistopf Beschreibung von Eisbecher aus wei\u00dfem Karton 90 ml pro 50 St\u00fcck<\/p>\n","protected":false},"featured_media":222506,"template":"","meta":{"_acf_changed":false},"product_brand":[],"product_cat":[1137,1134,3975,1328,9210],"product_tag":[],"class_list":{"0":"post-224793","1":"product","2":"type-product","3":"status-publish","4":"has-post-thumbnail","6":"product_cat-lebensmittelverpackungen","7":"product_cat-restauration-de","8":"product_cat-topfe-schalen-becherhalter","9":"product_cat-kraft-topfe","10":"product_cat-eisbecher","12":"first","13":"instock","14":"taxable","15":"shipping-taxable","16":"purchasable","17":"product-type-simple"},"acf":[],"yoast_head":"<!-- This site is optimized with the Yoast SEO Premium plugin v26.6 (Yoast SEO v26.6) - https:\/\/yoast.com\/wordpress\/plugins\/seo\/ -->\n<title>Eisbecher Karton Wei\u00df 90 ml pro 50<\/title>\n<meta name=\"description\" content=\"Entdecken Sie unseren wei\u00dfen 90-ml-Eisbecher aus Karton. Perfekt f\u00fcr Ihre Veranstaltungen und den Au\u00dfer-Haus-Verkauf. Widerstandsf\u00e4hig, recycelbar und f\u00fcr gefrorene Desserts geeignet.\" \/>\n<meta name=\"robots\" content=\"index, follow, max-snippet:-1, max-image-preview:large, max-video-preview:-1\" \/>\n<link rel=\"canonical\" href=\"https:\/\/www.csj-emballages.com\/de\/produit\/eisbecher-karton-weiss-90-ml-pro-50\/\" \/>\n<meta property=\"og:locale\" content=\"de_DE\" \/>\n<meta property=\"og:type\" content=\"article\" \/>\n<meta property=\"og:title\" content=\"Eisbecher Karton wei\u00df 90 ml pro 50\" \/>\n<meta property=\"og:description\" content=\"Entdecken Sie unseren wei\u00dfen 90-ml-Eisbecher aus Karton. Perfekt f\u00fcr Ihre Veranstaltungen und den Au\u00dfer-Haus-Verkauf. Widerstandsf\u00e4hig, recycelbar und f\u00fcr gefrorene Desserts geeignet.\" \/>\n<meta property=\"og:url\" content=\"https:\/\/www.csj-emballages.com\/de\/produit\/eisbecher-karton-weiss-90-ml-pro-50\/\" \/>\n<meta property=\"og:site_name\" content=\"CSJ Emballages\" \/>\n<meta property=\"article:publisher\" content=\"https:\/\/www.facebook.com\/csjemballages\" \/>\n<meta property=\"article:modified_time\" content=\"2026-05-16T00:14:52+00:00\" \/>\n<meta property=\"og:image\" content=\"https:\/\/www.csj-emballages.com\/wp-content\/uploads\/2025\/01\/Pot-de-glace.webp\" \/>\n\t<meta property=\"og:image:width\" content=\"800\" \/>\n\t<meta property=\"og:image:height\" content=\"800\" \/>\n\t<meta property=\"og:image:type\" content=\"image\/webp\" \/>\n<meta name=\"twitter:card\" content=\"summary_large_image\" \/>\n<meta name=\"twitter:label1\" content=\"Gesch\u00e4tzte Lesezeit\" \/>\n\t<meta name=\"twitter:data1\" content=\"2 Minuten\" \/>\n<script type=\"application\/ld+json\" class=\"yoast-schema-graph\">{\"@context\":\"https:\/\/schema.org\",\"@graph\":[{\"@type\":\"WebPage\",\"@id\":\"https:\/\/www.csj-emballages.com\/de\/produit\/eisbecher-karton-weiss-90-ml-pro-50\/\",\"url\":\"https:\/\/www.csj-emballages.com\/de\/produit\/eisbecher-karton-weiss-90-ml-pro-50\/\",\"name\":\"Eisbecher Karton Wei\u00df 90 ml pro 50\",\"isPartOf\":{\"@id\":\"https:\/\/www.csj-emballages.com\/de\/#website\"},\"primaryImageOfPage\":{\"@id\":\"https:\/\/www.csj-emballages.com\/de\/produit\/eisbecher-karton-weiss-90-ml-pro-50\/#primaryimage\"},\"image\":{\"@id\":\"https:\/\/www.csj-emballages.com\/de\/produit\/eisbecher-karton-weiss-90-ml-pro-50\/#primaryimage\"},\"thumbnailUrl\":\"https:\/\/www.csj-emballages.com\/wp-content\/uploads\/2025\/01\/Pot-de-glace.webp\",\"datePublished\":\"2025-01-21T16:58:01+00:00\",\"dateModified\":\"2026-05-16T00:14:52+00:00\",\"description\":\"Entdecken Sie unseren wei\u00dfen 90-ml-Eisbecher aus Karton. Perfekt f\u00fcr Ihre Veranstaltungen und den Au\u00dfer-Haus-Verkauf. Widerstandsf\u00e4hig, recycelbar und f\u00fcr gefrorene Desserts geeignet.\",\"breadcrumb\":{\"@id\":\"https:\/\/www.csj-emballages.com\/de\/produit\/eisbecher-karton-weiss-90-ml-pro-50\/#breadcrumb\"},\"inLanguage\":\"de\",\"potentialAction\":[{\"@type\":\"ReadAction\",\"target\":[\"https:\/\/www.csj-emballages.com\/de\/produit\/eisbecher-karton-weiss-90-ml-pro-50\/\"]}]},{\"@type\":\"ImageObject\",\"inLanguage\":\"de\",\"@id\":\"https:\/\/www.csj-emballages.com\/de\/produit\/eisbecher-karton-weiss-90-ml-pro-50\/#primaryimage\",\"url\":\"https:\/\/www.csj-emballages.com\/wp-content\/uploads\/2025\/01\/Pot-de-glace.webp\",\"contentUrl\":\"https:\/\/www.csj-emballages.com\/wp-content\/uploads\/2025\/01\/Pot-de-glace.webp\",\"width\":800,\"height\":800,\"caption\":\"Pot de glace\"},{\"@type\":\"BreadcrumbList\",\"@id\":\"https:\/\/www.csj-emballages.com\/de\/produit\/eisbecher-karton-weiss-90-ml-pro-50\/#breadcrumb\",\"itemListElement\":[{\"@type\":\"ListItem\",\"position\":1,\"name\":\"Accueil\",\"item\":\"https:\/\/www.csj-emballages.com\/de\/universum-lebensmittelverpackungen\/\"},{\"@type\":\"ListItem\",\"position\":2,\"name\":\"Shop\",\"item\":\"https:\/\/www.csj-emballages.com\/shop\/\"},{\"@type\":\"ListItem\",\"position\":3,\"name\":\"Eisbecher Karton wei\u00df 90 ml pro 50\"}]},{\"@type\":\"WebSite\",\"@id\":\"https:\/\/www.csj-emballages.com\/de\/#website\",\"url\":\"https:\/\/www.csj-emballages.com\/de\/\",\"name\":\"CSJ Emballages\",\"description\":\"\",\"publisher\":{\"@id\":\"https:\/\/www.csj-emballages.com\/de\/#organization\"},\"potentialAction\":[{\"@type\":\"SearchAction\",\"target\":{\"@type\":\"EntryPoint\",\"urlTemplate\":\"https:\/\/www.csj-emballages.com\/de\/?s={search_term_string}\"},\"query-input\":{\"@type\":\"PropertyValueSpecification\",\"valueRequired\":true,\"valueName\":\"search_term_string\"}}],\"inLanguage\":\"de\"},{\"@type\":\"Organization\",\"@id\":\"https:\/\/www.csj-emballages.com\/de\/#Organization\/\",\"name\":\"CSJ Emballages\",\"url\":\"https:\/\/www.csj-emballages.com\/de\/\",\"logo\":{\"@type\":\"ImageObject\",\"inLanguage\":\"de\",\"@id\":\"https:\/\/www.csj-emballages.com\/de\/#\/schema\/logo\/image\/\",\"url\":\"https:\/\/www.csj-emballages.com\/wp-content\/uploads\/2023\/10\/logo_csj.webp\",\"contentUrl\":\"https:\/\/www.csj-emballages.com\/wp-content\/uploads\/2023\/10\/logo_csj.webp\",\"width\":250,\"height\":95,\"caption\":\"CSJ Emballages\"},\"image\":{\"@id\":\"https:\/\/www.csj-emballages.com\/de\/#\/schema\/logo\/image\/\"},\"sameAs\":[\"https:\/\/www.facebook.com\/csjemballages\"],\"address\":{\"@type\":\"PostalAddress\",\"streetAddress\":\"ZI La Lechere\",\"addressLocality\":\"Patornay\",\"postalCode\":\"39130\",\"addressCountry\":\"FR\"},\"contactPoint\":[{\"@type\":\"ContactPoint\",\"contactType\":\"Service client\",\"telephone\":\"0384254272\",\"email\":\"contact@csj-emballages.com\"}]}]}<\/script>\n<!-- \/ Yoast SEO Premium plugin. -->","yoast_head_json":{"title":"Eisbecher Karton Wei\u00df 90 ml pro 50","description":"Entdecken Sie unseren wei\u00dfen 90-ml-Eisbecher aus Karton. Perfekt f\u00fcr Ihre Veranstaltungen und den Au\u00dfer-Haus-Verkauf. Widerstandsf\u00e4hig, recycelbar und f\u00fcr gefrorene Desserts geeignet.","robots":{"index":"index","follow":"follow","max-snippet":"max-snippet:-1","max-image-preview":"max-image-preview:large","max-video-preview":"max-video-preview:-1"},"canonical":"https:\/\/www.csj-emballages.com\/de\/produit\/eisbecher-karton-weiss-90-ml-pro-50\/","og_locale":"de_DE","og_type":"article","og_title":"Eisbecher Karton wei\u00df 90 ml pro 50","og_description":"Entdecken Sie unseren wei\u00dfen 90-ml-Eisbecher aus Karton. Perfekt f\u00fcr Ihre Veranstaltungen und den Au\u00dfer-Haus-Verkauf. Widerstandsf\u00e4hig, recycelbar und f\u00fcr gefrorene Desserts geeignet.","og_url":"https:\/\/www.csj-emballages.com\/de\/produit\/eisbecher-karton-weiss-90-ml-pro-50\/","og_site_name":"CSJ Emballages","article_publisher":"https:\/\/www.facebook.com\/csjemballages","article_modified_time":"2026-05-16T00:14:52+00:00","og_image":[{"width":800,"height":800,"url":"https:\/\/www.csj-emballages.com\/wp-content\/uploads\/2025\/01\/Pot-de-glace.webp","type":"image\/webp"}],"twitter_card":"summary_large_image","twitter_misc":{"Gesch\u00e4tzte Lesezeit":"2 Minuten"},"schema":{"@context":"https:\/\/schema.org","@graph":[{"@type":"WebPage","@id":"https:\/\/www.csj-emballages.com\/de\/produit\/eisbecher-karton-weiss-90-ml-pro-50\/","url":"https:\/\/www.csj-emballages.com\/de\/produit\/eisbecher-karton-weiss-90-ml-pro-50\/","name":"Eisbecher Karton Wei\u00df 90 ml pro 50","isPartOf":{"@id":"https:\/\/www.csj-emballages.com\/de\/#website"},"primaryImageOfPage":{"@id":"https:\/\/www.csj-emballages.com\/de\/produit\/eisbecher-karton-weiss-90-ml-pro-50\/#primaryimage"},"image":{"@id":"https:\/\/www.csj-emballages.com\/de\/produit\/eisbecher-karton-weiss-90-ml-pro-50\/#primaryimage"},"thumbnailUrl":"https:\/\/www.csj-emballages.com\/wp-content\/uploads\/2025\/01\/Pot-de-glace.webp","datePublished":"2025-01-21T16:58:01+00:00","dateModified":"2026-05-16T00:14:52+00:00","description":"Entdecken Sie unseren wei\u00dfen 90-ml-Eisbecher aus Karton. Perfekt f\u00fcr Ihre Veranstaltungen und den Au\u00dfer-Haus-Verkauf. Widerstandsf\u00e4hig, recycelbar und f\u00fcr gefrorene Desserts geeignet.","breadcrumb":{"@id":"https:\/\/www.csj-emballages.com\/de\/produit\/eisbecher-karton-weiss-90-ml-pro-50\/#breadcrumb"},"inLanguage":"de","potentialAction":[{"@type":"ReadAction","target":["https:\/\/www.csj-emballages.com\/de\/produit\/eisbecher-karton-weiss-90-ml-pro-50\/"]}]},{"@type":"ImageObject","inLanguage":"de","@id":"https:\/\/www.csj-emballages.com\/de\/produit\/eisbecher-karton-weiss-90-ml-pro-50\/#primaryimage","url":"https:\/\/www.csj-emballages.com\/wp-content\/uploads\/2025\/01\/Pot-de-glace.webp","contentUrl":"https:\/\/www.csj-emballages.com\/wp-content\/uploads\/2025\/01\/Pot-de-glace.webp","width":800,"height":800,"caption":"Pot de glace"},{"@type":"BreadcrumbList","@id":"https:\/\/www.csj-emballages.com\/de\/produit\/eisbecher-karton-weiss-90-ml-pro-50\/#breadcrumb","itemListElement":[{"@type":"ListItem","position":1,"name":"Accueil","item":"https:\/\/www.csj-emballages.com\/de\/universum-lebensmittelverpackungen\/"},{"@type":"ListItem","position":2,"name":"Shop","item":"https:\/\/www.csj-emballages.com\/shop\/"},{"@type":"ListItem","position":3,"name":"Eisbecher Karton wei\u00df 90 ml pro 50"}]},{"@type":"WebSite","@id":"https:\/\/www.csj-emballages.com\/de\/#website","url":"https:\/\/www.csj-emballages.com\/de\/","name":"CSJ Emballages","description":"","publisher":{"@id":"https:\/\/www.csj-emballages.com\/de\/#organization"},"potentialAction":[{"@type":"SearchAction","target":{"@type":"EntryPoint","urlTemplate":"https:\/\/www.csj-emballages.com\/de\/?s={search_term_string}"},"query-input":{"@type":"PropertyValueSpecification","valueRequired":true,"valueName":"search_term_string"}}],"inLanguage":"de"},{"@type":"Organization","@id":"https:\/\/www.csj-emballages.com\/de\/#Organization\/","name":"CSJ Emballages","url":"https:\/\/www.csj-emballages.com\/de\/","logo":{"@type":"ImageObject","inLanguage":"de","@id":"https:\/\/www.csj-emballages.com\/de\/#\/schema\/logo\/image\/","url":"https:\/\/www.csj-emballages.com\/wp-content\/uploads\/2023\/10\/logo_csj.webp","contentUrl":"https:\/\/www.csj-emballages.com\/wp-content\/uploads\/2023\/10\/logo_csj.webp","width":250,"height":95,"caption":"CSJ Emballages"},"image":{"@id":"https:\/\/www.csj-emballages.com\/de\/#\/schema\/logo\/image\/"},"sameAs":["https:\/\/www.facebook.com\/csjemballages"],"address":{"@type":"PostalAddress","streetAddress":"ZI La Lechere","addressLocality":"Patornay","postalCode":"39130","addressCountry":"FR"},"contactPoint":[{"@type":"ContactPoint","contactType":"Service client","telephone":"0384254272","email":"contact@csj-emballages.com"}]}]}},"df_price":2.36,"df_sale_price":"","df_regular_price":2.36,"df_image_link":"https:\/\/www.csj-emballages.com\/wp-content\/uploads\/2025\/01\/Pot-de-glace-300x300.webp","tiered_pricing_type":"fixed","tiered_pricing_fixed_rules":[],"tiered_pricing_percentage_rules":[],"tiered_pricing_minimum":1,"tiered_pricing_roles_data":[],"_links":{"self":[{"href":"https:\/\/www.csj-emballages.com\/de\/wp-json\/wp\/v2\/product\/224793","targetHints":{"allow":["GET"]}}],"collection":[{"href":"https:\/\/www.csj-emballages.com\/de\/wp-json\/wp\/v2\/product"}],"about":[{"href":"https:\/\/www.csj-emballages.com\/de\/wp-json\/wp\/v2\/types\/product"}],"wp:featuredmedia":[{"embeddable":true,"href":"https:\/\/www.csj-emballages.com\/de\/wp-json\/wp\/v2\/media\/222506"}],"wp:attachment":[{"href":"https:\/\/www.csj-emballages.com\/de\/wp-json\/wp\/v2\/media?parent=224793"}],"wp:term":[{"taxonomy":"product_brand","embeddable":true,"href":"https:\/\/www.csj-emballages.com\/de\/wp-json\/wp\/v2\/product_brand?post=224793"},{"taxonomy":"product_cat","embeddable":true,"href":"https:\/\/www.csj-emballages.com\/de\/wp-json\/wp\/v2\/product_cat?post=224793"},{"taxonomy":"product_tag","embeddable":true,"href":"https:\/\/www.csj-emballages.com\/de\/wp-json\/wp\/v2\/product_tag?post=224793"}],"curies":[{"name":"wp","href":"https:\/\/api.w.org\/{rel}","templated":true}]}}