{"id":22479,"date":"2024-03-01T16:50:39","date_gmt":"2024-03-01T15:50:39","guid":{"rendered":"https:\/\/u15jnbdpoq.preview.infomaniak.website\/produit\/90-dreieckige-einzelportionsschachteln-mit-schwarzem-boden\/"},"modified":"2026-05-06T02:16:01","modified_gmt":"2026-05-06T00:16:01","slug":"90-dreieckige-einzelportionsschachteln-mit-schwarzem-boden","status":"publish","type":"product","link":"https:\/\/www.csj-emballages.com\/de\/produit\/90-dreieckige-einzelportionsschachteln-mit-schwarzem-boden\/","title":{"rendered":"Individuelle dreieckige Tortenst\u00fcck-Box mit schwarzem Boden pro 90"},"content":{"rendered":"<h2>Schachtel mit Tortenst\u00fccken<\/h2>\n<hr>\n<h3>Beschreibung unserer individuellen dreieckigen Tortenst\u00fcckschachtel mit schwarzem Boden, 90 St\u00fcck<\/h3>\n<p><!--more--><\/p>\n<div class=\"flex max-w-full flex-col flex-grow\">\n<div class=\"min-h-8 text-message flex w-full flex-col items-end gap-2 whitespace-normal break-words text-start [.text-message+&amp;]:mt-5\" dir=\"auto\" data-message-author-role=\"assistant\" data-message-id=\"266ca6f3-5e07-4948-bd20-80ac5e6da4a5\" data-message-model-slug=\"gpt-4o\">\n<div class=\"flex w-full flex-col gap-1 empty:hidden first:pt-[3px]\">\n<div class=\"markdown prose w-full break-words dark:prose-invert dark\">\n<p>Diese <strong>dreieckige Tortenst\u00fcckschachtel mit schwarzem Boden<\/strong> wird im <strong>90er<\/strong> Pack verkauft und ist ideal f\u00fcr die <strong>elegante und hygienische<\/strong> Verpackung und Pr\u00e4sentation Ihrer Tortenst\u00fccke. Sie wurde f\u00fcr die Bed\u00fcrfnisse von <strong>Catering-Unternehmen<\/strong>, <strong>B\u00e4ckereien<\/strong> und <strong>Konditoreien<\/strong>, <strong>Restaurants<\/strong> und sogar <strong>Privatpersonen<\/strong> entwickelt und bietet eine \u00e4sthetische und praktische L\u00f6sung f\u00fcr den Transport und die Aufbewahrung von Einzelportionen. <\/p>\n<div class=\"flex max-w-full flex-col flex-grow\">\n<div class=\"min-h-8 text-message flex w-full flex-col items-end gap-2 whitespace-normal break-words text-start [.text-message+&amp;]:mt-5\" dir=\"auto\" data-message-author-role=\"assistant\" data-message-id=\"448dcfb5-eac0-4e44-9a2a-b9e4747084bf\" data-message-model-slug=\"gpt-4o\">\n<div class=\"flex w-full flex-col gap-1 empty:hidden first:pt-[3px]\">\n<div class=\"markdown prose w-full break-words dark:prose-invert dark\">\n<p>Ob zum Mitnehmen oder f\u00fcr eine Veranstaltung, diese <strong>dreieckige Schachtel f\u00fcr Tortenst\u00fccke<\/strong> ist die ideale L\u00f6sung, um Ihre Tortenst\u00fccke zu veredeln und sie gleichzeitig sicher zu transportieren.<\/p>\n<p>&nbsp;<\/p>\n<\/div>\n<\/div>\n<\/div>\n<\/div>\n<\/div>\n<\/div>\n<\/div>\n<\/div>\n<p><!--more--><\/p>\n<h4>Seine Vorteile :<\/h4>\n<ul>\n<li><strong>Praktisch f\u00fcr den Transport<\/strong>: Ideal f\u00fcr die Mitnahme von Anteilen, sorgt f\u00fcr eine saubere und fehlerfreie Pr\u00e4sentation.<\/li>\n<li><strong>Gebrauchsfertig<\/strong>: Wird in Sets von 90 St\u00fcck geliefert, f\u00fcr eine schnelle und einfache Verwendung bei jeder Gelegenheit.<\/li>\n<li><strong>Premium-\u00c4sthetik<\/strong>: Die schwarze Farbe hebt Ihre Kreationen hervor.<\/li>\n<\/ul>\n<p>&nbsp;<\/p>\n<p><!--more--><\/p>\n<h4>Weitere Informationen :<\/h4>\n<ul>\n<li><strong>Verpackung<\/strong>: Packung mit 90 St\u00fcck<\/li>\n<li><strong>Abmessungen<\/strong>: 165 x 115 x 50 (L x B x H in mm)<\/li>\n<li><strong>Material<\/strong>: Polyethylen-Terephthalat (PET)<\/li>\n<li><strong>Nutzung<\/strong>: Kalt<\/li>\n<li><strong>Betriebstemperatur<\/strong>: -40\u00b0C\/+70\u00b0C<\/li>\n<\/ul>\n<p>&nbsp;<\/p>\n<p>&nbsp;<\/p>\n<p><!--more--><\/p>\n<p><a href=\"https:\/\/www.csj-emballages.com\/categorie-produit\/emballages\/boucherie-traiteur-primeur\/barquettes-boites-et-pots\/barquettes-boites-pots-alimentaires\/boites-parts-de-tartes-individuelles\/\">Sehen Sie sich den Rest unseres Sortiments an individuellen Tortenst\u00fccken an.<\/a><\/p>\n","protected":false},"excerpt":{"rendered":"<p>Schachtel mit Tortenst\u00fccken Beschreibung unserer individuellen dreieckigen Tortenst\u00fcckschachtel mit schwarzem Boden, 90 St\u00fcck<\/p>\n","protected":false},"featured_media":220955,"template":"","meta":{"_acf_changed":false},"product_brand":[],"product_cat":[1170,1513,3100],"product_tag":[],"class_list":{"0":"post-22479","1":"product","2":"type-product","3":"status-publish","4":"has-post-thumbnail","6":"product_cat-metzgerei-und-feinkostgeschaft","7":"product_cat-schalen-dosen-glaser-fur-lebensmittel","8":"product_cat-dreieckige-tortenschachteln","10":"first","11":"outofstock","12":"taxable","13":"shipping-taxable","14":"purchasable","15":"product-type-simple"},"acf":[],"yoast_head":"<!-- This site is optimized with the Yoast SEO Premium plugin v26.6 (Yoast SEO v26.6) - https:\/\/yoast.com\/wordpress\/plugins\/seo\/ -->\n<title>Box Individuelle Tortenst\u00fccke Dreieckig Schwarzer Boden pro 90<\/title>\n<meta name=\"description\" content=\"Individuelle dreieckige Tortenst\u00fcckschachtel, ideal f\u00fcr einzelne St\u00fccke. Elegant und praktisch, perfekt f\u00fcr Catering, Konditoreien und Privatpersonen.\" \/>\n<meta name=\"robots\" content=\"index, follow, max-snippet:-1, max-image-preview:large, max-video-preview:-1\" \/>\n<link rel=\"canonical\" href=\"https:\/\/www.csj-emballages.com\/de\/produit\/90-dreieckige-einzelportionsschachteln-mit-schwarzem-boden\/\" \/>\n<meta property=\"og:locale\" content=\"de_DE\" \/>\n<meta property=\"og:type\" content=\"article\" \/>\n<meta property=\"og:title\" content=\"Individuelle dreieckige Tortenst\u00fcck-Box mit schwarzem Boden pro 90\" \/>\n<meta property=\"og:description\" content=\"Individuelle dreieckige Tortenst\u00fcckschachtel, ideal f\u00fcr einzelne St\u00fccke. Elegant und praktisch, perfekt f\u00fcr Catering, Konditoreien und Privatpersonen.\" \/>\n<meta property=\"og:url\" content=\"https:\/\/www.csj-emballages.com\/de\/produit\/90-dreieckige-einzelportionsschachteln-mit-schwarzem-boden\/\" \/>\n<meta property=\"og:site_name\" content=\"CSJ Emballages\" \/>\n<meta property=\"article:publisher\" content=\"https:\/\/www.facebook.com\/csjemballages\" \/>\n<meta property=\"article:modified_time\" content=\"2026-05-06T00:16:01+00:00\" \/>\n<meta property=\"og:image\" content=\"https:\/\/www.csj-emballages.com\/wp-content\/uploads\/2024\/03\/Part-de-tarte.webp\" \/>\n\t<meta property=\"og:image:width\" content=\"800\" \/>\n\t<meta property=\"og:image:height\" content=\"800\" \/>\n\t<meta property=\"og:image:type\" content=\"image\/webp\" \/>\n<meta name=\"twitter:card\" content=\"summary_large_image\" \/>\n<meta name=\"twitter:label1\" content=\"Gesch\u00e4tzte Lesezeit\" \/>\n\t<meta name=\"twitter:data1\" content=\"1\u00a0Minute\" \/>\n<script type=\"application\/ld+json\" class=\"yoast-schema-graph\">{\"@context\":\"https:\/\/schema.org\",\"@graph\":[{\"@type\":\"WebPage\",\"@id\":\"https:\/\/www.csj-emballages.com\/de\/produit\/90-dreieckige-einzelportionsschachteln-mit-schwarzem-boden\/\",\"url\":\"https:\/\/www.csj-emballages.com\/de\/produit\/90-dreieckige-einzelportionsschachteln-mit-schwarzem-boden\/\",\"name\":\"Box Individuelle Tortenst\u00fccke Dreieckig Schwarzer Boden pro 90\",\"isPartOf\":{\"@id\":\"https:\/\/www.csj-emballages.com\/de\/#website\"},\"primaryImageOfPage\":{\"@id\":\"https:\/\/www.csj-emballages.com\/de\/produit\/90-dreieckige-einzelportionsschachteln-mit-schwarzem-boden\/#primaryimage\"},\"image\":{\"@id\":\"https:\/\/www.csj-emballages.com\/de\/produit\/90-dreieckige-einzelportionsschachteln-mit-schwarzem-boden\/#primaryimage\"},\"thumbnailUrl\":\"https:\/\/www.csj-emballages.com\/wp-content\/uploads\/2024\/03\/Part-de-tarte.webp\",\"datePublished\":\"2024-03-01T15:50:39+00:00\",\"dateModified\":\"2026-05-06T00:16:01+00:00\",\"description\":\"Individuelle dreieckige Tortenst\u00fcckschachtel, ideal f\u00fcr einzelne St\u00fccke. Elegant und praktisch, perfekt f\u00fcr Catering, Konditoreien und Privatpersonen.\",\"breadcrumb\":{\"@id\":\"https:\/\/www.csj-emballages.com\/de\/produit\/90-dreieckige-einzelportionsschachteln-mit-schwarzem-boden\/#breadcrumb\"},\"inLanguage\":\"de\",\"potentialAction\":[{\"@type\":\"ReadAction\",\"target\":[\"https:\/\/www.csj-emballages.com\/de\/produit\/90-dreieckige-einzelportionsschachteln-mit-schwarzem-boden\/\"]}]},{\"@type\":\"ImageObject\",\"inLanguage\":\"de\",\"@id\":\"https:\/\/www.csj-emballages.com\/de\/produit\/90-dreieckige-einzelportionsschachteln-mit-schwarzem-boden\/#primaryimage\",\"url\":\"https:\/\/www.csj-emballages.com\/wp-content\/uploads\/2024\/03\/Part-de-tarte.webp\",\"contentUrl\":\"https:\/\/www.csj-emballages.com\/wp-content\/uploads\/2024\/03\/Part-de-tarte.webp\",\"width\":800,\"height\":800,\"caption\":\"Boite part de tarte\"},{\"@type\":\"BreadcrumbList\",\"@id\":\"https:\/\/www.csj-emballages.com\/de\/produit\/90-dreieckige-einzelportionsschachteln-mit-schwarzem-boden\/#breadcrumb\",\"itemListElement\":[{\"@type\":\"ListItem\",\"position\":1,\"name\":\"Accueil\",\"item\":\"https:\/\/www.csj-emballages.com\/de\/universum-lebensmittelverpackungen\/\"},{\"@type\":\"ListItem\",\"position\":2,\"name\":\"Shop\",\"item\":\"https:\/\/www.csj-emballages.com\/shop\/\"},{\"@type\":\"ListItem\",\"position\":3,\"name\":\"Individuelle dreieckige Tortenst\u00fcck-Box mit schwarzem Boden pro 90\"}]},{\"@type\":\"WebSite\",\"@id\":\"https:\/\/www.csj-emballages.com\/de\/#website\",\"url\":\"https:\/\/www.csj-emballages.com\/de\/\",\"name\":\"CSJ Emballages\",\"description\":\"\",\"publisher\":{\"@id\":\"https:\/\/www.csj-emballages.com\/de\/#organization\"},\"potentialAction\":[{\"@type\":\"SearchAction\",\"target\":{\"@type\":\"EntryPoint\",\"urlTemplate\":\"https:\/\/www.csj-emballages.com\/de\/?s={search_term_string}\"},\"query-input\":{\"@type\":\"PropertyValueSpecification\",\"valueRequired\":true,\"valueName\":\"search_term_string\"}}],\"inLanguage\":\"de\"},{\"@type\":\"Organization\",\"@id\":\"https:\/\/www.csj-emballages.com\/de\/#Organization\/\",\"name\":\"CSJ Emballages\",\"url\":\"https:\/\/www.csj-emballages.com\/de\/\",\"logo\":{\"@type\":\"ImageObject\",\"inLanguage\":\"de\",\"@id\":\"https:\/\/www.csj-emballages.com\/de\/#\/schema\/logo\/image\/\",\"url\":\"https:\/\/www.csj-emballages.com\/wp-content\/uploads\/2023\/10\/logo_csj.webp\",\"contentUrl\":\"https:\/\/www.csj-emballages.com\/wp-content\/uploads\/2023\/10\/logo_csj.webp\",\"width\":250,\"height\":95,\"caption\":\"CSJ Emballages\"},\"image\":{\"@id\":\"https:\/\/www.csj-emballages.com\/de\/#\/schema\/logo\/image\/\"},\"sameAs\":[\"https:\/\/www.facebook.com\/csjemballages\"],\"address\":{\"@type\":\"PostalAddress\",\"streetAddress\":\"ZI La Lechere\",\"addressLocality\":\"Patornay\",\"postalCode\":\"39130\",\"addressCountry\":\"FR\"},\"contactPoint\":[{\"@type\":\"ContactPoint\",\"contactType\":\"Service client\",\"telephone\":\"0384254272\",\"email\":\"contact@csj-emballages.com\"}]}]}<\/script>\n<!-- \/ Yoast SEO Premium plugin. -->","yoast_head_json":{"title":"Box Individuelle Tortenst\u00fccke Dreieckig Schwarzer Boden pro 90","description":"Individuelle dreieckige Tortenst\u00fcckschachtel, ideal f\u00fcr einzelne St\u00fccke. Elegant und praktisch, perfekt f\u00fcr Catering, Konditoreien und Privatpersonen.","robots":{"index":"index","follow":"follow","max-snippet":"max-snippet:-1","max-image-preview":"max-image-preview:large","max-video-preview":"max-video-preview:-1"},"canonical":"https:\/\/www.csj-emballages.com\/de\/produit\/90-dreieckige-einzelportionsschachteln-mit-schwarzem-boden\/","og_locale":"de_DE","og_type":"article","og_title":"Individuelle dreieckige Tortenst\u00fcck-Box mit schwarzem Boden pro 90","og_description":"Individuelle dreieckige Tortenst\u00fcckschachtel, ideal f\u00fcr einzelne St\u00fccke. Elegant und praktisch, perfekt f\u00fcr Catering, Konditoreien und Privatpersonen.","og_url":"https:\/\/www.csj-emballages.com\/de\/produit\/90-dreieckige-einzelportionsschachteln-mit-schwarzem-boden\/","og_site_name":"CSJ Emballages","article_publisher":"https:\/\/www.facebook.com\/csjemballages","article_modified_time":"2026-05-06T00:16:01+00:00","og_image":[{"width":800,"height":800,"url":"https:\/\/www.csj-emballages.com\/wp-content\/uploads\/2024\/03\/Part-de-tarte.webp","type":"image\/webp"}],"twitter_card":"summary_large_image","twitter_misc":{"Gesch\u00e4tzte Lesezeit":"1\u00a0Minute"},"schema":{"@context":"https:\/\/schema.org","@graph":[{"@type":"WebPage","@id":"https:\/\/www.csj-emballages.com\/de\/produit\/90-dreieckige-einzelportionsschachteln-mit-schwarzem-boden\/","url":"https:\/\/www.csj-emballages.com\/de\/produit\/90-dreieckige-einzelportionsschachteln-mit-schwarzem-boden\/","name":"Box Individuelle Tortenst\u00fccke Dreieckig Schwarzer Boden pro 90","isPartOf":{"@id":"https:\/\/www.csj-emballages.com\/de\/#website"},"primaryImageOfPage":{"@id":"https:\/\/www.csj-emballages.com\/de\/produit\/90-dreieckige-einzelportionsschachteln-mit-schwarzem-boden\/#primaryimage"},"image":{"@id":"https:\/\/www.csj-emballages.com\/de\/produit\/90-dreieckige-einzelportionsschachteln-mit-schwarzem-boden\/#primaryimage"},"thumbnailUrl":"https:\/\/www.csj-emballages.com\/wp-content\/uploads\/2024\/03\/Part-de-tarte.webp","datePublished":"2024-03-01T15:50:39+00:00","dateModified":"2026-05-06T00:16:01+00:00","description":"Individuelle dreieckige Tortenst\u00fcckschachtel, ideal f\u00fcr einzelne St\u00fccke. Elegant und praktisch, perfekt f\u00fcr Catering, Konditoreien und Privatpersonen.","breadcrumb":{"@id":"https:\/\/www.csj-emballages.com\/de\/produit\/90-dreieckige-einzelportionsschachteln-mit-schwarzem-boden\/#breadcrumb"},"inLanguage":"de","potentialAction":[{"@type":"ReadAction","target":["https:\/\/www.csj-emballages.com\/de\/produit\/90-dreieckige-einzelportionsschachteln-mit-schwarzem-boden\/"]}]},{"@type":"ImageObject","inLanguage":"de","@id":"https:\/\/www.csj-emballages.com\/de\/produit\/90-dreieckige-einzelportionsschachteln-mit-schwarzem-boden\/#primaryimage","url":"https:\/\/www.csj-emballages.com\/wp-content\/uploads\/2024\/03\/Part-de-tarte.webp","contentUrl":"https:\/\/www.csj-emballages.com\/wp-content\/uploads\/2024\/03\/Part-de-tarte.webp","width":800,"height":800,"caption":"Boite part de tarte"},{"@type":"BreadcrumbList","@id":"https:\/\/www.csj-emballages.com\/de\/produit\/90-dreieckige-einzelportionsschachteln-mit-schwarzem-boden\/#breadcrumb","itemListElement":[{"@type":"ListItem","position":1,"name":"Accueil","item":"https:\/\/www.csj-emballages.com\/de\/universum-lebensmittelverpackungen\/"},{"@type":"ListItem","position":2,"name":"Shop","item":"https:\/\/www.csj-emballages.com\/shop\/"},{"@type":"ListItem","position":3,"name":"Individuelle dreieckige Tortenst\u00fcck-Box mit schwarzem Boden pro 90"}]},{"@type":"WebSite","@id":"https:\/\/www.csj-emballages.com\/de\/#website","url":"https:\/\/www.csj-emballages.com\/de\/","name":"CSJ Emballages","description":"","publisher":{"@id":"https:\/\/www.csj-emballages.com\/de\/#organization"},"potentialAction":[{"@type":"SearchAction","target":{"@type":"EntryPoint","urlTemplate":"https:\/\/www.csj-emballages.com\/de\/?s={search_term_string}"},"query-input":{"@type":"PropertyValueSpecification","valueRequired":true,"valueName":"search_term_string"}}],"inLanguage":"de"},{"@type":"Organization","@id":"https:\/\/www.csj-emballages.com\/de\/#Organization\/","name":"CSJ Emballages","url":"https:\/\/www.csj-emballages.com\/de\/","logo":{"@type":"ImageObject","inLanguage":"de","@id":"https:\/\/www.csj-emballages.com\/de\/#\/schema\/logo\/image\/","url":"https:\/\/www.csj-emballages.com\/wp-content\/uploads\/2023\/10\/logo_csj.webp","contentUrl":"https:\/\/www.csj-emballages.com\/wp-content\/uploads\/2023\/10\/logo_csj.webp","width":250,"height":95,"caption":"CSJ Emballages"},"image":{"@id":"https:\/\/www.csj-emballages.com\/de\/#\/schema\/logo\/image\/"},"sameAs":["https:\/\/www.facebook.com\/csjemballages"],"address":{"@type":"PostalAddress","streetAddress":"ZI La Lechere","addressLocality":"Patornay","postalCode":"39130","addressCountry":"FR"},"contactPoint":[{"@type":"ContactPoint","contactType":"Service client","telephone":"0384254272","email":"contact@csj-emballages.com"}]}]}},"df_price":15.01,"df_sale_price":"","df_regular_price":15.01,"df_image_link":"https:\/\/www.csj-emballages.com\/wp-content\/uploads\/2024\/03\/Part-de-tarte-300x300.webp","tiered_pricing_type":"fixed","tiered_pricing_fixed_rules":[],"tiered_pricing_percentage_rules":[],"tiered_pricing_minimum":1,"tiered_pricing_roles_data":[],"_links":{"self":[{"href":"https:\/\/www.csj-emballages.com\/de\/wp-json\/wp\/v2\/product\/22479","targetHints":{"allow":["GET"]}}],"collection":[{"href":"https:\/\/www.csj-emballages.com\/de\/wp-json\/wp\/v2\/product"}],"about":[{"href":"https:\/\/www.csj-emballages.com\/de\/wp-json\/wp\/v2\/types\/product"}],"wp:featuredmedia":[{"embeddable":true,"href":"https:\/\/www.csj-emballages.com\/de\/wp-json\/wp\/v2\/media\/220955"}],"wp:attachment":[{"href":"https:\/\/www.csj-emballages.com\/de\/wp-json\/wp\/v2\/media?parent=22479"}],"wp:term":[{"taxonomy":"product_brand","embeddable":true,"href":"https:\/\/www.csj-emballages.com\/de\/wp-json\/wp\/v2\/product_brand?post=22479"},{"taxonomy":"product_cat","embeddable":true,"href":"https:\/\/www.csj-emballages.com\/de\/wp-json\/wp\/v2\/product_cat?post=22479"},{"taxonomy":"product_tag","embeddable":true,"href":"https:\/\/www.csj-emballages.com\/de\/wp-json\/wp\/v2\/product_tag?post=22479"}],"curies":[{"name":"wp","href":"https:\/\/api.w.org\/{rel}","templated":true}]}}