{"id":224709,"date":"2024-12-18T16:15:26","date_gmt":"2024-12-18T15:15:26","guid":{"rendered":"https:\/\/www.csj-emballages.com\/produit\/nuggetbox-aus-karton-zum-mitnehmen-228-x-124-x-78-mm-pro-50-stueck\/"},"modified":"2026-04-30T02:17:09","modified_gmt":"2026-04-30T00:17:09","slug":"nuggetbox-aus-karton-zum-mitnehmen-228-x-124-x-78-mm-pro-50-stueck","status":"publish","type":"product","link":"https:\/\/www.csj-emballages.com\/de\/produit\/nuggetbox-aus-karton-zum-mitnehmen-228-x-124-x-78-mm-pro-50-stueck\/","title":{"rendered":"Nuggetbox aus Karton zum Mitnehmen 228 x 124 x 78 mm pro 50 St\u00fcck"},"content":{"rendered":"<h2>Nuggets-Box<\/h2>\n<hr>\n<h3>Beschreibung von Nuggets Karton zum Mitnehmen 228 x 124 x 78 mm pro 50 St\u00fcck<\/h3>\n<p><!--more--><\/p>\n<p data-start=\"244\" data-end=\"727\">Wenn Sie eine Verpackung suchen, die praktisch und stabil ist und gleichzeitig Ihren Kunden Freude bereitet, ist diese <strong data-start=\"346\" data-end=\"392\">Nuggetbox aus Karton mit den Ma\u00dfen 228 x 124 x 78 mm<\/strong> genau das Richtige f\u00fcr Sie. Sobald Sie sie in die Hand nehmen, sp\u00fcren Sie ihre Qualit\u00e4t: ein <g id=\"gid_1\">fester<\/g>, sauberer <g id=\"gid_1\">Karton<\/g>, der perfekt f\u00fcr die Aufnahme von <g id=\"gid_2\">warmen Speisen<\/g> konzipiert ist, ohne sich zu verformen. Dank seiner idealen Gr\u00f6\u00dfe k\u00f6nnen Sie <strong>Nuggets<\/strong>, <strong>Tender<\/strong>, <strong>Tapas<\/strong>, <strong>Donuts<\/strong>&#8230; oder sogar eine kleine Portion Pommes frites darin unterbringen.  <\/p>\n<p data-start=\"729\" data-end=\"1078\">Au\u00dferdem l\u00e4sst er sich dank des <strong>intelligenten Klappensystems<\/strong> leicht verschlie\u00dfen. So bleiben Ihre Gerichte w\u00e4hrend des Transports warm, ohne dass sie auslaufen oder sich ungewollt \u00f6ffnen. Ihre Kunden profitieren dann von einer sauberen, praktischen und vor allem angenehm zu \u00f6ffnenden Verpackung. Dies verbessert direkt ihre Erfahrung und damit auch Ihr Image.   <\/p>\n<p data-start=\"1080\" data-end=\"1362\">Aber das ist noch nicht alles. Weil sie aus Karton besteht, ist diese <strong>Nuggetbox<\/strong> immer noch eine umweltfreundlichere Option als herk\u00f6mmliche Plastikverpackungen. Sie zeigt, dass Sie sich nicht nur um Ihre K\u00fcche k\u00fcmmern, sondern auch Ihre Verantwortung f\u00fcr die Umwelt wahrnehmen. Und das merken Ihre Kunden.   <\/p>\n<p data-start=\"1364\" data-end=\"1568\">Ebenso l\u00e4sst Ihnen das neutrale Design alle Freiheiten, die <strong>Schachtel<\/strong> zu personalisieren: ein <strong>Aufkleber<\/strong>, ein <strong>Stempel<\/strong>, ein <strong>Logo<\/strong>&#8230; und Ihre Verpackung wird zu einem echten Kommunikationstr\u00e4ger, einfach aber effektiv.<\/p>\n<p data-start=\"1570\" data-end=\"1754\">Egal, ob Sie einen Imbiss, einen Foodtruck, einen Sandwichladen oder einen Lieferservice betreiben, mit dieser Box k\u00f6nnen Sie schneller, sauberer und stilvoller arbeiten.<\/p>\n<p>&nbsp;<\/p>\n<p><!--more--><\/p>\n<p><strong><span style=\"color: #ff0000;\">*M\u00f6glichkeit der Personalisierung<\/span><\/strong><\/p>\n<p>&nbsp;<\/p>\n<p><!--more--><\/p>\n<h4>Vorteile :<\/h4>\n<ul>\n<li data-start=\"1446\" data-end=\"1510\">Solide Box, die sehr gut gegen hei\u00dfe und fettige Speisen best\u00e4ndig ist.<\/li>\n<li data-start=\"1513\" data-end=\"1569\">Ideales Format f\u00fcr <strong>Nuggets<\/strong>, <strong>Tender<\/strong> und <strong>kleine Portionen<\/strong>.<\/li>\n<li data-start=\"1572\" data-end=\"1624\">Schneller und intuitiver Verschluss, um Zeit zu sparen.<\/li>\n<li data-start=\"1627\" data-end=\"1683\"><strong>Aus Pappe<\/strong>: Eine verantwortungsvollere L\u00f6sung als Plastik.<\/li>\n<li data-start=\"1686\" data-end=\"1739\"><strong>Verkauft zu 50 St\u00fcck<\/strong> f\u00fcr ein hervorragendes Preis-Leistungs-Verh\u00e4ltnis.<\/li>\n<li data-start=\"1742\" data-end=\"1799\">Saubere und professionelle Pr\u00e4sentation f\u00fcr Ihre Kunden.<\/li>\n<\/ul>\n<p>&nbsp;<\/p>\n<p><!--more--><\/p>\n<h4>Weitere Informationen :<\/h4>\n<ul>\n<li><strong>Verpackung<\/strong>: Packung mit 50 St\u00fcck<\/li>\n<li><strong>Abmessungen<\/strong>: 228 x 124 x 78 mm<\/li>\n<li><strong>Material<\/strong>: Karton<\/li>\n<li><strong>Farbe<\/strong>: Braun<\/li>\n<\/ul>\n<p>&nbsp;<\/p>\n<p><!--more--><\/p>\n<p>Hier finden Sie die verschiedenen Gr\u00f6\u00dfen, die f\u00fcr dieses Produkt verf\u00fcgbar sind: <span style=\"color: #d12727;\"><a style=\"color: #d12727;\" href=\"https:\/\/www.csj-emballages.com\/es\/produit\/50-cajas-kraft-para-llevar-144-x-85-x-60-mm\/\">144 x 85 x 60 mm<\/a><\/span> \/ <span style=\"color: #d12727;\"><a style=\"color: #d12727;\" href=\"https:\/\/www.csj-emballages.com\/es\/produit\/caja-de-carton-para-pepitas-para-llevar-175-x-105-x-75-mm-paquete-de-50\/\">175 x 105 x 75 mm<\/a><\/span><\/p>\n<p>&nbsp;<\/p>\n<p><!--more--><\/p>\n<p><a href=\"https:\/\/www.csj-emballages.com\/de\/categorie-produit\/lebensmittelverpackungen\/restauration-de\/dosen-schalen-beutel-konen\/schalen-kartons\/kartonschachteln-fur-mahlzeiten\/\">Sehen Sie sich den Rest unseres Sortiments an Kartonschachteln f\u00fcr Mahlzeiten an.<\/a><\/p>\n","protected":false},"excerpt":{"rendered":"<p>Nuggets-Box Beschreibung von Nuggets Karton zum Mitnehmen 228 x 124 x 78 mm pro 50 St\u00fcck<\/p>\n","protected":false},"featured_media":224650,"template":"","meta":{"_acf_changed":false},"product_brand":[],"product_cat":[1137,1134,3974,1474,2792],"product_tag":[],"class_list":{"0":"post-224709","1":"product","2":"type-product","3":"status-publish","4":"has-post-thumbnail","6":"product_cat-lebensmittelverpackungen","7":"product_cat-restauration-de","8":"product_cat-dosen-schalen-beutel-konen","9":"product_cat-schalen-kartons","10":"product_cat-kartonschachteln-fur-mahlzeiten","12":"first","13":"instock","14":"taxable","15":"shipping-taxable","16":"purchasable","17":"product-type-simple"},"acf":[],"yoast_head":"<!-- This site is optimized with the Yoast SEO Premium plugin v26.6 (Yoast SEO v26.6) - https:\/\/yoast.com\/wordpress\/plugins\/seo\/ -->\n<title>Nuggets Karton zum Mitnehmen 228 x 124 x 78 mm pro 50 St\u00fcck<\/title>\n<meta name=\"description\" content=\"Kraft Nuggets Box 228 x 124 x 78 mm, perfekt f\u00fcr den Verkauf zum Mitnehmen. Fettbest\u00e4ndig, garantiert einen optimalen Transport Ihrer Nuggets\" \/>\n<meta name=\"robots\" content=\"index, follow, max-snippet:-1, max-image-preview:large, max-video-preview:-1\" \/>\n<link rel=\"canonical\" href=\"https:\/\/www.csj-emballages.com\/de\/produit\/nuggetbox-aus-karton-zum-mitnehmen-228-x-124-x-78-mm-pro-50-stueck\/\" \/>\n<meta property=\"og:locale\" content=\"de_DE\" \/>\n<meta property=\"og:type\" content=\"article\" \/>\n<meta property=\"og:title\" content=\"Nuggetbox aus Karton zum Mitnehmen 228 x 124 x 78 mm pro 50 St\u00fcck\" \/>\n<meta property=\"og:description\" content=\"Kraft Nuggets Box 228 x 124 x 78 mm, perfekt f\u00fcr den Verkauf zum Mitnehmen. Fettbest\u00e4ndig, garantiert einen optimalen Transport Ihrer Nuggets\" \/>\n<meta property=\"og:url\" content=\"https:\/\/www.csj-emballages.com\/de\/produit\/nuggetbox-aus-karton-zum-mitnehmen-228-x-124-x-78-mm-pro-50-stueck\/\" \/>\n<meta property=\"og:site_name\" content=\"CSJ Emballages\" \/>\n<meta property=\"article:publisher\" content=\"https:\/\/www.facebook.com\/csjemballages\" \/>\n<meta property=\"article:modified_time\" content=\"2026-04-30T00:17:09+00:00\" \/>\n<meta property=\"og:image\" content=\"https:\/\/www.csj-emballages.com\/wp-content\/uploads\/2024\/12\/TK22.webp\" \/>\n\t<meta property=\"og:image:width\" content=\"800\" \/>\n\t<meta property=\"og:image:height\" content=\"800\" \/>\n\t<meta property=\"og:image:type\" content=\"image\/webp\" \/>\n<meta name=\"twitter:card\" content=\"summary_large_image\" \/>\n<meta name=\"twitter:label1\" content=\"Gesch\u00e4tzte Lesezeit\" \/>\n\t<meta name=\"twitter:data1\" content=\"2 Minuten\" \/>\n<script type=\"application\/ld+json\" class=\"yoast-schema-graph\">{\"@context\":\"https:\/\/schema.org\",\"@graph\":[{\"@type\":\"WebPage\",\"@id\":\"https:\/\/www.csj-emballages.com\/de\/produit\/nuggetbox-aus-karton-zum-mitnehmen-228-x-124-x-78-mm-pro-50-stueck\/\",\"url\":\"https:\/\/www.csj-emballages.com\/de\/produit\/nuggetbox-aus-karton-zum-mitnehmen-228-x-124-x-78-mm-pro-50-stueck\/\",\"name\":\"Nuggets Karton zum Mitnehmen 228 x 124 x 78 mm pro 50 St\u00fcck\",\"isPartOf\":{\"@id\":\"https:\/\/www.csj-emballages.com\/de\/#website\"},\"primaryImageOfPage\":{\"@id\":\"https:\/\/www.csj-emballages.com\/de\/produit\/nuggetbox-aus-karton-zum-mitnehmen-228-x-124-x-78-mm-pro-50-stueck\/#primaryimage\"},\"image\":{\"@id\":\"https:\/\/www.csj-emballages.com\/de\/produit\/nuggetbox-aus-karton-zum-mitnehmen-228-x-124-x-78-mm-pro-50-stueck\/#primaryimage\"},\"thumbnailUrl\":\"https:\/\/www.csj-emballages.com\/wp-content\/uploads\/2024\/12\/TK22.webp\",\"datePublished\":\"2024-12-18T15:15:26+00:00\",\"dateModified\":\"2026-04-30T00:17:09+00:00\",\"description\":\"Kraft Nuggets Box 228 x 124 x 78 mm, perfekt f\u00fcr den Verkauf zum Mitnehmen. Fettbest\u00e4ndig, garantiert einen optimalen Transport Ihrer Nuggets\",\"breadcrumb\":{\"@id\":\"https:\/\/www.csj-emballages.com\/de\/produit\/nuggetbox-aus-karton-zum-mitnehmen-228-x-124-x-78-mm-pro-50-stueck\/#breadcrumb\"},\"inLanguage\":\"de\",\"potentialAction\":[{\"@type\":\"ReadAction\",\"target\":[\"https:\/\/www.csj-emballages.com\/de\/produit\/nuggetbox-aus-karton-zum-mitnehmen-228-x-124-x-78-mm-pro-50-stueck\/\"]}]},{\"@type\":\"ImageObject\",\"inLanguage\":\"de\",\"@id\":\"https:\/\/www.csj-emballages.com\/de\/produit\/nuggetbox-aus-karton-zum-mitnehmen-228-x-124-x-78-mm-pro-50-stueck\/#primaryimage\",\"url\":\"https:\/\/www.csj-emballages.com\/wp-content\/uploads\/2024\/12\/TK22.webp\",\"contentUrl\":\"https:\/\/www.csj-emballages.com\/wp-content\/uploads\/2024\/12\/TK22.webp\",\"width\":800,\"height\":800,\"caption\":\"Boite nuggets\"},{\"@type\":\"BreadcrumbList\",\"@id\":\"https:\/\/www.csj-emballages.com\/de\/produit\/nuggetbox-aus-karton-zum-mitnehmen-228-x-124-x-78-mm-pro-50-stueck\/#breadcrumb\",\"itemListElement\":[{\"@type\":\"ListItem\",\"position\":1,\"name\":\"Accueil\",\"item\":\"https:\/\/www.csj-emballages.com\/de\/universum-lebensmittelverpackungen\/\"},{\"@type\":\"ListItem\",\"position\":2,\"name\":\"Shop\",\"item\":\"https:\/\/www.csj-emballages.com\/shop\/\"},{\"@type\":\"ListItem\",\"position\":3,\"name\":\"Nuggetbox aus Karton zum Mitnehmen 228 x 124 x 78 mm pro 50 St\u00fcck\"}]},{\"@type\":\"WebSite\",\"@id\":\"https:\/\/www.csj-emballages.com\/de\/#website\",\"url\":\"https:\/\/www.csj-emballages.com\/de\/\",\"name\":\"CSJ Emballages\",\"description\":\"\",\"publisher\":{\"@id\":\"https:\/\/www.csj-emballages.com\/de\/#organization\"},\"potentialAction\":[{\"@type\":\"SearchAction\",\"target\":{\"@type\":\"EntryPoint\",\"urlTemplate\":\"https:\/\/www.csj-emballages.com\/de\/?s={search_term_string}\"},\"query-input\":{\"@type\":\"PropertyValueSpecification\",\"valueRequired\":true,\"valueName\":\"search_term_string\"}}],\"inLanguage\":\"de\"},{\"@type\":\"Organization\",\"@id\":\"https:\/\/www.csj-emballages.com\/de\/#Organization\/\",\"name\":\"CSJ Emballages\",\"url\":\"https:\/\/www.csj-emballages.com\/de\/\",\"logo\":{\"@type\":\"ImageObject\",\"inLanguage\":\"de\",\"@id\":\"https:\/\/www.csj-emballages.com\/de\/#\/schema\/logo\/image\/\",\"url\":\"https:\/\/www.csj-emballages.com\/wp-content\/uploads\/2023\/10\/logo_csj.webp\",\"contentUrl\":\"https:\/\/www.csj-emballages.com\/wp-content\/uploads\/2023\/10\/logo_csj.webp\",\"width\":250,\"height\":95,\"caption\":\"CSJ Emballages\"},\"image\":{\"@id\":\"https:\/\/www.csj-emballages.com\/de\/#\/schema\/logo\/image\/\"},\"sameAs\":[\"https:\/\/www.facebook.com\/csjemballages\"],\"address\":{\"@type\":\"PostalAddress\",\"streetAddress\":\"ZI La Lechere\",\"addressLocality\":\"Patornay\",\"postalCode\":\"39130\",\"addressCountry\":\"FR\"},\"contactPoint\":[{\"@type\":\"ContactPoint\",\"contactType\":\"Service client\",\"telephone\":\"0384254272\",\"email\":\"contact@csj-emballages.com\"}]}]}<\/script>\n<!-- \/ Yoast SEO Premium plugin. -->","yoast_head_json":{"title":"Nuggets Karton zum Mitnehmen 228 x 124 x 78 mm pro 50 St\u00fcck","description":"Kraft Nuggets Box 228 x 124 x 78 mm, perfekt f\u00fcr den Verkauf zum Mitnehmen. Fettbest\u00e4ndig, garantiert einen optimalen Transport Ihrer Nuggets","robots":{"index":"index","follow":"follow","max-snippet":"max-snippet:-1","max-image-preview":"max-image-preview:large","max-video-preview":"max-video-preview:-1"},"canonical":"https:\/\/www.csj-emballages.com\/de\/produit\/nuggetbox-aus-karton-zum-mitnehmen-228-x-124-x-78-mm-pro-50-stueck\/","og_locale":"de_DE","og_type":"article","og_title":"Nuggetbox aus Karton zum Mitnehmen 228 x 124 x 78 mm pro 50 St\u00fcck","og_description":"Kraft Nuggets Box 228 x 124 x 78 mm, perfekt f\u00fcr den Verkauf zum Mitnehmen. Fettbest\u00e4ndig, garantiert einen optimalen Transport Ihrer Nuggets","og_url":"https:\/\/www.csj-emballages.com\/de\/produit\/nuggetbox-aus-karton-zum-mitnehmen-228-x-124-x-78-mm-pro-50-stueck\/","og_site_name":"CSJ Emballages","article_publisher":"https:\/\/www.facebook.com\/csjemballages","article_modified_time":"2026-04-30T00:17:09+00:00","og_image":[{"width":800,"height":800,"url":"https:\/\/www.csj-emballages.com\/wp-content\/uploads\/2024\/12\/TK22.webp","type":"image\/webp"}],"twitter_card":"summary_large_image","twitter_misc":{"Gesch\u00e4tzte Lesezeit":"2 Minuten"},"schema":{"@context":"https:\/\/schema.org","@graph":[{"@type":"WebPage","@id":"https:\/\/www.csj-emballages.com\/de\/produit\/nuggetbox-aus-karton-zum-mitnehmen-228-x-124-x-78-mm-pro-50-stueck\/","url":"https:\/\/www.csj-emballages.com\/de\/produit\/nuggetbox-aus-karton-zum-mitnehmen-228-x-124-x-78-mm-pro-50-stueck\/","name":"Nuggets Karton zum Mitnehmen 228 x 124 x 78 mm pro 50 St\u00fcck","isPartOf":{"@id":"https:\/\/www.csj-emballages.com\/de\/#website"},"primaryImageOfPage":{"@id":"https:\/\/www.csj-emballages.com\/de\/produit\/nuggetbox-aus-karton-zum-mitnehmen-228-x-124-x-78-mm-pro-50-stueck\/#primaryimage"},"image":{"@id":"https:\/\/www.csj-emballages.com\/de\/produit\/nuggetbox-aus-karton-zum-mitnehmen-228-x-124-x-78-mm-pro-50-stueck\/#primaryimage"},"thumbnailUrl":"https:\/\/www.csj-emballages.com\/wp-content\/uploads\/2024\/12\/TK22.webp","datePublished":"2024-12-18T15:15:26+00:00","dateModified":"2026-04-30T00:17:09+00:00","description":"Kraft Nuggets Box 228 x 124 x 78 mm, perfekt f\u00fcr den Verkauf zum Mitnehmen. Fettbest\u00e4ndig, garantiert einen optimalen Transport Ihrer Nuggets","breadcrumb":{"@id":"https:\/\/www.csj-emballages.com\/de\/produit\/nuggetbox-aus-karton-zum-mitnehmen-228-x-124-x-78-mm-pro-50-stueck\/#breadcrumb"},"inLanguage":"de","potentialAction":[{"@type":"ReadAction","target":["https:\/\/www.csj-emballages.com\/de\/produit\/nuggetbox-aus-karton-zum-mitnehmen-228-x-124-x-78-mm-pro-50-stueck\/"]}]},{"@type":"ImageObject","inLanguage":"de","@id":"https:\/\/www.csj-emballages.com\/de\/produit\/nuggetbox-aus-karton-zum-mitnehmen-228-x-124-x-78-mm-pro-50-stueck\/#primaryimage","url":"https:\/\/www.csj-emballages.com\/wp-content\/uploads\/2024\/12\/TK22.webp","contentUrl":"https:\/\/www.csj-emballages.com\/wp-content\/uploads\/2024\/12\/TK22.webp","width":800,"height":800,"caption":"Boite nuggets"},{"@type":"BreadcrumbList","@id":"https:\/\/www.csj-emballages.com\/de\/produit\/nuggetbox-aus-karton-zum-mitnehmen-228-x-124-x-78-mm-pro-50-stueck\/#breadcrumb","itemListElement":[{"@type":"ListItem","position":1,"name":"Accueil","item":"https:\/\/www.csj-emballages.com\/de\/universum-lebensmittelverpackungen\/"},{"@type":"ListItem","position":2,"name":"Shop","item":"https:\/\/www.csj-emballages.com\/shop\/"},{"@type":"ListItem","position":3,"name":"Nuggetbox aus Karton zum Mitnehmen 228 x 124 x 78 mm pro 50 St\u00fcck"}]},{"@type":"WebSite","@id":"https:\/\/www.csj-emballages.com\/de\/#website","url":"https:\/\/www.csj-emballages.com\/de\/","name":"CSJ Emballages","description":"","publisher":{"@id":"https:\/\/www.csj-emballages.com\/de\/#organization"},"potentialAction":[{"@type":"SearchAction","target":{"@type":"EntryPoint","urlTemplate":"https:\/\/www.csj-emballages.com\/de\/?s={search_term_string}"},"query-input":{"@type":"PropertyValueSpecification","valueRequired":true,"valueName":"search_term_string"}}],"inLanguage":"de"},{"@type":"Organization","@id":"https:\/\/www.csj-emballages.com\/de\/#Organization\/","name":"CSJ Emballages","url":"https:\/\/www.csj-emballages.com\/de\/","logo":{"@type":"ImageObject","inLanguage":"de","@id":"https:\/\/www.csj-emballages.com\/de\/#\/schema\/logo\/image\/","url":"https:\/\/www.csj-emballages.com\/wp-content\/uploads\/2023\/10\/logo_csj.webp","contentUrl":"https:\/\/www.csj-emballages.com\/wp-content\/uploads\/2023\/10\/logo_csj.webp","width":250,"height":95,"caption":"CSJ Emballages"},"image":{"@id":"https:\/\/www.csj-emballages.com\/de\/#\/schema\/logo\/image\/"},"sameAs":["https:\/\/www.facebook.com\/csjemballages"],"address":{"@type":"PostalAddress","streetAddress":"ZI La Lechere","addressLocality":"Patornay","postalCode":"39130","addressCountry":"FR"},"contactPoint":[{"@type":"ContactPoint","contactType":"Service client","telephone":"0384254272","email":"contact@csj-emballages.com"}]}]}},"df_price":18.78,"df_sale_price":"","df_regular_price":18.78,"df_image_link":"https:\/\/www.csj-emballages.com\/wp-content\/uploads\/2024\/12\/TK22-300x300.webp","tiered_pricing_type":"fixed","tiered_pricing_fixed_rules":[],"tiered_pricing_percentage_rules":[],"tiered_pricing_minimum":1,"tiered_pricing_roles_data":[],"_links":{"self":[{"href":"https:\/\/www.csj-emballages.com\/de\/wp-json\/wp\/v2\/product\/224709","targetHints":{"allow":["GET"]}}],"collection":[{"href":"https:\/\/www.csj-emballages.com\/de\/wp-json\/wp\/v2\/product"}],"about":[{"href":"https:\/\/www.csj-emballages.com\/de\/wp-json\/wp\/v2\/types\/product"}],"wp:featuredmedia":[{"embeddable":true,"href":"https:\/\/www.csj-emballages.com\/de\/wp-json\/wp\/v2\/media\/224650"}],"wp:attachment":[{"href":"https:\/\/www.csj-emballages.com\/de\/wp-json\/wp\/v2\/media?parent=224709"}],"wp:term":[{"taxonomy":"product_brand","embeddable":true,"href":"https:\/\/www.csj-emballages.com\/de\/wp-json\/wp\/v2\/product_brand?post=224709"},{"taxonomy":"product_cat","embeddable":true,"href":"https:\/\/www.csj-emballages.com\/de\/wp-json\/wp\/v2\/product_cat?post=224709"},{"taxonomy":"product_tag","embeddable":true,"href":"https:\/\/www.csj-emballages.com\/de\/wp-json\/wp\/v2\/product_tag?post=224709"}],"curies":[{"name":"wp","href":"https:\/\/api.w.org\/{rel}","templated":true}]}}