{"id":224422,"date":"2025-02-26T08:08:26","date_gmt":"2025-02-26T07:08:26","guid":{"rendered":"https:\/\/www.csj-emballages.com\/?post_type=product&#038;p=224422"},"modified":"2026-03-12T16:34:27","modified_gmt":"2026-03-12T15:34:27","slug":"schussel-salat-rund-kraft-960-ml-pro-50","status":"publish","type":"product","link":"https:\/\/www.csj-emballages.com\/de\/produit\/schussel-salat-rund-kraft-960-ml-pro-50\/","title":{"rendered":"Sch\u00fcssel Salat rund Kraft 960 ml pro 50"},"content":{"rendered":"<h2>Salatschale<\/h2>\n<hr>\n<h3>Beschreibung unserer Salatschale Kraft rund 960 ml pro 50 St\u00fcck<\/h3>\n<p><!--more--><\/p>\n<p data-start=\"249\" data-end=\"663\">Wenn die <strong>Portionen<\/strong> immer <strong>gr\u00f6\u00dfer<\/strong> werden, braucht man einen Beh\u00e4lter, der mithalten kann. Diese <g id=\"gid_3\">960-ml-Kraft-Salatsch\u00fcssel<\/g> wurde genau daf\u00fcr entworfen, um gut gef\u00fcllte Gerichte aufzunehmen, ohne Kompromisse beim Benutzerkomfort einzugehen. Dank des breiten Formats lassen sich die Zutaten leicht mischen, was sie perfekt f\u00fcr <strong>gro\u00dfe Salate<\/strong>, <strong>Poke Bowls<\/strong>, <strong>Crousty<\/strong>, <strong>Vollwertgerichte<\/strong> oder auch warme Rezepte zum Mitnehmen macht.  <\/p>\n<p data-start=\"665\" data-end=\"998\">Schon beim Anfassen merkt man, dass sie f\u00fcr den professionellen Gebrauch gedacht ist. Der dicke Kraftkarton bietet einen hervorragenden Halt und verhindert, dass sich die Sch\u00fcssel zerbrechlich anf\u00fchlt, selbst bei reichhaltigen Zubereitungen oder Saucen. Die <strong>Sch\u00fcssel<\/strong> beh\u00e4lt ihre Form und sch\u00fctzt den Inhalt bis zum Verzehr.  <\/p>\n<p data-start=\"1000\" data-end=\"1363\">Ihr nat\u00fcrliches, schlichtes Aussehen f\u00fcgt sich problemlos in jede Gastronomiewelt ein. Egal, ob Sie ein Healthy-Restaurant, einen Food-Truck, einen Take-away-Service oder ein Catering-Unternehmen sind, diese <strong>Sch\u00fcssel<\/strong> hebt Ihre Gerichte hervor, ohne Ihren Rezepten die Show zu stehlen. Sie ist auch eine ideale Basis f\u00fcr einen <strong>Deckel<\/strong>, ein <strong>Etikett<\/strong> oder eine <strong>visuelle Personalisierung<\/strong>.  <\/p>\n<p data-start=\"1365\" data-end=\"1580\">Mit einem Fassungsverm\u00f6gen von <strong data-start=\"1388\" data-end=\"1398\">960 ml<\/strong> bieten Sie Ihren Kunden eine echte Mahlzeit an, die vollst\u00e4ndig, reichhaltig und sch\u00f6n angerichtet ist. Und dank der <strong data-start=\"1487\" data-end=\"1500\">50er-Packung<\/strong> verwalten Sie Ihren Vorrat effizient, ohne unn\u00f6tige \u00dcbersch\u00fcsse oder unvorhergesehene Br\u00fcche. <\/p>\n<p data-start=\"1582\" data-end=\"1803\">Zusammenfassend l\u00e4sst sich sagen, dass diese gro\u00dfformatige <strong>Kraft-Salatschale<\/strong> ein zuverl\u00e4ssiger Verb\u00fcndeter f\u00fcr Gesch\u00e4ftsleute ist, die gro\u00dfz\u00fcgige, gut pr\u00e4sentierte und leicht zu transportierende Portionen anbieten und dabei ein modernes und gepflegtes Image bewahren m\u00f6chten.<\/p>\n<p data-start=\"1582\" data-end=\"1803\">\n<p data-start=\"763\" data-end=\"1088\"><!--more--><\/p>\n<p data-start=\"763\" data-end=\"1088\">Diese Sch\u00fcssel kann mit einem <strong data-start=\"589\" data-end=\"640\">transparenten PET-Deckel (Combo separat erh\u00e4ltlich)<\/strong> verwendet werden, um noch praktischer zu sein, so dass die Kunden den Inhalt sehen k\u00f6nnen, w\u00e4hrend die Lebensmittel frisch bleiben.<\/p>\n<p data-start=\"763\" data-end=\"1088\">\n<p data-start=\"763\" data-end=\"1088\"><!--more--><\/p>\n<p><span style=\"color: #ff0000;\"><strong>*M\u00f6glichkeit der Personalisierung<\/strong><\/span><\/p>\n<p>&nbsp;<\/p>\n<p><!--more--><\/p>\n<h4>Vorteile :<\/h4>\n<ul>\n<li data-start=\"1831\" data-end=\"1876\">Gro\u00dfes Fassungsverm\u00f6gen <strong>960 ml<\/strong> f\u00fcr komplette Mahlzeiten.<\/li>\n<li data-start=\"1879\" data-end=\"1918\">Gro\u00dfes Format, praktisch zum Mischen.<\/li>\n<li data-start=\"1921\" data-end=\"1965\">H\u00e4lt sich gut bei warmen Gerichten oder So\u00dfen.<\/li>\n<li data-start=\"1968\" data-end=\"1998\">Schlichter und aktueller Kraftstil.<\/li>\n<li data-start=\"2001\" data-end=\"2043\"><strong>50er-Set<\/strong> f\u00fcr den professionellen Gebrauch geeignet.<\/li>\n<\/ul>\n<p>&nbsp;<\/p>\n<p><!--more--><\/p>\n<h4>Weitere Informationen :<\/h4>\n<ul>\n<li><strong>Verpackung<\/strong>: Packung mit 50 St\u00fcck<\/li>\n<li><strong>Volumen<\/strong>: 960 ml<\/li>\n<li><strong>Unterer Durchmesser<\/strong>: 130 mm<\/li>\n<li><strong>Oberer Durchmesser<\/strong>: 150 mm<\/li>\n<li><strong>H\u00f6he<\/strong>: 80 mm<\/li>\n<li><strong>Material<\/strong>: Karton \/ PP<\/li>\n<li><strong>Farbe<\/strong>: Braun<\/li>\n<li><strong>Nutzung<\/strong>: Kalt \/ Warm<\/li>\n<\/ul>\n<p>&nbsp;<\/p>\n<p><!--more--><\/p>\n<p>Hier finden Sie die Combo aus Salatsch\u00fcssel + Deckel : <span style=\"color: #d12727;\"><a style=\"color: #d12727;\" href=\"https:\/\/www.csj-emballages.com\/es\/produit\/25-ensaladeras-kraft-tapas-pet-de-1000-ml\/\">PO1000KGE<\/a><\/span><\/p>\n<p>&nbsp;<\/p>\n<p><!--more--><\/p>\n<p>Dieses Produkt ist in verschiedenen Gr\u00f6\u00dfen erh\u00e4ltlich : <span style=\"color: #d12727;\"><a style=\"color: #d12727;\" href=\"https:\/\/www.csj-emballages.com\/es\/produit\/50-tarros-redondos-kraft-500-ml\/\">500 ml<\/a><\/span> \/ <span style=\"color: #d12727;\"><a style=\"color: #d12727;\" href=\"https:\/\/www.csj-emballages.com\/es\/produit\/ensaladera-kraft-780-ml-por-50-2\/\">780 ml<\/a><\/span> \/ <span style=\"color: #d12727;\"><a style=\"color: #d12727;\" href=\"https:\/\/www.csj-emballages.com\/es\/produit\/ensaladera-redonda-kraft-1100-ml\/\">1100 ml<\/a><\/span> \/ <span style=\"color: #d12727;\"><a style=\"color: #d12727;\" href=\"https:\/\/www.csj-emballages.com\/produit\/50-bol-salade-kraft-1250-ml\/\">1250 ml<\/a><\/span><\/p>\n<p>&nbsp;<\/p>\n<p><!--more--><\/p>\n<p><a href=\"https:\/\/www.csj-emballages.com\/de\/categorie-produit\/lebensmittelverpackungen\/restauration-de\/topfe-schalen-becherhalter\/kraft-salattopfe\/\">Sehen Sie sich den Rest unseres Sortiments an Kraft-Salatschalen an.<\/a><\/p>\n","protected":false},"excerpt":{"rendered":"<p>Salatschale Beschreibung unserer Salatschale Kraft rund 960 ml pro 50 St\u00fcck<\/p>\n","protected":false},"featured_media":224529,"template":"","meta":{"_acf_changed":false},"product_brand":[],"product_cat":[1137,1134,3975,3149],"product_tag":[],"class_list":{"0":"post-224422","1":"product","2":"type-product","3":"status-publish","4":"has-post-thumbnail","6":"product_cat-lebensmittelverpackungen","7":"product_cat-restauration-de","8":"product_cat-topfe-schalen-becherhalter","9":"product_cat-kraft-salattopfe","11":"first","12":"instock","13":"taxable","14":"shipping-taxable","15":"purchasable","16":"product-type-simple"},"acf":[],"yoast_head":"<!-- This site is optimized with the Yoast SEO Premium plugin v26.6 (Yoast SEO v26.6) - https:\/\/yoast.com\/wordpress\/plugins\/seo\/ -->\n<title>Sch\u00fcssel Salat Rund Kraft 960 ml pro 50<\/title>\n<meta name=\"description\" content=\"Entdecken Sie unsere Kraft-Salatschale 960 ml, die sich perfekt f\u00fcr warme oder kalte Speisen eignet. Es ist widerstandsf\u00e4hig, umweltfreundlich und \u00e4sthetisch ansprechend und eignet sich ideal f\u00fcr den Verkauf vor Ort.\" \/>\n<meta name=\"robots\" content=\"index, follow, max-snippet:-1, max-image-preview:large, max-video-preview:-1\" \/>\n<link rel=\"canonical\" href=\"https:\/\/www.csj-emballages.com\/de\/produit\/schussel-salat-rund-kraft-960-ml-pro-50\/\" \/>\n<meta property=\"og:locale\" content=\"de_DE\" \/>\n<meta property=\"og:type\" content=\"article\" \/>\n<meta property=\"og:title\" content=\"Sch\u00fcssel Salat rund Kraft 960 ml pro 50\" \/>\n<meta property=\"og:description\" content=\"Entdecken Sie unsere Kraft-Salatschale 960 ml, die sich perfekt f\u00fcr warme oder kalte Speisen eignet. Es ist widerstandsf\u00e4hig, umweltfreundlich und \u00e4sthetisch ansprechend und eignet sich ideal f\u00fcr den Verkauf vor Ort.\" \/>\n<meta property=\"og:url\" content=\"https:\/\/www.csj-emballages.com\/de\/produit\/schussel-salat-rund-kraft-960-ml-pro-50\/\" \/>\n<meta property=\"og:site_name\" content=\"CSJ Emballages\" \/>\n<meta property=\"article:publisher\" content=\"https:\/\/www.facebook.com\/csjemballages\" \/>\n<meta property=\"article:modified_time\" content=\"2026-03-12T15:34:27+00:00\" \/>\n<meta property=\"og:image\" content=\"https:\/\/www.csj-emballages.com\/wp-content\/uploads\/2025\/02\/PO960K.webp\" \/>\n\t<meta property=\"og:image:width\" content=\"800\" \/>\n\t<meta property=\"og:image:height\" content=\"800\" \/>\n\t<meta property=\"og:image:type\" content=\"image\/webp\" \/>\n<meta name=\"twitter:card\" content=\"summary_large_image\" \/>\n<meta name=\"twitter:label1\" content=\"Gesch\u00e4tzte Lesezeit\" \/>\n\t<meta name=\"twitter:data1\" content=\"2 Minuten\" \/>\n<script type=\"application\/ld+json\" class=\"yoast-schema-graph\">{\"@context\":\"https:\/\/schema.org\",\"@graph\":[{\"@type\":\"WebPage\",\"@id\":\"https:\/\/www.csj-emballages.com\/de\/produit\/schussel-salat-rund-kraft-960-ml-pro-50\/\",\"url\":\"https:\/\/www.csj-emballages.com\/de\/produit\/schussel-salat-rund-kraft-960-ml-pro-50\/\",\"name\":\"Sch\u00fcssel Salat Rund Kraft 960 ml pro 50\",\"isPartOf\":{\"@id\":\"https:\/\/www.csj-emballages.com\/de\/#website\"},\"primaryImageOfPage\":{\"@id\":\"https:\/\/www.csj-emballages.com\/de\/produit\/schussel-salat-rund-kraft-960-ml-pro-50\/#primaryimage\"},\"image\":{\"@id\":\"https:\/\/www.csj-emballages.com\/de\/produit\/schussel-salat-rund-kraft-960-ml-pro-50\/#primaryimage\"},\"thumbnailUrl\":\"https:\/\/www.csj-emballages.com\/wp-content\/uploads\/2025\/02\/PO960K.webp\",\"datePublished\":\"2025-02-26T07:08:26+00:00\",\"dateModified\":\"2026-03-12T15:34:27+00:00\",\"description\":\"Entdecken Sie unsere Kraft-Salatschale 960 ml, die sich perfekt f\u00fcr warme oder kalte Speisen eignet. Es ist widerstandsf\u00e4hig, umweltfreundlich und \u00e4sthetisch ansprechend und eignet sich ideal f\u00fcr den Verkauf vor Ort.\",\"breadcrumb\":{\"@id\":\"https:\/\/www.csj-emballages.com\/de\/produit\/schussel-salat-rund-kraft-960-ml-pro-50\/#breadcrumb\"},\"inLanguage\":\"de\",\"potentialAction\":[{\"@type\":\"ReadAction\",\"target\":[\"https:\/\/www.csj-emballages.com\/de\/produit\/schussel-salat-rund-kraft-960-ml-pro-50\/\"]}]},{\"@type\":\"ImageObject\",\"inLanguage\":\"de\",\"@id\":\"https:\/\/www.csj-emballages.com\/de\/produit\/schussel-salat-rund-kraft-960-ml-pro-50\/#primaryimage\",\"url\":\"https:\/\/www.csj-emballages.com\/wp-content\/uploads\/2025\/02\/PO960K.webp\",\"contentUrl\":\"https:\/\/www.csj-emballages.com\/wp-content\/uploads\/2025\/02\/PO960K.webp\",\"width\":800,\"height\":800,\"caption\":\"Bol salade\"},{\"@type\":\"BreadcrumbList\",\"@id\":\"https:\/\/www.csj-emballages.com\/de\/produit\/schussel-salat-rund-kraft-960-ml-pro-50\/#breadcrumb\",\"itemListElement\":[{\"@type\":\"ListItem\",\"position\":1,\"name\":\"Accueil\",\"item\":\"https:\/\/www.csj-emballages.com\/de\/universum-lebensmittelverpackungen\/\"},{\"@type\":\"ListItem\",\"position\":2,\"name\":\"Shop\",\"item\":\"https:\/\/www.csj-emballages.com\/shop\/\"},{\"@type\":\"ListItem\",\"position\":3,\"name\":\"Sch\u00fcssel Salat rund Kraft 960 ml pro 50\"}]},{\"@type\":\"WebSite\",\"@id\":\"https:\/\/www.csj-emballages.com\/de\/#website\",\"url\":\"https:\/\/www.csj-emballages.com\/de\/\",\"name\":\"CSJ Emballages\",\"description\":\"\",\"publisher\":{\"@id\":\"https:\/\/www.csj-emballages.com\/de\/#organization\"},\"potentialAction\":[{\"@type\":\"SearchAction\",\"target\":{\"@type\":\"EntryPoint\",\"urlTemplate\":\"https:\/\/www.csj-emballages.com\/de\/?s={search_term_string}\"},\"query-input\":{\"@type\":\"PropertyValueSpecification\",\"valueRequired\":true,\"valueName\":\"search_term_string\"}}],\"inLanguage\":\"de\"},{\"@type\":\"Organization\",\"@id\":\"https:\/\/www.csj-emballages.com\/de\/#Organization\/\",\"name\":\"CSJ Emballages\",\"url\":\"https:\/\/www.csj-emballages.com\/de\/\",\"logo\":{\"@type\":\"ImageObject\",\"inLanguage\":\"de\",\"@id\":\"https:\/\/www.csj-emballages.com\/de\/#\/schema\/logo\/image\/\",\"url\":\"https:\/\/www.csj-emballages.com\/wp-content\/uploads\/2023\/10\/logo_csj.webp\",\"contentUrl\":\"https:\/\/www.csj-emballages.com\/wp-content\/uploads\/2023\/10\/logo_csj.webp\",\"width\":250,\"height\":95,\"caption\":\"CSJ Emballages\"},\"image\":{\"@id\":\"https:\/\/www.csj-emballages.com\/de\/#\/schema\/logo\/image\/\"},\"sameAs\":[\"https:\/\/www.facebook.com\/csjemballages\"],\"address\":{\"@type\":\"PostalAddress\",\"streetAddress\":\"ZI La Lechere\",\"addressLocality\":\"Patornay\",\"postalCode\":\"39130\",\"addressCountry\":\"FR\"},\"contactPoint\":[{\"@type\":\"ContactPoint\",\"contactType\":\"Service client\",\"telephone\":\"0384254272\",\"email\":\"contact@csj-emballages.com\"}]}]}<\/script>\n<!-- \/ Yoast SEO Premium plugin. -->","yoast_head_json":{"title":"Sch\u00fcssel Salat Rund Kraft 960 ml pro 50","description":"Entdecken Sie unsere Kraft-Salatschale 960 ml, die sich perfekt f\u00fcr warme oder kalte Speisen eignet. Es ist widerstandsf\u00e4hig, umweltfreundlich und \u00e4sthetisch ansprechend und eignet sich ideal f\u00fcr den Verkauf vor Ort.","robots":{"index":"index","follow":"follow","max-snippet":"max-snippet:-1","max-image-preview":"max-image-preview:large","max-video-preview":"max-video-preview:-1"},"canonical":"https:\/\/www.csj-emballages.com\/de\/produit\/schussel-salat-rund-kraft-960-ml-pro-50\/","og_locale":"de_DE","og_type":"article","og_title":"Sch\u00fcssel Salat rund Kraft 960 ml pro 50","og_description":"Entdecken Sie unsere Kraft-Salatschale 960 ml, die sich perfekt f\u00fcr warme oder kalte Speisen eignet. Es ist widerstandsf\u00e4hig, umweltfreundlich und \u00e4sthetisch ansprechend und eignet sich ideal f\u00fcr den Verkauf vor Ort.","og_url":"https:\/\/www.csj-emballages.com\/de\/produit\/schussel-salat-rund-kraft-960-ml-pro-50\/","og_site_name":"CSJ Emballages","article_publisher":"https:\/\/www.facebook.com\/csjemballages","article_modified_time":"2026-03-12T15:34:27+00:00","og_image":[{"width":800,"height":800,"url":"https:\/\/www.csj-emballages.com\/wp-content\/uploads\/2025\/02\/PO960K.webp","type":"image\/webp"}],"twitter_card":"summary_large_image","twitter_misc":{"Gesch\u00e4tzte Lesezeit":"2 Minuten"},"schema":{"@context":"https:\/\/schema.org","@graph":[{"@type":"WebPage","@id":"https:\/\/www.csj-emballages.com\/de\/produit\/schussel-salat-rund-kraft-960-ml-pro-50\/","url":"https:\/\/www.csj-emballages.com\/de\/produit\/schussel-salat-rund-kraft-960-ml-pro-50\/","name":"Sch\u00fcssel Salat Rund Kraft 960 ml pro 50","isPartOf":{"@id":"https:\/\/www.csj-emballages.com\/de\/#website"},"primaryImageOfPage":{"@id":"https:\/\/www.csj-emballages.com\/de\/produit\/schussel-salat-rund-kraft-960-ml-pro-50\/#primaryimage"},"image":{"@id":"https:\/\/www.csj-emballages.com\/de\/produit\/schussel-salat-rund-kraft-960-ml-pro-50\/#primaryimage"},"thumbnailUrl":"https:\/\/www.csj-emballages.com\/wp-content\/uploads\/2025\/02\/PO960K.webp","datePublished":"2025-02-26T07:08:26+00:00","dateModified":"2026-03-12T15:34:27+00:00","description":"Entdecken Sie unsere Kraft-Salatschale 960 ml, die sich perfekt f\u00fcr warme oder kalte Speisen eignet. Es ist widerstandsf\u00e4hig, umweltfreundlich und \u00e4sthetisch ansprechend und eignet sich ideal f\u00fcr den Verkauf vor Ort.","breadcrumb":{"@id":"https:\/\/www.csj-emballages.com\/de\/produit\/schussel-salat-rund-kraft-960-ml-pro-50\/#breadcrumb"},"inLanguage":"de","potentialAction":[{"@type":"ReadAction","target":["https:\/\/www.csj-emballages.com\/de\/produit\/schussel-salat-rund-kraft-960-ml-pro-50\/"]}]},{"@type":"ImageObject","inLanguage":"de","@id":"https:\/\/www.csj-emballages.com\/de\/produit\/schussel-salat-rund-kraft-960-ml-pro-50\/#primaryimage","url":"https:\/\/www.csj-emballages.com\/wp-content\/uploads\/2025\/02\/PO960K.webp","contentUrl":"https:\/\/www.csj-emballages.com\/wp-content\/uploads\/2025\/02\/PO960K.webp","width":800,"height":800,"caption":"Bol salade"},{"@type":"BreadcrumbList","@id":"https:\/\/www.csj-emballages.com\/de\/produit\/schussel-salat-rund-kraft-960-ml-pro-50\/#breadcrumb","itemListElement":[{"@type":"ListItem","position":1,"name":"Accueil","item":"https:\/\/www.csj-emballages.com\/de\/universum-lebensmittelverpackungen\/"},{"@type":"ListItem","position":2,"name":"Shop","item":"https:\/\/www.csj-emballages.com\/shop\/"},{"@type":"ListItem","position":3,"name":"Sch\u00fcssel Salat rund Kraft 960 ml pro 50"}]},{"@type":"WebSite","@id":"https:\/\/www.csj-emballages.com\/de\/#website","url":"https:\/\/www.csj-emballages.com\/de\/","name":"CSJ Emballages","description":"","publisher":{"@id":"https:\/\/www.csj-emballages.com\/de\/#organization"},"potentialAction":[{"@type":"SearchAction","target":{"@type":"EntryPoint","urlTemplate":"https:\/\/www.csj-emballages.com\/de\/?s={search_term_string}"},"query-input":{"@type":"PropertyValueSpecification","valueRequired":true,"valueName":"search_term_string"}}],"inLanguage":"de"},{"@type":"Organization","@id":"https:\/\/www.csj-emballages.com\/de\/#Organization\/","name":"CSJ Emballages","url":"https:\/\/www.csj-emballages.com\/de\/","logo":{"@type":"ImageObject","inLanguage":"de","@id":"https:\/\/www.csj-emballages.com\/de\/#\/schema\/logo\/image\/","url":"https:\/\/www.csj-emballages.com\/wp-content\/uploads\/2023\/10\/logo_csj.webp","contentUrl":"https:\/\/www.csj-emballages.com\/wp-content\/uploads\/2023\/10\/logo_csj.webp","width":250,"height":95,"caption":"CSJ Emballages"},"image":{"@id":"https:\/\/www.csj-emballages.com\/de\/#\/schema\/logo\/image\/"},"sameAs":["https:\/\/www.facebook.com\/csjemballages"],"address":{"@type":"PostalAddress","streetAddress":"ZI La Lechere","addressLocality":"Patornay","postalCode":"39130","addressCountry":"FR"},"contactPoint":[{"@type":"ContactPoint","contactType":"Service client","telephone":"0384254272","email":"contact@csj-emballages.com"}]}]}},"df_price":7.51,"df_sale_price":"","df_regular_price":7.51,"df_image_link":"https:\/\/www.csj-emballages.com\/wp-content\/uploads\/2025\/02\/PO960K-300x300.webp","tiered_pricing_type":"fixed","tiered_pricing_fixed_rules":[],"tiered_pricing_percentage_rules":[],"tiered_pricing_minimum":1,"tiered_pricing_roles_data":[],"_links":{"self":[{"href":"https:\/\/www.csj-emballages.com\/de\/wp-json\/wp\/v2\/product\/224422","targetHints":{"allow":["GET"]}}],"collection":[{"href":"https:\/\/www.csj-emballages.com\/de\/wp-json\/wp\/v2\/product"}],"about":[{"href":"https:\/\/www.csj-emballages.com\/de\/wp-json\/wp\/v2\/types\/product"}],"wp:featuredmedia":[{"embeddable":true,"href":"https:\/\/www.csj-emballages.com\/de\/wp-json\/wp\/v2\/media\/224529"}],"wp:attachment":[{"href":"https:\/\/www.csj-emballages.com\/de\/wp-json\/wp\/v2\/media?parent=224422"}],"wp:term":[{"taxonomy":"product_brand","embeddable":true,"href":"https:\/\/www.csj-emballages.com\/de\/wp-json\/wp\/v2\/product_brand?post=224422"},{"taxonomy":"product_cat","embeddable":true,"href":"https:\/\/www.csj-emballages.com\/de\/wp-json\/wp\/v2\/product_cat?post=224422"},{"taxonomy":"product_tag","embeddable":true,"href":"https:\/\/www.csj-emballages.com\/de\/wp-json\/wp\/v2\/product_tag?post=224422"}],"curies":[{"name":"wp","href":"https:\/\/api.w.org\/{rel}","templated":true}]}}