{"id":22441,"date":"2024-03-01T16:51:22","date_gmt":"2024-03-01T15:51:22","guid":{"rendered":"https:\/\/u15jnbdpoq.preview.infomaniak.website\/produit\/200-schwarze-aperitifspiesse-aus-kunststoff\/"},"modified":"2026-04-24T02:15:13","modified_gmt":"2026-04-24T00:15:13","slug":"200-schwarze-aperitifspiesse-aus-kunststoff","status":"publish","type":"product","link":"https:\/\/www.csj-emballages.com\/de\/produit\/200-schwarze-aperitifspiesse-aus-kunststoff\/","title":{"rendered":"Schwarzer Aperitif-Spie\u00df &#8222;Spie\u00dfchen&#8220; aus Kunststoff, 500 St\u00fcck"},"content":{"rendered":"<h2>Aperitif-Spie\u00df<\/h2>\n<hr>\n<h3>Schwarzer Aperitif-Spie\u00df &#8222;Spie\u00dfchen&#8220; aus Kunststoff, 500 St\u00fcck<\/h3>\n<p><!--more--><\/p>\n<p data-start=\"121\" data-end=\"512\">Verleihen Sie Ihren Pr\u00e4sentationen einen Hauch von Eleganz und Originalit\u00e4t mit diesen <strong>schwarzen Aperitif-Spie\u00dfen im gedrehten Design<\/strong>. Ihre schlanke, l\u00e4ngliche Form, kombiniert mit einem subtilen Spiraleffekt, macht sie zu einem sowohl praktischen als auch optisch ansprechenden Accessoire. Diese <strong>Spie\u00dfe<\/strong> wurden entwickelt, um Ihre Zubereitungen zu veredeln, und eignen sich perfekt f\u00fcr Ihre Verrines, Cocktails, Amuse-Bouches oder Ihre Aperitif-Platten.  <\/p>\n<p data-start=\"514\" data-end=\"874\">Dank ihrer ergonomischen Struktur bieten sie einen hervorragenden Halt und erm\u00f6glichen es, Ihre Speisen, ob <strong>Fr\u00fcchte, K\u00e4se, Wurstwaren oder kleine kulinarische Kreationen<\/strong>, leicht aufzuspie\u00dfen. Ihre spitze Endung gew\u00e4hrleistet eine einfache und schnelle Handhabung, w\u00e4hrend der gedrehte Teil dem Ganzen Relief und Charakter verleiht. <\/p>\n<p data-start=\"876\" data-end=\"1158\">Ihre schlichte und moderne schwarze Farbe f\u00fcgt sich perfekt in jede Art von Ambiente ein: professionelle Veranstaltungen, Cocktails, Hochzeiten, Catering-Buffets oder festliche Mahlzeiten. Sie erm\u00f6glichen eine gepflegte und hochwertige Pr\u00e4sentation, bleiben dabei aber diskret und elegant. <\/p>\n<p data-start=\"1160\" data-end=\"1439\">Diese vielseitigen <strong>Aperitif-Spie\u00dfe<\/strong> k\u00f6nnen sowohl von Gastronomieprofis als auch von Privatpersonen verwendet werden, die ihre G\u00e4ste beeindrucken m\u00f6chten. Sie sind eine ausgezeichnete Wahl, um Ihre Zubereitungen aufzuwerten und das qualitative Image Ihres Services zu st\u00e4rken. <\/p>\n<p data-start=\"1441\" data-end=\"1675\">Diese Spie\u00dfe sind sowohl \u00e4sthetisch als auch funktional und das kleine Detail, das den Unterschied in der Inszenierung Ihrer Gerichte ausmacht. Eine einfache L\u00f6sung, um eine klassische Pr\u00e4sentation in ein raffiniertes visuelles Erlebnis zu verwandeln. <\/p>\n<p data-start=\"1441\" data-end=\"1675\">\n<p data-start=\"1441\" data-end=\"1675\"><!--more--><\/p>\n<h4>Vorteile :<\/h4>\n<ul>\n<li data-section-id=\"1dn8rjk\" data-start=\"99\" data-end=\"216\">Originelle gedrehte Form, die Ihren Pr\u00e4sentationen eine hochwertige Note verleiht<\/li>\n<li data-section-id=\"13otppt\" data-start=\"217\" data-end=\"292\">Ergonomische Struktur, leicht zu handhaben<\/li>\n<li data-section-id=\"oudzbb\" data-start=\"293\" data-end=\"401\"><strong data-start=\"295\" data-end=\"324\">Vielseitige Verwendung<\/strong>: ideal f\u00fcr Verrines, Cocktails, Amuse-Bouches, Fr\u00fcchte, K\u00e4se oder Tapas<\/li>\n<li data-section-id=\"oudzbb\" data-start=\"293\" data-end=\"401\">Perfekt, um Ihre Buffets, Aperitifs oder Veranstaltungen aufzuwerten<\/li>\n<li data-section-id=\"v5yiqk\" data-start=\"496\" data-end=\"579\"><strong data-start=\"498\" data-end=\"527\">Schlichte und trendige Farbe<\/strong>: Schwarz passt zu allen Stilen und Ambientes<\/li>\n<\/ul>\n<p>&nbsp;<\/p>\n<p><!--more--><\/p>\n<h4>Weitere Informationen :<\/h4>\n<ul>\n<li><strong>Verpackung<\/strong>: Packung mit 500 St\u00fcck<\/li>\n<li><strong>L\u00e4nge<\/strong>: 100 mm<\/li>\n<li><strong>Material<\/strong>: Kunststoff<\/li>\n<\/ul>\n<p>&nbsp;<\/p>\n<p><!--more--><\/p>\n<p><a href=\"https:\/\/www.csj-emballages.com\/de\/categorie-produit\/lebensmittelverpackungen\/metzgerei-und-feinkostgeschaft\/nahrungsmittelspiese\/aperitifpicknicks\/aperitifspiese-aus-kunststoff\/\">Entdecken Sie den Rest unseres Sortiments an Kunststoff-Aperitif-Spie\u00dfen<\/a><\/p>\n","protected":false},"excerpt":{"rendered":"<p>Aperitif-Spie\u00df Schwarzer Aperitif-Spie\u00df &#8222;Spie\u00dfchen&#8220; aus Kunststoff, 500 St\u00fcck<\/p>\n","protected":false},"featured_media":276320,"template":"","meta":{"_acf_changed":false},"product_brand":[],"product_cat":[1137,1170,1279,1822,3089],"product_tag":[],"class_list":{"0":"post-22441","1":"product","2":"type-product","3":"status-publish","4":"has-post-thumbnail","6":"product_cat-lebensmittelverpackungen","7":"product_cat-metzgerei-und-feinkostgeschaft","8":"product_cat-schalen-topfe-glaser","9":"product_cat-aperitifpicknicks","10":"product_cat-aperitifspiese-aus-kunststoff","12":"first","13":"instock","14":"taxable","15":"shipping-taxable","16":"purchasable","17":"product-type-simple"},"acf":[],"yoast_head":"<!-- This site is optimized with the Yoast SEO Premium plugin v26.6 (Yoast SEO v26.6) - https:\/\/yoast.com\/wordpress\/plugins\/seo\/ -->\n<title>Schwarzer Aperitif-Spie\u00df &quot;Spie\u00dfchen&quot; aus Kunststoff, 500 St\u00fcck<\/title>\n<meta name=\"description\" content=\"Schwarze gedrehte Aperitif-Spie\u00dfe f\u00fcr Verrines, Cocktails und Amuse-Bouches. Ideal, um Ihre Pr\u00e4sentationen bei Veranstaltungen oder Buffets aufzuwerten.\" \/>\n<meta name=\"robots\" content=\"index, follow, max-snippet:-1, max-image-preview:large, max-video-preview:-1\" \/>\n<link rel=\"canonical\" href=\"https:\/\/www.csj-emballages.com\/de\/produit\/200-schwarze-aperitifspiesse-aus-kunststoff\/\" \/>\n<meta property=\"og:locale\" content=\"de_DE\" \/>\n<meta property=\"og:type\" content=\"article\" \/>\n<meta property=\"og:title\" content=\"Schwarzer Aperitif-Spie\u00df &quot;Spie\u00dfchen&quot; aus Kunststoff, 500 St\u00fcck\" \/>\n<meta property=\"og:description\" content=\"Schwarze gedrehte Aperitif-Spie\u00dfe f\u00fcr Verrines, Cocktails und Amuse-Bouches. Ideal, um Ihre Pr\u00e4sentationen bei Veranstaltungen oder Buffets aufzuwerten.\" \/>\n<meta property=\"og:url\" content=\"https:\/\/www.csj-emballages.com\/de\/produit\/200-schwarze-aperitifspiesse-aus-kunststoff\/\" \/>\n<meta property=\"og:site_name\" content=\"CSJ Emballages\" \/>\n<meta property=\"article:publisher\" content=\"https:\/\/www.facebook.com\/csjemballages\" \/>\n<meta property=\"article:modified_time\" content=\"2026-04-24T00:15:13+00:00\" \/>\n<meta property=\"og:image\" content=\"https:\/\/www.csj-emballages.com\/wp-content\/uploads\/2024\/03\/PICBROCHCR.webp\" \/>\n\t<meta property=\"og:image:width\" content=\"800\" \/>\n\t<meta property=\"og:image:height\" content=\"800\" \/>\n\t<meta property=\"og:image:type\" content=\"image\/webp\" \/>\n<meta name=\"twitter:card\" content=\"summary_large_image\" \/>\n<meta name=\"twitter:label1\" content=\"Gesch\u00e4tzte Lesezeit\" \/>\n\t<meta name=\"twitter:data1\" content=\"2 Minuten\" \/>\n<script type=\"application\/ld+json\" class=\"yoast-schema-graph\">{\"@context\":\"https:\/\/schema.org\",\"@graph\":[{\"@type\":\"WebPage\",\"@id\":\"https:\/\/www.csj-emballages.com\/de\/produit\/200-schwarze-aperitifspiesse-aus-kunststoff\/\",\"url\":\"https:\/\/www.csj-emballages.com\/de\/produit\/200-schwarze-aperitifspiesse-aus-kunststoff\/\",\"name\":\"Schwarzer Aperitif-Spie\u00df \\\"Spie\u00dfchen\\\" aus Kunststoff, 500 St\u00fcck\",\"isPartOf\":{\"@id\":\"https:\/\/www.csj-emballages.com\/de\/#website\"},\"primaryImageOfPage\":{\"@id\":\"https:\/\/www.csj-emballages.com\/de\/produit\/200-schwarze-aperitifspiesse-aus-kunststoff\/#primaryimage\"},\"image\":{\"@id\":\"https:\/\/www.csj-emballages.com\/de\/produit\/200-schwarze-aperitifspiesse-aus-kunststoff\/#primaryimage\"},\"thumbnailUrl\":\"https:\/\/www.csj-emballages.com\/wp-content\/uploads\/2024\/03\/PICBROCHCR.webp\",\"datePublished\":\"2024-03-01T15:51:22+00:00\",\"dateModified\":\"2026-04-24T00:15:13+00:00\",\"description\":\"Schwarze gedrehte Aperitif-Spie\u00dfe f\u00fcr Verrines, Cocktails und Amuse-Bouches. Ideal, um Ihre Pr\u00e4sentationen bei Veranstaltungen oder Buffets aufzuwerten.\",\"breadcrumb\":{\"@id\":\"https:\/\/www.csj-emballages.com\/de\/produit\/200-schwarze-aperitifspiesse-aus-kunststoff\/#breadcrumb\"},\"inLanguage\":\"de\",\"potentialAction\":[{\"@type\":\"ReadAction\",\"target\":[\"https:\/\/www.csj-emballages.com\/de\/produit\/200-schwarze-aperitifspiesse-aus-kunststoff\/\"]}]},{\"@type\":\"ImageObject\",\"inLanguage\":\"de\",\"@id\":\"https:\/\/www.csj-emballages.com\/de\/produit\/200-schwarze-aperitifspiesse-aus-kunststoff\/#primaryimage\",\"url\":\"https:\/\/www.csj-emballages.com\/wp-content\/uploads\/2024\/03\/PICBROCHCR.webp\",\"contentUrl\":\"https:\/\/www.csj-emballages.com\/wp-content\/uploads\/2024\/03\/PICBROCHCR.webp\",\"width\":800,\"height\":800,\"caption\":\"Pique ap\u00e9ritif\"},{\"@type\":\"BreadcrumbList\",\"@id\":\"https:\/\/www.csj-emballages.com\/de\/produit\/200-schwarze-aperitifspiesse-aus-kunststoff\/#breadcrumb\",\"itemListElement\":[{\"@type\":\"ListItem\",\"position\":1,\"name\":\"Accueil\",\"item\":\"https:\/\/www.csj-emballages.com\/de\/universum-lebensmittelverpackungen\/\"},{\"@type\":\"ListItem\",\"position\":2,\"name\":\"Shop\",\"item\":\"https:\/\/www.csj-emballages.com\/shop\/\"},{\"@type\":\"ListItem\",\"position\":3,\"name\":\"Schwarzer Aperitif-Spie\u00df \u00ab\u00a0Spie\u00dfchen\u00a0\u00bb aus Kunststoff, 500 St\u00fcck\"}]},{\"@type\":\"WebSite\",\"@id\":\"https:\/\/www.csj-emballages.com\/de\/#website\",\"url\":\"https:\/\/www.csj-emballages.com\/de\/\",\"name\":\"CSJ Emballages\",\"description\":\"\",\"publisher\":{\"@id\":\"https:\/\/www.csj-emballages.com\/de\/#organization\"},\"potentialAction\":[{\"@type\":\"SearchAction\",\"target\":{\"@type\":\"EntryPoint\",\"urlTemplate\":\"https:\/\/www.csj-emballages.com\/de\/?s={search_term_string}\"},\"query-input\":{\"@type\":\"PropertyValueSpecification\",\"valueRequired\":true,\"valueName\":\"search_term_string\"}}],\"inLanguage\":\"de\"},{\"@type\":\"Organization\",\"@id\":\"https:\/\/www.csj-emballages.com\/de\/#Organization\/\",\"name\":\"CSJ Emballages\",\"url\":\"https:\/\/www.csj-emballages.com\/de\/\",\"logo\":{\"@type\":\"ImageObject\",\"inLanguage\":\"de\",\"@id\":\"https:\/\/www.csj-emballages.com\/de\/#\/schema\/logo\/image\/\",\"url\":\"https:\/\/www.csj-emballages.com\/wp-content\/uploads\/2023\/10\/logo_csj.webp\",\"contentUrl\":\"https:\/\/www.csj-emballages.com\/wp-content\/uploads\/2023\/10\/logo_csj.webp\",\"width\":250,\"height\":95,\"caption\":\"CSJ Emballages\"},\"image\":{\"@id\":\"https:\/\/www.csj-emballages.com\/de\/#\/schema\/logo\/image\/\"},\"sameAs\":[\"https:\/\/www.facebook.com\/csjemballages\"],\"address\":{\"@type\":\"PostalAddress\",\"streetAddress\":\"ZI La Lechere\",\"addressLocality\":\"Patornay\",\"postalCode\":\"39130\",\"addressCountry\":\"FR\"},\"contactPoint\":[{\"@type\":\"ContactPoint\",\"contactType\":\"Service client\",\"telephone\":\"0384254272\",\"email\":\"contact@csj-emballages.com\"}]}]}<\/script>\n<!-- \/ Yoast SEO Premium plugin. -->","yoast_head_json":{"title":"Schwarzer Aperitif-Spie\u00df \"Spie\u00dfchen\" aus Kunststoff, 500 St\u00fcck","description":"Schwarze gedrehte Aperitif-Spie\u00dfe f\u00fcr Verrines, Cocktails und Amuse-Bouches. Ideal, um Ihre Pr\u00e4sentationen bei Veranstaltungen oder Buffets aufzuwerten.","robots":{"index":"index","follow":"follow","max-snippet":"max-snippet:-1","max-image-preview":"max-image-preview:large","max-video-preview":"max-video-preview:-1"},"canonical":"https:\/\/www.csj-emballages.com\/de\/produit\/200-schwarze-aperitifspiesse-aus-kunststoff\/","og_locale":"de_DE","og_type":"article","og_title":"Schwarzer Aperitif-Spie\u00df \"Spie\u00dfchen\" aus Kunststoff, 500 St\u00fcck","og_description":"Schwarze gedrehte Aperitif-Spie\u00dfe f\u00fcr Verrines, Cocktails und Amuse-Bouches. Ideal, um Ihre Pr\u00e4sentationen bei Veranstaltungen oder Buffets aufzuwerten.","og_url":"https:\/\/www.csj-emballages.com\/de\/produit\/200-schwarze-aperitifspiesse-aus-kunststoff\/","og_site_name":"CSJ Emballages","article_publisher":"https:\/\/www.facebook.com\/csjemballages","article_modified_time":"2026-04-24T00:15:13+00:00","og_image":[{"width":800,"height":800,"url":"https:\/\/www.csj-emballages.com\/wp-content\/uploads\/2024\/03\/PICBROCHCR.webp","type":"image\/webp"}],"twitter_card":"summary_large_image","twitter_misc":{"Gesch\u00e4tzte Lesezeit":"2 Minuten"},"schema":{"@context":"https:\/\/schema.org","@graph":[{"@type":"WebPage","@id":"https:\/\/www.csj-emballages.com\/de\/produit\/200-schwarze-aperitifspiesse-aus-kunststoff\/","url":"https:\/\/www.csj-emballages.com\/de\/produit\/200-schwarze-aperitifspiesse-aus-kunststoff\/","name":"Schwarzer Aperitif-Spie\u00df \"Spie\u00dfchen\" aus Kunststoff, 500 St\u00fcck","isPartOf":{"@id":"https:\/\/www.csj-emballages.com\/de\/#website"},"primaryImageOfPage":{"@id":"https:\/\/www.csj-emballages.com\/de\/produit\/200-schwarze-aperitifspiesse-aus-kunststoff\/#primaryimage"},"image":{"@id":"https:\/\/www.csj-emballages.com\/de\/produit\/200-schwarze-aperitifspiesse-aus-kunststoff\/#primaryimage"},"thumbnailUrl":"https:\/\/www.csj-emballages.com\/wp-content\/uploads\/2024\/03\/PICBROCHCR.webp","datePublished":"2024-03-01T15:51:22+00:00","dateModified":"2026-04-24T00:15:13+00:00","description":"Schwarze gedrehte Aperitif-Spie\u00dfe f\u00fcr Verrines, Cocktails und Amuse-Bouches. Ideal, um Ihre Pr\u00e4sentationen bei Veranstaltungen oder Buffets aufzuwerten.","breadcrumb":{"@id":"https:\/\/www.csj-emballages.com\/de\/produit\/200-schwarze-aperitifspiesse-aus-kunststoff\/#breadcrumb"},"inLanguage":"de","potentialAction":[{"@type":"ReadAction","target":["https:\/\/www.csj-emballages.com\/de\/produit\/200-schwarze-aperitifspiesse-aus-kunststoff\/"]}]},{"@type":"ImageObject","inLanguage":"de","@id":"https:\/\/www.csj-emballages.com\/de\/produit\/200-schwarze-aperitifspiesse-aus-kunststoff\/#primaryimage","url":"https:\/\/www.csj-emballages.com\/wp-content\/uploads\/2024\/03\/PICBROCHCR.webp","contentUrl":"https:\/\/www.csj-emballages.com\/wp-content\/uploads\/2024\/03\/PICBROCHCR.webp","width":800,"height":800,"caption":"Pique ap\u00e9ritif"},{"@type":"BreadcrumbList","@id":"https:\/\/www.csj-emballages.com\/de\/produit\/200-schwarze-aperitifspiesse-aus-kunststoff\/#breadcrumb","itemListElement":[{"@type":"ListItem","position":1,"name":"Accueil","item":"https:\/\/www.csj-emballages.com\/de\/universum-lebensmittelverpackungen\/"},{"@type":"ListItem","position":2,"name":"Shop","item":"https:\/\/www.csj-emballages.com\/shop\/"},{"@type":"ListItem","position":3,"name":"Schwarzer Aperitif-Spie\u00df \u00ab\u00a0Spie\u00dfchen\u00a0\u00bb aus Kunststoff, 500 St\u00fcck"}]},{"@type":"WebSite","@id":"https:\/\/www.csj-emballages.com\/de\/#website","url":"https:\/\/www.csj-emballages.com\/de\/","name":"CSJ Emballages","description":"","publisher":{"@id":"https:\/\/www.csj-emballages.com\/de\/#organization"},"potentialAction":[{"@type":"SearchAction","target":{"@type":"EntryPoint","urlTemplate":"https:\/\/www.csj-emballages.com\/de\/?s={search_term_string}"},"query-input":{"@type":"PropertyValueSpecification","valueRequired":true,"valueName":"search_term_string"}}],"inLanguage":"de"},{"@type":"Organization","@id":"https:\/\/www.csj-emballages.com\/de\/#Organization\/","name":"CSJ Emballages","url":"https:\/\/www.csj-emballages.com\/de\/","logo":{"@type":"ImageObject","inLanguage":"de","@id":"https:\/\/www.csj-emballages.com\/de\/#\/schema\/logo\/image\/","url":"https:\/\/www.csj-emballages.com\/wp-content\/uploads\/2023\/10\/logo_csj.webp","contentUrl":"https:\/\/www.csj-emballages.com\/wp-content\/uploads\/2023\/10\/logo_csj.webp","width":250,"height":95,"caption":"CSJ Emballages"},"image":{"@id":"https:\/\/www.csj-emballages.com\/de\/#\/schema\/logo\/image\/"},"sameAs":["https:\/\/www.facebook.com\/csjemballages"],"address":{"@type":"PostalAddress","streetAddress":"ZI La Lechere","addressLocality":"Patornay","postalCode":"39130","addressCountry":"FR"},"contactPoint":[{"@type":"ContactPoint","contactType":"Service client","telephone":"0384254272","email":"contact@csj-emballages.com"}]}]}},"df_price":18.82,"df_sale_price":"","df_regular_price":18.82,"df_image_link":"https:\/\/www.csj-emballages.com\/wp-content\/uploads\/2024\/03\/PICBROCHCR-300x300.webp","tiered_pricing_type":"fixed","tiered_pricing_fixed_rules":[],"tiered_pricing_percentage_rules":[],"tiered_pricing_minimum":1,"tiered_pricing_roles_data":[],"_links":{"self":[{"href":"https:\/\/www.csj-emballages.com\/de\/wp-json\/wp\/v2\/product\/22441","targetHints":{"allow":["GET"]}}],"collection":[{"href":"https:\/\/www.csj-emballages.com\/de\/wp-json\/wp\/v2\/product"}],"about":[{"href":"https:\/\/www.csj-emballages.com\/de\/wp-json\/wp\/v2\/types\/product"}],"wp:featuredmedia":[{"embeddable":true,"href":"https:\/\/www.csj-emballages.com\/de\/wp-json\/wp\/v2\/media\/276320"}],"wp:attachment":[{"href":"https:\/\/www.csj-emballages.com\/de\/wp-json\/wp\/v2\/media?parent=22441"}],"wp:term":[{"taxonomy":"product_brand","embeddable":true,"href":"https:\/\/www.csj-emballages.com\/de\/wp-json\/wp\/v2\/product_brand?post=22441"},{"taxonomy":"product_cat","embeddable":true,"href":"https:\/\/www.csj-emballages.com\/de\/wp-json\/wp\/v2\/product_cat?post=22441"},{"taxonomy":"product_tag","embeddable":true,"href":"https:\/\/www.csj-emballages.com\/de\/wp-json\/wp\/v2\/product_tag?post=22441"}],"curies":[{"name":"wp","href":"https:\/\/api.w.org\/{rel}","templated":true}]}}