{"id":224302,"date":"2025-02-24T14:29:11","date_gmt":"2025-02-24T13:29:11","guid":{"rendered":"https:\/\/www.csj-emballages.com\/?post_type=product&#038;p=224302"},"modified":"2026-04-03T15:01:12","modified_gmt":"2026-04-03T13:01:12","slug":"50-runde-topfe-kraft-500-ml","status":"publish","type":"product","link":"https:\/\/www.csj-emballages.com\/de\/produit\/50-runde-topfe-kraft-500-ml\/","title":{"rendered":"Salatschale Kraft rund 500 ml pro 50"},"content":{"rendered":"<h2>Salatschale<\/h2>\n<hr>\n<h3>Beschreibung von Sch\u00fcssel Kraft Salat rund 500 ml 50 St\u00fcck<\/h3>\n<p><!--more--><\/p>\n<p data-start=\"275\" data-end=\"701\">Diese <strong data-start=\"295\" data-end=\"305\">500-ml-Kraft-Salatschale<\/strong> ist die Art von Beh\u00e4lter, die man sofort adoptiert, weil sie so einfach, praktisch und vielseitig ist. Mit ihrem runden und ausgewogenen Format bringt sie alle Arten von Zubereitungen leicht zur Geltung: <strong>gemischte Salate<\/strong>, <strong>warme Bowls<\/strong>, <strong>Crousty<\/strong>, <strong>Nudeln<\/strong> oder <strong>Gem\u00fcse<\/strong>. Schon auf den ersten Blick verleiht sein Kraftliner-Look einen nat\u00fcrlichen und modernen Touch, der sowohl Profis als auch Kunden gef\u00e4llt.  <\/p>\n<p data-start=\"703\" data-end=\"1074\">Dank seines Fassungsverm\u00f6gens von <strong>500 ml<\/strong> kann er gro\u00dfz\u00fcgige Portionen anbieten, ohne \u00fcberm\u00e4\u00dfig gro\u00df zu sein. Das ist die goldene Mitte f\u00fcr eine komplette Mahlzeit zum Mitnehmen oder f\u00fcr den schnellen Verzehr. Die feste Struktur des Bechers sorgt daf\u00fcr, dass er auch bei gut gef\u00fcllten Gerichten oder Gerichten mit leichter So\u00dfe nicht verrutscht. Man kann es stressfrei transportieren, ohne Angst haben zu m\u00fcssen, dass es ausl\u00e4uft oder zerdr\u00fcckt wird.   <\/p>\n<p data-start=\"1076\" data-end=\"1388\">Ein weiterer Pluspunkt ist, dass sich die <strong>Sch\u00fcssel<\/strong> f\u00fcr viele Zwecke eignet. Sie passt problemlos in ein Restaurant, einen Imbiss, einen Foodtruck, einen Sandwichladen oder sogar zu Veranstaltungen. Das schlichte Design l\u00e4sst Ihnen auch die Freiheit, einen Deckel, ein Etikett oder ein Logo anzubringen, um Ihre visuelle Identit\u00e4t zu st\u00e4rken.  <\/p>\n<p data-start=\"1390\" data-end=\"1615\">Er wird <strong data-start=\"1396\" data-end=\"1413\">im Set von 50 St\u00fcck<\/strong> verkauft und erm\u00f6glicht eine intelligente Lagerverwaltung, ohne den Lagerraum zu \u00fcberf\u00fcllen. Es ist eine ideale L\u00f6sung f\u00fcr Berufst\u00e4tige, die Praktikabilit\u00e4t, \u00c4sthetik und Effizienz im Alltag miteinander verbinden wollen. <\/p>\n<p data-start=\"1617\" data-end=\"1794\">Zusammenfassend l\u00e4sst sich sagen, dass diese <strong>Kraft-Salatschale<\/strong> nicht nur ein Gericht enth\u00e4lt: Sie wertet Ihre Rezepte auf, vereinfacht Ihr Servieren und bietet eine saubere und aktuelle Pr\u00e4sentation.<\/p>\n<p data-start=\"1617\" data-end=\"1794\">\n<p data-start=\"763\" data-end=\"1088\"><!--more--><\/p>\n<p data-start=\"763\" data-end=\"1088\">Diese Sch\u00fcssel kann mit einem <strong data-start=\"589\" data-end=\"640\">transparenten PET-Deckel (Combo separat erh\u00e4ltlich)<\/strong> verwendet werden, um noch praktischer zu sein, so dass die Kunden den Inhalt sehen k\u00f6nnen, w\u00e4hrend die Lebensmittel frisch bleiben.<\/p>\n<p data-start=\"763\" data-end=\"1088\">\n<p data-start=\"763\" data-end=\"1088\"><!--more--><\/p>\n<p><span style=\"color: #ff0000;\"><strong>*M\u00f6glichkeit der Personalisierung<\/strong><\/span><\/p>\n<p>&nbsp;<\/p>\n<p><!--more--><\/p>\n<h4>Vorteile :<\/h4>\n<ul>\n<li data-start=\"1822\" data-end=\"1868\">Format <strong>500 ml<\/strong> perfekt f\u00fcr Bowls und Salate.<\/li>\n<li data-start=\"1871\" data-end=\"1928\">Gute Steifigkeit, auch bei warmen Gerichten oder So\u00dfen.<\/li>\n<li data-start=\"1931\" data-end=\"1964\">Nat\u00fcrlicher und trendiger Kraft-Look.<\/li>\n<li data-start=\"1967\" data-end=\"2003\">Vielseitig einsetzbar: herzhaft, warm oder kalt.<\/li>\n<li data-start=\"2006\" data-end=\"2032\">Praktische Packung mit<strong> 50 St\u00fcck<\/strong>.<\/li>\n<\/ul>\n<p>&nbsp;<\/p>\n<p><!--more--><\/p>\n<h4>Weitere Informationen :<\/h4>\n<ul>\n<li><strong>Verpackung<\/strong>: Packung mit 50 St\u00fcck<\/li>\n<li><strong>Volumen<\/strong>: 500 ml<\/li>\n<li><strong>Unterer Durchmesser<\/strong>: 133 mm<\/li>\n<li><strong>Oberer Durchmesser<\/strong>: 150 mm<\/li>\n<li><strong>H\u00f6he<\/strong>: 49 mm<\/li>\n<li><strong>Material<\/strong>: Karton \/ PP<\/li>\n<li><strong>Farbe<\/strong>: Braun<\/li>\n<li><strong>Nutzung<\/strong>: Kalt \/ Warm<\/li>\n<\/ul>\n<p>&nbsp;<\/p>\n<p><!--more--><\/p>\n<p>Hier finden Sie die Combo aus Salatsch\u00fcssel und Deckel : <span style=\"color: #d12727;\"><a style=\"color: #d12727;\" href=\"https:\/\/www.csj-emballages.com\/es\/produit\/25-ensaladeras-kraft-tapas-pet-de-500-ml\/\">PO500KGE<\/a><\/span><\/p>\n<p>&nbsp;<\/p>\n<p><!--more--><\/p>\n<p>Dieses Produkt ist in verschiedenen Gr\u00f6\u00dfen erh\u00e4ltlich : <span style=\"color: #d12727;\"><a style=\"color: #d12727;\" href=\"https:\/\/www.csj-emballages.com\/es\/produit\/ensaladera-kraft-780-ml-por-50-2\/\">780 ml<\/a><\/span> \/ <span style=\"color: #d12727;\"><a style=\"color: #d12727;\" href=\"https:\/\/www.csj-emballages.com\/es\/produit\/ensaladera-redonda-kraft-960-ml-a-50\/\">960 ml<\/a><\/span> \/ <span style=\"color: #d12727;\"><a style=\"color: #d12727;\" href=\"https:\/\/www.csj-emballages.com\/es\/produit\/ensaladera-redonda-kraft-1100-ml\/\">1100 ml<\/a><\/span> \/ <span style=\"color: #d12727;\"><a style=\"color: #d12727;\" href=\"https:\/\/www.csj-emballages.com\/produit\/50-bol-salade-kraft-1250-ml\/\">1250 ml<\/a><\/span><\/p>\n<p>&nbsp;<\/p>\n<p><!--more--><\/p>\n<p><a href=\"https:\/\/www.csj-emballages.com\/de\/categorie-produit\/lebensmittelverpackungen\/restauration-de\/topfe-schalen-becherhalter\/kraft-salattopfe\/\">Sehen Sie sich den Rest unseres Sortiments an Kraft-Salatschalen an.<\/a><\/p>\n","protected":false},"excerpt":{"rendered":"<p>Salatschale Beschreibung von Sch\u00fcssel Kraft Salat rund 500 ml 50 St\u00fcck<\/p>\n","protected":false},"featured_media":224417,"template":"","meta":{"_acf_changed":false},"product_brand":[],"product_cat":[1137,1134,3975,3149],"product_tag":[],"class_list":{"0":"post-224302","1":"product","2":"type-product","3":"status-publish","4":"has-post-thumbnail","6":"product_cat-lebensmittelverpackungen","7":"product_cat-restauration-de","8":"product_cat-topfe-schalen-becherhalter","9":"product_cat-kraft-salattopfe","11":"first","12":"instock","13":"taxable","14":"shipping-taxable","15":"purchasable","16":"product-type-simple"},"acf":[],"yoast_head":"<!-- This site is optimized with the Yoast SEO Premium plugin v26.6 (Yoast SEO v26.6) - https:\/\/yoast.com\/wordpress\/plugins\/seo\/ -->\n<title>Sch\u00fcssel Salat Kraft Rund 500 ml 50 St\u00fcck<\/title>\n<meta name=\"description\" content=\"Entscheiden Sie sich f\u00fcr die runde Kraft-Salatschale 500 ml (Packung mit 50 St\u00fcck), die sich ideal f\u00fcr kalte und warme Speisen eignet. Robust, umweltfreundlich und praktisch.\" \/>\n<meta name=\"robots\" content=\"index, follow, max-snippet:-1, max-image-preview:large, max-video-preview:-1\" \/>\n<link rel=\"canonical\" href=\"https:\/\/www.csj-emballages.com\/de\/produit\/50-runde-topfe-kraft-500-ml\/\" \/>\n<meta property=\"og:locale\" content=\"de_DE\" \/>\n<meta property=\"og:type\" content=\"article\" \/>\n<meta property=\"og:title\" content=\"Salatschale Kraft rund 500 ml pro 50\" \/>\n<meta property=\"og:description\" content=\"Entscheiden Sie sich f\u00fcr die runde Kraft-Salatschale 500 ml (Packung mit 50 St\u00fcck), die sich ideal f\u00fcr kalte und warme Speisen eignet. Robust, umweltfreundlich und praktisch.\" \/>\n<meta property=\"og:url\" content=\"https:\/\/www.csj-emballages.com\/de\/produit\/50-runde-topfe-kraft-500-ml\/\" \/>\n<meta property=\"og:site_name\" content=\"CSJ Emballages\" \/>\n<meta property=\"article:publisher\" content=\"https:\/\/www.facebook.com\/csjemballages\" \/>\n<meta property=\"article:modified_time\" content=\"2026-04-03T13:01:12+00:00\" \/>\n<meta property=\"og:image\" content=\"https:\/\/www.csj-emballages.com\/wp-content\/uploads\/2025\/02\/PO500K.webp\" \/>\n\t<meta property=\"og:image:width\" content=\"800\" \/>\n\t<meta property=\"og:image:height\" content=\"800\" \/>\n\t<meta property=\"og:image:type\" content=\"image\/webp\" \/>\n<meta name=\"twitter:card\" content=\"summary_large_image\" \/>\n<meta name=\"twitter:label1\" content=\"Gesch\u00e4tzte Lesezeit\" \/>\n\t<meta name=\"twitter:data1\" content=\"2 Minuten\" \/>\n<script type=\"application\/ld+json\" class=\"yoast-schema-graph\">{\"@context\":\"https:\/\/schema.org\",\"@graph\":[{\"@type\":\"WebPage\",\"@id\":\"https:\/\/www.csj-emballages.com\/de\/produit\/50-runde-topfe-kraft-500-ml\/\",\"url\":\"https:\/\/www.csj-emballages.com\/de\/produit\/50-runde-topfe-kraft-500-ml\/\",\"name\":\"Sch\u00fcssel Salat Kraft Rund 500 ml 50 St\u00fcck\",\"isPartOf\":{\"@id\":\"https:\/\/www.csj-emballages.com\/de\/#website\"},\"primaryImageOfPage\":{\"@id\":\"https:\/\/www.csj-emballages.com\/de\/produit\/50-runde-topfe-kraft-500-ml\/#primaryimage\"},\"image\":{\"@id\":\"https:\/\/www.csj-emballages.com\/de\/produit\/50-runde-topfe-kraft-500-ml\/#primaryimage\"},\"thumbnailUrl\":\"https:\/\/www.csj-emballages.com\/wp-content\/uploads\/2025\/02\/PO500K.webp\",\"datePublished\":\"2025-02-24T13:29:11+00:00\",\"dateModified\":\"2026-04-03T13:01:12+00:00\",\"description\":\"Entscheiden Sie sich f\u00fcr die runde Kraft-Salatschale 500 ml (Packung mit 50 St\u00fcck), die sich ideal f\u00fcr kalte und warme Speisen eignet. Robust, umweltfreundlich und praktisch.\",\"breadcrumb\":{\"@id\":\"https:\/\/www.csj-emballages.com\/de\/produit\/50-runde-topfe-kraft-500-ml\/#breadcrumb\"},\"inLanguage\":\"de\",\"potentialAction\":[{\"@type\":\"ReadAction\",\"target\":[\"https:\/\/www.csj-emballages.com\/de\/produit\/50-runde-topfe-kraft-500-ml\/\"]}]},{\"@type\":\"ImageObject\",\"inLanguage\":\"de\",\"@id\":\"https:\/\/www.csj-emballages.com\/de\/produit\/50-runde-topfe-kraft-500-ml\/#primaryimage\",\"url\":\"https:\/\/www.csj-emballages.com\/wp-content\/uploads\/2025\/02\/PO500K.webp\",\"contentUrl\":\"https:\/\/www.csj-emballages.com\/wp-content\/uploads\/2025\/02\/PO500K.webp\",\"width\":800,\"height\":800,\"caption\":\"Bol salade\"},{\"@type\":\"BreadcrumbList\",\"@id\":\"https:\/\/www.csj-emballages.com\/de\/produit\/50-runde-topfe-kraft-500-ml\/#breadcrumb\",\"itemListElement\":[{\"@type\":\"ListItem\",\"position\":1,\"name\":\"Accueil\",\"item\":\"https:\/\/www.csj-emballages.com\/de\/universum-lebensmittelverpackungen\/\"},{\"@type\":\"ListItem\",\"position\":2,\"name\":\"Shop\",\"item\":\"https:\/\/www.csj-emballages.com\/shop\/\"},{\"@type\":\"ListItem\",\"position\":3,\"name\":\"Salatschale Kraft rund 500 ml pro 50\"}]},{\"@type\":\"WebSite\",\"@id\":\"https:\/\/www.csj-emballages.com\/de\/#website\",\"url\":\"https:\/\/www.csj-emballages.com\/de\/\",\"name\":\"CSJ Emballages\",\"description\":\"\",\"publisher\":{\"@id\":\"https:\/\/www.csj-emballages.com\/de\/#organization\"},\"potentialAction\":[{\"@type\":\"SearchAction\",\"target\":{\"@type\":\"EntryPoint\",\"urlTemplate\":\"https:\/\/www.csj-emballages.com\/de\/?s={search_term_string}\"},\"query-input\":{\"@type\":\"PropertyValueSpecification\",\"valueRequired\":true,\"valueName\":\"search_term_string\"}}],\"inLanguage\":\"de\"},{\"@type\":\"Organization\",\"@id\":\"https:\/\/www.csj-emballages.com\/de\/#Organization\/\",\"name\":\"CSJ Emballages\",\"url\":\"https:\/\/www.csj-emballages.com\/de\/\",\"logo\":{\"@type\":\"ImageObject\",\"inLanguage\":\"de\",\"@id\":\"https:\/\/www.csj-emballages.com\/de\/#\/schema\/logo\/image\/\",\"url\":\"https:\/\/www.csj-emballages.com\/wp-content\/uploads\/2023\/10\/logo_csj.webp\",\"contentUrl\":\"https:\/\/www.csj-emballages.com\/wp-content\/uploads\/2023\/10\/logo_csj.webp\",\"width\":250,\"height\":95,\"caption\":\"CSJ Emballages\"},\"image\":{\"@id\":\"https:\/\/www.csj-emballages.com\/de\/#\/schema\/logo\/image\/\"},\"sameAs\":[\"https:\/\/www.facebook.com\/csjemballages\"],\"address\":{\"@type\":\"PostalAddress\",\"streetAddress\":\"ZI La Lechere\",\"addressLocality\":\"Patornay\",\"postalCode\":\"39130\",\"addressCountry\":\"FR\"},\"contactPoint\":[{\"@type\":\"ContactPoint\",\"contactType\":\"Service client\",\"telephone\":\"0384254272\",\"email\":\"contact@csj-emballages.com\"}]}]}<\/script>\n<!-- \/ Yoast SEO Premium plugin. -->","yoast_head_json":{"title":"Sch\u00fcssel Salat Kraft Rund 500 ml 50 St\u00fcck","description":"Entscheiden Sie sich f\u00fcr die runde Kraft-Salatschale 500 ml (Packung mit 50 St\u00fcck), die sich ideal f\u00fcr kalte und warme Speisen eignet. Robust, umweltfreundlich und praktisch.","robots":{"index":"index","follow":"follow","max-snippet":"max-snippet:-1","max-image-preview":"max-image-preview:large","max-video-preview":"max-video-preview:-1"},"canonical":"https:\/\/www.csj-emballages.com\/de\/produit\/50-runde-topfe-kraft-500-ml\/","og_locale":"de_DE","og_type":"article","og_title":"Salatschale Kraft rund 500 ml pro 50","og_description":"Entscheiden Sie sich f\u00fcr die runde Kraft-Salatschale 500 ml (Packung mit 50 St\u00fcck), die sich ideal f\u00fcr kalte und warme Speisen eignet. Robust, umweltfreundlich und praktisch.","og_url":"https:\/\/www.csj-emballages.com\/de\/produit\/50-runde-topfe-kraft-500-ml\/","og_site_name":"CSJ Emballages","article_publisher":"https:\/\/www.facebook.com\/csjemballages","article_modified_time":"2026-04-03T13:01:12+00:00","og_image":[{"width":800,"height":800,"url":"https:\/\/www.csj-emballages.com\/wp-content\/uploads\/2025\/02\/PO500K.webp","type":"image\/webp"}],"twitter_card":"summary_large_image","twitter_misc":{"Gesch\u00e4tzte Lesezeit":"2 Minuten"},"schema":{"@context":"https:\/\/schema.org","@graph":[{"@type":"WebPage","@id":"https:\/\/www.csj-emballages.com\/de\/produit\/50-runde-topfe-kraft-500-ml\/","url":"https:\/\/www.csj-emballages.com\/de\/produit\/50-runde-topfe-kraft-500-ml\/","name":"Sch\u00fcssel Salat Kraft Rund 500 ml 50 St\u00fcck","isPartOf":{"@id":"https:\/\/www.csj-emballages.com\/de\/#website"},"primaryImageOfPage":{"@id":"https:\/\/www.csj-emballages.com\/de\/produit\/50-runde-topfe-kraft-500-ml\/#primaryimage"},"image":{"@id":"https:\/\/www.csj-emballages.com\/de\/produit\/50-runde-topfe-kraft-500-ml\/#primaryimage"},"thumbnailUrl":"https:\/\/www.csj-emballages.com\/wp-content\/uploads\/2025\/02\/PO500K.webp","datePublished":"2025-02-24T13:29:11+00:00","dateModified":"2026-04-03T13:01:12+00:00","description":"Entscheiden Sie sich f\u00fcr die runde Kraft-Salatschale 500 ml (Packung mit 50 St\u00fcck), die sich ideal f\u00fcr kalte und warme Speisen eignet. Robust, umweltfreundlich und praktisch.","breadcrumb":{"@id":"https:\/\/www.csj-emballages.com\/de\/produit\/50-runde-topfe-kraft-500-ml\/#breadcrumb"},"inLanguage":"de","potentialAction":[{"@type":"ReadAction","target":["https:\/\/www.csj-emballages.com\/de\/produit\/50-runde-topfe-kraft-500-ml\/"]}]},{"@type":"ImageObject","inLanguage":"de","@id":"https:\/\/www.csj-emballages.com\/de\/produit\/50-runde-topfe-kraft-500-ml\/#primaryimage","url":"https:\/\/www.csj-emballages.com\/wp-content\/uploads\/2025\/02\/PO500K.webp","contentUrl":"https:\/\/www.csj-emballages.com\/wp-content\/uploads\/2025\/02\/PO500K.webp","width":800,"height":800,"caption":"Bol salade"},{"@type":"BreadcrumbList","@id":"https:\/\/www.csj-emballages.com\/de\/produit\/50-runde-topfe-kraft-500-ml\/#breadcrumb","itemListElement":[{"@type":"ListItem","position":1,"name":"Accueil","item":"https:\/\/www.csj-emballages.com\/de\/universum-lebensmittelverpackungen\/"},{"@type":"ListItem","position":2,"name":"Shop","item":"https:\/\/www.csj-emballages.com\/shop\/"},{"@type":"ListItem","position":3,"name":"Salatschale Kraft rund 500 ml pro 50"}]},{"@type":"WebSite","@id":"https:\/\/www.csj-emballages.com\/de\/#website","url":"https:\/\/www.csj-emballages.com\/de\/","name":"CSJ Emballages","description":"","publisher":{"@id":"https:\/\/www.csj-emballages.com\/de\/#organization"},"potentialAction":[{"@type":"SearchAction","target":{"@type":"EntryPoint","urlTemplate":"https:\/\/www.csj-emballages.com\/de\/?s={search_term_string}"},"query-input":{"@type":"PropertyValueSpecification","valueRequired":true,"valueName":"search_term_string"}}],"inLanguage":"de"},{"@type":"Organization","@id":"https:\/\/www.csj-emballages.com\/de\/#Organization\/","name":"CSJ Emballages","url":"https:\/\/www.csj-emballages.com\/de\/","logo":{"@type":"ImageObject","inLanguage":"de","@id":"https:\/\/www.csj-emballages.com\/de\/#\/schema\/logo\/image\/","url":"https:\/\/www.csj-emballages.com\/wp-content\/uploads\/2023\/10\/logo_csj.webp","contentUrl":"https:\/\/www.csj-emballages.com\/wp-content\/uploads\/2023\/10\/logo_csj.webp","width":250,"height":95,"caption":"CSJ Emballages"},"image":{"@id":"https:\/\/www.csj-emballages.com\/de\/#\/schema\/logo\/image\/"},"sameAs":["https:\/\/www.facebook.com\/csjemballages"],"address":{"@type":"PostalAddress","streetAddress":"ZI La Lechere","addressLocality":"Patornay","postalCode":"39130","addressCountry":"FR"},"contactPoint":[{"@type":"ContactPoint","contactType":"Service client","telephone":"0384254272","email":"contact@csj-emballages.com"}]}]}},"df_price":6.49,"df_sale_price":"","df_regular_price":6.49,"df_image_link":"https:\/\/www.csj-emballages.com\/wp-content\/uploads\/2025\/02\/PO500K-300x300.webp","tiered_pricing_type":"fixed","tiered_pricing_fixed_rules":[],"tiered_pricing_percentage_rules":[],"tiered_pricing_minimum":1,"tiered_pricing_roles_data":[],"_links":{"self":[{"href":"https:\/\/www.csj-emballages.com\/de\/wp-json\/wp\/v2\/product\/224302","targetHints":{"allow":["GET"]}}],"collection":[{"href":"https:\/\/www.csj-emballages.com\/de\/wp-json\/wp\/v2\/product"}],"about":[{"href":"https:\/\/www.csj-emballages.com\/de\/wp-json\/wp\/v2\/types\/product"}],"wp:featuredmedia":[{"embeddable":true,"href":"https:\/\/www.csj-emballages.com\/de\/wp-json\/wp\/v2\/media\/224417"}],"wp:attachment":[{"href":"https:\/\/www.csj-emballages.com\/de\/wp-json\/wp\/v2\/media?parent=224302"}],"wp:term":[{"taxonomy":"product_brand","embeddable":true,"href":"https:\/\/www.csj-emballages.com\/de\/wp-json\/wp\/v2\/product_brand?post=224302"},{"taxonomy":"product_cat","embeddable":true,"href":"https:\/\/www.csj-emballages.com\/de\/wp-json\/wp\/v2\/product_cat?post=224302"},{"taxonomy":"product_tag","embeddable":true,"href":"https:\/\/www.csj-emballages.com\/de\/wp-json\/wp\/v2\/product_tag?post=224302"}],"curies":[{"name":"wp","href":"https:\/\/api.w.org\/{rel}","templated":true}]}}