{"id":224295,"date":"2025-02-12T11:18:41","date_gmt":"2025-02-12T10:18:41","guid":{"rendered":"https:\/\/www.csj-emballages.com\/produit\/glatter-verstaerkter-vakuumbeutel-zur-aufbewahrung-20-x-30-cm-150-%c2%b5-pro-100\/"},"modified":"2026-04-22T02:16:07","modified_gmt":"2026-04-22T00:16:07","slug":"glatter-verstaerkter-vakuumbeutel-zur-aufbewahrung-20-x-30-cm-150-%c2%b5-pro-100","status":"publish","type":"product","link":"https:\/\/www.csj-emballages.com\/de\/produit\/glatter-verstaerkter-vakuumbeutel-zur-aufbewahrung-20-x-30-cm-150-%c2%b5-pro-100\/","title":{"rendered":"Glatter, verst\u00e4rkter Vakuumbeutel zur Aufbewahrung 20 x 30 cm 150 \u00b5 pro 100"},"content":{"rendered":"<div class=\"elementor-element elementor-element-6621759 e-no-lazyload e-flex e-con-boxed e-con e-parent e-lazyloaded\" data-id=\"6621759\" data-element_type=\"container\">\n<div class=\"e-con-inner\">\n<div class=\"elementor-element elementor-element-4756e65 e-con-full e-flex e-con e-child\" data-id=\"4756e65\" data-element_type=\"container\">\n<div class=\"elementor-element elementor-element-a25940d elementor-widget elementor-widget-woocommerce-product-data-tabs\" data-id=\"a25940d\" data-element_type=\"widget\" data-widget_type=\"woocommerce-product-data-tabs.default\">\n<div class=\"elementor-widget-container\">\n<div class=\"woocommerce-tabs wc-tabs-wrapper\">\n<div id=\"tab-description\" class=\"woocommerce-Tabs-panel woocommerce-Tabs-panel--description panel entry-content wc-tab\" role=\"tabpanel\" aria-labelledby=\"tab-title-description\">\n<h2>Vakuumbeutel<\/h2>\n<hr>\n<h3>Beschreibung von Vakuumbeutel f\u00fcr Aufbewahrung glatt verst\u00e4rkt 20 x 30 cm 150 \u00b5 per 100<\/h3>\n<p><!--more--><\/p>\n<p data-start=\"110\" data-end=\"366\">Die <strong>glatten Vakuum-Aufbewahrungsbeutel 20 x 30 cm<\/strong> &#8211;<strong> 150 \u00b5<\/strong> sind die ideale L\u00f6sung f\u00fcr professionelle Gastronomen, Caterer, Metzger und Privatpersonen, die die Frische und Qualit\u00e4t ihrer Lebensmittel l\u00e4nger bewahren m\u00f6chten. Dank ihrer <strong data-start=\"381\" data-end=\"419\">verst\u00e4rkten Dicke von 150 \u00b5m<\/strong> bieten diese <strong>Beutel<\/strong> eine optimale Barriere gegen Luft, Feuchtigkeit und Bakterien, wodurch das Risiko von Oxidation und Kontamination verringert wird. Ihre Lebensmittel behalten so viel l\u00e4nger ihren Geschmack, ihre Textur und ihre N\u00e4hrwerte, egal ob sie im K\u00fchlschrank oder im Gefrierschrank aufbewahrt werden.  <\/p>\n<p data-start=\"368\" data-end=\"773\">Sie sind mit <strong data-start=\"792\" data-end=\"841\">Maschinen mit externer Absaugung und mit Glocken<\/strong> kompatibel und passen sich den Bed\u00fcrfnissen anspruchsvoller Profis und Privatpersonen an. Ihr Format <strong data-start=\"936\" data-end=\"950\">20 x 30 cm<\/strong> ist ideal f\u00fcr die <strong>Vakuumverpackung<\/strong> von Fleisch, Fisch, K\u00e4se, Gem\u00fcse und Fertiggerichten. <\/p>\n<p data-start=\"1057\" data-end=\"1238\">Diese <strong>Taschen<\/strong> sind aus robustem,<strong data-start=\"1089\" data-end=\"1121\"> BPA-freiem<\/strong> Material hergestellt, das den Lebensmittelstandards entspricht und somit eine sichere und gesunde Aufbewahrung Ihrer Produkte gew\u00e4hrleistet.<\/p>\n<p>&nbsp;<\/p>\n<p><!--more--><\/p>\n<p><span style=\"color: #ff0000;\"><strong>*Breite der \u00d6ffnung<\/strong><\/span><\/p>\n<p><span style=\"color: #ff0000;\"><strong>*BPA-freie Vakuumbeutel (Bisphenol A)<\/strong><\/span><\/p>\n<p>&nbsp;<\/p>\n<p><!--more--><\/p>\n<div style=\"font-family: Roboto, sans-serif;\">\n<div style=\"font-family: Roboto, sans-serif;\">\n<div style=\"font-family: Roboto, sans-serif;\">\n<div style=\"font-family: Roboto, sans-serif;\">\n<div style=\"font-family: Roboto, sans-serif;\">\n<div style=\"font-family: Roboto, sans-serif;\">\n<p style=\"text-align: left;\"><strong>Ihre Vorteile :<\/strong><\/p>\n<ul style=\"text-align: left;\">\n<li><strong data-start=\"1260\" data-end=\"1286\">L\u00e4ngere Haltbarkeit<\/strong>: Reduziert die Oxidation und schr\u00e4nkt das Bakterienwachstum ein, um eine lang anhaltende Frische zu gew\u00e4hrleisten.<\/li>\n<li><strong data-start=\"1379\" data-end=\"1399\">Hohe Widerstandsf\u00e4higkeit<\/strong>: Dank ihrer verst\u00e4rkten Dicke von 150 Mikron garantieren sie einen optimalen Schutz vor Durchstichen und Rissen.<\/li>\n<li>Wirksame <strong data-start=\"1506\" data-end=\"1527\">Barriere<\/strong>: Diese Vakuumbeutel sch\u00fctzen vor Feuchtigkeit, \u00e4u\u00dferen Verunreinigungen und schlechten Ger\u00fcchen.<\/li>\n<li><strong data-start=\"1614\" data-end=\"1637\" data-is-only-node=\"\">Vielseitig<\/strong> einsetzbar: Ideal f\u00fcr frische, tiefgefrorene und gekochte Produkte oder zum Vakuumgaren.<\/li>\n<li><strong data-start=\"1721\" data-end=\"1775\">Kompatibel mit Maschinen mit externer Absaugung<\/strong>: Einfach zu verwenden, perfekt f\u00fcr den professionellen und h\u00e4uslichen Gebrauch.<\/li>\n<li><strong data-start=\"1854\" data-end=\"1878\">Lebensmittelsicherheit<\/strong>: BPA-frei und entspricht den geltenden Normen.<\/li>\n<\/ul>\n<\/div>\n<div style=\"font-family: Roboto, sans-serif;\"><\/div>\n<\/div>\n<\/div>\n<\/div>\n<\/div>\n<\/div>\n<p><!--more--><\/p>\n<div style=\"font-family: Roboto, sans-serif;\">\n<div style=\"font-family: Roboto, sans-serif;\">\n<div style=\"font-family: Roboto, sans-serif;\">\n<h4>Weitere Informationen :<\/h4>\n<ul>\n<li><strong>Verpackung<\/strong>: Packung mit 100 St\u00fcck<\/li>\n<li><strong>Ma\u00dfe<\/strong>: 20 x 30 cm<\/li>\n<li><strong>Hei\u00dfsiegelbar<\/strong>: Ja<\/li>\n<li><strong>Schrumpfbar<\/strong>: Nein<\/li>\n<li><strong>Art<\/strong>: Glatt<\/li>\n<li><strong>Widerstand<\/strong>: 150 Mikron<\/li>\n<li><strong>Schwei\u00dfen<\/strong>: 3 Seiten<\/li>\n<li><strong>Verwendungstemperatur<\/strong>: -50\u00b0C \/ +90\u00b0C<\/li>\n<\/ul>\n<\/div>\n<\/div>\n<\/div>\n<div style=\"font-family: Roboto, sans-serif;\">\n<p>&nbsp;<\/p>\n<div style=\"font-family: Roboto, sans-serif;\">\n<div style=\"font-family: Roboto, sans-serif;\">\n<p><!--more--><\/p>\n<p><a href=\"\/?product_cat=sacs-sous-vide-lisses-90-\u03bcm\">Sehen Sie sich den Rest unseres Sortiments an glatten Vakuumbeuteln an<\/a><\/p>\n<\/div>\n<\/div>\n<\/div>\n<\/div>\n<\/div>\n<\/div>\n<\/div>\n<\/div>\n<\/div>\n<\/div>\n","protected":false},"excerpt":{"rendered":"<p>Vakuumbeutel Beschreibung von Vakuumbeutel f\u00fcr Aufbewahrung glatt verst\u00e4rkt 20 x 30 cm 150 \u00b5 per 100<\/p>\n","protected":false},"featured_media":222131,"template":"","meta":{"_acf_changed":false},"product_brand":[],"product_cat":[1137,1170,3962,1235,1236,3556],"product_tag":[],"class_list":{"0":"post-224295","1":"product","2":"type-product","3":"status-publish","4":"has-post-thumbnail","6":"product_cat-lebensmittelverpackungen","7":"product_cat-metzgerei-und-feinkostgeschaft","8":"product_cat-sacke-und-beutel","9":"product_cat-vakuumbeutel","10":"product_cat-glatte-vakuumbeutel","11":"product_cat-glatte-vakuumbeutel-150-m","13":"first","14":"instock","15":"taxable","16":"shipping-taxable","17":"purchasable","18":"product-type-simple"},"acf":[],"yoast_head":"<!-- This site is optimized with the Yoast SEO Premium plugin v26.6 (Yoast SEO v26.6) - https:\/\/yoast.com\/wordpress\/plugins\/seo\/ -->\n<title>Glatter, verst\u00e4rkter Vakuumbeutel f\u00fcr die Aufbewahrung - 20 x 30 cm 150 \u00b5<\/title>\n<meta name=\"description\" content=\"Glatter, verst\u00e4rkter Vakuumbeutel 20 x 30 cm (150 \u00b5). Ideal f\u00fcr die optimale Aufbewahrung von Lebensmitteln. Kompatibel mit Kammermaschinen.\" \/>\n<meta name=\"robots\" content=\"index, follow, max-snippet:-1, max-image-preview:large, max-video-preview:-1\" \/>\n<link rel=\"canonical\" href=\"https:\/\/www.csj-emballages.com\/de\/produit\/glatter-verstaerkter-vakuumbeutel-zur-aufbewahrung-20-x-30-cm-150-%c2%b5-pro-100\/\" \/>\n<meta property=\"og:locale\" content=\"de_DE\" \/>\n<meta property=\"og:type\" content=\"article\" \/>\n<meta property=\"og:title\" content=\"Glatter, verst\u00e4rkter Vakuumbeutel zur Aufbewahrung 20 x 30 cm 150 \u00b5 pro 100\" \/>\n<meta property=\"og:description\" content=\"Glatter, verst\u00e4rkter Vakuumbeutel 20 x 30 cm (150 \u00b5). Ideal f\u00fcr die optimale Aufbewahrung von Lebensmitteln. Kompatibel mit Kammermaschinen.\" \/>\n<meta property=\"og:url\" content=\"https:\/\/www.csj-emballages.com\/de\/produit\/glatter-verstaerkter-vakuumbeutel-zur-aufbewahrung-20-x-30-cm-150-%c2%b5-pro-100\/\" \/>\n<meta property=\"og:site_name\" content=\"CSJ Emballages\" \/>\n<meta property=\"article:publisher\" content=\"https:\/\/www.facebook.com\/csjemballages\" \/>\n<meta property=\"article:modified_time\" content=\"2026-04-22T00:16:07+00:00\" \/>\n<meta property=\"og:image\" content=\"https:\/\/www.csj-emballages.com\/wp-content\/uploads\/2025\/02\/Sac-sous-vide-lisse.webp\" \/>\n\t<meta property=\"og:image:width\" content=\"800\" \/>\n\t<meta property=\"og:image:height\" content=\"800\" \/>\n\t<meta property=\"og:image:type\" content=\"image\/webp\" \/>\n<meta name=\"twitter:card\" content=\"summary_large_image\" \/>\n<meta name=\"twitter:label1\" content=\"Gesch\u00e4tzte Lesezeit\" \/>\n\t<meta name=\"twitter:data1\" content=\"2 Minuten\" \/>\n<script type=\"application\/ld+json\" class=\"yoast-schema-graph\">{\"@context\":\"https:\/\/schema.org\",\"@graph\":[{\"@type\":\"WebPage\",\"@id\":\"https:\/\/www.csj-emballages.com\/de\/produit\/glatter-verstaerkter-vakuumbeutel-zur-aufbewahrung-20-x-30-cm-150-%c2%b5-pro-100\/\",\"url\":\"https:\/\/www.csj-emballages.com\/de\/produit\/glatter-verstaerkter-vakuumbeutel-zur-aufbewahrung-20-x-30-cm-150-%c2%b5-pro-100\/\",\"name\":\"Glatter, verst\u00e4rkter Vakuumbeutel f\u00fcr die Aufbewahrung - 20 x 30 cm 150 \u00b5\",\"isPartOf\":{\"@id\":\"https:\/\/www.csj-emballages.com\/de\/#website\"},\"primaryImageOfPage\":{\"@id\":\"https:\/\/www.csj-emballages.com\/de\/produit\/glatter-verstaerkter-vakuumbeutel-zur-aufbewahrung-20-x-30-cm-150-%c2%b5-pro-100\/#primaryimage\"},\"image\":{\"@id\":\"https:\/\/www.csj-emballages.com\/de\/produit\/glatter-verstaerkter-vakuumbeutel-zur-aufbewahrung-20-x-30-cm-150-%c2%b5-pro-100\/#primaryimage\"},\"thumbnailUrl\":\"https:\/\/www.csj-emballages.com\/wp-content\/uploads\/2025\/02\/Sac-sous-vide-lisse.webp\",\"datePublished\":\"2025-02-12T10:18:41+00:00\",\"dateModified\":\"2026-04-22T00:16:07+00:00\",\"description\":\"Glatter, verst\u00e4rkter Vakuumbeutel 20 x 30 cm (150 \u00b5). Ideal f\u00fcr die optimale Aufbewahrung von Lebensmitteln. Kompatibel mit Kammermaschinen.\",\"breadcrumb\":{\"@id\":\"https:\/\/www.csj-emballages.com\/de\/produit\/glatter-verstaerkter-vakuumbeutel-zur-aufbewahrung-20-x-30-cm-150-%c2%b5-pro-100\/#breadcrumb\"},\"inLanguage\":\"de\",\"potentialAction\":[{\"@type\":\"ReadAction\",\"target\":[\"https:\/\/www.csj-emballages.com\/de\/produit\/glatter-verstaerkter-vakuumbeutel-zur-aufbewahrung-20-x-30-cm-150-%c2%b5-pro-100\/\"]}]},{\"@type\":\"ImageObject\",\"inLanguage\":\"de\",\"@id\":\"https:\/\/www.csj-emballages.com\/de\/produit\/glatter-verstaerkter-vakuumbeutel-zur-aufbewahrung-20-x-30-cm-150-%c2%b5-pro-100\/#primaryimage\",\"url\":\"https:\/\/www.csj-emballages.com\/wp-content\/uploads\/2025\/02\/Sac-sous-vide-lisse.webp\",\"contentUrl\":\"https:\/\/www.csj-emballages.com\/wp-content\/uploads\/2025\/02\/Sac-sous-vide-lisse.webp\",\"width\":800,\"height\":800,\"caption\":\"Sac sous vide\"},{\"@type\":\"BreadcrumbList\",\"@id\":\"https:\/\/www.csj-emballages.com\/de\/produit\/glatter-verstaerkter-vakuumbeutel-zur-aufbewahrung-20-x-30-cm-150-%c2%b5-pro-100\/#breadcrumb\",\"itemListElement\":[{\"@type\":\"ListItem\",\"position\":1,\"name\":\"Accueil\",\"item\":\"https:\/\/www.csj-emballages.com\/de\/universum-lebensmittelverpackungen\/\"},{\"@type\":\"ListItem\",\"position\":2,\"name\":\"Shop\",\"item\":\"https:\/\/www.csj-emballages.com\/shop\/\"},{\"@type\":\"ListItem\",\"position\":3,\"name\":\"Glatter, verst\u00e4rkter Vakuumbeutel zur Aufbewahrung 20 x 30 cm 150 \u00b5 pro 100\"}]},{\"@type\":\"WebSite\",\"@id\":\"https:\/\/www.csj-emballages.com\/de\/#website\",\"url\":\"https:\/\/www.csj-emballages.com\/de\/\",\"name\":\"CSJ Emballages\",\"description\":\"\",\"publisher\":{\"@id\":\"https:\/\/www.csj-emballages.com\/de\/#organization\"},\"potentialAction\":[{\"@type\":\"SearchAction\",\"target\":{\"@type\":\"EntryPoint\",\"urlTemplate\":\"https:\/\/www.csj-emballages.com\/de\/?s={search_term_string}\"},\"query-input\":{\"@type\":\"PropertyValueSpecification\",\"valueRequired\":true,\"valueName\":\"search_term_string\"}}],\"inLanguage\":\"de\"},{\"@type\":\"Organization\",\"@id\":\"https:\/\/www.csj-emballages.com\/de\/#Organization\/\",\"name\":\"CSJ Emballages\",\"url\":\"https:\/\/www.csj-emballages.com\/de\/\",\"logo\":{\"@type\":\"ImageObject\",\"inLanguage\":\"de\",\"@id\":\"https:\/\/www.csj-emballages.com\/de\/#\/schema\/logo\/image\/\",\"url\":\"https:\/\/www.csj-emballages.com\/wp-content\/uploads\/2023\/10\/logo_csj.webp\",\"contentUrl\":\"https:\/\/www.csj-emballages.com\/wp-content\/uploads\/2023\/10\/logo_csj.webp\",\"width\":250,\"height\":95,\"caption\":\"CSJ Emballages\"},\"image\":{\"@id\":\"https:\/\/www.csj-emballages.com\/de\/#\/schema\/logo\/image\/\"},\"sameAs\":[\"https:\/\/www.facebook.com\/csjemballages\"],\"address\":{\"@type\":\"PostalAddress\",\"streetAddress\":\"ZI La Lechere\",\"addressLocality\":\"Patornay\",\"postalCode\":\"39130\",\"addressCountry\":\"FR\"},\"contactPoint\":[{\"@type\":\"ContactPoint\",\"contactType\":\"Service client\",\"telephone\":\"0384254272\",\"email\":\"contact@csj-emballages.com\"}]}]}<\/script>\n<!-- \/ Yoast SEO Premium plugin. -->","yoast_head_json":{"title":"Glatter, verst\u00e4rkter Vakuumbeutel f\u00fcr die Aufbewahrung - 20 x 30 cm 150 \u00b5","description":"Glatter, verst\u00e4rkter Vakuumbeutel 20 x 30 cm (150 \u00b5). Ideal f\u00fcr die optimale Aufbewahrung von Lebensmitteln. Kompatibel mit Kammermaschinen.","robots":{"index":"index","follow":"follow","max-snippet":"max-snippet:-1","max-image-preview":"max-image-preview:large","max-video-preview":"max-video-preview:-1"},"canonical":"https:\/\/www.csj-emballages.com\/de\/produit\/glatter-verstaerkter-vakuumbeutel-zur-aufbewahrung-20-x-30-cm-150-%c2%b5-pro-100\/","og_locale":"de_DE","og_type":"article","og_title":"Glatter, verst\u00e4rkter Vakuumbeutel zur Aufbewahrung 20 x 30 cm 150 \u00b5 pro 100","og_description":"Glatter, verst\u00e4rkter Vakuumbeutel 20 x 30 cm (150 \u00b5). Ideal f\u00fcr die optimale Aufbewahrung von Lebensmitteln. Kompatibel mit Kammermaschinen.","og_url":"https:\/\/www.csj-emballages.com\/de\/produit\/glatter-verstaerkter-vakuumbeutel-zur-aufbewahrung-20-x-30-cm-150-%c2%b5-pro-100\/","og_site_name":"CSJ Emballages","article_publisher":"https:\/\/www.facebook.com\/csjemballages","article_modified_time":"2026-04-22T00:16:07+00:00","og_image":[{"width":800,"height":800,"url":"https:\/\/www.csj-emballages.com\/wp-content\/uploads\/2025\/02\/Sac-sous-vide-lisse.webp","type":"image\/webp"}],"twitter_card":"summary_large_image","twitter_misc":{"Gesch\u00e4tzte Lesezeit":"2 Minuten"},"schema":{"@context":"https:\/\/schema.org","@graph":[{"@type":"WebPage","@id":"https:\/\/www.csj-emballages.com\/de\/produit\/glatter-verstaerkter-vakuumbeutel-zur-aufbewahrung-20-x-30-cm-150-%c2%b5-pro-100\/","url":"https:\/\/www.csj-emballages.com\/de\/produit\/glatter-verstaerkter-vakuumbeutel-zur-aufbewahrung-20-x-30-cm-150-%c2%b5-pro-100\/","name":"Glatter, verst\u00e4rkter Vakuumbeutel f\u00fcr die Aufbewahrung - 20 x 30 cm 150 \u00b5","isPartOf":{"@id":"https:\/\/www.csj-emballages.com\/de\/#website"},"primaryImageOfPage":{"@id":"https:\/\/www.csj-emballages.com\/de\/produit\/glatter-verstaerkter-vakuumbeutel-zur-aufbewahrung-20-x-30-cm-150-%c2%b5-pro-100\/#primaryimage"},"image":{"@id":"https:\/\/www.csj-emballages.com\/de\/produit\/glatter-verstaerkter-vakuumbeutel-zur-aufbewahrung-20-x-30-cm-150-%c2%b5-pro-100\/#primaryimage"},"thumbnailUrl":"https:\/\/www.csj-emballages.com\/wp-content\/uploads\/2025\/02\/Sac-sous-vide-lisse.webp","datePublished":"2025-02-12T10:18:41+00:00","dateModified":"2026-04-22T00:16:07+00:00","description":"Glatter, verst\u00e4rkter Vakuumbeutel 20 x 30 cm (150 \u00b5). Ideal f\u00fcr die optimale Aufbewahrung von Lebensmitteln. Kompatibel mit Kammermaschinen.","breadcrumb":{"@id":"https:\/\/www.csj-emballages.com\/de\/produit\/glatter-verstaerkter-vakuumbeutel-zur-aufbewahrung-20-x-30-cm-150-%c2%b5-pro-100\/#breadcrumb"},"inLanguage":"de","potentialAction":[{"@type":"ReadAction","target":["https:\/\/www.csj-emballages.com\/de\/produit\/glatter-verstaerkter-vakuumbeutel-zur-aufbewahrung-20-x-30-cm-150-%c2%b5-pro-100\/"]}]},{"@type":"ImageObject","inLanguage":"de","@id":"https:\/\/www.csj-emballages.com\/de\/produit\/glatter-verstaerkter-vakuumbeutel-zur-aufbewahrung-20-x-30-cm-150-%c2%b5-pro-100\/#primaryimage","url":"https:\/\/www.csj-emballages.com\/wp-content\/uploads\/2025\/02\/Sac-sous-vide-lisse.webp","contentUrl":"https:\/\/www.csj-emballages.com\/wp-content\/uploads\/2025\/02\/Sac-sous-vide-lisse.webp","width":800,"height":800,"caption":"Sac sous vide"},{"@type":"BreadcrumbList","@id":"https:\/\/www.csj-emballages.com\/de\/produit\/glatter-verstaerkter-vakuumbeutel-zur-aufbewahrung-20-x-30-cm-150-%c2%b5-pro-100\/#breadcrumb","itemListElement":[{"@type":"ListItem","position":1,"name":"Accueil","item":"https:\/\/www.csj-emballages.com\/de\/universum-lebensmittelverpackungen\/"},{"@type":"ListItem","position":2,"name":"Shop","item":"https:\/\/www.csj-emballages.com\/shop\/"},{"@type":"ListItem","position":3,"name":"Glatter, verst\u00e4rkter Vakuumbeutel zur Aufbewahrung 20 x 30 cm 150 \u00b5 pro 100"}]},{"@type":"WebSite","@id":"https:\/\/www.csj-emballages.com\/de\/#website","url":"https:\/\/www.csj-emballages.com\/de\/","name":"CSJ Emballages","description":"","publisher":{"@id":"https:\/\/www.csj-emballages.com\/de\/#organization"},"potentialAction":[{"@type":"SearchAction","target":{"@type":"EntryPoint","urlTemplate":"https:\/\/www.csj-emballages.com\/de\/?s={search_term_string}"},"query-input":{"@type":"PropertyValueSpecification","valueRequired":true,"valueName":"search_term_string"}}],"inLanguage":"de"},{"@type":"Organization","@id":"https:\/\/www.csj-emballages.com\/de\/#Organization\/","name":"CSJ Emballages","url":"https:\/\/www.csj-emballages.com\/de\/","logo":{"@type":"ImageObject","inLanguage":"de","@id":"https:\/\/www.csj-emballages.com\/de\/#\/schema\/logo\/image\/","url":"https:\/\/www.csj-emballages.com\/wp-content\/uploads\/2023\/10\/logo_csj.webp","contentUrl":"https:\/\/www.csj-emballages.com\/wp-content\/uploads\/2023\/10\/logo_csj.webp","width":250,"height":95,"caption":"CSJ Emballages"},"image":{"@id":"https:\/\/www.csj-emballages.com\/de\/#\/schema\/logo\/image\/"},"sameAs":["https:\/\/www.facebook.com\/csjemballages"],"address":{"@type":"PostalAddress","streetAddress":"ZI La Lechere","addressLocality":"Patornay","postalCode":"39130","addressCountry":"FR"},"contactPoint":[{"@type":"ContactPoint","contactType":"Service client","telephone":"0384254272","email":"contact@csj-emballages.com"}]}]}},"df_price":13.52,"df_sale_price":"","df_regular_price":13.52,"df_image_link":"https:\/\/www.csj-emballages.com\/wp-content\/uploads\/2025\/02\/Sac-sous-vide-lisse-300x300.webp","tiered_pricing_type":"fixed","tiered_pricing_fixed_rules":[],"tiered_pricing_percentage_rules":[],"tiered_pricing_minimum":1,"tiered_pricing_roles_data":[],"_links":{"self":[{"href":"https:\/\/www.csj-emballages.com\/de\/wp-json\/wp\/v2\/product\/224295","targetHints":{"allow":["GET"]}}],"collection":[{"href":"https:\/\/www.csj-emballages.com\/de\/wp-json\/wp\/v2\/product"}],"about":[{"href":"https:\/\/www.csj-emballages.com\/de\/wp-json\/wp\/v2\/types\/product"}],"wp:featuredmedia":[{"embeddable":true,"href":"https:\/\/www.csj-emballages.com\/de\/wp-json\/wp\/v2\/media\/222131"}],"wp:attachment":[{"href":"https:\/\/www.csj-emballages.com\/de\/wp-json\/wp\/v2\/media?parent=224295"}],"wp:term":[{"taxonomy":"product_brand","embeddable":true,"href":"https:\/\/www.csj-emballages.com\/de\/wp-json\/wp\/v2\/product_brand?post=224295"},{"taxonomy":"product_cat","embeddable":true,"href":"https:\/\/www.csj-emballages.com\/de\/wp-json\/wp\/v2\/product_cat?post=224295"},{"taxonomy":"product_tag","embeddable":true,"href":"https:\/\/www.csj-emballages.com\/de\/wp-json\/wp\/v2\/product_tag?post=224295"}],"curies":[{"name":"wp","href":"https:\/\/api.w.org\/{rel}","templated":true}]}}