{"id":224286,"date":"2025-02-19T09:24:24","date_gmt":"2025-02-19T08:24:24","guid":{"rendered":"https:\/\/www.csj-emballages.com\/produit\/passion-pappschachtel-farbig-26-x-5-cm-pro-50\/"},"modified":"2026-03-28T02:11:45","modified_gmt":"2026-03-28T01:11:45","slug":"passion-pappschachtel-farbig-26-x-5-cm-pro-50","status":"publish","type":"product","link":"https:\/\/www.csj-emballages.com\/de\/produit\/passion-pappschachtel-farbig-26-x-5-cm-pro-50\/","title":{"rendered":"Passion&#8216; Pappschachtel farbig 26 x 5 cm pro 50"},"content":{"rendered":"<h2><span style=\"vertical-align: inherit;\"><span style=\"vertical-align: inherit;\"><span style=\"vertical-align: inherit;\"><span style=\"vertical-align: inherit;\"><span style=\"vertical-align: inherit;\"><span style=\"vertical-align: inherit;\"><span style=\"vertical-align: inherit;\"><span style=\"vertical-align: inherit;\"><span style=\"vertical-align: inherit;\"><span style=\"vertical-align: inherit;\"><span style=\"vertical-align: inherit;\"><span style=\"vertical-align: inherit;\">Konditoreischachtel<\/span><\/span><\/span><\/span><\/span><\/span><\/span><\/span><\/span><\/span><\/span><\/span><\/h2>\n<hr>\n<h3>Beschreibung unserer Konditoreischachtel &#8218;Passion&#8216; aus farbigem Karton 26 x 5 cm pro 50 St\u00fcck<\/h3>\n<p><!--more--><\/p>\n<p data-start=\"282\" data-end=\"657\">Die <strong>Geb\u00e4ckschachtel \u201ePassion\u201c<\/strong> aus <strong>farbigem Karton 26 x 5 cm<\/strong> ist ideal f\u00fcr die Verpackung und elegante Pr\u00e4sentation von <strong>feinen Backwaren, individuellen Desserts, feinen Torten oder l\u00e4nglichen Gourmet-Kreationen<\/strong>. Ihr raffiniertes Design mit ansprechenden Bildern und sorgf\u00e4ltiger Verarbeitung wertet Desserts sofort auf. <\/p>\n<p data-start=\"659\" data-end=\"1044\">Zudem ist diese <strong>Kuchenschachtel<\/strong> aus lebensmittelechtem, stabilem <strong>Karton<\/strong> gefertigt und bietet hervorragenden Produktschutz beim Transport und f\u00fcr den Au\u00dfer-Haus-Verkauf. Ihr Format von <strong>26 x 5 cm<\/strong> ist perfekt f\u00fcr <strong>l\u00e4ngliche oder flache<\/strong> Backwaren geeignet und gew\u00e4hrleistet optimalen Halt ohne Zerdr\u00fccken. Sie bewahrt die Frische und \u00c4sthetik der Kreationen bis zum Verzehr.  <\/p>\n<p data-start=\"1046\" data-end=\"1436\">Die Serie \u201e<strong>Passion<\/strong>\u201c zeichnet sich durch ihr elegantes und ansprechendes visuelles Konzept aus, das tiefe Farben mit appetitlichen Geb\u00e4ckinszenierungen verbindet. Diese Schachtel ist ideal f\u00fcr <strong>Konditoren, B\u00e4cker, Caterer oder Chocolatiers<\/strong>, die eine funktionale und zugleich ansprechende Verpackung anbieten m\u00f6chten, insbesondere f\u00fcr den Ladenverkauf, Sonderbestellungen oder festliche Anl\u00e4sse. <\/p>\n<p data-start=\"1438\" data-end=\"1655\">Zusammenfassend l\u00e4sst sich sagen, dass die <strong>Geb\u00e4ckschachtel \u201ePassion\u201c<\/strong> einfach zu montieren und zu verwenden ist und in Packungen zu je <strong>50 St\u00fcck<\/strong> geliefert wird. Ein praktisches Format f\u00fcr den regelm\u00e4\u00dfigen professionellen Einsatz, das gleichzeitig eine effiziente Lagerverwaltung gew\u00e4hrleistet. <\/p>\n<p data-start=\"1438\" data-end=\"1655\">\n<p data-start=\"32\" data-end=\"428\"><!--more--><\/p>\n<h4 data-start=\"32\" data-end=\"428\">Vorteile :<\/h4>\n<ul>\n<li data-start=\"452\" data-end=\"538\">Leuchtende Farben f\u00fcr eine elegante und ansprechende Pr\u00e4sentation.<\/li>\n<li data-start=\"539\" data-end=\"642\">Einfach zu montieren und wieder zu verschlie\u00dfen, perfekt f\u00fcr den professionellen oder privaten Gebrauch.<\/li>\n<li data-start=\"643\" data-end=\"736\">Aus stabilem Karton, um die Unversehrtheit Ihrer Backwaren zu gew\u00e4hrleisten.<\/li>\n<li data-start=\"737\" data-end=\"816\">Ideal f\u00fcr Torten und Kuchen bis 26 cm Durchmesser.<\/li>\n<li data-start=\"817\" data-end=\"893\">Recycelbares, umweltfreundliches Material<\/li>\n<\/ul>\n<p>&nbsp;<\/p>\n<p><!--more--><\/p>\n<h4 data-start=\"430\" data-end=\"451\">Weitere Informationen :<\/h4>\n<ul>\n<li><strong>Verpackung<\/strong>: Packung mit 50 St\u00fcck<\/li>\n<li><strong><span style=\"vertical-align: inherit;\"><span style=\"vertical-align: inherit;\"><span style=\"vertical-align: inherit;\"><span style=\"vertical-align: inherit;\"><span style=\"vertical-align: inherit;\"><span style=\"vertical-align: inherit;\"><span style=\"vertical-align: inherit;\"><span style=\"vertical-align: inherit;\"><span style=\"vertical-align: inherit;\"><span style=\"vertical-align: inherit;\"><span style=\"vertical-align: inherit;\"><span style=\"vertical-align: inherit;\"><span style=\"vertical-align: inherit;\"><span style=\"vertical-align: inherit;\"><span style=\"vertical-align: inherit;\"><span style=\"vertical-align: inherit;\">Abmessungen<\/span><\/span><\/span><\/span><\/span><\/span><\/span><\/span><\/span><\/span><\/span><\/span><\/span><\/span><\/span><\/span><\/strong><span style=\"vertical-align: inherit;\"><span style=\"vertical-align: inherit;\"><span style=\"vertical-align: inherit;\"><span style=\"vertical-align: inherit;\"><span style=\"vertical-align: inherit;\"><span style=\"vertical-align: inherit;\"><span style=\"vertical-align: inherit;\"><span style=\"vertical-align: inherit;\"><span style=\"vertical-align: inherit;\"><span style=\"vertical-align: inherit;\"><span style=\"vertical-align: inherit;\"><span style=\"vertical-align: inherit;\"><span style=\"vertical-align: inherit;\"><span style=\"vertical-align: inherit;\"><span style=\"vertical-align: inherit;\"><span style=\"vertical-align: inherit;\">  : 26 x 5 cm (L x B x H)<\/span><\/span><\/span><\/span><\/span><\/span><\/span><\/span><\/span><\/span><\/span><\/span><\/span><\/span><\/span><\/span><\/li>\n<li><strong>Farbe<\/strong>: Schwarz \/ Rot<\/li>\n<li><strong>Material<\/strong>: Karton<\/li>\n<li><strong>Deckel<\/strong>: Scharnier<\/li>\n<\/ul>\n<p>&nbsp;<\/p>\n<p><!--more--><\/p>\n<p><a href=\"\/?product_cat=destockages\">Sehen Sie sich den Rest unseres Ausverkaufs-Sortiments an<\/a><\/p>\n","protected":false},"excerpt":{"rendered":"<p>Konditoreischachtel Beschreibung unserer Konditoreischachtel &#8218;Passion&#8216; aus farbigem Karton 26 x 5 cm pro 50 St\u00fcck<\/p>\n","protected":false},"featured_media":223845,"template":"","meta":{"_acf_changed":false},"product_brand":[],"product_cat":[1137,1265],"product_tag":[],"class_list":{"0":"post-224286","1":"product","2":"type-product","3":"status-publish","4":"has-post-thumbnail","6":"product_cat-lebensmittelverpackungen","7":"product_cat-lagerbestande-promotion","9":"first","10":"instock","11":"sale","12":"taxable","13":"shipping-taxable","14":"purchasable","15":"product-type-simple"},"acf":[],"yoast_head":"<!-- This site is optimized with the Yoast SEO Premium plugin v26.6 (Yoast SEO v26.6) - https:\/\/yoast.com\/wordpress\/plugins\/seo\/ -->\n<title>Geb\u00e4ckschachtel - &#039;Passion&#039; Karton Farbig 26 x 5 cm pro 50<\/title>\n<meta name=\"description\" content=\"Entdecken Sie die Konditoreibox &quot;Passion&quot; 26 x 5 cm aus farbigem Karton, die perfekt geeignet ist, um Ihre Kuchen und Torten zu veredeln und sicher zu transportieren.\" \/>\n<meta name=\"robots\" content=\"index, follow, max-snippet:-1, max-image-preview:large, max-video-preview:-1\" \/>\n<link rel=\"canonical\" href=\"https:\/\/www.csj-emballages.com\/de\/produit\/passion-pappschachtel-farbig-26-x-5-cm-pro-50\/\" \/>\n<meta property=\"og:locale\" content=\"de_DE\" \/>\n<meta property=\"og:type\" content=\"article\" \/>\n<meta property=\"og:title\" content=\"Passion&#039; Pappschachtel farbig 26 x 5 cm pro 50\" \/>\n<meta property=\"og:description\" content=\"Entdecken Sie die Konditoreibox &quot;Passion&quot; 26 x 5 cm aus farbigem Karton, die perfekt geeignet ist, um Ihre Kuchen und Torten zu veredeln und sicher zu transportieren.\" \/>\n<meta property=\"og:url\" content=\"https:\/\/www.csj-emballages.com\/de\/produit\/passion-pappschachtel-farbig-26-x-5-cm-pro-50\/\" \/>\n<meta property=\"og:site_name\" content=\"CSJ Emballages\" \/>\n<meta property=\"article:publisher\" content=\"https:\/\/www.facebook.com\/csjemballages\" \/>\n<meta property=\"article:modified_time\" content=\"2026-03-28T01:11:45+00:00\" \/>\n<meta property=\"og:image\" content=\"https:\/\/www.csj-emballages.com\/wp-content\/uploads\/2025\/02\/Boite-pat-passion.webp\" \/>\n\t<meta property=\"og:image:width\" content=\"800\" \/>\n\t<meta property=\"og:image:height\" content=\"799\" \/>\n\t<meta property=\"og:image:type\" content=\"image\/webp\" \/>\n<meta name=\"twitter:card\" content=\"summary_large_image\" \/>\n<meta name=\"twitter:label1\" content=\"Gesch\u00e4tzte Lesezeit\" \/>\n\t<meta name=\"twitter:data1\" content=\"1\u00a0Minute\" \/>\n<script type=\"application\/ld+json\" class=\"yoast-schema-graph\">{\"@context\":\"https:\/\/schema.org\",\"@graph\":[{\"@type\":\"WebPage\",\"@id\":\"https:\/\/www.csj-emballages.com\/de\/produit\/passion-pappschachtel-farbig-26-x-5-cm-pro-50\/\",\"url\":\"https:\/\/www.csj-emballages.com\/de\/produit\/passion-pappschachtel-farbig-26-x-5-cm-pro-50\/\",\"name\":\"Geb\u00e4ckschachtel - 'Passion' Karton Farbig 26 x 5 cm pro 50\",\"isPartOf\":{\"@id\":\"https:\/\/www.csj-emballages.com\/de\/#website\"},\"primaryImageOfPage\":{\"@id\":\"https:\/\/www.csj-emballages.com\/de\/produit\/passion-pappschachtel-farbig-26-x-5-cm-pro-50\/#primaryimage\"},\"image\":{\"@id\":\"https:\/\/www.csj-emballages.com\/de\/produit\/passion-pappschachtel-farbig-26-x-5-cm-pro-50\/#primaryimage\"},\"thumbnailUrl\":\"https:\/\/www.csj-emballages.com\/wp-content\/uploads\/2025\/02\/Boite-pat-passion.webp\",\"datePublished\":\"2025-02-19T08:24:24+00:00\",\"dateModified\":\"2026-03-28T01:11:45+00:00\",\"description\":\"Entdecken Sie die Konditoreibox \\\"Passion\\\" 26 x 5 cm aus farbigem Karton, die perfekt geeignet ist, um Ihre Kuchen und Torten zu veredeln und sicher zu transportieren.\",\"breadcrumb\":{\"@id\":\"https:\/\/www.csj-emballages.com\/de\/produit\/passion-pappschachtel-farbig-26-x-5-cm-pro-50\/#breadcrumb\"},\"inLanguage\":\"de\",\"potentialAction\":[{\"@type\":\"ReadAction\",\"target\":[\"https:\/\/www.csj-emballages.com\/de\/produit\/passion-pappschachtel-farbig-26-x-5-cm-pro-50\/\"]}]},{\"@type\":\"ImageObject\",\"inLanguage\":\"de\",\"@id\":\"https:\/\/www.csj-emballages.com\/de\/produit\/passion-pappschachtel-farbig-26-x-5-cm-pro-50\/#primaryimage\",\"url\":\"https:\/\/www.csj-emballages.com\/wp-content\/uploads\/2025\/02\/Boite-pat-passion.webp\",\"contentUrl\":\"https:\/\/www.csj-emballages.com\/wp-content\/uploads\/2025\/02\/Boite-pat-passion.webp\",\"width\":800,\"height\":799,\"caption\":\"Boite p\u00e2tissi\u00e8re\"},{\"@type\":\"BreadcrumbList\",\"@id\":\"https:\/\/www.csj-emballages.com\/de\/produit\/passion-pappschachtel-farbig-26-x-5-cm-pro-50\/#breadcrumb\",\"itemListElement\":[{\"@type\":\"ListItem\",\"position\":1,\"name\":\"Accueil\",\"item\":\"https:\/\/www.csj-emballages.com\/de\/universum-lebensmittelverpackungen\/\"},{\"@type\":\"ListItem\",\"position\":2,\"name\":\"Shop\",\"item\":\"https:\/\/www.csj-emballages.com\/shop\/\"},{\"@type\":\"ListItem\",\"position\":3,\"name\":\"Passion&rsquo; Pappschachtel farbig 26 x 5 cm pro 50\"}]},{\"@type\":\"WebSite\",\"@id\":\"https:\/\/www.csj-emballages.com\/de\/#website\",\"url\":\"https:\/\/www.csj-emballages.com\/de\/\",\"name\":\"CSJ Emballages\",\"description\":\"\",\"publisher\":{\"@id\":\"https:\/\/www.csj-emballages.com\/de\/#organization\"},\"potentialAction\":[{\"@type\":\"SearchAction\",\"target\":{\"@type\":\"EntryPoint\",\"urlTemplate\":\"https:\/\/www.csj-emballages.com\/de\/?s={search_term_string}\"},\"query-input\":{\"@type\":\"PropertyValueSpecification\",\"valueRequired\":true,\"valueName\":\"search_term_string\"}}],\"inLanguage\":\"de\"},{\"@type\":\"Organization\",\"@id\":\"https:\/\/www.csj-emballages.com\/de\/#Organization\/\",\"name\":\"CSJ Emballages\",\"url\":\"https:\/\/www.csj-emballages.com\/de\/\",\"logo\":{\"@type\":\"ImageObject\",\"inLanguage\":\"de\",\"@id\":\"https:\/\/www.csj-emballages.com\/de\/#\/schema\/logo\/image\/\",\"url\":\"https:\/\/www.csj-emballages.com\/wp-content\/uploads\/2023\/10\/logo_csj.webp\",\"contentUrl\":\"https:\/\/www.csj-emballages.com\/wp-content\/uploads\/2023\/10\/logo_csj.webp\",\"width\":250,\"height\":95,\"caption\":\"CSJ Emballages\"},\"image\":{\"@id\":\"https:\/\/www.csj-emballages.com\/de\/#\/schema\/logo\/image\/\"},\"sameAs\":[\"https:\/\/www.facebook.com\/csjemballages\"],\"address\":{\"@type\":\"PostalAddress\",\"streetAddress\":\"ZI La Lechere\",\"addressLocality\":\"Patornay\",\"postalCode\":\"39130\",\"addressCountry\":\"FR\"},\"contactPoint\":[{\"@type\":\"ContactPoint\",\"contactType\":\"Service client\",\"telephone\":\"0384254272\",\"email\":\"contact@csj-emballages.com\"}]}]}<\/script>\n<!-- \/ Yoast SEO Premium plugin. -->","yoast_head_json":{"title":"Geb\u00e4ckschachtel - 'Passion' Karton Farbig 26 x 5 cm pro 50","description":"Entdecken Sie die Konditoreibox \"Passion\" 26 x 5 cm aus farbigem Karton, die perfekt geeignet ist, um Ihre Kuchen und Torten zu veredeln und sicher zu transportieren.","robots":{"index":"index","follow":"follow","max-snippet":"max-snippet:-1","max-image-preview":"max-image-preview:large","max-video-preview":"max-video-preview:-1"},"canonical":"https:\/\/www.csj-emballages.com\/de\/produit\/passion-pappschachtel-farbig-26-x-5-cm-pro-50\/","og_locale":"de_DE","og_type":"article","og_title":"Passion' Pappschachtel farbig 26 x 5 cm pro 50","og_description":"Entdecken Sie die Konditoreibox \"Passion\" 26 x 5 cm aus farbigem Karton, die perfekt geeignet ist, um Ihre Kuchen und Torten zu veredeln und sicher zu transportieren.","og_url":"https:\/\/www.csj-emballages.com\/de\/produit\/passion-pappschachtel-farbig-26-x-5-cm-pro-50\/","og_site_name":"CSJ Emballages","article_publisher":"https:\/\/www.facebook.com\/csjemballages","article_modified_time":"2026-03-28T01:11:45+00:00","og_image":[{"width":800,"height":799,"url":"https:\/\/www.csj-emballages.com\/wp-content\/uploads\/2025\/02\/Boite-pat-passion.webp","type":"image\/webp"}],"twitter_card":"summary_large_image","twitter_misc":{"Gesch\u00e4tzte Lesezeit":"1\u00a0Minute"},"schema":{"@context":"https:\/\/schema.org","@graph":[{"@type":"WebPage","@id":"https:\/\/www.csj-emballages.com\/de\/produit\/passion-pappschachtel-farbig-26-x-5-cm-pro-50\/","url":"https:\/\/www.csj-emballages.com\/de\/produit\/passion-pappschachtel-farbig-26-x-5-cm-pro-50\/","name":"Geb\u00e4ckschachtel - 'Passion' Karton Farbig 26 x 5 cm pro 50","isPartOf":{"@id":"https:\/\/www.csj-emballages.com\/de\/#website"},"primaryImageOfPage":{"@id":"https:\/\/www.csj-emballages.com\/de\/produit\/passion-pappschachtel-farbig-26-x-5-cm-pro-50\/#primaryimage"},"image":{"@id":"https:\/\/www.csj-emballages.com\/de\/produit\/passion-pappschachtel-farbig-26-x-5-cm-pro-50\/#primaryimage"},"thumbnailUrl":"https:\/\/www.csj-emballages.com\/wp-content\/uploads\/2025\/02\/Boite-pat-passion.webp","datePublished":"2025-02-19T08:24:24+00:00","dateModified":"2026-03-28T01:11:45+00:00","description":"Entdecken Sie die Konditoreibox \"Passion\" 26 x 5 cm aus farbigem Karton, die perfekt geeignet ist, um Ihre Kuchen und Torten zu veredeln und sicher zu transportieren.","breadcrumb":{"@id":"https:\/\/www.csj-emballages.com\/de\/produit\/passion-pappschachtel-farbig-26-x-5-cm-pro-50\/#breadcrumb"},"inLanguage":"de","potentialAction":[{"@type":"ReadAction","target":["https:\/\/www.csj-emballages.com\/de\/produit\/passion-pappschachtel-farbig-26-x-5-cm-pro-50\/"]}]},{"@type":"ImageObject","inLanguage":"de","@id":"https:\/\/www.csj-emballages.com\/de\/produit\/passion-pappschachtel-farbig-26-x-5-cm-pro-50\/#primaryimage","url":"https:\/\/www.csj-emballages.com\/wp-content\/uploads\/2025\/02\/Boite-pat-passion.webp","contentUrl":"https:\/\/www.csj-emballages.com\/wp-content\/uploads\/2025\/02\/Boite-pat-passion.webp","width":800,"height":799,"caption":"Boite p\u00e2tissi\u00e8re"},{"@type":"BreadcrumbList","@id":"https:\/\/www.csj-emballages.com\/de\/produit\/passion-pappschachtel-farbig-26-x-5-cm-pro-50\/#breadcrumb","itemListElement":[{"@type":"ListItem","position":1,"name":"Accueil","item":"https:\/\/www.csj-emballages.com\/de\/universum-lebensmittelverpackungen\/"},{"@type":"ListItem","position":2,"name":"Shop","item":"https:\/\/www.csj-emballages.com\/shop\/"},{"@type":"ListItem","position":3,"name":"Passion&rsquo; Pappschachtel farbig 26 x 5 cm pro 50"}]},{"@type":"WebSite","@id":"https:\/\/www.csj-emballages.com\/de\/#website","url":"https:\/\/www.csj-emballages.com\/de\/","name":"CSJ Emballages","description":"","publisher":{"@id":"https:\/\/www.csj-emballages.com\/de\/#organization"},"potentialAction":[{"@type":"SearchAction","target":{"@type":"EntryPoint","urlTemplate":"https:\/\/www.csj-emballages.com\/de\/?s={search_term_string}"},"query-input":{"@type":"PropertyValueSpecification","valueRequired":true,"valueName":"search_term_string"}}],"inLanguage":"de"},{"@type":"Organization","@id":"https:\/\/www.csj-emballages.com\/de\/#Organization\/","name":"CSJ Emballages","url":"https:\/\/www.csj-emballages.com\/de\/","logo":{"@type":"ImageObject","inLanguage":"de","@id":"https:\/\/www.csj-emballages.com\/de\/#\/schema\/logo\/image\/","url":"https:\/\/www.csj-emballages.com\/wp-content\/uploads\/2023\/10\/logo_csj.webp","contentUrl":"https:\/\/www.csj-emballages.com\/wp-content\/uploads\/2023\/10\/logo_csj.webp","width":250,"height":95,"caption":"CSJ Emballages"},"image":{"@id":"https:\/\/www.csj-emballages.com\/de\/#\/schema\/logo\/image\/"},"sameAs":["https:\/\/www.facebook.com\/csjemballages"],"address":{"@type":"PostalAddress","streetAddress":"ZI La Lechere","addressLocality":"Patornay","postalCode":"39130","addressCountry":"FR"},"contactPoint":[{"@type":"ContactPoint","contactType":"Service client","telephone":"0384254272","email":"contact@csj-emballages.com"}]}]}},"df_price":12.04,"df_sale_price":12.04,"df_regular_price":13.94,"df_image_link":"https:\/\/www.csj-emballages.com\/wp-content\/uploads\/2025\/02\/Boite-pat-passion-300x300.webp","tiered_pricing_type":"fixed","tiered_pricing_fixed_rules":[],"tiered_pricing_percentage_rules":[],"tiered_pricing_minimum":1,"tiered_pricing_roles_data":[],"_links":{"self":[{"href":"https:\/\/www.csj-emballages.com\/de\/wp-json\/wp\/v2\/product\/224286","targetHints":{"allow":["GET"]}}],"collection":[{"href":"https:\/\/www.csj-emballages.com\/de\/wp-json\/wp\/v2\/product"}],"about":[{"href":"https:\/\/www.csj-emballages.com\/de\/wp-json\/wp\/v2\/types\/product"}],"wp:featuredmedia":[{"embeddable":true,"href":"https:\/\/www.csj-emballages.com\/de\/wp-json\/wp\/v2\/media\/223845"}],"wp:attachment":[{"href":"https:\/\/www.csj-emballages.com\/de\/wp-json\/wp\/v2\/media?parent=224286"}],"wp:term":[{"taxonomy":"product_brand","embeddable":true,"href":"https:\/\/www.csj-emballages.com\/de\/wp-json\/wp\/v2\/product_brand?post=224286"},{"taxonomy":"product_cat","embeddable":true,"href":"https:\/\/www.csj-emballages.com\/de\/wp-json\/wp\/v2\/product_cat?post=224286"},{"taxonomy":"product_tag","embeddable":true,"href":"https:\/\/www.csj-emballages.com\/de\/wp-json\/wp\/v2\/product_tag?post=224286"}],"curies":[{"name":"wp","href":"https:\/\/api.w.org\/{rel}","templated":true}]}}