{"id":224266,"date":"2025-02-12T10:41:53","date_gmt":"2025-02-12T09:41:53","guid":{"rendered":"https:\/\/www.csj-emballages.com\/produit\/kunststoffdeckel-dessertschale-cp125-pro-50\/"},"modified":"2026-04-29T02:13:29","modified_gmt":"2026-04-29T00:13:29","slug":"kunststoffdeckel-dessertschale-cp125-pro-50","status":"publish","type":"product","link":"https:\/\/www.csj-emballages.com\/de\/produit\/kunststoffdeckel-dessertschale-cp125-pro-50\/","title":{"rendered":"Kunststoffdeckel Dessertschale CP125 pro 50"},"content":{"rendered":"<h2>Plastikdeckel<\/h2>\n<hr>\n<h3>Beschreibung von unserem Kunststoffdeckel Dessertschale CP125 pro 50 St\u00fcck<\/h3>\n<p><!--more--><\/p>\n<p data-start=\"266\" data-end=\"611\">Der <strong>Dessertbecher-Deckel aus Kunststoff CP125<\/strong> ist speziell daf\u00fcr konzipiert, kompatible Dessertbecher effizient und hygienisch zu verschlie\u00dfen. Ideal f\u00fcr Fachleute aus Konditorei, Gastronomie und Take-away, sch\u00fctzt er Zubereitungen und erleichtert deren Transport und Pr\u00e4sentation. <\/p>\n<p data-start=\"613\" data-end=\"999\">Hergestellt aus transparentem, lebensmittelechtem <strong>Kunststoff<\/strong>, bietet dieser Deckel eine hervorragende Sicht auf den Inhalt, ohne dass er ge\u00f6ffnet werden muss. So werden die Desserts optimal pr\u00e4sentiert und gleichzeitig vor externen Verunreinigungen gesch\u00fctzt. Sein <strong>Durchmesser von 100 mm und seine H\u00f6he von 14 mm<\/strong> garantieren einen pr\u00e4zisen Sitz auf den CP125-Bechern.  <\/p>\n<p data-start=\"1001\" data-end=\"1263\">Ebenso ist dieser <strong>Deckel<\/strong> besonders f\u00fcr <strong>kalte<\/strong> Desserts wie <strong>Mousses, Verrines, Tiramisus, Obstsalate oder Cremespeisen<\/strong> geeignet. Er minimiert effektiv das Risiko des Versch\u00fcttens und erm\u00f6glicht ein sicheres Stapeln in der K\u00fchlvitrine oder w\u00e4hrend des Transports. <\/p>\n<p data-start=\"1265\" data-end=\"1556\">Zusammenfassend erf\u00fcllt der <strong>Deckel CP125<\/strong> die Anforderungen von Fachleuten, die eine funktionale und gepflegte L\u00f6sung suchen. Verpackt in Packungen zu je <strong>50<\/strong> St\u00fcck, eignet er sich sowohl f\u00fcr gelegentliche Anwendungen als auch f\u00fcr den regelm\u00e4\u00dfigen Bedarf von stark frequentierten Betrieben. <\/p>\n<p>&nbsp;<\/p>\n<p><!--more--><\/p>\n<h4>Vorteile :<\/h4>\n<ul>\n<li data-start=\"459\" data-end=\"544\">Verhindert Auslaufen und sch\u00fctzt Desserts vor Verunreinigungen.<\/li>\n<li data-start=\"545\" data-end=\"632\">Bewahrt die Frische und Qualit\u00e4t der Zubereitungen.<\/li>\n<li data-start=\"633\" data-end=\"732\">Pr\u00e4sentiert Ihre Desserts optimal und erleichtert die Identifizierung des Inhalts.<\/li>\n<li data-start=\"733\" data-end=\"809\">Einfach anzubringen und zu entfernen f\u00fcr eine schnelle Handhabung.<\/li>\n<li data-start=\"810\" data-end=\"932\">Verkauft in Packungen zu 50 St\u00fcck, um den Bed\u00fcrfnissen von Fachleuten und Privatpersonen gerecht zu werden.<\/li>\n<\/ul>\n<p>&nbsp;<\/p>\n<p><!--more--><\/p>\n<h4>Weitere Informationen :<\/h4>\n<ul>\n<li><strong>Verpackung<\/strong>: Packung mit 50 St\u00fcck<\/li>\n<li><strong>Material<\/strong>: PET<\/li>\n<li><strong>Abmessungen<\/strong>: 100 x 14 (\u00d8 x H in mm)<\/li>\n<li><strong>Gebrauchstemperatur<\/strong>: -20\u00b0C \/ +70\u00b0C<\/li>\n<\/ul>\n<p>&nbsp;<\/p>\n<p><!--more--><\/p>\n<p><a href=\"https:\/\/www.csj-emballages.com\/de\/categorie-produit\/lebensmittelverpackungen\/metzgerei-und-feinkostgeschaft\/schalen-topfe-glaser\/dessertschalen\/\">Sehen Sie sich den Rest unseres Sortiments an Dessertschalen an.<\/a><\/p>\n","protected":false},"excerpt":{"rendered":"<p>Plastikdeckel Beschreibung von unserem Kunststoffdeckel Dessertschale CP125 pro 50 St\u00fcck<\/p>\n","protected":false},"featured_media":224221,"template":"","meta":{"_acf_changed":false},"product_brand":[],"product_cat":[1137,1170,1279,1464],"product_tag":[],"class_list":{"0":"post-224266","1":"product","2":"type-product","3":"status-publish","4":"has-post-thumbnail","6":"product_cat-lebensmittelverpackungen","7":"product_cat-metzgerei-und-feinkostgeschaft","8":"product_cat-schalen-topfe-glaser","9":"product_cat-dessertschalen","11":"first","12":"instock","13":"taxable","14":"shipping-taxable","15":"purchasable","16":"product-type-simple"},"acf":[],"yoast_head":"<!-- This site is optimized with the Yoast SEO Premium plugin v26.6 (Yoast SEO v26.6) - https:\/\/yoast.com\/wordpress\/plugins\/seo\/ -->\n<title>Kunststoffdeckel Dessertschale CP125 pro 50<\/title>\n<meta name=\"description\" content=\"Sch\u00fctzen Sie Ihre Desserts mit dem Dessertbecher-Deckel aus Kunststoff CP125! Transparent und praktisch, gew\u00e4hrleistet er einen sicheren Transport.\" \/>\n<meta name=\"robots\" content=\"index, follow, max-snippet:-1, max-image-preview:large, max-video-preview:-1\" \/>\n<link rel=\"canonical\" href=\"https:\/\/www.csj-emballages.com\/de\/produit\/kunststoffdeckel-dessertschale-cp125-pro-50\/\" \/>\n<meta property=\"og:locale\" content=\"de_DE\" \/>\n<meta property=\"og:type\" content=\"article\" \/>\n<meta property=\"og:title\" content=\"Kunststoffdeckel Dessertschale CP125 pro 50\" \/>\n<meta property=\"og:description\" content=\"Sch\u00fctzen Sie Ihre Desserts mit dem Dessertbecher-Deckel aus Kunststoff CP125! Transparent und praktisch, gew\u00e4hrleistet er einen sicheren Transport.\" \/>\n<meta property=\"og:url\" content=\"https:\/\/www.csj-emballages.com\/de\/produit\/kunststoffdeckel-dessertschale-cp125-pro-50\/\" \/>\n<meta property=\"og:site_name\" content=\"CSJ Emballages\" \/>\n<meta property=\"article:publisher\" content=\"https:\/\/www.facebook.com\/csjemballages\" \/>\n<meta property=\"article:modified_time\" content=\"2026-04-29T00:13:29+00:00\" \/>\n<meta property=\"og:image\" content=\"https:\/\/www.csj-emballages.com\/wp-content\/uploads\/2025\/02\/COUVCP.webp\" \/>\n\t<meta property=\"og:image:width\" content=\"800\" \/>\n\t<meta property=\"og:image:height\" content=\"800\" \/>\n\t<meta property=\"og:image:type\" content=\"image\/webp\" \/>\n<meta name=\"twitter:card\" content=\"summary_large_image\" \/>\n<meta name=\"twitter:label1\" content=\"Gesch\u00e4tzte Lesezeit\" \/>\n\t<meta name=\"twitter:data1\" content=\"1\u00a0Minute\" \/>\n<script type=\"application\/ld+json\" class=\"yoast-schema-graph\">{\"@context\":\"https:\/\/schema.org\",\"@graph\":[{\"@type\":\"WebPage\",\"@id\":\"https:\/\/www.csj-emballages.com\/de\/produit\/kunststoffdeckel-dessertschale-cp125-pro-50\/\",\"url\":\"https:\/\/www.csj-emballages.com\/de\/produit\/kunststoffdeckel-dessertschale-cp125-pro-50\/\",\"name\":\"Kunststoffdeckel Dessertschale CP125 pro 50\",\"isPartOf\":{\"@id\":\"https:\/\/www.csj-emballages.com\/de\/#website\"},\"primaryImageOfPage\":{\"@id\":\"https:\/\/www.csj-emballages.com\/de\/produit\/kunststoffdeckel-dessertschale-cp125-pro-50\/#primaryimage\"},\"image\":{\"@id\":\"https:\/\/www.csj-emballages.com\/de\/produit\/kunststoffdeckel-dessertschale-cp125-pro-50\/#primaryimage\"},\"thumbnailUrl\":\"https:\/\/www.csj-emballages.com\/wp-content\/uploads\/2025\/02\/COUVCP.webp\",\"datePublished\":\"2025-02-12T09:41:53+00:00\",\"dateModified\":\"2026-04-29T00:13:29+00:00\",\"description\":\"Sch\u00fctzen Sie Ihre Desserts mit dem Dessertbecher-Deckel aus Kunststoff CP125! Transparent und praktisch, gew\u00e4hrleistet er einen sicheren Transport.\",\"breadcrumb\":{\"@id\":\"https:\/\/www.csj-emballages.com\/de\/produit\/kunststoffdeckel-dessertschale-cp125-pro-50\/#breadcrumb\"},\"inLanguage\":\"de\",\"potentialAction\":[{\"@type\":\"ReadAction\",\"target\":[\"https:\/\/www.csj-emballages.com\/de\/produit\/kunststoffdeckel-dessertschale-cp125-pro-50\/\"]}]},{\"@type\":\"ImageObject\",\"inLanguage\":\"de\",\"@id\":\"https:\/\/www.csj-emballages.com\/de\/produit\/kunststoffdeckel-dessertschale-cp125-pro-50\/#primaryimage\",\"url\":\"https:\/\/www.csj-emballages.com\/wp-content\/uploads\/2025\/02\/COUVCP.webp\",\"contentUrl\":\"https:\/\/www.csj-emballages.com\/wp-content\/uploads\/2025\/02\/COUVCP.webp\",\"width\":800,\"height\":800,\"caption\":\"Couvercle plastique coupe \u00e0 dessert\"},{\"@type\":\"BreadcrumbList\",\"@id\":\"https:\/\/www.csj-emballages.com\/de\/produit\/kunststoffdeckel-dessertschale-cp125-pro-50\/#breadcrumb\",\"itemListElement\":[{\"@type\":\"ListItem\",\"position\":1,\"name\":\"Accueil\",\"item\":\"https:\/\/www.csj-emballages.com\/de\/universum-lebensmittelverpackungen\/\"},{\"@type\":\"ListItem\",\"position\":2,\"name\":\"Shop\",\"item\":\"https:\/\/www.csj-emballages.com\/shop\/\"},{\"@type\":\"ListItem\",\"position\":3,\"name\":\"Kunststoffdeckel Dessertschale CP125 pro 50\"}]},{\"@type\":\"WebSite\",\"@id\":\"https:\/\/www.csj-emballages.com\/de\/#website\",\"url\":\"https:\/\/www.csj-emballages.com\/de\/\",\"name\":\"CSJ Emballages\",\"description\":\"\",\"publisher\":{\"@id\":\"https:\/\/www.csj-emballages.com\/de\/#organization\"},\"potentialAction\":[{\"@type\":\"SearchAction\",\"target\":{\"@type\":\"EntryPoint\",\"urlTemplate\":\"https:\/\/www.csj-emballages.com\/de\/?s={search_term_string}\"},\"query-input\":{\"@type\":\"PropertyValueSpecification\",\"valueRequired\":true,\"valueName\":\"search_term_string\"}}],\"inLanguage\":\"de\"},{\"@type\":\"Organization\",\"@id\":\"https:\/\/www.csj-emballages.com\/de\/#Organization\/\",\"name\":\"CSJ Emballages\",\"url\":\"https:\/\/www.csj-emballages.com\/de\/\",\"logo\":{\"@type\":\"ImageObject\",\"inLanguage\":\"de\",\"@id\":\"https:\/\/www.csj-emballages.com\/de\/#\/schema\/logo\/image\/\",\"url\":\"https:\/\/www.csj-emballages.com\/wp-content\/uploads\/2023\/10\/logo_csj.webp\",\"contentUrl\":\"https:\/\/www.csj-emballages.com\/wp-content\/uploads\/2023\/10\/logo_csj.webp\",\"width\":250,\"height\":95,\"caption\":\"CSJ Emballages\"},\"image\":{\"@id\":\"https:\/\/www.csj-emballages.com\/de\/#\/schema\/logo\/image\/\"},\"sameAs\":[\"https:\/\/www.facebook.com\/csjemballages\"],\"address\":{\"@type\":\"PostalAddress\",\"streetAddress\":\"ZI La Lechere\",\"addressLocality\":\"Patornay\",\"postalCode\":\"39130\",\"addressCountry\":\"FR\"},\"contactPoint\":[{\"@type\":\"ContactPoint\",\"contactType\":\"Service client\",\"telephone\":\"0384254272\",\"email\":\"contact@csj-emballages.com\"}]}]}<\/script>\n<!-- \/ Yoast SEO Premium plugin. -->","yoast_head_json":{"title":"Kunststoffdeckel Dessertschale CP125 pro 50","description":"Sch\u00fctzen Sie Ihre Desserts mit dem Dessertbecher-Deckel aus Kunststoff CP125! Transparent und praktisch, gew\u00e4hrleistet er einen sicheren Transport.","robots":{"index":"index","follow":"follow","max-snippet":"max-snippet:-1","max-image-preview":"max-image-preview:large","max-video-preview":"max-video-preview:-1"},"canonical":"https:\/\/www.csj-emballages.com\/de\/produit\/kunststoffdeckel-dessertschale-cp125-pro-50\/","og_locale":"de_DE","og_type":"article","og_title":"Kunststoffdeckel Dessertschale CP125 pro 50","og_description":"Sch\u00fctzen Sie Ihre Desserts mit dem Dessertbecher-Deckel aus Kunststoff CP125! Transparent und praktisch, gew\u00e4hrleistet er einen sicheren Transport.","og_url":"https:\/\/www.csj-emballages.com\/de\/produit\/kunststoffdeckel-dessertschale-cp125-pro-50\/","og_site_name":"CSJ Emballages","article_publisher":"https:\/\/www.facebook.com\/csjemballages","article_modified_time":"2026-04-29T00:13:29+00:00","og_image":[{"width":800,"height":800,"url":"https:\/\/www.csj-emballages.com\/wp-content\/uploads\/2025\/02\/COUVCP.webp","type":"image\/webp"}],"twitter_card":"summary_large_image","twitter_misc":{"Gesch\u00e4tzte Lesezeit":"1\u00a0Minute"},"schema":{"@context":"https:\/\/schema.org","@graph":[{"@type":"WebPage","@id":"https:\/\/www.csj-emballages.com\/de\/produit\/kunststoffdeckel-dessertschale-cp125-pro-50\/","url":"https:\/\/www.csj-emballages.com\/de\/produit\/kunststoffdeckel-dessertschale-cp125-pro-50\/","name":"Kunststoffdeckel Dessertschale CP125 pro 50","isPartOf":{"@id":"https:\/\/www.csj-emballages.com\/de\/#website"},"primaryImageOfPage":{"@id":"https:\/\/www.csj-emballages.com\/de\/produit\/kunststoffdeckel-dessertschale-cp125-pro-50\/#primaryimage"},"image":{"@id":"https:\/\/www.csj-emballages.com\/de\/produit\/kunststoffdeckel-dessertschale-cp125-pro-50\/#primaryimage"},"thumbnailUrl":"https:\/\/www.csj-emballages.com\/wp-content\/uploads\/2025\/02\/COUVCP.webp","datePublished":"2025-02-12T09:41:53+00:00","dateModified":"2026-04-29T00:13:29+00:00","description":"Sch\u00fctzen Sie Ihre Desserts mit dem Dessertbecher-Deckel aus Kunststoff CP125! Transparent und praktisch, gew\u00e4hrleistet er einen sicheren Transport.","breadcrumb":{"@id":"https:\/\/www.csj-emballages.com\/de\/produit\/kunststoffdeckel-dessertschale-cp125-pro-50\/#breadcrumb"},"inLanguage":"de","potentialAction":[{"@type":"ReadAction","target":["https:\/\/www.csj-emballages.com\/de\/produit\/kunststoffdeckel-dessertschale-cp125-pro-50\/"]}]},{"@type":"ImageObject","inLanguage":"de","@id":"https:\/\/www.csj-emballages.com\/de\/produit\/kunststoffdeckel-dessertschale-cp125-pro-50\/#primaryimage","url":"https:\/\/www.csj-emballages.com\/wp-content\/uploads\/2025\/02\/COUVCP.webp","contentUrl":"https:\/\/www.csj-emballages.com\/wp-content\/uploads\/2025\/02\/COUVCP.webp","width":800,"height":800,"caption":"Couvercle plastique coupe \u00e0 dessert"},{"@type":"BreadcrumbList","@id":"https:\/\/www.csj-emballages.com\/de\/produit\/kunststoffdeckel-dessertschale-cp125-pro-50\/#breadcrumb","itemListElement":[{"@type":"ListItem","position":1,"name":"Accueil","item":"https:\/\/www.csj-emballages.com\/de\/universum-lebensmittelverpackungen\/"},{"@type":"ListItem","position":2,"name":"Shop","item":"https:\/\/www.csj-emballages.com\/shop\/"},{"@type":"ListItem","position":3,"name":"Kunststoffdeckel Dessertschale CP125 pro 50"}]},{"@type":"WebSite","@id":"https:\/\/www.csj-emballages.com\/de\/#website","url":"https:\/\/www.csj-emballages.com\/de\/","name":"CSJ Emballages","description":"","publisher":{"@id":"https:\/\/www.csj-emballages.com\/de\/#organization"},"potentialAction":[{"@type":"SearchAction","target":{"@type":"EntryPoint","urlTemplate":"https:\/\/www.csj-emballages.com\/de\/?s={search_term_string}"},"query-input":{"@type":"PropertyValueSpecification","valueRequired":true,"valueName":"search_term_string"}}],"inLanguage":"de"},{"@type":"Organization","@id":"https:\/\/www.csj-emballages.com\/de\/#Organization\/","name":"CSJ Emballages","url":"https:\/\/www.csj-emballages.com\/de\/","logo":{"@type":"ImageObject","inLanguage":"de","@id":"https:\/\/www.csj-emballages.com\/de\/#\/schema\/logo\/image\/","url":"https:\/\/www.csj-emballages.com\/wp-content\/uploads\/2023\/10\/logo_csj.webp","contentUrl":"https:\/\/www.csj-emballages.com\/wp-content\/uploads\/2023\/10\/logo_csj.webp","width":250,"height":95,"caption":"CSJ Emballages"},"image":{"@id":"https:\/\/www.csj-emballages.com\/de\/#\/schema\/logo\/image\/"},"sameAs":["https:\/\/www.facebook.com\/csjemballages"],"address":{"@type":"PostalAddress","streetAddress":"ZI La Lechere","addressLocality":"Patornay","postalCode":"39130","addressCountry":"FR"},"contactPoint":[{"@type":"ContactPoint","contactType":"Service client","telephone":"0384254272","email":"contact@csj-emballages.com"}]}]}},"df_price":2.66,"df_sale_price":"","df_regular_price":2.66,"df_image_link":"https:\/\/www.csj-emballages.com\/wp-content\/uploads\/2025\/02\/COUVCP-300x300.webp","tiered_pricing_type":"fixed","tiered_pricing_fixed_rules":[],"tiered_pricing_percentage_rules":[],"tiered_pricing_minimum":1,"tiered_pricing_roles_data":[],"_links":{"self":[{"href":"https:\/\/www.csj-emballages.com\/de\/wp-json\/wp\/v2\/product\/224266","targetHints":{"allow":["GET"]}}],"collection":[{"href":"https:\/\/www.csj-emballages.com\/de\/wp-json\/wp\/v2\/product"}],"about":[{"href":"https:\/\/www.csj-emballages.com\/de\/wp-json\/wp\/v2\/types\/product"}],"wp:featuredmedia":[{"embeddable":true,"href":"https:\/\/www.csj-emballages.com\/de\/wp-json\/wp\/v2\/media\/224221"}],"wp:attachment":[{"href":"https:\/\/www.csj-emballages.com\/de\/wp-json\/wp\/v2\/media?parent=224266"}],"wp:term":[{"taxonomy":"product_brand","embeddable":true,"href":"https:\/\/www.csj-emballages.com\/de\/wp-json\/wp\/v2\/product_brand?post=224266"},{"taxonomy":"product_cat","embeddable":true,"href":"https:\/\/www.csj-emballages.com\/de\/wp-json\/wp\/v2\/product_cat?post=224266"},{"taxonomy":"product_tag","embeddable":true,"href":"https:\/\/www.csj-emballages.com\/de\/wp-json\/wp\/v2\/product_tag?post=224266"}],"curies":[{"name":"wp","href":"https:\/\/api.w.org\/{rel}","templated":true}]}}