{"id":22402,"date":"2024-03-01T16:51:25","date_gmt":"2024-03-01T15:51:25","guid":{"rendered":"https:\/\/u15jnbdpoq.preview.infomaniak.website\/produit\/raffiaknaeuel-weiss-silber-100m-x-10mm\/"},"modified":"2026-03-12T16:31:56","modified_gmt":"2026-03-12T15:31:56","slug":"raffiaknaeuel-weiss-silber-100m-x-10mm","status":"publish","type":"product","link":"https:\/\/www.csj-emballages.com\/de\/produit\/raffiaknaeuel-weiss-silber-100m-x-10mm\/","title":{"rendered":"Raffiakn\u00e4uel wei\u00df\/silber 100m x 10mm"},"content":{"rendered":"<h2 style=\"text-indent: 0px; box-sizing: inherit; font-family: Roboto, sans-serif;\">Raffiabastkn\u00e4uel<\/h2>\n<hr>\n<h3>Entdecken Sie unser Raffiabastkn\u00e4uel Wei\u00df \/ Silber 100m x 10mm<\/h3>\n<p><!--more--><\/p>\n<p data-start=\"240\" data-end=\"649\">Manchmal sind es die kleinen Details, die den Unterschied ausmachen. Dieses <strong data-start=\"312\" data-end=\"348\">Raffiabastkn\u00e4uel in Wei\u00df und Silber<\/strong> verleiht genau das gewisse Etwas, das eine einfache Verpackung in eine gepflegte und elegante Pr\u00e4sentation verwandelt. Seine Mischung aus leuchtendem Wei\u00df und silbernen Reflexen f\u00e4ngt das Licht subtil ein, ohne jemals aufdringlich zu wirken. Das Ergebnis: ein schickes, sauberes und modernes Erscheinungsbild, perfekt f\u00fcr alle Anl\u00e4sse.   <\/p>\n<p data-start=\"651\" data-end=\"1040\">Mit seiner <strong data-start=\"660\" data-end=\"686\">L\u00e4nge von 100 Metern<\/strong> und seiner Breite von <strong data-start=\"704\" data-end=\"713\">10 mm<\/strong> bietet dieser Raffiabast echte Anwendungsfreiheit. Sie k\u00f6nnen damit leicht Schleifen binden, Schachteln umwickeln, Beutel verschlie\u00dfen oder Geschenkk\u00f6rbe dekorieren. Es l\u00e4sst sich m\u00fchelos handhaben, bricht beim Falten nicht und beh\u00e4lt nach dem Binden eine sch\u00f6ne Form. Mit anderen Worten: Sie sparen Zeit und erzielen gleichzeitig ein sauberes Ergebnis.   <\/p>\n<p data-start=\"1042\" data-end=\"1377\">Dieser Raffiabast eignet sich sowohl f\u00fcr Profis als auch f\u00fcr Privatpersonen. Er passt zu Lebensmittelverpackungen, Geschenkboxen, Festtagsdekorationen oder auch zu handwerklichen Kreationen. Ob f\u00fcr Weihnachten, ein Event, ein Schaufenster oder ein einfaches Geschenkpaket \u2013 er verleiht eine raffinierte Note, ohne die Pr\u00e4sentation zu \u00fcberladen.  <\/p>\n<p data-start=\"1379\" data-end=\"1641\">Zudem verleiht ihm seine Papieroptik einen nat\u00fcrlichen Stil, w\u00e4hrend er gleichzeitig widerstandsf\u00e4hig bleibt. Sie k\u00f6nnen ihn t\u00e4glich verwenden, ohne bef\u00fcrchten zu m\u00fcssen, dass er seinen Glanz oder seine Form verliert. Es ist die Art von diskretem, aber effektivem Accessoire, das man immer gerne zur Hand hat.  <\/p>\n<p data-start=\"1643\" data-end=\"1786\">Zusammenfassend l\u00e4sst sich sagen, ist dieses Raffiabastkn\u00e4uel in Wei\u00df und Silber ideal, um Ihre Verpackungen und Kreationen mit Einfachheit, Eleganz und Koh\u00e4renz aufzuwerten.<\/p>\n<p data-start=\"1643\" data-end=\"1786\">\n<p data-start=\"1643\" data-end=\"1786\"><!--more--><\/p>\n<h4 data-start=\"1643\" data-end=\"1786\">Vorteile :<\/h4>\n<ul>\n<li data-start=\"1814\" data-end=\"1860\">Elegante Kombination aus <strong>Wei\u00df<\/strong> und <strong>Silber<\/strong>.<\/li>\n<li data-start=\"1863\" data-end=\"1892\">Gro\u00dfz\u00fcgige L\u00e4nge von <strong>100 m<\/strong>.<\/li>\n<li data-start=\"1895\" data-end=\"1926\">Leicht zu knoten und zu handhaben.<\/li>\n<li data-start=\"1929\" data-end=\"1960\">Guter Halt nach dem Anbringen.<\/li>\n<li data-start=\"1963\" data-end=\"2005\">Geeignet f\u00fcr viele dekorative Zwecke.<\/li>\n<\/ul>\n<p>&nbsp;<\/p>\n<p><!--more--><\/p>\n<h4 style=\"text-indent: 0px; box-sizing: inherit; font-family: Roboto, sans-serif;\">Weitere Informationen :<\/h4>\n<ul>\n<li><strong>Verpackung<\/strong>: Einzeln<\/li>\n<li><strong>Breite<\/strong>: 10mm<\/li>\n<li><strong>L\u00e4nge<\/strong>: 100m<\/li>\n<li><strong>Farbe<\/strong>: Wei\u00df \/ Silber<\/li>\n<li><strong>Modell<\/strong>: Raffia \u201ePapermat\u201c<\/li>\n<li><strong>Material<\/strong>: PP<\/li>\n<\/ul>\n<h2 style=\"font-family: Roboto, sans-serif; box-sizing: inherit;\"><\/h2>\n<p><!--more--><\/p>\n<p>Dieses Raffiabastkn\u00e4uel ist in verschiedenen Farben erh\u00e4ltlich: <span style=\"color: #d12727;\"><a style=\"color: #d12727;\" href=\"https:\/\/www.csj-emballages.com\/es\/produit\/bola-de-rafia-kraft-100m-x-10mm\/\">Kraft<\/a><\/span> \/ <span style=\"color: #d12727;\"><a style=\"color: #d12727;\" href=\"https:\/\/www.csj-emballages.com\/es\/produit\/rafia-maiz-amapola-bola-200m-x-10mm\/\">Mais &#8211; Mohnrot<\/a><\/span> \/ <span style=\"color: #d12727;\"><a style=\"color: #d12727;\" href=\"https:\/\/www.csj-emballages.com\/es\/produit\/bola-de-rafia-naranja-chocolate-200m-x-125-mm\/\">Orange &#8211; Schokolade<\/a><\/span> \/ <span style=\"color: #d12727;\"><a style=\"color: #d12727;\" href=\"https:\/\/www.csj-emballages.com\/es\/produit\/bola-de-rafia-roja-burdeos-200-m-x-125-mm\/\">Rot &#8211; Bordeaux<\/a><\/span><\/p>\n<p>&nbsp;<\/p>\n<p><!--more--><\/p>\n<p><a href=\"https:\/\/www.csj-emballages.com\/de\/categorie-produit\/lebensmittelverpackungen\/backerei-und-konditorei\/zubehor-und-ausstattung\/dekoratives-zubehor\/raffia-pelotes\/\">Sehen Sie sich den Rest unseres Raffiabastkn\u00e4uel-Sortiments an<\/a><\/p>\n","protected":false},"excerpt":{"rendered":"<p>Raffiabastkn\u00e4uel Entdecken Sie unser Raffiabastkn\u00e4uel Wei\u00df \/ Silber 100m x 10mm<\/p>\n","protected":false},"featured_media":259479,"template":"","meta":{"_acf_changed":false},"product_brand":[],"product_cat":[1137,1171,1794,3077,1487,1813,3080,1265],"product_tag":[],"class_list":{"0":"post-22402","1":"product","2":"type-product","3":"status-publish","4":"has-post-thumbnail","6":"product_cat-lebensmittelverpackungen","7":"product_cat-backerei-und-konditorei","8":"product_cat-dekoratives-zubehor","9":"product_cat-raffia-pelotes","10":"product_cat-boutique-und-geschaft","11":"product_cat-dekoratives-zubehor-de","12":"product_cat-raffia-pelotes-de","13":"product_cat-lagerbestande-promotion","15":"first","16":"instock","17":"sale","18":"taxable","19":"shipping-taxable","20":"purchasable","21":"product-type-simple"},"acf":[],"yoast_head":"<!-- This site is optimized with the Yoast SEO Premium plugin v26.6 (Yoast SEO v26.6) - https:\/\/yoast.com\/wordpress\/plugins\/seo\/ -->\n<title>Raffiabastkn\u00e4uel Wei\u00df \/ Silber 100m x 10mm<\/title>\n<meta name=\"description\" content=\"Raffiabastkn\u00e4uel in Wei\u00df und Silber, 100 m x 10 mm, ideal f\u00fcr Geschenkverpackungen, Dekorationen und elegante Kreationen, leicht zu knoten und widerstandsf\u00e4hig.\" \/>\n<meta name=\"robots\" content=\"index, follow, max-snippet:-1, max-image-preview:large, max-video-preview:-1\" \/>\n<link rel=\"canonical\" href=\"https:\/\/www.csj-emballages.com\/de\/produit\/raffiaknaeuel-weiss-silber-100m-x-10mm\/\" \/>\n<meta property=\"og:locale\" content=\"de_DE\" \/>\n<meta property=\"og:type\" content=\"article\" \/>\n<meta property=\"og:title\" content=\"Raffiakn\u00e4uel wei\u00df\/silber 100m x 10mm\" \/>\n<meta property=\"og:description\" content=\"Raffiabastkn\u00e4uel in Wei\u00df und Silber, 100 m x 10 mm, ideal f\u00fcr Geschenkverpackungen, Dekorationen und elegante Kreationen, leicht zu knoten und widerstandsf\u00e4hig.\" \/>\n<meta property=\"og:url\" content=\"https:\/\/www.csj-emballages.com\/de\/produit\/raffiaknaeuel-weiss-silber-100m-x-10mm\/\" \/>\n<meta property=\"og:site_name\" content=\"CSJ Emballages\" \/>\n<meta property=\"article:publisher\" content=\"https:\/\/www.facebook.com\/csjemballages\" \/>\n<meta property=\"article:modified_time\" content=\"2026-03-12T15:31:56+00:00\" \/>\n<meta property=\"og:image\" content=\"https:\/\/www.csj-emballages.com\/wp-content\/uploads\/2024\/03\/PELORAF51.webp\" \/>\n\t<meta property=\"og:image:width\" content=\"800\" \/>\n\t<meta property=\"og:image:height\" content=\"800\" \/>\n\t<meta property=\"og:image:type\" content=\"image\/webp\" \/>\n<meta name=\"twitter:card\" content=\"summary_large_image\" \/>\n<meta name=\"twitter:label1\" content=\"Gesch\u00e4tzte Lesezeit\" \/>\n\t<meta name=\"twitter:data1\" content=\"2 Minuten\" \/>\n<script type=\"application\/ld+json\" class=\"yoast-schema-graph\">{\"@context\":\"https:\/\/schema.org\",\"@graph\":[{\"@type\":\"WebPage\",\"@id\":\"https:\/\/www.csj-emballages.com\/de\/produit\/raffiaknaeuel-weiss-silber-100m-x-10mm\/\",\"url\":\"https:\/\/www.csj-emballages.com\/de\/produit\/raffiaknaeuel-weiss-silber-100m-x-10mm\/\",\"name\":\"Raffiabastkn\u00e4uel Wei\u00df \/ Silber 100m x 10mm\",\"isPartOf\":{\"@id\":\"https:\/\/www.csj-emballages.com\/de\/#website\"},\"primaryImageOfPage\":{\"@id\":\"https:\/\/www.csj-emballages.com\/de\/produit\/raffiaknaeuel-weiss-silber-100m-x-10mm\/#primaryimage\"},\"image\":{\"@id\":\"https:\/\/www.csj-emballages.com\/de\/produit\/raffiaknaeuel-weiss-silber-100m-x-10mm\/#primaryimage\"},\"thumbnailUrl\":\"https:\/\/www.csj-emballages.com\/wp-content\/uploads\/2024\/03\/PELORAF51.webp\",\"datePublished\":\"2024-03-01T15:51:25+00:00\",\"dateModified\":\"2026-03-12T15:31:56+00:00\",\"description\":\"Raffiabastkn\u00e4uel in Wei\u00df und Silber, 100 m x 10 mm, ideal f\u00fcr Geschenkverpackungen, Dekorationen und elegante Kreationen, leicht zu knoten und widerstandsf\u00e4hig.\",\"breadcrumb\":{\"@id\":\"https:\/\/www.csj-emballages.com\/de\/produit\/raffiaknaeuel-weiss-silber-100m-x-10mm\/#breadcrumb\"},\"inLanguage\":\"de\",\"potentialAction\":[{\"@type\":\"ReadAction\",\"target\":[\"https:\/\/www.csj-emballages.com\/de\/produit\/raffiaknaeuel-weiss-silber-100m-x-10mm\/\"]}]},{\"@type\":\"ImageObject\",\"inLanguage\":\"de\",\"@id\":\"https:\/\/www.csj-emballages.com\/de\/produit\/raffiaknaeuel-weiss-silber-100m-x-10mm\/#primaryimage\",\"url\":\"https:\/\/www.csj-emballages.com\/wp-content\/uploads\/2024\/03\/PELORAF51.webp\",\"contentUrl\":\"https:\/\/www.csj-emballages.com\/wp-content\/uploads\/2024\/03\/PELORAF51.webp\",\"width\":800,\"height\":800,\"caption\":\"Pelote raffia\"},{\"@type\":\"BreadcrumbList\",\"@id\":\"https:\/\/www.csj-emballages.com\/de\/produit\/raffiaknaeuel-weiss-silber-100m-x-10mm\/#breadcrumb\",\"itemListElement\":[{\"@type\":\"ListItem\",\"position\":1,\"name\":\"Accueil\",\"item\":\"https:\/\/www.csj-emballages.com\/de\/universum-lebensmittelverpackungen\/\"},{\"@type\":\"ListItem\",\"position\":2,\"name\":\"Shop\",\"item\":\"https:\/\/www.csj-emballages.com\/shop\/\"},{\"@type\":\"ListItem\",\"position\":3,\"name\":\"Raffiakn\u00e4uel wei\u00df\/silber 100m x 10mm\"}]},{\"@type\":\"WebSite\",\"@id\":\"https:\/\/www.csj-emballages.com\/de\/#website\",\"url\":\"https:\/\/www.csj-emballages.com\/de\/\",\"name\":\"CSJ Emballages\",\"description\":\"\",\"publisher\":{\"@id\":\"https:\/\/www.csj-emballages.com\/de\/#organization\"},\"potentialAction\":[{\"@type\":\"SearchAction\",\"target\":{\"@type\":\"EntryPoint\",\"urlTemplate\":\"https:\/\/www.csj-emballages.com\/de\/?s={search_term_string}\"},\"query-input\":{\"@type\":\"PropertyValueSpecification\",\"valueRequired\":true,\"valueName\":\"search_term_string\"}}],\"inLanguage\":\"de\"},{\"@type\":\"Organization\",\"@id\":\"https:\/\/www.csj-emballages.com\/de\/#Organization\/\",\"name\":\"CSJ Emballages\",\"url\":\"https:\/\/www.csj-emballages.com\/de\/\",\"logo\":{\"@type\":\"ImageObject\",\"inLanguage\":\"de\",\"@id\":\"https:\/\/www.csj-emballages.com\/de\/#\/schema\/logo\/image\/\",\"url\":\"https:\/\/www.csj-emballages.com\/wp-content\/uploads\/2023\/10\/logo_csj.webp\",\"contentUrl\":\"https:\/\/www.csj-emballages.com\/wp-content\/uploads\/2023\/10\/logo_csj.webp\",\"width\":250,\"height\":95,\"caption\":\"CSJ Emballages\"},\"image\":{\"@id\":\"https:\/\/www.csj-emballages.com\/de\/#\/schema\/logo\/image\/\"},\"sameAs\":[\"https:\/\/www.facebook.com\/csjemballages\"],\"address\":{\"@type\":\"PostalAddress\",\"streetAddress\":\"ZI La Lechere\",\"addressLocality\":\"Patornay\",\"postalCode\":\"39130\",\"addressCountry\":\"FR\"},\"contactPoint\":[{\"@type\":\"ContactPoint\",\"contactType\":\"Service client\",\"telephone\":\"0384254272\",\"email\":\"contact@csj-emballages.com\"}]}]}<\/script>\n<!-- \/ Yoast SEO Premium plugin. -->","yoast_head_json":{"title":"Raffiabastkn\u00e4uel Wei\u00df \/ Silber 100m x 10mm","description":"Raffiabastkn\u00e4uel in Wei\u00df und Silber, 100 m x 10 mm, ideal f\u00fcr Geschenkverpackungen, Dekorationen und elegante Kreationen, leicht zu knoten und widerstandsf\u00e4hig.","robots":{"index":"index","follow":"follow","max-snippet":"max-snippet:-1","max-image-preview":"max-image-preview:large","max-video-preview":"max-video-preview:-1"},"canonical":"https:\/\/www.csj-emballages.com\/de\/produit\/raffiaknaeuel-weiss-silber-100m-x-10mm\/","og_locale":"de_DE","og_type":"article","og_title":"Raffiakn\u00e4uel wei\u00df\/silber 100m x 10mm","og_description":"Raffiabastkn\u00e4uel in Wei\u00df und Silber, 100 m x 10 mm, ideal f\u00fcr Geschenkverpackungen, Dekorationen und elegante Kreationen, leicht zu knoten und widerstandsf\u00e4hig.","og_url":"https:\/\/www.csj-emballages.com\/de\/produit\/raffiaknaeuel-weiss-silber-100m-x-10mm\/","og_site_name":"CSJ Emballages","article_publisher":"https:\/\/www.facebook.com\/csjemballages","article_modified_time":"2026-03-12T15:31:56+00:00","og_image":[{"width":800,"height":800,"url":"https:\/\/www.csj-emballages.com\/wp-content\/uploads\/2024\/03\/PELORAF51.webp","type":"image\/webp"}],"twitter_card":"summary_large_image","twitter_misc":{"Gesch\u00e4tzte Lesezeit":"2 Minuten"},"schema":{"@context":"https:\/\/schema.org","@graph":[{"@type":"WebPage","@id":"https:\/\/www.csj-emballages.com\/de\/produit\/raffiaknaeuel-weiss-silber-100m-x-10mm\/","url":"https:\/\/www.csj-emballages.com\/de\/produit\/raffiaknaeuel-weiss-silber-100m-x-10mm\/","name":"Raffiabastkn\u00e4uel Wei\u00df \/ Silber 100m x 10mm","isPartOf":{"@id":"https:\/\/www.csj-emballages.com\/de\/#website"},"primaryImageOfPage":{"@id":"https:\/\/www.csj-emballages.com\/de\/produit\/raffiaknaeuel-weiss-silber-100m-x-10mm\/#primaryimage"},"image":{"@id":"https:\/\/www.csj-emballages.com\/de\/produit\/raffiaknaeuel-weiss-silber-100m-x-10mm\/#primaryimage"},"thumbnailUrl":"https:\/\/www.csj-emballages.com\/wp-content\/uploads\/2024\/03\/PELORAF51.webp","datePublished":"2024-03-01T15:51:25+00:00","dateModified":"2026-03-12T15:31:56+00:00","description":"Raffiabastkn\u00e4uel in Wei\u00df und Silber, 100 m x 10 mm, ideal f\u00fcr Geschenkverpackungen, Dekorationen und elegante Kreationen, leicht zu knoten und widerstandsf\u00e4hig.","breadcrumb":{"@id":"https:\/\/www.csj-emballages.com\/de\/produit\/raffiaknaeuel-weiss-silber-100m-x-10mm\/#breadcrumb"},"inLanguage":"de","potentialAction":[{"@type":"ReadAction","target":["https:\/\/www.csj-emballages.com\/de\/produit\/raffiaknaeuel-weiss-silber-100m-x-10mm\/"]}]},{"@type":"ImageObject","inLanguage":"de","@id":"https:\/\/www.csj-emballages.com\/de\/produit\/raffiaknaeuel-weiss-silber-100m-x-10mm\/#primaryimage","url":"https:\/\/www.csj-emballages.com\/wp-content\/uploads\/2024\/03\/PELORAF51.webp","contentUrl":"https:\/\/www.csj-emballages.com\/wp-content\/uploads\/2024\/03\/PELORAF51.webp","width":800,"height":800,"caption":"Pelote raffia"},{"@type":"BreadcrumbList","@id":"https:\/\/www.csj-emballages.com\/de\/produit\/raffiaknaeuel-weiss-silber-100m-x-10mm\/#breadcrumb","itemListElement":[{"@type":"ListItem","position":1,"name":"Accueil","item":"https:\/\/www.csj-emballages.com\/de\/universum-lebensmittelverpackungen\/"},{"@type":"ListItem","position":2,"name":"Shop","item":"https:\/\/www.csj-emballages.com\/shop\/"},{"@type":"ListItem","position":3,"name":"Raffiakn\u00e4uel wei\u00df\/silber 100m x 10mm"}]},{"@type":"WebSite","@id":"https:\/\/www.csj-emballages.com\/de\/#website","url":"https:\/\/www.csj-emballages.com\/de\/","name":"CSJ Emballages","description":"","publisher":{"@id":"https:\/\/www.csj-emballages.com\/de\/#organization"},"potentialAction":[{"@type":"SearchAction","target":{"@type":"EntryPoint","urlTemplate":"https:\/\/www.csj-emballages.com\/de\/?s={search_term_string}"},"query-input":{"@type":"PropertyValueSpecification","valueRequired":true,"valueName":"search_term_string"}}],"inLanguage":"de"},{"@type":"Organization","@id":"https:\/\/www.csj-emballages.com\/de\/#Organization\/","name":"CSJ Emballages","url":"https:\/\/www.csj-emballages.com\/de\/","logo":{"@type":"ImageObject","inLanguage":"de","@id":"https:\/\/www.csj-emballages.com\/de\/#\/schema\/logo\/image\/","url":"https:\/\/www.csj-emballages.com\/wp-content\/uploads\/2023\/10\/logo_csj.webp","contentUrl":"https:\/\/www.csj-emballages.com\/wp-content\/uploads\/2023\/10\/logo_csj.webp","width":250,"height":95,"caption":"CSJ Emballages"},"image":{"@id":"https:\/\/www.csj-emballages.com\/de\/#\/schema\/logo\/image\/"},"sameAs":["https:\/\/www.facebook.com\/csjemballages"],"address":{"@type":"PostalAddress","streetAddress":"ZI La Lechere","addressLocality":"Patornay","postalCode":"39130","addressCountry":"FR"},"contactPoint":[{"@type":"ContactPoint","contactType":"Service client","telephone":"0384254272","email":"contact@csj-emballages.com"}]}]}},"df_price":3.52,"df_sale_price":3.52,"df_regular_price":4.39,"df_image_link":"https:\/\/www.csj-emballages.com\/wp-content\/uploads\/2024\/03\/PELORAF51-300x300.webp","tiered_pricing_type":"fixed","tiered_pricing_fixed_rules":[],"tiered_pricing_percentage_rules":[],"tiered_pricing_minimum":1,"tiered_pricing_roles_data":[],"_links":{"self":[{"href":"https:\/\/www.csj-emballages.com\/de\/wp-json\/wp\/v2\/product\/22402","targetHints":{"allow":["GET"]}}],"collection":[{"href":"https:\/\/www.csj-emballages.com\/de\/wp-json\/wp\/v2\/product"}],"about":[{"href":"https:\/\/www.csj-emballages.com\/de\/wp-json\/wp\/v2\/types\/product"}],"wp:featuredmedia":[{"embeddable":true,"href":"https:\/\/www.csj-emballages.com\/de\/wp-json\/wp\/v2\/media\/259479"}],"wp:attachment":[{"href":"https:\/\/www.csj-emballages.com\/de\/wp-json\/wp\/v2\/media?parent=22402"}],"wp:term":[{"taxonomy":"product_brand","embeddable":true,"href":"https:\/\/www.csj-emballages.com\/de\/wp-json\/wp\/v2\/product_brand?post=22402"},{"taxonomy":"product_cat","embeddable":true,"href":"https:\/\/www.csj-emballages.com\/de\/wp-json\/wp\/v2\/product_cat?post=22402"},{"taxonomy":"product_tag","embeddable":true,"href":"https:\/\/www.csj-emballages.com\/de\/wp-json\/wp\/v2\/product_tag?post=22402"}],"curies":[{"name":"wp","href":"https:\/\/api.w.org\/{rel}","templated":true}]}}