{"id":22397,"date":"2024-03-01T16:51:25","date_gmt":"2024-03-01T15:51:25","guid":{"rendered":"https:\/\/u15jnbdpoq.preview.infomaniak.website\/produit\/raffiaknaeuel-mais-mohn-200m-x-10mm\/"},"modified":"2026-03-17T02:15:22","modified_gmt":"2026-03-17T01:15:22","slug":"raffiaknaeuel-mais-mohn-200m-x-10mm","status":"publish","type":"product","link":"https:\/\/www.csj-emballages.com\/de\/produit\/raffiaknaeuel-mais-mohn-200m-x-10mm\/","title":{"rendered":"Raffiakn\u00e4uel Mais\/Mohn 200m x 10mm"},"content":{"rendered":"<h2 style=\"text-indent: 0px; box-sizing: inherit; font-family: Roboto, sans-serif;\">Raffiabastkn\u00e4uel<\/h2>\n<hr>\n<h3>Entdecken Sie unser Raffiabast-Kn\u00e4uel Mais \/ Mohn 200 m x 10 mm<\/h3>\n<p><!--more--><\/p>\n<p data-start=\"247\" data-end=\"615\">Dieses <strong>Raffiabast-Kn\u00e4uel<\/strong> <strong data-start=\"270\" data-end=\"291\">Mais \/ Mohn<\/strong> verleiht Ihren Verpackungen sofort einen Hauch von <strong>Farbe<\/strong> und Charakter. Die Mischung aus <strong>warmem<\/strong> <strong>Gelb<\/strong> und <strong>intensivem Rot<\/strong> erzeugt eine dynamische Optik, ideal, um Blicke auf sich zu ziehen und Ihren Pr\u00e4sentationen Tiefe zu verleihen. Bei der Verwendung sp\u00fcrt man, dass es sich nicht um ein einfaches Band, sondern um ein echtes Dekorationselement handelt.  <\/p>\n<p data-start=\"617\" data-end=\"1027\">Mit einer <strong data-start=\"626\" data-end=\"652\">L\u00e4nge von 200 Metern<\/strong> und einer Breite von <strong data-start=\"670\" data-end=\"679\">10 mm<\/strong> bietet dieses Kn\u00e4uel eine hervorragende Autonomie. Sie k\u00f6nnen es lange verwenden, ohne st\u00e4ndig die Spule wechseln zu m\u00fcssen. Es l\u00e4sst sich leicht schneiden, m\u00fchelos knoten und h\u00e4lt gut an Ort und Stelle, sei es um ein Paket, einen Beutel, eine Geschenkbox oder ein Lebensmittelprodukt. So sparen Sie Zeit und perfektionieren gleichzeitig das Endergebnis.   <\/p>\n<p data-start=\"1029\" data-end=\"1425\">Dieser <strong>zweifarbige Raffiabast<\/strong> passt sich vielen Anwendungen an. Er eignet sich sowohl f\u00fcr Lebensmittelgesch\u00e4fte als auch f\u00fcr Boutiquen, Floristen, Designer oder Eventprofis. Er verleiht eine warme und originelle Note, ohne dabei aufdringlich zu wirken. Zudem eignen sich seine leuchtenden Farben hervorragend f\u00fcr festliche Anl\u00e4sse, M\u00e4rkte, saisonale Verk\u00e4ufe oder Sonderaktionen.   <\/p>\n<p data-start=\"1427\" data-end=\"1665\">Kurz gesagt, dieses <strong>Raffiabast-Kn\u00e4uel Mais \/ Mohn<\/strong> verbindet Praktikabilit\u00e4t und \u00c4sthetik. Es verwandelt eine einfache Verpackung in eine attraktivere Pr\u00e4sentation und bleibt dabei im Alltag einfach zu handhaben. Ein kleines Detail, das eindeutig den Unterschied macht.  <\/p>\n<p data-start=\"1643\" data-end=\"1786\"><!--more--><\/p>\n<h4 data-start=\"1643\" data-end=\"1786\">Vorteile :<\/h4>\n<ul>\n<li data-start=\"1694\" data-end=\"1738\">Kombination aus <strong>leuchtenden<\/strong> und originellen Farben.<\/li>\n<li data-start=\"1741\" data-end=\"1790\">Gro\u00dfe L\u00e4nge von <strong>200 m<\/strong> f\u00fcr eine lange Nutzungsdauer.<\/li>\n<li data-start=\"1793\" data-end=\"1833\"><strong>Breite von 10 mm<\/strong> f\u00fcr guten Halt.<\/li>\n<li data-start=\"1836\" data-end=\"1865\">Leicht zu schneiden und zu knoten.<\/li>\n<li data-start=\"1868\" data-end=\"1908\">Ideal f\u00fcr Verpackung und Dekoration.<\/li>\n<\/ul>\n<p>&nbsp;<\/p>\n<p><!--more--><\/p>\n<h4 style=\"text-indent: 0px; box-sizing: inherit; font-family: Roboto, sans-serif;\">Weitere Informationen :<\/h4>\n<ul>\n<li><strong>Verpackung<\/strong>: Einzeln<\/li>\n<li><strong>Breite<\/strong>: 10mm<\/li>\n<li><strong>L\u00e4nge<\/strong> : 200m<\/li>\n<li><strong>Farbe<\/strong> : Mais \/ Mohn<\/li>\n<li><strong>Modell<\/strong>: Raffia \u201ePapermat\u201c<\/li>\n<li><strong>Material<\/strong>: PP<\/li>\n<\/ul>\n<h2 style=\"font-family: Roboto, sans-serif; box-sizing: inherit;\"><\/h2>\n<p><!--more--><\/p>\n<p>Dieses Raffiabast-Kn\u00e4uel ist in verschiedenen Farben erh\u00e4ltlich : <span style=\"color: #d12727;\"><a style=\"color: #d12727;\" href=\"https:\/\/www.csj-emballages.com\/es\/produit\/bola-de-rafia-blanca-plateada-100m-x-10mm\/\">Wei\u00df &#8211; Silber<\/a><\/span> \/ <span style=\"color: #d12727;\"><a style=\"color: #d12727;\" href=\"https:\/\/www.csj-emballages.com\/es\/produit\/bola-de-rafia-kraft-100m-x-10mm\/\">Kraft<\/a><\/span> \/ <span style=\"color: #d12727;\"><a style=\"color: #d12727;\" href=\"https:\/\/www.csj-emballages.com\/es\/produit\/bola-de-rafia-naranja-chocolate-200m-x-125-mm\/\">Orange &#8211; Schokolade<\/a><\/span> \/ <span style=\"color: #d12727;\"><a style=\"color: #d12727;\" href=\"https:\/\/www.csj-emballages.com\/es\/produit\/bola-de-rafia-roja-burdeos-200-m-x-125-mm\/\">Rot &#8211; Bordeaux<\/a><\/span><\/p>\n<p>&nbsp;<\/p>\n<p><!--more--><\/p>\n<p><a href=\"https:\/\/www.csj-emballages.com\/de\/categorie-produit\/lebensmittelverpackungen\/backerei-und-konditorei\/zubehor-und-ausstattung\/dekoratives-zubehor\/raffia-pelotes\/\">Entdecken Sie unser weiteres Sortiment an Raffiabastkn\u00e4ueln<\/a><\/p>\n","protected":false},"excerpt":{"rendered":"<p>Raffiabastkn\u00e4uel Entdecken Sie unser Raffiabast-Kn\u00e4uel Mais \/ Mohn 200 m x 10 mm<\/p>\n","protected":false},"featured_media":259493,"template":"","meta":{"_acf_changed":false},"product_brand":[],"product_cat":[1137,1171,1794,3077,1487,1813,3080],"product_tag":[],"class_list":{"0":"post-22397","1":"product","2":"type-product","3":"status-publish","4":"has-post-thumbnail","6":"product_cat-lebensmittelverpackungen","7":"product_cat-backerei-und-konditorei","8":"product_cat-dekoratives-zubehor","9":"product_cat-raffia-pelotes","10":"product_cat-boutique-und-geschaft","11":"product_cat-dekoratives-zubehor-de","12":"product_cat-raffia-pelotes-de","14":"first","15":"instock","16":"taxable","17":"shipping-taxable","18":"purchasable","19":"product-type-simple"},"acf":[],"yoast_head":"<!-- This site is optimized with the Yoast SEO Premium plugin v26.6 (Yoast SEO v26.6) - https:\/\/yoast.com\/wordpress\/plugins\/seo\/ -->\n<title>Raffiabast Mais \/ Mohn 200 m x 10 mm<\/title>\n<meta name=\"description\" content=\"Raffiabast-Kn\u00e4uel Mais\/Mohn, 200 m x 10 mm, zweifarbig und widerstandsf\u00e4hig. Ideal zur Veredelung Ihrer Verpackungen und professionellen Dekorationen.\" \/>\n<meta name=\"robots\" content=\"index, follow, max-snippet:-1, max-image-preview:large, max-video-preview:-1\" \/>\n<link rel=\"canonical\" href=\"https:\/\/www.csj-emballages.com\/de\/produit\/raffiaknaeuel-mais-mohn-200m-x-10mm\/\" \/>\n<meta property=\"og:locale\" content=\"de_DE\" \/>\n<meta property=\"og:type\" content=\"article\" \/>\n<meta property=\"og:title\" content=\"Raffiakn\u00e4uel Mais\/Mohn 200m x 10mm\" \/>\n<meta property=\"og:description\" content=\"Raffiabast-Kn\u00e4uel Mais\/Mohn, 200 m x 10 mm, zweifarbig und widerstandsf\u00e4hig. Ideal zur Veredelung Ihrer Verpackungen und professionellen Dekorationen.\" \/>\n<meta property=\"og:url\" content=\"https:\/\/www.csj-emballages.com\/de\/produit\/raffiaknaeuel-mais-mohn-200m-x-10mm\/\" \/>\n<meta property=\"og:site_name\" content=\"CSJ Emballages\" \/>\n<meta property=\"article:publisher\" content=\"https:\/\/www.facebook.com\/csjemballages\" \/>\n<meta property=\"article:modified_time\" content=\"2026-03-17T01:15:22+00:00\" \/>\n<meta property=\"og:image\" content=\"https:\/\/www.csj-emballages.com\/wp-content\/uploads\/2024\/03\/PELORAF83.webp\" \/>\n\t<meta property=\"og:image:width\" content=\"800\" \/>\n\t<meta property=\"og:image:height\" content=\"800\" \/>\n\t<meta property=\"og:image:type\" content=\"image\/webp\" \/>\n<meta name=\"twitter:card\" content=\"summary_large_image\" \/>\n<meta name=\"twitter:label1\" content=\"Gesch\u00e4tzte Lesezeit\" \/>\n\t<meta name=\"twitter:data1\" content=\"2 Minuten\" \/>\n<script type=\"application\/ld+json\" class=\"yoast-schema-graph\">{\"@context\":\"https:\/\/schema.org\",\"@graph\":[{\"@type\":\"WebPage\",\"@id\":\"https:\/\/www.csj-emballages.com\/de\/produit\/raffiaknaeuel-mais-mohn-200m-x-10mm\/\",\"url\":\"https:\/\/www.csj-emballages.com\/de\/produit\/raffiaknaeuel-mais-mohn-200m-x-10mm\/\",\"name\":\"Raffiabast Mais \/ Mohn 200 m x 10 mm\",\"isPartOf\":{\"@id\":\"https:\/\/www.csj-emballages.com\/de\/#website\"},\"primaryImageOfPage\":{\"@id\":\"https:\/\/www.csj-emballages.com\/de\/produit\/raffiaknaeuel-mais-mohn-200m-x-10mm\/#primaryimage\"},\"image\":{\"@id\":\"https:\/\/www.csj-emballages.com\/de\/produit\/raffiaknaeuel-mais-mohn-200m-x-10mm\/#primaryimage\"},\"thumbnailUrl\":\"https:\/\/www.csj-emballages.com\/wp-content\/uploads\/2024\/03\/PELORAF83.webp\",\"datePublished\":\"2024-03-01T15:51:25+00:00\",\"dateModified\":\"2026-03-17T01:15:22+00:00\",\"description\":\"Raffiabast-Kn\u00e4uel Mais\/Mohn, 200 m x 10 mm, zweifarbig und widerstandsf\u00e4hig. Ideal zur Veredelung Ihrer Verpackungen und professionellen Dekorationen.\",\"breadcrumb\":{\"@id\":\"https:\/\/www.csj-emballages.com\/de\/produit\/raffiaknaeuel-mais-mohn-200m-x-10mm\/#breadcrumb\"},\"inLanguage\":\"de\",\"potentialAction\":[{\"@type\":\"ReadAction\",\"target\":[\"https:\/\/www.csj-emballages.com\/de\/produit\/raffiaknaeuel-mais-mohn-200m-x-10mm\/\"]}]},{\"@type\":\"ImageObject\",\"inLanguage\":\"de\",\"@id\":\"https:\/\/www.csj-emballages.com\/de\/produit\/raffiaknaeuel-mais-mohn-200m-x-10mm\/#primaryimage\",\"url\":\"https:\/\/www.csj-emballages.com\/wp-content\/uploads\/2024\/03\/PELORAF83.webp\",\"contentUrl\":\"https:\/\/www.csj-emballages.com\/wp-content\/uploads\/2024\/03\/PELORAF83.webp\",\"width\":800,\"height\":800,\"caption\":\"Pelote raffia\"},{\"@type\":\"BreadcrumbList\",\"@id\":\"https:\/\/www.csj-emballages.com\/de\/produit\/raffiaknaeuel-mais-mohn-200m-x-10mm\/#breadcrumb\",\"itemListElement\":[{\"@type\":\"ListItem\",\"position\":1,\"name\":\"Accueil\",\"item\":\"https:\/\/www.csj-emballages.com\/de\/universum-lebensmittelverpackungen\/\"},{\"@type\":\"ListItem\",\"position\":2,\"name\":\"Shop\",\"item\":\"https:\/\/www.csj-emballages.com\/shop\/\"},{\"@type\":\"ListItem\",\"position\":3,\"name\":\"Raffiakn\u00e4uel Mais\/Mohn 200m x 10mm\"}]},{\"@type\":\"WebSite\",\"@id\":\"https:\/\/www.csj-emballages.com\/de\/#website\",\"url\":\"https:\/\/www.csj-emballages.com\/de\/\",\"name\":\"CSJ Emballages\",\"description\":\"\",\"publisher\":{\"@id\":\"https:\/\/www.csj-emballages.com\/de\/#organization\"},\"potentialAction\":[{\"@type\":\"SearchAction\",\"target\":{\"@type\":\"EntryPoint\",\"urlTemplate\":\"https:\/\/www.csj-emballages.com\/de\/?s={search_term_string}\"},\"query-input\":{\"@type\":\"PropertyValueSpecification\",\"valueRequired\":true,\"valueName\":\"search_term_string\"}}],\"inLanguage\":\"de\"},{\"@type\":\"Organization\",\"@id\":\"https:\/\/www.csj-emballages.com\/de\/#Organization\/\",\"name\":\"CSJ Emballages\",\"url\":\"https:\/\/www.csj-emballages.com\/de\/\",\"logo\":{\"@type\":\"ImageObject\",\"inLanguage\":\"de\",\"@id\":\"https:\/\/www.csj-emballages.com\/de\/#\/schema\/logo\/image\/\",\"url\":\"https:\/\/www.csj-emballages.com\/wp-content\/uploads\/2023\/10\/logo_csj.webp\",\"contentUrl\":\"https:\/\/www.csj-emballages.com\/wp-content\/uploads\/2023\/10\/logo_csj.webp\",\"width\":250,\"height\":95,\"caption\":\"CSJ Emballages\"},\"image\":{\"@id\":\"https:\/\/www.csj-emballages.com\/de\/#\/schema\/logo\/image\/\"},\"sameAs\":[\"https:\/\/www.facebook.com\/csjemballages\"],\"address\":{\"@type\":\"PostalAddress\",\"streetAddress\":\"ZI La Lechere\",\"addressLocality\":\"Patornay\",\"postalCode\":\"39130\",\"addressCountry\":\"FR\"},\"contactPoint\":[{\"@type\":\"ContactPoint\",\"contactType\":\"Service client\",\"telephone\":\"0384254272\",\"email\":\"contact@csj-emballages.com\"}]}]}<\/script>\n<!-- \/ Yoast SEO Premium plugin. -->","yoast_head_json":{"title":"Raffiabast Mais \/ Mohn 200 m x 10 mm","description":"Raffiabast-Kn\u00e4uel Mais\/Mohn, 200 m x 10 mm, zweifarbig und widerstandsf\u00e4hig. Ideal zur Veredelung Ihrer Verpackungen und professionellen Dekorationen.","robots":{"index":"index","follow":"follow","max-snippet":"max-snippet:-1","max-image-preview":"max-image-preview:large","max-video-preview":"max-video-preview:-1"},"canonical":"https:\/\/www.csj-emballages.com\/de\/produit\/raffiaknaeuel-mais-mohn-200m-x-10mm\/","og_locale":"de_DE","og_type":"article","og_title":"Raffiakn\u00e4uel Mais\/Mohn 200m x 10mm","og_description":"Raffiabast-Kn\u00e4uel Mais\/Mohn, 200 m x 10 mm, zweifarbig und widerstandsf\u00e4hig. Ideal zur Veredelung Ihrer Verpackungen und professionellen Dekorationen.","og_url":"https:\/\/www.csj-emballages.com\/de\/produit\/raffiaknaeuel-mais-mohn-200m-x-10mm\/","og_site_name":"CSJ Emballages","article_publisher":"https:\/\/www.facebook.com\/csjemballages","article_modified_time":"2026-03-17T01:15:22+00:00","og_image":[{"width":800,"height":800,"url":"https:\/\/www.csj-emballages.com\/wp-content\/uploads\/2024\/03\/PELORAF83.webp","type":"image\/webp"}],"twitter_card":"summary_large_image","twitter_misc":{"Gesch\u00e4tzte Lesezeit":"2 Minuten"},"schema":{"@context":"https:\/\/schema.org","@graph":[{"@type":"WebPage","@id":"https:\/\/www.csj-emballages.com\/de\/produit\/raffiaknaeuel-mais-mohn-200m-x-10mm\/","url":"https:\/\/www.csj-emballages.com\/de\/produit\/raffiaknaeuel-mais-mohn-200m-x-10mm\/","name":"Raffiabast Mais \/ Mohn 200 m x 10 mm","isPartOf":{"@id":"https:\/\/www.csj-emballages.com\/de\/#website"},"primaryImageOfPage":{"@id":"https:\/\/www.csj-emballages.com\/de\/produit\/raffiaknaeuel-mais-mohn-200m-x-10mm\/#primaryimage"},"image":{"@id":"https:\/\/www.csj-emballages.com\/de\/produit\/raffiaknaeuel-mais-mohn-200m-x-10mm\/#primaryimage"},"thumbnailUrl":"https:\/\/www.csj-emballages.com\/wp-content\/uploads\/2024\/03\/PELORAF83.webp","datePublished":"2024-03-01T15:51:25+00:00","dateModified":"2026-03-17T01:15:22+00:00","description":"Raffiabast-Kn\u00e4uel Mais\/Mohn, 200 m x 10 mm, zweifarbig und widerstandsf\u00e4hig. Ideal zur Veredelung Ihrer Verpackungen und professionellen Dekorationen.","breadcrumb":{"@id":"https:\/\/www.csj-emballages.com\/de\/produit\/raffiaknaeuel-mais-mohn-200m-x-10mm\/#breadcrumb"},"inLanguage":"de","potentialAction":[{"@type":"ReadAction","target":["https:\/\/www.csj-emballages.com\/de\/produit\/raffiaknaeuel-mais-mohn-200m-x-10mm\/"]}]},{"@type":"ImageObject","inLanguage":"de","@id":"https:\/\/www.csj-emballages.com\/de\/produit\/raffiaknaeuel-mais-mohn-200m-x-10mm\/#primaryimage","url":"https:\/\/www.csj-emballages.com\/wp-content\/uploads\/2024\/03\/PELORAF83.webp","contentUrl":"https:\/\/www.csj-emballages.com\/wp-content\/uploads\/2024\/03\/PELORAF83.webp","width":800,"height":800,"caption":"Pelote raffia"},{"@type":"BreadcrumbList","@id":"https:\/\/www.csj-emballages.com\/de\/produit\/raffiaknaeuel-mais-mohn-200m-x-10mm\/#breadcrumb","itemListElement":[{"@type":"ListItem","position":1,"name":"Accueil","item":"https:\/\/www.csj-emballages.com\/de\/universum-lebensmittelverpackungen\/"},{"@type":"ListItem","position":2,"name":"Shop","item":"https:\/\/www.csj-emballages.com\/shop\/"},{"@type":"ListItem","position":3,"name":"Raffiakn\u00e4uel Mais\/Mohn 200m x 10mm"}]},{"@type":"WebSite","@id":"https:\/\/www.csj-emballages.com\/de\/#website","url":"https:\/\/www.csj-emballages.com\/de\/","name":"CSJ Emballages","description":"","publisher":{"@id":"https:\/\/www.csj-emballages.com\/de\/#organization"},"potentialAction":[{"@type":"SearchAction","target":{"@type":"EntryPoint","urlTemplate":"https:\/\/www.csj-emballages.com\/de\/?s={search_term_string}"},"query-input":{"@type":"PropertyValueSpecification","valueRequired":true,"valueName":"search_term_string"}}],"inLanguage":"de"},{"@type":"Organization","@id":"https:\/\/www.csj-emballages.com\/de\/#Organization\/","name":"CSJ Emballages","url":"https:\/\/www.csj-emballages.com\/de\/","logo":{"@type":"ImageObject","inLanguage":"de","@id":"https:\/\/www.csj-emballages.com\/de\/#\/schema\/logo\/image\/","url":"https:\/\/www.csj-emballages.com\/wp-content\/uploads\/2023\/10\/logo_csj.webp","contentUrl":"https:\/\/www.csj-emballages.com\/wp-content\/uploads\/2023\/10\/logo_csj.webp","width":250,"height":95,"caption":"CSJ Emballages"},"image":{"@id":"https:\/\/www.csj-emballages.com\/de\/#\/schema\/logo\/image\/"},"sameAs":["https:\/\/www.facebook.com\/csjemballages"],"address":{"@type":"PostalAddress","streetAddress":"ZI La Lechere","addressLocality":"Patornay","postalCode":"39130","addressCountry":"FR"},"contactPoint":[{"@type":"ContactPoint","contactType":"Service client","telephone":"0384254272","email":"contact@csj-emballages.com"}]}]}},"df_price":7.98,"df_sale_price":"","df_regular_price":7.98,"df_image_link":"https:\/\/www.csj-emballages.com\/wp-content\/uploads\/2024\/03\/PELORAF83-300x300.webp","tiered_pricing_type":"fixed","tiered_pricing_fixed_rules":[],"tiered_pricing_percentage_rules":[],"tiered_pricing_minimum":1,"tiered_pricing_roles_data":[],"_links":{"self":[{"href":"https:\/\/www.csj-emballages.com\/de\/wp-json\/wp\/v2\/product\/22397","targetHints":{"allow":["GET"]}}],"collection":[{"href":"https:\/\/www.csj-emballages.com\/de\/wp-json\/wp\/v2\/product"}],"about":[{"href":"https:\/\/www.csj-emballages.com\/de\/wp-json\/wp\/v2\/types\/product"}],"wp:featuredmedia":[{"embeddable":true,"href":"https:\/\/www.csj-emballages.com\/de\/wp-json\/wp\/v2\/media\/259493"}],"wp:attachment":[{"href":"https:\/\/www.csj-emballages.com\/de\/wp-json\/wp\/v2\/media?parent=22397"}],"wp:term":[{"taxonomy":"product_brand","embeddable":true,"href":"https:\/\/www.csj-emballages.com\/de\/wp-json\/wp\/v2\/product_brand?post=22397"},{"taxonomy":"product_cat","embeddable":true,"href":"https:\/\/www.csj-emballages.com\/de\/wp-json\/wp\/v2\/product_cat?post=22397"},{"taxonomy":"product_tag","embeddable":true,"href":"https:\/\/www.csj-emballages.com\/de\/wp-json\/wp\/v2\/product_tag?post=22397"}],"curies":[{"name":"wp","href":"https:\/\/api.w.org\/{rel}","templated":true}]}}