{"id":22386,"date":"2024-03-01T16:51:26","date_gmt":"2024-03-01T15:51:26","guid":{"rendered":"https:\/\/u15jnbdpoq.preview.infomaniak.website\/produit\/500-blatt-backpapier-40-x-60-cm\/"},"modified":"2026-04-20T11:01:35","modified_gmt":"2026-04-20T09:01:35","slug":"500-blatt-backpapier-40-x-60-cm","status":"publish","type":"product","link":"https:\/\/www.csj-emballages.com\/de\/produit\/500-blatt-backpapier-40-x-60-cm\/","title":{"rendered":"Backpapier f\u00fcr mehrere Durchg\u00e4nge 40 x 60 cm pro 500"},"content":{"rendered":"<h2>Backpapier<\/h2>\n<hr>\n<h3>Entdecken Sie unser Multipass-Backpapier 40 x 60 cm per 500<\/h3>\n<p><!--more--><\/p>\n<p data-start=\"266\" data-end=\"580\">Das <strong data-start=\"269\" data-end=\"321\">Mehrfach-Backpapier 40 x 60 cm im 500er-Pack<\/strong> ist unverzichtbar f\u00fcr alle Profik\u00fcchen, B\u00e4cker, Konditoren und Caterer. Entwickelt, um <strong data-start=\"459\" data-end=\"489\">mehreren Ofendurchg\u00e4ngen<\/strong> standzuhalten, ist dieses <strong>Papier<\/strong> <strong data-start=\"507\" data-end=\"522\">leistungsstark<\/strong>, <strong data-start=\"524\" data-end=\"536\">wirtschaftlich<\/strong> und <strong data-start=\"540\" data-end=\"577\">lebensmittelecht<\/strong>. Mit seinem gro\u00dfz\u00fcgigen Format von <strong>40 x 60 cm<\/strong> passt es perfekt auf die Standardbleche von Profi\u00f6fen. Seine <strong data-start=\"705\" data-end=\"729\">Antihaft-Oberfl\u00e4che<\/strong> verhindert das Anhaften von Speisen, was eine <strong data-start=\"790\" data-end=\"819\">gleichm\u00e4\u00dfige und saubere Garung<\/strong> garantiert. Zudem reduziert es den Bedarf an Fett erheblich, f\u00fcr eine ges\u00fcndere Garung und ein stets makelloses Ergebnis.<\/p>\n<p data-start=\"953\" data-end=\"1343\">Diese <strong>Bl\u00e4tter aus mehrfach durchlaufendem Backpapier<\/strong> zeichnen sich durch ihre Hitzebest\u00e4ndigkeit und Langlebigkeit aus. Im Gegensatz zu herk\u00f6mmlichen Papieren k\u00f6nnen sie <strong data-start=\"1119\" data-end=\"1137\">mehrmals<\/strong> verwendet werden, was Zeit spart und den Abfall reduziert. Mit anderen Worten, sie sind <strong data-start=\"1241\" data-end=\"1254\">praktisch<\/strong> und <strong data-start=\"1258\" data-end=\"1280\">umweltfreundlich<\/strong>, zwei wichtige Vorteile f\u00fcr die Profis von heute.  <\/p>\n<p data-start=\"1345\" data-end=\"1561\">Dieses Papier ist ideal zum Backen von Geb\u00e4ck, Konditoreiwaren, Fleisch oder gebratenem Gem\u00fcse und passt sich allen Zubereitungen an. Nach jedem Durchgang beh\u00e4lt dieses <strong>Papier<\/strong> seine Qualit\u00e4t und bleibt glatt, ohne zu rei\u00dfen oder zu verbrennen. <\/p>\n<p data-start=\"1563\" data-end=\"1750\">Alles in allem ist das <strong data-start=\"1576\" data-end=\"1628\">Mehrbahnige Backpapier 40 x 60 cm per 500<\/strong> die perfekte L\u00f6sung f\u00fcr alle, die in ihrem K\u00fcchenalltag auf <strong data-start=\"1680\" data-end=\"1716\">Effizienz, Sauberkeit und Sparsamkeit<\/strong> Wert legen.<\/p>\n<p data-start=\"1563\" data-end=\"1750\"><!--more--><\/p>\n<h4 data-start=\"1563\" data-end=\"1750\">Vorteile :<\/h4>\n<ul>\n<li data-start=\"1791\" data-end=\"1855\"><strong data-start=\"1802\" data-end=\"1820\">Mehrmals<\/strong> verwendbar: wirtschaftlicher und umweltfreundlicher.<\/li>\n<li data-start=\"1858\" data-end=\"1902\"><strong data-start=\"1858\" data-end=\"1884\">Hitzebest\u00e4ndig<\/strong> und antihaftbeschichtet.<\/li>\n<li data-start=\"1905\" data-end=\"1979\">Geeignet f\u00fcr alle Garvorg\u00e4nge: <strong data-start=\"1938\" data-end=\"1976\">Konditorei, Traiteur, Gastronomie<\/strong>.<\/li>\n<li data-start=\"1982\" data-end=\"2053\">Praktisches Format <strong>40 x 60 cm<\/strong>, f\u00fcr die meisten Back\u00f6fen geeignet.<\/li>\n<li data-start=\"2056\" data-end=\"2114\">Verringerung der Verschwendung und der Verwendung von Fett.<\/li>\n<\/ul>\n<p>&nbsp;<\/p>\n<p><!--more--><\/p>\n<h4>Weitere Informationen :<\/h4>\n<ul>\n<li><strong>Verpackung<\/strong>: Karton mit 500 Blatt<\/li>\n<li><strong>Ma\u00dfe<\/strong>: 600 x 400 (L x B in mm)<\/li>\n<li><strong>Material<\/strong>: Backpapier<\/li>\n<\/ul>\n<p>&nbsp;<\/p>\n<p><!--more--><\/p>\n<p>Dieses Backpapier ist auch in 40 x 60 cm erh\u00e4ltlich : <span style=\"color: #d12727;\"><a style=\"color: #d12727;\" href=\"https:\/\/www.csj-emballages.com\/es\/produit\/500-hojas-de-papel-de-horno-53-x-32-cm\/\">PC5332<\/a><\/span><\/p>\n<p>&nbsp;<\/p>\n<p><!--more--><\/p>\n<p><a href=\"https:\/\/www.csj-emballages.com\/de\/categorie-produit\/lebensmittelverpackungen\/backerei-und-konditorei\/kochen\/backpapier\/\">Entdecken Sie unser weiteres Backpapiersortiment<\/a><\/p>\n","protected":false},"excerpt":{"rendered":"<p>Backpapier Entdecken Sie unser Multipass-Backpapier 40 x 60 cm per 500<\/p>\n","protected":false},"featured_media":262726,"template":"","meta":{"_acf_changed":false},"product_brand":[],"product_cat":[1170,1171,3045,3066],"product_tag":[],"class_list":{"0":"post-22386","1":"product","2":"type-product","3":"status-publish","4":"has-post-thumbnail","6":"product_cat-metzgerei-und-feinkostgeschaft","7":"product_cat-backerei-und-konditorei","8":"product_cat-backpapier","9":"product_cat-backpapier-gitarre","11":"first","12":"instock","13":"taxable","14":"shipping-taxable","15":"purchasable","16":"product-type-simple"},"acf":[],"yoast_head":"<!-- This site is optimized with the Yoast SEO Premium plugin v26.6 (Yoast SEO v26.6) - https:\/\/yoast.com\/wordpress\/plugins\/seo\/ -->\n<title>Backpapier Multipassagen 40 x 60 cm pro 500<\/title>\n<meta name=\"description\" content=\"Backpapier f\u00fcr mehrere Durchg\u00e4nge 60 x 40 cm - stark, wiederverwendbar und antihaftbeschichtet. Ideal f\u00fcr Profis in Restaurants und Konditoreien.\" \/>\n<meta name=\"robots\" content=\"index, follow, max-snippet:-1, max-image-preview:large, max-video-preview:-1\" \/>\n<link rel=\"canonical\" href=\"https:\/\/www.csj-emballages.com\/de\/produit\/500-blatt-backpapier-40-x-60-cm\/\" \/>\n<meta property=\"og:locale\" content=\"de_DE\" \/>\n<meta property=\"og:type\" content=\"article\" \/>\n<meta property=\"og:title\" content=\"Backpapier f\u00fcr mehrere Durchg\u00e4nge 40 x 60 cm pro 500\" \/>\n<meta property=\"og:description\" content=\"Backpapier f\u00fcr mehrere Durchg\u00e4nge 60 x 40 cm - stark, wiederverwendbar und antihaftbeschichtet. Ideal f\u00fcr Profis in Restaurants und Konditoreien.\" \/>\n<meta property=\"og:url\" content=\"https:\/\/www.csj-emballages.com\/de\/produit\/500-blatt-backpapier-40-x-60-cm\/\" \/>\n<meta property=\"og:site_name\" content=\"CSJ Emballages\" \/>\n<meta property=\"article:publisher\" content=\"https:\/\/www.facebook.com\/csjemballages\" \/>\n<meta property=\"article:modified_time\" content=\"2026-04-20T09:01:35+00:00\" \/>\n<meta property=\"og:image\" content=\"https:\/\/www.csj-emballages.com\/wp-content\/uploads\/2024\/03\/Papier-cuisson.webp\" \/>\n\t<meta property=\"og:image:width\" content=\"800\" \/>\n\t<meta property=\"og:image:height\" content=\"800\" \/>\n\t<meta property=\"og:image:type\" content=\"image\/webp\" \/>\n<meta name=\"twitter:card\" content=\"summary_large_image\" \/>\n<meta name=\"twitter:label1\" content=\"Gesch\u00e4tzte Lesezeit\" \/>\n\t<meta name=\"twitter:data1\" content=\"1\u00a0Minute\" \/>\n<script type=\"application\/ld+json\" class=\"yoast-schema-graph\">{\"@context\":\"https:\/\/schema.org\",\"@graph\":[{\"@type\":\"WebPage\",\"@id\":\"https:\/\/www.csj-emballages.com\/de\/produit\/500-blatt-backpapier-40-x-60-cm\/\",\"url\":\"https:\/\/www.csj-emballages.com\/de\/produit\/500-blatt-backpapier-40-x-60-cm\/\",\"name\":\"Backpapier Multipassagen 40 x 60 cm pro 500\",\"isPartOf\":{\"@id\":\"https:\/\/www.csj-emballages.com\/de\/#website\"},\"primaryImageOfPage\":{\"@id\":\"https:\/\/www.csj-emballages.com\/de\/produit\/500-blatt-backpapier-40-x-60-cm\/#primaryimage\"},\"image\":{\"@id\":\"https:\/\/www.csj-emballages.com\/de\/produit\/500-blatt-backpapier-40-x-60-cm\/#primaryimage\"},\"thumbnailUrl\":\"https:\/\/www.csj-emballages.com\/wp-content\/uploads\/2024\/03\/Papier-cuisson.webp\",\"datePublished\":\"2024-03-01T15:51:26+00:00\",\"dateModified\":\"2026-04-20T09:01:35+00:00\",\"description\":\"Backpapier f\u00fcr mehrere Durchg\u00e4nge 60 x 40 cm - stark, wiederverwendbar und antihaftbeschichtet. Ideal f\u00fcr Profis in Restaurants und Konditoreien.\",\"breadcrumb\":{\"@id\":\"https:\/\/www.csj-emballages.com\/de\/produit\/500-blatt-backpapier-40-x-60-cm\/#breadcrumb\"},\"inLanguage\":\"de\",\"potentialAction\":[{\"@type\":\"ReadAction\",\"target\":[\"https:\/\/www.csj-emballages.com\/de\/produit\/500-blatt-backpapier-40-x-60-cm\/\"]}]},{\"@type\":\"ImageObject\",\"inLanguage\":\"de\",\"@id\":\"https:\/\/www.csj-emballages.com\/de\/produit\/500-blatt-backpapier-40-x-60-cm\/#primaryimage\",\"url\":\"https:\/\/www.csj-emballages.com\/wp-content\/uploads\/2024\/03\/Papier-cuisson.webp\",\"contentUrl\":\"https:\/\/www.csj-emballages.com\/wp-content\/uploads\/2024\/03\/Papier-cuisson.webp\",\"width\":800,\"height\":800,\"caption\":\"Papier cuisson\"},{\"@type\":\"BreadcrumbList\",\"@id\":\"https:\/\/www.csj-emballages.com\/de\/produit\/500-blatt-backpapier-40-x-60-cm\/#breadcrumb\",\"itemListElement\":[{\"@type\":\"ListItem\",\"position\":1,\"name\":\"Accueil\",\"item\":\"https:\/\/www.csj-emballages.com\/de\/universum-lebensmittelverpackungen\/\"},{\"@type\":\"ListItem\",\"position\":2,\"name\":\"Shop\",\"item\":\"https:\/\/www.csj-emballages.com\/shop\/\"},{\"@type\":\"ListItem\",\"position\":3,\"name\":\"Backpapier f\u00fcr mehrere Durchg\u00e4nge 40 x 60 cm pro 500\"}]},{\"@type\":\"WebSite\",\"@id\":\"https:\/\/www.csj-emballages.com\/de\/#website\",\"url\":\"https:\/\/www.csj-emballages.com\/de\/\",\"name\":\"CSJ Emballages\",\"description\":\"\",\"publisher\":{\"@id\":\"https:\/\/www.csj-emballages.com\/de\/#organization\"},\"potentialAction\":[{\"@type\":\"SearchAction\",\"target\":{\"@type\":\"EntryPoint\",\"urlTemplate\":\"https:\/\/www.csj-emballages.com\/de\/?s={search_term_string}\"},\"query-input\":{\"@type\":\"PropertyValueSpecification\",\"valueRequired\":true,\"valueName\":\"search_term_string\"}}],\"inLanguage\":\"de\"},{\"@type\":\"Organization\",\"@id\":\"https:\/\/www.csj-emballages.com\/de\/#Organization\/\",\"name\":\"CSJ Emballages\",\"url\":\"https:\/\/www.csj-emballages.com\/de\/\",\"logo\":{\"@type\":\"ImageObject\",\"inLanguage\":\"de\",\"@id\":\"https:\/\/www.csj-emballages.com\/de\/#\/schema\/logo\/image\/\",\"url\":\"https:\/\/www.csj-emballages.com\/wp-content\/uploads\/2023\/10\/logo_csj.webp\",\"contentUrl\":\"https:\/\/www.csj-emballages.com\/wp-content\/uploads\/2023\/10\/logo_csj.webp\",\"width\":250,\"height\":95,\"caption\":\"CSJ Emballages\"},\"image\":{\"@id\":\"https:\/\/www.csj-emballages.com\/de\/#\/schema\/logo\/image\/\"},\"sameAs\":[\"https:\/\/www.facebook.com\/csjemballages\"],\"address\":{\"@type\":\"PostalAddress\",\"streetAddress\":\"ZI La Lechere\",\"addressLocality\":\"Patornay\",\"postalCode\":\"39130\",\"addressCountry\":\"FR\"},\"contactPoint\":[{\"@type\":\"ContactPoint\",\"contactType\":\"Service client\",\"telephone\":\"0384254272\",\"email\":\"contact@csj-emballages.com\"}]}]}<\/script>\n<!-- \/ Yoast SEO Premium plugin. -->","yoast_head_json":{"title":"Backpapier Multipassagen 40 x 60 cm pro 500","description":"Backpapier f\u00fcr mehrere Durchg\u00e4nge 60 x 40 cm - stark, wiederverwendbar und antihaftbeschichtet. Ideal f\u00fcr Profis in Restaurants und Konditoreien.","robots":{"index":"index","follow":"follow","max-snippet":"max-snippet:-1","max-image-preview":"max-image-preview:large","max-video-preview":"max-video-preview:-1"},"canonical":"https:\/\/www.csj-emballages.com\/de\/produit\/500-blatt-backpapier-40-x-60-cm\/","og_locale":"de_DE","og_type":"article","og_title":"Backpapier f\u00fcr mehrere Durchg\u00e4nge 40 x 60 cm pro 500","og_description":"Backpapier f\u00fcr mehrere Durchg\u00e4nge 60 x 40 cm - stark, wiederverwendbar und antihaftbeschichtet. Ideal f\u00fcr Profis in Restaurants und Konditoreien.","og_url":"https:\/\/www.csj-emballages.com\/de\/produit\/500-blatt-backpapier-40-x-60-cm\/","og_site_name":"CSJ Emballages","article_publisher":"https:\/\/www.facebook.com\/csjemballages","article_modified_time":"2026-04-20T09:01:35+00:00","og_image":[{"width":800,"height":800,"url":"https:\/\/www.csj-emballages.com\/wp-content\/uploads\/2024\/03\/Papier-cuisson.webp","type":"image\/webp"}],"twitter_card":"summary_large_image","twitter_misc":{"Gesch\u00e4tzte Lesezeit":"1\u00a0Minute"},"schema":{"@context":"https:\/\/schema.org","@graph":[{"@type":"WebPage","@id":"https:\/\/www.csj-emballages.com\/de\/produit\/500-blatt-backpapier-40-x-60-cm\/","url":"https:\/\/www.csj-emballages.com\/de\/produit\/500-blatt-backpapier-40-x-60-cm\/","name":"Backpapier Multipassagen 40 x 60 cm pro 500","isPartOf":{"@id":"https:\/\/www.csj-emballages.com\/de\/#website"},"primaryImageOfPage":{"@id":"https:\/\/www.csj-emballages.com\/de\/produit\/500-blatt-backpapier-40-x-60-cm\/#primaryimage"},"image":{"@id":"https:\/\/www.csj-emballages.com\/de\/produit\/500-blatt-backpapier-40-x-60-cm\/#primaryimage"},"thumbnailUrl":"https:\/\/www.csj-emballages.com\/wp-content\/uploads\/2024\/03\/Papier-cuisson.webp","datePublished":"2024-03-01T15:51:26+00:00","dateModified":"2026-04-20T09:01:35+00:00","description":"Backpapier f\u00fcr mehrere Durchg\u00e4nge 60 x 40 cm - stark, wiederverwendbar und antihaftbeschichtet. Ideal f\u00fcr Profis in Restaurants und Konditoreien.","breadcrumb":{"@id":"https:\/\/www.csj-emballages.com\/de\/produit\/500-blatt-backpapier-40-x-60-cm\/#breadcrumb"},"inLanguage":"de","potentialAction":[{"@type":"ReadAction","target":["https:\/\/www.csj-emballages.com\/de\/produit\/500-blatt-backpapier-40-x-60-cm\/"]}]},{"@type":"ImageObject","inLanguage":"de","@id":"https:\/\/www.csj-emballages.com\/de\/produit\/500-blatt-backpapier-40-x-60-cm\/#primaryimage","url":"https:\/\/www.csj-emballages.com\/wp-content\/uploads\/2024\/03\/Papier-cuisson.webp","contentUrl":"https:\/\/www.csj-emballages.com\/wp-content\/uploads\/2024\/03\/Papier-cuisson.webp","width":800,"height":800,"caption":"Papier cuisson"},{"@type":"BreadcrumbList","@id":"https:\/\/www.csj-emballages.com\/de\/produit\/500-blatt-backpapier-40-x-60-cm\/#breadcrumb","itemListElement":[{"@type":"ListItem","position":1,"name":"Accueil","item":"https:\/\/www.csj-emballages.com\/de\/universum-lebensmittelverpackungen\/"},{"@type":"ListItem","position":2,"name":"Shop","item":"https:\/\/www.csj-emballages.com\/shop\/"},{"@type":"ListItem","position":3,"name":"Backpapier f\u00fcr mehrere Durchg\u00e4nge 40 x 60 cm pro 500"}]},{"@type":"WebSite","@id":"https:\/\/www.csj-emballages.com\/de\/#website","url":"https:\/\/www.csj-emballages.com\/de\/","name":"CSJ Emballages","description":"","publisher":{"@id":"https:\/\/www.csj-emballages.com\/de\/#organization"},"potentialAction":[{"@type":"SearchAction","target":{"@type":"EntryPoint","urlTemplate":"https:\/\/www.csj-emballages.com\/de\/?s={search_term_string}"},"query-input":{"@type":"PropertyValueSpecification","valueRequired":true,"valueName":"search_term_string"}}],"inLanguage":"de"},{"@type":"Organization","@id":"https:\/\/www.csj-emballages.com\/de\/#Organization\/","name":"CSJ Emballages","url":"https:\/\/www.csj-emballages.com\/de\/","logo":{"@type":"ImageObject","inLanguage":"de","@id":"https:\/\/www.csj-emballages.com\/de\/#\/schema\/logo\/image\/","url":"https:\/\/www.csj-emballages.com\/wp-content\/uploads\/2023\/10\/logo_csj.webp","contentUrl":"https:\/\/www.csj-emballages.com\/wp-content\/uploads\/2023\/10\/logo_csj.webp","width":250,"height":95,"caption":"CSJ Emballages"},"image":{"@id":"https:\/\/www.csj-emballages.com\/de\/#\/schema\/logo\/image\/"},"sameAs":["https:\/\/www.facebook.com\/csjemballages"],"address":{"@type":"PostalAddress","streetAddress":"ZI La Lechere","addressLocality":"Patornay","postalCode":"39130","addressCountry":"FR"},"contactPoint":[{"@type":"ContactPoint","contactType":"Service client","telephone":"0384254272","email":"contact@csj-emballages.com"}]}]}},"df_price":30.91,"df_sale_price":"","df_regular_price":30.91,"df_image_link":"https:\/\/www.csj-emballages.com\/wp-content\/uploads\/2024\/03\/Papier-cuisson-300x300.webp","tiered_pricing_type":"fixed","tiered_pricing_fixed_rules":[],"tiered_pricing_percentage_rules":[],"tiered_pricing_minimum":1,"tiered_pricing_roles_data":[],"_links":{"self":[{"href":"https:\/\/www.csj-emballages.com\/de\/wp-json\/wp\/v2\/product\/22386","targetHints":{"allow":["GET"]}}],"collection":[{"href":"https:\/\/www.csj-emballages.com\/de\/wp-json\/wp\/v2\/product"}],"about":[{"href":"https:\/\/www.csj-emballages.com\/de\/wp-json\/wp\/v2\/types\/product"}],"wp:featuredmedia":[{"embeddable":true,"href":"https:\/\/www.csj-emballages.com\/de\/wp-json\/wp\/v2\/media\/262726"}],"wp:attachment":[{"href":"https:\/\/www.csj-emballages.com\/de\/wp-json\/wp\/v2\/media?parent=22386"}],"wp:term":[{"taxonomy":"product_brand","embeddable":true,"href":"https:\/\/www.csj-emballages.com\/de\/wp-json\/wp\/v2\/product_brand?post=22386"},{"taxonomy":"product_cat","embeddable":true,"href":"https:\/\/www.csj-emballages.com\/de\/wp-json\/wp\/v2\/product_cat?post=22386"},{"taxonomy":"product_tag","embeddable":true,"href":"https:\/\/www.csj-emballages.com\/de\/wp-json\/wp\/v2\/product_tag?post=22386"}],"curies":[{"name":"wp","href":"https:\/\/api.w.org\/{rel}","templated":true}]}}