{"id":22380,"date":"2024-03-01T16:51:26","date_gmt":"2024-03-01T15:51:26","guid":{"rendered":"https:\/\/u15jnbdpoq.preview.infomaniak.website\/produit\/raffiaknaeuel-rot-bordeaux-200m-x-12-5-mm\/"},"modified":"2026-03-12T16:31:53","modified_gmt":"2026-03-12T15:31:53","slug":"raffiaknaeuel-rot-bordeaux-200m-x-12-5-mm","status":"publish","type":"product","link":"https:\/\/www.csj-emballages.com\/de\/produit\/raffiaknaeuel-rot-bordeaux-200m-x-12-5-mm\/","title":{"rendered":"Raffiakn\u00e4uel rot \/ bordeaux 200m x 12.5 mm"},"content":{"rendered":"<h2 style=\"text-indent: 0px; box-sizing: inherit; font-family: Roboto, sans-serif;\">Raffiabastkn\u00e4uel<\/h2>\n<hr>\n<h3>Entdecken Sie unser Raffiagarn Rot \/ Bordeaux 200 m x 12,5 mm<\/h3>\n<p><!--more--><\/p>\n<p data-start=\"231\" data-end=\"580\">Dieses <strong>Raffiagarn<\/strong> in <strong data-start=\"254\" data-end=\"274\">Rot \/ Bordeaux<\/strong> verleiht Ihren Verpackungen eine echte visuelle Tiefe. Das <strong>leuchtende<\/strong> <strong>Rot<\/strong> zieht sofort die Blicke auf sich, w\u00e4hrend Bordeaux eine elegantere und anspruchsvollere Note hinzuf\u00fcgt. Zusammen erzeugen diese beiden Farbt\u00f6ne ein <strong>intensives<\/strong> und <strong>warmes<\/strong> Ergebnis, perfekt, um Ihre Produkte hervorzuheben, ohne \u00fcberladen zu wirken.  <\/p>\n<p data-start=\"582\" data-end=\"965\">Mit seiner <strong data-start=\"591\" data-end=\"617\">L\u00e4nge von 200 Metern<\/strong> bietet Ihnen dieses <strong>Garn<\/strong> gro\u00dfe Freiheit in der Anwendung. Sie k\u00f6nnen zahlreiche Schleifen und Bindungen anfertigen, ohne sich um Nachschub sorgen zu m\u00fcssen. Seine Breite von <strong>12,5 mm<\/strong> sorgt f\u00fcr ein gut sichtbares Band, das die Verpackung strukturiert und einen sauberen Abschluss bietet. Das <strong>Raffiagarn<\/strong> l\u00e4sst sich leicht schneiden, problemlos handhaben und bleibt nach dem Binden gut in Form.   <\/p>\n<p data-start=\"967\" data-end=\"1357\">Dieses Modell f\u00fcgt sich nat\u00fcrlich in verschiedene Bereiche ein. Es eignet sich sowohl f\u00fcr Lebensmittelgesch\u00e4fte als auch f\u00fcr Boutiquen, Geschenkboxen, Feinkostk\u00f6rbe oder Eventdekorationen. Die T\u00f6ne <strong>Rot<\/strong> und <strong>Bordeaux<\/strong> eignen sich besonders gut f\u00fcr festliche Anl\u00e4sse, Sonderaktionen oder hochwertige Produkte, die eine sorgf\u00e4ltige Pr\u00e4sentation verdienen.  <\/p>\n<p data-start=\"1359\" data-end=\"1577\">Im Alltag verwandelt dieses <strong>Raffiagarn<\/strong> eine einfache Verpackung in eine auff\u00e4lligere Pr\u00e4sentation, ohne zus\u00e4tzlichen Aufwand. Es verleiht Charakter, st\u00e4rkt das Image Ihrer Produkte und unterstreicht Ihr handwerkliches K\u00f6nnen. <\/p>\n<p data-start=\"1579\" data-end=\"1714\">Zusammenfassend l\u00e4sst sich sagen, ist dieses <strong>Raffiagarn in Rot \/ Bordeaux<\/strong> eine sichere Wahl f\u00fcr alle, die Effizienz, Eleganz und visuelle Wirkung vereinen m\u00f6chten.<\/p>\n<p data-start=\"1579\" data-end=\"1714\">\n<p data-start=\"1643\" data-end=\"1786\"><!--more--><\/p>\n<h4 data-start=\"1643\" data-end=\"1786\">Vorteile :<\/h4>\n<ul>\n<li data-start=\"1743\" data-end=\"1780\">Intensives und elegantes Farbduo.<\/li>\n<li data-start=\"1783\" data-end=\"1810\">Gro\u00dfe L\u00e4nge von <strong>200 m<\/strong>.<\/li>\n<li data-start=\"1813\" data-end=\"1856\"><strong>Breite von 12,5 mm<\/strong> f\u00fcr ein sch\u00f6nes Finish.<\/li>\n<li data-start=\"1859\" data-end=\"1890\">Einfach zu verwenden und zu binden.<\/li>\n<li data-start=\"1893\" data-end=\"1939\">Ideal f\u00fcr Verpackungen, Schachteln und Dekorationen.<\/li>\n<\/ul>\n<p>&nbsp;<\/p>\n<p><!--more--><\/p>\n<h4 style=\"text-indent: 0px; box-sizing: inherit; font-family: Roboto, sans-serif;\">Weitere Informationen :<\/h4>\n<ul>\n<li><strong>Verpackung<\/strong>: Einzeln<\/li>\n<li><strong>Breite<\/strong> : 12,5 mm<\/li>\n<li><strong>L\u00e4nge<\/strong> : 200m<\/li>\n<li><strong>Farbe<\/strong>: Rot \/ Bordeaux<\/li>\n<li><strong>Modell<\/strong>: Raffia \u201ePapermat\u201c<\/li>\n<li><strong>Material<\/strong>: PP<\/li>\n<\/ul>\n<h2 style=\"font-family: Roboto, sans-serif; box-sizing: inherit;\"><\/h2>\n<p><!--more--><\/p>\n<p>Dieses Raffiagarn ist in verschiedenen Farben erh\u00e4ltlich: <span style=\"color: #d12727;\"><a style=\"color: #d12727;\" href=\"https:\/\/www.csj-emballages.com\/de\/produit\/raffiaknaeuel-weiss-silber-100m-x-10mm\/\">Wei\u00df &#8211; Silber<\/a><\/span> \/ <span style=\"color: #d12727;\"><a style=\"color: #d12727;\" href=\"https:\/\/www.csj-emballages.com\/de\/produit\/raffiaknaeuel-kraft-100m-x-10mm\/\">Kraft<\/a><\/span> \/ <span style=\"color: #d12727;\"><a style=\"color: #d12727;\" href=\"https:\/\/www.csj-emballages.com\/de\/produit\/raffiaknaeuel-mais-mohn-200m-x-10mm\/\">Mais &#8211; Mohnrot<\/a><\/span> \/ <span style=\"color: #d12727;\"><a style=\"color: #d12727;\" href=\"https:\/\/www.csj-emballages.com\/de\/produit\/raffiaknaeuel-orange-schokolade-200m-x-12-5-mm\/\">Orange &#8211; Schokolade<\/a><\/span><\/p>\n<p>&nbsp;<\/p>\n<p><!--more--><\/p>\n<p><a href=\"https:\/\/www.csj-emballages.com\/de\/categorie-produit\/lebensmittelverpackungen\/backerei-und-konditorei\/zubehor-und-ausstattung\/dekoratives-zubehor\/raffia-pelotes\/\">Entdecken Sie unser weiteres Sortiment an Raffiabastkn\u00e4ueln<\/a><\/p>\n","protected":false},"excerpt":{"rendered":"<p>Raffiabastkn\u00e4uel Entdecken Sie unser Raffiagarn Rot \/ Bordeaux 200 m x 12,5 mm<\/p>\n","protected":false},"featured_media":259505,"template":"","meta":{"_acf_changed":false},"product_brand":[],"product_cat":[1137,1171,1794,3077,1487,1813,3080],"product_tag":[],"class_list":{"0":"post-22380","1":"product","2":"type-product","3":"status-publish","4":"has-post-thumbnail","6":"product_cat-lebensmittelverpackungen","7":"product_cat-backerei-und-konditorei","8":"product_cat-dekoratives-zubehor","9":"product_cat-raffia-pelotes","10":"product_cat-boutique-und-geschaft","11":"product_cat-dekoratives-zubehor-de","12":"product_cat-raffia-pelotes-de","14":"first","15":"instock","16":"taxable","17":"shipping-taxable","18":"purchasable","19":"product-type-simple"},"acf":[],"yoast_head":"<!-- This site is optimized with the Yoast SEO Premium plugin v26.6 (Yoast SEO v26.6) - https:\/\/yoast.com\/wordpress\/plugins\/seo\/ -->\n<title>Raffiagarn Rot \/ Bordeaux 200 m x 12,5 mm<\/title>\n<meta name=\"description\" content=\"Raffiagarn rot\/bordeaux 200 m x 12,5 mm, zweifarbig und widerstandsf\u00e4hig. Ideal f\u00fcr elegante Verpackungen und ansprechende Pr\u00e4sentationen.\" \/>\n<meta name=\"robots\" content=\"index, follow, max-snippet:-1, max-image-preview:large, max-video-preview:-1\" \/>\n<link rel=\"canonical\" href=\"https:\/\/www.csj-emballages.com\/de\/produit\/raffiaknaeuel-rot-bordeaux-200m-x-12-5-mm\/\" \/>\n<meta property=\"og:locale\" content=\"de_DE\" \/>\n<meta property=\"og:type\" content=\"article\" \/>\n<meta property=\"og:title\" content=\"Raffiakn\u00e4uel rot \/ bordeaux 200m x 12.5 mm\" \/>\n<meta property=\"og:description\" content=\"Raffiagarn rot\/bordeaux 200 m x 12,5 mm, zweifarbig und widerstandsf\u00e4hig. Ideal f\u00fcr elegante Verpackungen und ansprechende Pr\u00e4sentationen.\" \/>\n<meta property=\"og:url\" content=\"https:\/\/www.csj-emballages.com\/de\/produit\/raffiaknaeuel-rot-bordeaux-200m-x-12-5-mm\/\" \/>\n<meta property=\"og:site_name\" content=\"CSJ Emballages\" \/>\n<meta property=\"article:publisher\" content=\"https:\/\/www.facebook.com\/csjemballages\" \/>\n<meta property=\"article:modified_time\" content=\"2026-03-12T15:31:53+00:00\" \/>\n<meta property=\"og:image\" content=\"https:\/\/www.csj-emballages.com\/wp-content\/uploads\/2024\/03\/PELORAF33.webp\" \/>\n\t<meta property=\"og:image:width\" content=\"800\" \/>\n\t<meta property=\"og:image:height\" content=\"800\" \/>\n\t<meta property=\"og:image:type\" content=\"image\/webp\" \/>\n<meta name=\"twitter:card\" content=\"summary_large_image\" \/>\n<meta name=\"twitter:label1\" content=\"Gesch\u00e4tzte Lesezeit\" \/>\n\t<meta name=\"twitter:data1\" content=\"2 Minuten\" \/>\n<script type=\"application\/ld+json\" class=\"yoast-schema-graph\">{\"@context\":\"https:\/\/schema.org\",\"@graph\":[{\"@type\":\"WebPage\",\"@id\":\"https:\/\/www.csj-emballages.com\/de\/produit\/raffiaknaeuel-rot-bordeaux-200m-x-12-5-mm\/\",\"url\":\"https:\/\/www.csj-emballages.com\/de\/produit\/raffiaknaeuel-rot-bordeaux-200m-x-12-5-mm\/\",\"name\":\"Raffiagarn Rot \/ Bordeaux 200 m x 12,5 mm\",\"isPartOf\":{\"@id\":\"https:\/\/www.csj-emballages.com\/de\/#website\"},\"primaryImageOfPage\":{\"@id\":\"https:\/\/www.csj-emballages.com\/de\/produit\/raffiaknaeuel-rot-bordeaux-200m-x-12-5-mm\/#primaryimage\"},\"image\":{\"@id\":\"https:\/\/www.csj-emballages.com\/de\/produit\/raffiaknaeuel-rot-bordeaux-200m-x-12-5-mm\/#primaryimage\"},\"thumbnailUrl\":\"https:\/\/www.csj-emballages.com\/wp-content\/uploads\/2024\/03\/PELORAF33.webp\",\"datePublished\":\"2024-03-01T15:51:26+00:00\",\"dateModified\":\"2026-03-12T15:31:53+00:00\",\"description\":\"Raffiagarn rot\/bordeaux 200 m x 12,5 mm, zweifarbig und widerstandsf\u00e4hig. Ideal f\u00fcr elegante Verpackungen und ansprechende Pr\u00e4sentationen.\",\"breadcrumb\":{\"@id\":\"https:\/\/www.csj-emballages.com\/de\/produit\/raffiaknaeuel-rot-bordeaux-200m-x-12-5-mm\/#breadcrumb\"},\"inLanguage\":\"de\",\"potentialAction\":[{\"@type\":\"ReadAction\",\"target\":[\"https:\/\/www.csj-emballages.com\/de\/produit\/raffiaknaeuel-rot-bordeaux-200m-x-12-5-mm\/\"]}]},{\"@type\":\"ImageObject\",\"inLanguage\":\"de\",\"@id\":\"https:\/\/www.csj-emballages.com\/de\/produit\/raffiaknaeuel-rot-bordeaux-200m-x-12-5-mm\/#primaryimage\",\"url\":\"https:\/\/www.csj-emballages.com\/wp-content\/uploads\/2024\/03\/PELORAF33.webp\",\"contentUrl\":\"https:\/\/www.csj-emballages.com\/wp-content\/uploads\/2024\/03\/PELORAF33.webp\",\"width\":800,\"height\":800,\"caption\":\"Pelote raffia\"},{\"@type\":\"BreadcrumbList\",\"@id\":\"https:\/\/www.csj-emballages.com\/de\/produit\/raffiaknaeuel-rot-bordeaux-200m-x-12-5-mm\/#breadcrumb\",\"itemListElement\":[{\"@type\":\"ListItem\",\"position\":1,\"name\":\"Accueil\",\"item\":\"https:\/\/www.csj-emballages.com\/de\/universum-lebensmittelverpackungen\/\"},{\"@type\":\"ListItem\",\"position\":2,\"name\":\"Shop\",\"item\":\"https:\/\/www.csj-emballages.com\/shop\/\"},{\"@type\":\"ListItem\",\"position\":3,\"name\":\"Raffiakn\u00e4uel rot \/ bordeaux 200m x 12.5 mm\"}]},{\"@type\":\"WebSite\",\"@id\":\"https:\/\/www.csj-emballages.com\/de\/#website\",\"url\":\"https:\/\/www.csj-emballages.com\/de\/\",\"name\":\"CSJ Emballages\",\"description\":\"\",\"publisher\":{\"@id\":\"https:\/\/www.csj-emballages.com\/de\/#organization\"},\"potentialAction\":[{\"@type\":\"SearchAction\",\"target\":{\"@type\":\"EntryPoint\",\"urlTemplate\":\"https:\/\/www.csj-emballages.com\/de\/?s={search_term_string}\"},\"query-input\":{\"@type\":\"PropertyValueSpecification\",\"valueRequired\":true,\"valueName\":\"search_term_string\"}}],\"inLanguage\":\"de\"},{\"@type\":\"Organization\",\"@id\":\"https:\/\/www.csj-emballages.com\/de\/#Organization\/\",\"name\":\"CSJ Emballages\",\"url\":\"https:\/\/www.csj-emballages.com\/de\/\",\"logo\":{\"@type\":\"ImageObject\",\"inLanguage\":\"de\",\"@id\":\"https:\/\/www.csj-emballages.com\/de\/#\/schema\/logo\/image\/\",\"url\":\"https:\/\/www.csj-emballages.com\/wp-content\/uploads\/2023\/10\/logo_csj.webp\",\"contentUrl\":\"https:\/\/www.csj-emballages.com\/wp-content\/uploads\/2023\/10\/logo_csj.webp\",\"width\":250,\"height\":95,\"caption\":\"CSJ Emballages\"},\"image\":{\"@id\":\"https:\/\/www.csj-emballages.com\/de\/#\/schema\/logo\/image\/\"},\"sameAs\":[\"https:\/\/www.facebook.com\/csjemballages\"],\"address\":{\"@type\":\"PostalAddress\",\"streetAddress\":\"ZI La Lechere\",\"addressLocality\":\"Patornay\",\"postalCode\":\"39130\",\"addressCountry\":\"FR\"},\"contactPoint\":[{\"@type\":\"ContactPoint\",\"contactType\":\"Service client\",\"telephone\":\"0384254272\",\"email\":\"contact@csj-emballages.com\"}]}]}<\/script>\n<!-- \/ Yoast SEO Premium plugin. -->","yoast_head_json":{"title":"Raffiagarn Rot \/ Bordeaux 200 m x 12,5 mm","description":"Raffiagarn rot\/bordeaux 200 m x 12,5 mm, zweifarbig und widerstandsf\u00e4hig. Ideal f\u00fcr elegante Verpackungen und ansprechende Pr\u00e4sentationen.","robots":{"index":"index","follow":"follow","max-snippet":"max-snippet:-1","max-image-preview":"max-image-preview:large","max-video-preview":"max-video-preview:-1"},"canonical":"https:\/\/www.csj-emballages.com\/de\/produit\/raffiaknaeuel-rot-bordeaux-200m-x-12-5-mm\/","og_locale":"de_DE","og_type":"article","og_title":"Raffiakn\u00e4uel rot \/ bordeaux 200m x 12.5 mm","og_description":"Raffiagarn rot\/bordeaux 200 m x 12,5 mm, zweifarbig und widerstandsf\u00e4hig. Ideal f\u00fcr elegante Verpackungen und ansprechende Pr\u00e4sentationen.","og_url":"https:\/\/www.csj-emballages.com\/de\/produit\/raffiaknaeuel-rot-bordeaux-200m-x-12-5-mm\/","og_site_name":"CSJ Emballages","article_publisher":"https:\/\/www.facebook.com\/csjemballages","article_modified_time":"2026-03-12T15:31:53+00:00","og_image":[{"width":800,"height":800,"url":"https:\/\/www.csj-emballages.com\/wp-content\/uploads\/2024\/03\/PELORAF33.webp","type":"image\/webp"}],"twitter_card":"summary_large_image","twitter_misc":{"Gesch\u00e4tzte Lesezeit":"2 Minuten"},"schema":{"@context":"https:\/\/schema.org","@graph":[{"@type":"WebPage","@id":"https:\/\/www.csj-emballages.com\/de\/produit\/raffiaknaeuel-rot-bordeaux-200m-x-12-5-mm\/","url":"https:\/\/www.csj-emballages.com\/de\/produit\/raffiaknaeuel-rot-bordeaux-200m-x-12-5-mm\/","name":"Raffiagarn Rot \/ Bordeaux 200 m x 12,5 mm","isPartOf":{"@id":"https:\/\/www.csj-emballages.com\/de\/#website"},"primaryImageOfPage":{"@id":"https:\/\/www.csj-emballages.com\/de\/produit\/raffiaknaeuel-rot-bordeaux-200m-x-12-5-mm\/#primaryimage"},"image":{"@id":"https:\/\/www.csj-emballages.com\/de\/produit\/raffiaknaeuel-rot-bordeaux-200m-x-12-5-mm\/#primaryimage"},"thumbnailUrl":"https:\/\/www.csj-emballages.com\/wp-content\/uploads\/2024\/03\/PELORAF33.webp","datePublished":"2024-03-01T15:51:26+00:00","dateModified":"2026-03-12T15:31:53+00:00","description":"Raffiagarn rot\/bordeaux 200 m x 12,5 mm, zweifarbig und widerstandsf\u00e4hig. Ideal f\u00fcr elegante Verpackungen und ansprechende Pr\u00e4sentationen.","breadcrumb":{"@id":"https:\/\/www.csj-emballages.com\/de\/produit\/raffiaknaeuel-rot-bordeaux-200m-x-12-5-mm\/#breadcrumb"},"inLanguage":"de","potentialAction":[{"@type":"ReadAction","target":["https:\/\/www.csj-emballages.com\/de\/produit\/raffiaknaeuel-rot-bordeaux-200m-x-12-5-mm\/"]}]},{"@type":"ImageObject","inLanguage":"de","@id":"https:\/\/www.csj-emballages.com\/de\/produit\/raffiaknaeuel-rot-bordeaux-200m-x-12-5-mm\/#primaryimage","url":"https:\/\/www.csj-emballages.com\/wp-content\/uploads\/2024\/03\/PELORAF33.webp","contentUrl":"https:\/\/www.csj-emballages.com\/wp-content\/uploads\/2024\/03\/PELORAF33.webp","width":800,"height":800,"caption":"Pelote raffia"},{"@type":"BreadcrumbList","@id":"https:\/\/www.csj-emballages.com\/de\/produit\/raffiaknaeuel-rot-bordeaux-200m-x-12-5-mm\/#breadcrumb","itemListElement":[{"@type":"ListItem","position":1,"name":"Accueil","item":"https:\/\/www.csj-emballages.com\/de\/universum-lebensmittelverpackungen\/"},{"@type":"ListItem","position":2,"name":"Shop","item":"https:\/\/www.csj-emballages.com\/shop\/"},{"@type":"ListItem","position":3,"name":"Raffiakn\u00e4uel rot \/ bordeaux 200m x 12.5 mm"}]},{"@type":"WebSite","@id":"https:\/\/www.csj-emballages.com\/de\/#website","url":"https:\/\/www.csj-emballages.com\/de\/","name":"CSJ Emballages","description":"","publisher":{"@id":"https:\/\/www.csj-emballages.com\/de\/#organization"},"potentialAction":[{"@type":"SearchAction","target":{"@type":"EntryPoint","urlTemplate":"https:\/\/www.csj-emballages.com\/de\/?s={search_term_string}"},"query-input":{"@type":"PropertyValueSpecification","valueRequired":true,"valueName":"search_term_string"}}],"inLanguage":"de"},{"@type":"Organization","@id":"https:\/\/www.csj-emballages.com\/de\/#Organization\/","name":"CSJ Emballages","url":"https:\/\/www.csj-emballages.com\/de\/","logo":{"@type":"ImageObject","inLanguage":"de","@id":"https:\/\/www.csj-emballages.com\/de\/#\/schema\/logo\/image\/","url":"https:\/\/www.csj-emballages.com\/wp-content\/uploads\/2023\/10\/logo_csj.webp","contentUrl":"https:\/\/www.csj-emballages.com\/wp-content\/uploads\/2023\/10\/logo_csj.webp","width":250,"height":95,"caption":"CSJ Emballages"},"image":{"@id":"https:\/\/www.csj-emballages.com\/de\/#\/schema\/logo\/image\/"},"sameAs":["https:\/\/www.facebook.com\/csjemballages"],"address":{"@type":"PostalAddress","streetAddress":"ZI La Lechere","addressLocality":"Patornay","postalCode":"39130","addressCountry":"FR"},"contactPoint":[{"@type":"ContactPoint","contactType":"Service client","telephone":"0384254272","email":"contact@csj-emballages.com"}]}]}},"df_price":7.98,"df_sale_price":"","df_regular_price":7.98,"df_image_link":"https:\/\/www.csj-emballages.com\/wp-content\/uploads\/2024\/03\/PELORAF33-300x300.webp","tiered_pricing_type":"fixed","tiered_pricing_fixed_rules":[],"tiered_pricing_percentage_rules":[],"tiered_pricing_minimum":1,"tiered_pricing_roles_data":[],"_links":{"self":[{"href":"https:\/\/www.csj-emballages.com\/de\/wp-json\/wp\/v2\/product\/22380","targetHints":{"allow":["GET"]}}],"collection":[{"href":"https:\/\/www.csj-emballages.com\/de\/wp-json\/wp\/v2\/product"}],"about":[{"href":"https:\/\/www.csj-emballages.com\/de\/wp-json\/wp\/v2\/types\/product"}],"wp:featuredmedia":[{"embeddable":true,"href":"https:\/\/www.csj-emballages.com\/de\/wp-json\/wp\/v2\/media\/259505"}],"wp:attachment":[{"href":"https:\/\/www.csj-emballages.com\/de\/wp-json\/wp\/v2\/media?parent=22380"}],"wp:term":[{"taxonomy":"product_brand","embeddable":true,"href":"https:\/\/www.csj-emballages.com\/de\/wp-json\/wp\/v2\/product_brand?post=22380"},{"taxonomy":"product_cat","embeddable":true,"href":"https:\/\/www.csj-emballages.com\/de\/wp-json\/wp\/v2\/product_cat?post=22380"},{"taxonomy":"product_tag","embeddable":true,"href":"https:\/\/www.csj-emballages.com\/de\/wp-json\/wp\/v2\/product_tag?post=22380"}],"curies":[{"name":"wp","href":"https:\/\/api.w.org\/{rel}","templated":true}]}}