{"id":22368,"date":"2024-03-01T16:51:25","date_gmt":"2024-03-01T15:51:25","guid":{"rendered":"https:\/\/u15jnbdpoq.preview.infomaniak.website\/produit\/100-pommes-frites-huellen-kraft-medium\/"},"modified":"2026-04-10T02:14:28","modified_gmt":"2026-04-10T00:14:28","slug":"100-pommes-frites-huellen-kraft-medium","status":"publish","type":"product","link":"https:\/\/www.csj-emballages.com\/de\/produit\/100-pommes-frites-huellen-kraft-medium\/","title":{"rendered":"Pommes frites-Tasche Karton medium pro 100"},"content":{"rendered":"<h2>Pommes frites-Tasche<\/h2>\n<hr>\n<h3>Beschreibung unserer Pommes Frites Tasche Karton medium pro 100<\/h3>\n<p><!--more--><\/p>\n<p data-start=\"187\" data-end=\"623\">Wenn Sie nach einer einfachen und effektiven M\u00f6glichkeit suchen, Ihre Pommes <strong>frites<\/strong> zu pr\u00e4sentieren und gleichzeitig einen reibungslosen Service zu gew\u00e4hrleisten, ist diese <strong>Papptasche<\/strong> genau das Richtige f\u00fcr Sie. Sie ist so konzipiert, dass sie leicht, praktisch und angenehm in der Hand liegt, und bietet ein Format, das sich perfekt f\u00fcr <strong>mittlere<\/strong> <strong>Portionen<\/strong> eignet. Sobald sie gef\u00fcllt ist, h\u00e4lt sie ihre Form, so dass die Pommes frites beim Servieren nicht zerdr\u00fcckt werden oder zusammenfallen.  <\/p>\n<p data-start=\"625\" data-end=\"1057\">Dank des <strong>stabilen<\/strong> <strong>Kartons<\/strong> h\u00e4lt sie Hitze und Feuchtigkeit problemlos aus, was ideal ist, wenn eine Bestellung nach der anderen eingeht. So kann der Kunde seine Pommes frites ohne die Gefahr von Verbrennungen oder durchdringendem Fett genie\u00dfen, was das Verzehrerlebnis wirklich verbessert. Ebenso ist sie aufgrund ihrer<strong> Gr\u00f6\u00dfe<\/strong> sehr n\u00fctzlich f\u00fcr Imbisse, Foodtrucks, Messest\u00e4nde oder Restaurants, die schnelle Beilagen anbieten.  <\/p>\n<p data-start=\"1059\" data-end=\"1378\">Da sie in <strong data-start=\"1083\" data-end=\"1097\">100er-Packungen<\/strong> kommt, haben Sie einen komfortablen Vorrat, sobald Sie sie brauchen. So k\u00f6nnen Sie einen Ansturm stressfrei bew\u00e4ltigen und gleichzeitig einen organisierten Arbeitsplatz behalten. <\/p>\n<p data-start=\"1059\" data-end=\"1378\">Mit ihrem <strong>nat\u00fcrlichen<\/strong> Look f\u00fcgt sie sich leicht in jede kulinarische Welt ein. Sie kann sogar mit anderen Verpackungen kombiniert werden, um eine harmonische Pr\u00e4sentation zu schaffen: Schalen, Beutel oder <g id=\"gid_1\"><g id=\"gid_2\">Burgerboxen<\/g><\/g>. Ihre Einfachheit macht sie zu einer vielseitigen Verpackung, die perfekt zu einer schnellen, aber qualitativ hochwertigen K\u00fcche passt.  <\/p>\n<p data-start=\"1734\" data-end=\"1898\">Zusammenfassend l\u00e4sst sich sagen, dass diese Pommes<strong> frites-Tasche<\/strong> Praktikabilit\u00e4t, Benutzerkomfort und gute Passform vereint. Ein Muss, um sauber, schnell und stilvoll zu servieren. <\/p>\n<p data-start=\"931\" data-end=\"1119\"><!--more--><\/p>\n<h4 data-start=\"931\" data-end=\"1119\">Vorteile :<\/h4>\n<ul>\n<li data-start=\"1926\" data-end=\"1984\">Kompaktes Format, perfekt f\u00fcr<strong> Standardportionen<\/strong>.<\/li>\n<li data-start=\"1987\" data-end=\"2025\"><strong>Starke Pappe<\/strong>, die sich nicht verzieht.<\/li>\n<li data-start=\"2028\" data-end=\"2067\">Hitze- und fettbest\u00e4ndig.<\/li>\n<li data-start=\"2070\" data-end=\"2112\">Schnelles \u00d6ffnen und einfache Handhabung.<\/li>\n<li data-start=\"2115\" data-end=\"2159\"><strong>100er-Pack<\/strong> f\u00fcr eine reibungslose Verwaltung des Bestands.<\/li>\n<\/ul>\n<p>.<\/p>\n<p data-start=\"931\" data-end=\"1119\"><!--more--><\/p>\n<h4>Weitere Informationen :<\/h4>\n<ul>\n<li><strong>Verpackung<\/strong>: Packung mit 100 St\u00fcck<\/li>\n<li><strong>Abmessungen<\/strong>: 90 x 132 x 130 mm (L x B x H)<\/li>\n<li><strong>Material<\/strong>: Karton<\/li>\n<li><strong>Modell<\/strong>: Medium<\/li>\n<\/ul>\n<p>&nbsp;<\/p>\n<p><!--more--><\/p>\n<p>Dieses Produkt ist in verschiedenen Gr\u00f6\u00dfen erh\u00e4ltlich : <span style=\"color: #d12727;\"><a style=\"color: #d12727;\" href=\"https:\/\/www.csj-emballages.com\/pt-pt\/produit\/100-sacos-pequenos-de-batatas-fritas-kraft\/\">Klein<\/a><\/span> \/ <span style=\"color: #d12727;\"><a style=\"color: #d12727;\" href=\"https:\/\/www.csj-emballages.com\/produit\/100-pochette-carton-pour-frites-kraft-grande-large-cornet\/\">Gro\u00df<\/a><\/span><\/p>\n<p>&nbsp;<\/p>\n<p><!--more--><\/p>\n<p><a href=\"https:\/\/www.csj-emballages.com\/de\/categorie-produit\/lebensmittelverpackungen\/restauration-de\/dosen-schalen-beutel-konen\/frittierte-taschen-pfannkuchen-tacos-wraps\/\">Sehen Sie sich den Rest unseres Sortiments an Pommes frites- \/ Pfannkuchen- \/ Taco- \/ Wrap-Packungen an.<\/a><\/p>\n","protected":false},"excerpt":{"rendered":"<p>Pommes frites-Tasche Beschreibung unserer Pommes Frites Tasche Karton medium pro 100<\/p>\n","protected":false},"featured_media":230444,"template":"","meta":{"_acf_changed":false},"product_brand":[],"product_cat":[1137,1134,3085],"product_tag":[],"class_list":{"0":"post-22368","1":"product","2":"type-product","3":"status-publish","4":"has-post-thumbnail","6":"product_cat-lebensmittelverpackungen","7":"product_cat-restauration-de","8":"product_cat-frittierte-taschen-pfannkuchen-tacos-wraps","10":"first","11":"instock","12":"taxable","13":"shipping-taxable","14":"purchasable","15":"product-type-simple"},"acf":[],"yoast_head":"<!-- This site is optimized with the Yoast SEO Premium plugin v26.6 (Yoast SEO v26.6) - https:\/\/yoast.com\/wordpress\/plugins\/seo\/ -->\n<title>Pommes Frites Tasche Karton Medium pro 100<\/title>\n<meta name=\"description\" content=\"Pommes frites-Tasche aus Karton, mittelgro\u00dfes Format, verkauft zu 100 St\u00fcck. Praktisch, strapazierf\u00e4hig und ideal f\u00fcr Imbisse, Foodtrucks und Restaurants zum Mitnehmen.\" \/>\n<meta name=\"robots\" content=\"index, follow, max-snippet:-1, max-image-preview:large, max-video-preview:-1\" \/>\n<link rel=\"canonical\" href=\"https:\/\/www.csj-emballages.com\/de\/produit\/100-pommes-frites-huellen-kraft-medium\/\" \/>\n<meta property=\"og:locale\" content=\"de_DE\" \/>\n<meta property=\"og:type\" content=\"article\" \/>\n<meta property=\"og:title\" content=\"Pommes frites-Tasche Karton medium pro 100\" \/>\n<meta property=\"og:description\" content=\"Pommes frites-Tasche aus Karton, mittelgro\u00dfes Format, verkauft zu 100 St\u00fcck. Praktisch, strapazierf\u00e4hig und ideal f\u00fcr Imbisse, Foodtrucks und Restaurants zum Mitnehmen.\" \/>\n<meta property=\"og:url\" content=\"https:\/\/www.csj-emballages.com\/de\/produit\/100-pommes-frites-huellen-kraft-medium\/\" \/>\n<meta property=\"og:site_name\" content=\"CSJ Emballages\" \/>\n<meta property=\"article:publisher\" content=\"https:\/\/www.facebook.com\/csjemballages\" \/>\n<meta property=\"article:modified_time\" content=\"2026-04-10T00:14:28+00:00\" \/>\n<meta property=\"og:image\" content=\"https:\/\/www.csj-emballages.com\/wp-content\/uploads\/2024\/03\/PF2K.webp\" \/>\n\t<meta property=\"og:image:width\" content=\"800\" \/>\n\t<meta property=\"og:image:height\" content=\"800\" \/>\n\t<meta property=\"og:image:type\" content=\"image\/webp\" \/>\n<meta name=\"twitter:card\" content=\"summary_large_image\" \/>\n<meta name=\"twitter:label1\" content=\"Gesch\u00e4tzte Lesezeit\" \/>\n\t<meta name=\"twitter:data1\" content=\"2 Minuten\" \/>\n<script type=\"application\/ld+json\" class=\"yoast-schema-graph\">{\"@context\":\"https:\/\/schema.org\",\"@graph\":[{\"@type\":\"WebPage\",\"@id\":\"https:\/\/www.csj-emballages.com\/de\/produit\/100-pommes-frites-huellen-kraft-medium\/\",\"url\":\"https:\/\/www.csj-emballages.com\/de\/produit\/100-pommes-frites-huellen-kraft-medium\/\",\"name\":\"Pommes Frites Tasche Karton Medium pro 100\",\"isPartOf\":{\"@id\":\"https:\/\/www.csj-emballages.com\/de\/#website\"},\"primaryImageOfPage\":{\"@id\":\"https:\/\/www.csj-emballages.com\/de\/produit\/100-pommes-frites-huellen-kraft-medium\/#primaryimage\"},\"image\":{\"@id\":\"https:\/\/www.csj-emballages.com\/de\/produit\/100-pommes-frites-huellen-kraft-medium\/#primaryimage\"},\"thumbnailUrl\":\"https:\/\/www.csj-emballages.com\/wp-content\/uploads\/2024\/03\/PF2K.webp\",\"datePublished\":\"2024-03-01T15:51:25+00:00\",\"dateModified\":\"2026-04-10T00:14:28+00:00\",\"description\":\"Pommes frites-Tasche aus Karton, mittelgro\u00dfes Format, verkauft zu 100 St\u00fcck. Praktisch, strapazierf\u00e4hig und ideal f\u00fcr Imbisse, Foodtrucks und Restaurants zum Mitnehmen.\",\"breadcrumb\":{\"@id\":\"https:\/\/www.csj-emballages.com\/de\/produit\/100-pommes-frites-huellen-kraft-medium\/#breadcrumb\"},\"inLanguage\":\"de\",\"potentialAction\":[{\"@type\":\"ReadAction\",\"target\":[\"https:\/\/www.csj-emballages.com\/de\/produit\/100-pommes-frites-huellen-kraft-medium\/\"]}]},{\"@type\":\"ImageObject\",\"inLanguage\":\"de\",\"@id\":\"https:\/\/www.csj-emballages.com\/de\/produit\/100-pommes-frites-huellen-kraft-medium\/#primaryimage\",\"url\":\"https:\/\/www.csj-emballages.com\/wp-content\/uploads\/2024\/03\/PF2K.webp\",\"contentUrl\":\"https:\/\/www.csj-emballages.com\/wp-content\/uploads\/2024\/03\/PF2K.webp\",\"width\":800,\"height\":800,\"caption\":\"Pochette frites\"},{\"@type\":\"BreadcrumbList\",\"@id\":\"https:\/\/www.csj-emballages.com\/de\/produit\/100-pommes-frites-huellen-kraft-medium\/#breadcrumb\",\"itemListElement\":[{\"@type\":\"ListItem\",\"position\":1,\"name\":\"Accueil\",\"item\":\"https:\/\/www.csj-emballages.com\/de\/universum-lebensmittelverpackungen\/\"},{\"@type\":\"ListItem\",\"position\":2,\"name\":\"Shop\",\"item\":\"https:\/\/www.csj-emballages.com\/shop\/\"},{\"@type\":\"ListItem\",\"position\":3,\"name\":\"Pommes frites-Tasche Karton medium pro 100\"}]},{\"@type\":\"WebSite\",\"@id\":\"https:\/\/www.csj-emballages.com\/de\/#website\",\"url\":\"https:\/\/www.csj-emballages.com\/de\/\",\"name\":\"CSJ Emballages\",\"description\":\"\",\"publisher\":{\"@id\":\"https:\/\/www.csj-emballages.com\/de\/#organization\"},\"potentialAction\":[{\"@type\":\"SearchAction\",\"target\":{\"@type\":\"EntryPoint\",\"urlTemplate\":\"https:\/\/www.csj-emballages.com\/de\/?s={search_term_string}\"},\"query-input\":{\"@type\":\"PropertyValueSpecification\",\"valueRequired\":true,\"valueName\":\"search_term_string\"}}],\"inLanguage\":\"de\"},{\"@type\":\"Organization\",\"@id\":\"https:\/\/www.csj-emballages.com\/de\/#Organization\/\",\"name\":\"CSJ Emballages\",\"url\":\"https:\/\/www.csj-emballages.com\/de\/\",\"logo\":{\"@type\":\"ImageObject\",\"inLanguage\":\"de\",\"@id\":\"https:\/\/www.csj-emballages.com\/de\/#\/schema\/logo\/image\/\",\"url\":\"https:\/\/www.csj-emballages.com\/wp-content\/uploads\/2023\/10\/logo_csj.webp\",\"contentUrl\":\"https:\/\/www.csj-emballages.com\/wp-content\/uploads\/2023\/10\/logo_csj.webp\",\"width\":250,\"height\":95,\"caption\":\"CSJ Emballages\"},\"image\":{\"@id\":\"https:\/\/www.csj-emballages.com\/de\/#\/schema\/logo\/image\/\"},\"sameAs\":[\"https:\/\/www.facebook.com\/csjemballages\"],\"address\":{\"@type\":\"PostalAddress\",\"streetAddress\":\"ZI La Lechere\",\"addressLocality\":\"Patornay\",\"postalCode\":\"39130\",\"addressCountry\":\"FR\"},\"contactPoint\":[{\"@type\":\"ContactPoint\",\"contactType\":\"Service client\",\"telephone\":\"0384254272\",\"email\":\"contact@csj-emballages.com\"}]}]}<\/script>\n<!-- \/ Yoast SEO Premium plugin. -->","yoast_head_json":{"title":"Pommes Frites Tasche Karton Medium pro 100","description":"Pommes frites-Tasche aus Karton, mittelgro\u00dfes Format, verkauft zu 100 St\u00fcck. Praktisch, strapazierf\u00e4hig und ideal f\u00fcr Imbisse, Foodtrucks und Restaurants zum Mitnehmen.","robots":{"index":"index","follow":"follow","max-snippet":"max-snippet:-1","max-image-preview":"max-image-preview:large","max-video-preview":"max-video-preview:-1"},"canonical":"https:\/\/www.csj-emballages.com\/de\/produit\/100-pommes-frites-huellen-kraft-medium\/","og_locale":"de_DE","og_type":"article","og_title":"Pommes frites-Tasche Karton medium pro 100","og_description":"Pommes frites-Tasche aus Karton, mittelgro\u00dfes Format, verkauft zu 100 St\u00fcck. Praktisch, strapazierf\u00e4hig und ideal f\u00fcr Imbisse, Foodtrucks und Restaurants zum Mitnehmen.","og_url":"https:\/\/www.csj-emballages.com\/de\/produit\/100-pommes-frites-huellen-kraft-medium\/","og_site_name":"CSJ Emballages","article_publisher":"https:\/\/www.facebook.com\/csjemballages","article_modified_time":"2026-04-10T00:14:28+00:00","og_image":[{"width":800,"height":800,"url":"https:\/\/www.csj-emballages.com\/wp-content\/uploads\/2024\/03\/PF2K.webp","type":"image\/webp"}],"twitter_card":"summary_large_image","twitter_misc":{"Gesch\u00e4tzte Lesezeit":"2 Minuten"},"schema":{"@context":"https:\/\/schema.org","@graph":[{"@type":"WebPage","@id":"https:\/\/www.csj-emballages.com\/de\/produit\/100-pommes-frites-huellen-kraft-medium\/","url":"https:\/\/www.csj-emballages.com\/de\/produit\/100-pommes-frites-huellen-kraft-medium\/","name":"Pommes Frites Tasche Karton Medium pro 100","isPartOf":{"@id":"https:\/\/www.csj-emballages.com\/de\/#website"},"primaryImageOfPage":{"@id":"https:\/\/www.csj-emballages.com\/de\/produit\/100-pommes-frites-huellen-kraft-medium\/#primaryimage"},"image":{"@id":"https:\/\/www.csj-emballages.com\/de\/produit\/100-pommes-frites-huellen-kraft-medium\/#primaryimage"},"thumbnailUrl":"https:\/\/www.csj-emballages.com\/wp-content\/uploads\/2024\/03\/PF2K.webp","datePublished":"2024-03-01T15:51:25+00:00","dateModified":"2026-04-10T00:14:28+00:00","description":"Pommes frites-Tasche aus Karton, mittelgro\u00dfes Format, verkauft zu 100 St\u00fcck. Praktisch, strapazierf\u00e4hig und ideal f\u00fcr Imbisse, Foodtrucks und Restaurants zum Mitnehmen.","breadcrumb":{"@id":"https:\/\/www.csj-emballages.com\/de\/produit\/100-pommes-frites-huellen-kraft-medium\/#breadcrumb"},"inLanguage":"de","potentialAction":[{"@type":"ReadAction","target":["https:\/\/www.csj-emballages.com\/de\/produit\/100-pommes-frites-huellen-kraft-medium\/"]}]},{"@type":"ImageObject","inLanguage":"de","@id":"https:\/\/www.csj-emballages.com\/de\/produit\/100-pommes-frites-huellen-kraft-medium\/#primaryimage","url":"https:\/\/www.csj-emballages.com\/wp-content\/uploads\/2024\/03\/PF2K.webp","contentUrl":"https:\/\/www.csj-emballages.com\/wp-content\/uploads\/2024\/03\/PF2K.webp","width":800,"height":800,"caption":"Pochette frites"},{"@type":"BreadcrumbList","@id":"https:\/\/www.csj-emballages.com\/de\/produit\/100-pommes-frites-huellen-kraft-medium\/#breadcrumb","itemListElement":[{"@type":"ListItem","position":1,"name":"Accueil","item":"https:\/\/www.csj-emballages.com\/de\/universum-lebensmittelverpackungen\/"},{"@type":"ListItem","position":2,"name":"Shop","item":"https:\/\/www.csj-emballages.com\/shop\/"},{"@type":"ListItem","position":3,"name":"Pommes frites-Tasche Karton medium pro 100"}]},{"@type":"WebSite","@id":"https:\/\/www.csj-emballages.com\/de\/#website","url":"https:\/\/www.csj-emballages.com\/de\/","name":"CSJ Emballages","description":"","publisher":{"@id":"https:\/\/www.csj-emballages.com\/de\/#organization"},"potentialAction":[{"@type":"SearchAction","target":{"@type":"EntryPoint","urlTemplate":"https:\/\/www.csj-emballages.com\/de\/?s={search_term_string}"},"query-input":{"@type":"PropertyValueSpecification","valueRequired":true,"valueName":"search_term_string"}}],"inLanguage":"de"},{"@type":"Organization","@id":"https:\/\/www.csj-emballages.com\/de\/#Organization\/","name":"CSJ Emballages","url":"https:\/\/www.csj-emballages.com\/de\/","logo":{"@type":"ImageObject","inLanguage":"de","@id":"https:\/\/www.csj-emballages.com\/de\/#\/schema\/logo\/image\/","url":"https:\/\/www.csj-emballages.com\/wp-content\/uploads\/2023\/10\/logo_csj.webp","contentUrl":"https:\/\/www.csj-emballages.com\/wp-content\/uploads\/2023\/10\/logo_csj.webp","width":250,"height":95,"caption":"CSJ Emballages"},"image":{"@id":"https:\/\/www.csj-emballages.com\/de\/#\/schema\/logo\/image\/"},"sameAs":["https:\/\/www.facebook.com\/csjemballages"],"address":{"@type":"PostalAddress","streetAddress":"ZI La Lechere","addressLocality":"Patornay","postalCode":"39130","addressCountry":"FR"},"contactPoint":[{"@type":"ContactPoint","contactType":"Service client","telephone":"0384254272","email":"contact@csj-emballages.com"}]}]}},"df_price":8.22,"df_sale_price":"","df_regular_price":8.22,"df_image_link":"https:\/\/www.csj-emballages.com\/wp-content\/uploads\/2024\/03\/PF2K-300x300.webp","tiered_pricing_type":"fixed","tiered_pricing_fixed_rules":[],"tiered_pricing_percentage_rules":[],"tiered_pricing_minimum":1,"tiered_pricing_roles_data":[],"_links":{"self":[{"href":"https:\/\/www.csj-emballages.com\/de\/wp-json\/wp\/v2\/product\/22368","targetHints":{"allow":["GET"]}}],"collection":[{"href":"https:\/\/www.csj-emballages.com\/de\/wp-json\/wp\/v2\/product"}],"about":[{"href":"https:\/\/www.csj-emballages.com\/de\/wp-json\/wp\/v2\/types\/product"}],"wp:featuredmedia":[{"embeddable":true,"href":"https:\/\/www.csj-emballages.com\/de\/wp-json\/wp\/v2\/media\/230444"}],"wp:attachment":[{"href":"https:\/\/www.csj-emballages.com\/de\/wp-json\/wp\/v2\/media?parent=22368"}],"wp:term":[{"taxonomy":"product_brand","embeddable":true,"href":"https:\/\/www.csj-emballages.com\/de\/wp-json\/wp\/v2\/product_brand?post=22368"},{"taxonomy":"product_cat","embeddable":true,"href":"https:\/\/www.csj-emballages.com\/de\/wp-json\/wp\/v2\/product_cat?post=22368"},{"taxonomy":"product_tag","embeddable":true,"href":"https:\/\/www.csj-emballages.com\/de\/wp-json\/wp\/v2\/product_tag?post=22368"}],"curies":[{"name":"wp","href":"https:\/\/api.w.org\/{rel}","templated":true}]}}