{"id":22359,"date":"2024-03-01T16:51:24","date_gmt":"2024-03-01T15:51:24","guid":{"rendered":"https:\/\/u15jnbdpoq.preview.infomaniak.website\/produit\/raffiaknaeuel-orange-schokolade-200m-x-12-5-mm\/"},"modified":"2026-03-12T16:31:57","modified_gmt":"2026-03-12T15:31:57","slug":"raffiaknaeuel-orange-schokolade-200m-x-12-5-mm","status":"publish","type":"product","link":"https:\/\/www.csj-emballages.com\/de\/produit\/raffiaknaeuel-orange-schokolade-200m-x-12-5-mm\/","title":{"rendered":"Raffiakn\u00e4uel orange \/ schokolade 200m x 12.5 mm"},"content":{"rendered":"<h2 style=\"text-indent: 0px; box-sizing: inherit; font-family: Roboto, sans-serif;\">Raffiabastkn\u00e4uel<\/h2>\n<hr>\n<h3>Entdecken Sie unser Raffiagarn Orange \/ Schokolade 200 m x 12,5 mm<\/h3>\n<p><!--more--><\/p>\n<p data-start=\"227\" data-end=\"610\">Dieses <strong>Raffiagarn<\/strong> in <strong data-start=\"250\" data-end=\"271\">Orange \/ Schokolade<\/strong> spielt mit warmen und appetitlichen Farbt\u00f6nen, die Ihren Verpackungen sofort Charakter verleihen. Die Kombination aus <strong>leuchtendem<\/strong> <strong>Orange<\/strong> und <strong>tiefem Braun<\/strong> schafft einen eleganten Kontrast, der modern und zugleich warm ist. Es ist die Art von Detail, das ins Auge f\u00e4llt, ohne aufdringlich zu wirken, und das sofort einen Eindruck von Sorgfalt und Qualit\u00e4t vermittelt.  <\/p>\n<p data-start=\"612\" data-end=\"991\">Mit einer <strong data-start=\"621\" data-end=\"647\">L\u00e4nge von 200 Metern<\/strong> begleitet Sie dieses <strong>Garn<\/strong> lange. Sie k\u00f6nnen es f\u00fcr zahlreiche Projekte verwenden, ohne Ihren Vorrat zu oft erneuern zu m\u00fcssen. Seine Breite von <strong data-start=\"811\" data-end=\"820\">12,5 mm<\/strong> sorgt f\u00fcr guten Halt und erm\u00f6glicht <strong>saubere<\/strong>, <strong>ordentliche <\/strong>und<strong> regelm\u00e4\u00dfige Knoten<\/strong>. Es l\u00e4sst sich leicht handhaben, m\u00fchelos schneiden und bleibt nach dem Binden gut in Form.   <\/p>\n<p data-start=\"993\" data-end=\"1353\">Dieses <strong>zweifarbige Raffia<\/strong> passt zu vielen Anwendungsbereichen. Es eignet sich hervorragend f\u00fcr Feinkostgesch\u00e4fte, Boutiquen, Pr\u00e4sentk\u00f6rbe, Geschenkverpackungen oder saisonale Dekorationen. Die Farben <strong>Orange<\/strong> und <strong>Schokolade<\/strong> passen besonders gut in den Herbst, zu Festlichkeiten oder zur Pr\u00e4sentation von handwerklichen und kulinarischen Produkten.  <\/p>\n<p data-start=\"1355\" data-end=\"1571\">In der Praxis verwandelt dieses <strong>Raffia<\/strong> eine einfache Verpackung in eine ansprechendere Pr\u00e4sentation, ohne Ihren Alltag zu erschweren. Es verleiht eine starke visuelle Note, bleibt dabei dezent und ist einfach zu handhaben. <\/p>\n<p data-start=\"1573\" data-end=\"1704\">Zusammenfassend ist dieses <strong>Raffiagarn in Orange \/ Schokolade<\/strong> eine ausgezeichnete Wahl, wenn Sie Effizienz, \u00c4sthetik und Originalit\u00e4t in Ihren Verpackungen vereinen m\u00f6chten.<\/p>\n<p data-start=\"1573\" data-end=\"1704\">\n<p data-start=\"1643\" data-end=\"1786\"><!--more--><\/p>\n<h4 data-start=\"1643\" data-end=\"1786\">Vorteile :<\/h4>\n<ul>\n<li data-start=\"1733\" data-end=\"1778\">Warme und elegante Farbkombination.<\/li>\n<li data-start=\"1781\" data-end=\"1824\"><strong>L\u00e4nge von 200 m<\/strong> f\u00fcr langen Gebrauch.<\/li>\n<li data-start=\"1827\" data-end=\"1867\"><strong>Breite<\/strong> <strong>von<\/strong> <strong>10 mm<\/strong> f\u00fcr guten Halt.<\/li>\n<li data-start=\"1870\" data-end=\"1899\">Leicht zu schneiden und zu knoten.<\/li>\n<li data-start=\"1902\" data-end=\"1951\">Ideal f\u00fcr Verpackung, Dekoration und Pr\u00e4sentation.<\/li>\n<\/ul>\n<p>&nbsp;<\/p>\n<p><!--more--><\/p>\n<h4 style=\"text-indent: 0px; box-sizing: inherit; font-family: Roboto, sans-serif;\">Weitere Informationen :<\/h4>\n<ul>\n<li><strong>Verpackung<\/strong>: Einzeln<\/li>\n<li><strong>Breite<\/strong> : 12,5 mm<\/li>\n<li><strong>L\u00e4nge<\/strong> : 200m<\/li>\n<li><strong>Farbe<\/strong> : Orange \/ Schokolade<\/li>\n<li><strong>Modell<\/strong>: Raffia \u201ePapermat\u201c<\/li>\n<li><strong>Material<\/strong>: PP<\/li>\n<\/ul>\n<h2 style=\"font-family: Roboto, sans-serif; box-sizing: inherit;\"><\/h2>\n<p><!--more--><\/p>\n<p>Dieses Raffiagarn ist in verschiedenen Farben erh\u00e4ltlich: <span style=\"color: #d12727;\"><a style=\"color: #d12727;\" href=\"https:\/\/www.csj-emballages.com\/de\/produit\/raffiaknaeuel-weiss-silber-100m-x-10mm\/\">Wei\u00df &#8211; Silber<\/a><\/span> \/ <span style=\"color: #d12727;\"><a style=\"color: #d12727;\" href=\"https:\/\/www.csj-emballages.com\/de\/produit\/raffiaknaeuel-kraft-100m-x-10mm\/\">Kraft<\/a><\/span> \/ <span style=\"color: #d12727;\"><a style=\"color: #d12727;\" href=\"https:\/\/www.csj-emballages.com\/de\/produit\/raffiaknaeuel-mais-mohn-200m-x-10mm\/\">Mais &#8211; Mohnrot<\/a><\/span> \/ <span style=\"color: #d12727;\"><a style=\"color: #d12727;\" href=\"https:\/\/www.csj-emballages.com\/de\/produit\/raffiaknaeuel-rot-bordeaux-200m-x-12-5-mm\/\">Rot &#8211; Bordeaux<\/a><\/span><\/p>\n<p>&nbsp;<\/p>\n<p><!--more--><\/p>\n<p><a href=\"https:\/\/www.csj-emballages.com\/de\/categorie-produit\/lebensmittelverpackungen\/backerei-und-konditorei\/zubehor-und-ausstattung\/dekoratives-zubehor\/raffia-pelotes\/\">Entdecken Sie unser weiteres Sortiment an Raffiabastkn\u00e4ueln<\/a><\/p>\n","protected":false},"excerpt":{"rendered":"<p>Raffiabastkn\u00e4uel Entdecken Sie unser Raffiagarn Orange \/ Schokolade 200 m x 12,5 mm<\/p>\n","protected":false},"featured_media":259499,"template":"","meta":{"_acf_changed":false},"product_brand":[],"product_cat":[1137,1171,1794,3077,1487,1813,3080],"product_tag":[],"class_list":{"0":"post-22359","1":"product","2":"type-product","3":"status-publish","4":"has-post-thumbnail","6":"product_cat-lebensmittelverpackungen","7":"product_cat-backerei-und-konditorei","8":"product_cat-dekoratives-zubehor","9":"product_cat-raffia-pelotes","10":"product_cat-boutique-und-geschaft","11":"product_cat-dekoratives-zubehor-de","12":"product_cat-raffia-pelotes-de","14":"first","15":"instock","16":"taxable","17":"shipping-taxable","18":"purchasable","19":"product-type-simple"},"acf":[],"yoast_head":"<!-- This site is optimized with the Yoast SEO Premium plugin v26.6 (Yoast SEO v26.6) - https:\/\/yoast.com\/wordpress\/plugins\/seo\/ -->\n<title>Raffia Orange \/ Schokolade 200 m x 12,5 mm<\/title>\n<meta name=\"description\" content=\"Orange\/schokolade Raffiagarn, 200 m x 12,5 mm, zweifarbig und widerstandsf\u00e4hig. Perfekt, um Ihre Verpackungen und Dekorationen stilvoll aufzuwerten.\" \/>\n<meta name=\"robots\" content=\"index, follow, max-snippet:-1, max-image-preview:large, max-video-preview:-1\" \/>\n<link rel=\"canonical\" href=\"https:\/\/www.csj-emballages.com\/de\/produit\/raffiaknaeuel-orange-schokolade-200m-x-12-5-mm\/\" \/>\n<meta property=\"og:locale\" content=\"de_DE\" \/>\n<meta property=\"og:type\" content=\"article\" \/>\n<meta property=\"og:title\" content=\"Raffiakn\u00e4uel orange \/ schokolade 200m x 12.5 mm\" \/>\n<meta property=\"og:description\" content=\"Orange\/schokolade Raffiagarn, 200 m x 12,5 mm, zweifarbig und widerstandsf\u00e4hig. Perfekt, um Ihre Verpackungen und Dekorationen stilvoll aufzuwerten.\" \/>\n<meta property=\"og:url\" content=\"https:\/\/www.csj-emballages.com\/de\/produit\/raffiaknaeuel-orange-schokolade-200m-x-12-5-mm\/\" \/>\n<meta property=\"og:site_name\" content=\"CSJ Emballages\" \/>\n<meta property=\"article:publisher\" content=\"https:\/\/www.facebook.com\/csjemballages\" \/>\n<meta property=\"article:modified_time\" content=\"2026-03-12T15:31:57+00:00\" \/>\n<meta property=\"og:image\" content=\"https:\/\/www.csj-emballages.com\/wp-content\/uploads\/2024\/03\/PELORAF81.webp\" \/>\n\t<meta property=\"og:image:width\" content=\"800\" \/>\n\t<meta property=\"og:image:height\" content=\"800\" \/>\n\t<meta property=\"og:image:type\" content=\"image\/webp\" \/>\n<meta name=\"twitter:card\" content=\"summary_large_image\" \/>\n<meta name=\"twitter:label1\" content=\"Gesch\u00e4tzte Lesezeit\" \/>\n\t<meta name=\"twitter:data1\" content=\"2 Minuten\" \/>\n<script type=\"application\/ld+json\" class=\"yoast-schema-graph\">{\"@context\":\"https:\/\/schema.org\",\"@graph\":[{\"@type\":\"WebPage\",\"@id\":\"https:\/\/www.csj-emballages.com\/de\/produit\/raffiaknaeuel-orange-schokolade-200m-x-12-5-mm\/\",\"url\":\"https:\/\/www.csj-emballages.com\/de\/produit\/raffiaknaeuel-orange-schokolade-200m-x-12-5-mm\/\",\"name\":\"Raffia Orange \/ Schokolade 200 m x 12,5 mm\",\"isPartOf\":{\"@id\":\"https:\/\/www.csj-emballages.com\/de\/#website\"},\"primaryImageOfPage\":{\"@id\":\"https:\/\/www.csj-emballages.com\/de\/produit\/raffiaknaeuel-orange-schokolade-200m-x-12-5-mm\/#primaryimage\"},\"image\":{\"@id\":\"https:\/\/www.csj-emballages.com\/de\/produit\/raffiaknaeuel-orange-schokolade-200m-x-12-5-mm\/#primaryimage\"},\"thumbnailUrl\":\"https:\/\/www.csj-emballages.com\/wp-content\/uploads\/2024\/03\/PELORAF81.webp\",\"datePublished\":\"2024-03-01T15:51:24+00:00\",\"dateModified\":\"2026-03-12T15:31:57+00:00\",\"description\":\"Orange\/schokolade Raffiagarn, 200 m x 12,5 mm, zweifarbig und widerstandsf\u00e4hig. Perfekt, um Ihre Verpackungen und Dekorationen stilvoll aufzuwerten.\",\"breadcrumb\":{\"@id\":\"https:\/\/www.csj-emballages.com\/de\/produit\/raffiaknaeuel-orange-schokolade-200m-x-12-5-mm\/#breadcrumb\"},\"inLanguage\":\"de\",\"potentialAction\":[{\"@type\":\"ReadAction\",\"target\":[\"https:\/\/www.csj-emballages.com\/de\/produit\/raffiaknaeuel-orange-schokolade-200m-x-12-5-mm\/\"]}]},{\"@type\":\"ImageObject\",\"inLanguage\":\"de\",\"@id\":\"https:\/\/www.csj-emballages.com\/de\/produit\/raffiaknaeuel-orange-schokolade-200m-x-12-5-mm\/#primaryimage\",\"url\":\"https:\/\/www.csj-emballages.com\/wp-content\/uploads\/2024\/03\/PELORAF81.webp\",\"contentUrl\":\"https:\/\/www.csj-emballages.com\/wp-content\/uploads\/2024\/03\/PELORAF81.webp\",\"width\":800,\"height\":800,\"caption\":\"Pelote raffia\"},{\"@type\":\"BreadcrumbList\",\"@id\":\"https:\/\/www.csj-emballages.com\/de\/produit\/raffiaknaeuel-orange-schokolade-200m-x-12-5-mm\/#breadcrumb\",\"itemListElement\":[{\"@type\":\"ListItem\",\"position\":1,\"name\":\"Accueil\",\"item\":\"https:\/\/www.csj-emballages.com\/de\/universum-lebensmittelverpackungen\/\"},{\"@type\":\"ListItem\",\"position\":2,\"name\":\"Shop\",\"item\":\"https:\/\/www.csj-emballages.com\/shop\/\"},{\"@type\":\"ListItem\",\"position\":3,\"name\":\"Raffiakn\u00e4uel orange \/ schokolade 200m x 12.5 mm\"}]},{\"@type\":\"WebSite\",\"@id\":\"https:\/\/www.csj-emballages.com\/de\/#website\",\"url\":\"https:\/\/www.csj-emballages.com\/de\/\",\"name\":\"CSJ Emballages\",\"description\":\"\",\"publisher\":{\"@id\":\"https:\/\/www.csj-emballages.com\/de\/#organization\"},\"potentialAction\":[{\"@type\":\"SearchAction\",\"target\":{\"@type\":\"EntryPoint\",\"urlTemplate\":\"https:\/\/www.csj-emballages.com\/de\/?s={search_term_string}\"},\"query-input\":{\"@type\":\"PropertyValueSpecification\",\"valueRequired\":true,\"valueName\":\"search_term_string\"}}],\"inLanguage\":\"de\"},{\"@type\":\"Organization\",\"@id\":\"https:\/\/www.csj-emballages.com\/de\/#Organization\/\",\"name\":\"CSJ Emballages\",\"url\":\"https:\/\/www.csj-emballages.com\/de\/\",\"logo\":{\"@type\":\"ImageObject\",\"inLanguage\":\"de\",\"@id\":\"https:\/\/www.csj-emballages.com\/de\/#\/schema\/logo\/image\/\",\"url\":\"https:\/\/www.csj-emballages.com\/wp-content\/uploads\/2023\/10\/logo_csj.webp\",\"contentUrl\":\"https:\/\/www.csj-emballages.com\/wp-content\/uploads\/2023\/10\/logo_csj.webp\",\"width\":250,\"height\":95,\"caption\":\"CSJ Emballages\"},\"image\":{\"@id\":\"https:\/\/www.csj-emballages.com\/de\/#\/schema\/logo\/image\/\"},\"sameAs\":[\"https:\/\/www.facebook.com\/csjemballages\"],\"address\":{\"@type\":\"PostalAddress\",\"streetAddress\":\"ZI La Lechere\",\"addressLocality\":\"Patornay\",\"postalCode\":\"39130\",\"addressCountry\":\"FR\"},\"contactPoint\":[{\"@type\":\"ContactPoint\",\"contactType\":\"Service client\",\"telephone\":\"0384254272\",\"email\":\"contact@csj-emballages.com\"}]}]}<\/script>\n<!-- \/ Yoast SEO Premium plugin. -->","yoast_head_json":{"title":"Raffia Orange \/ Schokolade 200 m x 12,5 mm","description":"Orange\/schokolade Raffiagarn, 200 m x 12,5 mm, zweifarbig und widerstandsf\u00e4hig. Perfekt, um Ihre Verpackungen und Dekorationen stilvoll aufzuwerten.","robots":{"index":"index","follow":"follow","max-snippet":"max-snippet:-1","max-image-preview":"max-image-preview:large","max-video-preview":"max-video-preview:-1"},"canonical":"https:\/\/www.csj-emballages.com\/de\/produit\/raffiaknaeuel-orange-schokolade-200m-x-12-5-mm\/","og_locale":"de_DE","og_type":"article","og_title":"Raffiakn\u00e4uel orange \/ schokolade 200m x 12.5 mm","og_description":"Orange\/schokolade Raffiagarn, 200 m x 12,5 mm, zweifarbig und widerstandsf\u00e4hig. Perfekt, um Ihre Verpackungen und Dekorationen stilvoll aufzuwerten.","og_url":"https:\/\/www.csj-emballages.com\/de\/produit\/raffiaknaeuel-orange-schokolade-200m-x-12-5-mm\/","og_site_name":"CSJ Emballages","article_publisher":"https:\/\/www.facebook.com\/csjemballages","article_modified_time":"2026-03-12T15:31:57+00:00","og_image":[{"width":800,"height":800,"url":"https:\/\/www.csj-emballages.com\/wp-content\/uploads\/2024\/03\/PELORAF81.webp","type":"image\/webp"}],"twitter_card":"summary_large_image","twitter_misc":{"Gesch\u00e4tzte Lesezeit":"2 Minuten"},"schema":{"@context":"https:\/\/schema.org","@graph":[{"@type":"WebPage","@id":"https:\/\/www.csj-emballages.com\/de\/produit\/raffiaknaeuel-orange-schokolade-200m-x-12-5-mm\/","url":"https:\/\/www.csj-emballages.com\/de\/produit\/raffiaknaeuel-orange-schokolade-200m-x-12-5-mm\/","name":"Raffia Orange \/ Schokolade 200 m x 12,5 mm","isPartOf":{"@id":"https:\/\/www.csj-emballages.com\/de\/#website"},"primaryImageOfPage":{"@id":"https:\/\/www.csj-emballages.com\/de\/produit\/raffiaknaeuel-orange-schokolade-200m-x-12-5-mm\/#primaryimage"},"image":{"@id":"https:\/\/www.csj-emballages.com\/de\/produit\/raffiaknaeuel-orange-schokolade-200m-x-12-5-mm\/#primaryimage"},"thumbnailUrl":"https:\/\/www.csj-emballages.com\/wp-content\/uploads\/2024\/03\/PELORAF81.webp","datePublished":"2024-03-01T15:51:24+00:00","dateModified":"2026-03-12T15:31:57+00:00","description":"Orange\/schokolade Raffiagarn, 200 m x 12,5 mm, zweifarbig und widerstandsf\u00e4hig. Perfekt, um Ihre Verpackungen und Dekorationen stilvoll aufzuwerten.","breadcrumb":{"@id":"https:\/\/www.csj-emballages.com\/de\/produit\/raffiaknaeuel-orange-schokolade-200m-x-12-5-mm\/#breadcrumb"},"inLanguage":"de","potentialAction":[{"@type":"ReadAction","target":["https:\/\/www.csj-emballages.com\/de\/produit\/raffiaknaeuel-orange-schokolade-200m-x-12-5-mm\/"]}]},{"@type":"ImageObject","inLanguage":"de","@id":"https:\/\/www.csj-emballages.com\/de\/produit\/raffiaknaeuel-orange-schokolade-200m-x-12-5-mm\/#primaryimage","url":"https:\/\/www.csj-emballages.com\/wp-content\/uploads\/2024\/03\/PELORAF81.webp","contentUrl":"https:\/\/www.csj-emballages.com\/wp-content\/uploads\/2024\/03\/PELORAF81.webp","width":800,"height":800,"caption":"Pelote raffia"},{"@type":"BreadcrumbList","@id":"https:\/\/www.csj-emballages.com\/de\/produit\/raffiaknaeuel-orange-schokolade-200m-x-12-5-mm\/#breadcrumb","itemListElement":[{"@type":"ListItem","position":1,"name":"Accueil","item":"https:\/\/www.csj-emballages.com\/de\/universum-lebensmittelverpackungen\/"},{"@type":"ListItem","position":2,"name":"Shop","item":"https:\/\/www.csj-emballages.com\/shop\/"},{"@type":"ListItem","position":3,"name":"Raffiakn\u00e4uel orange \/ schokolade 200m x 12.5 mm"}]},{"@type":"WebSite","@id":"https:\/\/www.csj-emballages.com\/de\/#website","url":"https:\/\/www.csj-emballages.com\/de\/","name":"CSJ Emballages","description":"","publisher":{"@id":"https:\/\/www.csj-emballages.com\/de\/#organization"},"potentialAction":[{"@type":"SearchAction","target":{"@type":"EntryPoint","urlTemplate":"https:\/\/www.csj-emballages.com\/de\/?s={search_term_string}"},"query-input":{"@type":"PropertyValueSpecification","valueRequired":true,"valueName":"search_term_string"}}],"inLanguage":"de"},{"@type":"Organization","@id":"https:\/\/www.csj-emballages.com\/de\/#Organization\/","name":"CSJ Emballages","url":"https:\/\/www.csj-emballages.com\/de\/","logo":{"@type":"ImageObject","inLanguage":"de","@id":"https:\/\/www.csj-emballages.com\/de\/#\/schema\/logo\/image\/","url":"https:\/\/www.csj-emballages.com\/wp-content\/uploads\/2023\/10\/logo_csj.webp","contentUrl":"https:\/\/www.csj-emballages.com\/wp-content\/uploads\/2023\/10\/logo_csj.webp","width":250,"height":95,"caption":"CSJ Emballages"},"image":{"@id":"https:\/\/www.csj-emballages.com\/de\/#\/schema\/logo\/image\/"},"sameAs":["https:\/\/www.facebook.com\/csjemballages"],"address":{"@type":"PostalAddress","streetAddress":"ZI La Lechere","addressLocality":"Patornay","postalCode":"39130","addressCountry":"FR"},"contactPoint":[{"@type":"ContactPoint","contactType":"Service client","telephone":"0384254272","email":"contact@csj-emballages.com"}]}]}},"df_price":8.64,"df_sale_price":"","df_regular_price":8.64,"df_image_link":"https:\/\/www.csj-emballages.com\/wp-content\/uploads\/2024\/03\/PELORAF81-300x300.webp","tiered_pricing_type":"fixed","tiered_pricing_fixed_rules":[],"tiered_pricing_percentage_rules":[],"tiered_pricing_minimum":1,"tiered_pricing_roles_data":[],"_links":{"self":[{"href":"https:\/\/www.csj-emballages.com\/de\/wp-json\/wp\/v2\/product\/22359","targetHints":{"allow":["GET"]}}],"collection":[{"href":"https:\/\/www.csj-emballages.com\/de\/wp-json\/wp\/v2\/product"}],"about":[{"href":"https:\/\/www.csj-emballages.com\/de\/wp-json\/wp\/v2\/types\/product"}],"wp:featuredmedia":[{"embeddable":true,"href":"https:\/\/www.csj-emballages.com\/de\/wp-json\/wp\/v2\/media\/259499"}],"wp:attachment":[{"href":"https:\/\/www.csj-emballages.com\/de\/wp-json\/wp\/v2\/media?parent=22359"}],"wp:term":[{"taxonomy":"product_brand","embeddable":true,"href":"https:\/\/www.csj-emballages.com\/de\/wp-json\/wp\/v2\/product_brand?post=22359"},{"taxonomy":"product_cat","embeddable":true,"href":"https:\/\/www.csj-emballages.com\/de\/wp-json\/wp\/v2\/product_cat?post=22359"},{"taxonomy":"product_tag","embeddable":true,"href":"https:\/\/www.csj-emballages.com\/de\/wp-json\/wp\/v2\/product_tag?post=22359"}],"curies":[{"name":"wp","href":"https:\/\/api.w.org\/{rel}","templated":true}]}}